{"id":276,"date":"2021-10-18T19:33:21","date_gmt":"2021-10-18T17:33:21","guid":{"rendered":"https:\/\/www.onetimenexttime.sk\/arduino\/?post_type=product&#038;p=276"},"modified":"2021-10-18T20:11:41","modified_gmt":"2021-10-18T18:11:41","slug":"sim900-module-gsm-gprs-900-1800-mhz-short-message-service-sms-module-neoway-m590-remote-sensing-alarm-diy-kit","status":"publish","type":"product","link":"https:\/\/www.onetimenexttime.sk\/arduino\/index.php\/produkt\/sim900-module-gsm-gprs-900-1800-mhz-short-message-service-sms-module-neoway-m590-remote-sensing-alarm-diy-kit\/","title":{"rendered":"SIM900 module GSM GPRS 900 1800 MHz Short Message Service SMS module neoway m590 remote sensing alarm  DIY KIT"},"content":{"rendered":"<p><strong>DIY KIT<\/strong><\/p>\n<p>SIM900 modul GSM GPRS 900 1800 MHz Slu\u017eba kr\u00e1tkych spr\u00e1v SMS modul neoway m590 alarm dia\u013ekov\u00e9ho sn\u00edmania<\/p>\n<p>Nap\u00e4tie: 5V<\/p>\n<p>Frekvencia: 900 1800 MHz<\/p>\n<p>Pohotovostn\u00fd pr\u00fad: &lt;10 mA<\/p>\n<p>Pracovn\u00fd pr\u00fad: &lt;80 mA<\/p>\n<p>Baud: 9600 alebo sa zmen\u00ed odoslan\u00edm AT+IPR = xxxx<\/p>\n<p>Rozhranie: TTL<\/p>\n<p>Pr\u00edkazy: Be\u017en\u00e9 AT pr\u00edkazy<\/p>\n<p>Konektor: 5V GND TxD RxD<\/p>\n<p>Ant\u00e9na: Na dosku sp\u00e1jkujte meden\u00fd dr\u00f4t alebo pou\u017eite z\u00e1suvku IPEX<\/p>\n<p>Teploty: -30 \u00b0 C a\u017e 80 \u00b0 C<\/p>\n<p>Funkcie: Odosielanie\/prij\u00edmanie spr\u00e1v SMS a \u00fadajov GPRS.<\/p>\n<p>Vynikaj\u00faci pre dia\u013ekov\u00e9 sn\u00edmanie, experimenty, alarmy a automatick\u00e9 zhroma\u017e\u010fovanie \u00fadajov.<\/p>\n<p>Riadiaci port je be\u017en\u00fd s\u00e9riov\u00fd port. M\u00f4\u017eete ho pripoji\u0165 priamo k mikrokontrol\u00e9ru, ak\u00fdm je napr\u00edklad Arduin. Alebo m\u00f4\u017eete pou\u017ei\u0165 adapt\u00e9r USB na s\u00e9riov\u00fd port a odosiela\u0165 pr\u00edkazy priamo z po\u010d\u00edta\u010da.<\/p>\n<p>Ak potrebujete aj adapt\u00e9r USB na s\u00e9riov\u00fd, kontaktujte n\u00e1s.<\/p>\n<p>Poskytne sa kompletn\u00fd n\u00e1vod na pou\u017e\u00edvanie AT pr\u00edkazov.<\/p>\n","protected":false},"excerpt":{"rendered":"<p>DIY KIT SIM900 modul GSM GPRS 900 1800 MHz Slu\u017eba kr\u00e1tkych spr\u00e1v SMS modul neoway m590 alarm dia\u013ekov\u00e9ho sn\u00edmania Nap\u00e4tie:&hellip;<\/p>\n","protected":false},"featured_media":278,"template":"","meta":{"_monsterinsights_skip_tracking":false,"_monsterinsights_sitenote_active":false,"_monsterinsights_sitenote_note":"","_monsterinsights_sitenote_category":0},"product_cat":[16,24],"product_tag":[],"class_list":{"0":"post-276","1":"product","2":"type-product","3":"status-publish","4":"has-post-thumbnail","6":"product_cat-ard","7":"product_cat-gps","9":"first","10":"instock","11":"shipping-taxable","12":"purchasable","13":"product-type-simple"},"yoast_head":"<!-- This site is optimized with the Yoast SEO plugin v23.6 - https:\/\/yoast.com\/wordpress\/plugins\/seo\/ -->\n<title>SIM900 module GSM GPRS 900 1800 MHz Short Message Service SMS module neoway m590 remote sensing alarm DIY KIT - Arduino e-shop<\/title>\n<meta name=\"robots\" content=\"index, follow, max-snippet:-1, max-image-preview:large, max-video-preview:-1\" \/>\n<link rel=\"canonical\" href=\"https:\/\/www.onetimenexttime.sk\/arduino\/index.php\/produkt\/sim900-module-gsm-gprs-900-1800-mhz-short-message-service-sms-module-neoway-m590-remote-sensing-alarm-diy-kit\/\" \/>\n<meta property=\"og:locale\" content=\"sk_SK\" \/>\n<meta property=\"og:type\" content=\"article\" \/>\n<meta property=\"og:title\" content=\"SIM900 module GSM GPRS 900 1800 MHz Short Message Service SMS module neoway m590 remote sensing alarm DIY KIT - Arduino e-shop\" \/>\n<meta property=\"og:description\" content=\"DIY KIT SIM900 modul GSM GPRS 900 1800 MHz Slu\u017eba kr\u00e1tkych spr\u00e1v SMS modul neoway m590 alarm dia\u013ekov\u00e9ho sn\u00edmania Nap\u00e4tie:&hellip;\" \/>\n<meta property=\"og:url\" content=\"https:\/\/www.onetimenexttime.sk\/arduino\/index.php\/produkt\/sim900-module-gsm-gprs-900-1800-mhz-short-message-service-sms-module-neoway-m590-remote-sensing-alarm-diy-kit\/\" \/>\n<meta property=\"og:site_name\" content=\"Arduino e-shop\" \/>\n<meta property=\"article:modified_time\" content=\"2021-10-18T18:11:41+00:00\" \/>\n<meta property=\"og:image\" content=\"https:\/\/www.onetimenexttime.sk\/arduino\/wp-content\/uploads\/2021\/10\/509.jpg\" \/>\n\t<meta property=\"og:image:width\" content=\"496\" \/>\n\t<meta property=\"og:image:height\" content=\"496\" \/>\n\t<meta property=\"og:image:type\" content=\"image\/jpeg\" \/>\n<meta name=\"twitter:card\" content=\"summary_large_image\" \/>\n<meta name=\"twitter:label1\" content=\"Predpokladan\u00fd \u010das \u010d\u00edtania\" \/>\n\t<meta name=\"twitter:data1\" content=\"2 min\u00faty\" \/>\n<script type=\"application\/ld+json\" class=\"yoast-schema-graph\">{\"@context\":\"https:\/\/schema.org\",\"@graph\":[{\"@type\":\"WebPage\",\"@id\":\"https:\/\/www.onetimenexttime.sk\/arduino\/index.php\/produkt\/sim900-module-gsm-gprs-900-1800-mhz-short-message-service-sms-module-neoway-m590-remote-sensing-alarm-diy-kit\/\",\"url\":\"https:\/\/www.onetimenexttime.sk\/arduino\/index.php\/produkt\/sim900-module-gsm-gprs-900-1800-mhz-short-message-service-sms-module-neoway-m590-remote-sensing-alarm-diy-kit\/\",\"name\":\"SIM900 module GSM GPRS 900 1800 MHz Short Message Service SMS module neoway m590 remote sensing alarm DIY KIT - Arduino e-shop\",\"isPartOf\":{\"@id\":\"https:\/\/www.onetimenexttime.sk\/arduino\/#website\"},\"primaryImageOfPage\":{\"@id\":\"https:\/\/www.onetimenexttime.sk\/arduino\/index.php\/produkt\/sim900-module-gsm-gprs-900-1800-mhz-short-message-service-sms-module-neoway-m590-remote-sensing-alarm-diy-kit\/#primaryimage\"},\"image\":{\"@id\":\"https:\/\/www.onetimenexttime.sk\/arduino\/index.php\/produkt\/sim900-module-gsm-gprs-900-1800-mhz-short-message-service-sms-module-neoway-m590-remote-sensing-alarm-diy-kit\/#primaryimage\"},\"thumbnailUrl\":\"https:\/\/www.onetimenexttime.sk\/arduino\/wp-content\/uploads\/2021\/10\/509.jpg\",\"datePublished\":\"2021-10-18T17:33:21+00:00\",\"dateModified\":\"2021-10-18T18:11:41+00:00\",\"breadcrumb\":{\"@id\":\"https:\/\/www.onetimenexttime.sk\/arduino\/index.php\/produkt\/sim900-module-gsm-gprs-900-1800-mhz-short-message-service-sms-module-neoway-m590-remote-sensing-alarm-diy-kit\/#breadcrumb\"},\"inLanguage\":\"sk-SK\",\"potentialAction\":[{\"@type\":\"ReadAction\",\"target\":[\"https:\/\/www.onetimenexttime.sk\/arduino\/index.php\/produkt\/sim900-module-gsm-gprs-900-1800-mhz-short-message-service-sms-module-neoway-m590-remote-sensing-alarm-diy-kit\/\"]}]},{\"@type\":\"ImageObject\",\"inLanguage\":\"sk-SK\",\"@id\":\"https:\/\/www.onetimenexttime.sk\/arduino\/index.php\/produkt\/sim900-module-gsm-gprs-900-1800-mhz-short-message-service-sms-module-neoway-m590-remote-sensing-alarm-diy-kit\/#primaryimage\",\"url\":\"https:\/\/www.onetimenexttime.sk\/arduino\/wp-content\/uploads\/2021\/10\/509.jpg\",\"contentUrl\":\"https:\/\/www.onetimenexttime.sk\/arduino\/wp-content\/uploads\/2021\/10\/509.jpg\",\"width\":496,\"height\":496},{\"@type\":\"BreadcrumbList\",\"@id\":\"https:\/\/www.onetimenexttime.sk\/arduino\/index.php\/produkt\/sim900-module-gsm-gprs-900-1800-mhz-short-message-service-sms-module-neoway-m590-remote-sensing-alarm-diy-kit\/#breadcrumb\",\"itemListElement\":[{\"@type\":\"ListItem\",\"position\":1,\"name\":\"Domov\",\"item\":\"https:\/\/www.onetimenexttime.sk\/arduino\/\"},{\"@type\":\"ListItem\",\"position\":2,\"name\":\"Obchod\",\"item\":\"https:\/\/www.onetimenexttime.sk\/arduino\/\"},{\"@type\":\"ListItem\",\"position\":3,\"name\":\"SIM900 module GSM GPRS 900 1800 MHz Short Message Service SMS module neoway m590 remote sensing alarm DIY KIT\"}]},{\"@type\":\"WebSite\",\"@id\":\"https:\/\/www.onetimenexttime.sk\/arduino\/#website\",\"url\":\"https:\/\/www.onetimenexttime.sk\/arduino\/\",\"name\":\"Arduino e-shop\",\"description\":\"Home Assistant\",\"potentialAction\":[{\"@type\":\"SearchAction\",\"target\":{\"@type\":\"EntryPoint\",\"urlTemplate\":\"https:\/\/www.onetimenexttime.sk\/arduino\/?s={search_term_string}\"},\"query-input\":{\"@type\":\"PropertyValueSpecification\",\"valueRequired\":true,\"valueName\":\"search_term_string\"}}],\"inLanguage\":\"sk-SK\"}]}<\/script>\n<!-- \/ Yoast SEO plugin. -->","yoast_head_json":{"title":"SIM900 module GSM GPRS 900 1800 MHz Short Message Service SMS module neoway m590 remote sensing alarm DIY KIT - Arduino e-shop","robots":{"index":"index","follow":"follow","max-snippet":"max-snippet:-1","max-image-preview":"max-image-preview:large","max-video-preview":"max-video-preview:-1"},"canonical":"https:\/\/www.onetimenexttime.sk\/arduino\/index.php\/produkt\/sim900-module-gsm-gprs-900-1800-mhz-short-message-service-sms-module-neoway-m590-remote-sensing-alarm-diy-kit\/","og_locale":"sk_SK","og_type":"article","og_title":"SIM900 module GSM GPRS 900 1800 MHz Short Message Service SMS module neoway m590 remote sensing alarm DIY KIT - Arduino e-shop","og_description":"DIY KIT SIM900 modul GSM GPRS 900 1800 MHz Slu\u017eba kr\u00e1tkych spr\u00e1v SMS modul neoway m590 alarm dia\u013ekov\u00e9ho sn\u00edmania Nap\u00e4tie:&hellip;","og_url":"https:\/\/www.onetimenexttime.sk\/arduino\/index.php\/produkt\/sim900-module-gsm-gprs-900-1800-mhz-short-message-service-sms-module-neoway-m590-remote-sensing-alarm-diy-kit\/","og_site_name":"Arduino e-shop","article_modified_time":"2021-10-18T18:11:41+00:00","og_image":[{"width":496,"height":496,"url":"https:\/\/www.onetimenexttime.sk\/arduino\/wp-content\/uploads\/2021\/10\/509.jpg","type":"image\/jpeg"}],"twitter_card":"summary_large_image","twitter_misc":{"Predpokladan\u00fd \u010das \u010d\u00edtania":"2 min\u00faty"},"schema":{"@context":"https:\/\/schema.org","@graph":[{"@type":"WebPage","@id":"https:\/\/www.onetimenexttime.sk\/arduino\/index.php\/produkt\/sim900-module-gsm-gprs-900-1800-mhz-short-message-service-sms-module-neoway-m590-remote-sensing-alarm-diy-kit\/","url":"https:\/\/www.onetimenexttime.sk\/arduino\/index.php\/produkt\/sim900-module-gsm-gprs-900-1800-mhz-short-message-service-sms-module-neoway-m590-remote-sensing-alarm-diy-kit\/","name":"SIM900 module GSM GPRS 900 1800 MHz Short Message Service SMS module neoway m590 remote sensing alarm DIY KIT - Arduino e-shop","isPartOf":{"@id":"https:\/\/www.onetimenexttime.sk\/arduino\/#website"},"primaryImageOfPage":{"@id":"https:\/\/www.onetimenexttime.sk\/arduino\/index.php\/produkt\/sim900-module-gsm-gprs-900-1800-mhz-short-message-service-sms-module-neoway-m590-remote-sensing-alarm-diy-kit\/#primaryimage"},"image":{"@id":"https:\/\/www.onetimenexttime.sk\/arduino\/index.php\/produkt\/sim900-module-gsm-gprs-900-1800-mhz-short-message-service-sms-module-neoway-m590-remote-sensing-alarm-diy-kit\/#primaryimage"},"thumbnailUrl":"https:\/\/www.onetimenexttime.sk\/arduino\/wp-content\/uploads\/2021\/10\/509.jpg","datePublished":"2021-10-18T17:33:21+00:00","dateModified":"2021-10-18T18:11:41+00:00","breadcrumb":{"@id":"https:\/\/www.onetimenexttime.sk\/arduino\/index.php\/produkt\/sim900-module-gsm-gprs-900-1800-mhz-short-message-service-sms-module-neoway-m590-remote-sensing-alarm-diy-kit\/#breadcrumb"},"inLanguage":"sk-SK","potentialAction":[{"@type":"ReadAction","target":["https:\/\/www.onetimenexttime.sk\/arduino\/index.php\/produkt\/sim900-module-gsm-gprs-900-1800-mhz-short-message-service-sms-module-neoway-m590-remote-sensing-alarm-diy-kit\/"]}]},{"@type":"ImageObject","inLanguage":"sk-SK","@id":"https:\/\/www.onetimenexttime.sk\/arduino\/index.php\/produkt\/sim900-module-gsm-gprs-900-1800-mhz-short-message-service-sms-module-neoway-m590-remote-sensing-alarm-diy-kit\/#primaryimage","url":"https:\/\/www.onetimenexttime.sk\/arduino\/wp-content\/uploads\/2021\/10\/509.jpg","contentUrl":"https:\/\/www.onetimenexttime.sk\/arduino\/wp-content\/uploads\/2021\/10\/509.jpg","width":496,"height":496},{"@type":"BreadcrumbList","@id":"https:\/\/www.onetimenexttime.sk\/arduino\/index.php\/produkt\/sim900-module-gsm-gprs-900-1800-mhz-short-message-service-sms-module-neoway-m590-remote-sensing-alarm-diy-kit\/#breadcrumb","itemListElement":[{"@type":"ListItem","position":1,"name":"Domov","item":"https:\/\/www.onetimenexttime.sk\/arduino\/"},{"@type":"ListItem","position":2,"name":"Obchod","item":"https:\/\/www.onetimenexttime.sk\/arduino\/"},{"@type":"ListItem","position":3,"name":"SIM900 module GSM GPRS 900 1800 MHz Short Message Service SMS module neoway m590 remote sensing alarm DIY KIT"}]},{"@type":"WebSite","@id":"https:\/\/www.onetimenexttime.sk\/arduino\/#website","url":"https:\/\/www.onetimenexttime.sk\/arduino\/","name":"Arduino e-shop","description":"Home Assistant","potentialAction":[{"@type":"SearchAction","target":{"@type":"EntryPoint","urlTemplate":"https:\/\/www.onetimenexttime.sk\/arduino\/?s={search_term_string}"},"query-input":{"@type":"PropertyValueSpecification","valueRequired":true,"valueName":"search_term_string"}}],"inLanguage":"sk-SK"}]}},"_links":{"self":[{"href":"https:\/\/www.onetimenexttime.sk\/arduino\/index.php\/wp-json\/wp\/v2\/product\/276"}],"collection":[{"href":"https:\/\/www.onetimenexttime.sk\/arduino\/index.php\/wp-json\/wp\/v2\/product"}],"about":[{"href":"https:\/\/www.onetimenexttime.sk\/arduino\/index.php\/wp-json\/wp\/v2\/types\/product"}],"wp:featuredmedia":[{"embeddable":true,"href":"https:\/\/www.onetimenexttime.sk\/arduino\/index.php\/wp-json\/wp\/v2\/media\/278"}],"wp:attachment":[{"href":"https:\/\/www.onetimenexttime.sk\/arduino\/index.php\/wp-json\/wp\/v2\/media?parent=276"}],"wp:term":[{"taxonomy":"product_cat","embeddable":true,"href":"https:\/\/www.onetimenexttime.sk\/arduino\/index.php\/wp-json\/wp\/v2\/product_cat?post=276"},{"taxonomy":"product_tag","embeddable":true,"href":"https:\/\/www.onetimenexttime.sk\/arduino\/index.php\/wp-json\/wp\/v2\/product_tag?post=276"}],"curies":[{"name":"wp","href":"https:\/\/api.w.org\/{rel}","templated":true}]}}