{"id":274,"date":"2021-10-18T19:31:13","date_gmt":"2021-10-18T17:31:13","guid":{"rendered":"https:\/\/www.onetimenexttime.sk\/arduino\/?post_type=product&#038;p=274"},"modified":"2021-10-18T20:05:08","modified_gmt":"2021-10-18T18:05:08","slug":"gsm-gprs-m590-gsm-module-short-message-service-sms-module-for-project-for-arduino-remote-sensing-alarm","status":"publish","type":"product","link":"https:\/\/www.onetimenexttime.sk\/arduino\/index.php\/produkt\/gsm-gprs-m590-gsm-module-short-message-service-sms-module-for-project-for-arduino-remote-sensing-alarm\/","title":{"rendered":"GSM GPRS M590 gsm module Short Message Service SMS module for project for Arduino remote sensing alarm"},"content":{"rendered":"<p>Modul GSM GPRS M590 gsm Slu\u017eba kr\u00e1tkych spr\u00e1v SMS modul pre projekt alarmu dia\u013ekov\u00e9ho sn\u00edmania Arduino<\/p>\n<p>Jednotn\u00e1 adresa na stiahnutie \u00fadajov: http:\/\/pan.baidu.com\/s\/1dD1kiVB<br \/>\n&#8212;&#8212;&#8212;&#8212;&#8212;&#8212;&#8212;&#8212;&#8212;&#8212;&#8212;&#8212;&#8212;&#8212;&#8212;&#8212;&#8212;&#8212;&#8212;- &#8212;&#8212;&#8212;&#8212;&#8212;&#8212;&#8212;&#8212;&#8212;&#8212;&#8212;&#8212;&#8212;&#8212;&#8212;&#8212;&#8212;&#8212;&#8212;- &#8211;<br \/>\nAk je potrebn\u00fd modul USB na s\u00e9riov\u00fd port, kliknite na nasleduj\u00face pripojenie:<br \/>\nhttp:\/\/item.taobao.com\/item.htm?id=37331364206<br \/>\n&#8212;&#8212;&#8212;&#8212;&#8212;&#8212;&#8212;&#8212;&#8212;&#8212;&#8212;&#8212;&#8212;&#8212;&#8212;&#8212;&#8212;&#8212;&#8212;- &#8212;&#8212;&#8212;&#8212;&#8212;&#8212;&#8212;&#8212;&#8212;&#8212;&#8212;&#8212;&#8212;&#8212;&#8212;&#8212;&#8212;&#8212;&#8212;- &#8211;<br \/>\nTento modul pou\u017eite na predv\u00e1dzanie videa s ovl\u00e1dan\u00edm LED pomocou LED di\u00f3dy Youku<br \/>\nhttp:\/\/v.youku.com\/v_show\/id_XNjc1MTIwMjc2.html<br \/>\n&#8212;&#8212;&#8212;&#8212;&#8212;&#8212;&#8212;&#8212;&#8212;&#8212;&#8212;&#8212;&#8212;&#8212;&#8212;&#8212;&#8212;&#8212;&#8212;- &#8212;&#8212;&#8212;&#8212;&#8212;&#8212;&#8212;&#8212;&#8212;&#8212;&#8212;&#8212;&#8212;&#8212;&#8212;&#8212;&#8212;&#8212;&#8212;- &#8211;<br \/>\nFunkcie modulu:<br \/>\n1. S\u00e9riov\u00fd port po\u010d\u00edta\u010da riadi odosielanie a prij\u00edmanie spr\u00e1v SMS a odosielanie a prij\u00edmanie \u00fadajov GPRS<br \/>\n2. MCU riadi odosielanie a prij\u00edmanie spr\u00e1v SMS a odosielanie a prij\u00edmanie \u00fadajov GPRS<br \/>\n3. Prich\u00e1dzaj\u00face a odch\u00e1dzaj\u00face hovory (\u017eiadne hovory bez hlasov\u00fdch pr\u00edkazov)<br \/>\n4. V\u00fdstup zvonenia (v\u00fdstup RING, ktor\u00fd bol \u00faspe\u0161ne pou\u017eit\u00fd klientom v projekte vzdialen\u00e9ho spustenia po\u010d\u00edta\u010da)<\/p>\n","protected":false},"excerpt":{"rendered":"<p>Modul GSM GPRS M590 gsm Slu\u017eba kr\u00e1tkych spr\u00e1v SMS modul pre projekt alarmu dia\u013ekov\u00e9ho sn\u00edmania Arduino Jednotn\u00e1 adresa na stiahnutie&hellip;<\/p>\n","protected":false},"featured_media":275,"template":"","meta":{"_monsterinsights_skip_tracking":false,"_monsterinsights_sitenote_active":false,"_monsterinsights_sitenote_note":"","_monsterinsights_sitenote_category":0},"product_cat":[16,24],"product_tag":[],"class_list":{"0":"post-274","1":"product","2":"type-product","3":"status-publish","4":"has-post-thumbnail","6":"product_cat-ard","7":"product_cat-gps","9":"first","10":"instock","11":"sale","12":"shipping-taxable","13":"purchasable","14":"product-type-simple"},"yoast_head":"<!-- This site is optimized with the Yoast SEO plugin v23.6 - https:\/\/yoast.com\/wordpress\/plugins\/seo\/ -->\n<title>GSM GPRS M590 gsm module Short Message Service SMS module for project for Arduino remote sensing alarm - Arduino e-shop<\/title>\n<meta name=\"robots\" content=\"index, follow, max-snippet:-1, max-image-preview:large, max-video-preview:-1\" \/>\n<link rel=\"canonical\" href=\"https:\/\/www.onetimenexttime.sk\/arduino\/index.php\/produkt\/gsm-gprs-m590-gsm-module-short-message-service-sms-module-for-project-for-arduino-remote-sensing-alarm\/\" \/>\n<meta property=\"og:locale\" content=\"sk_SK\" \/>\n<meta property=\"og:type\" content=\"article\" \/>\n<meta property=\"og:title\" content=\"GSM GPRS M590 gsm module Short Message Service SMS module for project for Arduino remote sensing alarm - Arduino e-shop\" \/>\n<meta property=\"og:description\" content=\"Modul GSM GPRS M590 gsm Slu\u017eba kr\u00e1tkych spr\u00e1v SMS modul pre projekt alarmu dia\u013ekov\u00e9ho sn\u00edmania Arduino Jednotn\u00e1 adresa na stiahnutie&hellip;\" \/>\n<meta property=\"og:url\" content=\"https:\/\/www.onetimenexttime.sk\/arduino\/index.php\/produkt\/gsm-gprs-m590-gsm-module-short-message-service-sms-module-for-project-for-arduino-remote-sensing-alarm\/\" \/>\n<meta property=\"og:site_name\" content=\"Arduino e-shop\" \/>\n<meta property=\"article:modified_time\" content=\"2021-10-18T18:05:08+00:00\" \/>\n<meta property=\"og:image\" content=\"https:\/\/www.onetimenexttime.sk\/arduino\/wp-content\/uploads\/2021\/10\/510.jpg\" \/>\n\t<meta property=\"og:image:width\" content=\"496\" \/>\n\t<meta property=\"og:image:height\" content=\"496\" \/>\n\t<meta property=\"og:image:type\" content=\"image\/jpeg\" \/>\n<meta name=\"twitter:card\" content=\"summary_large_image\" \/>\n<meta name=\"twitter:label1\" content=\"Predpokladan\u00fd \u010das \u010d\u00edtania\" \/>\n\t<meta name=\"twitter:data1\" content=\"1 min\u00fata\" \/>\n<script type=\"application\/ld+json\" class=\"yoast-schema-graph\">{\"@context\":\"https:\/\/schema.org\",\"@graph\":[{\"@type\":\"WebPage\",\"@id\":\"https:\/\/www.onetimenexttime.sk\/arduino\/index.php\/produkt\/gsm-gprs-m590-gsm-module-short-message-service-sms-module-for-project-for-arduino-remote-sensing-alarm\/\",\"url\":\"https:\/\/www.onetimenexttime.sk\/arduino\/index.php\/produkt\/gsm-gprs-m590-gsm-module-short-message-service-sms-module-for-project-for-arduino-remote-sensing-alarm\/\",\"name\":\"GSM GPRS M590 gsm module Short Message Service SMS module for project for Arduino remote sensing alarm - Arduino e-shop\",\"isPartOf\":{\"@id\":\"https:\/\/www.onetimenexttime.sk\/arduino\/#website\"},\"primaryImageOfPage\":{\"@id\":\"https:\/\/www.onetimenexttime.sk\/arduino\/index.php\/produkt\/gsm-gprs-m590-gsm-module-short-message-service-sms-module-for-project-for-arduino-remote-sensing-alarm\/#primaryimage\"},\"image\":{\"@id\":\"https:\/\/www.onetimenexttime.sk\/arduino\/index.php\/produkt\/gsm-gprs-m590-gsm-module-short-message-service-sms-module-for-project-for-arduino-remote-sensing-alarm\/#primaryimage\"},\"thumbnailUrl\":\"https:\/\/www.onetimenexttime.sk\/arduino\/wp-content\/uploads\/2021\/10\/510.jpg\",\"datePublished\":\"2021-10-18T17:31:13+00:00\",\"dateModified\":\"2021-10-18T18:05:08+00:00\",\"breadcrumb\":{\"@id\":\"https:\/\/www.onetimenexttime.sk\/arduino\/index.php\/produkt\/gsm-gprs-m590-gsm-module-short-message-service-sms-module-for-project-for-arduino-remote-sensing-alarm\/#breadcrumb\"},\"inLanguage\":\"sk-SK\",\"potentialAction\":[{\"@type\":\"ReadAction\",\"target\":[\"https:\/\/www.onetimenexttime.sk\/arduino\/index.php\/produkt\/gsm-gprs-m590-gsm-module-short-message-service-sms-module-for-project-for-arduino-remote-sensing-alarm\/\"]}]},{\"@type\":\"ImageObject\",\"inLanguage\":\"sk-SK\",\"@id\":\"https:\/\/www.onetimenexttime.sk\/arduino\/index.php\/produkt\/gsm-gprs-m590-gsm-module-short-message-service-sms-module-for-project-for-arduino-remote-sensing-alarm\/#primaryimage\",\"url\":\"https:\/\/www.onetimenexttime.sk\/arduino\/wp-content\/uploads\/2021\/10\/510.jpg\",\"contentUrl\":\"https:\/\/www.onetimenexttime.sk\/arduino\/wp-content\/uploads\/2021\/10\/510.jpg\",\"width\":496,\"height\":496},{\"@type\":\"BreadcrumbList\",\"@id\":\"https:\/\/www.onetimenexttime.sk\/arduino\/index.php\/produkt\/gsm-gprs-m590-gsm-module-short-message-service-sms-module-for-project-for-arduino-remote-sensing-alarm\/#breadcrumb\",\"itemListElement\":[{\"@type\":\"ListItem\",\"position\":1,\"name\":\"Domov\",\"item\":\"https:\/\/www.onetimenexttime.sk\/arduino\/\"},{\"@type\":\"ListItem\",\"position\":2,\"name\":\"Obchod\",\"item\":\"https:\/\/www.onetimenexttime.sk\/arduino\/\"},{\"@type\":\"ListItem\",\"position\":3,\"name\":\"GSM GPRS M590 gsm module Short Message Service SMS module for project for Arduino remote sensing alarm\"}]},{\"@type\":\"WebSite\",\"@id\":\"https:\/\/www.onetimenexttime.sk\/arduino\/#website\",\"url\":\"https:\/\/www.onetimenexttime.sk\/arduino\/\",\"name\":\"Arduino e-shop\",\"description\":\"Home Assistant\",\"potentialAction\":[{\"@type\":\"SearchAction\",\"target\":{\"@type\":\"EntryPoint\",\"urlTemplate\":\"https:\/\/www.onetimenexttime.sk\/arduino\/?s={search_term_string}\"},\"query-input\":{\"@type\":\"PropertyValueSpecification\",\"valueRequired\":true,\"valueName\":\"search_term_string\"}}],\"inLanguage\":\"sk-SK\"}]}<\/script>\n<!-- \/ Yoast SEO plugin. -->","yoast_head_json":{"title":"GSM GPRS M590 gsm module Short Message Service SMS module for project for Arduino remote sensing alarm - Arduino e-shop","robots":{"index":"index","follow":"follow","max-snippet":"max-snippet:-1","max-image-preview":"max-image-preview:large","max-video-preview":"max-video-preview:-1"},"canonical":"https:\/\/www.onetimenexttime.sk\/arduino\/index.php\/produkt\/gsm-gprs-m590-gsm-module-short-message-service-sms-module-for-project-for-arduino-remote-sensing-alarm\/","og_locale":"sk_SK","og_type":"article","og_title":"GSM GPRS M590 gsm module Short Message Service SMS module for project for Arduino remote sensing alarm - Arduino e-shop","og_description":"Modul GSM GPRS M590 gsm Slu\u017eba kr\u00e1tkych spr\u00e1v SMS modul pre projekt alarmu dia\u013ekov\u00e9ho sn\u00edmania Arduino Jednotn\u00e1 adresa na stiahnutie&hellip;","og_url":"https:\/\/www.onetimenexttime.sk\/arduino\/index.php\/produkt\/gsm-gprs-m590-gsm-module-short-message-service-sms-module-for-project-for-arduino-remote-sensing-alarm\/","og_site_name":"Arduino e-shop","article_modified_time":"2021-10-18T18:05:08+00:00","og_image":[{"width":496,"height":496,"url":"https:\/\/www.onetimenexttime.sk\/arduino\/wp-content\/uploads\/2021\/10\/510.jpg","type":"image\/jpeg"}],"twitter_card":"summary_large_image","twitter_misc":{"Predpokladan\u00fd \u010das \u010d\u00edtania":"1 min\u00fata"},"schema":{"@context":"https:\/\/schema.org","@graph":[{"@type":"WebPage","@id":"https:\/\/www.onetimenexttime.sk\/arduino\/index.php\/produkt\/gsm-gprs-m590-gsm-module-short-message-service-sms-module-for-project-for-arduino-remote-sensing-alarm\/","url":"https:\/\/www.onetimenexttime.sk\/arduino\/index.php\/produkt\/gsm-gprs-m590-gsm-module-short-message-service-sms-module-for-project-for-arduino-remote-sensing-alarm\/","name":"GSM GPRS M590 gsm module Short Message Service SMS module for project for Arduino remote sensing alarm - Arduino e-shop","isPartOf":{"@id":"https:\/\/www.onetimenexttime.sk\/arduino\/#website"},"primaryImageOfPage":{"@id":"https:\/\/www.onetimenexttime.sk\/arduino\/index.php\/produkt\/gsm-gprs-m590-gsm-module-short-message-service-sms-module-for-project-for-arduino-remote-sensing-alarm\/#primaryimage"},"image":{"@id":"https:\/\/www.onetimenexttime.sk\/arduino\/index.php\/produkt\/gsm-gprs-m590-gsm-module-short-message-service-sms-module-for-project-for-arduino-remote-sensing-alarm\/#primaryimage"},"thumbnailUrl":"https:\/\/www.onetimenexttime.sk\/arduino\/wp-content\/uploads\/2021\/10\/510.jpg","datePublished":"2021-10-18T17:31:13+00:00","dateModified":"2021-10-18T18:05:08+00:00","breadcrumb":{"@id":"https:\/\/www.onetimenexttime.sk\/arduino\/index.php\/produkt\/gsm-gprs-m590-gsm-module-short-message-service-sms-module-for-project-for-arduino-remote-sensing-alarm\/#breadcrumb"},"inLanguage":"sk-SK","potentialAction":[{"@type":"ReadAction","target":["https:\/\/www.onetimenexttime.sk\/arduino\/index.php\/produkt\/gsm-gprs-m590-gsm-module-short-message-service-sms-module-for-project-for-arduino-remote-sensing-alarm\/"]}]},{"@type":"ImageObject","inLanguage":"sk-SK","@id":"https:\/\/www.onetimenexttime.sk\/arduino\/index.php\/produkt\/gsm-gprs-m590-gsm-module-short-message-service-sms-module-for-project-for-arduino-remote-sensing-alarm\/#primaryimage","url":"https:\/\/www.onetimenexttime.sk\/arduino\/wp-content\/uploads\/2021\/10\/510.jpg","contentUrl":"https:\/\/www.onetimenexttime.sk\/arduino\/wp-content\/uploads\/2021\/10\/510.jpg","width":496,"height":496},{"@type":"BreadcrumbList","@id":"https:\/\/www.onetimenexttime.sk\/arduino\/index.php\/produkt\/gsm-gprs-m590-gsm-module-short-message-service-sms-module-for-project-for-arduino-remote-sensing-alarm\/#breadcrumb","itemListElement":[{"@type":"ListItem","position":1,"name":"Domov","item":"https:\/\/www.onetimenexttime.sk\/arduino\/"},{"@type":"ListItem","position":2,"name":"Obchod","item":"https:\/\/www.onetimenexttime.sk\/arduino\/"},{"@type":"ListItem","position":3,"name":"GSM GPRS M590 gsm module Short Message Service SMS module for project for Arduino remote sensing alarm"}]},{"@type":"WebSite","@id":"https:\/\/www.onetimenexttime.sk\/arduino\/#website","url":"https:\/\/www.onetimenexttime.sk\/arduino\/","name":"Arduino e-shop","description":"Home Assistant","potentialAction":[{"@type":"SearchAction","target":{"@type":"EntryPoint","urlTemplate":"https:\/\/www.onetimenexttime.sk\/arduino\/?s={search_term_string}"},"query-input":{"@type":"PropertyValueSpecification","valueRequired":true,"valueName":"search_term_string"}}],"inLanguage":"sk-SK"}]}},"_links":{"self":[{"href":"https:\/\/www.onetimenexttime.sk\/arduino\/index.php\/wp-json\/wp\/v2\/product\/274"}],"collection":[{"href":"https:\/\/www.onetimenexttime.sk\/arduino\/index.php\/wp-json\/wp\/v2\/product"}],"about":[{"href":"https:\/\/www.onetimenexttime.sk\/arduino\/index.php\/wp-json\/wp\/v2\/types\/product"}],"wp:featuredmedia":[{"embeddable":true,"href":"https:\/\/www.onetimenexttime.sk\/arduino\/index.php\/wp-json\/wp\/v2\/media\/275"}],"wp:attachment":[{"href":"https:\/\/www.onetimenexttime.sk\/arduino\/index.php\/wp-json\/wp\/v2\/media?parent=274"}],"wp:term":[{"taxonomy":"product_cat","embeddable":true,"href":"https:\/\/www.onetimenexttime.sk\/arduino\/index.php\/wp-json\/wp\/v2\/product_cat?post=274"},{"taxonomy":"product_tag","embeddable":true,"href":"https:\/\/www.onetimenexttime.sk\/arduino\/index.php\/wp-json\/wp\/v2\/product_tag?post=274"}],"curies":[{"name":"wp","href":"https:\/\/api.w.org\/{rel}","templated":true}]}}