{"id":270,"date":"2021-10-18T16:46:12","date_gmt":"2021-10-18T14:46:12","guid":{"rendered":"https:\/\/www.onetimenexttime.sk\/arduino\/?post_type=product&#038;p=270"},"modified":"2021-10-18T16:50:30","modified_gmt":"2021-10-18T14:50:30","slug":"water-tank-water-level-automatic-control-liquid-level-automatic-controller-electronic-training-kit","status":"publish","type":"product","link":"https:\/\/www.onetimenexttime.sk\/arduino\/index.php\/produkt\/water-tank-water-level-automatic-control-liquid-level-automatic-controller-electronic-training-kit\/","title":{"rendered":"Water Tank Water Level Automatic Control Liquid Level Automatic Controller Electronic Training Kit"},"content":{"rendered":"<p>Princ\u00edp obvodu:<br \/>\nNap\u00e4tie 12V DC prech\u00e1dza VD1 a R1 osvet\u013euje LED 1 LED ako indik\u00e1ciu nap\u00e1jania a druh\u00e1 sl\u00fa\u017ei ako pracovn\u00fd v\u00fdkon syst\u00e9mu. Ak po zapnut\u00ed nap\u00e1jania v n\u00e1dr\u017eke na vodu nie je voda, obe sondy hladiny vody s\u00fa pripojen\u00e9 k kladn\u00e9mu zdroju nap\u00e1jania pomocou R1 a R2, \u010do je vysok\u00fd potenci\u00e1l. N\u00edzka \u00farove\u0148 v\u00fdstupu IC1 je 4 stopy. Po spracovan\u00ed IC1C m\u00e1 v\u00fdstup 10 st\u00f4p vysok\u00fa \u00farove\u0148. T\u00e1to vysok\u00e1 hladina sa prid\u00e1 k z\u00e1kladni VT1 cez R4, tak\u017ee VT1 je nas\u00fdten\u00fd a zapnut\u00fd, rel\u00e9 je nap\u00e1jan\u00e9 a \u010derpadlo je \u010derpan\u00e9; druh\u00fd je pripojen\u00fd k 2 kol\u00edku IC1 cez R8, preto\u017ee sonda vysokej hladiny vody je tie\u017e vysok\u00e1. Ping, po spracovan\u00ed br\u00e1ny NAND je 3-pinov\u00fd v\u00fdstup IC1 n\u00edzky a IC1C je zablokovan\u00fd br\u00e1nou NOT. Preto\u017ee vodn\u00e9 \u010derpadlo nepretr\u017eite dod\u00e1va vodu do n\u00e1dr\u017ee na vodu, hladina vody v n\u00e1dr\u017ei na vodu postupne st\u00fapa. Ke\u010f je sonda n\u00edzkej hladiny vody ponoren\u00e1 do vody, 6 st\u00f4p IC1 sa zmen\u00ed na n\u00edzku \u00farove\u0148 a 4 stopy vyved\u00fa na vysok\u00fa \u00farove\u0148, ale v tomto \u010dase je br\u00e1na NAND zablokovan\u00e1. \u017div\u00e9, tak\u017ee to neovplyvn\u00ed v\u00fdkon, \u010derpadlo pokra\u010duje v \u010derpan\u00ed vody; Ke\u010f hladina vody \u010falej st\u00fapa, ke\u010f hladina vody dosiahne sondu vysokej hladiny vody, 1 a 6 st\u00f4p IC1 sa stan\u00fa n\u00edzkymi, t\u00e1to zmena na 4 stopy IC1 \u017diadny \u00fa\u010dinok, ale 3 stopy sa zn\u00ed\u017eia na \u00farove\u0148 1 kol\u00edka, v\u00fdstup je na vysokej \u00farovni, tak\u017ee piny 8 a 9 IC1 s\u00fa na vysokej \u00farovni, v\u00fdstupn\u00e1 \u00farove\u0148 10 st\u00f4p je n\u00edzka, rel\u00e9 strat\u00ed nap\u00e1janie a je odpojen\u00e9, \u010derpadlo zastav\u00ed \u010derpanie a t\u00e1to n\u00edzka \u00farove\u0148 sa prid\u00e1 k 2 stop\u00e1m cez R8, tak\u017ee 3 stopy zosta\u0148te vysoko. K\u00fdm nie je hladina vody op\u00e4\u0165 ni\u017e\u0161ia ako sonda n\u00edzkej hladiny vody, vy\u0161\u0161ie uveden\u00fd postup sa bude opakova\u0165, \u010d\u00edm sa automaticky kontroluje hladina vody v n\u00e1dr\u017ei na vodu. V tomto obvode je navrhnut\u00fd manu\u00e1lny ovl\u00e1dac\u00ed obvod a ke\u010f je stla\u010den\u00fd sp\u00edna\u010d WAR, rel\u00e9 je n\u00fatene rozpojen\u00e9.<\/p>\n","protected":false},"excerpt":{"rendered":"<p>Princ\u00edp obvodu: Nap\u00e4tie 12V DC prech\u00e1dza VD1 a R1 osvet\u013euje LED 1 LED ako indik\u00e1ciu nap\u00e1jania a druh\u00e1 sl\u00fa\u017ei ako&hellip;<\/p>\n","protected":false},"featured_media":271,"template":"","meta":{"_monsterinsights_skip_tracking":false,"_monsterinsights_sitenote_active":false,"_monsterinsights_sitenote_note":"","_monsterinsights_sitenote_category":0},"product_cat":[16,19],"product_tag":[],"class_list":{"0":"post-270","1":"product","2":"type-product","3":"status-publish","4":"has-post-thumbnail","6":"product_cat-ard","7":"product_cat-rele","9":"first","10":"instock","11":"shipping-taxable","12":"purchasable","13":"product-type-simple"},"yoast_head":"<!-- This site is optimized with the Yoast SEO plugin v23.6 - https:\/\/yoast.com\/wordpress\/plugins\/seo\/ -->\n<title>Water Tank Water Level Automatic Control Liquid Level Automatic Controller Electronic Training Kit - Arduino e-shop<\/title>\n<meta name=\"robots\" content=\"index, follow, max-snippet:-1, max-image-preview:large, max-video-preview:-1\" \/>\n<link rel=\"canonical\" href=\"https:\/\/www.onetimenexttime.sk\/arduino\/index.php\/produkt\/water-tank-water-level-automatic-control-liquid-level-automatic-controller-electronic-training-kit\/\" \/>\n<meta property=\"og:locale\" content=\"sk_SK\" \/>\n<meta property=\"og:type\" content=\"article\" \/>\n<meta property=\"og:title\" content=\"Water Tank Water Level Automatic Control Liquid Level Automatic Controller Electronic Training Kit - Arduino e-shop\" \/>\n<meta property=\"og:description\" content=\"Princ\u00edp obvodu: Nap\u00e4tie 12V DC prech\u00e1dza VD1 a R1 osvet\u013euje LED 1 LED ako indik\u00e1ciu nap\u00e1jania a druh\u00e1 sl\u00fa\u017ei ako&hellip;\" \/>\n<meta property=\"og:url\" content=\"https:\/\/www.onetimenexttime.sk\/arduino\/index.php\/produkt\/water-tank-water-level-automatic-control-liquid-level-automatic-controller-electronic-training-kit\/\" \/>\n<meta property=\"og:site_name\" content=\"Arduino e-shop\" \/>\n<meta property=\"article:modified_time\" content=\"2021-10-18T14:50:30+00:00\" \/>\n<meta property=\"og:image\" content=\"https:\/\/www.onetimenexttime.sk\/arduino\/wp-content\/uploads\/2021\/10\/tin.jpg\" \/>\n\t<meta property=\"og:image:width\" content=\"483\" \/>\n\t<meta property=\"og:image:height\" content=\"482\" \/>\n\t<meta property=\"og:image:type\" content=\"image\/jpeg\" \/>\n<meta name=\"twitter:card\" content=\"summary_large_image\" \/>\n<meta name=\"twitter:label1\" content=\"Predpokladan\u00fd \u010das \u010d\u00edtania\" \/>\n\t<meta name=\"twitter:data1\" content=\"2 min\u00faty\" \/>\n<script type=\"application\/ld+json\" class=\"yoast-schema-graph\">{\"@context\":\"https:\/\/schema.org\",\"@graph\":[{\"@type\":\"WebPage\",\"@id\":\"https:\/\/www.onetimenexttime.sk\/arduino\/index.php\/produkt\/water-tank-water-level-automatic-control-liquid-level-automatic-controller-electronic-training-kit\/\",\"url\":\"https:\/\/www.onetimenexttime.sk\/arduino\/index.php\/produkt\/water-tank-water-level-automatic-control-liquid-level-automatic-controller-electronic-training-kit\/\",\"name\":\"Water Tank Water Level Automatic Control Liquid Level Automatic Controller Electronic Training Kit - Arduino e-shop\",\"isPartOf\":{\"@id\":\"https:\/\/www.onetimenexttime.sk\/arduino\/#website\"},\"primaryImageOfPage\":{\"@id\":\"https:\/\/www.onetimenexttime.sk\/arduino\/index.php\/produkt\/water-tank-water-level-automatic-control-liquid-level-automatic-controller-electronic-training-kit\/#primaryimage\"},\"image\":{\"@id\":\"https:\/\/www.onetimenexttime.sk\/arduino\/index.php\/produkt\/water-tank-water-level-automatic-control-liquid-level-automatic-controller-electronic-training-kit\/#primaryimage\"},\"thumbnailUrl\":\"https:\/\/www.onetimenexttime.sk\/arduino\/wp-content\/uploads\/2021\/10\/tin.jpg\",\"datePublished\":\"2021-10-18T14:46:12+00:00\",\"dateModified\":\"2021-10-18T14:50:30+00:00\",\"breadcrumb\":{\"@id\":\"https:\/\/www.onetimenexttime.sk\/arduino\/index.php\/produkt\/water-tank-water-level-automatic-control-liquid-level-automatic-controller-electronic-training-kit\/#breadcrumb\"},\"inLanguage\":\"sk-SK\",\"potentialAction\":[{\"@type\":\"ReadAction\",\"target\":[\"https:\/\/www.onetimenexttime.sk\/arduino\/index.php\/produkt\/water-tank-water-level-automatic-control-liquid-level-automatic-controller-electronic-training-kit\/\"]}]},{\"@type\":\"ImageObject\",\"inLanguage\":\"sk-SK\",\"@id\":\"https:\/\/www.onetimenexttime.sk\/arduino\/index.php\/produkt\/water-tank-water-level-automatic-control-liquid-level-automatic-controller-electronic-training-kit\/#primaryimage\",\"url\":\"https:\/\/www.onetimenexttime.sk\/arduino\/wp-content\/uploads\/2021\/10\/tin.jpg\",\"contentUrl\":\"https:\/\/www.onetimenexttime.sk\/arduino\/wp-content\/uploads\/2021\/10\/tin.jpg\",\"width\":483,\"height\":482},{\"@type\":\"BreadcrumbList\",\"@id\":\"https:\/\/www.onetimenexttime.sk\/arduino\/index.php\/produkt\/water-tank-water-level-automatic-control-liquid-level-automatic-controller-electronic-training-kit\/#breadcrumb\",\"itemListElement\":[{\"@type\":\"ListItem\",\"position\":1,\"name\":\"Domov\",\"item\":\"https:\/\/www.onetimenexttime.sk\/arduino\/\"},{\"@type\":\"ListItem\",\"position\":2,\"name\":\"Obchod\",\"item\":\"https:\/\/www.onetimenexttime.sk\/arduino\/\"},{\"@type\":\"ListItem\",\"position\":3,\"name\":\"Water Tank Water Level Automatic Control Liquid Level Automatic Controller Electronic Training Kit\"}]},{\"@type\":\"WebSite\",\"@id\":\"https:\/\/www.onetimenexttime.sk\/arduino\/#website\",\"url\":\"https:\/\/www.onetimenexttime.sk\/arduino\/\",\"name\":\"Arduino e-shop\",\"description\":\"Home Assistant\",\"potentialAction\":[{\"@type\":\"SearchAction\",\"target\":{\"@type\":\"EntryPoint\",\"urlTemplate\":\"https:\/\/www.onetimenexttime.sk\/arduino\/?s={search_term_string}\"},\"query-input\":{\"@type\":\"PropertyValueSpecification\",\"valueRequired\":true,\"valueName\":\"search_term_string\"}}],\"inLanguage\":\"sk-SK\"}]}<\/script>\n<!-- \/ Yoast SEO plugin. -->","yoast_head_json":{"title":"Water Tank Water Level Automatic Control Liquid Level Automatic Controller Electronic Training Kit - Arduino e-shop","robots":{"index":"index","follow":"follow","max-snippet":"max-snippet:-1","max-image-preview":"max-image-preview:large","max-video-preview":"max-video-preview:-1"},"canonical":"https:\/\/www.onetimenexttime.sk\/arduino\/index.php\/produkt\/water-tank-water-level-automatic-control-liquid-level-automatic-controller-electronic-training-kit\/","og_locale":"sk_SK","og_type":"article","og_title":"Water Tank Water Level Automatic Control Liquid Level Automatic Controller Electronic Training Kit - Arduino e-shop","og_description":"Princ\u00edp obvodu: Nap\u00e4tie 12V DC prech\u00e1dza VD1 a R1 osvet\u013euje LED 1 LED ako indik\u00e1ciu nap\u00e1jania a druh\u00e1 sl\u00fa\u017ei ako&hellip;","og_url":"https:\/\/www.onetimenexttime.sk\/arduino\/index.php\/produkt\/water-tank-water-level-automatic-control-liquid-level-automatic-controller-electronic-training-kit\/","og_site_name":"Arduino e-shop","article_modified_time":"2021-10-18T14:50:30+00:00","og_image":[{"width":483,"height":482,"url":"https:\/\/www.onetimenexttime.sk\/arduino\/wp-content\/uploads\/2021\/10\/tin.jpg","type":"image\/jpeg"}],"twitter_card":"summary_large_image","twitter_misc":{"Predpokladan\u00fd \u010das \u010d\u00edtania":"2 min\u00faty"},"schema":{"@context":"https:\/\/schema.org","@graph":[{"@type":"WebPage","@id":"https:\/\/www.onetimenexttime.sk\/arduino\/index.php\/produkt\/water-tank-water-level-automatic-control-liquid-level-automatic-controller-electronic-training-kit\/","url":"https:\/\/www.onetimenexttime.sk\/arduino\/index.php\/produkt\/water-tank-water-level-automatic-control-liquid-level-automatic-controller-electronic-training-kit\/","name":"Water Tank Water Level Automatic Control Liquid Level Automatic Controller Electronic Training Kit - Arduino e-shop","isPartOf":{"@id":"https:\/\/www.onetimenexttime.sk\/arduino\/#website"},"primaryImageOfPage":{"@id":"https:\/\/www.onetimenexttime.sk\/arduino\/index.php\/produkt\/water-tank-water-level-automatic-control-liquid-level-automatic-controller-electronic-training-kit\/#primaryimage"},"image":{"@id":"https:\/\/www.onetimenexttime.sk\/arduino\/index.php\/produkt\/water-tank-water-level-automatic-control-liquid-level-automatic-controller-electronic-training-kit\/#primaryimage"},"thumbnailUrl":"https:\/\/www.onetimenexttime.sk\/arduino\/wp-content\/uploads\/2021\/10\/tin.jpg","datePublished":"2021-10-18T14:46:12+00:00","dateModified":"2021-10-18T14:50:30+00:00","breadcrumb":{"@id":"https:\/\/www.onetimenexttime.sk\/arduino\/index.php\/produkt\/water-tank-water-level-automatic-control-liquid-level-automatic-controller-electronic-training-kit\/#breadcrumb"},"inLanguage":"sk-SK","potentialAction":[{"@type":"ReadAction","target":["https:\/\/www.onetimenexttime.sk\/arduino\/index.php\/produkt\/water-tank-water-level-automatic-control-liquid-level-automatic-controller-electronic-training-kit\/"]}]},{"@type":"ImageObject","inLanguage":"sk-SK","@id":"https:\/\/www.onetimenexttime.sk\/arduino\/index.php\/produkt\/water-tank-water-level-automatic-control-liquid-level-automatic-controller-electronic-training-kit\/#primaryimage","url":"https:\/\/www.onetimenexttime.sk\/arduino\/wp-content\/uploads\/2021\/10\/tin.jpg","contentUrl":"https:\/\/www.onetimenexttime.sk\/arduino\/wp-content\/uploads\/2021\/10\/tin.jpg","width":483,"height":482},{"@type":"BreadcrumbList","@id":"https:\/\/www.onetimenexttime.sk\/arduino\/index.php\/produkt\/water-tank-water-level-automatic-control-liquid-level-automatic-controller-electronic-training-kit\/#breadcrumb","itemListElement":[{"@type":"ListItem","position":1,"name":"Domov","item":"https:\/\/www.onetimenexttime.sk\/arduino\/"},{"@type":"ListItem","position":2,"name":"Obchod","item":"https:\/\/www.onetimenexttime.sk\/arduino\/"},{"@type":"ListItem","position":3,"name":"Water Tank Water Level Automatic Control Liquid Level Automatic Controller Electronic Training Kit"}]},{"@type":"WebSite","@id":"https:\/\/www.onetimenexttime.sk\/arduino\/#website","url":"https:\/\/www.onetimenexttime.sk\/arduino\/","name":"Arduino e-shop","description":"Home Assistant","potentialAction":[{"@type":"SearchAction","target":{"@type":"EntryPoint","urlTemplate":"https:\/\/www.onetimenexttime.sk\/arduino\/?s={search_term_string}"},"query-input":{"@type":"PropertyValueSpecification","valueRequired":true,"valueName":"search_term_string"}}],"inLanguage":"sk-SK"}]}},"_links":{"self":[{"href":"https:\/\/www.onetimenexttime.sk\/arduino\/index.php\/wp-json\/wp\/v2\/product\/270"}],"collection":[{"href":"https:\/\/www.onetimenexttime.sk\/arduino\/index.php\/wp-json\/wp\/v2\/product"}],"about":[{"href":"https:\/\/www.onetimenexttime.sk\/arduino\/index.php\/wp-json\/wp\/v2\/types\/product"}],"wp:featuredmedia":[{"embeddable":true,"href":"https:\/\/www.onetimenexttime.sk\/arduino\/index.php\/wp-json\/wp\/v2\/media\/271"}],"wp:attachment":[{"href":"https:\/\/www.onetimenexttime.sk\/arduino\/index.php\/wp-json\/wp\/v2\/media?parent=270"}],"wp:term":[{"taxonomy":"product_cat","embeddable":true,"href":"https:\/\/www.onetimenexttime.sk\/arduino\/index.php\/wp-json\/wp\/v2\/product_cat?post=270"},{"taxonomy":"product_tag","embeddable":true,"href":"https:\/\/www.onetimenexttime.sk\/arduino\/index.php\/wp-json\/wp\/v2\/product_tag?post=270"}],"curies":[{"name":"wp","href":"https:\/\/api.w.org\/{rel}","templated":true}]}}