{"id":264,"date":"2021-10-18T16:34:52","date_gmt":"2021-10-18T14:34:52","guid":{"rendered":"https:\/\/www.onetimenexttime.sk\/arduino\/?post_type=product&#038;p=264"},"modified":"2021-10-18T16:37:09","modified_gmt":"2021-10-18T14:37:09","slug":"stm8-development-board-minimum-system-board-core-board-stm8s103f3p6","status":"publish","type":"product","link":"https:\/\/www.onetimenexttime.sk\/arduino\/index.php\/produkt\/stm8-development-board-minimum-system-board-core-board-stm8s103f3p6\/","title":{"rendered":"STM8 development board, minimum system board, core board STM8S103F3P6"},"content":{"rendered":"<p>V\u00fdvojov\u00e1 doska STM8, minim\u00e1lna syst\u00e9mov\u00e1 doska, z\u00e1kladn\u00e1 doska STM8S103F3P6<\/p>\n<p>&nbsp;<\/p>\n<p>Z\u00e1kladn\u00e1 doska STM8S Hlavn\u00e9 prvky:<br \/>\nV\u00fdvojov\u00e1 doska pou\u017e\u00edvaMIcroUSBLine na nap\u00e1janie, Kompatibiln\u00fd s d\u00e1tov\u00fdm k\u00e1blom k chytr\u00e9mu telef\u00f3nu, k d\u00e1tov\u00e9mu k\u00e1blu sa \u013eahko dostanete, a nieUSBMINILine k nap\u00e1janiu, USBMINIlineBad na n\u00e1jdenie, bol postupne eliminovan\u00fd, Toto je modul odli\u0161n\u00fd od ostatn\u00fdch d\u00f4le\u017eit\u00fdch vlastnost\u00ed dom\u00e1ce produkty Theultra N\u00edzka cena, u\u017e\u00edvate\u013esky pr\u00edjemn\u00fd dizajn, kompletn\u00fd s\u00fabor inform\u00e1ci\u00ed, tak\u017ee u\u0161etr\u00edte peniaze, u\u0161etr\u00edte \u010das, n\u00e1mahu, starosti! \\<br \/>\nHlavn\u00e9 vlastnosti z\u00e1kladnej dosky STM8S: 1. pou\u017eitie STM8S103F3P6 Ako masterICThe2.M\u00f4\u017ee by\u0165 pou\u017eit\u00fd na doske2,54R\u00e1dny v\u00fdboj Alebo podlo\u017eka na odoberanie energie, pou\u017eitie podlo\u017eky na odoberanie energie, rozsah vstupn\u00e9ho nap\u00e4tia 4,5V-15V, m\u00f4\u017ee tie\u017e prejs\u0165 kol\u00edkom zvonka 3.3V Pozn\u00e1mka: 5VPin Pripojenie k zdroju nap\u00e1jania moduluThe3.Lead v\u0161etky piny, Tento pin je ozna\u010den\u00fd ved\u013ea pinLabel, s resetovac\u00edm tla\u010didlom, indik\u00e1torom nap\u00e1jania a demon\u0161tra\u010dn\u00fdmi svetlami programu, vrabce, aj ke\u010f mal\u00e9 a perfektn\u00e9. 4. posta\u010d\u00ed SWIMDebug V\u0161eobecn\u00e9 inform\u00e1cie: Http: \/\/pan.baidu.com\/s\/1bnGYLFT<br \/>\n\u010eal\u0161ie inform\u00e1cie o STM8: Http:\/\/pan.baidu.com\/s\/1o6Jpox0<br \/>\n1. Sch\u00e9ma dosky Core (form\u00e1t PDF) A vysk\u00fa\u0161ajte zdrojov\u00fd program. Sp\u00e1len\u00fd program intotestu, Po zapnut\u00ed nap\u00e1jania Kontrolka blik\u00e1, Pre v\u00e1s Skontrolujte, \u010di z\u00e1kladn\u00e1 doska funguje spr\u00e1vne.<br \/>\n2. Poskytovan\u00e9 oddelene v dvoch v\u00fdvojov\u00fdch prostrediach IARandSTVDTwoRegistrujte prev\u00e1dzku pomocouKni\u017eni\u010dnej funk\u010dnej prev\u00e1dzky dvochSada rut\u00edn p\u00e1rovania I \/ OPort, rutiny \u010dasova\u010da, rutiny UARTSend, rutiny prij\u00edmania UART, pr\u00edpady prep\u00ednania hod\u00edn, ADRutines.<br \/>\n3. Aplik\u00e1cie STM8<br \/>\n4. Kni\u017enica zapuzdrenia STM8<br \/>\n5. STM8 Register ka\u017ed\u00e9ho funk\u010dn\u00e9ho modulu je naprogramovan\u00fd<br \/>\n6. V\u00fdvojov\u00e9 prostredie IARD a programovac\u00ed softv\u00e9r STVP<br \/>\nSTM8S103F3P6 Porovnanie v\u00fdkonu:<\/p>\n","protected":false},"excerpt":{"rendered":"<p>V\u00fdvojov\u00e1 doska STM8, minim\u00e1lna syst\u00e9mov\u00e1 doska, z\u00e1kladn\u00e1 doska STM8S103F3P6 &nbsp; Z\u00e1kladn\u00e1 doska STM8S Hlavn\u00e9 prvky: V\u00fdvojov\u00e1 doska pou\u017e\u00edvaMIcroUSBLine na nap\u00e1janie,&hellip;<\/p>\n","protected":false},"featured_media":265,"template":"","meta":{"_monsterinsights_skip_tracking":false,"_monsterinsights_sitenote_active":false,"_monsterinsights_sitenote_note":"","_monsterinsights_sitenote_category":0},"product_cat":[16],"product_tag":[],"class_list":{"0":"post-264","1":"product","2":"type-product","3":"status-publish","4":"has-post-thumbnail","6":"product_cat-ard","8":"first","9":"instock","10":"shipping-taxable","11":"purchasable","12":"product-type-simple"},"yoast_head":"<!-- This site is optimized with the Yoast SEO plugin v23.6 - https:\/\/yoast.com\/wordpress\/plugins\/seo\/ -->\n<title>STM8 development board, minimum system board, core board STM8S103F3P6 - Arduino e-shop<\/title>\n<meta name=\"robots\" content=\"index, follow, max-snippet:-1, max-image-preview:large, max-video-preview:-1\" \/>\n<link rel=\"canonical\" href=\"https:\/\/www.onetimenexttime.sk\/arduino\/index.php\/produkt\/stm8-development-board-minimum-system-board-core-board-stm8s103f3p6\/\" \/>\n<meta property=\"og:locale\" content=\"sk_SK\" \/>\n<meta property=\"og:type\" content=\"article\" \/>\n<meta property=\"og:title\" content=\"STM8 development board, minimum system board, core board STM8S103F3P6 - Arduino e-shop\" \/>\n<meta property=\"og:description\" content=\"V\u00fdvojov\u00e1 doska STM8, minim\u00e1lna syst\u00e9mov\u00e1 doska, z\u00e1kladn\u00e1 doska STM8S103F3P6 &nbsp; Z\u00e1kladn\u00e1 doska STM8S Hlavn\u00e9 prvky: V\u00fdvojov\u00e1 doska pou\u017e\u00edvaMIcroUSBLine na nap\u00e1janie,&hellip;\" \/>\n<meta property=\"og:url\" content=\"https:\/\/www.onetimenexttime.sk\/arduino\/index.php\/produkt\/stm8-development-board-minimum-system-board-core-board-stm8s103f3p6\/\" \/>\n<meta property=\"og:site_name\" content=\"Arduino e-shop\" \/>\n<meta property=\"article:modified_time\" content=\"2021-10-18T14:37:09+00:00\" \/>\n<meta property=\"og:image\" content=\"https:\/\/www.onetimenexttime.sk\/arduino\/wp-content\/uploads\/2021\/10\/514.jpg\" \/>\n\t<meta property=\"og:image:width\" content=\"483\" \/>\n\t<meta property=\"og:image:height\" content=\"482\" \/>\n\t<meta property=\"og:image:type\" content=\"image\/jpeg\" \/>\n<meta name=\"twitter:card\" content=\"summary_large_image\" \/>\n<meta name=\"twitter:label1\" content=\"Predpokladan\u00fd \u010das \u010d\u00edtania\" \/>\n\t<meta name=\"twitter:data1\" content=\"1 min\u00fata\" \/>\n<script type=\"application\/ld+json\" class=\"yoast-schema-graph\">{\"@context\":\"https:\/\/schema.org\",\"@graph\":[{\"@type\":\"WebPage\",\"@id\":\"https:\/\/www.onetimenexttime.sk\/arduino\/index.php\/produkt\/stm8-development-board-minimum-system-board-core-board-stm8s103f3p6\/\",\"url\":\"https:\/\/www.onetimenexttime.sk\/arduino\/index.php\/produkt\/stm8-development-board-minimum-system-board-core-board-stm8s103f3p6\/\",\"name\":\"STM8 development board, minimum system board, core board STM8S103F3P6 - Arduino e-shop\",\"isPartOf\":{\"@id\":\"https:\/\/www.onetimenexttime.sk\/arduino\/#website\"},\"primaryImageOfPage\":{\"@id\":\"https:\/\/www.onetimenexttime.sk\/arduino\/index.php\/produkt\/stm8-development-board-minimum-system-board-core-board-stm8s103f3p6\/#primaryimage\"},\"image\":{\"@id\":\"https:\/\/www.onetimenexttime.sk\/arduino\/index.php\/produkt\/stm8-development-board-minimum-system-board-core-board-stm8s103f3p6\/#primaryimage\"},\"thumbnailUrl\":\"https:\/\/www.onetimenexttime.sk\/arduino\/wp-content\/uploads\/2021\/10\/514.jpg\",\"datePublished\":\"2021-10-18T14:34:52+00:00\",\"dateModified\":\"2021-10-18T14:37:09+00:00\",\"breadcrumb\":{\"@id\":\"https:\/\/www.onetimenexttime.sk\/arduino\/index.php\/produkt\/stm8-development-board-minimum-system-board-core-board-stm8s103f3p6\/#breadcrumb\"},\"inLanguage\":\"sk-SK\",\"potentialAction\":[{\"@type\":\"ReadAction\",\"target\":[\"https:\/\/www.onetimenexttime.sk\/arduino\/index.php\/produkt\/stm8-development-board-minimum-system-board-core-board-stm8s103f3p6\/\"]}]},{\"@type\":\"ImageObject\",\"inLanguage\":\"sk-SK\",\"@id\":\"https:\/\/www.onetimenexttime.sk\/arduino\/index.php\/produkt\/stm8-development-board-minimum-system-board-core-board-stm8s103f3p6\/#primaryimage\",\"url\":\"https:\/\/www.onetimenexttime.sk\/arduino\/wp-content\/uploads\/2021\/10\/514.jpg\",\"contentUrl\":\"https:\/\/www.onetimenexttime.sk\/arduino\/wp-content\/uploads\/2021\/10\/514.jpg\",\"width\":483,\"height\":482},{\"@type\":\"BreadcrumbList\",\"@id\":\"https:\/\/www.onetimenexttime.sk\/arduino\/index.php\/produkt\/stm8-development-board-minimum-system-board-core-board-stm8s103f3p6\/#breadcrumb\",\"itemListElement\":[{\"@type\":\"ListItem\",\"position\":1,\"name\":\"Domov\",\"item\":\"https:\/\/www.onetimenexttime.sk\/arduino\/\"},{\"@type\":\"ListItem\",\"position\":2,\"name\":\"Obchod\",\"item\":\"https:\/\/www.onetimenexttime.sk\/arduino\/\"},{\"@type\":\"ListItem\",\"position\":3,\"name\":\"STM8 development board, minimum system board, core board STM8S103F3P6\"}]},{\"@type\":\"WebSite\",\"@id\":\"https:\/\/www.onetimenexttime.sk\/arduino\/#website\",\"url\":\"https:\/\/www.onetimenexttime.sk\/arduino\/\",\"name\":\"Arduino e-shop\",\"description\":\"Home Assistant\",\"potentialAction\":[{\"@type\":\"SearchAction\",\"target\":{\"@type\":\"EntryPoint\",\"urlTemplate\":\"https:\/\/www.onetimenexttime.sk\/arduino\/?s={search_term_string}\"},\"query-input\":{\"@type\":\"PropertyValueSpecification\",\"valueRequired\":true,\"valueName\":\"search_term_string\"}}],\"inLanguage\":\"sk-SK\"}]}<\/script>\n<!-- \/ Yoast SEO plugin. -->","yoast_head_json":{"title":"STM8 development board, minimum system board, core board STM8S103F3P6 - Arduino e-shop","robots":{"index":"index","follow":"follow","max-snippet":"max-snippet:-1","max-image-preview":"max-image-preview:large","max-video-preview":"max-video-preview:-1"},"canonical":"https:\/\/www.onetimenexttime.sk\/arduino\/index.php\/produkt\/stm8-development-board-minimum-system-board-core-board-stm8s103f3p6\/","og_locale":"sk_SK","og_type":"article","og_title":"STM8 development board, minimum system board, core board STM8S103F3P6 - Arduino e-shop","og_description":"V\u00fdvojov\u00e1 doska STM8, minim\u00e1lna syst\u00e9mov\u00e1 doska, z\u00e1kladn\u00e1 doska STM8S103F3P6 &nbsp; Z\u00e1kladn\u00e1 doska STM8S Hlavn\u00e9 prvky: V\u00fdvojov\u00e1 doska pou\u017e\u00edvaMIcroUSBLine na nap\u00e1janie,&hellip;","og_url":"https:\/\/www.onetimenexttime.sk\/arduino\/index.php\/produkt\/stm8-development-board-minimum-system-board-core-board-stm8s103f3p6\/","og_site_name":"Arduino e-shop","article_modified_time":"2021-10-18T14:37:09+00:00","og_image":[{"width":483,"height":482,"url":"https:\/\/www.onetimenexttime.sk\/arduino\/wp-content\/uploads\/2021\/10\/514.jpg","type":"image\/jpeg"}],"twitter_card":"summary_large_image","twitter_misc":{"Predpokladan\u00fd \u010das \u010d\u00edtania":"1 min\u00fata"},"schema":{"@context":"https:\/\/schema.org","@graph":[{"@type":"WebPage","@id":"https:\/\/www.onetimenexttime.sk\/arduino\/index.php\/produkt\/stm8-development-board-minimum-system-board-core-board-stm8s103f3p6\/","url":"https:\/\/www.onetimenexttime.sk\/arduino\/index.php\/produkt\/stm8-development-board-minimum-system-board-core-board-stm8s103f3p6\/","name":"STM8 development board, minimum system board, core board STM8S103F3P6 - Arduino e-shop","isPartOf":{"@id":"https:\/\/www.onetimenexttime.sk\/arduino\/#website"},"primaryImageOfPage":{"@id":"https:\/\/www.onetimenexttime.sk\/arduino\/index.php\/produkt\/stm8-development-board-minimum-system-board-core-board-stm8s103f3p6\/#primaryimage"},"image":{"@id":"https:\/\/www.onetimenexttime.sk\/arduino\/index.php\/produkt\/stm8-development-board-minimum-system-board-core-board-stm8s103f3p6\/#primaryimage"},"thumbnailUrl":"https:\/\/www.onetimenexttime.sk\/arduino\/wp-content\/uploads\/2021\/10\/514.jpg","datePublished":"2021-10-18T14:34:52+00:00","dateModified":"2021-10-18T14:37:09+00:00","breadcrumb":{"@id":"https:\/\/www.onetimenexttime.sk\/arduino\/index.php\/produkt\/stm8-development-board-minimum-system-board-core-board-stm8s103f3p6\/#breadcrumb"},"inLanguage":"sk-SK","potentialAction":[{"@type":"ReadAction","target":["https:\/\/www.onetimenexttime.sk\/arduino\/index.php\/produkt\/stm8-development-board-minimum-system-board-core-board-stm8s103f3p6\/"]}]},{"@type":"ImageObject","inLanguage":"sk-SK","@id":"https:\/\/www.onetimenexttime.sk\/arduino\/index.php\/produkt\/stm8-development-board-minimum-system-board-core-board-stm8s103f3p6\/#primaryimage","url":"https:\/\/www.onetimenexttime.sk\/arduino\/wp-content\/uploads\/2021\/10\/514.jpg","contentUrl":"https:\/\/www.onetimenexttime.sk\/arduino\/wp-content\/uploads\/2021\/10\/514.jpg","width":483,"height":482},{"@type":"BreadcrumbList","@id":"https:\/\/www.onetimenexttime.sk\/arduino\/index.php\/produkt\/stm8-development-board-minimum-system-board-core-board-stm8s103f3p6\/#breadcrumb","itemListElement":[{"@type":"ListItem","position":1,"name":"Domov","item":"https:\/\/www.onetimenexttime.sk\/arduino\/"},{"@type":"ListItem","position":2,"name":"Obchod","item":"https:\/\/www.onetimenexttime.sk\/arduino\/"},{"@type":"ListItem","position":3,"name":"STM8 development board, minimum system board, core board STM8S103F3P6"}]},{"@type":"WebSite","@id":"https:\/\/www.onetimenexttime.sk\/arduino\/#website","url":"https:\/\/www.onetimenexttime.sk\/arduino\/","name":"Arduino e-shop","description":"Home Assistant","potentialAction":[{"@type":"SearchAction","target":{"@type":"EntryPoint","urlTemplate":"https:\/\/www.onetimenexttime.sk\/arduino\/?s={search_term_string}"},"query-input":{"@type":"PropertyValueSpecification","valueRequired":true,"valueName":"search_term_string"}}],"inLanguage":"sk-SK"}]}},"_links":{"self":[{"href":"https:\/\/www.onetimenexttime.sk\/arduino\/index.php\/wp-json\/wp\/v2\/product\/264"}],"collection":[{"href":"https:\/\/www.onetimenexttime.sk\/arduino\/index.php\/wp-json\/wp\/v2\/product"}],"about":[{"href":"https:\/\/www.onetimenexttime.sk\/arduino\/index.php\/wp-json\/wp\/v2\/types\/product"}],"wp:featuredmedia":[{"embeddable":true,"href":"https:\/\/www.onetimenexttime.sk\/arduino\/index.php\/wp-json\/wp\/v2\/media\/265"}],"wp:attachment":[{"href":"https:\/\/www.onetimenexttime.sk\/arduino\/index.php\/wp-json\/wp\/v2\/media?parent=264"}],"wp:term":[{"taxonomy":"product_cat","embeddable":true,"href":"https:\/\/www.onetimenexttime.sk\/arduino\/index.php\/wp-json\/wp\/v2\/product_cat?post=264"},{"taxonomy":"product_tag","embeddable":true,"href":"https:\/\/www.onetimenexttime.sk\/arduino\/index.php\/wp-json\/wp\/v2\/product_tag?post=264"}],"curies":[{"name":"wp","href":"https:\/\/api.w.org\/{rel}","templated":true}]}}