{"id":262,"date":"2021-10-18T16:32:27","date_gmt":"2021-10-18T14:32:27","guid":{"rendered":"https:\/\/www.onetimenexttime.sk\/arduino\/?post_type=product&#038;p=262"},"modified":"2021-10-18T16:34:37","modified_gmt":"2021-10-18T14:34:37","slug":"development-programmer-board-for-attiny13a-attiny25-attiny45-attiny85","status":"publish","type":"product","link":"https:\/\/www.onetimenexttime.sk\/arduino\/index.php\/produkt\/development-programmer-board-for-attiny13a-attiny25-attiny45-attiny85\/","title":{"rendered":"Development Programmer Board for Attiny13A\/ATtiny25\/ATtiny45\/ATtiny85"},"content":{"rendered":"<p>Z\u00e1suvn\u00e1 v\u00fdvojov\u00e1 doska pre ATtiny13A ATtiny25 ATtiny45 ATtiny85 Programovac\u00ed editor Micro USB modul nap\u00e1jacieho konektora<\/p>\n","protected":false},"excerpt":{"rendered":"<p>Z\u00e1suvn\u00e1 v\u00fdvojov\u00e1 doska pre ATtiny13A ATtiny25 ATtiny45 ATtiny85 Programovac\u00ed editor Micro USB modul nap\u00e1jacieho konektora<\/p>\n","protected":false},"featured_media":263,"template":"","meta":{"_monsterinsights_skip_tracking":false,"_monsterinsights_sitenote_active":false,"_monsterinsights_sitenote_note":"","_monsterinsights_sitenote_category":0},"product_cat":[16],"product_tag":[],"class_list":{"0":"post-262","1":"product","2":"type-product","3":"status-publish","4":"has-post-thumbnail","6":"product_cat-ard","8":"first","9":"instock","10":"shipping-taxable","11":"purchasable","12":"product-type-simple"},"yoast_head":"<!-- This site is optimized with the Yoast SEO plugin v23.6 - https:\/\/yoast.com\/wordpress\/plugins\/seo\/ -->\n<title>Development Programmer Board for Attiny13A\/ATtiny25\/ATtiny45\/ATtiny85 - Arduino e-shop<\/title>\n<meta name=\"robots\" content=\"index, follow, max-snippet:-1, max-image-preview:large, max-video-preview:-1\" \/>\n<link rel=\"canonical\" href=\"https:\/\/www.onetimenexttime.sk\/arduino\/index.php\/produkt\/development-programmer-board-for-attiny13a-attiny25-attiny45-attiny85\/\" \/>\n<meta property=\"og:locale\" content=\"sk_SK\" \/>\n<meta property=\"og:type\" content=\"article\" \/>\n<meta property=\"og:title\" content=\"Development Programmer Board for Attiny13A\/ATtiny25\/ATtiny45\/ATtiny85 - Arduino e-shop\" \/>\n<meta property=\"og:description\" content=\"Z\u00e1suvn\u00e1 v\u00fdvojov\u00e1 doska pre ATtiny13A ATtiny25 ATtiny45 ATtiny85 Programovac\u00ed editor Micro USB modul nap\u00e1jacieho konektora\" \/>\n<meta property=\"og:url\" content=\"https:\/\/www.onetimenexttime.sk\/arduino\/index.php\/produkt\/development-programmer-board-for-attiny13a-attiny25-attiny45-attiny85\/\" \/>\n<meta property=\"og:site_name\" content=\"Arduino e-shop\" \/>\n<meta property=\"article:modified_time\" content=\"2021-10-18T14:34:37+00:00\" \/>\n<meta property=\"og:image\" content=\"https:\/\/www.onetimenexttime.sk\/arduino\/wp-content\/uploads\/2021\/10\/517.webp\" \/>\n\t<meta property=\"og:image:width\" content=\"500\" \/>\n\t<meta property=\"og:image:height\" content=\"500\" \/>\n\t<meta property=\"og:image:type\" content=\"image\/webp\" \/>\n<meta name=\"twitter:card\" content=\"summary_large_image\" \/>\n<meta name=\"twitter:label1\" content=\"Predpokladan\u00fd \u010das \u010d\u00edtania\" \/>\n\t<meta name=\"twitter:data1\" content=\"1 min\u00fata\" \/>\n<script type=\"application\/ld+json\" class=\"yoast-schema-graph\">{\"@context\":\"https:\/\/schema.org\",\"@graph\":[{\"@type\":\"WebPage\",\"@id\":\"https:\/\/www.onetimenexttime.sk\/arduino\/index.php\/produkt\/development-programmer-board-for-attiny13a-attiny25-attiny45-attiny85\/\",\"url\":\"https:\/\/www.onetimenexttime.sk\/arduino\/index.php\/produkt\/development-programmer-board-for-attiny13a-attiny25-attiny45-attiny85\/\",\"name\":\"Development Programmer Board for Attiny13A\/ATtiny25\/ATtiny45\/ATtiny85 - Arduino e-shop\",\"isPartOf\":{\"@id\":\"https:\/\/www.onetimenexttime.sk\/arduino\/#website\"},\"primaryImageOfPage\":{\"@id\":\"https:\/\/www.onetimenexttime.sk\/arduino\/index.php\/produkt\/development-programmer-board-for-attiny13a-attiny25-attiny45-attiny85\/#primaryimage\"},\"image\":{\"@id\":\"https:\/\/www.onetimenexttime.sk\/arduino\/index.php\/produkt\/development-programmer-board-for-attiny13a-attiny25-attiny45-attiny85\/#primaryimage\"},\"thumbnailUrl\":\"https:\/\/www.onetimenexttime.sk\/arduino\/wp-content\/uploads\/2021\/10\/517.webp\",\"datePublished\":\"2021-10-18T14:32:27+00:00\",\"dateModified\":\"2021-10-18T14:34:37+00:00\",\"breadcrumb\":{\"@id\":\"https:\/\/www.onetimenexttime.sk\/arduino\/index.php\/produkt\/development-programmer-board-for-attiny13a-attiny25-attiny45-attiny85\/#breadcrumb\"},\"inLanguage\":\"sk-SK\",\"potentialAction\":[{\"@type\":\"ReadAction\",\"target\":[\"https:\/\/www.onetimenexttime.sk\/arduino\/index.php\/produkt\/development-programmer-board-for-attiny13a-attiny25-attiny45-attiny85\/\"]}]},{\"@type\":\"ImageObject\",\"inLanguage\":\"sk-SK\",\"@id\":\"https:\/\/www.onetimenexttime.sk\/arduino\/index.php\/produkt\/development-programmer-board-for-attiny13a-attiny25-attiny45-attiny85\/#primaryimage\",\"url\":\"https:\/\/www.onetimenexttime.sk\/arduino\/wp-content\/uploads\/2021\/10\/517.webp\",\"contentUrl\":\"https:\/\/www.onetimenexttime.sk\/arduino\/wp-content\/uploads\/2021\/10\/517.webp\",\"width\":500,\"height\":500},{\"@type\":\"BreadcrumbList\",\"@id\":\"https:\/\/www.onetimenexttime.sk\/arduino\/index.php\/produkt\/development-programmer-board-for-attiny13a-attiny25-attiny45-attiny85\/#breadcrumb\",\"itemListElement\":[{\"@type\":\"ListItem\",\"position\":1,\"name\":\"Domov\",\"item\":\"https:\/\/www.onetimenexttime.sk\/arduino\/\"},{\"@type\":\"ListItem\",\"position\":2,\"name\":\"Obchod\",\"item\":\"https:\/\/www.onetimenexttime.sk\/arduino\/\"},{\"@type\":\"ListItem\",\"position\":3,\"name\":\"Development Programmer Board for Attiny13A\/ATtiny25\/ATtiny45\/ATtiny85\"}]},{\"@type\":\"WebSite\",\"@id\":\"https:\/\/www.onetimenexttime.sk\/arduino\/#website\",\"url\":\"https:\/\/www.onetimenexttime.sk\/arduino\/\",\"name\":\"Arduino e-shop\",\"description\":\"Home Assistant\",\"potentialAction\":[{\"@type\":\"SearchAction\",\"target\":{\"@type\":\"EntryPoint\",\"urlTemplate\":\"https:\/\/www.onetimenexttime.sk\/arduino\/?s={search_term_string}\"},\"query-input\":{\"@type\":\"PropertyValueSpecification\",\"valueRequired\":true,\"valueName\":\"search_term_string\"}}],\"inLanguage\":\"sk-SK\"}]}<\/script>\n<!-- \/ Yoast SEO plugin. -->","yoast_head_json":{"title":"Development Programmer Board for Attiny13A\/ATtiny25\/ATtiny45\/ATtiny85 - Arduino e-shop","robots":{"index":"index","follow":"follow","max-snippet":"max-snippet:-1","max-image-preview":"max-image-preview:large","max-video-preview":"max-video-preview:-1"},"canonical":"https:\/\/www.onetimenexttime.sk\/arduino\/index.php\/produkt\/development-programmer-board-for-attiny13a-attiny25-attiny45-attiny85\/","og_locale":"sk_SK","og_type":"article","og_title":"Development Programmer Board for Attiny13A\/ATtiny25\/ATtiny45\/ATtiny85 - Arduino e-shop","og_description":"Z\u00e1suvn\u00e1 v\u00fdvojov\u00e1 doska pre ATtiny13A ATtiny25 ATtiny45 ATtiny85 Programovac\u00ed editor Micro USB modul nap\u00e1jacieho konektora","og_url":"https:\/\/www.onetimenexttime.sk\/arduino\/index.php\/produkt\/development-programmer-board-for-attiny13a-attiny25-attiny45-attiny85\/","og_site_name":"Arduino e-shop","article_modified_time":"2021-10-18T14:34:37+00:00","og_image":[{"width":500,"height":500,"url":"https:\/\/www.onetimenexttime.sk\/arduino\/wp-content\/uploads\/2021\/10\/517.webp","type":"image\/webp"}],"twitter_card":"summary_large_image","twitter_misc":{"Predpokladan\u00fd \u010das \u010d\u00edtania":"1 min\u00fata"},"schema":{"@context":"https:\/\/schema.org","@graph":[{"@type":"WebPage","@id":"https:\/\/www.onetimenexttime.sk\/arduino\/index.php\/produkt\/development-programmer-board-for-attiny13a-attiny25-attiny45-attiny85\/","url":"https:\/\/www.onetimenexttime.sk\/arduino\/index.php\/produkt\/development-programmer-board-for-attiny13a-attiny25-attiny45-attiny85\/","name":"Development Programmer Board for Attiny13A\/ATtiny25\/ATtiny45\/ATtiny85 - Arduino e-shop","isPartOf":{"@id":"https:\/\/www.onetimenexttime.sk\/arduino\/#website"},"primaryImageOfPage":{"@id":"https:\/\/www.onetimenexttime.sk\/arduino\/index.php\/produkt\/development-programmer-board-for-attiny13a-attiny25-attiny45-attiny85\/#primaryimage"},"image":{"@id":"https:\/\/www.onetimenexttime.sk\/arduino\/index.php\/produkt\/development-programmer-board-for-attiny13a-attiny25-attiny45-attiny85\/#primaryimage"},"thumbnailUrl":"https:\/\/www.onetimenexttime.sk\/arduino\/wp-content\/uploads\/2021\/10\/517.webp","datePublished":"2021-10-18T14:32:27+00:00","dateModified":"2021-10-18T14:34:37+00:00","breadcrumb":{"@id":"https:\/\/www.onetimenexttime.sk\/arduino\/index.php\/produkt\/development-programmer-board-for-attiny13a-attiny25-attiny45-attiny85\/#breadcrumb"},"inLanguage":"sk-SK","potentialAction":[{"@type":"ReadAction","target":["https:\/\/www.onetimenexttime.sk\/arduino\/index.php\/produkt\/development-programmer-board-for-attiny13a-attiny25-attiny45-attiny85\/"]}]},{"@type":"ImageObject","inLanguage":"sk-SK","@id":"https:\/\/www.onetimenexttime.sk\/arduino\/index.php\/produkt\/development-programmer-board-for-attiny13a-attiny25-attiny45-attiny85\/#primaryimage","url":"https:\/\/www.onetimenexttime.sk\/arduino\/wp-content\/uploads\/2021\/10\/517.webp","contentUrl":"https:\/\/www.onetimenexttime.sk\/arduino\/wp-content\/uploads\/2021\/10\/517.webp","width":500,"height":500},{"@type":"BreadcrumbList","@id":"https:\/\/www.onetimenexttime.sk\/arduino\/index.php\/produkt\/development-programmer-board-for-attiny13a-attiny25-attiny45-attiny85\/#breadcrumb","itemListElement":[{"@type":"ListItem","position":1,"name":"Domov","item":"https:\/\/www.onetimenexttime.sk\/arduino\/"},{"@type":"ListItem","position":2,"name":"Obchod","item":"https:\/\/www.onetimenexttime.sk\/arduino\/"},{"@type":"ListItem","position":3,"name":"Development Programmer Board for Attiny13A\/ATtiny25\/ATtiny45\/ATtiny85"}]},{"@type":"WebSite","@id":"https:\/\/www.onetimenexttime.sk\/arduino\/#website","url":"https:\/\/www.onetimenexttime.sk\/arduino\/","name":"Arduino e-shop","description":"Home Assistant","potentialAction":[{"@type":"SearchAction","target":{"@type":"EntryPoint","urlTemplate":"https:\/\/www.onetimenexttime.sk\/arduino\/?s={search_term_string}"},"query-input":{"@type":"PropertyValueSpecification","valueRequired":true,"valueName":"search_term_string"}}],"inLanguage":"sk-SK"}]}},"_links":{"self":[{"href":"https:\/\/www.onetimenexttime.sk\/arduino\/index.php\/wp-json\/wp\/v2\/product\/262"}],"collection":[{"href":"https:\/\/www.onetimenexttime.sk\/arduino\/index.php\/wp-json\/wp\/v2\/product"}],"about":[{"href":"https:\/\/www.onetimenexttime.sk\/arduino\/index.php\/wp-json\/wp\/v2\/types\/product"}],"wp:featuredmedia":[{"embeddable":true,"href":"https:\/\/www.onetimenexttime.sk\/arduino\/index.php\/wp-json\/wp\/v2\/media\/263"}],"wp:attachment":[{"href":"https:\/\/www.onetimenexttime.sk\/arduino\/index.php\/wp-json\/wp\/v2\/media?parent=262"}],"wp:term":[{"taxonomy":"product_cat","embeddable":true,"href":"https:\/\/www.onetimenexttime.sk\/arduino\/index.php\/wp-json\/wp\/v2\/product_cat?post=262"},{"taxonomy":"product_tag","embeddable":true,"href":"https:\/\/www.onetimenexttime.sk\/arduino\/index.php\/wp-json\/wp\/v2\/product_tag?post=262"}],"curies":[{"name":"wp","href":"https:\/\/api.w.org\/{rel}","templated":true}]}}