{"id":260,"date":"2021-10-18T16:29:19","date_gmt":"2021-10-18T14:29:19","guid":{"rendered":"https:\/\/www.onetimenexttime.sk\/arduino\/?post_type=product&#038;p=260"},"modified":"2021-10-18T16:32:07","modified_gmt":"2021-10-18T14:32:07","slug":"pro-micro-atmega32u4-5v-16mhz-replace-atmega328-for-arduino-pro-mini","status":"publish","type":"product","link":"https:\/\/www.onetimenexttime.sk\/arduino\/index.php\/produkt\/pro-micro-atmega32u4-5v-16mhz-replace-atmega328-for-arduino-pro-mini\/","title":{"rendered":"Pro Micro ATmega32U4 5V 16MHz Replace ATmega328 for Arduino Pro Mini"},"content":{"rendered":"<p>Pro Micro ATmega32U4 5V 16MHz Vyme\u0148te ATmega328 za Arduino Pro Mini<\/p>\n<p>Pro Micro je podobn\u00fd Pro Mini, s v\u00fdnimkou ATmega32U4 na palube. USB transceiver vo vn\u00fatri 32U4 n\u00e1m umo\u017e\u0148uje prida\u0165 integrovan\u00e9 USB pripojenie a odstr\u00e1ni\u0165 objemn\u00e9 extern\u00e9 USB rozhranie.<\/p>\n<p>T\u00e1to mal\u00e1 doska zvl\u00e1dne v\u0161etky triky Arduino, ktor\u00e9 pozn\u00e1te: 4 kan\u00e1ly 10-bitov\u00e9ho ADC, 5 pinov PWM, 12 DIO a hardv\u00e9rov\u00e9 \u200b\u200bs\u00e9riov\u00e9 pripojenie Rx a Tx. T\u00e1to doska s frekvenciou 16 MHz a 5 V v\u00e1m bude ve\u013ea pripom\u00edna\u0165 va\u0161e \u010fal\u0161ie ob\u013e\u00faben\u00e9 dosky kompatibiln\u00e9 s Arduino, ale tento mal\u00fd chlapec m\u00f4\u017ee \u00eds\u0165 takmer kdeko\u013evek. Na palube je regul\u00e1tor nap\u00e4tia, ktor\u00fd dok\u00e1\u017ee prij\u00edma\u0165 nap\u00e4tie a\u017e 12VDC. Ak na dosku dod\u00e1vate neregulovan\u00e9 nap\u00e1janie, zapojte ho na pin \u201eRAW\u201c nie na VCC.<\/p>\n<p>T\u00e1to najnov\u0161ia rev\u00edzia opravuje chybu hodv\u00e1bu z poslednej verzie dosky, aby bol kol\u00edk 14 spr\u00e1vne ozna\u010den\u00fd. Do v\u00fdkonov\u00e9ho obvodu sme tie\u017e pridali poistku a di\u00f3du PTC a opravili sme obvod LED RX a TX.<\/p>\n<p>Rozmery: 1,3 x 0,7 palca<\/p>\n<p>Vlastnosti:<\/p>\n<p>ATMega 32U4 be\u017eiaci na 5V\/16MHz<\/p>\n<p>Podporovan\u00e9 pod Arduino IDE v1.0.1<\/p>\n<p>Integrovan\u00fd konektor micro-USB na programovanie<\/p>\n<p>4 x 10-bitov\u00e9 piny ADC<\/p>\n<p>12 x digit\u00e1lne I\/O (5 s podporou PWM)<\/p>\n<p>S\u00e9riov\u00e9 pripojenia hardv\u00e9ru Rx a Tx<\/p>\n<p><strong>Zatia\u013e na\u0161a najmen\u0161ia pre dosku kompatibiln\u00fa s Arduino!<\/strong><\/p>\n<p>&nbsp;<\/p>\n","protected":false},"excerpt":{"rendered":"<p>Pro Micro ATmega32U4 5V 16MHz Vyme\u0148te ATmega328 za Arduino Pro Mini Pro Micro je podobn\u00fd Pro Mini, s v\u00fdnimkou ATmega32U4&hellip;<\/p>\n","protected":false},"featured_media":261,"template":"","meta":{"_monsterinsights_skip_tracking":false,"_monsterinsights_sitenote_active":false,"_monsterinsights_sitenote_note":"","_monsterinsights_sitenote_category":0},"product_cat":[16],"product_tag":[],"class_list":{"0":"post-260","1":"product","2":"type-product","3":"status-publish","4":"has-post-thumbnail","6":"product_cat-ard","8":"first","9":"instock","10":"sale","11":"shipping-taxable","12":"purchasable","13":"product-type-simple"},"yoast_head":"<!-- This site is optimized with the Yoast SEO plugin v23.6 - https:\/\/yoast.com\/wordpress\/plugins\/seo\/ -->\n<title>Pro Micro ATmega32U4 5V 16MHz Replace ATmega328 for Arduino Pro Mini - Arduino e-shop<\/title>\n<meta name=\"robots\" content=\"index, follow, max-snippet:-1, max-image-preview:large, max-video-preview:-1\" \/>\n<link rel=\"canonical\" href=\"https:\/\/www.onetimenexttime.sk\/arduino\/index.php\/produkt\/pro-micro-atmega32u4-5v-16mhz-replace-atmega328-for-arduino-pro-mini\/\" \/>\n<meta property=\"og:locale\" content=\"sk_SK\" \/>\n<meta property=\"og:type\" content=\"article\" \/>\n<meta property=\"og:title\" content=\"Pro Micro ATmega32U4 5V 16MHz Replace ATmega328 for Arduino Pro Mini - Arduino e-shop\" \/>\n<meta property=\"og:description\" content=\"Pro Micro ATmega32U4 5V 16MHz Vyme\u0148te ATmega328 za Arduino Pro Mini Pro Micro je podobn\u00fd Pro Mini, s v\u00fdnimkou ATmega32U4&hellip;\" \/>\n<meta property=\"og:url\" content=\"https:\/\/www.onetimenexttime.sk\/arduino\/index.php\/produkt\/pro-micro-atmega32u4-5v-16mhz-replace-atmega328-for-arduino-pro-mini\/\" \/>\n<meta property=\"og:site_name\" content=\"Arduino e-shop\" \/>\n<meta property=\"article:modified_time\" content=\"2021-10-18T14:32:07+00:00\" \/>\n<meta property=\"og:image\" content=\"https:\/\/www.onetimenexttime.sk\/arduino\/wp-content\/uploads\/2021\/10\/518.jpg\" \/>\n\t<meta property=\"og:image:width\" content=\"483\" \/>\n\t<meta property=\"og:image:height\" content=\"482\" \/>\n\t<meta property=\"og:image:type\" content=\"image\/jpeg\" \/>\n<meta name=\"twitter:card\" content=\"summary_large_image\" \/>\n<meta name=\"twitter:label1\" content=\"Predpokladan\u00fd \u010das \u010d\u00edtania\" \/>\n\t<meta name=\"twitter:data1\" content=\"1 min\u00fata\" \/>\n<script type=\"application\/ld+json\" class=\"yoast-schema-graph\">{\"@context\":\"https:\/\/schema.org\",\"@graph\":[{\"@type\":\"WebPage\",\"@id\":\"https:\/\/www.onetimenexttime.sk\/arduino\/index.php\/produkt\/pro-micro-atmega32u4-5v-16mhz-replace-atmega328-for-arduino-pro-mini\/\",\"url\":\"https:\/\/www.onetimenexttime.sk\/arduino\/index.php\/produkt\/pro-micro-atmega32u4-5v-16mhz-replace-atmega328-for-arduino-pro-mini\/\",\"name\":\"Pro Micro ATmega32U4 5V 16MHz Replace ATmega328 for Arduino Pro Mini - Arduino e-shop\",\"isPartOf\":{\"@id\":\"https:\/\/www.onetimenexttime.sk\/arduino\/#website\"},\"primaryImageOfPage\":{\"@id\":\"https:\/\/www.onetimenexttime.sk\/arduino\/index.php\/produkt\/pro-micro-atmega32u4-5v-16mhz-replace-atmega328-for-arduino-pro-mini\/#primaryimage\"},\"image\":{\"@id\":\"https:\/\/www.onetimenexttime.sk\/arduino\/index.php\/produkt\/pro-micro-atmega32u4-5v-16mhz-replace-atmega328-for-arduino-pro-mini\/#primaryimage\"},\"thumbnailUrl\":\"https:\/\/www.onetimenexttime.sk\/arduino\/wp-content\/uploads\/2021\/10\/518.jpg\",\"datePublished\":\"2021-10-18T14:29:19+00:00\",\"dateModified\":\"2021-10-18T14:32:07+00:00\",\"breadcrumb\":{\"@id\":\"https:\/\/www.onetimenexttime.sk\/arduino\/index.php\/produkt\/pro-micro-atmega32u4-5v-16mhz-replace-atmega328-for-arduino-pro-mini\/#breadcrumb\"},\"inLanguage\":\"sk-SK\",\"potentialAction\":[{\"@type\":\"ReadAction\",\"target\":[\"https:\/\/www.onetimenexttime.sk\/arduino\/index.php\/produkt\/pro-micro-atmega32u4-5v-16mhz-replace-atmega328-for-arduino-pro-mini\/\"]}]},{\"@type\":\"ImageObject\",\"inLanguage\":\"sk-SK\",\"@id\":\"https:\/\/www.onetimenexttime.sk\/arduino\/index.php\/produkt\/pro-micro-atmega32u4-5v-16mhz-replace-atmega328-for-arduino-pro-mini\/#primaryimage\",\"url\":\"https:\/\/www.onetimenexttime.sk\/arduino\/wp-content\/uploads\/2021\/10\/518.jpg\",\"contentUrl\":\"https:\/\/www.onetimenexttime.sk\/arduino\/wp-content\/uploads\/2021\/10\/518.jpg\",\"width\":483,\"height\":482},{\"@type\":\"BreadcrumbList\",\"@id\":\"https:\/\/www.onetimenexttime.sk\/arduino\/index.php\/produkt\/pro-micro-atmega32u4-5v-16mhz-replace-atmega328-for-arduino-pro-mini\/#breadcrumb\",\"itemListElement\":[{\"@type\":\"ListItem\",\"position\":1,\"name\":\"Domov\",\"item\":\"https:\/\/www.onetimenexttime.sk\/arduino\/\"},{\"@type\":\"ListItem\",\"position\":2,\"name\":\"Obchod\",\"item\":\"https:\/\/www.onetimenexttime.sk\/arduino\/\"},{\"@type\":\"ListItem\",\"position\":3,\"name\":\"Pro Micro ATmega32U4 5V 16MHz Replace ATmega328 for Arduino Pro Mini\"}]},{\"@type\":\"WebSite\",\"@id\":\"https:\/\/www.onetimenexttime.sk\/arduino\/#website\",\"url\":\"https:\/\/www.onetimenexttime.sk\/arduino\/\",\"name\":\"Arduino e-shop\",\"description\":\"Home Assistant\",\"potentialAction\":[{\"@type\":\"SearchAction\",\"target\":{\"@type\":\"EntryPoint\",\"urlTemplate\":\"https:\/\/www.onetimenexttime.sk\/arduino\/?s={search_term_string}\"},\"query-input\":{\"@type\":\"PropertyValueSpecification\",\"valueRequired\":true,\"valueName\":\"search_term_string\"}}],\"inLanguage\":\"sk-SK\"}]}<\/script>\n<!-- \/ Yoast SEO plugin. -->","yoast_head_json":{"title":"Pro Micro ATmega32U4 5V 16MHz Replace ATmega328 for Arduino Pro Mini - Arduino e-shop","robots":{"index":"index","follow":"follow","max-snippet":"max-snippet:-1","max-image-preview":"max-image-preview:large","max-video-preview":"max-video-preview:-1"},"canonical":"https:\/\/www.onetimenexttime.sk\/arduino\/index.php\/produkt\/pro-micro-atmega32u4-5v-16mhz-replace-atmega328-for-arduino-pro-mini\/","og_locale":"sk_SK","og_type":"article","og_title":"Pro Micro ATmega32U4 5V 16MHz Replace ATmega328 for Arduino Pro Mini - Arduino e-shop","og_description":"Pro Micro ATmega32U4 5V 16MHz Vyme\u0148te ATmega328 za Arduino Pro Mini Pro Micro je podobn\u00fd Pro Mini, s v\u00fdnimkou ATmega32U4&hellip;","og_url":"https:\/\/www.onetimenexttime.sk\/arduino\/index.php\/produkt\/pro-micro-atmega32u4-5v-16mhz-replace-atmega328-for-arduino-pro-mini\/","og_site_name":"Arduino e-shop","article_modified_time":"2021-10-18T14:32:07+00:00","og_image":[{"width":483,"height":482,"url":"https:\/\/www.onetimenexttime.sk\/arduino\/wp-content\/uploads\/2021\/10\/518.jpg","type":"image\/jpeg"}],"twitter_card":"summary_large_image","twitter_misc":{"Predpokladan\u00fd \u010das \u010d\u00edtania":"1 min\u00fata"},"schema":{"@context":"https:\/\/schema.org","@graph":[{"@type":"WebPage","@id":"https:\/\/www.onetimenexttime.sk\/arduino\/index.php\/produkt\/pro-micro-atmega32u4-5v-16mhz-replace-atmega328-for-arduino-pro-mini\/","url":"https:\/\/www.onetimenexttime.sk\/arduino\/index.php\/produkt\/pro-micro-atmega32u4-5v-16mhz-replace-atmega328-for-arduino-pro-mini\/","name":"Pro Micro ATmega32U4 5V 16MHz Replace ATmega328 for Arduino Pro Mini - Arduino e-shop","isPartOf":{"@id":"https:\/\/www.onetimenexttime.sk\/arduino\/#website"},"primaryImageOfPage":{"@id":"https:\/\/www.onetimenexttime.sk\/arduino\/index.php\/produkt\/pro-micro-atmega32u4-5v-16mhz-replace-atmega328-for-arduino-pro-mini\/#primaryimage"},"image":{"@id":"https:\/\/www.onetimenexttime.sk\/arduino\/index.php\/produkt\/pro-micro-atmega32u4-5v-16mhz-replace-atmega328-for-arduino-pro-mini\/#primaryimage"},"thumbnailUrl":"https:\/\/www.onetimenexttime.sk\/arduino\/wp-content\/uploads\/2021\/10\/518.jpg","datePublished":"2021-10-18T14:29:19+00:00","dateModified":"2021-10-18T14:32:07+00:00","breadcrumb":{"@id":"https:\/\/www.onetimenexttime.sk\/arduino\/index.php\/produkt\/pro-micro-atmega32u4-5v-16mhz-replace-atmega328-for-arduino-pro-mini\/#breadcrumb"},"inLanguage":"sk-SK","potentialAction":[{"@type":"ReadAction","target":["https:\/\/www.onetimenexttime.sk\/arduino\/index.php\/produkt\/pro-micro-atmega32u4-5v-16mhz-replace-atmega328-for-arduino-pro-mini\/"]}]},{"@type":"ImageObject","inLanguage":"sk-SK","@id":"https:\/\/www.onetimenexttime.sk\/arduino\/index.php\/produkt\/pro-micro-atmega32u4-5v-16mhz-replace-atmega328-for-arduino-pro-mini\/#primaryimage","url":"https:\/\/www.onetimenexttime.sk\/arduino\/wp-content\/uploads\/2021\/10\/518.jpg","contentUrl":"https:\/\/www.onetimenexttime.sk\/arduino\/wp-content\/uploads\/2021\/10\/518.jpg","width":483,"height":482},{"@type":"BreadcrumbList","@id":"https:\/\/www.onetimenexttime.sk\/arduino\/index.php\/produkt\/pro-micro-atmega32u4-5v-16mhz-replace-atmega328-for-arduino-pro-mini\/#breadcrumb","itemListElement":[{"@type":"ListItem","position":1,"name":"Domov","item":"https:\/\/www.onetimenexttime.sk\/arduino\/"},{"@type":"ListItem","position":2,"name":"Obchod","item":"https:\/\/www.onetimenexttime.sk\/arduino\/"},{"@type":"ListItem","position":3,"name":"Pro Micro ATmega32U4 5V 16MHz Replace ATmega328 for Arduino Pro Mini"}]},{"@type":"WebSite","@id":"https:\/\/www.onetimenexttime.sk\/arduino\/#website","url":"https:\/\/www.onetimenexttime.sk\/arduino\/","name":"Arduino e-shop","description":"Home Assistant","potentialAction":[{"@type":"SearchAction","target":{"@type":"EntryPoint","urlTemplate":"https:\/\/www.onetimenexttime.sk\/arduino\/?s={search_term_string}"},"query-input":{"@type":"PropertyValueSpecification","valueRequired":true,"valueName":"search_term_string"}}],"inLanguage":"sk-SK"}]}},"_links":{"self":[{"href":"https:\/\/www.onetimenexttime.sk\/arduino\/index.php\/wp-json\/wp\/v2\/product\/260"}],"collection":[{"href":"https:\/\/www.onetimenexttime.sk\/arduino\/index.php\/wp-json\/wp\/v2\/product"}],"about":[{"href":"https:\/\/www.onetimenexttime.sk\/arduino\/index.php\/wp-json\/wp\/v2\/types\/product"}],"wp:featuredmedia":[{"embeddable":true,"href":"https:\/\/www.onetimenexttime.sk\/arduino\/index.php\/wp-json\/wp\/v2\/media\/261"}],"wp:attachment":[{"href":"https:\/\/www.onetimenexttime.sk\/arduino\/index.php\/wp-json\/wp\/v2\/media?parent=260"}],"wp:term":[{"taxonomy":"product_cat","embeddable":true,"href":"https:\/\/www.onetimenexttime.sk\/arduino\/index.php\/wp-json\/wp\/v2\/product_cat?post=260"},{"taxonomy":"product_tag","embeddable":true,"href":"https:\/\/www.onetimenexttime.sk\/arduino\/index.php\/wp-json\/wp\/v2\/product_tag?post=260"}],"curies":[{"name":"wp","href":"https:\/\/api.w.org\/{rel}","templated":true}]}}