{"id":255,"date":"2021-10-18T16:24:05","date_gmt":"2021-10-18T14:24:05","guid":{"rendered":"https:\/\/www.onetimenexttime.sk\/arduino\/?post_type=product&#038;p=255"},"modified":"2021-10-18T16:26:28","modified_gmt":"2021-10-18T14:26:28","slug":"pro-mini-module-atmega328-5v-16m-for-arduino-compatible-with-nano","status":"publish","type":"product","link":"https:\/\/www.onetimenexttime.sk\/arduino\/index.php\/produkt\/pro-mini-module-atmega328-5v-16m-for-arduino-compatible-with-nano\/","title":{"rendered":"Pro Mini Module Atmega328 5V 16M For Arduino Compatible With Nano"},"content":{"rendered":"<p>Pro Mini modul Atmega328 5V 16M pre Arduino kompatibiln\u00fd s Nano<\/p>\n<p>&nbsp;<\/p>\n<p>Pro Arduino Mini Pro je doska mikrokontrol\u00e9ra. M\u00e1 14 digit\u00e1lnych vstupno -v\u00fdstupn\u00fdch pinov (z ktor\u00fdch 6 je mo\u017en\u00e9 pou\u017ei\u0165 ako v\u00fdstupy PWM), 8 anal\u00f3gov\u00fdch vstupov, 16MHz rezon\u00e1tor, resetovacie tla\u010didlo, z\u00e1hlavie kol\u00edka mont\u00e1\u017eneho otvoru.<\/p>\n<p>Technick\u00e9 parametre:<br \/>\n1.14 Digit\u00e1lne vstupn\u00e9 \/ v\u00fdstupn\u00e9 porty RX, TX D13, D2 ~~ z,<br \/>\n2 alebo 8 anal\u00f3gov\u00fdch vstupn\u00fdch portov A0 a\u017e A7<br \/>\n3. Port TTL s\u00e9riov\u00e9ho vysiela\u010da \/ prij\u00edma\u010da RX \/ TX<br \/>\n4,6 portov PWM, D3 ,, D5, D6, D9, D10, D11<br \/>\n5. Pou\u017eitie mikrokontrol\u00e9ra Atmel Atmega168P<br \/>\n6. podporuje s\u00e9riov\u00e9 s\u0165ahovanie<br \/>\n7. Podpora extern\u00e9ho nap\u00e1jania 5 V ~ 12V DC<br \/>\n8. Podpora 9V nap\u00e1jania z bat\u00e9rie<br \/>\n9 taktovacia frekvencia 16MHz<br \/>\n10. Rozmery: 33,3 * 18,0 (mm)<\/p>\n","protected":false},"excerpt":{"rendered":"<p>Pro Mini modul Atmega328 5V 16M pre Arduino kompatibiln\u00fd s Nano &nbsp; Pro Arduino Mini Pro je doska mikrokontrol\u00e9ra. M\u00e1&hellip;<\/p>\n","protected":false},"featured_media":257,"template":"","meta":{"_monsterinsights_skip_tracking":false,"_monsterinsights_sitenote_active":false,"_monsterinsights_sitenote_note":"","_monsterinsights_sitenote_category":0},"product_cat":[16],"product_tag":[],"class_list":{"0":"post-255","1":"product","2":"type-product","3":"status-publish","4":"has-post-thumbnail","6":"product_cat-ard","8":"first","9":"instock","10":"shipping-taxable","11":"purchasable","12":"product-type-simple"},"yoast_head":"<!-- This site is optimized with the Yoast SEO plugin v23.6 - https:\/\/yoast.com\/wordpress\/plugins\/seo\/ -->\n<title>Pro Mini Module Atmega328 5V 16M For Arduino Compatible With Nano - Arduino e-shop<\/title>\n<meta name=\"robots\" content=\"index, follow, max-snippet:-1, max-image-preview:large, max-video-preview:-1\" \/>\n<link rel=\"canonical\" href=\"https:\/\/www.onetimenexttime.sk\/arduino\/index.php\/produkt\/pro-mini-module-atmega328-5v-16m-for-arduino-compatible-with-nano\/\" \/>\n<meta property=\"og:locale\" content=\"sk_SK\" \/>\n<meta property=\"og:type\" content=\"article\" \/>\n<meta property=\"og:title\" content=\"Pro Mini Module Atmega328 5V 16M For Arduino Compatible With Nano - Arduino e-shop\" \/>\n<meta property=\"og:description\" content=\"Pro Mini modul Atmega328 5V 16M pre Arduino kompatibiln\u00fd s Nano &nbsp; Pro Arduino Mini Pro je doska mikrokontrol\u00e9ra. M\u00e1&hellip;\" \/>\n<meta property=\"og:url\" content=\"https:\/\/www.onetimenexttime.sk\/arduino\/index.php\/produkt\/pro-mini-module-atmega328-5v-16m-for-arduino-compatible-with-nano\/\" \/>\n<meta property=\"og:site_name\" content=\"Arduino e-shop\" \/>\n<meta property=\"article:modified_time\" content=\"2021-10-18T14:26:28+00:00\" \/>\n<meta property=\"og:image\" content=\"https:\/\/www.onetimenexttime.sk\/arduino\/wp-content\/uploads\/2021\/10\/523-1.jpg\" \/>\n\t<meta property=\"og:image:width\" content=\"483\" \/>\n\t<meta property=\"og:image:height\" content=\"482\" \/>\n\t<meta property=\"og:image:type\" content=\"image\/jpeg\" \/>\n<meta name=\"twitter:card\" content=\"summary_large_image\" \/>\n<meta name=\"twitter:label1\" content=\"Predpokladan\u00fd \u010das \u010d\u00edtania\" \/>\n\t<meta name=\"twitter:data1\" content=\"1 min\u00fata\" \/>\n<script type=\"application\/ld+json\" class=\"yoast-schema-graph\">{\"@context\":\"https:\/\/schema.org\",\"@graph\":[{\"@type\":\"WebPage\",\"@id\":\"https:\/\/www.onetimenexttime.sk\/arduino\/index.php\/produkt\/pro-mini-module-atmega328-5v-16m-for-arduino-compatible-with-nano\/\",\"url\":\"https:\/\/www.onetimenexttime.sk\/arduino\/index.php\/produkt\/pro-mini-module-atmega328-5v-16m-for-arduino-compatible-with-nano\/\",\"name\":\"Pro Mini Module Atmega328 5V 16M For Arduino Compatible With Nano - Arduino e-shop\",\"isPartOf\":{\"@id\":\"https:\/\/www.onetimenexttime.sk\/arduino\/#website\"},\"primaryImageOfPage\":{\"@id\":\"https:\/\/www.onetimenexttime.sk\/arduino\/index.php\/produkt\/pro-mini-module-atmega328-5v-16m-for-arduino-compatible-with-nano\/#primaryimage\"},\"image\":{\"@id\":\"https:\/\/www.onetimenexttime.sk\/arduino\/index.php\/produkt\/pro-mini-module-atmega328-5v-16m-for-arduino-compatible-with-nano\/#primaryimage\"},\"thumbnailUrl\":\"https:\/\/www.onetimenexttime.sk\/arduino\/wp-content\/uploads\/2021\/10\/523-1.jpg\",\"datePublished\":\"2021-10-18T14:24:05+00:00\",\"dateModified\":\"2021-10-18T14:26:28+00:00\",\"breadcrumb\":{\"@id\":\"https:\/\/www.onetimenexttime.sk\/arduino\/index.php\/produkt\/pro-mini-module-atmega328-5v-16m-for-arduino-compatible-with-nano\/#breadcrumb\"},\"inLanguage\":\"sk-SK\",\"potentialAction\":[{\"@type\":\"ReadAction\",\"target\":[\"https:\/\/www.onetimenexttime.sk\/arduino\/index.php\/produkt\/pro-mini-module-atmega328-5v-16m-for-arduino-compatible-with-nano\/\"]}]},{\"@type\":\"ImageObject\",\"inLanguage\":\"sk-SK\",\"@id\":\"https:\/\/www.onetimenexttime.sk\/arduino\/index.php\/produkt\/pro-mini-module-atmega328-5v-16m-for-arduino-compatible-with-nano\/#primaryimage\",\"url\":\"https:\/\/www.onetimenexttime.sk\/arduino\/wp-content\/uploads\/2021\/10\/523-1.jpg\",\"contentUrl\":\"https:\/\/www.onetimenexttime.sk\/arduino\/wp-content\/uploads\/2021\/10\/523-1.jpg\",\"width\":483,\"height\":482},{\"@type\":\"BreadcrumbList\",\"@id\":\"https:\/\/www.onetimenexttime.sk\/arduino\/index.php\/produkt\/pro-mini-module-atmega328-5v-16m-for-arduino-compatible-with-nano\/#breadcrumb\",\"itemListElement\":[{\"@type\":\"ListItem\",\"position\":1,\"name\":\"Domov\",\"item\":\"https:\/\/www.onetimenexttime.sk\/arduino\/\"},{\"@type\":\"ListItem\",\"position\":2,\"name\":\"Obchod\",\"item\":\"https:\/\/www.onetimenexttime.sk\/arduino\/\"},{\"@type\":\"ListItem\",\"position\":3,\"name\":\"Pro Mini Module Atmega328 5V 16M For Arduino Compatible With Nano\"}]},{\"@type\":\"WebSite\",\"@id\":\"https:\/\/www.onetimenexttime.sk\/arduino\/#website\",\"url\":\"https:\/\/www.onetimenexttime.sk\/arduino\/\",\"name\":\"Arduino e-shop\",\"description\":\"Home Assistant\",\"potentialAction\":[{\"@type\":\"SearchAction\",\"target\":{\"@type\":\"EntryPoint\",\"urlTemplate\":\"https:\/\/www.onetimenexttime.sk\/arduino\/?s={search_term_string}\"},\"query-input\":{\"@type\":\"PropertyValueSpecification\",\"valueRequired\":true,\"valueName\":\"search_term_string\"}}],\"inLanguage\":\"sk-SK\"}]}<\/script>\n<!-- \/ Yoast SEO plugin. -->","yoast_head_json":{"title":"Pro Mini Module Atmega328 5V 16M For Arduino Compatible With Nano - Arduino e-shop","robots":{"index":"index","follow":"follow","max-snippet":"max-snippet:-1","max-image-preview":"max-image-preview:large","max-video-preview":"max-video-preview:-1"},"canonical":"https:\/\/www.onetimenexttime.sk\/arduino\/index.php\/produkt\/pro-mini-module-atmega328-5v-16m-for-arduino-compatible-with-nano\/","og_locale":"sk_SK","og_type":"article","og_title":"Pro Mini Module Atmega328 5V 16M For Arduino Compatible With Nano - Arduino e-shop","og_description":"Pro Mini modul Atmega328 5V 16M pre Arduino kompatibiln\u00fd s Nano &nbsp; Pro Arduino Mini Pro je doska mikrokontrol\u00e9ra. M\u00e1&hellip;","og_url":"https:\/\/www.onetimenexttime.sk\/arduino\/index.php\/produkt\/pro-mini-module-atmega328-5v-16m-for-arduino-compatible-with-nano\/","og_site_name":"Arduino e-shop","article_modified_time":"2021-10-18T14:26:28+00:00","og_image":[{"width":483,"height":482,"url":"https:\/\/www.onetimenexttime.sk\/arduino\/wp-content\/uploads\/2021\/10\/523-1.jpg","type":"image\/jpeg"}],"twitter_card":"summary_large_image","twitter_misc":{"Predpokladan\u00fd \u010das \u010d\u00edtania":"1 min\u00fata"},"schema":{"@context":"https:\/\/schema.org","@graph":[{"@type":"WebPage","@id":"https:\/\/www.onetimenexttime.sk\/arduino\/index.php\/produkt\/pro-mini-module-atmega328-5v-16m-for-arduino-compatible-with-nano\/","url":"https:\/\/www.onetimenexttime.sk\/arduino\/index.php\/produkt\/pro-mini-module-atmega328-5v-16m-for-arduino-compatible-with-nano\/","name":"Pro Mini Module Atmega328 5V 16M For Arduino Compatible With Nano - Arduino e-shop","isPartOf":{"@id":"https:\/\/www.onetimenexttime.sk\/arduino\/#website"},"primaryImageOfPage":{"@id":"https:\/\/www.onetimenexttime.sk\/arduino\/index.php\/produkt\/pro-mini-module-atmega328-5v-16m-for-arduino-compatible-with-nano\/#primaryimage"},"image":{"@id":"https:\/\/www.onetimenexttime.sk\/arduino\/index.php\/produkt\/pro-mini-module-atmega328-5v-16m-for-arduino-compatible-with-nano\/#primaryimage"},"thumbnailUrl":"https:\/\/www.onetimenexttime.sk\/arduino\/wp-content\/uploads\/2021\/10\/523-1.jpg","datePublished":"2021-10-18T14:24:05+00:00","dateModified":"2021-10-18T14:26:28+00:00","breadcrumb":{"@id":"https:\/\/www.onetimenexttime.sk\/arduino\/index.php\/produkt\/pro-mini-module-atmega328-5v-16m-for-arduino-compatible-with-nano\/#breadcrumb"},"inLanguage":"sk-SK","potentialAction":[{"@type":"ReadAction","target":["https:\/\/www.onetimenexttime.sk\/arduino\/index.php\/produkt\/pro-mini-module-atmega328-5v-16m-for-arduino-compatible-with-nano\/"]}]},{"@type":"ImageObject","inLanguage":"sk-SK","@id":"https:\/\/www.onetimenexttime.sk\/arduino\/index.php\/produkt\/pro-mini-module-atmega328-5v-16m-for-arduino-compatible-with-nano\/#primaryimage","url":"https:\/\/www.onetimenexttime.sk\/arduino\/wp-content\/uploads\/2021\/10\/523-1.jpg","contentUrl":"https:\/\/www.onetimenexttime.sk\/arduino\/wp-content\/uploads\/2021\/10\/523-1.jpg","width":483,"height":482},{"@type":"BreadcrumbList","@id":"https:\/\/www.onetimenexttime.sk\/arduino\/index.php\/produkt\/pro-mini-module-atmega328-5v-16m-for-arduino-compatible-with-nano\/#breadcrumb","itemListElement":[{"@type":"ListItem","position":1,"name":"Domov","item":"https:\/\/www.onetimenexttime.sk\/arduino\/"},{"@type":"ListItem","position":2,"name":"Obchod","item":"https:\/\/www.onetimenexttime.sk\/arduino\/"},{"@type":"ListItem","position":3,"name":"Pro Mini Module Atmega328 5V 16M For Arduino Compatible With Nano"}]},{"@type":"WebSite","@id":"https:\/\/www.onetimenexttime.sk\/arduino\/#website","url":"https:\/\/www.onetimenexttime.sk\/arduino\/","name":"Arduino e-shop","description":"Home Assistant","potentialAction":[{"@type":"SearchAction","target":{"@type":"EntryPoint","urlTemplate":"https:\/\/www.onetimenexttime.sk\/arduino\/?s={search_term_string}"},"query-input":{"@type":"PropertyValueSpecification","valueRequired":true,"valueName":"search_term_string"}}],"inLanguage":"sk-SK"}]}},"_links":{"self":[{"href":"https:\/\/www.onetimenexttime.sk\/arduino\/index.php\/wp-json\/wp\/v2\/product\/255"}],"collection":[{"href":"https:\/\/www.onetimenexttime.sk\/arduino\/index.php\/wp-json\/wp\/v2\/product"}],"about":[{"href":"https:\/\/www.onetimenexttime.sk\/arduino\/index.php\/wp-json\/wp\/v2\/types\/product"}],"wp:featuredmedia":[{"embeddable":true,"href":"https:\/\/www.onetimenexttime.sk\/arduino\/index.php\/wp-json\/wp\/v2\/media\/257"}],"wp:attachment":[{"href":"https:\/\/www.onetimenexttime.sk\/arduino\/index.php\/wp-json\/wp\/v2\/media?parent=255"}],"wp:term":[{"taxonomy":"product_cat","embeddable":true,"href":"https:\/\/www.onetimenexttime.sk\/arduino\/index.php\/wp-json\/wp\/v2\/product_cat?post=255"},{"taxonomy":"product_tag","embeddable":true,"href":"https:\/\/www.onetimenexttime.sk\/arduino\/index.php\/wp-json\/wp\/v2\/product_tag?post=255"}],"curies":[{"name":"wp","href":"https:\/\/api.w.org\/{rel}","templated":true}]}}