{"id":251,"date":"2021-10-18T16:17:23","date_gmt":"2021-10-18T14:17:23","guid":{"rendered":"https:\/\/www.onetimenexttime.sk\/arduino\/?post_type=product&#038;p=251"},"modified":"2021-10-18T16:19:48","modified_gmt":"2021-10-18T14:19:48","slug":"yun-shield-v2-3-all-in-one-shield-for-arduino-uno-leonardomega2560-linux-wifi-ethernet-usb","status":"publish","type":"product","link":"https:\/\/www.onetimenexttime.sk\/arduino\/index.php\/produkt\/yun-shield-v2-3-all-in-one-shield-for-arduino-uno-leonardomega2560-linux-wifi-ethernet-usb\/","title":{"rendered":"Yun Shield v2.3 All-in-one Shield for Arduino UNO, Leonardo,Mega2560 Linux, WiFi, Ethernet, USB"},"content":{"rendered":"<p>\u0160t\u00edt typu v\u0161etko v jednom Yun Shield v2.3 pre Arduino UNO, Leonardo, Mega2560 Linux, WiFi, Ethernet, USB<\/p>\n<p>&nbsp;<\/p>\n<p>Yun Shield je jedn\u00fdm z najsilnej\u0161\u00edch \u0161t\u00edtov pre Arduino Board. Yun Shield je navrhnut\u00fd tak, aby vyrie\u0161il probl\u00e9m s internetov\u00fdm pripojen\u00edm a \u00falo\u017eiskom pre Arduino Board.<\/p>\n<p>S Yun Shield m\u00f4\u017ee u\u017e\u00edvate\u013e \u013eahko prida\u0165 podporu WiFi, Ethernet, USB na Arduinos.<\/p>\n<p>YunShield_v2.3_1<\/p>\n<p>Yun Shield be\u017e\u00ed na syst\u00e9me Open Source OpenWrt (rovnak\u00fd syst\u00e9m ako v Arduino Yun) a je plne kompatibiln\u00fd s Arduino IDE v1.5.4 alebo nov\u0161\u00edm.<\/p>\n<p>Yun Shield je ide\u00e1lnou vo\u013ebou pre projekty Arduino, ktor\u00e9 vy\u017eaduj\u00fa r\u00f4zne internetov\u00e9 pripojenia a viac \u00falo\u017en\u00e9ho priestoru.<\/p>\n<p>&nbsp;<\/p>\n<p>V z\u00e1sade je Yun Shield + Leonardo rovnak\u00fd ako ofici\u00e1lny Arduino Yun, ale Yun Shield je flexibilnej\u0161\u00ed, preto\u017ee m\u00f4\u017ee pracova\u0165 s in\u00fdmi doskami Arduino, ako s\u00fa Uno, Duemilanove, Mega at\u010f. A<\/p>\n<p>Yun Shield pou\u017e\u00edva extern\u00fa wifi ant\u00e9nu, ktor\u00e1 poskytuje stabilitu a mo\u017enosti pre r\u00f4zne prostrediach.<\/p>\n","protected":false},"excerpt":{"rendered":"<p>\u0160t\u00edt typu v\u0161etko v jednom Yun Shield v2.3 pre Arduino UNO, Leonardo, Mega2560 Linux, WiFi, Ethernet, USB &nbsp; Yun Shield&hellip;<\/p>\n","protected":false},"featured_media":252,"template":"","meta":{"_monsterinsights_skip_tracking":false,"_monsterinsights_sitenote_active":false,"_monsterinsights_sitenote_note":"","_monsterinsights_sitenote_category":0},"product_cat":[16],"product_tag":[],"class_list":{"0":"post-251","1":"product","2":"type-product","3":"status-publish","4":"has-post-thumbnail","6":"product_cat-ard","8":"first","9":"instock","10":"shipping-taxable","11":"purchasable","12":"product-type-simple"},"yoast_head":"<!-- This site is optimized with the Yoast SEO plugin v23.6 - https:\/\/yoast.com\/wordpress\/plugins\/seo\/ -->\n<title>Yun Shield v2.3 All-in-one Shield for Arduino UNO, Leonardo,Mega2560 Linux, WiFi, Ethernet, USB - Arduino e-shop<\/title>\n<meta name=\"robots\" content=\"index, follow, max-snippet:-1, max-image-preview:large, max-video-preview:-1\" \/>\n<link rel=\"canonical\" href=\"https:\/\/www.onetimenexttime.sk\/arduino\/index.php\/produkt\/yun-shield-v2-3-all-in-one-shield-for-arduino-uno-leonardomega2560-linux-wifi-ethernet-usb\/\" \/>\n<meta property=\"og:locale\" content=\"sk_SK\" \/>\n<meta property=\"og:type\" content=\"article\" \/>\n<meta property=\"og:title\" content=\"Yun Shield v2.3 All-in-one Shield for Arduino UNO, Leonardo,Mega2560 Linux, WiFi, Ethernet, USB - Arduino e-shop\" \/>\n<meta property=\"og:description\" content=\"\u0160t\u00edt typu v\u0161etko v jednom Yun Shield v2.3 pre Arduino UNO, Leonardo, Mega2560 Linux, WiFi, Ethernet, USB &nbsp; Yun Shield&hellip;\" \/>\n<meta property=\"og:url\" content=\"https:\/\/www.onetimenexttime.sk\/arduino\/index.php\/produkt\/yun-shield-v2-3-all-in-one-shield-for-arduino-uno-leonardomega2560-linux-wifi-ethernet-usb\/\" \/>\n<meta property=\"og:site_name\" content=\"Arduino e-shop\" \/>\n<meta property=\"article:modified_time\" content=\"2021-10-18T14:19:48+00:00\" \/>\n<meta property=\"og:image\" content=\"https:\/\/www.onetimenexttime.sk\/arduino\/wp-content\/uploads\/2021\/10\/511.jpg\" \/>\n\t<meta property=\"og:image:width\" content=\"483\" \/>\n\t<meta property=\"og:image:height\" content=\"482\" \/>\n\t<meta property=\"og:image:type\" content=\"image\/jpeg\" \/>\n<meta name=\"twitter:card\" content=\"summary_large_image\" \/>\n<meta name=\"twitter:label1\" content=\"Predpokladan\u00fd \u010das \u010d\u00edtania\" \/>\n\t<meta name=\"twitter:data1\" content=\"1 min\u00fata\" \/>\n<script type=\"application\/ld+json\" class=\"yoast-schema-graph\">{\"@context\":\"https:\/\/schema.org\",\"@graph\":[{\"@type\":\"WebPage\",\"@id\":\"https:\/\/www.onetimenexttime.sk\/arduino\/index.php\/produkt\/yun-shield-v2-3-all-in-one-shield-for-arduino-uno-leonardomega2560-linux-wifi-ethernet-usb\/\",\"url\":\"https:\/\/www.onetimenexttime.sk\/arduino\/index.php\/produkt\/yun-shield-v2-3-all-in-one-shield-for-arduino-uno-leonardomega2560-linux-wifi-ethernet-usb\/\",\"name\":\"Yun Shield v2.3 All-in-one Shield for Arduino UNO, Leonardo,Mega2560 Linux, WiFi, Ethernet, USB - Arduino e-shop\",\"isPartOf\":{\"@id\":\"https:\/\/www.onetimenexttime.sk\/arduino\/#website\"},\"primaryImageOfPage\":{\"@id\":\"https:\/\/www.onetimenexttime.sk\/arduino\/index.php\/produkt\/yun-shield-v2-3-all-in-one-shield-for-arduino-uno-leonardomega2560-linux-wifi-ethernet-usb\/#primaryimage\"},\"image\":{\"@id\":\"https:\/\/www.onetimenexttime.sk\/arduino\/index.php\/produkt\/yun-shield-v2-3-all-in-one-shield-for-arduino-uno-leonardomega2560-linux-wifi-ethernet-usb\/#primaryimage\"},\"thumbnailUrl\":\"https:\/\/www.onetimenexttime.sk\/arduino\/wp-content\/uploads\/2021\/10\/511.jpg\",\"datePublished\":\"2021-10-18T14:17:23+00:00\",\"dateModified\":\"2021-10-18T14:19:48+00:00\",\"breadcrumb\":{\"@id\":\"https:\/\/www.onetimenexttime.sk\/arduino\/index.php\/produkt\/yun-shield-v2-3-all-in-one-shield-for-arduino-uno-leonardomega2560-linux-wifi-ethernet-usb\/#breadcrumb\"},\"inLanguage\":\"sk-SK\",\"potentialAction\":[{\"@type\":\"ReadAction\",\"target\":[\"https:\/\/www.onetimenexttime.sk\/arduino\/index.php\/produkt\/yun-shield-v2-3-all-in-one-shield-for-arduino-uno-leonardomega2560-linux-wifi-ethernet-usb\/\"]}]},{\"@type\":\"ImageObject\",\"inLanguage\":\"sk-SK\",\"@id\":\"https:\/\/www.onetimenexttime.sk\/arduino\/index.php\/produkt\/yun-shield-v2-3-all-in-one-shield-for-arduino-uno-leonardomega2560-linux-wifi-ethernet-usb\/#primaryimage\",\"url\":\"https:\/\/www.onetimenexttime.sk\/arduino\/wp-content\/uploads\/2021\/10\/511.jpg\",\"contentUrl\":\"https:\/\/www.onetimenexttime.sk\/arduino\/wp-content\/uploads\/2021\/10\/511.jpg\",\"width\":483,\"height\":482},{\"@type\":\"BreadcrumbList\",\"@id\":\"https:\/\/www.onetimenexttime.sk\/arduino\/index.php\/produkt\/yun-shield-v2-3-all-in-one-shield-for-arduino-uno-leonardomega2560-linux-wifi-ethernet-usb\/#breadcrumb\",\"itemListElement\":[{\"@type\":\"ListItem\",\"position\":1,\"name\":\"Domov\",\"item\":\"https:\/\/www.onetimenexttime.sk\/arduino\/\"},{\"@type\":\"ListItem\",\"position\":2,\"name\":\"Obchod\",\"item\":\"https:\/\/www.onetimenexttime.sk\/arduino\/\"},{\"@type\":\"ListItem\",\"position\":3,\"name\":\"Yun Shield v2.3 All-in-one Shield for Arduino UNO, Leonardo,Mega2560 Linux, WiFi, Ethernet, USB\"}]},{\"@type\":\"WebSite\",\"@id\":\"https:\/\/www.onetimenexttime.sk\/arduino\/#website\",\"url\":\"https:\/\/www.onetimenexttime.sk\/arduino\/\",\"name\":\"Arduino e-shop\",\"description\":\"Home Assistant\",\"potentialAction\":[{\"@type\":\"SearchAction\",\"target\":{\"@type\":\"EntryPoint\",\"urlTemplate\":\"https:\/\/www.onetimenexttime.sk\/arduino\/?s={search_term_string}\"},\"query-input\":{\"@type\":\"PropertyValueSpecification\",\"valueRequired\":true,\"valueName\":\"search_term_string\"}}],\"inLanguage\":\"sk-SK\"}]}<\/script>\n<!-- \/ Yoast SEO plugin. -->","yoast_head_json":{"title":"Yun Shield v2.3 All-in-one Shield for Arduino UNO, Leonardo,Mega2560 Linux, WiFi, Ethernet, USB - Arduino e-shop","robots":{"index":"index","follow":"follow","max-snippet":"max-snippet:-1","max-image-preview":"max-image-preview:large","max-video-preview":"max-video-preview:-1"},"canonical":"https:\/\/www.onetimenexttime.sk\/arduino\/index.php\/produkt\/yun-shield-v2-3-all-in-one-shield-for-arduino-uno-leonardomega2560-linux-wifi-ethernet-usb\/","og_locale":"sk_SK","og_type":"article","og_title":"Yun Shield v2.3 All-in-one Shield for Arduino UNO, Leonardo,Mega2560 Linux, WiFi, Ethernet, USB - Arduino e-shop","og_description":"\u0160t\u00edt typu v\u0161etko v jednom Yun Shield v2.3 pre Arduino UNO, Leonardo, Mega2560 Linux, WiFi, Ethernet, USB &nbsp; Yun Shield&hellip;","og_url":"https:\/\/www.onetimenexttime.sk\/arduino\/index.php\/produkt\/yun-shield-v2-3-all-in-one-shield-for-arduino-uno-leonardomega2560-linux-wifi-ethernet-usb\/","og_site_name":"Arduino e-shop","article_modified_time":"2021-10-18T14:19:48+00:00","og_image":[{"width":483,"height":482,"url":"https:\/\/www.onetimenexttime.sk\/arduino\/wp-content\/uploads\/2021\/10\/511.jpg","type":"image\/jpeg"}],"twitter_card":"summary_large_image","twitter_misc":{"Predpokladan\u00fd \u010das \u010d\u00edtania":"1 min\u00fata"},"schema":{"@context":"https:\/\/schema.org","@graph":[{"@type":"WebPage","@id":"https:\/\/www.onetimenexttime.sk\/arduino\/index.php\/produkt\/yun-shield-v2-3-all-in-one-shield-for-arduino-uno-leonardomega2560-linux-wifi-ethernet-usb\/","url":"https:\/\/www.onetimenexttime.sk\/arduino\/index.php\/produkt\/yun-shield-v2-3-all-in-one-shield-for-arduino-uno-leonardomega2560-linux-wifi-ethernet-usb\/","name":"Yun Shield v2.3 All-in-one Shield for Arduino UNO, Leonardo,Mega2560 Linux, WiFi, Ethernet, USB - Arduino e-shop","isPartOf":{"@id":"https:\/\/www.onetimenexttime.sk\/arduino\/#website"},"primaryImageOfPage":{"@id":"https:\/\/www.onetimenexttime.sk\/arduino\/index.php\/produkt\/yun-shield-v2-3-all-in-one-shield-for-arduino-uno-leonardomega2560-linux-wifi-ethernet-usb\/#primaryimage"},"image":{"@id":"https:\/\/www.onetimenexttime.sk\/arduino\/index.php\/produkt\/yun-shield-v2-3-all-in-one-shield-for-arduino-uno-leonardomega2560-linux-wifi-ethernet-usb\/#primaryimage"},"thumbnailUrl":"https:\/\/www.onetimenexttime.sk\/arduino\/wp-content\/uploads\/2021\/10\/511.jpg","datePublished":"2021-10-18T14:17:23+00:00","dateModified":"2021-10-18T14:19:48+00:00","breadcrumb":{"@id":"https:\/\/www.onetimenexttime.sk\/arduino\/index.php\/produkt\/yun-shield-v2-3-all-in-one-shield-for-arduino-uno-leonardomega2560-linux-wifi-ethernet-usb\/#breadcrumb"},"inLanguage":"sk-SK","potentialAction":[{"@type":"ReadAction","target":["https:\/\/www.onetimenexttime.sk\/arduino\/index.php\/produkt\/yun-shield-v2-3-all-in-one-shield-for-arduino-uno-leonardomega2560-linux-wifi-ethernet-usb\/"]}]},{"@type":"ImageObject","inLanguage":"sk-SK","@id":"https:\/\/www.onetimenexttime.sk\/arduino\/index.php\/produkt\/yun-shield-v2-3-all-in-one-shield-for-arduino-uno-leonardomega2560-linux-wifi-ethernet-usb\/#primaryimage","url":"https:\/\/www.onetimenexttime.sk\/arduino\/wp-content\/uploads\/2021\/10\/511.jpg","contentUrl":"https:\/\/www.onetimenexttime.sk\/arduino\/wp-content\/uploads\/2021\/10\/511.jpg","width":483,"height":482},{"@type":"BreadcrumbList","@id":"https:\/\/www.onetimenexttime.sk\/arduino\/index.php\/produkt\/yun-shield-v2-3-all-in-one-shield-for-arduino-uno-leonardomega2560-linux-wifi-ethernet-usb\/#breadcrumb","itemListElement":[{"@type":"ListItem","position":1,"name":"Domov","item":"https:\/\/www.onetimenexttime.sk\/arduino\/"},{"@type":"ListItem","position":2,"name":"Obchod","item":"https:\/\/www.onetimenexttime.sk\/arduino\/"},{"@type":"ListItem","position":3,"name":"Yun Shield v2.3 All-in-one Shield for Arduino UNO, Leonardo,Mega2560 Linux, WiFi, Ethernet, USB"}]},{"@type":"WebSite","@id":"https:\/\/www.onetimenexttime.sk\/arduino\/#website","url":"https:\/\/www.onetimenexttime.sk\/arduino\/","name":"Arduino e-shop","description":"Home Assistant","potentialAction":[{"@type":"SearchAction","target":{"@type":"EntryPoint","urlTemplate":"https:\/\/www.onetimenexttime.sk\/arduino\/?s={search_term_string}"},"query-input":{"@type":"PropertyValueSpecification","valueRequired":true,"valueName":"search_term_string"}}],"inLanguage":"sk-SK"}]}},"_links":{"self":[{"href":"https:\/\/www.onetimenexttime.sk\/arduino\/index.php\/wp-json\/wp\/v2\/product\/251"}],"collection":[{"href":"https:\/\/www.onetimenexttime.sk\/arduino\/index.php\/wp-json\/wp\/v2\/product"}],"about":[{"href":"https:\/\/www.onetimenexttime.sk\/arduino\/index.php\/wp-json\/wp\/v2\/types\/product"}],"wp:featuredmedia":[{"embeddable":true,"href":"https:\/\/www.onetimenexttime.sk\/arduino\/index.php\/wp-json\/wp\/v2\/media\/252"}],"wp:attachment":[{"href":"https:\/\/www.onetimenexttime.sk\/arduino\/index.php\/wp-json\/wp\/v2\/media?parent=251"}],"wp:term":[{"taxonomy":"product_cat","embeddable":true,"href":"https:\/\/www.onetimenexttime.sk\/arduino\/index.php\/wp-json\/wp\/v2\/product_cat?post=251"},{"taxonomy":"product_tag","embeddable":true,"href":"https:\/\/www.onetimenexttime.sk\/arduino\/index.php\/wp-json\/wp\/v2\/product_tag?post=251"}],"curies":[{"name":"wp","href":"https:\/\/api.w.org\/{rel}","templated":true}]}}