{"id":249,"date":"2021-10-18T16:15:07","date_gmt":"2021-10-18T14:15:07","guid":{"rendered":"https:\/\/www.onetimenexttime.sk\/arduino\/?post_type=product&#038;p=249"},"modified":"2024-02-23T07:47:29","modified_gmt":"2024-02-23T06:47:29","slug":"micro-usb-lilytiny-lilypad-attiny85-development-board-wearable-module","status":"publish","type":"product","link":"https:\/\/www.onetimenexttime.sk\/arduino\/index.php\/produkt\/micro-usb-lilytiny-lilypad-attiny85-development-board-wearable-module\/","title":{"rendered":"Micro USB LilyTiny LilyPad ATtiny85 Development Board Wearable Module"},"content":{"rendered":"<p>&nbsp;<\/p>\n<h1>Micro USB LilyTiny LilyPad ATtiny85 Development Board Wearable Module<\/h1>\n<table>\n<tbody>\n<tr>\n<th>Sekcia<\/th>\n<th>Popis<\/th>\n<\/tr>\n<tr>\n<td>Popis<\/td>\n<td>Micro USB LilyTiny LilyPad ATtiny85 Development Board je modul ur\u010den\u00fd pre nosenie, zalo\u017een\u00fd na \u010dipe ATtiny85. M\u00e1 integrovan\u00e9 rozhranie USB, \u010do z neho rob\u00ed vhodn\u00fd n\u00e1stroj pre v\u00fdvoj wearable elektroniky.<\/td>\n<\/tr>\n<tr>\n<td>Vlastnosti<\/td>\n<td>\n<ul>\n<li>\u010cip ATtiny85<\/li>\n<li>Integrovan\u00e9 rozhranie USB<\/li>\n<li>Mal\u00e9 rozmery pre jednoduch\u00fa integr\u00e1ciu do nosen\u00fdch projektov<\/li>\n<\/ul>\n<\/td>\n<\/tr>\n<tr>\n<td>\u0160pecifik\u00e1cie<\/td>\n<td>\n<ul>\n<li>Ve\u013ekos\u0165: XX mm x XX mm<\/li>\n<li>Nap\u00e1janie: 5V cez USB<\/li>\n<li>\u010cip: ATtiny85<\/li>\n<\/ul>\n<\/td>\n<\/tr>\n<tr>\n<td>Pr\u00edklady pou\u017eitia<\/td>\n<td>Tento modul m\u00f4\u017ee by\u0165 pou\u017eit\u00fd na v\u00fdvoj interakt\u00edvnych nosen\u00fdch projektov, ako s\u00fa sveteln\u00e9 text\u00edlie, interakt\u00edvne oble\u010denie a podobne.<\/td>\n<\/tr>\n<tr>\n<td>Pr\u00edkladov\u00fd k\u00f3d pre Arduino<\/td>\n<td>\n<div>\n<div>#include &lt;Adafruit_NeoPixel.h&gt;<\/div>\n<div>\/\/the number of the connection port of the first LilyPad Pixel module<\/div>\n<div>#define LED 4<\/div>\n<div>\/\/ number of modules<\/div>\n<div>#define count 10<\/div>\n<div>\/\/create object<\/div>\n<div>Adafruit_NeoPixel ledsWS2812 = Adafruit_NeoPixel(count, LED, NEO_GRB + NEO_KHZ800);<\/div>\n<div>void setup() {<\/div>\n<div>ledsWS2812.begin();<\/div>\n<div>\/\/ turn off all modules &#8211; black<\/div>\n<div>ledsWS2812.show();<\/div>\n<div>}<\/div>\n<div>void loop() {<\/div>\n<div>for(int i=1;i&lt;= count;i++) {<\/div>\n<div>\/\/ send color for the next LED<\/div>\n<div>ledsWS2812.setPixelColor(i, pixels.Color(random(0,255), random(0,255), random(0,255));<\/div>\n<div>}<\/div>\n<div>ledsWS2812.show();<\/div>\n<div>\/\/ pause for 1 second<\/div>\n<div>delay(1000);<\/div>\n<div>}<\/div>\n<\/div>\n<\/td>\n<\/tr>\n<\/tbody>\n<\/table>\n<p><button class=\"code-button\">Skop\u00edrova\u0165 Pr\u00edkladov\u00fd k\u00f3d pre Arduino<\/button><\/p>\n<p>&nbsp;<\/p>\n<h2><span id=\"Arduino_LilyPad_328P_Specifications\"><span>\u0160pecifik\u00e1cie Arduino LilyPad 328P<\/span><\/span><\/h2>\n<ul>\n<li><span>Mikrokontrol\u00e9r: ATmega328P (skontrolujte\u00a0<\/span><a href=\"https:\/\/nerdytechy.com\/atmega328p-pinout\/\"><span>jeho pinout tu<\/span><\/a><span>\u00a0)<\/span><\/li>\n<li><span>Po\u010det digit\u00e1lnych vstupov\/v\u00fdstupov: 20<\/span><\/li>\n<li><span>PWM kompatibiln\u00e9 porty: 6<\/span><\/li>\n<li><span>Po\u010det anal\u00f3gov\u00fdch vstupov: 6<\/span><\/li>\n<li><span>Porty pre hardv\u00e9rov\u00e9 \u200b\u200bpreru\u0161enia: 2<\/span><\/li>\n<li><span>Kapacita flash pam\u00e4te: 32 kB<\/span><\/li>\n<li><span>Kapacita SRAM: 2KB<\/span><\/li>\n<li><span>Kapacita EEPROM: 1 Kb<\/span><\/li>\n<li><span>Frekvencia hod\u00edn: 8 MHz<\/span><\/li>\n<li><span>Nap\u00e1jacie nap\u00e4tie: 2,7-5,5 V<\/span><\/li>\n<li><span>Maxim\u00e1lny pr\u00fad cez I\/O pin: 40 mA<\/span><\/li>\n<li><span>Priemer LilyPad Arduino: 1,96 palca<\/span><\/li>\n<li><span>Hr\u00fabka PCB LilyPad: 0,8 mm<\/span><\/li>\n<\/ul>\n<h2><span id=\"LilyPad_328P_IO_Ports_Power\"><span>LilyPad 328P: I\/O porty, nap\u00e1janie<\/span><\/span><\/h2>\n<p><span>Arduino LilyPad m\u00e1 dev\u00e4\u0165 v\u0161eobecn\u00fdch I\/O portov, z ktor\u00fdch \u0161es\u0165 portov mo\u017eno pou\u017ei\u0165 ako PWM v\u00fdstupy.\u00a0Na pripojenie anal\u00f3gov\u00fdch sn\u00edma\u010dov k doske je k ADC pripojen\u00fdch \u0161es\u0165 portov.\u00a0Samotn\u00e1 doska Arduino LilyPad je vyroben\u00e1 ako kruh s priemerom 50 mm, v\u00fd\u0161kou maxim\u00e1lne 4 mm a hmotnos\u0165ou pribli\u017ene 8 gramov.\u00a0Pr\u00edpustn\u00e9 nap\u00e1jacie nap\u00e4tie je od 2,7 do 5,5 voltov.<\/span><\/p>\n<p>&nbsp;<\/p>\n<h2><span id=\"LilyPad_328_PCB_Overview\"><span>Preh\u013ead plo\u0161n\u00fdch spojov LilyPad 328<\/span><\/span><\/h2>\n<p><span>Platforma Arduino nie je reprezentovan\u00e1 jednou doskou, ale celou rodinou dosiek s r\u00f4znymi vlastnos\u0165ami a funk\u010dnos\u0165ou.\u00a0Jednou z najneobvyklej\u0161\u00edch dosiek Arduino je Arduino LilyPad.\u00a0Navrhla a vytvorila ho Leah Buechley spolu so SparkFun na pou\u017eitie s odevmi a text\u00edliami.\u00a0Arduino LilyPad je mo\u017en\u00e9 pri\u0161i\u0165 na l\u00e1tku a pou\u017ei\u0165 na pripojenie nap\u00e1jania, senzorov alebo ak\u010dn\u00fdch \u010dlenov pomocou vodiv\u00fdch nit\u00ed.\u00a0Elektronick\u00e9 obvody zostaven\u00e9 na tkanine, vr\u00e1tane samotn\u00e9ho Arduino LilyPad, sa neboj\u00ed um\u00fdvania.\u00a0M\u00f4\u017eete ho samozrejme umy\u0165 ru\u010dne, najsk\u00f4r odpojen\u00edm nap\u00e1jania.\u00a0Doska plo\u0161n\u00fdch spojov LilyPad Arduino m\u00e1 tvar kruhu s priemerom cca 50 mm.\u00a0Doska je vyroben\u00e1 s mikrokontrol\u00e9rmi ATmega168V alebo ATmega328V.\u00a0Nap\u00e1jacie nap\u00e4tie dosky je medzi 2,7 V a 5,5 V.\u00a0Ak je nap\u00e1janie z\u00e1porn\u00e9 alebo vy\u0161\u0161ie ako 5,5 V, doska m\u00f4\u017ee zlyha\u0165.\u00a0Existuj\u00fa tri varianty tejto dosky: LilyPad Arduino 328 \u2013 zalo\u017een\u00fd na mikrokontrol\u00e9ri ATmega328.<\/span><\/p>\n<p>&nbsp;<\/p>\n<p><img decoding=\"async\" src=\"https:\/\/nerdytechy.com\/wp-content\/uploads\/2021\/01\/arduino-lilypad-1-1024x575.png\" alt=\"Arduino Lilypad\" \/><\/p>\n<p><img decoding=\"async\" src=\"https:\/\/nerdytechy.com\/wp-content\/uploads\/2021\/01\/arduino-lilypad-pinout-1024x683.png\" alt=\"Arduino LilyPad Board Pinout\" \/><\/p>\n<p>&nbsp;<\/p>\n<p>&nbsp;<\/p>\n<p><img decoding=\"async\" src=\"https:\/\/nerdytechy.com\/wp-content\/uploads\/2021\/01\/arduino-lilypad-pinout-1-1024x601.png\" alt=\"LilyPad 328P: I\/O Ports, Power\" \/><\/p>\n<p>&nbsp;<\/p>\n<p>&nbsp;<\/p>\n<div class=\"enlighter-default enlighter-v-standard enlighter-t-droide enlighter-l-cpp enlighter-hover enlighter-linenumbers enlighter-overflow-scroll \">\n<div class=\"enlighter-code\">\n<div class=\"enlighter\">\n<div class=\"\"><\/div>\n<\/div>\n<\/div>\n<\/div>\n<h2><\/h2>\n<p>&nbsp;<\/p>\n<p>&nbsp;<\/p>\n<p>&nbsp;<\/p>\n<p>Micro USB LilyTiny v\u00fdvojov\u00fa dosku LilyPad ATtiny85 \u2013 va\u0161e ide\u00e1lne nosite\u013en\u00e9 rie\u0161enie Arduino!<\/p>\n<p>Odomknite potenci\u00e1l kompaktn\u00fdch inov\u00e1ci\u00ed s na\u0161ou v\u00fdvojovou doskou LilyTiny LilyPad ATtiny85.\u00a0T\u00e1to profesion\u00e1lna doska, navrhnut\u00e1 pre nosite\u013en\u00e9 zariadenia, sa m\u00f4\u017ee pochv\u00e1li\u0165 v\u00fdnimo\u010dn\u00fdmi funkciami na podporu va\u0161ich kreat\u00edvnych projektov.<\/p>\n<p><strong>K\u013e\u00fa\u010dov\u00e9 vlastnosti:<\/strong><\/p>\n<ul>\n<li><strong>Pohodlie micro USB:<\/strong>\u00a0Bez n\u00e1mahy pripojte a zapnite svoj LilyTiny LilyPad cez micro USB, \u010d\u00edm sa zjednodu\u0161\u00ed nastavenie a pou\u017e\u00edvanie.<\/li>\n<li><strong>Vysok\u00e1 programov\u00e1 pam\u00e4\u0165:<\/strong>\u00a0Vychutnajte si 8 kB bajtov programovate\u013enej flash pam\u00e4te v syst\u00e9me, ktor\u00e1 poskytuje dostatok priestoru pre va\u0161e k\u00f3dovacie aktivity.<\/li>\n<li><strong>V\u0161estrann\u00e1 EEPROM:<\/strong>\u00a0Vyu\u017eite 512 bajtov programovate\u013enej EEPROM v syst\u00e9me, ktor\u00e1 uchov\u00e1va d\u00e1ta aj pri vypnut\u00ed.<\/li>\n<li><strong>R\u00fdchla intern\u00e1 pam\u00e4\u0165 SRAM:<\/strong>\u00a0S 512 bajtami internej pam\u00e4te SRAM za\u017eijete plynulej\u0161ie spracovanie \u00fadajov a r\u00fdchlej\u0161ie vykon\u00e1vanie.<\/li>\n<li><strong>Kompaktn\u00fd dizajn:<\/strong>\u00a0Elegantn\u00fd kruhov\u00fd dizajn dosky s priemerom 25 mm zais\u0165uje, \u017ee sa bez probl\u00e9mov integruje do va\u0161ich nosite\u013en\u00fdch projektov.<\/li>\n<\/ul>\n<p>Pozdvihnite svoje nosite\u013en\u00e9 zariadenia s touto v\u00fdvojovou doskou LilyTiny LilyPad ATtiny85 \u2013 kompaktn\u00e1 sila pre va\u0161e amb\u00edcie Arduino.<\/p>\n<p><strong>Obsah balenia:<\/strong><\/p>\n<ul>\n<li>1 x LilyTiny LilyPad ATtiny85 Development Board: Perfektn\u00fd nosite\u013en\u00fd spolo\u010dn\u00edk pre va\u0161e profesion\u00e1lne projekty.<\/li>\n<\/ul>\n<p>Za\u017eite inov\u00e1ciu v kompaktnej forme.\u00a0Objednajte si v\u00fdvojov\u00fa dosku LilyTiny LilyPad ATtiny85 e\u0161te dnes a vst\u00fapte do sveta neobmedzenej kreativity!<\/p>\n<p>&nbsp;<\/p>\n<p>&nbsp;<\/p>\n<p>&nbsp;<\/p>\n<p>&nbsp;<\/p>\n<p>&nbsp;<\/p>\n<p>Micro USB LilyTiny LilyPad ATtiny85 V\u00fdvojov\u00e1 doska nosite\u013en\u00fd modul<\/p>\n<p>&nbsp;<\/p>\n<p>8 kB Bajt programovate\u013enej programovej pam\u00e4te Flash v syst\u00e9me<br \/>\nProgramovate\u013en\u00e1 EEPROM 512 bajtov v syst\u00e9me<br \/>\n512 Bajtov Intern\u00fd SRAM<br \/>\nPriemer: 25 mm<\/p>\n<p>&nbsp;<\/p>\n<p>&nbsp;<\/p>\n<p>&nbsp;<\/p>\n<h2><span id=\"Conclusions\"><span>Z\u00e1very<\/span><\/span><\/h2>\n<p><span>Platforma Arduino LilyPad je ur\u010den\u00e1 na vytv\u00e1ranie \u201einteligentn\u00e9ho\u201c oble\u010denia a text\u00edli\u00ed, ke\u010f\u017ee doska m\u00e1 mal\u00e9 rozmery.\u00a0Mikroprocesor LilyPad je mo\u017en\u00e9 pri\u0161i\u0165 na odev a pomocou vodiv\u00fdch nit\u00ed s\u00fa k doske pripojen\u00e9 LED di\u00f3dy a senzory.\u00a0Oble\u010denie s mikroovl\u00e1da\u010dom je mo\u017en\u00e9 pra\u0165 v re\u017eime ru\u010dn\u00e9ho prania, bez odstre\u010fovania, opatrn\u00fdm odpojen\u00edm nap\u00e1jania od dosky LilyPad.<\/span><\/p>\n","protected":false},"excerpt":{"rendered":"<p>&nbsp; Micro USB LilyTiny LilyPad ATtiny85 Development Board Wearable Module Sekcia Popis Popis Micro USB LilyTiny LilyPad ATtiny85 Development Board&hellip;<\/p>\n","protected":false},"featured_media":250,"template":"","meta":{"_monsterinsights_skip_tracking":false,"_monsterinsights_sitenote_active":false,"_monsterinsights_sitenote_note":"","_monsterinsights_sitenote_category":0},"product_cat":[16],"product_tag":[],"class_list":{"0":"post-249","1":"product","2":"type-product","3":"status-publish","4":"has-post-thumbnail","6":"product_cat-ard","8":"first","9":"instock","10":"shipping-taxable","11":"purchasable","12":"product-type-simple"},"yoast_head":"<!-- This site is optimized with the Yoast SEO plugin v23.6 - https:\/\/yoast.com\/wordpress\/plugins\/seo\/ -->\n<title>Micro USB LilyTiny LilyPad ATtiny85 Development Board Wearable Module - Arduino e-shop<\/title>\n<meta name=\"robots\" content=\"index, follow, max-snippet:-1, max-image-preview:large, max-video-preview:-1\" \/>\n<link rel=\"canonical\" href=\"https:\/\/www.onetimenexttime.sk\/arduino\/index.php\/produkt\/micro-usb-lilytiny-lilypad-attiny85-development-board-wearable-module\/\" \/>\n<meta property=\"og:locale\" content=\"sk_SK\" \/>\n<meta property=\"og:type\" content=\"article\" \/>\n<meta property=\"og:title\" content=\"Micro USB LilyTiny LilyPad ATtiny85 Development Board Wearable Module - Arduino e-shop\" \/>\n<meta property=\"og:description\" content=\"&nbsp; Micro USB LilyTiny LilyPad ATtiny85 Development Board Wearable Module Sekcia Popis Popis Micro USB LilyTiny LilyPad ATtiny85 Development Board&hellip;\" \/>\n<meta property=\"og:url\" content=\"https:\/\/www.onetimenexttime.sk\/arduino\/index.php\/produkt\/micro-usb-lilytiny-lilypad-attiny85-development-board-wearable-module\/\" \/>\n<meta property=\"og:site_name\" content=\"Arduino e-shop\" \/>\n<meta property=\"article:modified_time\" content=\"2024-02-23T06:47:29+00:00\" \/>\n<meta property=\"og:image\" content=\"https:\/\/www.onetimenexttime.sk\/arduino\/wp-content\/uploads\/2021\/10\/521.jpg\" \/>\n\t<meta property=\"og:image:width\" content=\"483\" \/>\n\t<meta property=\"og:image:height\" content=\"482\" \/>\n\t<meta property=\"og:image:type\" content=\"image\/jpeg\" \/>\n<meta name=\"twitter:card\" content=\"summary_large_image\" \/>\n<meta name=\"twitter:label1\" content=\"Predpokladan\u00fd \u010das \u010d\u00edtania\" \/>\n\t<meta name=\"twitter:data1\" content=\"1 min\u00fata\" \/>\n<script type=\"application\/ld+json\" class=\"yoast-schema-graph\">{\"@context\":\"https:\/\/schema.org\",\"@graph\":[{\"@type\":\"WebPage\",\"@id\":\"https:\/\/www.onetimenexttime.sk\/arduino\/index.php\/produkt\/micro-usb-lilytiny-lilypad-attiny85-development-board-wearable-module\/\",\"url\":\"https:\/\/www.onetimenexttime.sk\/arduino\/index.php\/produkt\/micro-usb-lilytiny-lilypad-attiny85-development-board-wearable-module\/\",\"name\":\"Micro USB LilyTiny LilyPad ATtiny85 Development Board Wearable Module - Arduino e-shop\",\"isPartOf\":{\"@id\":\"https:\/\/www.onetimenexttime.sk\/arduino\/#website\"},\"primaryImageOfPage\":{\"@id\":\"https:\/\/www.onetimenexttime.sk\/arduino\/index.php\/produkt\/micro-usb-lilytiny-lilypad-attiny85-development-board-wearable-module\/#primaryimage\"},\"image\":{\"@id\":\"https:\/\/www.onetimenexttime.sk\/arduino\/index.php\/produkt\/micro-usb-lilytiny-lilypad-attiny85-development-board-wearable-module\/#primaryimage\"},\"thumbnailUrl\":\"https:\/\/www.onetimenexttime.sk\/arduino\/wp-content\/uploads\/2021\/10\/521.jpg\",\"datePublished\":\"2021-10-18T14:15:07+00:00\",\"dateModified\":\"2024-02-23T06:47:29+00:00\",\"breadcrumb\":{\"@id\":\"https:\/\/www.onetimenexttime.sk\/arduino\/index.php\/produkt\/micro-usb-lilytiny-lilypad-attiny85-development-board-wearable-module\/#breadcrumb\"},\"inLanguage\":\"sk-SK\",\"potentialAction\":[{\"@type\":\"ReadAction\",\"target\":[\"https:\/\/www.onetimenexttime.sk\/arduino\/index.php\/produkt\/micro-usb-lilytiny-lilypad-attiny85-development-board-wearable-module\/\"]}]},{\"@type\":\"ImageObject\",\"inLanguage\":\"sk-SK\",\"@id\":\"https:\/\/www.onetimenexttime.sk\/arduino\/index.php\/produkt\/micro-usb-lilytiny-lilypad-attiny85-development-board-wearable-module\/#primaryimage\",\"url\":\"https:\/\/www.onetimenexttime.sk\/arduino\/wp-content\/uploads\/2021\/10\/521.jpg\",\"contentUrl\":\"https:\/\/www.onetimenexttime.sk\/arduino\/wp-content\/uploads\/2021\/10\/521.jpg\",\"width\":483,\"height\":482},{\"@type\":\"BreadcrumbList\",\"@id\":\"https:\/\/www.onetimenexttime.sk\/arduino\/index.php\/produkt\/micro-usb-lilytiny-lilypad-attiny85-development-board-wearable-module\/#breadcrumb\",\"itemListElement\":[{\"@type\":\"ListItem\",\"position\":1,\"name\":\"Domov\",\"item\":\"https:\/\/www.onetimenexttime.sk\/arduino\/\"},{\"@type\":\"ListItem\",\"position\":2,\"name\":\"Obchod\",\"item\":\"https:\/\/www.onetimenexttime.sk\/arduino\/\"},{\"@type\":\"ListItem\",\"position\":3,\"name\":\"Micro USB LilyTiny LilyPad ATtiny85 Development Board Wearable Module\"}]},{\"@type\":\"WebSite\",\"@id\":\"https:\/\/www.onetimenexttime.sk\/arduino\/#website\",\"url\":\"https:\/\/www.onetimenexttime.sk\/arduino\/\",\"name\":\"Arduino e-shop\",\"description\":\"Home Assistant\",\"potentialAction\":[{\"@type\":\"SearchAction\",\"target\":{\"@type\":\"EntryPoint\",\"urlTemplate\":\"https:\/\/www.onetimenexttime.sk\/arduino\/?s={search_term_string}\"},\"query-input\":{\"@type\":\"PropertyValueSpecification\",\"valueRequired\":true,\"valueName\":\"search_term_string\"}}],\"inLanguage\":\"sk-SK\"}]}<\/script>\n<!-- \/ Yoast SEO plugin. -->","yoast_head_json":{"title":"Micro USB LilyTiny LilyPad ATtiny85 Development Board Wearable Module - Arduino e-shop","robots":{"index":"index","follow":"follow","max-snippet":"max-snippet:-1","max-image-preview":"max-image-preview:large","max-video-preview":"max-video-preview:-1"},"canonical":"https:\/\/www.onetimenexttime.sk\/arduino\/index.php\/produkt\/micro-usb-lilytiny-lilypad-attiny85-development-board-wearable-module\/","og_locale":"sk_SK","og_type":"article","og_title":"Micro USB LilyTiny LilyPad ATtiny85 Development Board Wearable Module - Arduino e-shop","og_description":"&nbsp; Micro USB LilyTiny LilyPad ATtiny85 Development Board Wearable Module Sekcia Popis Popis Micro USB LilyTiny LilyPad ATtiny85 Development Board&hellip;","og_url":"https:\/\/www.onetimenexttime.sk\/arduino\/index.php\/produkt\/micro-usb-lilytiny-lilypad-attiny85-development-board-wearable-module\/","og_site_name":"Arduino e-shop","article_modified_time":"2024-02-23T06:47:29+00:00","og_image":[{"width":483,"height":482,"url":"https:\/\/www.onetimenexttime.sk\/arduino\/wp-content\/uploads\/2021\/10\/521.jpg","type":"image\/jpeg"}],"twitter_card":"summary_large_image","twitter_misc":{"Predpokladan\u00fd \u010das \u010d\u00edtania":"1 min\u00fata"},"schema":{"@context":"https:\/\/schema.org","@graph":[{"@type":"WebPage","@id":"https:\/\/www.onetimenexttime.sk\/arduino\/index.php\/produkt\/micro-usb-lilytiny-lilypad-attiny85-development-board-wearable-module\/","url":"https:\/\/www.onetimenexttime.sk\/arduino\/index.php\/produkt\/micro-usb-lilytiny-lilypad-attiny85-development-board-wearable-module\/","name":"Micro USB LilyTiny LilyPad ATtiny85 Development Board Wearable Module - Arduino e-shop","isPartOf":{"@id":"https:\/\/www.onetimenexttime.sk\/arduino\/#website"},"primaryImageOfPage":{"@id":"https:\/\/www.onetimenexttime.sk\/arduino\/index.php\/produkt\/micro-usb-lilytiny-lilypad-attiny85-development-board-wearable-module\/#primaryimage"},"image":{"@id":"https:\/\/www.onetimenexttime.sk\/arduino\/index.php\/produkt\/micro-usb-lilytiny-lilypad-attiny85-development-board-wearable-module\/#primaryimage"},"thumbnailUrl":"https:\/\/www.onetimenexttime.sk\/arduino\/wp-content\/uploads\/2021\/10\/521.jpg","datePublished":"2021-10-18T14:15:07+00:00","dateModified":"2024-02-23T06:47:29+00:00","breadcrumb":{"@id":"https:\/\/www.onetimenexttime.sk\/arduino\/index.php\/produkt\/micro-usb-lilytiny-lilypad-attiny85-development-board-wearable-module\/#breadcrumb"},"inLanguage":"sk-SK","potentialAction":[{"@type":"ReadAction","target":["https:\/\/www.onetimenexttime.sk\/arduino\/index.php\/produkt\/micro-usb-lilytiny-lilypad-attiny85-development-board-wearable-module\/"]}]},{"@type":"ImageObject","inLanguage":"sk-SK","@id":"https:\/\/www.onetimenexttime.sk\/arduino\/index.php\/produkt\/micro-usb-lilytiny-lilypad-attiny85-development-board-wearable-module\/#primaryimage","url":"https:\/\/www.onetimenexttime.sk\/arduino\/wp-content\/uploads\/2021\/10\/521.jpg","contentUrl":"https:\/\/www.onetimenexttime.sk\/arduino\/wp-content\/uploads\/2021\/10\/521.jpg","width":483,"height":482},{"@type":"BreadcrumbList","@id":"https:\/\/www.onetimenexttime.sk\/arduino\/index.php\/produkt\/micro-usb-lilytiny-lilypad-attiny85-development-board-wearable-module\/#breadcrumb","itemListElement":[{"@type":"ListItem","position":1,"name":"Domov","item":"https:\/\/www.onetimenexttime.sk\/arduino\/"},{"@type":"ListItem","position":2,"name":"Obchod","item":"https:\/\/www.onetimenexttime.sk\/arduino\/"},{"@type":"ListItem","position":3,"name":"Micro USB LilyTiny LilyPad ATtiny85 Development Board Wearable Module"}]},{"@type":"WebSite","@id":"https:\/\/www.onetimenexttime.sk\/arduino\/#website","url":"https:\/\/www.onetimenexttime.sk\/arduino\/","name":"Arduino e-shop","description":"Home Assistant","potentialAction":[{"@type":"SearchAction","target":{"@type":"EntryPoint","urlTemplate":"https:\/\/www.onetimenexttime.sk\/arduino\/?s={search_term_string}"},"query-input":{"@type":"PropertyValueSpecification","valueRequired":true,"valueName":"search_term_string"}}],"inLanguage":"sk-SK"}]}},"_links":{"self":[{"href":"https:\/\/www.onetimenexttime.sk\/arduino\/index.php\/wp-json\/wp\/v2\/product\/249"}],"collection":[{"href":"https:\/\/www.onetimenexttime.sk\/arduino\/index.php\/wp-json\/wp\/v2\/product"}],"about":[{"href":"https:\/\/www.onetimenexttime.sk\/arduino\/index.php\/wp-json\/wp\/v2\/types\/product"}],"wp:featuredmedia":[{"embeddable":true,"href":"https:\/\/www.onetimenexttime.sk\/arduino\/index.php\/wp-json\/wp\/v2\/media\/250"}],"wp:attachment":[{"href":"https:\/\/www.onetimenexttime.sk\/arduino\/index.php\/wp-json\/wp\/v2\/media?parent=249"}],"wp:term":[{"taxonomy":"product_cat","embeddable":true,"href":"https:\/\/www.onetimenexttime.sk\/arduino\/index.php\/wp-json\/wp\/v2\/product_cat?post=249"},{"taxonomy":"product_tag","embeddable":true,"href":"https:\/\/www.onetimenexttime.sk\/arduino\/index.php\/wp-json\/wp\/v2\/product_tag?post=249"}],"curies":[{"name":"wp","href":"https:\/\/api.w.org\/{rel}","templated":true}]}}