{"id":240,"date":"2021-10-18T15:49:22","date_gmt":"2021-10-18T13:49:22","guid":{"rendered":"https:\/\/www.onetimenexttime.sk\/arduino\/?post_type=product&#038;p=240"},"modified":"2021-10-18T15:51:50","modified_gmt":"2021-10-18T13:51:50","slug":"usb-tiny-usbtinyisp-avr-isp-programmer-new-for-bootloader-meag2560-uno-r3","status":"publish","type":"product","link":"https:\/\/www.onetimenexttime.sk\/arduino\/index.php\/produkt\/usb-tiny-usbtinyisp-avr-isp-programmer-new-for-bootloader-meag2560-uno-r3\/","title":{"rendered":"USB Tiny USBtinyISP AVR ISP Programmer New For bootloader Meag2560 uno R3"},"content":{"rendered":"<p>USB Tiny USBtinyISP AVR ISP Program\u00e1tor Nov\u00fd pre bootloader Meag2560 uno R3<\/p>\n<p>&nbsp;<\/p>\n<p>USBtinyISP je navrhnut\u00fd pre AVR na z\u00e1klade k\u00e1bla na stiahnutie ISP konektora USB.<br \/>\nOfici\u00e1lne podporovan\u00e9 pre Arduino IDE<br \/>\nPODPORA s bootloaderom Arduino napa\u013euj\u00facim na \u010dipy Atmega<br \/>\nVerzia so 4 otvormi pre skrutky<br \/>\nKontrolka LED nap\u00e1jania a kontrolka aktivity<br \/>\nKondenz\u00e1tor 220 U pre stabiln\u00fd proces<br \/>\nDod\u00e1va sa s jednoduch\u00fdmi pokynmi k programovaniu pre bootloader Arduino a rozhranie USB 8u2.<\/p>\n<p>Obsah<\/p>\n<p>&nbsp;<\/p>\n<p>1x USBTINYISP program\u00e1tor<br \/>\n1x 10pin programovac\u00ed k\u00e1bel<\/p>\n","protected":false},"excerpt":{"rendered":"<p>USB Tiny USBtinyISP AVR ISP Program\u00e1tor Nov\u00fd pre bootloader Meag2560 uno R3 &nbsp; USBtinyISP je navrhnut\u00fd pre AVR na z\u00e1klade&hellip;<\/p>\n","protected":false},"featured_media":241,"template":"","meta":{"_monsterinsights_skip_tracking":false,"_monsterinsights_sitenote_active":false,"_monsterinsights_sitenote_note":"","_monsterinsights_sitenote_category":0},"product_cat":[16],"product_tag":[],"class_list":{"0":"post-240","1":"product","2":"type-product","3":"status-publish","4":"has-post-thumbnail","6":"product_cat-ard","8":"first","9":"instock","10":"sale","11":"shipping-taxable","12":"purchasable","13":"product-type-simple"},"yoast_head":"<!-- This site is optimized with the Yoast SEO plugin v23.6 - https:\/\/yoast.com\/wordpress\/plugins\/seo\/ -->\n<title>USB Tiny USBtinyISP AVR ISP Programmer New For bootloader Meag2560 uno R3 - Arduino e-shop<\/title>\n<meta name=\"robots\" content=\"index, follow, max-snippet:-1, max-image-preview:large, max-video-preview:-1\" \/>\n<link rel=\"canonical\" href=\"https:\/\/www.onetimenexttime.sk\/arduino\/index.php\/produkt\/usb-tiny-usbtinyisp-avr-isp-programmer-new-for-bootloader-meag2560-uno-r3\/\" \/>\n<meta property=\"og:locale\" content=\"sk_SK\" \/>\n<meta property=\"og:type\" content=\"article\" \/>\n<meta property=\"og:title\" content=\"USB Tiny USBtinyISP AVR ISP Programmer New For bootloader Meag2560 uno R3 - Arduino e-shop\" \/>\n<meta property=\"og:description\" content=\"USB Tiny USBtinyISP AVR ISP Program\u00e1tor Nov\u00fd pre bootloader Meag2560 uno R3 &nbsp; USBtinyISP je navrhnut\u00fd pre AVR na z\u00e1klade&hellip;\" \/>\n<meta property=\"og:url\" content=\"https:\/\/www.onetimenexttime.sk\/arduino\/index.php\/produkt\/usb-tiny-usbtinyisp-avr-isp-programmer-new-for-bootloader-meag2560-uno-r3\/\" \/>\n<meta property=\"og:site_name\" content=\"Arduino e-shop\" \/>\n<meta property=\"article:modified_time\" content=\"2021-10-18T13:51:50+00:00\" \/>\n<meta property=\"og:image\" content=\"https:\/\/www.onetimenexttime.sk\/arduino\/wp-content\/uploads\/2021\/10\/507.jpg\" \/>\n\t<meta property=\"og:image:width\" content=\"483\" \/>\n\t<meta property=\"og:image:height\" content=\"482\" \/>\n\t<meta property=\"og:image:type\" content=\"image\/jpeg\" \/>\n<meta name=\"twitter:card\" content=\"summary_large_image\" \/>\n<meta name=\"twitter:label1\" content=\"Predpokladan\u00fd \u010das \u010d\u00edtania\" \/>\n\t<meta name=\"twitter:data1\" content=\"1 min\u00fata\" \/>\n<script type=\"application\/ld+json\" class=\"yoast-schema-graph\">{\"@context\":\"https:\/\/schema.org\",\"@graph\":[{\"@type\":\"WebPage\",\"@id\":\"https:\/\/www.onetimenexttime.sk\/arduino\/index.php\/produkt\/usb-tiny-usbtinyisp-avr-isp-programmer-new-for-bootloader-meag2560-uno-r3\/\",\"url\":\"https:\/\/www.onetimenexttime.sk\/arduino\/index.php\/produkt\/usb-tiny-usbtinyisp-avr-isp-programmer-new-for-bootloader-meag2560-uno-r3\/\",\"name\":\"USB Tiny USBtinyISP AVR ISP Programmer New For bootloader Meag2560 uno R3 - Arduino e-shop\",\"isPartOf\":{\"@id\":\"https:\/\/www.onetimenexttime.sk\/arduino\/#website\"},\"primaryImageOfPage\":{\"@id\":\"https:\/\/www.onetimenexttime.sk\/arduino\/index.php\/produkt\/usb-tiny-usbtinyisp-avr-isp-programmer-new-for-bootloader-meag2560-uno-r3\/#primaryimage\"},\"image\":{\"@id\":\"https:\/\/www.onetimenexttime.sk\/arduino\/index.php\/produkt\/usb-tiny-usbtinyisp-avr-isp-programmer-new-for-bootloader-meag2560-uno-r3\/#primaryimage\"},\"thumbnailUrl\":\"https:\/\/www.onetimenexttime.sk\/arduino\/wp-content\/uploads\/2021\/10\/507.jpg\",\"datePublished\":\"2021-10-18T13:49:22+00:00\",\"dateModified\":\"2021-10-18T13:51:50+00:00\",\"breadcrumb\":{\"@id\":\"https:\/\/www.onetimenexttime.sk\/arduino\/index.php\/produkt\/usb-tiny-usbtinyisp-avr-isp-programmer-new-for-bootloader-meag2560-uno-r3\/#breadcrumb\"},\"inLanguage\":\"sk-SK\",\"potentialAction\":[{\"@type\":\"ReadAction\",\"target\":[\"https:\/\/www.onetimenexttime.sk\/arduino\/index.php\/produkt\/usb-tiny-usbtinyisp-avr-isp-programmer-new-for-bootloader-meag2560-uno-r3\/\"]}]},{\"@type\":\"ImageObject\",\"inLanguage\":\"sk-SK\",\"@id\":\"https:\/\/www.onetimenexttime.sk\/arduino\/index.php\/produkt\/usb-tiny-usbtinyisp-avr-isp-programmer-new-for-bootloader-meag2560-uno-r3\/#primaryimage\",\"url\":\"https:\/\/www.onetimenexttime.sk\/arduino\/wp-content\/uploads\/2021\/10\/507.jpg\",\"contentUrl\":\"https:\/\/www.onetimenexttime.sk\/arduino\/wp-content\/uploads\/2021\/10\/507.jpg\",\"width\":483,\"height\":482},{\"@type\":\"BreadcrumbList\",\"@id\":\"https:\/\/www.onetimenexttime.sk\/arduino\/index.php\/produkt\/usb-tiny-usbtinyisp-avr-isp-programmer-new-for-bootloader-meag2560-uno-r3\/#breadcrumb\",\"itemListElement\":[{\"@type\":\"ListItem\",\"position\":1,\"name\":\"Domov\",\"item\":\"https:\/\/www.onetimenexttime.sk\/arduino\/\"},{\"@type\":\"ListItem\",\"position\":2,\"name\":\"Obchod\",\"item\":\"https:\/\/www.onetimenexttime.sk\/arduino\/\"},{\"@type\":\"ListItem\",\"position\":3,\"name\":\"USB Tiny USBtinyISP AVR ISP Programmer New For bootloader Meag2560 uno R3\"}]},{\"@type\":\"WebSite\",\"@id\":\"https:\/\/www.onetimenexttime.sk\/arduino\/#website\",\"url\":\"https:\/\/www.onetimenexttime.sk\/arduino\/\",\"name\":\"Arduino e-shop\",\"description\":\"Home Assistant\",\"potentialAction\":[{\"@type\":\"SearchAction\",\"target\":{\"@type\":\"EntryPoint\",\"urlTemplate\":\"https:\/\/www.onetimenexttime.sk\/arduino\/?s={search_term_string}\"},\"query-input\":{\"@type\":\"PropertyValueSpecification\",\"valueRequired\":true,\"valueName\":\"search_term_string\"}}],\"inLanguage\":\"sk-SK\"}]}<\/script>\n<!-- \/ Yoast SEO plugin. -->","yoast_head_json":{"title":"USB Tiny USBtinyISP AVR ISP Programmer New For bootloader Meag2560 uno R3 - Arduino e-shop","robots":{"index":"index","follow":"follow","max-snippet":"max-snippet:-1","max-image-preview":"max-image-preview:large","max-video-preview":"max-video-preview:-1"},"canonical":"https:\/\/www.onetimenexttime.sk\/arduino\/index.php\/produkt\/usb-tiny-usbtinyisp-avr-isp-programmer-new-for-bootloader-meag2560-uno-r3\/","og_locale":"sk_SK","og_type":"article","og_title":"USB Tiny USBtinyISP AVR ISP Programmer New For bootloader Meag2560 uno R3 - Arduino e-shop","og_description":"USB Tiny USBtinyISP AVR ISP Program\u00e1tor Nov\u00fd pre bootloader Meag2560 uno R3 &nbsp; USBtinyISP je navrhnut\u00fd pre AVR na z\u00e1klade&hellip;","og_url":"https:\/\/www.onetimenexttime.sk\/arduino\/index.php\/produkt\/usb-tiny-usbtinyisp-avr-isp-programmer-new-for-bootloader-meag2560-uno-r3\/","og_site_name":"Arduino e-shop","article_modified_time":"2021-10-18T13:51:50+00:00","og_image":[{"width":483,"height":482,"url":"https:\/\/www.onetimenexttime.sk\/arduino\/wp-content\/uploads\/2021\/10\/507.jpg","type":"image\/jpeg"}],"twitter_card":"summary_large_image","twitter_misc":{"Predpokladan\u00fd \u010das \u010d\u00edtania":"1 min\u00fata"},"schema":{"@context":"https:\/\/schema.org","@graph":[{"@type":"WebPage","@id":"https:\/\/www.onetimenexttime.sk\/arduino\/index.php\/produkt\/usb-tiny-usbtinyisp-avr-isp-programmer-new-for-bootloader-meag2560-uno-r3\/","url":"https:\/\/www.onetimenexttime.sk\/arduino\/index.php\/produkt\/usb-tiny-usbtinyisp-avr-isp-programmer-new-for-bootloader-meag2560-uno-r3\/","name":"USB Tiny USBtinyISP AVR ISP Programmer New For bootloader Meag2560 uno R3 - Arduino e-shop","isPartOf":{"@id":"https:\/\/www.onetimenexttime.sk\/arduino\/#website"},"primaryImageOfPage":{"@id":"https:\/\/www.onetimenexttime.sk\/arduino\/index.php\/produkt\/usb-tiny-usbtinyisp-avr-isp-programmer-new-for-bootloader-meag2560-uno-r3\/#primaryimage"},"image":{"@id":"https:\/\/www.onetimenexttime.sk\/arduino\/index.php\/produkt\/usb-tiny-usbtinyisp-avr-isp-programmer-new-for-bootloader-meag2560-uno-r3\/#primaryimage"},"thumbnailUrl":"https:\/\/www.onetimenexttime.sk\/arduino\/wp-content\/uploads\/2021\/10\/507.jpg","datePublished":"2021-10-18T13:49:22+00:00","dateModified":"2021-10-18T13:51:50+00:00","breadcrumb":{"@id":"https:\/\/www.onetimenexttime.sk\/arduino\/index.php\/produkt\/usb-tiny-usbtinyisp-avr-isp-programmer-new-for-bootloader-meag2560-uno-r3\/#breadcrumb"},"inLanguage":"sk-SK","potentialAction":[{"@type":"ReadAction","target":["https:\/\/www.onetimenexttime.sk\/arduino\/index.php\/produkt\/usb-tiny-usbtinyisp-avr-isp-programmer-new-for-bootloader-meag2560-uno-r3\/"]}]},{"@type":"ImageObject","inLanguage":"sk-SK","@id":"https:\/\/www.onetimenexttime.sk\/arduino\/index.php\/produkt\/usb-tiny-usbtinyisp-avr-isp-programmer-new-for-bootloader-meag2560-uno-r3\/#primaryimage","url":"https:\/\/www.onetimenexttime.sk\/arduino\/wp-content\/uploads\/2021\/10\/507.jpg","contentUrl":"https:\/\/www.onetimenexttime.sk\/arduino\/wp-content\/uploads\/2021\/10\/507.jpg","width":483,"height":482},{"@type":"BreadcrumbList","@id":"https:\/\/www.onetimenexttime.sk\/arduino\/index.php\/produkt\/usb-tiny-usbtinyisp-avr-isp-programmer-new-for-bootloader-meag2560-uno-r3\/#breadcrumb","itemListElement":[{"@type":"ListItem","position":1,"name":"Domov","item":"https:\/\/www.onetimenexttime.sk\/arduino\/"},{"@type":"ListItem","position":2,"name":"Obchod","item":"https:\/\/www.onetimenexttime.sk\/arduino\/"},{"@type":"ListItem","position":3,"name":"USB Tiny USBtinyISP AVR ISP Programmer New For bootloader Meag2560 uno R3"}]},{"@type":"WebSite","@id":"https:\/\/www.onetimenexttime.sk\/arduino\/#website","url":"https:\/\/www.onetimenexttime.sk\/arduino\/","name":"Arduino e-shop","description":"Home Assistant","potentialAction":[{"@type":"SearchAction","target":{"@type":"EntryPoint","urlTemplate":"https:\/\/www.onetimenexttime.sk\/arduino\/?s={search_term_string}"},"query-input":{"@type":"PropertyValueSpecification","valueRequired":true,"valueName":"search_term_string"}}],"inLanguage":"sk-SK"}]}},"_links":{"self":[{"href":"https:\/\/www.onetimenexttime.sk\/arduino\/index.php\/wp-json\/wp\/v2\/product\/240"}],"collection":[{"href":"https:\/\/www.onetimenexttime.sk\/arduino\/index.php\/wp-json\/wp\/v2\/product"}],"about":[{"href":"https:\/\/www.onetimenexttime.sk\/arduino\/index.php\/wp-json\/wp\/v2\/types\/product"}],"wp:featuredmedia":[{"embeddable":true,"href":"https:\/\/www.onetimenexttime.sk\/arduino\/index.php\/wp-json\/wp\/v2\/media\/241"}],"wp:attachment":[{"href":"https:\/\/www.onetimenexttime.sk\/arduino\/index.php\/wp-json\/wp\/v2\/media?parent=240"}],"wp:term":[{"taxonomy":"product_cat","embeddable":true,"href":"https:\/\/www.onetimenexttime.sk\/arduino\/index.php\/wp-json\/wp\/v2\/product_cat?post=240"},{"taxonomy":"product_tag","embeddable":true,"href":"https:\/\/www.onetimenexttime.sk\/arduino\/index.php\/wp-json\/wp\/v2\/product_tag?post=240"}],"curies":[{"name":"wp","href":"https:\/\/api.w.org\/{rel}","templated":true}]}}