{"id":24,"date":"2021-10-17T13:52:50","date_gmt":"2021-10-17T11:52:50","guid":{"rendered":"https:\/\/www.onetimenexttime.sk\/arduino\/?post_type=product&#038;p=24"},"modified":"2021-10-31T23:15:06","modified_gmt":"2021-10-31T22:15:06","slug":"sensor-shield-v4-digital-analog-module-servo-motor-for-arduino-uno","status":"publish","type":"product","link":"https:\/\/www.onetimenexttime.sk\/arduino\/index.php\/produkt\/sensor-shield-v4-digital-analog-module-servo-motor-for-arduino-uno\/","title":{"rendered":"Sensor Shield V4 Digital Analog Module &#038; Servo Motor For Arduino UNO"},"content":{"rendered":"<p>\u00daplne nov\u00e9 a vysoko kvalitn\u00e9.<br \/>\nKa\u017ed\u00fd funk\u010dn\u00fd modul m\u00e1 pripnut\u00fd port s VCC, GND a v\u00fdstupom, ktor\u00fd m\u00e1 zodpovedaj\u00faci port na \u0161t\u00edtu senzora, spojen\u00fd s oby\u010dajn\u00fdm 2,54 mm dvojit\u00fdm k\u00e1blom, ktor\u00fd m\u00f4\u017eete za\u010da\u0165 hra\u0165. K\u00e1ble s vybo\u010den\u00fdmi tehlami s\u00fa ako cement pre tehly, u\u013eah\u010duj\u00fa spojenie, zais\u0165uj\u00fa ho a p\u00f4sobia profesion\u00e1lnej\u0161ie.<br \/>\nsta\u010d\u00ed zapoji\u0165 a hra\u0165.<br \/>\nPrev\u00e1dzkov\u00e9 nap\u00e4tie: 5VDC.<br \/>\nVstupn\u00e9 nap\u00e4tie (odpor\u00fa\u010dan\u00e9): 7-12 VDC.<br \/>\nVstupn\u00e9 nap\u00e4tie (limity): 6-20VDC.<br \/>\nAnal\u00f3gov\u00fd port s prackou: Praktick\u00e9, pevn\u00e9 pripojenie k 6 anal\u00f3gov\u00fdm vstupom s VCC\/GND.<br \/>\nDigit\u00e1lny port IO: 13 portov pripraven\u00fdch na digit\u00e1lne moduly alebo serva.<br \/>\nAnal\u00f3gov\u00fd vstupno -v\u00fdstupn\u00fd port: 2,54 mrie\u017ekov\u00e9 z\u00e1str\u010dky konektora.<br \/>\nKomunika\u010dn\u00fd port s podperou: Volite\u013en\u00fd medzi I2C a UARt.<\/p>\n<p>Farba: modr\u00e1 a \u010dierna<br \/>\nVe\u013ekos\u0165 polo\u017eky: 68*56*18 mm<br \/>\n\u010cist\u00e1 hmotnos\u0165: 29 g<br \/>\nHmotnos\u0165 bal\u00edka: 37 g<\/p>\n<p>1 x modul<\/p>\n","protected":false},"excerpt":{"rendered":"<p>\u00daplne nov\u00e9 a vysoko kvalitn\u00e9. Ka\u017ed\u00fd funk\u010dn\u00fd modul m\u00e1 pripnut\u00fd port s VCC, GND a v\u00fdstupom, ktor\u00fd m\u00e1 zodpovedaj\u00faci port&hellip;<\/p>\n","protected":false},"featured_media":25,"template":"","meta":{"_monsterinsights_skip_tracking":false,"_monsterinsights_sitenote_active":false,"_monsterinsights_sitenote_note":"","_monsterinsights_sitenote_category":0},"product_cat":[16,17,52],"product_tag":[],"class_list":{"0":"post-24","1":"product","2":"type-product","3":"status-publish","4":"has-post-thumbnail","6":"product_cat-ard","7":"product_cat-modul","8":"product_cat-motor-modul","10":"first","11":"instock","12":"sale","13":"shipping-taxable","14":"purchasable","15":"product-type-simple"},"yoast_head":"<!-- This site is optimized with the Yoast SEO plugin v23.6 - https:\/\/yoast.com\/wordpress\/plugins\/seo\/ -->\n<title>Sensor Shield V4 Digital Analog Module &amp; Servo Motor For Arduino UNO - Arduino e-shop<\/title>\n<meta name=\"robots\" content=\"index, follow, max-snippet:-1, max-image-preview:large, max-video-preview:-1\" \/>\n<link rel=\"canonical\" href=\"https:\/\/www.onetimenexttime.sk\/arduino\/index.php\/produkt\/sensor-shield-v4-digital-analog-module-servo-motor-for-arduino-uno\/\" \/>\n<meta property=\"og:locale\" content=\"sk_SK\" \/>\n<meta property=\"og:type\" content=\"article\" \/>\n<meta property=\"og:title\" content=\"Sensor Shield V4 Digital Analog Module &amp; Servo Motor For Arduino UNO - Arduino e-shop\" \/>\n<meta property=\"og:description\" content=\"\u00daplne nov\u00e9 a vysoko kvalitn\u00e9. Ka\u017ed\u00fd funk\u010dn\u00fd modul m\u00e1 pripnut\u00fd port s VCC, GND a v\u00fdstupom, ktor\u00fd m\u00e1 zodpovedaj\u00faci port&hellip;\" \/>\n<meta property=\"og:url\" content=\"https:\/\/www.onetimenexttime.sk\/arduino\/index.php\/produkt\/sensor-shield-v4-digital-analog-module-servo-motor-for-arduino-uno\/\" \/>\n<meta property=\"og:site_name\" content=\"Arduino e-shop\" \/>\n<meta property=\"article:modified_time\" content=\"2021-10-31T22:15:06+00:00\" \/>\n<meta property=\"og:image\" content=\"https:\/\/www.onetimenexttime.sk\/arduino\/wp-content\/uploads\/2021\/10\/207.webp\" \/>\n\t<meta property=\"og:image:width\" content=\"500\" \/>\n\t<meta property=\"og:image:height\" content=\"500\" \/>\n\t<meta property=\"og:image:type\" content=\"image\/webp\" \/>\n<meta name=\"twitter:card\" content=\"summary_large_image\" \/>\n<meta name=\"twitter:label1\" content=\"Predpokladan\u00fd \u010das \u010d\u00edtania\" \/>\n\t<meta name=\"twitter:data1\" content=\"1 min\u00fata\" \/>\n<script type=\"application\/ld+json\" class=\"yoast-schema-graph\">{\"@context\":\"https:\/\/schema.org\",\"@graph\":[{\"@type\":\"WebPage\",\"@id\":\"https:\/\/www.onetimenexttime.sk\/arduino\/index.php\/produkt\/sensor-shield-v4-digital-analog-module-servo-motor-for-arduino-uno\/\",\"url\":\"https:\/\/www.onetimenexttime.sk\/arduino\/index.php\/produkt\/sensor-shield-v4-digital-analog-module-servo-motor-for-arduino-uno\/\",\"name\":\"Sensor Shield V4 Digital Analog Module & Servo Motor For Arduino UNO - Arduino e-shop\",\"isPartOf\":{\"@id\":\"https:\/\/www.onetimenexttime.sk\/arduino\/#website\"},\"primaryImageOfPage\":{\"@id\":\"https:\/\/www.onetimenexttime.sk\/arduino\/index.php\/produkt\/sensor-shield-v4-digital-analog-module-servo-motor-for-arduino-uno\/#primaryimage\"},\"image\":{\"@id\":\"https:\/\/www.onetimenexttime.sk\/arduino\/index.php\/produkt\/sensor-shield-v4-digital-analog-module-servo-motor-for-arduino-uno\/#primaryimage\"},\"thumbnailUrl\":\"https:\/\/www.onetimenexttime.sk\/arduino\/wp-content\/uploads\/2021\/10\/207.webp\",\"datePublished\":\"2021-10-17T11:52:50+00:00\",\"dateModified\":\"2021-10-31T22:15:06+00:00\",\"breadcrumb\":{\"@id\":\"https:\/\/www.onetimenexttime.sk\/arduino\/index.php\/produkt\/sensor-shield-v4-digital-analog-module-servo-motor-for-arduino-uno\/#breadcrumb\"},\"inLanguage\":\"sk-SK\",\"potentialAction\":[{\"@type\":\"ReadAction\",\"target\":[\"https:\/\/www.onetimenexttime.sk\/arduino\/index.php\/produkt\/sensor-shield-v4-digital-analog-module-servo-motor-for-arduino-uno\/\"]}]},{\"@type\":\"ImageObject\",\"inLanguage\":\"sk-SK\",\"@id\":\"https:\/\/www.onetimenexttime.sk\/arduino\/index.php\/produkt\/sensor-shield-v4-digital-analog-module-servo-motor-for-arduino-uno\/#primaryimage\",\"url\":\"https:\/\/www.onetimenexttime.sk\/arduino\/wp-content\/uploads\/2021\/10\/207.webp\",\"contentUrl\":\"https:\/\/www.onetimenexttime.sk\/arduino\/wp-content\/uploads\/2021\/10\/207.webp\",\"width\":500,\"height\":500},{\"@type\":\"BreadcrumbList\",\"@id\":\"https:\/\/www.onetimenexttime.sk\/arduino\/index.php\/produkt\/sensor-shield-v4-digital-analog-module-servo-motor-for-arduino-uno\/#breadcrumb\",\"itemListElement\":[{\"@type\":\"ListItem\",\"position\":1,\"name\":\"Domov\",\"item\":\"https:\/\/www.onetimenexttime.sk\/arduino\/\"},{\"@type\":\"ListItem\",\"position\":2,\"name\":\"Obchod\",\"item\":\"https:\/\/www.onetimenexttime.sk\/arduino\/\"},{\"@type\":\"ListItem\",\"position\":3,\"name\":\"Sensor Shield V4 Digital Analog Module &#038; Servo Motor For Arduino UNO\"}]},{\"@type\":\"WebSite\",\"@id\":\"https:\/\/www.onetimenexttime.sk\/arduino\/#website\",\"url\":\"https:\/\/www.onetimenexttime.sk\/arduino\/\",\"name\":\"Arduino e-shop\",\"description\":\"Home Assistant\",\"potentialAction\":[{\"@type\":\"SearchAction\",\"target\":{\"@type\":\"EntryPoint\",\"urlTemplate\":\"https:\/\/www.onetimenexttime.sk\/arduino\/?s={search_term_string}\"},\"query-input\":{\"@type\":\"PropertyValueSpecification\",\"valueRequired\":true,\"valueName\":\"search_term_string\"}}],\"inLanguage\":\"sk-SK\"}]}<\/script>\n<!-- \/ Yoast SEO plugin. -->","yoast_head_json":{"title":"Sensor Shield V4 Digital Analog Module & Servo Motor For Arduino UNO - Arduino e-shop","robots":{"index":"index","follow":"follow","max-snippet":"max-snippet:-1","max-image-preview":"max-image-preview:large","max-video-preview":"max-video-preview:-1"},"canonical":"https:\/\/www.onetimenexttime.sk\/arduino\/index.php\/produkt\/sensor-shield-v4-digital-analog-module-servo-motor-for-arduino-uno\/","og_locale":"sk_SK","og_type":"article","og_title":"Sensor Shield V4 Digital Analog Module & Servo Motor For Arduino UNO - Arduino e-shop","og_description":"\u00daplne nov\u00e9 a vysoko kvalitn\u00e9. Ka\u017ed\u00fd funk\u010dn\u00fd modul m\u00e1 pripnut\u00fd port s VCC, GND a v\u00fdstupom, ktor\u00fd m\u00e1 zodpovedaj\u00faci port&hellip;","og_url":"https:\/\/www.onetimenexttime.sk\/arduino\/index.php\/produkt\/sensor-shield-v4-digital-analog-module-servo-motor-for-arduino-uno\/","og_site_name":"Arduino e-shop","article_modified_time":"2021-10-31T22:15:06+00:00","og_image":[{"width":500,"height":500,"url":"https:\/\/www.onetimenexttime.sk\/arduino\/wp-content\/uploads\/2021\/10\/207.webp","type":"image\/webp"}],"twitter_card":"summary_large_image","twitter_misc":{"Predpokladan\u00fd \u010das \u010d\u00edtania":"1 min\u00fata"},"schema":{"@context":"https:\/\/schema.org","@graph":[{"@type":"WebPage","@id":"https:\/\/www.onetimenexttime.sk\/arduino\/index.php\/produkt\/sensor-shield-v4-digital-analog-module-servo-motor-for-arduino-uno\/","url":"https:\/\/www.onetimenexttime.sk\/arduino\/index.php\/produkt\/sensor-shield-v4-digital-analog-module-servo-motor-for-arduino-uno\/","name":"Sensor Shield V4 Digital Analog Module & Servo Motor For Arduino UNO - Arduino e-shop","isPartOf":{"@id":"https:\/\/www.onetimenexttime.sk\/arduino\/#website"},"primaryImageOfPage":{"@id":"https:\/\/www.onetimenexttime.sk\/arduino\/index.php\/produkt\/sensor-shield-v4-digital-analog-module-servo-motor-for-arduino-uno\/#primaryimage"},"image":{"@id":"https:\/\/www.onetimenexttime.sk\/arduino\/index.php\/produkt\/sensor-shield-v4-digital-analog-module-servo-motor-for-arduino-uno\/#primaryimage"},"thumbnailUrl":"https:\/\/www.onetimenexttime.sk\/arduino\/wp-content\/uploads\/2021\/10\/207.webp","datePublished":"2021-10-17T11:52:50+00:00","dateModified":"2021-10-31T22:15:06+00:00","breadcrumb":{"@id":"https:\/\/www.onetimenexttime.sk\/arduino\/index.php\/produkt\/sensor-shield-v4-digital-analog-module-servo-motor-for-arduino-uno\/#breadcrumb"},"inLanguage":"sk-SK","potentialAction":[{"@type":"ReadAction","target":["https:\/\/www.onetimenexttime.sk\/arduino\/index.php\/produkt\/sensor-shield-v4-digital-analog-module-servo-motor-for-arduino-uno\/"]}]},{"@type":"ImageObject","inLanguage":"sk-SK","@id":"https:\/\/www.onetimenexttime.sk\/arduino\/index.php\/produkt\/sensor-shield-v4-digital-analog-module-servo-motor-for-arduino-uno\/#primaryimage","url":"https:\/\/www.onetimenexttime.sk\/arduino\/wp-content\/uploads\/2021\/10\/207.webp","contentUrl":"https:\/\/www.onetimenexttime.sk\/arduino\/wp-content\/uploads\/2021\/10\/207.webp","width":500,"height":500},{"@type":"BreadcrumbList","@id":"https:\/\/www.onetimenexttime.sk\/arduino\/index.php\/produkt\/sensor-shield-v4-digital-analog-module-servo-motor-for-arduino-uno\/#breadcrumb","itemListElement":[{"@type":"ListItem","position":1,"name":"Domov","item":"https:\/\/www.onetimenexttime.sk\/arduino\/"},{"@type":"ListItem","position":2,"name":"Obchod","item":"https:\/\/www.onetimenexttime.sk\/arduino\/"},{"@type":"ListItem","position":3,"name":"Sensor Shield V4 Digital Analog Module &#038; Servo Motor For Arduino UNO"}]},{"@type":"WebSite","@id":"https:\/\/www.onetimenexttime.sk\/arduino\/#website","url":"https:\/\/www.onetimenexttime.sk\/arduino\/","name":"Arduino e-shop","description":"Home Assistant","potentialAction":[{"@type":"SearchAction","target":{"@type":"EntryPoint","urlTemplate":"https:\/\/www.onetimenexttime.sk\/arduino\/?s={search_term_string}"},"query-input":{"@type":"PropertyValueSpecification","valueRequired":true,"valueName":"search_term_string"}}],"inLanguage":"sk-SK"}]}},"_links":{"self":[{"href":"https:\/\/www.onetimenexttime.sk\/arduino\/index.php\/wp-json\/wp\/v2\/product\/24"}],"collection":[{"href":"https:\/\/www.onetimenexttime.sk\/arduino\/index.php\/wp-json\/wp\/v2\/product"}],"about":[{"href":"https:\/\/www.onetimenexttime.sk\/arduino\/index.php\/wp-json\/wp\/v2\/types\/product"}],"wp:featuredmedia":[{"embeddable":true,"href":"https:\/\/www.onetimenexttime.sk\/arduino\/index.php\/wp-json\/wp\/v2\/media\/25"}],"wp:attachment":[{"href":"https:\/\/www.onetimenexttime.sk\/arduino\/index.php\/wp-json\/wp\/v2\/media?parent=24"}],"wp:term":[{"taxonomy":"product_cat","embeddable":true,"href":"https:\/\/www.onetimenexttime.sk\/arduino\/index.php\/wp-json\/wp\/v2\/product_cat?post=24"},{"taxonomy":"product_tag","embeddable":true,"href":"https:\/\/www.onetimenexttime.sk\/arduino\/index.php\/wp-json\/wp\/v2\/product_tag?post=24"}],"curies":[{"name":"wp","href":"https:\/\/api.w.org\/{rel}","templated":true}]}}