{"id":234,"date":"2021-10-18T15:36:12","date_gmt":"2021-10-18T13:36:12","guid":{"rendered":"https:\/\/www.onetimenexttime.sk\/arduino\/?post_type=product&#038;p=234"},"modified":"2021-10-18T15:43:02","modified_gmt":"2021-10-18T13:43:02","slug":"integrated-circuit-new-version-for-arduino-pro-mini-atmega328-5v-16m-module-compatible-with-nano","status":"publish","type":"product","link":"https:\/\/www.onetimenexttime.sk\/arduino\/index.php\/produkt\/integrated-circuit-new-version-for-arduino-pro-mini-atmega328-5v-16m-module-compatible-with-nano\/","title":{"rendered":"Arduino Pro Mini Atmega328 5V 16M Module Compatible With Nano Integrated Circuit New Version for"},"content":{"rendered":"<p>Integrovan\u00fd obvod Nov\u00e1 verzia pre modul Arduino Pro Mini Atmega328 5V 16M kompatibiln\u00fd s Nano<\/p>\n<p>&nbsp;<\/p>\n<p>Inform\u00e1cie o sledovan\u00ed China Post Ordinary Small Packet Plus n\u00e1jdete tu: www.17track.net\/en<\/p>\n<p>Funduino Pro Mini 328 Mini ATMEGA328 &#8211; 5V\/16MHz<br \/>\nProfesion\u00e1lna verzia programu Arduino Mini Pro je doska s obvodmi mikroovl\u00e1da\u010da. M\u00e1 20 digit\u00e1lnych vstupno -v\u00fdstupn\u00fdch pinov (\u0161es\u0165 z nich je mo\u017en\u00e9 pou\u017ei\u0165 ako v\u00fdstup PWM), 8 anal\u00f3gov\u00fdch vstupov, rezon\u00e1tor 16 MHZ, resetovacie tla\u010didlo a p\u00e4tku in\u0161tala\u010dn\u00e9ho otvoru.<\/p>\n<p>Technick\u00e9 parametre:<\/p>\n<p>1. 20 digit\u00e1lnych vstupno -v\u00fdstupn\u00fdch portov RX a TX, D2 ~ D13, A0 ~ A5<br \/>\n2. 8 anal\u00f3gov\u00e9ho vstupn\u00e9ho portu A0 ~ A7<br \/>\n3. 1 na \u00farove\u0148 TTL s\u00e9riov\u00fd port na odosielanie a prij\u00edmanie portov RX\/TX<br \/>\n4,6 a port PWM, D3, D5, D6, D9, D10, D11<br \/>\n5. Pou\u017eitie mikrokontrol\u00e9ra Atmel Atmega328P &#8211; AU<br \/>\n6. Podpora s\u00e9riov\u00e9ho s\u0165ahovania<br \/>\n7. Podporujte extern\u00e9 nap\u00e1janie 3,8 V ~ 12 V DC<br \/>\n8. Podporujte 12 V a nasleduj\u00face bat\u00e9rie<br \/>\n9. Taktovacia frekvencia 16 MHZ<br \/>\n10. Ve\u013ekos\u0165: 33,3 * 18 (mm)<\/p>\n<p>Baliaci zoznam:<br \/>\n1 x Pro mini<\/p>\n","protected":false},"excerpt":{"rendered":"<p>Integrovan\u00fd obvod Nov\u00e1 verzia pre modul Arduino Pro Mini Atmega328 5V 16M kompatibiln\u00fd s Nano &nbsp; Inform\u00e1cie o sledovan\u00ed China&hellip;<\/p>\n","protected":false},"featured_media":235,"template":"","meta":{"_monsterinsights_skip_tracking":false,"_monsterinsights_sitenote_active":false,"_monsterinsights_sitenote_note":"","_monsterinsights_sitenote_category":0},"product_cat":[16],"product_tag":[],"class_list":{"0":"post-234","1":"product","2":"type-product","3":"status-publish","4":"has-post-thumbnail","6":"product_cat-ard","8":"first","9":"instock","10":"shipping-taxable","11":"purchasable","12":"product-type-simple"},"yoast_head":"<!-- This site is optimized with the Yoast SEO plugin v23.6 - https:\/\/yoast.com\/wordpress\/plugins\/seo\/ -->\n<title>Arduino Pro Mini Atmega328 5V 16M Module Compatible With Nano Integrated Circuit New Version for - Arduino e-shop<\/title>\n<meta name=\"robots\" content=\"index, follow, max-snippet:-1, max-image-preview:large, max-video-preview:-1\" \/>\n<link rel=\"canonical\" href=\"https:\/\/www.onetimenexttime.sk\/arduino\/index.php\/produkt\/integrated-circuit-new-version-for-arduino-pro-mini-atmega328-5v-16m-module-compatible-with-nano\/\" \/>\n<meta property=\"og:locale\" content=\"sk_SK\" \/>\n<meta property=\"og:type\" content=\"article\" \/>\n<meta property=\"og:title\" content=\"Arduino Pro Mini Atmega328 5V 16M Module Compatible With Nano Integrated Circuit New Version for - Arduino e-shop\" \/>\n<meta property=\"og:description\" content=\"Integrovan\u00fd obvod Nov\u00e1 verzia pre modul Arduino Pro Mini Atmega328 5V 16M kompatibiln\u00fd s Nano &nbsp; Inform\u00e1cie o sledovan\u00ed China&hellip;\" \/>\n<meta property=\"og:url\" content=\"https:\/\/www.onetimenexttime.sk\/arduino\/index.php\/produkt\/integrated-circuit-new-version-for-arduino-pro-mini-atmega328-5v-16m-module-compatible-with-nano\/\" \/>\n<meta property=\"og:site_name\" content=\"Arduino e-shop\" \/>\n<meta property=\"article:modified_time\" content=\"2021-10-18T13:43:02+00:00\" \/>\n<meta property=\"og:image\" content=\"https:\/\/www.onetimenexttime.sk\/arduino\/wp-content\/uploads\/2021\/10\/513.jpg\" \/>\n\t<meta property=\"og:image:width\" content=\"500\" \/>\n\t<meta property=\"og:image:height\" content=\"500\" \/>\n\t<meta property=\"og:image:type\" content=\"image\/jpeg\" \/>\n<meta name=\"twitter:card\" content=\"summary_large_image\" \/>\n<meta name=\"twitter:label1\" content=\"Predpokladan\u00fd \u010das \u010d\u00edtania\" \/>\n\t<meta name=\"twitter:data1\" content=\"1 min\u00fata\" \/>\n<script type=\"application\/ld+json\" class=\"yoast-schema-graph\">{\"@context\":\"https:\/\/schema.org\",\"@graph\":[{\"@type\":\"WebPage\",\"@id\":\"https:\/\/www.onetimenexttime.sk\/arduino\/index.php\/produkt\/integrated-circuit-new-version-for-arduino-pro-mini-atmega328-5v-16m-module-compatible-with-nano\/\",\"url\":\"https:\/\/www.onetimenexttime.sk\/arduino\/index.php\/produkt\/integrated-circuit-new-version-for-arduino-pro-mini-atmega328-5v-16m-module-compatible-with-nano\/\",\"name\":\"Arduino Pro Mini Atmega328 5V 16M Module Compatible With Nano Integrated Circuit New Version for - Arduino e-shop\",\"isPartOf\":{\"@id\":\"https:\/\/www.onetimenexttime.sk\/arduino\/#website\"},\"primaryImageOfPage\":{\"@id\":\"https:\/\/www.onetimenexttime.sk\/arduino\/index.php\/produkt\/integrated-circuit-new-version-for-arduino-pro-mini-atmega328-5v-16m-module-compatible-with-nano\/#primaryimage\"},\"image\":{\"@id\":\"https:\/\/www.onetimenexttime.sk\/arduino\/index.php\/produkt\/integrated-circuit-new-version-for-arduino-pro-mini-atmega328-5v-16m-module-compatible-with-nano\/#primaryimage\"},\"thumbnailUrl\":\"https:\/\/www.onetimenexttime.sk\/arduino\/wp-content\/uploads\/2021\/10\/513.jpg\",\"datePublished\":\"2021-10-18T13:36:12+00:00\",\"dateModified\":\"2021-10-18T13:43:02+00:00\",\"breadcrumb\":{\"@id\":\"https:\/\/www.onetimenexttime.sk\/arduino\/index.php\/produkt\/integrated-circuit-new-version-for-arduino-pro-mini-atmega328-5v-16m-module-compatible-with-nano\/#breadcrumb\"},\"inLanguage\":\"sk-SK\",\"potentialAction\":[{\"@type\":\"ReadAction\",\"target\":[\"https:\/\/www.onetimenexttime.sk\/arduino\/index.php\/produkt\/integrated-circuit-new-version-for-arduino-pro-mini-atmega328-5v-16m-module-compatible-with-nano\/\"]}]},{\"@type\":\"ImageObject\",\"inLanguage\":\"sk-SK\",\"@id\":\"https:\/\/www.onetimenexttime.sk\/arduino\/index.php\/produkt\/integrated-circuit-new-version-for-arduino-pro-mini-atmega328-5v-16m-module-compatible-with-nano\/#primaryimage\",\"url\":\"https:\/\/www.onetimenexttime.sk\/arduino\/wp-content\/uploads\/2021\/10\/513.jpg\",\"contentUrl\":\"https:\/\/www.onetimenexttime.sk\/arduino\/wp-content\/uploads\/2021\/10\/513.jpg\",\"width\":500,\"height\":500},{\"@type\":\"BreadcrumbList\",\"@id\":\"https:\/\/www.onetimenexttime.sk\/arduino\/index.php\/produkt\/integrated-circuit-new-version-for-arduino-pro-mini-atmega328-5v-16m-module-compatible-with-nano\/#breadcrumb\",\"itemListElement\":[{\"@type\":\"ListItem\",\"position\":1,\"name\":\"Domov\",\"item\":\"https:\/\/www.onetimenexttime.sk\/arduino\/\"},{\"@type\":\"ListItem\",\"position\":2,\"name\":\"Obchod\",\"item\":\"https:\/\/www.onetimenexttime.sk\/arduino\/\"},{\"@type\":\"ListItem\",\"position\":3,\"name\":\"Arduino Pro Mini Atmega328 5V 16M Module Compatible With Nano Integrated Circuit New Version for\"}]},{\"@type\":\"WebSite\",\"@id\":\"https:\/\/www.onetimenexttime.sk\/arduino\/#website\",\"url\":\"https:\/\/www.onetimenexttime.sk\/arduino\/\",\"name\":\"Arduino e-shop\",\"description\":\"Home Assistant\",\"potentialAction\":[{\"@type\":\"SearchAction\",\"target\":{\"@type\":\"EntryPoint\",\"urlTemplate\":\"https:\/\/www.onetimenexttime.sk\/arduino\/?s={search_term_string}\"},\"query-input\":{\"@type\":\"PropertyValueSpecification\",\"valueRequired\":true,\"valueName\":\"search_term_string\"}}],\"inLanguage\":\"sk-SK\"}]}<\/script>\n<!-- \/ Yoast SEO plugin. -->","yoast_head_json":{"title":"Arduino Pro Mini Atmega328 5V 16M Module Compatible With Nano Integrated Circuit New Version for - Arduino e-shop","robots":{"index":"index","follow":"follow","max-snippet":"max-snippet:-1","max-image-preview":"max-image-preview:large","max-video-preview":"max-video-preview:-1"},"canonical":"https:\/\/www.onetimenexttime.sk\/arduino\/index.php\/produkt\/integrated-circuit-new-version-for-arduino-pro-mini-atmega328-5v-16m-module-compatible-with-nano\/","og_locale":"sk_SK","og_type":"article","og_title":"Arduino Pro Mini Atmega328 5V 16M Module Compatible With Nano Integrated Circuit New Version for - Arduino e-shop","og_description":"Integrovan\u00fd obvod Nov\u00e1 verzia pre modul Arduino Pro Mini Atmega328 5V 16M kompatibiln\u00fd s Nano &nbsp; Inform\u00e1cie o sledovan\u00ed China&hellip;","og_url":"https:\/\/www.onetimenexttime.sk\/arduino\/index.php\/produkt\/integrated-circuit-new-version-for-arduino-pro-mini-atmega328-5v-16m-module-compatible-with-nano\/","og_site_name":"Arduino e-shop","article_modified_time":"2021-10-18T13:43:02+00:00","og_image":[{"width":500,"height":500,"url":"https:\/\/www.onetimenexttime.sk\/arduino\/wp-content\/uploads\/2021\/10\/513.jpg","type":"image\/jpeg"}],"twitter_card":"summary_large_image","twitter_misc":{"Predpokladan\u00fd \u010das \u010d\u00edtania":"1 min\u00fata"},"schema":{"@context":"https:\/\/schema.org","@graph":[{"@type":"WebPage","@id":"https:\/\/www.onetimenexttime.sk\/arduino\/index.php\/produkt\/integrated-circuit-new-version-for-arduino-pro-mini-atmega328-5v-16m-module-compatible-with-nano\/","url":"https:\/\/www.onetimenexttime.sk\/arduino\/index.php\/produkt\/integrated-circuit-new-version-for-arduino-pro-mini-atmega328-5v-16m-module-compatible-with-nano\/","name":"Arduino Pro Mini Atmega328 5V 16M Module Compatible With Nano Integrated Circuit New Version for - Arduino e-shop","isPartOf":{"@id":"https:\/\/www.onetimenexttime.sk\/arduino\/#website"},"primaryImageOfPage":{"@id":"https:\/\/www.onetimenexttime.sk\/arduino\/index.php\/produkt\/integrated-circuit-new-version-for-arduino-pro-mini-atmega328-5v-16m-module-compatible-with-nano\/#primaryimage"},"image":{"@id":"https:\/\/www.onetimenexttime.sk\/arduino\/index.php\/produkt\/integrated-circuit-new-version-for-arduino-pro-mini-atmega328-5v-16m-module-compatible-with-nano\/#primaryimage"},"thumbnailUrl":"https:\/\/www.onetimenexttime.sk\/arduino\/wp-content\/uploads\/2021\/10\/513.jpg","datePublished":"2021-10-18T13:36:12+00:00","dateModified":"2021-10-18T13:43:02+00:00","breadcrumb":{"@id":"https:\/\/www.onetimenexttime.sk\/arduino\/index.php\/produkt\/integrated-circuit-new-version-for-arduino-pro-mini-atmega328-5v-16m-module-compatible-with-nano\/#breadcrumb"},"inLanguage":"sk-SK","potentialAction":[{"@type":"ReadAction","target":["https:\/\/www.onetimenexttime.sk\/arduino\/index.php\/produkt\/integrated-circuit-new-version-for-arduino-pro-mini-atmega328-5v-16m-module-compatible-with-nano\/"]}]},{"@type":"ImageObject","inLanguage":"sk-SK","@id":"https:\/\/www.onetimenexttime.sk\/arduino\/index.php\/produkt\/integrated-circuit-new-version-for-arduino-pro-mini-atmega328-5v-16m-module-compatible-with-nano\/#primaryimage","url":"https:\/\/www.onetimenexttime.sk\/arduino\/wp-content\/uploads\/2021\/10\/513.jpg","contentUrl":"https:\/\/www.onetimenexttime.sk\/arduino\/wp-content\/uploads\/2021\/10\/513.jpg","width":500,"height":500},{"@type":"BreadcrumbList","@id":"https:\/\/www.onetimenexttime.sk\/arduino\/index.php\/produkt\/integrated-circuit-new-version-for-arduino-pro-mini-atmega328-5v-16m-module-compatible-with-nano\/#breadcrumb","itemListElement":[{"@type":"ListItem","position":1,"name":"Domov","item":"https:\/\/www.onetimenexttime.sk\/arduino\/"},{"@type":"ListItem","position":2,"name":"Obchod","item":"https:\/\/www.onetimenexttime.sk\/arduino\/"},{"@type":"ListItem","position":3,"name":"Arduino Pro Mini Atmega328 5V 16M Module Compatible With Nano Integrated Circuit New Version for"}]},{"@type":"WebSite","@id":"https:\/\/www.onetimenexttime.sk\/arduino\/#website","url":"https:\/\/www.onetimenexttime.sk\/arduino\/","name":"Arduino e-shop","description":"Home Assistant","potentialAction":[{"@type":"SearchAction","target":{"@type":"EntryPoint","urlTemplate":"https:\/\/www.onetimenexttime.sk\/arduino\/?s={search_term_string}"},"query-input":{"@type":"PropertyValueSpecification","valueRequired":true,"valueName":"search_term_string"}}],"inLanguage":"sk-SK"}]}},"_links":{"self":[{"href":"https:\/\/www.onetimenexttime.sk\/arduino\/index.php\/wp-json\/wp\/v2\/product\/234"}],"collection":[{"href":"https:\/\/www.onetimenexttime.sk\/arduino\/index.php\/wp-json\/wp\/v2\/product"}],"about":[{"href":"https:\/\/www.onetimenexttime.sk\/arduino\/index.php\/wp-json\/wp\/v2\/types\/product"}],"wp:featuredmedia":[{"embeddable":true,"href":"https:\/\/www.onetimenexttime.sk\/arduino\/index.php\/wp-json\/wp\/v2\/media\/235"}],"wp:attachment":[{"href":"https:\/\/www.onetimenexttime.sk\/arduino\/index.php\/wp-json\/wp\/v2\/media?parent=234"}],"wp:term":[{"taxonomy":"product_cat","embeddable":true,"href":"https:\/\/www.onetimenexttime.sk\/arduino\/index.php\/wp-json\/wp\/v2\/product_cat?post=234"},{"taxonomy":"product_tag","embeddable":true,"href":"https:\/\/www.onetimenexttime.sk\/arduino\/index.php\/wp-json\/wp\/v2\/product_tag?post=234"}],"curies":[{"name":"wp","href":"https:\/\/api.w.org\/{rel}","templated":true}]}}