{"id":232,"date":"2021-10-18T15:33:13","date_gmt":"2021-10-18T13:33:13","guid":{"rendered":"https:\/\/www.onetimenexttime.sk\/arduino\/?post_type=product&#038;p=232"},"modified":"2021-10-31T19:53:42","modified_gmt":"2021-10-31T18:53:42","slug":"raspberry-pi-digital-sound-cardhifi-digi-expansion-board-acrylic-case-i2s-spdif-module-for-raspberry-pi-2-for-raspberry-pi-3","status":"publish","type":"product","link":"https:\/\/www.onetimenexttime.sk\/arduino\/index.php\/produkt\/raspberry-pi-digital-sound-cardhifi-digi-expansion-board-acrylic-case-i2s-spdif-module-for-raspberry-pi-2-for-raspberry-pi-3\/","title":{"rendered":"Raspberry pi Digital Sound Card+HIFI DiGi expansion board +Acrylic case I2S SPDIF Module For Raspberry Pi 2 for raspberry pi 3"},"content":{"rendered":"<p>Digit\u00e1lna zvukov\u00e1 karta Raspberry pi +Roz\u0161iruj\u00faca doska HIFI DiGi +Akrylov\u00e9 puzdro I2S Modul SPDIF pre Raspberry Pi 2 pre Raspberry Pi 3<\/p>\n<p>Jedn\u00e1 sa o roz\u0161iruj\u00facu dosku navrhnut\u00fa pre Raspberry pi 2 model B, prisp\u00f4soben\u00fa \u0161pi\u010dkov\u00e9mu digit\u00e1lnemu \u010dipu zna\u010dky Wolfson.<br \/>\nProstredn\u00edctvom rozhrania 12S podporuje 16 a\u017e 24 zvukov\u00fdch d\u00e1tov\u00fdch form\u00e1tov a pokro\u010dil\u00e1 technol\u00f3gia redukcie otrasov dok\u00e1zala ovl\u00e1da\u0165 jitter v interi\u00e9ri v 50ps RMS.<br \/>\nReduk\u010dn\u00fd stupe\u0148 je vysok\u00fd, podporuje hardv\u00e9rov\u00fd sp\u00f4sob ovl\u00e1dania hlasitosti a pou\u017e\u00edvate\u013e m\u00f4\u017ee po pou\u017eit\u00ed roz\u0161iruj\u00facej dosky spolupracova\u0165 so syst\u00e9mom zvukov\u00e9ho prehr\u00e1va\u010da na nastaven\u00ed vlastn\u00e9ho sie\u0165ov\u00e9ho prehr\u00e1va\u010da HIFI.<br \/>\nJe v\u00fdhodn\u00e9, \u017ee t\u00e1to roz\u0161iruj\u00faca doska tie\u017e poskytuje dve vl\u00e1kna v\u00fdstupn\u00e9ho rozhrania (S\/PDIF) a koaxi\u00e1lne (RCA) pre extern\u00e9 zariadenia. U\u017e\u00edvate\u013e sa m\u00f4\u017ee zbavi\u0165 nap\u00e1jania po\u010d\u00edta\u010da, pomal\u00e9ho zav\u00e1dzania, hluku nap\u00e1jania a podobne.<br \/>\nPoskytuje kontrolku nap\u00e1jania, pomocou ktorej m\u00f4\u017eete jednoduch\u0161ie sledova\u0165 stav roz\u0161iruj\u00facej dosky. Podporuje tie\u017e hardv\u00e9rov\u00e9 \u200b\u200bovl\u00e1danie hlasitosti (rozhranie I2C).<br \/>\nDod\u00e1va sa s nap\u00e1jac\u00edm zdrojom Raspberry Pi, bez extern\u00e9ho nap\u00e1jania; a pou\u017eitie kon\u0161trukcie zdroja filtra s filtrom typu effectively, \u00fa\u010dinne zni\u017euje ru\u0161enie nap\u00e1jania. Doska plo\u0161n\u00e9ho spoja so zlaten\u00edm na vysok\u00fdch zakriven\u00fdch stop\u00e1ch (\u0161pi\u010dkov\u00fd HIFI DAC pou\u017e\u00edva zakriven\u00e9 zarovnanie).<br \/>\nM\u00e1 lep\u0161ie zaisti\u0165 kontinuitu impedan\u010dn\u00e9ho sign\u00e1lu na zn\u00ed\u017eenie odrazov a lomu sign\u00e1lu. Dobr\u00fd zvuk by mal by\u0165 v\u010faka skuto\u010dn\u00fdm materi\u00e1lom, optick\u00e9 rozhranie pomocou vysokokvalitn\u00e9ho vl\u00e1knov\u00e9ho sedadla triedy HIFI, pou\u017e\u00edva sa koaxi\u00e1lne rozhranie Pluses zvukovo izola\u010dn\u00fd transform\u00e1tor z\u00e1rove\u0148 poskytuje dobr\u00e9 zvukov\u00e9 digit\u00e1lne zvukov\u00e9 zariadenie, ste dobre chr\u00e1nen\u00ed a nastupujete! ! !<br \/>\nM\u00e1 integrovan\u00fa funkciu infra\u010derven\u00e9ho prij\u00edma\u010da. Ke\u010f nie je \u017eiadna sie\u0165, je jednoduch\u0161ie ovl\u00e1da\u0165 prehr\u00e1vanie. Rozhranie I2S vyu\u017e\u00edva priamy digit\u00e1lny v\u00fdstup, reprodukciu a re\u017eim DAC s vysok\u00fdm rozhran\u00edm bez rozhrania USB. Nepou\u017e\u00edvajte in\u00e9 roz\u0161\u00edrenia Raspberry Pi GPIO.<\/p>\n<p>Baliaci zoznam:<\/p>\n<p>1 x hifi dlgi + modul<br \/>\n1 x akrylov\u00e9 puzdro<\/p>\n","protected":false},"excerpt":{"rendered":"<p>Digit\u00e1lna zvukov\u00e1 karta Raspberry pi +Roz\u0161iruj\u00faca doska HIFI DiGi +Akrylov\u00e9 puzdro I2S Modul SPDIF pre Raspberry Pi 2 pre Raspberry&hellip;<\/p>\n","protected":false},"featured_media":233,"template":"","meta":{"_monsterinsights_skip_tracking":false,"_monsterinsights_sitenote_active":false,"_monsterinsights_sitenote_note":"","_monsterinsights_sitenote_category":0},"product_cat":[16,23,48],"product_tag":[],"class_list":{"0":"post-232","1":"product","2":"type-product","3":"status-publish","4":"has-post-thumbnail","6":"product_cat-ard","7":"product_cat-audio-modul","8":"product_cat-raspberry","10":"first","11":"instock","12":"shipping-taxable","13":"purchasable","14":"product-type-simple"},"yoast_head":"<!-- This site is optimized with the Yoast SEO plugin v23.6 - https:\/\/yoast.com\/wordpress\/plugins\/seo\/ -->\n<title>Raspberry pi Digital Sound Card+HIFI DiGi expansion board +Acrylic case I2S SPDIF Module For Raspberry Pi 2 for raspberry pi 3 - Arduino e-shop<\/title>\n<meta name=\"robots\" content=\"index, follow, max-snippet:-1, max-image-preview:large, max-video-preview:-1\" \/>\n<link rel=\"canonical\" href=\"https:\/\/www.onetimenexttime.sk\/arduino\/index.php\/produkt\/raspberry-pi-digital-sound-cardhifi-digi-expansion-board-acrylic-case-i2s-spdif-module-for-raspberry-pi-2-for-raspberry-pi-3\/\" \/>\n<meta property=\"og:locale\" content=\"sk_SK\" \/>\n<meta property=\"og:type\" content=\"article\" \/>\n<meta property=\"og:title\" content=\"Raspberry pi Digital Sound Card+HIFI DiGi expansion board +Acrylic case I2S SPDIF Module For Raspberry Pi 2 for raspberry pi 3 - Arduino e-shop\" \/>\n<meta property=\"og:description\" content=\"Digit\u00e1lna zvukov\u00e1 karta Raspberry pi +Roz\u0161iruj\u00faca doska HIFI DiGi +Akrylov\u00e9 puzdro I2S Modul SPDIF pre Raspberry Pi 2 pre Raspberry&hellip;\" \/>\n<meta property=\"og:url\" content=\"https:\/\/www.onetimenexttime.sk\/arduino\/index.php\/produkt\/raspberry-pi-digital-sound-cardhifi-digi-expansion-board-acrylic-case-i2s-spdif-module-for-raspberry-pi-2-for-raspberry-pi-3\/\" \/>\n<meta property=\"og:site_name\" content=\"Arduino e-shop\" \/>\n<meta property=\"article:modified_time\" content=\"2021-10-31T18:53:42+00:00\" \/>\n<meta property=\"og:image\" content=\"https:\/\/www.onetimenexttime.sk\/arduino\/wp-content\/uploads\/2021\/10\/530.jpg\" \/>\n\t<meta property=\"og:image:width\" content=\"483\" \/>\n\t<meta property=\"og:image:height\" content=\"482\" \/>\n\t<meta property=\"og:image:type\" content=\"image\/jpeg\" \/>\n<meta name=\"twitter:card\" content=\"summary_large_image\" \/>\n<meta name=\"twitter:label1\" content=\"Predpokladan\u00fd \u010das \u010d\u00edtania\" \/>\n\t<meta name=\"twitter:data1\" content=\"1 min\u00fata\" \/>\n<script type=\"application\/ld+json\" class=\"yoast-schema-graph\">{\"@context\":\"https:\/\/schema.org\",\"@graph\":[{\"@type\":\"WebPage\",\"@id\":\"https:\/\/www.onetimenexttime.sk\/arduino\/index.php\/produkt\/raspberry-pi-digital-sound-cardhifi-digi-expansion-board-acrylic-case-i2s-spdif-module-for-raspberry-pi-2-for-raspberry-pi-3\/\",\"url\":\"https:\/\/www.onetimenexttime.sk\/arduino\/index.php\/produkt\/raspberry-pi-digital-sound-cardhifi-digi-expansion-board-acrylic-case-i2s-spdif-module-for-raspberry-pi-2-for-raspberry-pi-3\/\",\"name\":\"Raspberry pi Digital Sound Card+HIFI DiGi expansion board +Acrylic case I2S SPDIF Module For Raspberry Pi 2 for raspberry pi 3 - Arduino e-shop\",\"isPartOf\":{\"@id\":\"https:\/\/www.onetimenexttime.sk\/arduino\/#website\"},\"primaryImageOfPage\":{\"@id\":\"https:\/\/www.onetimenexttime.sk\/arduino\/index.php\/produkt\/raspberry-pi-digital-sound-cardhifi-digi-expansion-board-acrylic-case-i2s-spdif-module-for-raspberry-pi-2-for-raspberry-pi-3\/#primaryimage\"},\"image\":{\"@id\":\"https:\/\/www.onetimenexttime.sk\/arduino\/index.php\/produkt\/raspberry-pi-digital-sound-cardhifi-digi-expansion-board-acrylic-case-i2s-spdif-module-for-raspberry-pi-2-for-raspberry-pi-3\/#primaryimage\"},\"thumbnailUrl\":\"https:\/\/www.onetimenexttime.sk\/arduino\/wp-content\/uploads\/2021\/10\/530.jpg\",\"datePublished\":\"2021-10-18T13:33:13+00:00\",\"dateModified\":\"2021-10-31T18:53:42+00:00\",\"breadcrumb\":{\"@id\":\"https:\/\/www.onetimenexttime.sk\/arduino\/index.php\/produkt\/raspberry-pi-digital-sound-cardhifi-digi-expansion-board-acrylic-case-i2s-spdif-module-for-raspberry-pi-2-for-raspberry-pi-3\/#breadcrumb\"},\"inLanguage\":\"sk-SK\",\"potentialAction\":[{\"@type\":\"ReadAction\",\"target\":[\"https:\/\/www.onetimenexttime.sk\/arduino\/index.php\/produkt\/raspberry-pi-digital-sound-cardhifi-digi-expansion-board-acrylic-case-i2s-spdif-module-for-raspberry-pi-2-for-raspberry-pi-3\/\"]}]},{\"@type\":\"ImageObject\",\"inLanguage\":\"sk-SK\",\"@id\":\"https:\/\/www.onetimenexttime.sk\/arduino\/index.php\/produkt\/raspberry-pi-digital-sound-cardhifi-digi-expansion-board-acrylic-case-i2s-spdif-module-for-raspberry-pi-2-for-raspberry-pi-3\/#primaryimage\",\"url\":\"https:\/\/www.onetimenexttime.sk\/arduino\/wp-content\/uploads\/2021\/10\/530.jpg\",\"contentUrl\":\"https:\/\/www.onetimenexttime.sk\/arduino\/wp-content\/uploads\/2021\/10\/530.jpg\",\"width\":483,\"height\":482},{\"@type\":\"BreadcrumbList\",\"@id\":\"https:\/\/www.onetimenexttime.sk\/arduino\/index.php\/produkt\/raspberry-pi-digital-sound-cardhifi-digi-expansion-board-acrylic-case-i2s-spdif-module-for-raspberry-pi-2-for-raspberry-pi-3\/#breadcrumb\",\"itemListElement\":[{\"@type\":\"ListItem\",\"position\":1,\"name\":\"Domov\",\"item\":\"https:\/\/www.onetimenexttime.sk\/arduino\/\"},{\"@type\":\"ListItem\",\"position\":2,\"name\":\"Obchod\",\"item\":\"https:\/\/www.onetimenexttime.sk\/arduino\/\"},{\"@type\":\"ListItem\",\"position\":3,\"name\":\"Raspberry pi Digital Sound Card+HIFI DiGi expansion board +Acrylic case I2S SPDIF Module For Raspberry Pi 2 for raspberry pi 3\"}]},{\"@type\":\"WebSite\",\"@id\":\"https:\/\/www.onetimenexttime.sk\/arduino\/#website\",\"url\":\"https:\/\/www.onetimenexttime.sk\/arduino\/\",\"name\":\"Arduino e-shop\",\"description\":\"Home Assistant\",\"potentialAction\":[{\"@type\":\"SearchAction\",\"target\":{\"@type\":\"EntryPoint\",\"urlTemplate\":\"https:\/\/www.onetimenexttime.sk\/arduino\/?s={search_term_string}\"},\"query-input\":{\"@type\":\"PropertyValueSpecification\",\"valueRequired\":true,\"valueName\":\"search_term_string\"}}],\"inLanguage\":\"sk-SK\"}]}<\/script>\n<!-- \/ Yoast SEO plugin. -->","yoast_head_json":{"title":"Raspberry pi Digital Sound Card+HIFI DiGi expansion board +Acrylic case I2S SPDIF Module For Raspberry Pi 2 for raspberry pi 3 - Arduino e-shop","robots":{"index":"index","follow":"follow","max-snippet":"max-snippet:-1","max-image-preview":"max-image-preview:large","max-video-preview":"max-video-preview:-1"},"canonical":"https:\/\/www.onetimenexttime.sk\/arduino\/index.php\/produkt\/raspberry-pi-digital-sound-cardhifi-digi-expansion-board-acrylic-case-i2s-spdif-module-for-raspberry-pi-2-for-raspberry-pi-3\/","og_locale":"sk_SK","og_type":"article","og_title":"Raspberry pi Digital Sound Card+HIFI DiGi expansion board +Acrylic case I2S SPDIF Module For Raspberry Pi 2 for raspberry pi 3 - Arduino e-shop","og_description":"Digit\u00e1lna zvukov\u00e1 karta Raspberry pi +Roz\u0161iruj\u00faca doska HIFI DiGi +Akrylov\u00e9 puzdro I2S Modul SPDIF pre Raspberry Pi 2 pre Raspberry&hellip;","og_url":"https:\/\/www.onetimenexttime.sk\/arduino\/index.php\/produkt\/raspberry-pi-digital-sound-cardhifi-digi-expansion-board-acrylic-case-i2s-spdif-module-for-raspberry-pi-2-for-raspberry-pi-3\/","og_site_name":"Arduino e-shop","article_modified_time":"2021-10-31T18:53:42+00:00","og_image":[{"width":483,"height":482,"url":"https:\/\/www.onetimenexttime.sk\/arduino\/wp-content\/uploads\/2021\/10\/530.jpg","type":"image\/jpeg"}],"twitter_card":"summary_large_image","twitter_misc":{"Predpokladan\u00fd \u010das \u010d\u00edtania":"1 min\u00fata"},"schema":{"@context":"https:\/\/schema.org","@graph":[{"@type":"WebPage","@id":"https:\/\/www.onetimenexttime.sk\/arduino\/index.php\/produkt\/raspberry-pi-digital-sound-cardhifi-digi-expansion-board-acrylic-case-i2s-spdif-module-for-raspberry-pi-2-for-raspberry-pi-3\/","url":"https:\/\/www.onetimenexttime.sk\/arduino\/index.php\/produkt\/raspberry-pi-digital-sound-cardhifi-digi-expansion-board-acrylic-case-i2s-spdif-module-for-raspberry-pi-2-for-raspberry-pi-3\/","name":"Raspberry pi Digital Sound Card+HIFI DiGi expansion board +Acrylic case I2S SPDIF Module For Raspberry Pi 2 for raspberry pi 3 - Arduino e-shop","isPartOf":{"@id":"https:\/\/www.onetimenexttime.sk\/arduino\/#website"},"primaryImageOfPage":{"@id":"https:\/\/www.onetimenexttime.sk\/arduino\/index.php\/produkt\/raspberry-pi-digital-sound-cardhifi-digi-expansion-board-acrylic-case-i2s-spdif-module-for-raspberry-pi-2-for-raspberry-pi-3\/#primaryimage"},"image":{"@id":"https:\/\/www.onetimenexttime.sk\/arduino\/index.php\/produkt\/raspberry-pi-digital-sound-cardhifi-digi-expansion-board-acrylic-case-i2s-spdif-module-for-raspberry-pi-2-for-raspberry-pi-3\/#primaryimage"},"thumbnailUrl":"https:\/\/www.onetimenexttime.sk\/arduino\/wp-content\/uploads\/2021\/10\/530.jpg","datePublished":"2021-10-18T13:33:13+00:00","dateModified":"2021-10-31T18:53:42+00:00","breadcrumb":{"@id":"https:\/\/www.onetimenexttime.sk\/arduino\/index.php\/produkt\/raspberry-pi-digital-sound-cardhifi-digi-expansion-board-acrylic-case-i2s-spdif-module-for-raspberry-pi-2-for-raspberry-pi-3\/#breadcrumb"},"inLanguage":"sk-SK","potentialAction":[{"@type":"ReadAction","target":["https:\/\/www.onetimenexttime.sk\/arduino\/index.php\/produkt\/raspberry-pi-digital-sound-cardhifi-digi-expansion-board-acrylic-case-i2s-spdif-module-for-raspberry-pi-2-for-raspberry-pi-3\/"]}]},{"@type":"ImageObject","inLanguage":"sk-SK","@id":"https:\/\/www.onetimenexttime.sk\/arduino\/index.php\/produkt\/raspberry-pi-digital-sound-cardhifi-digi-expansion-board-acrylic-case-i2s-spdif-module-for-raspberry-pi-2-for-raspberry-pi-3\/#primaryimage","url":"https:\/\/www.onetimenexttime.sk\/arduino\/wp-content\/uploads\/2021\/10\/530.jpg","contentUrl":"https:\/\/www.onetimenexttime.sk\/arduino\/wp-content\/uploads\/2021\/10\/530.jpg","width":483,"height":482},{"@type":"BreadcrumbList","@id":"https:\/\/www.onetimenexttime.sk\/arduino\/index.php\/produkt\/raspberry-pi-digital-sound-cardhifi-digi-expansion-board-acrylic-case-i2s-spdif-module-for-raspberry-pi-2-for-raspberry-pi-3\/#breadcrumb","itemListElement":[{"@type":"ListItem","position":1,"name":"Domov","item":"https:\/\/www.onetimenexttime.sk\/arduino\/"},{"@type":"ListItem","position":2,"name":"Obchod","item":"https:\/\/www.onetimenexttime.sk\/arduino\/"},{"@type":"ListItem","position":3,"name":"Raspberry pi Digital Sound Card+HIFI DiGi expansion board +Acrylic case I2S SPDIF Module For Raspberry Pi 2 for raspberry pi 3"}]},{"@type":"WebSite","@id":"https:\/\/www.onetimenexttime.sk\/arduino\/#website","url":"https:\/\/www.onetimenexttime.sk\/arduino\/","name":"Arduino e-shop","description":"Home Assistant","potentialAction":[{"@type":"SearchAction","target":{"@type":"EntryPoint","urlTemplate":"https:\/\/www.onetimenexttime.sk\/arduino\/?s={search_term_string}"},"query-input":{"@type":"PropertyValueSpecification","valueRequired":true,"valueName":"search_term_string"}}],"inLanguage":"sk-SK"}]}},"_links":{"self":[{"href":"https:\/\/www.onetimenexttime.sk\/arduino\/index.php\/wp-json\/wp\/v2\/product\/232"}],"collection":[{"href":"https:\/\/www.onetimenexttime.sk\/arduino\/index.php\/wp-json\/wp\/v2\/product"}],"about":[{"href":"https:\/\/www.onetimenexttime.sk\/arduino\/index.php\/wp-json\/wp\/v2\/types\/product"}],"wp:featuredmedia":[{"embeddable":true,"href":"https:\/\/www.onetimenexttime.sk\/arduino\/index.php\/wp-json\/wp\/v2\/media\/233"}],"wp:attachment":[{"href":"https:\/\/www.onetimenexttime.sk\/arduino\/index.php\/wp-json\/wp\/v2\/media?parent=232"}],"wp:term":[{"taxonomy":"product_cat","embeddable":true,"href":"https:\/\/www.onetimenexttime.sk\/arduino\/index.php\/wp-json\/wp\/v2\/product_cat?post=232"},{"taxonomy":"product_tag","embeddable":true,"href":"https:\/\/www.onetimenexttime.sk\/arduino\/index.php\/wp-json\/wp\/v2\/product_tag?post=232"}],"curies":[{"name":"wp","href":"https:\/\/api.w.org\/{rel}","templated":true}]}}