{"id":226,"date":"2021-10-18T15:12:25","date_gmt":"2021-10-18T13:12:25","guid":{"rendered":"https:\/\/www.onetimenexttime.sk\/arduino\/?post_type=product&#038;p=226"},"modified":"2021-10-31T19:53:56","modified_gmt":"2021-10-31T18:53:56","slug":"sim808-module-gsm-gprs-gps-development-board-ipx-sma-with-gps-antenna-for-arduino-raspberry-pi-support-2g-3g-4g-sim-card","status":"publish","type":"product","link":"https:\/\/www.onetimenexttime.sk\/arduino\/index.php\/produkt\/sim808-module-gsm-gprs-gps-development-board-ipx-sma-with-gps-antenna-for-arduino-raspberry-pi-support-2g-3g-4g-sim-card\/","title":{"rendered":"SIM808 Module GSM GPRS GPS Development Board IPX SMA with GPS Antenna for Arduino Raspberry Pi Support 2G 3G 4G SIM Card"},"content":{"rendered":"<p>SIM808 namiesto modulu SIM908 V\u00fdvojov\u00e1 doska GSM GPRS GPS IPX SMA s GPS ant\u00e9nou<\/p>\n<p>&nbsp;<\/p>\n<p>SIM808 Modul GSM GPRS V\u00fdvojov\u00e1 doska GPS IPX SMA s GPS ant\u00e9nou pre podporu Raspberry Pi 2G 3G 4G SIM karta<\/p>\n<p>Popis:<br \/>\n1. Tri vstupn\u00e9 rozhrania: rozhranie DC044 a V_IN a rozhranie l\u00edtiovej bat\u00e9rie.<br \/>\nV\u0161imnite si toho: Rozsah DC044 a vstupn\u00e9ho nap\u00e4\u0165ov\u00e9ho vstupu V_IN je 5 &#8211; 26V, pri pou\u017eit\u00ed 5V ako nap\u00e1jania sa uistite, \u017ee nap\u00e1jac\u00ed zdroj m\u00f4\u017ee poskytova\u0165 pr\u00fad 2A. Rozsah nap\u00e4tia vstupn\u00e9ho v\u00fdkonu l\u00edtiovej bat\u00e9rie je 3,5 &#8211; 4,2V.<br \/>\n2. Prep\u00edna\u010d: Sl\u00fa\u017ei na otvorenie \/ zatvorenie zdroja nap\u00e1jania pre modul. Ke\u010f sa pou\u017e\u00edva, potvr\u010fte, \u017ee je prep\u00edna\u010d prepnut\u00fd do stavu OTVOREN\u00c9 (v bl\u00edzkosti dosky vo vn\u00fatri).<br \/>\n3. Rozhranie ant\u00e9ny SMA: existuje rozhranie GSM ant\u00e9ny, integrovan\u00e9 rozhranie ant\u00e9ny GPS a rozhranie ant\u00e9ny BT.<br \/>\n4. Tla\u010didlo \u0160tart: Ke\u010f je doska zapnut\u00e1, rozsvieti sa LED (PWR). Po dlhom stla\u010den\u00ed (asi 2 sekundy) tohto tla\u010didla sa rozsvietia \u010fal\u0161ie tri di\u00f3dy LED. A jeden z nich za\u010dne blika\u0165; to nazna\u010duje, \u017ee SIM808 teraz za\u010d\u00edna fungova\u0165. Ke\u010f je nap\u00e1jac\u00ed zdroj, GSM a GPS ant\u00e9na a SIM karta spr\u00e1vne pripojen\u00e9 k modulu, LED di\u00f3da bude pomaly blika\u0165 (kontrolka 3 s 1 s), \u010do znamen\u00e1, \u017ee modul je zaregistrovan\u00fd v sieti, a m\u00f4\u017eete uskuto\u010dni\u0165 hovor alebo urob nie\u010do in\u00e9.<br \/>\n5. S\u00e9riov\u00e9 rozhranie TTL: Rozhranie na \u00farovni TTL. V\u0161imnite si toho: Kol\u00edk VMCU sa pou\u017e\u00edva na ovl\u00e1danie vysokej \u00farovne TTL UART, aby sa dosiahol s\u00falad medzi syst\u00e9mami 1,25V \/3,3V \/5V. Napr\u00edklad, ak chcete na ovl\u00e1danie tejto dosky pou\u017ei\u0165 51 MCU, ku kol\u00edku VMCU by mal by\u0165 pripojen\u00fd DC5V. A ak pou\u017e\u00edvate MCU STM32, pin VMCU by mal by\u0165 pripojen\u00fd k DC3.3V. Kol\u00edky RXD s\u00fa RXD SIM808 a kol\u00edky TXD s\u00fa TXD SIM808. Na kol\u00edku V_IN je mo\u017en\u00e9 pripoji\u0165 nap\u00e1janie, funkcia tohto kol\u00edka m\u00e1 rovnak\u00fa funkciu ako DC044.<br \/>\n6. Rozhranie USB: Toto rozhranie sl\u00fa\u017ei iba na aktualiz\u00e1ciu firmv\u00e9ru modulu SIM808.<\/p>\n<p>Popis oper\u00e1cie:<br \/>\n1. Pr\u00edprava:<br \/>\nSIM808 \u0160T\u00cdT<br \/>\nAdapt\u00e9r DC9V<br \/>\nModul USB-TTL alebo in\u00e9 n\u00e1stroje.<br \/>\nPo\u010d\u00edta\u010dov\u00fd softv\u00e9r<br \/>\n2. Hardv\u00e9rov\u00e9 \u200b\u200bkonfigur\u00e1cie<br \/>\n2.1 Pripojte USB-TTL k rozhraniu UART<\/p>\n<p>USB-TTL SIM808<br \/>\nTXD RXD<br \/>\nRXD TXD<br \/>\nGND GND<\/p>\n<p>2.2 Vlo\u017ete platn\u00fa SIM kartu do dr\u017eiaka SIMCARD.<br \/>\n2.3 Pripojte k doske ant\u00e9nu GPS a GSM ant\u00e9nu<br \/>\nPripojte nap\u00e1jac\u00ed adapt\u00e9r k rozhraniu DC044<br \/>\n2.4 Zme\u0148te prep\u00edna\u010d<br \/>\n2.6 Stla\u010dte tla\u010didlo POWKEY na 2 sekundy, modul SIM808 bude fungova\u0165 a ostatn\u00e9 3 LED di\u00f3dy sa rozsvietia.<\/p>\n<p>Odkaz na dokument: https: \/\/www.adrive.com\/public\/P7QRkq\/FZ1735-SIM808%20%E5%A4%A7V3.1.rar<\/p>\n<p>Balenie obsahuje:<br \/>\n1 X Moudle SIM808<br \/>\n1 x GSM ant\u00e9na<br \/>\n1 x GPS ant\u00e9na<\/p>\n","protected":false},"excerpt":{"rendered":"<p>SIM808 namiesto modulu SIM908 V\u00fdvojov\u00e1 doska GSM GPRS GPS IPX SMA s GPS ant\u00e9nou &nbsp; SIM808 Modul GSM GPRS V\u00fdvojov\u00e1&hellip;<\/p>\n","protected":false},"featured_media":227,"template":"","meta":{"_monsterinsights_skip_tracking":false,"_monsterinsights_sitenote_active":false,"_monsterinsights_sitenote_note":"","_monsterinsights_sitenote_category":0},"product_cat":[16,24,48],"product_tag":[],"class_list":{"0":"post-226","1":"product","2":"type-product","3":"status-publish","4":"has-post-thumbnail","6":"product_cat-ard","7":"product_cat-gps","8":"product_cat-raspberry","10":"first","11":"instock","12":"shipping-taxable","13":"purchasable","14":"product-type-simple"},"yoast_head":"<!-- This site is optimized with the Yoast SEO plugin v23.6 - https:\/\/yoast.com\/wordpress\/plugins\/seo\/ -->\n<title>SIM808 Module GSM GPRS GPS Development Board IPX SMA with GPS Antenna for Arduino Raspberry Pi Support 2G 3G 4G SIM Card - Arduino e-shop<\/title>\n<meta name=\"robots\" content=\"index, follow, max-snippet:-1, max-image-preview:large, max-video-preview:-1\" \/>\n<link rel=\"canonical\" href=\"https:\/\/www.onetimenexttime.sk\/arduino\/index.php\/produkt\/sim808-module-gsm-gprs-gps-development-board-ipx-sma-with-gps-antenna-for-arduino-raspberry-pi-support-2g-3g-4g-sim-card\/\" \/>\n<meta property=\"og:locale\" content=\"sk_SK\" \/>\n<meta property=\"og:type\" content=\"article\" \/>\n<meta property=\"og:title\" content=\"SIM808 Module GSM GPRS GPS Development Board IPX SMA with GPS Antenna for Arduino Raspberry Pi Support 2G 3G 4G SIM Card - Arduino e-shop\" \/>\n<meta property=\"og:description\" content=\"SIM808 namiesto modulu SIM908 V\u00fdvojov\u00e1 doska GSM GPRS GPS IPX SMA s GPS ant\u00e9nou &nbsp; SIM808 Modul GSM GPRS V\u00fdvojov\u00e1&hellip;\" \/>\n<meta property=\"og:url\" content=\"https:\/\/www.onetimenexttime.sk\/arduino\/index.php\/produkt\/sim808-module-gsm-gprs-gps-development-board-ipx-sma-with-gps-antenna-for-arduino-raspberry-pi-support-2g-3g-4g-sim-card\/\" \/>\n<meta property=\"og:site_name\" content=\"Arduino e-shop\" \/>\n<meta property=\"article:modified_time\" content=\"2021-10-31T18:53:56+00:00\" \/>\n<meta property=\"og:image\" content=\"https:\/\/www.onetimenexttime.sk\/arduino\/wp-content\/uploads\/2021\/10\/502.jpg\" \/>\n\t<meta property=\"og:image:width\" content=\"483\" \/>\n\t<meta property=\"og:image:height\" content=\"482\" \/>\n\t<meta property=\"og:image:type\" content=\"image\/jpeg\" \/>\n<meta name=\"twitter:card\" content=\"summary_large_image\" \/>\n<meta name=\"twitter:label1\" content=\"Predpokladan\u00fd \u010das \u010d\u00edtania\" \/>\n\t<meta name=\"twitter:data1\" content=\"2 min\u00faty\" \/>\n<script type=\"application\/ld+json\" class=\"yoast-schema-graph\">{\"@context\":\"https:\/\/schema.org\",\"@graph\":[{\"@type\":\"WebPage\",\"@id\":\"https:\/\/www.onetimenexttime.sk\/arduino\/index.php\/produkt\/sim808-module-gsm-gprs-gps-development-board-ipx-sma-with-gps-antenna-for-arduino-raspberry-pi-support-2g-3g-4g-sim-card\/\",\"url\":\"https:\/\/www.onetimenexttime.sk\/arduino\/index.php\/produkt\/sim808-module-gsm-gprs-gps-development-board-ipx-sma-with-gps-antenna-for-arduino-raspberry-pi-support-2g-3g-4g-sim-card\/\",\"name\":\"SIM808 Module GSM GPRS GPS Development Board IPX SMA with GPS Antenna for Arduino Raspberry Pi Support 2G 3G 4G SIM Card - Arduino e-shop\",\"isPartOf\":{\"@id\":\"https:\/\/www.onetimenexttime.sk\/arduino\/#website\"},\"primaryImageOfPage\":{\"@id\":\"https:\/\/www.onetimenexttime.sk\/arduino\/index.php\/produkt\/sim808-module-gsm-gprs-gps-development-board-ipx-sma-with-gps-antenna-for-arduino-raspberry-pi-support-2g-3g-4g-sim-card\/#primaryimage\"},\"image\":{\"@id\":\"https:\/\/www.onetimenexttime.sk\/arduino\/index.php\/produkt\/sim808-module-gsm-gprs-gps-development-board-ipx-sma-with-gps-antenna-for-arduino-raspberry-pi-support-2g-3g-4g-sim-card\/#primaryimage\"},\"thumbnailUrl\":\"https:\/\/www.onetimenexttime.sk\/arduino\/wp-content\/uploads\/2021\/10\/502.jpg\",\"datePublished\":\"2021-10-18T13:12:25+00:00\",\"dateModified\":\"2021-10-31T18:53:56+00:00\",\"breadcrumb\":{\"@id\":\"https:\/\/www.onetimenexttime.sk\/arduino\/index.php\/produkt\/sim808-module-gsm-gprs-gps-development-board-ipx-sma-with-gps-antenna-for-arduino-raspberry-pi-support-2g-3g-4g-sim-card\/#breadcrumb\"},\"inLanguage\":\"sk-SK\",\"potentialAction\":[{\"@type\":\"ReadAction\",\"target\":[\"https:\/\/www.onetimenexttime.sk\/arduino\/index.php\/produkt\/sim808-module-gsm-gprs-gps-development-board-ipx-sma-with-gps-antenna-for-arduino-raspberry-pi-support-2g-3g-4g-sim-card\/\"]}]},{\"@type\":\"ImageObject\",\"inLanguage\":\"sk-SK\",\"@id\":\"https:\/\/www.onetimenexttime.sk\/arduino\/index.php\/produkt\/sim808-module-gsm-gprs-gps-development-board-ipx-sma-with-gps-antenna-for-arduino-raspberry-pi-support-2g-3g-4g-sim-card\/#primaryimage\",\"url\":\"https:\/\/www.onetimenexttime.sk\/arduino\/wp-content\/uploads\/2021\/10\/502.jpg\",\"contentUrl\":\"https:\/\/www.onetimenexttime.sk\/arduino\/wp-content\/uploads\/2021\/10\/502.jpg\",\"width\":483,\"height\":482},{\"@type\":\"BreadcrumbList\",\"@id\":\"https:\/\/www.onetimenexttime.sk\/arduino\/index.php\/produkt\/sim808-module-gsm-gprs-gps-development-board-ipx-sma-with-gps-antenna-for-arduino-raspberry-pi-support-2g-3g-4g-sim-card\/#breadcrumb\",\"itemListElement\":[{\"@type\":\"ListItem\",\"position\":1,\"name\":\"Domov\",\"item\":\"https:\/\/www.onetimenexttime.sk\/arduino\/\"},{\"@type\":\"ListItem\",\"position\":2,\"name\":\"Obchod\",\"item\":\"https:\/\/www.onetimenexttime.sk\/arduino\/\"},{\"@type\":\"ListItem\",\"position\":3,\"name\":\"SIM808 Module GSM GPRS GPS Development Board IPX SMA with GPS Antenna for Arduino Raspberry Pi Support 2G 3G 4G SIM Card\"}]},{\"@type\":\"WebSite\",\"@id\":\"https:\/\/www.onetimenexttime.sk\/arduino\/#website\",\"url\":\"https:\/\/www.onetimenexttime.sk\/arduino\/\",\"name\":\"Arduino e-shop\",\"description\":\"Home Assistant\",\"potentialAction\":[{\"@type\":\"SearchAction\",\"target\":{\"@type\":\"EntryPoint\",\"urlTemplate\":\"https:\/\/www.onetimenexttime.sk\/arduino\/?s={search_term_string}\"},\"query-input\":{\"@type\":\"PropertyValueSpecification\",\"valueRequired\":true,\"valueName\":\"search_term_string\"}}],\"inLanguage\":\"sk-SK\"}]}<\/script>\n<!-- \/ Yoast SEO plugin. -->","yoast_head_json":{"title":"SIM808 Module GSM GPRS GPS Development Board IPX SMA with GPS Antenna for Arduino Raspberry Pi Support 2G 3G 4G SIM Card - Arduino e-shop","robots":{"index":"index","follow":"follow","max-snippet":"max-snippet:-1","max-image-preview":"max-image-preview:large","max-video-preview":"max-video-preview:-1"},"canonical":"https:\/\/www.onetimenexttime.sk\/arduino\/index.php\/produkt\/sim808-module-gsm-gprs-gps-development-board-ipx-sma-with-gps-antenna-for-arduino-raspberry-pi-support-2g-3g-4g-sim-card\/","og_locale":"sk_SK","og_type":"article","og_title":"SIM808 Module GSM GPRS GPS Development Board IPX SMA with GPS Antenna for Arduino Raspberry Pi Support 2G 3G 4G SIM Card - Arduino e-shop","og_description":"SIM808 namiesto modulu SIM908 V\u00fdvojov\u00e1 doska GSM GPRS GPS IPX SMA s GPS ant\u00e9nou &nbsp; SIM808 Modul GSM GPRS V\u00fdvojov\u00e1&hellip;","og_url":"https:\/\/www.onetimenexttime.sk\/arduino\/index.php\/produkt\/sim808-module-gsm-gprs-gps-development-board-ipx-sma-with-gps-antenna-for-arduino-raspberry-pi-support-2g-3g-4g-sim-card\/","og_site_name":"Arduino e-shop","article_modified_time":"2021-10-31T18:53:56+00:00","og_image":[{"width":483,"height":482,"url":"https:\/\/www.onetimenexttime.sk\/arduino\/wp-content\/uploads\/2021\/10\/502.jpg","type":"image\/jpeg"}],"twitter_card":"summary_large_image","twitter_misc":{"Predpokladan\u00fd \u010das \u010d\u00edtania":"2 min\u00faty"},"schema":{"@context":"https:\/\/schema.org","@graph":[{"@type":"WebPage","@id":"https:\/\/www.onetimenexttime.sk\/arduino\/index.php\/produkt\/sim808-module-gsm-gprs-gps-development-board-ipx-sma-with-gps-antenna-for-arduino-raspberry-pi-support-2g-3g-4g-sim-card\/","url":"https:\/\/www.onetimenexttime.sk\/arduino\/index.php\/produkt\/sim808-module-gsm-gprs-gps-development-board-ipx-sma-with-gps-antenna-for-arduino-raspberry-pi-support-2g-3g-4g-sim-card\/","name":"SIM808 Module GSM GPRS GPS Development Board IPX SMA with GPS Antenna for Arduino Raspberry Pi Support 2G 3G 4G SIM Card - Arduino e-shop","isPartOf":{"@id":"https:\/\/www.onetimenexttime.sk\/arduino\/#website"},"primaryImageOfPage":{"@id":"https:\/\/www.onetimenexttime.sk\/arduino\/index.php\/produkt\/sim808-module-gsm-gprs-gps-development-board-ipx-sma-with-gps-antenna-for-arduino-raspberry-pi-support-2g-3g-4g-sim-card\/#primaryimage"},"image":{"@id":"https:\/\/www.onetimenexttime.sk\/arduino\/index.php\/produkt\/sim808-module-gsm-gprs-gps-development-board-ipx-sma-with-gps-antenna-for-arduino-raspberry-pi-support-2g-3g-4g-sim-card\/#primaryimage"},"thumbnailUrl":"https:\/\/www.onetimenexttime.sk\/arduino\/wp-content\/uploads\/2021\/10\/502.jpg","datePublished":"2021-10-18T13:12:25+00:00","dateModified":"2021-10-31T18:53:56+00:00","breadcrumb":{"@id":"https:\/\/www.onetimenexttime.sk\/arduino\/index.php\/produkt\/sim808-module-gsm-gprs-gps-development-board-ipx-sma-with-gps-antenna-for-arduino-raspberry-pi-support-2g-3g-4g-sim-card\/#breadcrumb"},"inLanguage":"sk-SK","potentialAction":[{"@type":"ReadAction","target":["https:\/\/www.onetimenexttime.sk\/arduino\/index.php\/produkt\/sim808-module-gsm-gprs-gps-development-board-ipx-sma-with-gps-antenna-for-arduino-raspberry-pi-support-2g-3g-4g-sim-card\/"]}]},{"@type":"ImageObject","inLanguage":"sk-SK","@id":"https:\/\/www.onetimenexttime.sk\/arduino\/index.php\/produkt\/sim808-module-gsm-gprs-gps-development-board-ipx-sma-with-gps-antenna-for-arduino-raspberry-pi-support-2g-3g-4g-sim-card\/#primaryimage","url":"https:\/\/www.onetimenexttime.sk\/arduino\/wp-content\/uploads\/2021\/10\/502.jpg","contentUrl":"https:\/\/www.onetimenexttime.sk\/arduino\/wp-content\/uploads\/2021\/10\/502.jpg","width":483,"height":482},{"@type":"BreadcrumbList","@id":"https:\/\/www.onetimenexttime.sk\/arduino\/index.php\/produkt\/sim808-module-gsm-gprs-gps-development-board-ipx-sma-with-gps-antenna-for-arduino-raspberry-pi-support-2g-3g-4g-sim-card\/#breadcrumb","itemListElement":[{"@type":"ListItem","position":1,"name":"Domov","item":"https:\/\/www.onetimenexttime.sk\/arduino\/"},{"@type":"ListItem","position":2,"name":"Obchod","item":"https:\/\/www.onetimenexttime.sk\/arduino\/"},{"@type":"ListItem","position":3,"name":"SIM808 Module GSM GPRS GPS Development Board IPX SMA with GPS Antenna for Arduino Raspberry Pi Support 2G 3G 4G SIM Card"}]},{"@type":"WebSite","@id":"https:\/\/www.onetimenexttime.sk\/arduino\/#website","url":"https:\/\/www.onetimenexttime.sk\/arduino\/","name":"Arduino e-shop","description":"Home Assistant","potentialAction":[{"@type":"SearchAction","target":{"@type":"EntryPoint","urlTemplate":"https:\/\/www.onetimenexttime.sk\/arduino\/?s={search_term_string}"},"query-input":{"@type":"PropertyValueSpecification","valueRequired":true,"valueName":"search_term_string"}}],"inLanguage":"sk-SK"}]}},"_links":{"self":[{"href":"https:\/\/www.onetimenexttime.sk\/arduino\/index.php\/wp-json\/wp\/v2\/product\/226"}],"collection":[{"href":"https:\/\/www.onetimenexttime.sk\/arduino\/index.php\/wp-json\/wp\/v2\/product"}],"about":[{"href":"https:\/\/www.onetimenexttime.sk\/arduino\/index.php\/wp-json\/wp\/v2\/types\/product"}],"wp:featuredmedia":[{"embeddable":true,"href":"https:\/\/www.onetimenexttime.sk\/arduino\/index.php\/wp-json\/wp\/v2\/media\/227"}],"wp:attachment":[{"href":"https:\/\/www.onetimenexttime.sk\/arduino\/index.php\/wp-json\/wp\/v2\/media?parent=226"}],"wp:term":[{"taxonomy":"product_cat","embeddable":true,"href":"https:\/\/www.onetimenexttime.sk\/arduino\/index.php\/wp-json\/wp\/v2\/product_cat?post=226"},{"taxonomy":"product_tag","embeddable":true,"href":"https:\/\/www.onetimenexttime.sk\/arduino\/index.php\/wp-json\/wp\/v2\/product_tag?post=226"}],"curies":[{"name":"wp","href":"https:\/\/api.w.org\/{rel}","templated":true}]}}