{"id":222,"date":"2021-10-18T13:28:39","date_gmt":"2021-10-18T11:28:39","guid":{"rendered":"https:\/\/www.onetimenexttime.sk\/arduino\/?post_type=product&#038;p=222"},"modified":"2021-10-18T13:31:23","modified_gmt":"2021-10-18T11:31:23","slug":"5a-adjustable-cc-cv-display-step-down-charge-module-led-panel-voltmeter","status":"publish","type":"product","link":"https:\/\/www.onetimenexttime.sk\/arduino\/index.php\/produkt\/5a-adjustable-cc-cv-display-step-down-charge-module-led-panel-voltmeter\/","title":{"rendered":"5A Adjustable CC\/CV Display Step Down charge Module LED Panel Voltmeter"},"content":{"rendered":"<p>5A nastavite\u013en\u00fd CC\/CV displej krokov\u00fd nab\u00edjac\u00ed modul LED panelov\u00fd voltmeter<\/p>\n<p>&nbsp;<\/p>\n<p>Univerz\u00e1lny prij\u00edma\u010d.<br \/>\n100% \u00faplne nov\u00fd<br \/>\nVlastnosti modulu: neizolovan\u00fd modul s kon\u0161tantn\u00fdm pr\u00fadom a nap\u00e4t\u00edm<br \/>\nOprava: nesynchr\u00f3nna n\u00e1prava<br \/>\nVstupn\u00e9 nap\u00e4tie: 5V-32V<br \/>\nV\u00fdstupn\u00e9 nap\u00e4tie: 1,27V-30V<br \/>\nV\u00fdstupn\u00fd pr\u00fad: nastavite\u013en\u00fd maxim\u00e1lne 5A<br \/>\n\u00da\u010dinnos\u0165 konverzie: 95% (najvy\u0161\u0161ia)<br \/>\nSp\u00ednacia frekvencia: 300KHz<br \/>\nZvlnenie v\u00fdstupu: 50 mV (max.) 20M \u0161\u00edrka p\u00e1sma<br \/>\nRegul\u00e1cia za\u0165a\u017eenia: \u00b1 0,5%<br \/>\nRegul\u00e1cia nap\u00e4tia: \u00b1 2,5%<br \/>\nPrev\u00e1dzkov\u00e1 teplota: -40 \u00b0 a\u017e +85 \u00b0<br \/>\nVe\u013ekos\u0165: 51 * 26,3 * 14 (D * \u0160 * V) (mm)<\/p>\n<p>Voltmeter amp\u00e9rmetra<\/p>\n<p>&nbsp;<\/p>\n<p>Presnos\u0165 merania: 0,1%<br \/>\nObnovovacia frekvencia: asi 200 ms \/ kr\u00e1t \\<br \/>\nDisplej: 0,28 palcov\u00fd digit\u00e1lny tubus<br \/>\nAktu\u00e1lny rozsah 0A-5A<br \/>\nRozsah nap\u00e4tia 5V-30V<br \/>\nFarba displeja \u010derven\u00e1<\/p>\n","protected":false},"excerpt":{"rendered":"<p>5A nastavite\u013en\u00fd CC\/CV displej krokov\u00fd nab\u00edjac\u00ed modul LED panelov\u00fd voltmeter &nbsp; Univerz\u00e1lny prij\u00edma\u010d. 100% \u00faplne nov\u00fd Vlastnosti modulu: neizolovan\u00fd modul&hellip;<\/p>\n","protected":false},"featured_media":223,"template":"","meta":{"_monsterinsights_skip_tracking":false,"_monsterinsights_sitenote_active":false,"_monsterinsights_sitenote_note":"","_monsterinsights_sitenote_category":0},"product_cat":[16,21],"product_tag":[],"class_list":{"0":"post-222","1":"product","2":"type-product","3":"status-publish","4":"has-post-thumbnail","6":"product_cat-ard","7":"product_cat-pw","9":"first","10":"instock","11":"shipping-taxable","12":"purchasable","13":"product-type-simple"},"yoast_head":"<!-- This site is optimized with the Yoast SEO plugin v23.6 - https:\/\/yoast.com\/wordpress\/plugins\/seo\/ -->\n<title>5A Adjustable CC\/CV Display Step Down charge Module LED Panel Voltmeter - Arduino e-shop<\/title>\n<meta name=\"robots\" content=\"index, follow, max-snippet:-1, max-image-preview:large, max-video-preview:-1\" \/>\n<link rel=\"canonical\" href=\"https:\/\/www.onetimenexttime.sk\/arduino\/index.php\/produkt\/5a-adjustable-cc-cv-display-step-down-charge-module-led-panel-voltmeter\/\" \/>\n<meta property=\"og:locale\" content=\"sk_SK\" \/>\n<meta property=\"og:type\" content=\"article\" \/>\n<meta property=\"og:title\" content=\"5A Adjustable CC\/CV Display Step Down charge Module LED Panel Voltmeter - Arduino e-shop\" \/>\n<meta property=\"og:description\" content=\"5A nastavite\u013en\u00fd CC\/CV displej krokov\u00fd nab\u00edjac\u00ed modul LED panelov\u00fd voltmeter &nbsp; Univerz\u00e1lny prij\u00edma\u010d. 100% \u00faplne nov\u00fd Vlastnosti modulu: neizolovan\u00fd modul&hellip;\" \/>\n<meta property=\"og:url\" content=\"https:\/\/www.onetimenexttime.sk\/arduino\/index.php\/produkt\/5a-adjustable-cc-cv-display-step-down-charge-module-led-panel-voltmeter\/\" \/>\n<meta property=\"og:site_name\" content=\"Arduino e-shop\" \/>\n<meta property=\"article:modified_time\" content=\"2021-10-18T11:31:23+00:00\" \/>\n<meta property=\"og:image\" content=\"https:\/\/www.onetimenexttime.sk\/arduino\/wp-content\/uploads\/2021\/10\/322.jpg\" \/>\n\t<meta property=\"og:image:width\" content=\"504\" \/>\n\t<meta property=\"og:image:height\" content=\"503\" \/>\n\t<meta property=\"og:image:type\" content=\"image\/jpeg\" \/>\n<meta name=\"twitter:card\" content=\"summary_large_image\" \/>\n<meta name=\"twitter:label1\" content=\"Predpokladan\u00fd \u010das \u010d\u00edtania\" \/>\n\t<meta name=\"twitter:data1\" content=\"1 min\u00fata\" \/>\n<script type=\"application\/ld+json\" class=\"yoast-schema-graph\">{\"@context\":\"https:\/\/schema.org\",\"@graph\":[{\"@type\":\"WebPage\",\"@id\":\"https:\/\/www.onetimenexttime.sk\/arduino\/index.php\/produkt\/5a-adjustable-cc-cv-display-step-down-charge-module-led-panel-voltmeter\/\",\"url\":\"https:\/\/www.onetimenexttime.sk\/arduino\/index.php\/produkt\/5a-adjustable-cc-cv-display-step-down-charge-module-led-panel-voltmeter\/\",\"name\":\"5A Adjustable CC\/CV Display Step Down charge Module LED Panel Voltmeter - Arduino e-shop\",\"isPartOf\":{\"@id\":\"https:\/\/www.onetimenexttime.sk\/arduino\/#website\"},\"primaryImageOfPage\":{\"@id\":\"https:\/\/www.onetimenexttime.sk\/arduino\/index.php\/produkt\/5a-adjustable-cc-cv-display-step-down-charge-module-led-panel-voltmeter\/#primaryimage\"},\"image\":{\"@id\":\"https:\/\/www.onetimenexttime.sk\/arduino\/index.php\/produkt\/5a-adjustable-cc-cv-display-step-down-charge-module-led-panel-voltmeter\/#primaryimage\"},\"thumbnailUrl\":\"https:\/\/www.onetimenexttime.sk\/arduino\/wp-content\/uploads\/2021\/10\/322.jpg\",\"datePublished\":\"2021-10-18T11:28:39+00:00\",\"dateModified\":\"2021-10-18T11:31:23+00:00\",\"breadcrumb\":{\"@id\":\"https:\/\/www.onetimenexttime.sk\/arduino\/index.php\/produkt\/5a-adjustable-cc-cv-display-step-down-charge-module-led-panel-voltmeter\/#breadcrumb\"},\"inLanguage\":\"sk-SK\",\"potentialAction\":[{\"@type\":\"ReadAction\",\"target\":[\"https:\/\/www.onetimenexttime.sk\/arduino\/index.php\/produkt\/5a-adjustable-cc-cv-display-step-down-charge-module-led-panel-voltmeter\/\"]}]},{\"@type\":\"ImageObject\",\"inLanguage\":\"sk-SK\",\"@id\":\"https:\/\/www.onetimenexttime.sk\/arduino\/index.php\/produkt\/5a-adjustable-cc-cv-display-step-down-charge-module-led-panel-voltmeter\/#primaryimage\",\"url\":\"https:\/\/www.onetimenexttime.sk\/arduino\/wp-content\/uploads\/2021\/10\/322.jpg\",\"contentUrl\":\"https:\/\/www.onetimenexttime.sk\/arduino\/wp-content\/uploads\/2021\/10\/322.jpg\",\"width\":504,\"height\":503},{\"@type\":\"BreadcrumbList\",\"@id\":\"https:\/\/www.onetimenexttime.sk\/arduino\/index.php\/produkt\/5a-adjustable-cc-cv-display-step-down-charge-module-led-panel-voltmeter\/#breadcrumb\",\"itemListElement\":[{\"@type\":\"ListItem\",\"position\":1,\"name\":\"Domov\",\"item\":\"https:\/\/www.onetimenexttime.sk\/arduino\/\"},{\"@type\":\"ListItem\",\"position\":2,\"name\":\"Obchod\",\"item\":\"https:\/\/www.onetimenexttime.sk\/arduino\/\"},{\"@type\":\"ListItem\",\"position\":3,\"name\":\"5A Adjustable CC\/CV Display Step Down charge Module LED Panel Voltmeter\"}]},{\"@type\":\"WebSite\",\"@id\":\"https:\/\/www.onetimenexttime.sk\/arduino\/#website\",\"url\":\"https:\/\/www.onetimenexttime.sk\/arduino\/\",\"name\":\"Arduino e-shop\",\"description\":\"Home Assistant\",\"potentialAction\":[{\"@type\":\"SearchAction\",\"target\":{\"@type\":\"EntryPoint\",\"urlTemplate\":\"https:\/\/www.onetimenexttime.sk\/arduino\/?s={search_term_string}\"},\"query-input\":{\"@type\":\"PropertyValueSpecification\",\"valueRequired\":true,\"valueName\":\"search_term_string\"}}],\"inLanguage\":\"sk-SK\"}]}<\/script>\n<!-- \/ Yoast SEO plugin. -->","yoast_head_json":{"title":"5A Adjustable CC\/CV Display Step Down charge Module LED Panel Voltmeter - Arduino e-shop","robots":{"index":"index","follow":"follow","max-snippet":"max-snippet:-1","max-image-preview":"max-image-preview:large","max-video-preview":"max-video-preview:-1"},"canonical":"https:\/\/www.onetimenexttime.sk\/arduino\/index.php\/produkt\/5a-adjustable-cc-cv-display-step-down-charge-module-led-panel-voltmeter\/","og_locale":"sk_SK","og_type":"article","og_title":"5A Adjustable CC\/CV Display Step Down charge Module LED Panel Voltmeter - Arduino e-shop","og_description":"5A nastavite\u013en\u00fd CC\/CV displej krokov\u00fd nab\u00edjac\u00ed modul LED panelov\u00fd voltmeter &nbsp; Univerz\u00e1lny prij\u00edma\u010d. 100% \u00faplne nov\u00fd Vlastnosti modulu: neizolovan\u00fd modul&hellip;","og_url":"https:\/\/www.onetimenexttime.sk\/arduino\/index.php\/produkt\/5a-adjustable-cc-cv-display-step-down-charge-module-led-panel-voltmeter\/","og_site_name":"Arduino e-shop","article_modified_time":"2021-10-18T11:31:23+00:00","og_image":[{"width":504,"height":503,"url":"https:\/\/www.onetimenexttime.sk\/arduino\/wp-content\/uploads\/2021\/10\/322.jpg","type":"image\/jpeg"}],"twitter_card":"summary_large_image","twitter_misc":{"Predpokladan\u00fd \u010das \u010d\u00edtania":"1 min\u00fata"},"schema":{"@context":"https:\/\/schema.org","@graph":[{"@type":"WebPage","@id":"https:\/\/www.onetimenexttime.sk\/arduino\/index.php\/produkt\/5a-adjustable-cc-cv-display-step-down-charge-module-led-panel-voltmeter\/","url":"https:\/\/www.onetimenexttime.sk\/arduino\/index.php\/produkt\/5a-adjustable-cc-cv-display-step-down-charge-module-led-panel-voltmeter\/","name":"5A Adjustable CC\/CV Display Step Down charge Module LED Panel Voltmeter - Arduino e-shop","isPartOf":{"@id":"https:\/\/www.onetimenexttime.sk\/arduino\/#website"},"primaryImageOfPage":{"@id":"https:\/\/www.onetimenexttime.sk\/arduino\/index.php\/produkt\/5a-adjustable-cc-cv-display-step-down-charge-module-led-panel-voltmeter\/#primaryimage"},"image":{"@id":"https:\/\/www.onetimenexttime.sk\/arduino\/index.php\/produkt\/5a-adjustable-cc-cv-display-step-down-charge-module-led-panel-voltmeter\/#primaryimage"},"thumbnailUrl":"https:\/\/www.onetimenexttime.sk\/arduino\/wp-content\/uploads\/2021\/10\/322.jpg","datePublished":"2021-10-18T11:28:39+00:00","dateModified":"2021-10-18T11:31:23+00:00","breadcrumb":{"@id":"https:\/\/www.onetimenexttime.sk\/arduino\/index.php\/produkt\/5a-adjustable-cc-cv-display-step-down-charge-module-led-panel-voltmeter\/#breadcrumb"},"inLanguage":"sk-SK","potentialAction":[{"@type":"ReadAction","target":["https:\/\/www.onetimenexttime.sk\/arduino\/index.php\/produkt\/5a-adjustable-cc-cv-display-step-down-charge-module-led-panel-voltmeter\/"]}]},{"@type":"ImageObject","inLanguage":"sk-SK","@id":"https:\/\/www.onetimenexttime.sk\/arduino\/index.php\/produkt\/5a-adjustable-cc-cv-display-step-down-charge-module-led-panel-voltmeter\/#primaryimage","url":"https:\/\/www.onetimenexttime.sk\/arduino\/wp-content\/uploads\/2021\/10\/322.jpg","contentUrl":"https:\/\/www.onetimenexttime.sk\/arduino\/wp-content\/uploads\/2021\/10\/322.jpg","width":504,"height":503},{"@type":"BreadcrumbList","@id":"https:\/\/www.onetimenexttime.sk\/arduino\/index.php\/produkt\/5a-adjustable-cc-cv-display-step-down-charge-module-led-panel-voltmeter\/#breadcrumb","itemListElement":[{"@type":"ListItem","position":1,"name":"Domov","item":"https:\/\/www.onetimenexttime.sk\/arduino\/"},{"@type":"ListItem","position":2,"name":"Obchod","item":"https:\/\/www.onetimenexttime.sk\/arduino\/"},{"@type":"ListItem","position":3,"name":"5A Adjustable CC\/CV Display Step Down charge Module LED Panel Voltmeter"}]},{"@type":"WebSite","@id":"https:\/\/www.onetimenexttime.sk\/arduino\/#website","url":"https:\/\/www.onetimenexttime.sk\/arduino\/","name":"Arduino e-shop","description":"Home Assistant","potentialAction":[{"@type":"SearchAction","target":{"@type":"EntryPoint","urlTemplate":"https:\/\/www.onetimenexttime.sk\/arduino\/?s={search_term_string}"},"query-input":{"@type":"PropertyValueSpecification","valueRequired":true,"valueName":"search_term_string"}}],"inLanguage":"sk-SK"}]}},"_links":{"self":[{"href":"https:\/\/www.onetimenexttime.sk\/arduino\/index.php\/wp-json\/wp\/v2\/product\/222"}],"collection":[{"href":"https:\/\/www.onetimenexttime.sk\/arduino\/index.php\/wp-json\/wp\/v2\/product"}],"about":[{"href":"https:\/\/www.onetimenexttime.sk\/arduino\/index.php\/wp-json\/wp\/v2\/types\/product"}],"wp:featuredmedia":[{"embeddable":true,"href":"https:\/\/www.onetimenexttime.sk\/arduino\/index.php\/wp-json\/wp\/v2\/media\/223"}],"wp:attachment":[{"href":"https:\/\/www.onetimenexttime.sk\/arduino\/index.php\/wp-json\/wp\/v2\/media?parent=222"}],"wp:term":[{"taxonomy":"product_cat","embeddable":true,"href":"https:\/\/www.onetimenexttime.sk\/arduino\/index.php\/wp-json\/wp\/v2\/product_cat?post=222"},{"taxonomy":"product_tag","embeddable":true,"href":"https:\/\/www.onetimenexttime.sk\/arduino\/index.php\/wp-json\/wp\/v2\/product_tag?post=222"}],"curies":[{"name":"wp","href":"https:\/\/api.w.org\/{rel}","templated":true}]}}