{"id":218,"date":"2021-10-18T13:23:44","date_gmt":"2021-10-18T11:23:44","guid":{"rendered":"https:\/\/www.onetimenexttime.sk\/arduino\/?post_type=product&#038;p=218"},"modified":"2021-10-18T13:25:40","modified_gmt":"2021-10-18T11:25:40","slug":"5a-75w-bt046-dc-dc-converter-adjustable-step-down-module-4-0-38v-to-1-25v-36v-adjustable-power-supply","status":"publish","type":"product","link":"https:\/\/www.onetimenexttime.sk\/arduino\/index.php\/produkt\/5a-75w-bt046-dc-dc-converter-adjustable-step-down-module-4-0-38v-to-1-25v-36v-adjustable-power-supply\/","title":{"rendered":"5A 75W BT046 DC-DC Converter Adjustable Step-Down Module 4.0-38V to 1.25V-36V  Adjustable Power Supply"},"content":{"rendered":"<p>5A 75W BT046 prevodn\u00edk DC-DC nastavite\u013en\u00fd krokov\u00fd modul 4,0-38V a\u017e 1,25V-36V nastavite\u013en\u00fd nap\u00e1jac\u00ed zdroj<\/p>\n<p>Vlastnosti modulu: 5A vysokov\u00fdkonn\u00fd 75W DC-DC nastavite\u013en\u00fd zostupn\u00fd modul<br \/>\nVstupn\u00e9 nap\u00e4tie: DC 4,0 ~ 38V<br \/>\nV\u00fdstupn\u00e9 nap\u00e4tie: DC 1,25V ~ 36V plynule nastavite\u013en\u00e9 (vstupn\u00e9 nap\u00e4tie mus\u00ed by\u0165 vy\u0161\u0161ie ako v\u00fdstupn\u00e9 nap\u00e4tie 1,5V)<br \/>\nV\u00fdstupn\u00fd pr\u00fad: max. 5A, odpor\u00fa\u010dan\u00fd pre pou\u017eitie v 4,5A.<br \/>\nV\u00fdstupn\u00fd v\u00fdkon: a\u017e 75 W, viac ako 50 W, zv\u00fd\u0161te pros\u00edm odvod tepla<br \/>\nChyba voltmetra: \u00b1 0,05V<br \/>\nRozsah merania: 0 ~ 40V (uistite sa, \u017ee vstupn\u00e9 nap\u00e4tie je 4,5V alebo viac)<br \/>\n\u00da\u010dinnos\u0165 konverzie: a\u017e 96%<br \/>\nRegul\u00e1cia z\u00e1\u0165a\u017ee: S (I) \u2264 0,8%<br \/>\nRegul\u00e1cia nap\u00e4tia: S (u) \u2264 0,8%<br \/>\nS ochranou proti prehriatiu a ochranou proti skratu<\/p>\n","protected":false},"excerpt":{"rendered":"<p>5A 75W BT046 prevodn\u00edk DC-DC nastavite\u013en\u00fd krokov\u00fd modul 4,0-38V a\u017e 1,25V-36V nastavite\u013en\u00fd nap\u00e1jac\u00ed zdroj Vlastnosti modulu: 5A vysokov\u00fdkonn\u00fd 75W DC-DC&hellip;<\/p>\n","protected":false},"featured_media":219,"template":"","meta":{"_monsterinsights_skip_tracking":false,"_monsterinsights_sitenote_active":false,"_monsterinsights_sitenote_note":"","_monsterinsights_sitenote_category":0},"product_cat":[16,21],"product_tag":[],"class_list":{"0":"post-218","1":"product","2":"type-product","3":"status-publish","4":"has-post-thumbnail","6":"product_cat-ard","7":"product_cat-pw","9":"first","10":"instock","11":"shipping-taxable","12":"purchasable","13":"product-type-simple"},"yoast_head":"<!-- This site is optimized with the Yoast SEO plugin v23.6 - https:\/\/yoast.com\/wordpress\/plugins\/seo\/ -->\n<title>5A 75W BT046 DC-DC Converter Adjustable Step-Down Module 4.0-38V to 1.25V-36V Adjustable Power Supply - Arduino e-shop<\/title>\n<meta name=\"robots\" content=\"index, follow, max-snippet:-1, max-image-preview:large, max-video-preview:-1\" \/>\n<link rel=\"canonical\" href=\"https:\/\/www.onetimenexttime.sk\/arduino\/index.php\/produkt\/5a-75w-bt046-dc-dc-converter-adjustable-step-down-module-4-0-38v-to-1-25v-36v-adjustable-power-supply\/\" \/>\n<meta property=\"og:locale\" content=\"sk_SK\" \/>\n<meta property=\"og:type\" content=\"article\" \/>\n<meta property=\"og:title\" content=\"5A 75W BT046 DC-DC Converter Adjustable Step-Down Module 4.0-38V to 1.25V-36V Adjustable Power Supply - Arduino e-shop\" \/>\n<meta property=\"og:description\" content=\"5A 75W BT046 prevodn\u00edk DC-DC nastavite\u013en\u00fd krokov\u00fd modul 4,0-38V a\u017e 1,25V-36V nastavite\u013en\u00fd nap\u00e1jac\u00ed zdroj Vlastnosti modulu: 5A vysokov\u00fdkonn\u00fd 75W DC-DC&hellip;\" \/>\n<meta property=\"og:url\" content=\"https:\/\/www.onetimenexttime.sk\/arduino\/index.php\/produkt\/5a-75w-bt046-dc-dc-converter-adjustable-step-down-module-4-0-38v-to-1-25v-36v-adjustable-power-supply\/\" \/>\n<meta property=\"og:site_name\" content=\"Arduino e-shop\" \/>\n<meta property=\"article:modified_time\" content=\"2021-10-18T11:25:40+00:00\" \/>\n<meta property=\"og:image\" content=\"https:\/\/www.onetimenexttime.sk\/arduino\/wp-content\/uploads\/2021\/10\/309.jpg\" \/>\n\t<meta property=\"og:image:width\" content=\"522\" \/>\n\t<meta property=\"og:image:height\" content=\"522\" \/>\n\t<meta property=\"og:image:type\" content=\"image\/jpeg\" \/>\n<meta name=\"twitter:card\" content=\"summary_large_image\" \/>\n<meta name=\"twitter:label1\" content=\"Predpokladan\u00fd \u010das \u010d\u00edtania\" \/>\n\t<meta name=\"twitter:data1\" content=\"1 min\u00fata\" \/>\n<script type=\"application\/ld+json\" class=\"yoast-schema-graph\">{\"@context\":\"https:\/\/schema.org\",\"@graph\":[{\"@type\":\"WebPage\",\"@id\":\"https:\/\/www.onetimenexttime.sk\/arduino\/index.php\/produkt\/5a-75w-bt046-dc-dc-converter-adjustable-step-down-module-4-0-38v-to-1-25v-36v-adjustable-power-supply\/\",\"url\":\"https:\/\/www.onetimenexttime.sk\/arduino\/index.php\/produkt\/5a-75w-bt046-dc-dc-converter-adjustable-step-down-module-4-0-38v-to-1-25v-36v-adjustable-power-supply\/\",\"name\":\"5A 75W BT046 DC-DC Converter Adjustable Step-Down Module 4.0-38V to 1.25V-36V Adjustable Power Supply - Arduino e-shop\",\"isPartOf\":{\"@id\":\"https:\/\/www.onetimenexttime.sk\/arduino\/#website\"},\"primaryImageOfPage\":{\"@id\":\"https:\/\/www.onetimenexttime.sk\/arduino\/index.php\/produkt\/5a-75w-bt046-dc-dc-converter-adjustable-step-down-module-4-0-38v-to-1-25v-36v-adjustable-power-supply\/#primaryimage\"},\"image\":{\"@id\":\"https:\/\/www.onetimenexttime.sk\/arduino\/index.php\/produkt\/5a-75w-bt046-dc-dc-converter-adjustable-step-down-module-4-0-38v-to-1-25v-36v-adjustable-power-supply\/#primaryimage\"},\"thumbnailUrl\":\"https:\/\/www.onetimenexttime.sk\/arduino\/wp-content\/uploads\/2021\/10\/309.jpg\",\"datePublished\":\"2021-10-18T11:23:44+00:00\",\"dateModified\":\"2021-10-18T11:25:40+00:00\",\"breadcrumb\":{\"@id\":\"https:\/\/www.onetimenexttime.sk\/arduino\/index.php\/produkt\/5a-75w-bt046-dc-dc-converter-adjustable-step-down-module-4-0-38v-to-1-25v-36v-adjustable-power-supply\/#breadcrumb\"},\"inLanguage\":\"sk-SK\",\"potentialAction\":[{\"@type\":\"ReadAction\",\"target\":[\"https:\/\/www.onetimenexttime.sk\/arduino\/index.php\/produkt\/5a-75w-bt046-dc-dc-converter-adjustable-step-down-module-4-0-38v-to-1-25v-36v-adjustable-power-supply\/\"]}]},{\"@type\":\"ImageObject\",\"inLanguage\":\"sk-SK\",\"@id\":\"https:\/\/www.onetimenexttime.sk\/arduino\/index.php\/produkt\/5a-75w-bt046-dc-dc-converter-adjustable-step-down-module-4-0-38v-to-1-25v-36v-adjustable-power-supply\/#primaryimage\",\"url\":\"https:\/\/www.onetimenexttime.sk\/arduino\/wp-content\/uploads\/2021\/10\/309.jpg\",\"contentUrl\":\"https:\/\/www.onetimenexttime.sk\/arduino\/wp-content\/uploads\/2021\/10\/309.jpg\",\"width\":522,\"height\":522},{\"@type\":\"BreadcrumbList\",\"@id\":\"https:\/\/www.onetimenexttime.sk\/arduino\/index.php\/produkt\/5a-75w-bt046-dc-dc-converter-adjustable-step-down-module-4-0-38v-to-1-25v-36v-adjustable-power-supply\/#breadcrumb\",\"itemListElement\":[{\"@type\":\"ListItem\",\"position\":1,\"name\":\"Domov\",\"item\":\"https:\/\/www.onetimenexttime.sk\/arduino\/\"},{\"@type\":\"ListItem\",\"position\":2,\"name\":\"Obchod\",\"item\":\"https:\/\/www.onetimenexttime.sk\/arduino\/\"},{\"@type\":\"ListItem\",\"position\":3,\"name\":\"5A 75W BT046 DC-DC Converter Adjustable Step-Down Module 4.0-38V to 1.25V-36V Adjustable Power Supply\"}]},{\"@type\":\"WebSite\",\"@id\":\"https:\/\/www.onetimenexttime.sk\/arduino\/#website\",\"url\":\"https:\/\/www.onetimenexttime.sk\/arduino\/\",\"name\":\"Arduino e-shop\",\"description\":\"Home Assistant\",\"potentialAction\":[{\"@type\":\"SearchAction\",\"target\":{\"@type\":\"EntryPoint\",\"urlTemplate\":\"https:\/\/www.onetimenexttime.sk\/arduino\/?s={search_term_string}\"},\"query-input\":{\"@type\":\"PropertyValueSpecification\",\"valueRequired\":true,\"valueName\":\"search_term_string\"}}],\"inLanguage\":\"sk-SK\"}]}<\/script>\n<!-- \/ Yoast SEO plugin. -->","yoast_head_json":{"title":"5A 75W BT046 DC-DC Converter Adjustable Step-Down Module 4.0-38V to 1.25V-36V Adjustable Power Supply - Arduino e-shop","robots":{"index":"index","follow":"follow","max-snippet":"max-snippet:-1","max-image-preview":"max-image-preview:large","max-video-preview":"max-video-preview:-1"},"canonical":"https:\/\/www.onetimenexttime.sk\/arduino\/index.php\/produkt\/5a-75w-bt046-dc-dc-converter-adjustable-step-down-module-4-0-38v-to-1-25v-36v-adjustable-power-supply\/","og_locale":"sk_SK","og_type":"article","og_title":"5A 75W BT046 DC-DC Converter Adjustable Step-Down Module 4.0-38V to 1.25V-36V Adjustable Power Supply - Arduino e-shop","og_description":"5A 75W BT046 prevodn\u00edk DC-DC nastavite\u013en\u00fd krokov\u00fd modul 4,0-38V a\u017e 1,25V-36V nastavite\u013en\u00fd nap\u00e1jac\u00ed zdroj Vlastnosti modulu: 5A vysokov\u00fdkonn\u00fd 75W DC-DC&hellip;","og_url":"https:\/\/www.onetimenexttime.sk\/arduino\/index.php\/produkt\/5a-75w-bt046-dc-dc-converter-adjustable-step-down-module-4-0-38v-to-1-25v-36v-adjustable-power-supply\/","og_site_name":"Arduino e-shop","article_modified_time":"2021-10-18T11:25:40+00:00","og_image":[{"width":522,"height":522,"url":"https:\/\/www.onetimenexttime.sk\/arduino\/wp-content\/uploads\/2021\/10\/309.jpg","type":"image\/jpeg"}],"twitter_card":"summary_large_image","twitter_misc":{"Predpokladan\u00fd \u010das \u010d\u00edtania":"1 min\u00fata"},"schema":{"@context":"https:\/\/schema.org","@graph":[{"@type":"WebPage","@id":"https:\/\/www.onetimenexttime.sk\/arduino\/index.php\/produkt\/5a-75w-bt046-dc-dc-converter-adjustable-step-down-module-4-0-38v-to-1-25v-36v-adjustable-power-supply\/","url":"https:\/\/www.onetimenexttime.sk\/arduino\/index.php\/produkt\/5a-75w-bt046-dc-dc-converter-adjustable-step-down-module-4-0-38v-to-1-25v-36v-adjustable-power-supply\/","name":"5A 75W BT046 DC-DC Converter Adjustable Step-Down Module 4.0-38V to 1.25V-36V Adjustable Power Supply - Arduino e-shop","isPartOf":{"@id":"https:\/\/www.onetimenexttime.sk\/arduino\/#website"},"primaryImageOfPage":{"@id":"https:\/\/www.onetimenexttime.sk\/arduino\/index.php\/produkt\/5a-75w-bt046-dc-dc-converter-adjustable-step-down-module-4-0-38v-to-1-25v-36v-adjustable-power-supply\/#primaryimage"},"image":{"@id":"https:\/\/www.onetimenexttime.sk\/arduino\/index.php\/produkt\/5a-75w-bt046-dc-dc-converter-adjustable-step-down-module-4-0-38v-to-1-25v-36v-adjustable-power-supply\/#primaryimage"},"thumbnailUrl":"https:\/\/www.onetimenexttime.sk\/arduino\/wp-content\/uploads\/2021\/10\/309.jpg","datePublished":"2021-10-18T11:23:44+00:00","dateModified":"2021-10-18T11:25:40+00:00","breadcrumb":{"@id":"https:\/\/www.onetimenexttime.sk\/arduino\/index.php\/produkt\/5a-75w-bt046-dc-dc-converter-adjustable-step-down-module-4-0-38v-to-1-25v-36v-adjustable-power-supply\/#breadcrumb"},"inLanguage":"sk-SK","potentialAction":[{"@type":"ReadAction","target":["https:\/\/www.onetimenexttime.sk\/arduino\/index.php\/produkt\/5a-75w-bt046-dc-dc-converter-adjustable-step-down-module-4-0-38v-to-1-25v-36v-adjustable-power-supply\/"]}]},{"@type":"ImageObject","inLanguage":"sk-SK","@id":"https:\/\/www.onetimenexttime.sk\/arduino\/index.php\/produkt\/5a-75w-bt046-dc-dc-converter-adjustable-step-down-module-4-0-38v-to-1-25v-36v-adjustable-power-supply\/#primaryimage","url":"https:\/\/www.onetimenexttime.sk\/arduino\/wp-content\/uploads\/2021\/10\/309.jpg","contentUrl":"https:\/\/www.onetimenexttime.sk\/arduino\/wp-content\/uploads\/2021\/10\/309.jpg","width":522,"height":522},{"@type":"BreadcrumbList","@id":"https:\/\/www.onetimenexttime.sk\/arduino\/index.php\/produkt\/5a-75w-bt046-dc-dc-converter-adjustable-step-down-module-4-0-38v-to-1-25v-36v-adjustable-power-supply\/#breadcrumb","itemListElement":[{"@type":"ListItem","position":1,"name":"Domov","item":"https:\/\/www.onetimenexttime.sk\/arduino\/"},{"@type":"ListItem","position":2,"name":"Obchod","item":"https:\/\/www.onetimenexttime.sk\/arduino\/"},{"@type":"ListItem","position":3,"name":"5A 75W BT046 DC-DC Converter Adjustable Step-Down Module 4.0-38V to 1.25V-36V Adjustable Power Supply"}]},{"@type":"WebSite","@id":"https:\/\/www.onetimenexttime.sk\/arduino\/#website","url":"https:\/\/www.onetimenexttime.sk\/arduino\/","name":"Arduino e-shop","description":"Home Assistant","potentialAction":[{"@type":"SearchAction","target":{"@type":"EntryPoint","urlTemplate":"https:\/\/www.onetimenexttime.sk\/arduino\/?s={search_term_string}"},"query-input":{"@type":"PropertyValueSpecification","valueRequired":true,"valueName":"search_term_string"}}],"inLanguage":"sk-SK"}]}},"_links":{"self":[{"href":"https:\/\/www.onetimenexttime.sk\/arduino\/index.php\/wp-json\/wp\/v2\/product\/218"}],"collection":[{"href":"https:\/\/www.onetimenexttime.sk\/arduino\/index.php\/wp-json\/wp\/v2\/product"}],"about":[{"href":"https:\/\/www.onetimenexttime.sk\/arduino\/index.php\/wp-json\/wp\/v2\/types\/product"}],"wp:featuredmedia":[{"embeddable":true,"href":"https:\/\/www.onetimenexttime.sk\/arduino\/index.php\/wp-json\/wp\/v2\/media\/219"}],"wp:attachment":[{"href":"https:\/\/www.onetimenexttime.sk\/arduino\/index.php\/wp-json\/wp\/v2\/media?parent=218"}],"wp:term":[{"taxonomy":"product_cat","embeddable":true,"href":"https:\/\/www.onetimenexttime.sk\/arduino\/index.php\/wp-json\/wp\/v2\/product_cat?post=218"},{"taxonomy":"product_tag","embeddable":true,"href":"https:\/\/www.onetimenexttime.sk\/arduino\/index.php\/wp-json\/wp\/v2\/product_tag?post=218"}],"curies":[{"name":"wp","href":"https:\/\/api.w.org\/{rel}","templated":true}]}}