{"id":214,"date":"2021-10-18T13:17:38","date_gmt":"2021-10-18T11:17:38","guid":{"rendered":"https:\/\/www.onetimenexttime.sk\/arduino\/?post_type=product&#038;p=214"},"modified":"2021-10-18T13:19:45","modified_gmt":"2021-10-18T11:19:45","slug":"rc-airplane-module-mini-360-dc-buck-converter-step-down-module-4-75v-23v-to-1v-17v-new-lm2596","status":"publish","type":"product","link":"https:\/\/www.onetimenexttime.sk\/arduino\/index.php\/produkt\/rc-airplane-module-mini-360-dc-buck-converter-step-down-module-4-75v-23v-to-1v-17v-new-lm2596\/","title":{"rendered":"RC Airplane Module Mini 360 DC Buck Converter Step Down Module 4.75V-23V to 1V-17V New LM2596"},"content":{"rendered":"<p>Modul RC lietadla Mini 360 DC Buck Converter Krokov\u00fd modul 4,75V-23V na 1V-17V Nov\u00fd LM2596<\/p>\n<p>&nbsp;<\/p>\n<p>Detaily produktu:<br \/>\nZostupn\u00fd modul<br \/>\nTyp: Mini-360<br \/>\nNeizolovan\u00e9 zn\u00ed\u017eenie<br \/>\nSynchr\u00f3nna n\u00e1prava<br \/>\nVe\u013ekos\u0165: cca. 17 x 11 x 3,8 mm<br \/>\nVstupn\u00e9 nap\u00e4tie: 4,75V-23V<br \/>\nV\u00fdstupn\u00e9 nap\u00e4tie: 1,0V-17V<br \/>\nV\u00fdstupn\u00fd pr\u00fad: \u0161pi\u010dkov\u00fd 3A, dlh\u00fd 1,8A<br \/>\n\u00da\u010dinnos\u0165 prenosu: 96% (najvy\u0161\u0161ia)<br \/>\nFrekvencia striedania: 340 kHz<br \/>\nZvlnenie v\u00fdstupu: 30 mV (bez za\u0165a\u017eenia)<br \/>\nRegul\u00e1cia za\u0165a\u017eenia: \u00b1 0,5%<br \/>\nRegul\u00e1cia nap\u00e4tia: \u00b1 2,5%<br \/>\nPrev\u00e1dzkov\u00e1 teplota: -40 ~+85<br \/>\nFarba: zobrazi\u0165 ako obr\u00e1zky<\/p>\n","protected":false},"excerpt":{"rendered":"<p>Modul RC lietadla Mini 360 DC Buck Converter Krokov\u00fd modul 4,75V-23V na 1V-17V Nov\u00fd LM2596 &nbsp; Detaily produktu: Zostupn\u00fd modul&hellip;<\/p>\n","protected":false},"featured_media":215,"template":"","meta":{"_monsterinsights_skip_tracking":false,"_monsterinsights_sitenote_active":false,"_monsterinsights_sitenote_note":"","_monsterinsights_sitenote_category":0},"product_cat":[16,21],"product_tag":[],"class_list":{"0":"post-214","1":"product","2":"type-product","3":"status-publish","4":"has-post-thumbnail","6":"product_cat-ard","7":"product_cat-pw","9":"first","10":"instock","11":"shipping-taxable","12":"purchasable","13":"product-type-simple"},"yoast_head":"<!-- This site is optimized with the Yoast SEO plugin v23.6 - https:\/\/yoast.com\/wordpress\/plugins\/seo\/ -->\n<title>RC Airplane Module Mini 360 DC Buck Converter Step Down Module 4.75V-23V to 1V-17V New LM2596 - Arduino e-shop<\/title>\n<meta name=\"robots\" content=\"index, follow, max-snippet:-1, max-image-preview:large, max-video-preview:-1\" \/>\n<link rel=\"canonical\" href=\"https:\/\/www.onetimenexttime.sk\/arduino\/index.php\/produkt\/rc-airplane-module-mini-360-dc-buck-converter-step-down-module-4-75v-23v-to-1v-17v-new-lm2596\/\" \/>\n<meta property=\"og:locale\" content=\"sk_SK\" \/>\n<meta property=\"og:type\" content=\"article\" \/>\n<meta property=\"og:title\" content=\"RC Airplane Module Mini 360 DC Buck Converter Step Down Module 4.75V-23V to 1V-17V New LM2596 - Arduino e-shop\" \/>\n<meta property=\"og:description\" content=\"Modul RC lietadla Mini 360 DC Buck Converter Krokov\u00fd modul 4,75V-23V na 1V-17V Nov\u00fd LM2596 &nbsp; Detaily produktu: Zostupn\u00fd modul&hellip;\" \/>\n<meta property=\"og:url\" content=\"https:\/\/www.onetimenexttime.sk\/arduino\/index.php\/produkt\/rc-airplane-module-mini-360-dc-buck-converter-step-down-module-4-75v-23v-to-1v-17v-new-lm2596\/\" \/>\n<meta property=\"og:site_name\" content=\"Arduino e-shop\" \/>\n<meta property=\"article:modified_time\" content=\"2021-10-18T11:19:45+00:00\" \/>\n<meta property=\"og:image\" content=\"https:\/\/www.onetimenexttime.sk\/arduino\/wp-content\/uploads\/2021\/10\/319.jpg\" \/>\n\t<meta property=\"og:image:width\" content=\"504\" \/>\n\t<meta property=\"og:image:height\" content=\"503\" \/>\n\t<meta property=\"og:image:type\" content=\"image\/jpeg\" \/>\n<meta name=\"twitter:card\" content=\"summary_large_image\" \/>\n<meta name=\"twitter:label1\" content=\"Predpokladan\u00fd \u010das \u010d\u00edtania\" \/>\n\t<meta name=\"twitter:data1\" content=\"1 min\u00fata\" \/>\n<script type=\"application\/ld+json\" class=\"yoast-schema-graph\">{\"@context\":\"https:\/\/schema.org\",\"@graph\":[{\"@type\":\"WebPage\",\"@id\":\"https:\/\/www.onetimenexttime.sk\/arduino\/index.php\/produkt\/rc-airplane-module-mini-360-dc-buck-converter-step-down-module-4-75v-23v-to-1v-17v-new-lm2596\/\",\"url\":\"https:\/\/www.onetimenexttime.sk\/arduino\/index.php\/produkt\/rc-airplane-module-mini-360-dc-buck-converter-step-down-module-4-75v-23v-to-1v-17v-new-lm2596\/\",\"name\":\"RC Airplane Module Mini 360 DC Buck Converter Step Down Module 4.75V-23V to 1V-17V New LM2596 - Arduino e-shop\",\"isPartOf\":{\"@id\":\"https:\/\/www.onetimenexttime.sk\/arduino\/#website\"},\"primaryImageOfPage\":{\"@id\":\"https:\/\/www.onetimenexttime.sk\/arduino\/index.php\/produkt\/rc-airplane-module-mini-360-dc-buck-converter-step-down-module-4-75v-23v-to-1v-17v-new-lm2596\/#primaryimage\"},\"image\":{\"@id\":\"https:\/\/www.onetimenexttime.sk\/arduino\/index.php\/produkt\/rc-airplane-module-mini-360-dc-buck-converter-step-down-module-4-75v-23v-to-1v-17v-new-lm2596\/#primaryimage\"},\"thumbnailUrl\":\"https:\/\/www.onetimenexttime.sk\/arduino\/wp-content\/uploads\/2021\/10\/319.jpg\",\"datePublished\":\"2021-10-18T11:17:38+00:00\",\"dateModified\":\"2021-10-18T11:19:45+00:00\",\"breadcrumb\":{\"@id\":\"https:\/\/www.onetimenexttime.sk\/arduino\/index.php\/produkt\/rc-airplane-module-mini-360-dc-buck-converter-step-down-module-4-75v-23v-to-1v-17v-new-lm2596\/#breadcrumb\"},\"inLanguage\":\"sk-SK\",\"potentialAction\":[{\"@type\":\"ReadAction\",\"target\":[\"https:\/\/www.onetimenexttime.sk\/arduino\/index.php\/produkt\/rc-airplane-module-mini-360-dc-buck-converter-step-down-module-4-75v-23v-to-1v-17v-new-lm2596\/\"]}]},{\"@type\":\"ImageObject\",\"inLanguage\":\"sk-SK\",\"@id\":\"https:\/\/www.onetimenexttime.sk\/arduino\/index.php\/produkt\/rc-airplane-module-mini-360-dc-buck-converter-step-down-module-4-75v-23v-to-1v-17v-new-lm2596\/#primaryimage\",\"url\":\"https:\/\/www.onetimenexttime.sk\/arduino\/wp-content\/uploads\/2021\/10\/319.jpg\",\"contentUrl\":\"https:\/\/www.onetimenexttime.sk\/arduino\/wp-content\/uploads\/2021\/10\/319.jpg\",\"width\":504,\"height\":503},{\"@type\":\"BreadcrumbList\",\"@id\":\"https:\/\/www.onetimenexttime.sk\/arduino\/index.php\/produkt\/rc-airplane-module-mini-360-dc-buck-converter-step-down-module-4-75v-23v-to-1v-17v-new-lm2596\/#breadcrumb\",\"itemListElement\":[{\"@type\":\"ListItem\",\"position\":1,\"name\":\"Domov\",\"item\":\"https:\/\/www.onetimenexttime.sk\/arduino\/\"},{\"@type\":\"ListItem\",\"position\":2,\"name\":\"Obchod\",\"item\":\"https:\/\/www.onetimenexttime.sk\/arduino\/\"},{\"@type\":\"ListItem\",\"position\":3,\"name\":\"RC Airplane Module Mini 360 DC Buck Converter Step Down Module 4.75V-23V to 1V-17V New LM2596\"}]},{\"@type\":\"WebSite\",\"@id\":\"https:\/\/www.onetimenexttime.sk\/arduino\/#website\",\"url\":\"https:\/\/www.onetimenexttime.sk\/arduino\/\",\"name\":\"Arduino e-shop\",\"description\":\"Home Assistant\",\"potentialAction\":[{\"@type\":\"SearchAction\",\"target\":{\"@type\":\"EntryPoint\",\"urlTemplate\":\"https:\/\/www.onetimenexttime.sk\/arduino\/?s={search_term_string}\"},\"query-input\":{\"@type\":\"PropertyValueSpecification\",\"valueRequired\":true,\"valueName\":\"search_term_string\"}}],\"inLanguage\":\"sk-SK\"}]}<\/script>\n<!-- \/ Yoast SEO plugin. -->","yoast_head_json":{"title":"RC Airplane Module Mini 360 DC Buck Converter Step Down Module 4.75V-23V to 1V-17V New LM2596 - Arduino e-shop","robots":{"index":"index","follow":"follow","max-snippet":"max-snippet:-1","max-image-preview":"max-image-preview:large","max-video-preview":"max-video-preview:-1"},"canonical":"https:\/\/www.onetimenexttime.sk\/arduino\/index.php\/produkt\/rc-airplane-module-mini-360-dc-buck-converter-step-down-module-4-75v-23v-to-1v-17v-new-lm2596\/","og_locale":"sk_SK","og_type":"article","og_title":"RC Airplane Module Mini 360 DC Buck Converter Step Down Module 4.75V-23V to 1V-17V New LM2596 - Arduino e-shop","og_description":"Modul RC lietadla Mini 360 DC Buck Converter Krokov\u00fd modul 4,75V-23V na 1V-17V Nov\u00fd LM2596 &nbsp; Detaily produktu: Zostupn\u00fd modul&hellip;","og_url":"https:\/\/www.onetimenexttime.sk\/arduino\/index.php\/produkt\/rc-airplane-module-mini-360-dc-buck-converter-step-down-module-4-75v-23v-to-1v-17v-new-lm2596\/","og_site_name":"Arduino e-shop","article_modified_time":"2021-10-18T11:19:45+00:00","og_image":[{"width":504,"height":503,"url":"https:\/\/www.onetimenexttime.sk\/arduino\/wp-content\/uploads\/2021\/10\/319.jpg","type":"image\/jpeg"}],"twitter_card":"summary_large_image","twitter_misc":{"Predpokladan\u00fd \u010das \u010d\u00edtania":"1 min\u00fata"},"schema":{"@context":"https:\/\/schema.org","@graph":[{"@type":"WebPage","@id":"https:\/\/www.onetimenexttime.sk\/arduino\/index.php\/produkt\/rc-airplane-module-mini-360-dc-buck-converter-step-down-module-4-75v-23v-to-1v-17v-new-lm2596\/","url":"https:\/\/www.onetimenexttime.sk\/arduino\/index.php\/produkt\/rc-airplane-module-mini-360-dc-buck-converter-step-down-module-4-75v-23v-to-1v-17v-new-lm2596\/","name":"RC Airplane Module Mini 360 DC Buck Converter Step Down Module 4.75V-23V to 1V-17V New LM2596 - Arduino e-shop","isPartOf":{"@id":"https:\/\/www.onetimenexttime.sk\/arduino\/#website"},"primaryImageOfPage":{"@id":"https:\/\/www.onetimenexttime.sk\/arduino\/index.php\/produkt\/rc-airplane-module-mini-360-dc-buck-converter-step-down-module-4-75v-23v-to-1v-17v-new-lm2596\/#primaryimage"},"image":{"@id":"https:\/\/www.onetimenexttime.sk\/arduino\/index.php\/produkt\/rc-airplane-module-mini-360-dc-buck-converter-step-down-module-4-75v-23v-to-1v-17v-new-lm2596\/#primaryimage"},"thumbnailUrl":"https:\/\/www.onetimenexttime.sk\/arduino\/wp-content\/uploads\/2021\/10\/319.jpg","datePublished":"2021-10-18T11:17:38+00:00","dateModified":"2021-10-18T11:19:45+00:00","breadcrumb":{"@id":"https:\/\/www.onetimenexttime.sk\/arduino\/index.php\/produkt\/rc-airplane-module-mini-360-dc-buck-converter-step-down-module-4-75v-23v-to-1v-17v-new-lm2596\/#breadcrumb"},"inLanguage":"sk-SK","potentialAction":[{"@type":"ReadAction","target":["https:\/\/www.onetimenexttime.sk\/arduino\/index.php\/produkt\/rc-airplane-module-mini-360-dc-buck-converter-step-down-module-4-75v-23v-to-1v-17v-new-lm2596\/"]}]},{"@type":"ImageObject","inLanguage":"sk-SK","@id":"https:\/\/www.onetimenexttime.sk\/arduino\/index.php\/produkt\/rc-airplane-module-mini-360-dc-buck-converter-step-down-module-4-75v-23v-to-1v-17v-new-lm2596\/#primaryimage","url":"https:\/\/www.onetimenexttime.sk\/arduino\/wp-content\/uploads\/2021\/10\/319.jpg","contentUrl":"https:\/\/www.onetimenexttime.sk\/arduino\/wp-content\/uploads\/2021\/10\/319.jpg","width":504,"height":503},{"@type":"BreadcrumbList","@id":"https:\/\/www.onetimenexttime.sk\/arduino\/index.php\/produkt\/rc-airplane-module-mini-360-dc-buck-converter-step-down-module-4-75v-23v-to-1v-17v-new-lm2596\/#breadcrumb","itemListElement":[{"@type":"ListItem","position":1,"name":"Domov","item":"https:\/\/www.onetimenexttime.sk\/arduino\/"},{"@type":"ListItem","position":2,"name":"Obchod","item":"https:\/\/www.onetimenexttime.sk\/arduino\/"},{"@type":"ListItem","position":3,"name":"RC Airplane Module Mini 360 DC Buck Converter Step Down Module 4.75V-23V to 1V-17V New LM2596"}]},{"@type":"WebSite","@id":"https:\/\/www.onetimenexttime.sk\/arduino\/#website","url":"https:\/\/www.onetimenexttime.sk\/arduino\/","name":"Arduino e-shop","description":"Home Assistant","potentialAction":[{"@type":"SearchAction","target":{"@type":"EntryPoint","urlTemplate":"https:\/\/www.onetimenexttime.sk\/arduino\/?s={search_term_string}"},"query-input":{"@type":"PropertyValueSpecification","valueRequired":true,"valueName":"search_term_string"}}],"inLanguage":"sk-SK"}]}},"_links":{"self":[{"href":"https:\/\/www.onetimenexttime.sk\/arduino\/index.php\/wp-json\/wp\/v2\/product\/214"}],"collection":[{"href":"https:\/\/www.onetimenexttime.sk\/arduino\/index.php\/wp-json\/wp\/v2\/product"}],"about":[{"href":"https:\/\/www.onetimenexttime.sk\/arduino\/index.php\/wp-json\/wp\/v2\/types\/product"}],"wp:featuredmedia":[{"embeddable":true,"href":"https:\/\/www.onetimenexttime.sk\/arduino\/index.php\/wp-json\/wp\/v2\/media\/215"}],"wp:attachment":[{"href":"https:\/\/www.onetimenexttime.sk\/arduino\/index.php\/wp-json\/wp\/v2\/media?parent=214"}],"wp:term":[{"taxonomy":"product_cat","embeddable":true,"href":"https:\/\/www.onetimenexttime.sk\/arduino\/index.php\/wp-json\/wp\/v2\/product_cat?post=214"},{"taxonomy":"product_tag","embeddable":true,"href":"https:\/\/www.onetimenexttime.sk\/arduino\/index.php\/wp-json\/wp\/v2\/product_tag?post=214"}],"curies":[{"name":"wp","href":"https:\/\/api.w.org\/{rel}","templated":true}]}}