{"id":208,"date":"2021-10-18T13:10:25","date_gmt":"2021-10-18T11:10:25","guid":{"rendered":"https:\/\/www.onetimenexttime.sk\/arduino\/?post_type=product&#038;p=208"},"modified":"2021-10-18T13:12:38","modified_gmt":"2021-10-18T11:12:38","slug":"1-way-irf540-module-mosfet-switch-module-for-arduino","status":"publish","type":"product","link":"https:\/\/www.onetimenexttime.sk\/arduino\/index.php\/produkt\/1-way-irf540-module-mosfet-switch-module-for-arduino\/","title":{"rendered":"1 way IRF540 module MOSFET switch module FOR Arduino"},"content":{"rendered":"<p>1 -cestn\u00fd modul IRF540 MOSFET prep\u00ednac\u00ed modul pre Arduino<\/p>\n<p>MOSFET je elektronick\u00e9 zariadenie s dobr\u00fdmi sp\u00ednac\u00edmi charakteristikami, je \u0161iroko pou\u017e\u00edvan\u00e9 v potreb\u00e1ch elektronick\u00fdch sp\u00ednac\u00edch obvodov, ako s\u00fa sp\u00ednacie zdroje a motorov\u00e9 pohony a stmievanie osvetlenia. Rel\u00e9 s\u00fa ve\u013emi dobre zn\u00e1me \u010fal\u0161iemu modulu, ktor\u00fd m\u00e1 sp\u00ednacie charakteristiky, ale preto\u017ee pracovn\u00fd princ\u00edp rel\u00e9 je spravidla dosiahnut\u00fd mechanick\u00fdm zap\u00ednan\u00edm a vyp\u00ednan\u00edm, \u010do za dan\u00fdch okolnost\u00ed nevyhnutne povedie k ve\u013emi kr\u00e1tkym \u010dasom zopnutia, situ\u00e1cia rel\u00e9 nefunguje, ostatn\u00e9 znie, ke\u010f je kontakt kontaktu Baba v niektor\u00fdch pr\u00edpadoch nepr\u00edjemnej\u0161ia vec.<\/p>\n<p>Tento modul pou\u017eite s elektronick\u00fdmi stavebnicami Arduino 4 prep\u00edna\u010dmi MOSFET IRF540, ktor\u00e9 pou\u017e\u00edvaj\u00fa to ist\u00e9, ale menia sp\u00f4sob, ak\u00fdm boli p\u00f4vodn\u00e9 \u0161tyri. Pou\u017eite referenciu pre 4-cestn\u00e9 prep\u00edna\u010de Arduino IRF540 MOSFET moduly:<\/p>\n<p>Navrhli sme tento \u0161tvorsmerov\u00fd prep\u00edna\u010d MOSFET, ktor\u00fd m\u00f4\u017ee poskytova\u0165 a\u017e \u0161tyri skupiny elektronick\u00fdch sp\u00edna\u010dov a boli pou\u017eit\u00e9 na ovl\u00e1danie r\u00f4znych obvodov\u00fdch modulov. Dotknut\u00e9 pr\u00e1ce MOSFET, elektronick\u00e9 stavebn\u00e9 bloky m\u00f4\u017eu by\u0165 pou\u017eit\u00e9 na ovl\u00e1danie DC obvodu, ako napr\u00edklad DC LED obrazovka, at\u010f., Nie s\u00fa vhodn\u00e9 na ovl\u00e1danie AC obvodu. Za extr\u00e9mnych okolnost\u00ed je mo\u017en\u00e9 sp\u00edna\u010d MOSFET pou\u017ei\u0165 na ovl\u00e1danie obvodu 100 V \/ 33 A DC, ale ovl\u00e1danie sa odpor\u00fa\u010da nie men\u0161ie ako minim\u00e1lne jednosmern\u00e9 nap\u00e4tie 9 V.<\/p>\n<p>Obvod je pripojen\u00fd na jednom konci vodi\u010da je mierne ovl\u00e1dan\u00fd nejak\u00fd probl\u00e9m. Na ovl\u00e1danie 12V LED svetiel, napr.<br \/>\nNajprv kladn\u00fd (+) a z\u00e1porn\u00fd (-) medzi pripojen\u00fdm v\u00fdkonom;<\/p>\n<p>Potom pripojte kladn\u00e9 LED svetl\u00e1 k modulu pripojen\u00e9mu k kladn\u00e9mu (+),<br \/>\nLED svetl\u00e1 so zapnutou an\u00f3dou k sp\u00edna\u010du 1 (S1);<\/p>\n<p>Ak existuj\u00fa \u010fal\u0161ie LED svetl\u00e1 s potrebou ovl\u00e1da\u0165,<br \/>\nRovnak\u00e9 kat\u00f3dov\u00e9 svetl\u00e1 s LED modulom s\u00fa pripojen\u00e9 k kladn\u00e9mu (+),<br \/>\nLED svetl\u00e1 so z\u00e1pornou elektr\u00f3dou s\u00fa zasa zapojen\u00e9 do sp\u00edna\u010da 2 (S2), sp\u00edna\u010da 3 (S3), sp\u00edna\u010da 4 (S4) zapnut\u00fd;<\/p>\n<p>Strana ovl\u00e1dania pripojenia je ove\u013ea jednoduch\u0161ia,<br \/>\nPotrebujeme iba k\u00e1bel sn\u00edma\u010da,<br \/>\nK pr\u00edslu\u0161n\u00e9mu ovl\u00e1daciemu portu pripojen\u00e9ho roz\u0161iruj\u00faceho modulu senzora Arduino m\u00f4\u017eete ovl\u00e1da\u0165 12V LED svetl\u00e1, ktor\u00e9 priniesol Arduino.<br \/>\nExperiment, vybrali sme dve LED svetl\u00e1.<\/p>\n<p>&nbsp;<\/p>\n<div>Test code\u00a0as follows\u00a0\u00a0:<\/div>\n<div><\/div>\n<div><\/div>\n<div>int s1Pin = 6;<\/div>\n<div>int s2Pin = 7;<\/div>\n<div><\/div>\n<div>void setup() {<\/div>\n<div>pinMode(s1Pin, OUTPUT);<\/div>\n<div>pinMode(s2Pin, OUTPUT);<\/div>\n<div>}<\/div>\n<div><\/div>\n<div>void loop() {<\/div>\n<div data-spm-anchor-id=\"a2g0o.detail.1000023.i1.d7801267pLnKr8\">int i;<\/div>\n<div><\/div>\n<div>digitalWrite(s1Pin, HIGH);<\/div>\n<div>digitalWrite(s2Pin, HIGH);<\/div>\n<div>delay(500);<\/div>\n<div><\/div>\n<div>digitalWrite(s1Pin, LOW);<\/div>\n<div>digitalWrite(s2Pin, LOW);<\/div>\n<div>delay(500);<\/div>\n<div><\/div>\n<div>for (i = 0; i &lt; 10; i ++) {<\/div>\n<div>digitalWrite(s1Pin, HIGH);<\/div>\n<div>delay(500);<\/div>\n<div>digitalWrite(s1Pin, LOW);<\/div>\n<div>delay(500);<\/div>\n<div>}<\/div>\n<div><\/div>\n<div>for (i = 0; i &lt; 100; i ++) {<\/div>\n<div>digitalWrite(s2Pin, HIGH);<\/div>\n<div>delay(50);<\/div>\n<div>digitalWrite(s2Pin, LOW);<\/div>\n<div>delay(50);<\/div>\n<div>}<\/div>\n<div>}<\/div>\n","protected":false},"excerpt":{"rendered":"<p>1 -cestn\u00fd modul IRF540 MOSFET prep\u00ednac\u00ed modul pre Arduino MOSFET je elektronick\u00e9 zariadenie s dobr\u00fdmi sp\u00ednac\u00edmi charakteristikami, je \u0161iroko pou\u017e\u00edvan\u00e9&hellip;<\/p>\n","protected":false},"featured_media":209,"template":"","meta":{"_monsterinsights_skip_tracking":false,"_monsterinsights_sitenote_active":false,"_monsterinsights_sitenote_note":"","_monsterinsights_sitenote_category":0},"product_cat":[16,21],"product_tag":[],"class_list":{"0":"post-208","1":"product","2":"type-product","3":"status-publish","4":"has-post-thumbnail","6":"product_cat-ard","7":"product_cat-pw","9":"first","10":"instock","11":"shipping-taxable","12":"purchasable","13":"product-type-simple"},"yoast_head":"<!-- This site is optimized with the Yoast SEO plugin v23.6 - https:\/\/yoast.com\/wordpress\/plugins\/seo\/ -->\n<title>1 way IRF540 module MOSFET switch module FOR Arduino - Arduino e-shop<\/title>\n<meta name=\"robots\" content=\"index, follow, max-snippet:-1, max-image-preview:large, max-video-preview:-1\" \/>\n<link rel=\"canonical\" href=\"https:\/\/www.onetimenexttime.sk\/arduino\/index.php\/produkt\/1-way-irf540-module-mosfet-switch-module-for-arduino\/\" \/>\n<meta property=\"og:locale\" content=\"sk_SK\" \/>\n<meta property=\"og:type\" content=\"article\" \/>\n<meta property=\"og:title\" content=\"1 way IRF540 module MOSFET switch module FOR Arduino - Arduino e-shop\" \/>\n<meta property=\"og:description\" content=\"1 -cestn\u00fd modul IRF540 MOSFET prep\u00ednac\u00ed modul pre Arduino MOSFET je elektronick\u00e9 zariadenie s dobr\u00fdmi sp\u00ednac\u00edmi charakteristikami, je \u0161iroko pou\u017e\u00edvan\u00e9&hellip;\" \/>\n<meta property=\"og:url\" content=\"https:\/\/www.onetimenexttime.sk\/arduino\/index.php\/produkt\/1-way-irf540-module-mosfet-switch-module-for-arduino\/\" \/>\n<meta property=\"og:site_name\" content=\"Arduino e-shop\" \/>\n<meta property=\"article:modified_time\" content=\"2021-10-18T11:12:38+00:00\" \/>\n<meta property=\"og:image\" content=\"https:\/\/www.onetimenexttime.sk\/arduino\/wp-content\/uploads\/2021\/10\/316.jpg\" \/>\n\t<meta property=\"og:image:width\" content=\"504\" \/>\n\t<meta property=\"og:image:height\" content=\"503\" \/>\n\t<meta property=\"og:image:type\" content=\"image\/jpeg\" \/>\n<meta name=\"twitter:card\" content=\"summary_large_image\" \/>\n<meta name=\"twitter:label1\" content=\"Predpokladan\u00fd \u010das \u010d\u00edtania\" \/>\n\t<meta name=\"twitter:data1\" content=\"2 min\u00faty\" \/>\n<script type=\"application\/ld+json\" class=\"yoast-schema-graph\">{\"@context\":\"https:\/\/schema.org\",\"@graph\":[{\"@type\":\"WebPage\",\"@id\":\"https:\/\/www.onetimenexttime.sk\/arduino\/index.php\/produkt\/1-way-irf540-module-mosfet-switch-module-for-arduino\/\",\"url\":\"https:\/\/www.onetimenexttime.sk\/arduino\/index.php\/produkt\/1-way-irf540-module-mosfet-switch-module-for-arduino\/\",\"name\":\"1 way IRF540 module MOSFET switch module FOR Arduino - Arduino e-shop\",\"isPartOf\":{\"@id\":\"https:\/\/www.onetimenexttime.sk\/arduino\/#website\"},\"primaryImageOfPage\":{\"@id\":\"https:\/\/www.onetimenexttime.sk\/arduino\/index.php\/produkt\/1-way-irf540-module-mosfet-switch-module-for-arduino\/#primaryimage\"},\"image\":{\"@id\":\"https:\/\/www.onetimenexttime.sk\/arduino\/index.php\/produkt\/1-way-irf540-module-mosfet-switch-module-for-arduino\/#primaryimage\"},\"thumbnailUrl\":\"https:\/\/www.onetimenexttime.sk\/arduino\/wp-content\/uploads\/2021\/10\/316.jpg\",\"datePublished\":\"2021-10-18T11:10:25+00:00\",\"dateModified\":\"2021-10-18T11:12:38+00:00\",\"breadcrumb\":{\"@id\":\"https:\/\/www.onetimenexttime.sk\/arduino\/index.php\/produkt\/1-way-irf540-module-mosfet-switch-module-for-arduino\/#breadcrumb\"},\"inLanguage\":\"sk-SK\",\"potentialAction\":[{\"@type\":\"ReadAction\",\"target\":[\"https:\/\/www.onetimenexttime.sk\/arduino\/index.php\/produkt\/1-way-irf540-module-mosfet-switch-module-for-arduino\/\"]}]},{\"@type\":\"ImageObject\",\"inLanguage\":\"sk-SK\",\"@id\":\"https:\/\/www.onetimenexttime.sk\/arduino\/index.php\/produkt\/1-way-irf540-module-mosfet-switch-module-for-arduino\/#primaryimage\",\"url\":\"https:\/\/www.onetimenexttime.sk\/arduino\/wp-content\/uploads\/2021\/10\/316.jpg\",\"contentUrl\":\"https:\/\/www.onetimenexttime.sk\/arduino\/wp-content\/uploads\/2021\/10\/316.jpg\",\"width\":504,\"height\":503},{\"@type\":\"BreadcrumbList\",\"@id\":\"https:\/\/www.onetimenexttime.sk\/arduino\/index.php\/produkt\/1-way-irf540-module-mosfet-switch-module-for-arduino\/#breadcrumb\",\"itemListElement\":[{\"@type\":\"ListItem\",\"position\":1,\"name\":\"Domov\",\"item\":\"https:\/\/www.onetimenexttime.sk\/arduino\/\"},{\"@type\":\"ListItem\",\"position\":2,\"name\":\"Obchod\",\"item\":\"https:\/\/www.onetimenexttime.sk\/arduino\/\"},{\"@type\":\"ListItem\",\"position\":3,\"name\":\"1 way IRF540 module MOSFET switch module FOR Arduino\"}]},{\"@type\":\"WebSite\",\"@id\":\"https:\/\/www.onetimenexttime.sk\/arduino\/#website\",\"url\":\"https:\/\/www.onetimenexttime.sk\/arduino\/\",\"name\":\"Arduino e-shop\",\"description\":\"Home Assistant\",\"potentialAction\":[{\"@type\":\"SearchAction\",\"target\":{\"@type\":\"EntryPoint\",\"urlTemplate\":\"https:\/\/www.onetimenexttime.sk\/arduino\/?s={search_term_string}\"},\"query-input\":{\"@type\":\"PropertyValueSpecification\",\"valueRequired\":true,\"valueName\":\"search_term_string\"}}],\"inLanguage\":\"sk-SK\"}]}<\/script>\n<!-- \/ Yoast SEO plugin. -->","yoast_head_json":{"title":"1 way IRF540 module MOSFET switch module FOR Arduino - Arduino e-shop","robots":{"index":"index","follow":"follow","max-snippet":"max-snippet:-1","max-image-preview":"max-image-preview:large","max-video-preview":"max-video-preview:-1"},"canonical":"https:\/\/www.onetimenexttime.sk\/arduino\/index.php\/produkt\/1-way-irf540-module-mosfet-switch-module-for-arduino\/","og_locale":"sk_SK","og_type":"article","og_title":"1 way IRF540 module MOSFET switch module FOR Arduino - Arduino e-shop","og_description":"1 -cestn\u00fd modul IRF540 MOSFET prep\u00ednac\u00ed modul pre Arduino MOSFET je elektronick\u00e9 zariadenie s dobr\u00fdmi sp\u00ednac\u00edmi charakteristikami, je \u0161iroko pou\u017e\u00edvan\u00e9&hellip;","og_url":"https:\/\/www.onetimenexttime.sk\/arduino\/index.php\/produkt\/1-way-irf540-module-mosfet-switch-module-for-arduino\/","og_site_name":"Arduino e-shop","article_modified_time":"2021-10-18T11:12:38+00:00","og_image":[{"width":504,"height":503,"url":"https:\/\/www.onetimenexttime.sk\/arduino\/wp-content\/uploads\/2021\/10\/316.jpg","type":"image\/jpeg"}],"twitter_card":"summary_large_image","twitter_misc":{"Predpokladan\u00fd \u010das \u010d\u00edtania":"2 min\u00faty"},"schema":{"@context":"https:\/\/schema.org","@graph":[{"@type":"WebPage","@id":"https:\/\/www.onetimenexttime.sk\/arduino\/index.php\/produkt\/1-way-irf540-module-mosfet-switch-module-for-arduino\/","url":"https:\/\/www.onetimenexttime.sk\/arduino\/index.php\/produkt\/1-way-irf540-module-mosfet-switch-module-for-arduino\/","name":"1 way IRF540 module MOSFET switch module FOR Arduino - Arduino e-shop","isPartOf":{"@id":"https:\/\/www.onetimenexttime.sk\/arduino\/#website"},"primaryImageOfPage":{"@id":"https:\/\/www.onetimenexttime.sk\/arduino\/index.php\/produkt\/1-way-irf540-module-mosfet-switch-module-for-arduino\/#primaryimage"},"image":{"@id":"https:\/\/www.onetimenexttime.sk\/arduino\/index.php\/produkt\/1-way-irf540-module-mosfet-switch-module-for-arduino\/#primaryimage"},"thumbnailUrl":"https:\/\/www.onetimenexttime.sk\/arduino\/wp-content\/uploads\/2021\/10\/316.jpg","datePublished":"2021-10-18T11:10:25+00:00","dateModified":"2021-10-18T11:12:38+00:00","breadcrumb":{"@id":"https:\/\/www.onetimenexttime.sk\/arduino\/index.php\/produkt\/1-way-irf540-module-mosfet-switch-module-for-arduino\/#breadcrumb"},"inLanguage":"sk-SK","potentialAction":[{"@type":"ReadAction","target":["https:\/\/www.onetimenexttime.sk\/arduino\/index.php\/produkt\/1-way-irf540-module-mosfet-switch-module-for-arduino\/"]}]},{"@type":"ImageObject","inLanguage":"sk-SK","@id":"https:\/\/www.onetimenexttime.sk\/arduino\/index.php\/produkt\/1-way-irf540-module-mosfet-switch-module-for-arduino\/#primaryimage","url":"https:\/\/www.onetimenexttime.sk\/arduino\/wp-content\/uploads\/2021\/10\/316.jpg","contentUrl":"https:\/\/www.onetimenexttime.sk\/arduino\/wp-content\/uploads\/2021\/10\/316.jpg","width":504,"height":503},{"@type":"BreadcrumbList","@id":"https:\/\/www.onetimenexttime.sk\/arduino\/index.php\/produkt\/1-way-irf540-module-mosfet-switch-module-for-arduino\/#breadcrumb","itemListElement":[{"@type":"ListItem","position":1,"name":"Domov","item":"https:\/\/www.onetimenexttime.sk\/arduino\/"},{"@type":"ListItem","position":2,"name":"Obchod","item":"https:\/\/www.onetimenexttime.sk\/arduino\/"},{"@type":"ListItem","position":3,"name":"1 way IRF540 module MOSFET switch module FOR Arduino"}]},{"@type":"WebSite","@id":"https:\/\/www.onetimenexttime.sk\/arduino\/#website","url":"https:\/\/www.onetimenexttime.sk\/arduino\/","name":"Arduino e-shop","description":"Home Assistant","potentialAction":[{"@type":"SearchAction","target":{"@type":"EntryPoint","urlTemplate":"https:\/\/www.onetimenexttime.sk\/arduino\/?s={search_term_string}"},"query-input":{"@type":"PropertyValueSpecification","valueRequired":true,"valueName":"search_term_string"}}],"inLanguage":"sk-SK"}]}},"_links":{"self":[{"href":"https:\/\/www.onetimenexttime.sk\/arduino\/index.php\/wp-json\/wp\/v2\/product\/208"}],"collection":[{"href":"https:\/\/www.onetimenexttime.sk\/arduino\/index.php\/wp-json\/wp\/v2\/product"}],"about":[{"href":"https:\/\/www.onetimenexttime.sk\/arduino\/index.php\/wp-json\/wp\/v2\/types\/product"}],"wp:featuredmedia":[{"embeddable":true,"href":"https:\/\/www.onetimenexttime.sk\/arduino\/index.php\/wp-json\/wp\/v2\/media\/209"}],"wp:attachment":[{"href":"https:\/\/www.onetimenexttime.sk\/arduino\/index.php\/wp-json\/wp\/v2\/media?parent=208"}],"wp:term":[{"taxonomy":"product_cat","embeddable":true,"href":"https:\/\/www.onetimenexttime.sk\/arduino\/index.php\/wp-json\/wp\/v2\/product_cat?post=208"},{"taxonomy":"product_tag","embeddable":true,"href":"https:\/\/www.onetimenexttime.sk\/arduino\/index.php\/wp-json\/wp\/v2\/product_tag?post=208"}],"curies":[{"name":"wp","href":"https:\/\/api.w.org\/{rel}","templated":true}]}}