{"id":206,"date":"2021-10-18T13:08:11","date_gmt":"2021-10-18T11:08:11","guid":{"rendered":"https:\/\/www.onetimenexttime.sk\/arduino\/?post_type=product&#038;p=206"},"modified":"2021-10-18T13:10:10","modified_gmt":"2021-10-18T11:10:10","slug":"four-channel-4-route-mosfet-button-irf540-v4-0-mosfet-switch-module-for-arduino","status":"publish","type":"product","link":"https:\/\/www.onetimenexttime.sk\/arduino\/index.php\/produkt\/four-channel-4-route-mosfet-button-irf540-v4-0-mosfet-switch-module-for-arduino\/","title":{"rendered":"Four Channel 4 Route MOSFET Button IRF540 V4.0+ MOSFET Switch Module For Arduino"},"content":{"rendered":"<p>\u0160tvorkan\u00e1lov\u00fd 4 -smerov\u00fd modul MOSFET s prep\u00edna\u010dom IRF540 V4.0+ MOSFET pre Arduino<\/p>\n<p>&nbsp;<\/p>\n<p>MOSFET je elektronick\u00e9 zariadenie s dobr\u00fdmi sp\u00ednac\u00edmi charakteristikami. Je \u0161iroko pou\u017e\u00edvan\u00fd v obvodoch, ako s\u00fa sp\u00ednanie zdrojov, motorov\u00e9 pohony, stmieva\u010d osvetlenia at\u010f. Rel\u00e9 je \u010fal\u0161\u00edm druhom modulu s charakteristikami sp\u00ednania. Preto\u017ee rel\u00e9 pracuje na otv\u00e1ran\u00ed alebo zatv\u00e1ran\u00ed mechanick\u00fdch kontaktov. T\u00fdmto sp\u00f4sobom to nevyhnutne povedie k tomu, \u017ee rel\u00e9 prestane pracova\u0165, k\u00fdm je \u010das zopnutia pr\u00edli\u0161 kr\u00e1tky. A zvuk papa vyd\u00e1van\u00fd rel\u00e9 v niektor\u00fdch situ\u00e1ci\u00e1ch je nepr\u00edjemn\u00fd.<\/p>\n<p>Navrhli sme 4-kan\u00e1lov\u00fd prep\u00edna\u010d MOSFET. M\u00f4\u017ee dod\u00e1va\u0165 a\u017e \u0161tyri skupiny elektronick\u00fdch sp\u00edna\u010dov na ovl\u00e1danie r\u00f4znych blokov obvodov. MOSFET je obmedzen\u00fd pracovn\u00fdmi z\u00e1sadami a m\u00f4\u017ee sa pou\u017e\u00edva\u0165 iba na ovl\u00e1danie jednosmern\u00e9ho obvodu, ako je napr\u00edklad obrazovka DC-LED a podobne, ale nie je vhodn\u00fd na ovl\u00e1danie obvodov striedav\u00e9ho pr\u00fadu.<\/p>\n<p>V niektor\u00fdch extr\u00e9mnych pr\u00edpadoch m\u00f4\u017ee by\u0165 pou\u017eit\u00fd na ovl\u00e1danie obvodu DC 100V\/33A. Odpor\u00fa\u010da sa v\u0161ak, aby riaden\u00e9 jednosmern\u00e9 nap\u00e4tie bolo viac ako 9V.<\/p>\n","protected":false},"excerpt":{"rendered":"<p>\u0160tvorkan\u00e1lov\u00fd 4 -smerov\u00fd modul MOSFET s prep\u00edna\u010dom IRF540 V4.0+ MOSFET pre Arduino &nbsp; MOSFET je elektronick\u00e9 zariadenie s dobr\u00fdmi sp\u00ednac\u00edmi&hellip;<\/p>\n","protected":false},"featured_media":207,"template":"","meta":{"_monsterinsights_skip_tracking":false,"_monsterinsights_sitenote_active":false,"_monsterinsights_sitenote_note":"","_monsterinsights_sitenote_category":0},"product_cat":[16,21],"product_tag":[],"class_list":{"0":"post-206","1":"product","2":"type-product","3":"status-publish","4":"has-post-thumbnail","6":"product_cat-ard","7":"product_cat-pw","9":"first","10":"instock","11":"shipping-taxable","12":"purchasable","13":"product-type-simple"},"yoast_head":"<!-- This site is optimized with the Yoast SEO plugin v23.6 - https:\/\/yoast.com\/wordpress\/plugins\/seo\/ -->\n<title>Four Channel 4 Route MOSFET Button IRF540 V4.0+ MOSFET Switch Module For Arduino - Arduino e-shop<\/title>\n<meta name=\"robots\" content=\"index, follow, max-snippet:-1, max-image-preview:large, max-video-preview:-1\" \/>\n<link rel=\"canonical\" href=\"https:\/\/www.onetimenexttime.sk\/arduino\/index.php\/produkt\/four-channel-4-route-mosfet-button-irf540-v4-0-mosfet-switch-module-for-arduino\/\" \/>\n<meta property=\"og:locale\" content=\"sk_SK\" \/>\n<meta property=\"og:type\" content=\"article\" \/>\n<meta property=\"og:title\" content=\"Four Channel 4 Route MOSFET Button IRF540 V4.0+ MOSFET Switch Module For Arduino - Arduino e-shop\" \/>\n<meta property=\"og:description\" content=\"\u0160tvorkan\u00e1lov\u00fd 4 -smerov\u00fd modul MOSFET s prep\u00edna\u010dom IRF540 V4.0+ MOSFET pre Arduino &nbsp; MOSFET je elektronick\u00e9 zariadenie s dobr\u00fdmi sp\u00ednac\u00edmi&hellip;\" \/>\n<meta property=\"og:url\" content=\"https:\/\/www.onetimenexttime.sk\/arduino\/index.php\/produkt\/four-channel-4-route-mosfet-button-irf540-v4-0-mosfet-switch-module-for-arduino\/\" \/>\n<meta property=\"og:site_name\" content=\"Arduino e-shop\" \/>\n<meta property=\"article:modified_time\" content=\"2021-10-18T11:10:10+00:00\" \/>\n<meta property=\"og:image\" content=\"https:\/\/www.onetimenexttime.sk\/arduino\/wp-content\/uploads\/2021\/10\/306.jpg\" \/>\n\t<meta property=\"og:image:width\" content=\"504\" \/>\n\t<meta property=\"og:image:height\" content=\"503\" \/>\n\t<meta property=\"og:image:type\" content=\"image\/jpeg\" \/>\n<meta name=\"twitter:card\" content=\"summary_large_image\" \/>\n<meta name=\"twitter:label1\" content=\"Predpokladan\u00fd \u010das \u010d\u00edtania\" \/>\n\t<meta name=\"twitter:data1\" content=\"1 min\u00fata\" \/>\n<script type=\"application\/ld+json\" class=\"yoast-schema-graph\">{\"@context\":\"https:\/\/schema.org\",\"@graph\":[{\"@type\":\"WebPage\",\"@id\":\"https:\/\/www.onetimenexttime.sk\/arduino\/index.php\/produkt\/four-channel-4-route-mosfet-button-irf540-v4-0-mosfet-switch-module-for-arduino\/\",\"url\":\"https:\/\/www.onetimenexttime.sk\/arduino\/index.php\/produkt\/four-channel-4-route-mosfet-button-irf540-v4-0-mosfet-switch-module-for-arduino\/\",\"name\":\"Four Channel 4 Route MOSFET Button IRF540 V4.0+ MOSFET Switch Module For Arduino - Arduino e-shop\",\"isPartOf\":{\"@id\":\"https:\/\/www.onetimenexttime.sk\/arduino\/#website\"},\"primaryImageOfPage\":{\"@id\":\"https:\/\/www.onetimenexttime.sk\/arduino\/index.php\/produkt\/four-channel-4-route-mosfet-button-irf540-v4-0-mosfet-switch-module-for-arduino\/#primaryimage\"},\"image\":{\"@id\":\"https:\/\/www.onetimenexttime.sk\/arduino\/index.php\/produkt\/four-channel-4-route-mosfet-button-irf540-v4-0-mosfet-switch-module-for-arduino\/#primaryimage\"},\"thumbnailUrl\":\"https:\/\/www.onetimenexttime.sk\/arduino\/wp-content\/uploads\/2021\/10\/306.jpg\",\"datePublished\":\"2021-10-18T11:08:11+00:00\",\"dateModified\":\"2021-10-18T11:10:10+00:00\",\"breadcrumb\":{\"@id\":\"https:\/\/www.onetimenexttime.sk\/arduino\/index.php\/produkt\/four-channel-4-route-mosfet-button-irf540-v4-0-mosfet-switch-module-for-arduino\/#breadcrumb\"},\"inLanguage\":\"sk-SK\",\"potentialAction\":[{\"@type\":\"ReadAction\",\"target\":[\"https:\/\/www.onetimenexttime.sk\/arduino\/index.php\/produkt\/four-channel-4-route-mosfet-button-irf540-v4-0-mosfet-switch-module-for-arduino\/\"]}]},{\"@type\":\"ImageObject\",\"inLanguage\":\"sk-SK\",\"@id\":\"https:\/\/www.onetimenexttime.sk\/arduino\/index.php\/produkt\/four-channel-4-route-mosfet-button-irf540-v4-0-mosfet-switch-module-for-arduino\/#primaryimage\",\"url\":\"https:\/\/www.onetimenexttime.sk\/arduino\/wp-content\/uploads\/2021\/10\/306.jpg\",\"contentUrl\":\"https:\/\/www.onetimenexttime.sk\/arduino\/wp-content\/uploads\/2021\/10\/306.jpg\",\"width\":504,\"height\":503},{\"@type\":\"BreadcrumbList\",\"@id\":\"https:\/\/www.onetimenexttime.sk\/arduino\/index.php\/produkt\/four-channel-4-route-mosfet-button-irf540-v4-0-mosfet-switch-module-for-arduino\/#breadcrumb\",\"itemListElement\":[{\"@type\":\"ListItem\",\"position\":1,\"name\":\"Domov\",\"item\":\"https:\/\/www.onetimenexttime.sk\/arduino\/\"},{\"@type\":\"ListItem\",\"position\":2,\"name\":\"Obchod\",\"item\":\"https:\/\/www.onetimenexttime.sk\/arduino\/\"},{\"@type\":\"ListItem\",\"position\":3,\"name\":\"Four Channel 4 Route MOSFET Button IRF540 V4.0+ MOSFET Switch Module For Arduino\"}]},{\"@type\":\"WebSite\",\"@id\":\"https:\/\/www.onetimenexttime.sk\/arduino\/#website\",\"url\":\"https:\/\/www.onetimenexttime.sk\/arduino\/\",\"name\":\"Arduino e-shop\",\"description\":\"Home Assistant\",\"potentialAction\":[{\"@type\":\"SearchAction\",\"target\":{\"@type\":\"EntryPoint\",\"urlTemplate\":\"https:\/\/www.onetimenexttime.sk\/arduino\/?s={search_term_string}\"},\"query-input\":{\"@type\":\"PropertyValueSpecification\",\"valueRequired\":true,\"valueName\":\"search_term_string\"}}],\"inLanguage\":\"sk-SK\"}]}<\/script>\n<!-- \/ Yoast SEO plugin. -->","yoast_head_json":{"title":"Four Channel 4 Route MOSFET Button IRF540 V4.0+ MOSFET Switch Module For Arduino - Arduino e-shop","robots":{"index":"index","follow":"follow","max-snippet":"max-snippet:-1","max-image-preview":"max-image-preview:large","max-video-preview":"max-video-preview:-1"},"canonical":"https:\/\/www.onetimenexttime.sk\/arduino\/index.php\/produkt\/four-channel-4-route-mosfet-button-irf540-v4-0-mosfet-switch-module-for-arduino\/","og_locale":"sk_SK","og_type":"article","og_title":"Four Channel 4 Route MOSFET Button IRF540 V4.0+ MOSFET Switch Module For Arduino - Arduino e-shop","og_description":"\u0160tvorkan\u00e1lov\u00fd 4 -smerov\u00fd modul MOSFET s prep\u00edna\u010dom IRF540 V4.0+ MOSFET pre Arduino &nbsp; MOSFET je elektronick\u00e9 zariadenie s dobr\u00fdmi sp\u00ednac\u00edmi&hellip;","og_url":"https:\/\/www.onetimenexttime.sk\/arduino\/index.php\/produkt\/four-channel-4-route-mosfet-button-irf540-v4-0-mosfet-switch-module-for-arduino\/","og_site_name":"Arduino e-shop","article_modified_time":"2021-10-18T11:10:10+00:00","og_image":[{"width":504,"height":503,"url":"https:\/\/www.onetimenexttime.sk\/arduino\/wp-content\/uploads\/2021\/10\/306.jpg","type":"image\/jpeg"}],"twitter_card":"summary_large_image","twitter_misc":{"Predpokladan\u00fd \u010das \u010d\u00edtania":"1 min\u00fata"},"schema":{"@context":"https:\/\/schema.org","@graph":[{"@type":"WebPage","@id":"https:\/\/www.onetimenexttime.sk\/arduino\/index.php\/produkt\/four-channel-4-route-mosfet-button-irf540-v4-0-mosfet-switch-module-for-arduino\/","url":"https:\/\/www.onetimenexttime.sk\/arduino\/index.php\/produkt\/four-channel-4-route-mosfet-button-irf540-v4-0-mosfet-switch-module-for-arduino\/","name":"Four Channel 4 Route MOSFET Button IRF540 V4.0+ MOSFET Switch Module For Arduino - Arduino e-shop","isPartOf":{"@id":"https:\/\/www.onetimenexttime.sk\/arduino\/#website"},"primaryImageOfPage":{"@id":"https:\/\/www.onetimenexttime.sk\/arduino\/index.php\/produkt\/four-channel-4-route-mosfet-button-irf540-v4-0-mosfet-switch-module-for-arduino\/#primaryimage"},"image":{"@id":"https:\/\/www.onetimenexttime.sk\/arduino\/index.php\/produkt\/four-channel-4-route-mosfet-button-irf540-v4-0-mosfet-switch-module-for-arduino\/#primaryimage"},"thumbnailUrl":"https:\/\/www.onetimenexttime.sk\/arduino\/wp-content\/uploads\/2021\/10\/306.jpg","datePublished":"2021-10-18T11:08:11+00:00","dateModified":"2021-10-18T11:10:10+00:00","breadcrumb":{"@id":"https:\/\/www.onetimenexttime.sk\/arduino\/index.php\/produkt\/four-channel-4-route-mosfet-button-irf540-v4-0-mosfet-switch-module-for-arduino\/#breadcrumb"},"inLanguage":"sk-SK","potentialAction":[{"@type":"ReadAction","target":["https:\/\/www.onetimenexttime.sk\/arduino\/index.php\/produkt\/four-channel-4-route-mosfet-button-irf540-v4-0-mosfet-switch-module-for-arduino\/"]}]},{"@type":"ImageObject","inLanguage":"sk-SK","@id":"https:\/\/www.onetimenexttime.sk\/arduino\/index.php\/produkt\/four-channel-4-route-mosfet-button-irf540-v4-0-mosfet-switch-module-for-arduino\/#primaryimage","url":"https:\/\/www.onetimenexttime.sk\/arduino\/wp-content\/uploads\/2021\/10\/306.jpg","contentUrl":"https:\/\/www.onetimenexttime.sk\/arduino\/wp-content\/uploads\/2021\/10\/306.jpg","width":504,"height":503},{"@type":"BreadcrumbList","@id":"https:\/\/www.onetimenexttime.sk\/arduino\/index.php\/produkt\/four-channel-4-route-mosfet-button-irf540-v4-0-mosfet-switch-module-for-arduino\/#breadcrumb","itemListElement":[{"@type":"ListItem","position":1,"name":"Domov","item":"https:\/\/www.onetimenexttime.sk\/arduino\/"},{"@type":"ListItem","position":2,"name":"Obchod","item":"https:\/\/www.onetimenexttime.sk\/arduino\/"},{"@type":"ListItem","position":3,"name":"Four Channel 4 Route MOSFET Button IRF540 V4.0+ MOSFET Switch Module For Arduino"}]},{"@type":"WebSite","@id":"https:\/\/www.onetimenexttime.sk\/arduino\/#website","url":"https:\/\/www.onetimenexttime.sk\/arduino\/","name":"Arduino e-shop","description":"Home Assistant","potentialAction":[{"@type":"SearchAction","target":{"@type":"EntryPoint","urlTemplate":"https:\/\/www.onetimenexttime.sk\/arduino\/?s={search_term_string}"},"query-input":{"@type":"PropertyValueSpecification","valueRequired":true,"valueName":"search_term_string"}}],"inLanguage":"sk-SK"}]}},"_links":{"self":[{"href":"https:\/\/www.onetimenexttime.sk\/arduino\/index.php\/wp-json\/wp\/v2\/product\/206"}],"collection":[{"href":"https:\/\/www.onetimenexttime.sk\/arduino\/index.php\/wp-json\/wp\/v2\/product"}],"about":[{"href":"https:\/\/www.onetimenexttime.sk\/arduino\/index.php\/wp-json\/wp\/v2\/types\/product"}],"wp:featuredmedia":[{"embeddable":true,"href":"https:\/\/www.onetimenexttime.sk\/arduino\/index.php\/wp-json\/wp\/v2\/media\/207"}],"wp:attachment":[{"href":"https:\/\/www.onetimenexttime.sk\/arduino\/index.php\/wp-json\/wp\/v2\/media?parent=206"}],"wp:term":[{"taxonomy":"product_cat","embeddable":true,"href":"https:\/\/www.onetimenexttime.sk\/arduino\/index.php\/wp-json\/wp\/v2\/product_cat?post=206"},{"taxonomy":"product_tag","embeddable":true,"href":"https:\/\/www.onetimenexttime.sk\/arduino\/index.php\/wp-json\/wp\/v2\/product_tag?post=206"}],"curies":[{"name":"wp","href":"https:\/\/api.w.org\/{rel}","templated":true}]}}