{"id":201,"date":"2021-10-18T12:36:20","date_gmt":"2021-10-18T10:36:20","guid":{"rendered":"https:\/\/www.onetimenexttime.sk\/arduino\/?post_type=product&#038;p=201"},"modified":"2021-10-18T12:41:02","modified_gmt":"2021-10-18T10:41:02","slug":"mb102-breadboard-power-supply-module-3-3v-5v-for-solderless-bread-board","status":"publish","type":"product","link":"https:\/\/www.onetimenexttime.sk\/arduino\/index.php\/produkt\/mb102-breadboard-power-supply-module-3-3v-5v-for-solderless-bread-board\/","title":{"rendered":"MB102 Breadboard Power Supply Module 3.3V\/5V For Solderless Bread Board"},"content":{"rendered":"<p>Modul nap\u00e1jania nap\u00e1jacieho zdroja MB102 na 3,3 V\/5 V pre nesp\u00e1jkovan\u00fa Breadboard<\/p>\n<p>Pr\u00edkon sudovej z\u00e1suvky<\/p>\n<p>Zelen\u00e1 LED di\u00f3da indikuje pr\u00edtomnos\u0165 nap\u00e1jania a z\u00e1padkov\u00fd vyp\u00edna\u010d ON \/ OFF na ovl\u00e1danie nap\u00e1jania dosky. Na tomto konkr\u00e9tnom modeli a verzii je stredn\u00fd kol\u00edk hrdla hlavne; v pr\u00edpade, \u017ee vykonali nejak\u00e9 zmeny, dvakr\u00e1t si pre\u010d\u00edtajte pokyny v\u00fdrobcu. Na pou\u017e\u00edvanie tohto zariadenia mus\u00edte stla\u010di\u0165 prep\u00edna\u010d IN.<\/p>\n<p>N\u00e1vod na obsluhu uv\u00e1dza, \u017ee vstupn\u00e9 nap\u00e4tie cez valcov\u00fa z\u00e1suvku mus\u00ed by\u0165 medzi 6,5 V a 12 V. Preto, ak ho chcete pou\u017ei\u0165 na maximum, budete musie\u0165 zosta\u0165 v tomto rozsahu. Toto je nemenite\u013en\u00fd model pevn\u00e9ho nap\u00e1jania, ktor\u00fd je dos\u0165 dobr\u00fd na v\u00e4\u010d\u0161inu aplik\u00e1ci\u00ed. Pr\u00edru\u010dka uv\u00e1dza maxim\u00e1lny v\u00fdstupn\u00fd pr\u00fad 700 mA. Je v\u0161ak pravdepodobne lep\u0161ie pou\u017ei\u0165 ove\u013ea ni\u017e\u0161ie nap\u00e4tie a pr\u00fad, aby ste boli v bezpe\u010d\u00ed, v pr\u00edpade, \u017ee urob\u00edte chybu vo svojom obvode breadboard.<\/p>\n<p>Prepojovacie kol\u00edky a hlavi\u010dky<\/p>\n<p>Prepojovacie kol\u00edky sa pou\u017e\u00edvaj\u00fa na v\u00fdber \u00farovn\u00ed nap\u00e4tia na ka\u017edej strane nap\u00e1jac\u00edch ko\u013eajn\u00edc nep\u00e1jiv\u00e9ho po\u013ea. M\u00f4\u017eete si vybra\u0165 medzi 5 V, OFF a 3,3 V. K dispoz\u00edcii s\u00fa dve sady prepojovac\u00edch prep\u00edna\u010dov pre ka\u017ed\u00fa stranu nap\u00e1jac\u00edch l\u00ed\u0161t nep\u00e1jivej dosky; na jednej ko\u013eajnici teda m\u00f4\u017eete ma\u0165 ak\u00fako\u013evek kombin\u00e1ciu nap\u00e4t\u00ed. K dispoz\u00edcii s\u00fa aj kol\u00edkov\u00e9 kol\u00edky na odoberanie nap\u00e4t\u00ed pomocou k\u00e1bla alebo prepojovac\u00edch k\u00e1blov.<\/p>\n<p>Regul\u00e1tor nap\u00e4tia AMS1117 Spec<\/p>\n<p>AMS1117 je regul\u00e1tor nap\u00e4tia vyroben\u00fd spolo\u010dnos\u0165ou Advanced Monolithic Systems. Existuj\u00fa dva regul\u00e1tory, kde jeden regul\u00e1tor vytv\u00e1ra li\u0161tu 3,3 V, zatia\u013e \u010do druh\u00fd reguluje 5 V li\u0161tu. Jedn\u00e1 sa o dobr\u00fa zna\u010dku komponentov nach\u00e1dzaj\u00facich sa v balen\u00ed SOT-223. Ich dokument\u00e1cia uv\u00e1dza, \u017ee t\u00e1to s\u00e9ria m\u00f4\u017ee poskytova\u0165 maxim\u00e1lny v\u00fdstupn\u00fd pr\u00fad 1 A a absol\u00fatne maxim\u00e1lne menovit\u00e9 vstupn\u00e9 nap\u00e4tie je 15 V.<\/p>\n<p>Dokument\u00e1cia nazna\u010duje, \u017ee tieto regul\u00e1tory maj\u00fa vstavan\u00fa ochranu proti skratu prostredn\u00edctvom obvodov obmedzuj\u00facich v\u00fdkon. K dispoz\u00edcii je tie\u017e obvod ochrany proti tepeln\u00e9mu pre\u0165a\u017eeniu, ktor\u00fd vypne regul\u00e1tor, ak teplota jeho spoja dosiahne 165 \u00b0 C.<\/p>\n<p>Tieto regul\u00e1tory maj\u00fa tie\u017e vn\u00fatorn\u00fa di\u00f3dov\u00fa ochranu a dok\u00e1\u017eu zvl\u00e1dnu\u0165 prechodov\u00e9 r\u00e1zov\u00e9 pr\u00fady od 50 A do 100 A.<\/p>\n<p>Jedn\u00e1 sa o vysoko \u00fa\u010dinn\u00fd regul\u00e1tor s n\u00edzkym v\u00fdpadkom, ktor\u00fd m\u00f4\u017ee pracova\u0165 a\u017e do 1 V. M\u00e1 1 V rozdiel medzi vstupmi a v\u00fdstupmi, a preto je u\u017eito\u010dn\u00fd pre bat\u00e9riov\u00e9 aplik\u00e1cie. Regul\u00e1cia vedenia je 1,2 % a regul\u00e1cia maxim\u00e1lneho za\u0165a\u017eenia 0,4 %.<\/p>\n<p>S\u00e9ria AMS1117 je vynikaj\u00facou vo\u013ebou aj pre vytv\u00e1ranie nastavite\u013en\u00fdch zdrojov nap\u00e1jania. Bal\u00ed\u010dek poskytuje referen\u010dn\u00e9 nap\u00e4tie 1,25 V z nastavovacieho kol\u00edka a pomocou dvojice odporov v sieti deli\u010da nap\u00e4tia je mo\u017en\u00e9 nastavi\u0165 regulovan\u00fd v\u00fdkon. Dokument\u00e1cia je tie\u017e ve\u013emi jasn\u00e1 a obsiahla v pou\u017e\u00edvan\u00ed.<\/p>\n<p>Ako pou\u017e\u00edva\u0165 nap\u00e1jac\u00ed zdroj na doske<\/p>\n<p>Jedn\u00e1 sa o z\u00e1suvn\u00fd zdroj nap\u00e1jania a z\u00e1hlavia pod doskou sa jednoducho zas\u00favaj\u00fa do breadboardu.<\/p>\n<p>Po zapojen\u00ed nap\u00e1jacie ko\u013eajnice na oboch stran\u00e1ch na doske nap\u00e1jania potom dod\u00e1vaj\u00fa energiu. Potom pomocou \u017elt\u00fdch prepojok vyberte po\u017eadovan\u00e9 \u00farovne nap\u00e4tia. Jedn\u00e1 sa o dosku s regulovan\u00fdm du\u00e1lnym v\u00fdstupom 3,3 V, 5 V a m\u00f4\u017eete ma\u0165 nap\u00e4tie na \u013eubovo\u013enej ko\u013eajnici na doske, \u010do je ve\u013emi u\u017eito\u010dn\u00e9.<\/p>\n<p>DPS<\/p>\n<p>V\u00fdroba dosiek plo\u0161n\u00fdch spojov je na dobrej \u00farovni a zna\u010dky ozna\u010duj\u00fa model MB V2, zn\u00e1my ako MB102. Ide zrejme o obojstrann\u00fa dosku, ktor\u00e1 je strojovo zostaven\u00e1 pod\u013ea \u0161tandardu dobrej kvality. Existuj\u00fa dve sady mont\u00e1\u017enych kol\u00edkov z\u00e1hlavia a tie na prednej strane s\u00fa, ak chcete pou\u017ei\u0165 otvory na najvzdialenej\u0161om okraji nep\u00e1jivej dosky, a pritom pou\u017ei\u0165 najmen\u0161\u00ed po\u010det spojovac\u00edch bodov.<\/p>\n<p>\u0160pecifik\u00e1cia Breadboard MB102<\/p>\n<p>Blokovanie vyp\u00edna\u010da ON \/ OFF<\/p>\n<p>LED indik\u00e1tor nap\u00e1jania<\/p>\n<p>Vstupn\u00e9 nap\u00e4tie: 6,5 V a\u017e 12 V (DC)<\/p>\n<p>V\u00fdstupn\u00e9 nap\u00e4tie: 3,3 V \/ 5 V<\/p>\n<p>Maxim\u00e1lny v\u00fdstupn\u00fd pr\u00fad: 700 mA<\/p>\n<p>Nap\u00e1jacie li\u0161ty 0 V, 3,3 V, 5 V na doske<\/p>\n","protected":false},"excerpt":{"rendered":"<p>Modul nap\u00e1jania nap\u00e1jacieho zdroja MB102 na 3,3 V\/5 V pre nesp\u00e1jkovan\u00fa Breadboard Pr\u00edkon sudovej z\u00e1suvky Zelen\u00e1 LED di\u00f3da indikuje pr\u00edtomnos\u0165&hellip;<\/p>\n","protected":false},"featured_media":202,"template":"","meta":{"_monsterinsights_skip_tracking":false,"_monsterinsights_sitenote_active":false,"_monsterinsights_sitenote_note":"","_monsterinsights_sitenote_category":0},"product_cat":[16,21],"product_tag":[],"class_list":{"0":"post-201","1":"product","2":"type-product","3":"status-publish","4":"has-post-thumbnail","6":"product_cat-ard","7":"product_cat-pw","9":"first","10":"instock","11":"shipping-taxable","12":"purchasable","13":"product-type-simple"},"yoast_head":"<!-- This site is optimized with the Yoast SEO plugin v23.6 - https:\/\/yoast.com\/wordpress\/plugins\/seo\/ -->\n<title>MB102 Breadboard Power Supply Module 3.3V\/5V For Solderless Bread Board - Arduino e-shop<\/title>\n<meta name=\"robots\" content=\"index, follow, max-snippet:-1, max-image-preview:large, max-video-preview:-1\" \/>\n<link rel=\"canonical\" href=\"https:\/\/www.onetimenexttime.sk\/arduino\/index.php\/produkt\/mb102-breadboard-power-supply-module-3-3v-5v-for-solderless-bread-board\/\" \/>\n<meta property=\"og:locale\" content=\"sk_SK\" \/>\n<meta property=\"og:type\" content=\"article\" \/>\n<meta property=\"og:title\" content=\"MB102 Breadboard Power Supply Module 3.3V\/5V For Solderless Bread Board - Arduino e-shop\" \/>\n<meta property=\"og:description\" content=\"Modul nap\u00e1jania nap\u00e1jacieho zdroja MB102 na 3,3 V\/5 V pre nesp\u00e1jkovan\u00fa Breadboard Pr\u00edkon sudovej z\u00e1suvky Zelen\u00e1 LED di\u00f3da indikuje pr\u00edtomnos\u0165&hellip;\" \/>\n<meta property=\"og:url\" content=\"https:\/\/www.onetimenexttime.sk\/arduino\/index.php\/produkt\/mb102-breadboard-power-supply-module-3-3v-5v-for-solderless-bread-board\/\" \/>\n<meta property=\"og:site_name\" content=\"Arduino e-shop\" \/>\n<meta property=\"article:modified_time\" content=\"2021-10-18T10:41:02+00:00\" \/>\n<meta property=\"og:image\" content=\"https:\/\/www.onetimenexttime.sk\/arduino\/wp-content\/uploads\/2021\/10\/312.jpg\" \/>\n\t<meta property=\"og:image:width\" content=\"504\" \/>\n\t<meta property=\"og:image:height\" content=\"503\" \/>\n\t<meta property=\"og:image:type\" content=\"image\/jpeg\" \/>\n<meta name=\"twitter:card\" content=\"summary_large_image\" \/>\n<meta name=\"twitter:label1\" content=\"Predpokladan\u00fd \u010das \u010d\u00edtania\" \/>\n\t<meta name=\"twitter:data1\" content=\"3 min\u00faty\" \/>\n<script type=\"application\/ld+json\" class=\"yoast-schema-graph\">{\"@context\":\"https:\/\/schema.org\",\"@graph\":[{\"@type\":\"WebPage\",\"@id\":\"https:\/\/www.onetimenexttime.sk\/arduino\/index.php\/produkt\/mb102-breadboard-power-supply-module-3-3v-5v-for-solderless-bread-board\/\",\"url\":\"https:\/\/www.onetimenexttime.sk\/arduino\/index.php\/produkt\/mb102-breadboard-power-supply-module-3-3v-5v-for-solderless-bread-board\/\",\"name\":\"MB102 Breadboard Power Supply Module 3.3V\/5V For Solderless Bread Board - Arduino e-shop\",\"isPartOf\":{\"@id\":\"https:\/\/www.onetimenexttime.sk\/arduino\/#website\"},\"primaryImageOfPage\":{\"@id\":\"https:\/\/www.onetimenexttime.sk\/arduino\/index.php\/produkt\/mb102-breadboard-power-supply-module-3-3v-5v-for-solderless-bread-board\/#primaryimage\"},\"image\":{\"@id\":\"https:\/\/www.onetimenexttime.sk\/arduino\/index.php\/produkt\/mb102-breadboard-power-supply-module-3-3v-5v-for-solderless-bread-board\/#primaryimage\"},\"thumbnailUrl\":\"https:\/\/www.onetimenexttime.sk\/arduino\/wp-content\/uploads\/2021\/10\/312.jpg\",\"datePublished\":\"2021-10-18T10:36:20+00:00\",\"dateModified\":\"2021-10-18T10:41:02+00:00\",\"breadcrumb\":{\"@id\":\"https:\/\/www.onetimenexttime.sk\/arduino\/index.php\/produkt\/mb102-breadboard-power-supply-module-3-3v-5v-for-solderless-bread-board\/#breadcrumb\"},\"inLanguage\":\"sk-SK\",\"potentialAction\":[{\"@type\":\"ReadAction\",\"target\":[\"https:\/\/www.onetimenexttime.sk\/arduino\/index.php\/produkt\/mb102-breadboard-power-supply-module-3-3v-5v-for-solderless-bread-board\/\"]}]},{\"@type\":\"ImageObject\",\"inLanguage\":\"sk-SK\",\"@id\":\"https:\/\/www.onetimenexttime.sk\/arduino\/index.php\/produkt\/mb102-breadboard-power-supply-module-3-3v-5v-for-solderless-bread-board\/#primaryimage\",\"url\":\"https:\/\/www.onetimenexttime.sk\/arduino\/wp-content\/uploads\/2021\/10\/312.jpg\",\"contentUrl\":\"https:\/\/www.onetimenexttime.sk\/arduino\/wp-content\/uploads\/2021\/10\/312.jpg\",\"width\":504,\"height\":503},{\"@type\":\"BreadcrumbList\",\"@id\":\"https:\/\/www.onetimenexttime.sk\/arduino\/index.php\/produkt\/mb102-breadboard-power-supply-module-3-3v-5v-for-solderless-bread-board\/#breadcrumb\",\"itemListElement\":[{\"@type\":\"ListItem\",\"position\":1,\"name\":\"Domov\",\"item\":\"https:\/\/www.onetimenexttime.sk\/arduino\/\"},{\"@type\":\"ListItem\",\"position\":2,\"name\":\"Obchod\",\"item\":\"https:\/\/www.onetimenexttime.sk\/arduino\/\"},{\"@type\":\"ListItem\",\"position\":3,\"name\":\"MB102 Breadboard Power Supply Module 3.3V\/5V For Solderless Bread Board\"}]},{\"@type\":\"WebSite\",\"@id\":\"https:\/\/www.onetimenexttime.sk\/arduino\/#website\",\"url\":\"https:\/\/www.onetimenexttime.sk\/arduino\/\",\"name\":\"Arduino e-shop\",\"description\":\"Home Assistant\",\"potentialAction\":[{\"@type\":\"SearchAction\",\"target\":{\"@type\":\"EntryPoint\",\"urlTemplate\":\"https:\/\/www.onetimenexttime.sk\/arduino\/?s={search_term_string}\"},\"query-input\":{\"@type\":\"PropertyValueSpecification\",\"valueRequired\":true,\"valueName\":\"search_term_string\"}}],\"inLanguage\":\"sk-SK\"}]}<\/script>\n<!-- \/ Yoast SEO plugin. -->","yoast_head_json":{"title":"MB102 Breadboard Power Supply Module 3.3V\/5V For Solderless Bread Board - Arduino e-shop","robots":{"index":"index","follow":"follow","max-snippet":"max-snippet:-1","max-image-preview":"max-image-preview:large","max-video-preview":"max-video-preview:-1"},"canonical":"https:\/\/www.onetimenexttime.sk\/arduino\/index.php\/produkt\/mb102-breadboard-power-supply-module-3-3v-5v-for-solderless-bread-board\/","og_locale":"sk_SK","og_type":"article","og_title":"MB102 Breadboard Power Supply Module 3.3V\/5V For Solderless Bread Board - Arduino e-shop","og_description":"Modul nap\u00e1jania nap\u00e1jacieho zdroja MB102 na 3,3 V\/5 V pre nesp\u00e1jkovan\u00fa Breadboard Pr\u00edkon sudovej z\u00e1suvky Zelen\u00e1 LED di\u00f3da indikuje pr\u00edtomnos\u0165&hellip;","og_url":"https:\/\/www.onetimenexttime.sk\/arduino\/index.php\/produkt\/mb102-breadboard-power-supply-module-3-3v-5v-for-solderless-bread-board\/","og_site_name":"Arduino e-shop","article_modified_time":"2021-10-18T10:41:02+00:00","og_image":[{"width":504,"height":503,"url":"https:\/\/www.onetimenexttime.sk\/arduino\/wp-content\/uploads\/2021\/10\/312.jpg","type":"image\/jpeg"}],"twitter_card":"summary_large_image","twitter_misc":{"Predpokladan\u00fd \u010das \u010d\u00edtania":"3 min\u00faty"},"schema":{"@context":"https:\/\/schema.org","@graph":[{"@type":"WebPage","@id":"https:\/\/www.onetimenexttime.sk\/arduino\/index.php\/produkt\/mb102-breadboard-power-supply-module-3-3v-5v-for-solderless-bread-board\/","url":"https:\/\/www.onetimenexttime.sk\/arduino\/index.php\/produkt\/mb102-breadboard-power-supply-module-3-3v-5v-for-solderless-bread-board\/","name":"MB102 Breadboard Power Supply Module 3.3V\/5V For Solderless Bread Board - Arduino e-shop","isPartOf":{"@id":"https:\/\/www.onetimenexttime.sk\/arduino\/#website"},"primaryImageOfPage":{"@id":"https:\/\/www.onetimenexttime.sk\/arduino\/index.php\/produkt\/mb102-breadboard-power-supply-module-3-3v-5v-for-solderless-bread-board\/#primaryimage"},"image":{"@id":"https:\/\/www.onetimenexttime.sk\/arduino\/index.php\/produkt\/mb102-breadboard-power-supply-module-3-3v-5v-for-solderless-bread-board\/#primaryimage"},"thumbnailUrl":"https:\/\/www.onetimenexttime.sk\/arduino\/wp-content\/uploads\/2021\/10\/312.jpg","datePublished":"2021-10-18T10:36:20+00:00","dateModified":"2021-10-18T10:41:02+00:00","breadcrumb":{"@id":"https:\/\/www.onetimenexttime.sk\/arduino\/index.php\/produkt\/mb102-breadboard-power-supply-module-3-3v-5v-for-solderless-bread-board\/#breadcrumb"},"inLanguage":"sk-SK","potentialAction":[{"@type":"ReadAction","target":["https:\/\/www.onetimenexttime.sk\/arduino\/index.php\/produkt\/mb102-breadboard-power-supply-module-3-3v-5v-for-solderless-bread-board\/"]}]},{"@type":"ImageObject","inLanguage":"sk-SK","@id":"https:\/\/www.onetimenexttime.sk\/arduino\/index.php\/produkt\/mb102-breadboard-power-supply-module-3-3v-5v-for-solderless-bread-board\/#primaryimage","url":"https:\/\/www.onetimenexttime.sk\/arduino\/wp-content\/uploads\/2021\/10\/312.jpg","contentUrl":"https:\/\/www.onetimenexttime.sk\/arduino\/wp-content\/uploads\/2021\/10\/312.jpg","width":504,"height":503},{"@type":"BreadcrumbList","@id":"https:\/\/www.onetimenexttime.sk\/arduino\/index.php\/produkt\/mb102-breadboard-power-supply-module-3-3v-5v-for-solderless-bread-board\/#breadcrumb","itemListElement":[{"@type":"ListItem","position":1,"name":"Domov","item":"https:\/\/www.onetimenexttime.sk\/arduino\/"},{"@type":"ListItem","position":2,"name":"Obchod","item":"https:\/\/www.onetimenexttime.sk\/arduino\/"},{"@type":"ListItem","position":3,"name":"MB102 Breadboard Power Supply Module 3.3V\/5V For Solderless Bread Board"}]},{"@type":"WebSite","@id":"https:\/\/www.onetimenexttime.sk\/arduino\/#website","url":"https:\/\/www.onetimenexttime.sk\/arduino\/","name":"Arduino e-shop","description":"Home Assistant","potentialAction":[{"@type":"SearchAction","target":{"@type":"EntryPoint","urlTemplate":"https:\/\/www.onetimenexttime.sk\/arduino\/?s={search_term_string}"},"query-input":{"@type":"PropertyValueSpecification","valueRequired":true,"valueName":"search_term_string"}}],"inLanguage":"sk-SK"}]}},"_links":{"self":[{"href":"https:\/\/www.onetimenexttime.sk\/arduino\/index.php\/wp-json\/wp\/v2\/product\/201"}],"collection":[{"href":"https:\/\/www.onetimenexttime.sk\/arduino\/index.php\/wp-json\/wp\/v2\/product"}],"about":[{"href":"https:\/\/www.onetimenexttime.sk\/arduino\/index.php\/wp-json\/wp\/v2\/types\/product"}],"wp:featuredmedia":[{"embeddable":true,"href":"https:\/\/www.onetimenexttime.sk\/arduino\/index.php\/wp-json\/wp\/v2\/media\/202"}],"wp:attachment":[{"href":"https:\/\/www.onetimenexttime.sk\/arduino\/index.php\/wp-json\/wp\/v2\/media?parent=201"}],"wp:term":[{"taxonomy":"product_cat","embeddable":true,"href":"https:\/\/www.onetimenexttime.sk\/arduino\/index.php\/wp-json\/wp\/v2\/product_cat?post=201"},{"taxonomy":"product_tag","embeddable":true,"href":"https:\/\/www.onetimenexttime.sk\/arduino\/index.php\/wp-json\/wp\/v2\/product_tag?post=201"}],"curies":[{"name":"wp","href":"https:\/\/api.w.org\/{rel}","templated":true}]}}