{"id":199,"date":"2021-10-18T12:30:32","date_gmt":"2021-10-18T10:30:32","guid":{"rendered":"https:\/\/www.onetimenexttime.sk\/arduino\/?post_type=product&#038;p=199"},"modified":"2021-10-18T12:34:09","modified_gmt":"2021-10-18T10:34:09","slug":"lm2596s-led-voltmeter-adj-dc-dc-step-down-step-down-adjustable-power-supply-module-digital-display-for-arduino","status":"publish","type":"product","link":"https:\/\/www.onetimenexttime.sk\/arduino\/index.php\/produkt\/lm2596s-led-voltmeter-adj-dc-dc-step-down-step-down-adjustable-power-supply-module-digital-display-for-arduino\/","title":{"rendered":"LM2596S LED Voltmeter ADJ DC &#8211; DC Step-down Step Down Adjustable Power Supply Module Digital Display for Arduino"},"content":{"rendered":"<p>LM2596S LED voltmetr ADJ DC &#8211; DC zostupn\u00fd nastavite\u013en\u00fd modul zdroja nap\u00e1jania digit\u00e1lny displej pre Arduino<\/p>\n<p>LM2596 LM2596S LED voltmetr ADJ DC &#8211; DC stup\u0148ovit\u00fd nastavite\u013en\u00fd modul nap\u00e1jacieho zdroja s digit\u00e1lnym displejom pre Arduino<\/p>\n<p>Vlastnosti produktu:<br \/>\nLM2596S Modul transform\u00e1tora s postupn\u00fdm zni\u017eovan\u00edm nap\u00e4tia 3 ~ 40 V a\u017e DC 1,5 ~ 35 V DC<br \/>\nVstavan\u00fd pevn\u00fd kondenz\u00e1tor SANYO<br \/>\nDosky plo\u0161n\u00fdch spojov hrub\u00e9 36u<br \/>\nVysoko v\u00fdkonn\u00e9 vysokokvalitn\u00e9 induktory<br \/>\n\u00da\u010dinnos\u0165 konverzie a\u017e 90%<br \/>\nS kontrolkou LED, pohodln\u00e9 ovl\u00e1danie<br \/>\n\u010cist\u00e1 hmotnos\u0165: 50 g\/ 1,76 oz<br \/>\nVe\u013ekos\u0165: 45 x 20 x 14 mm\/ 1,77 x 0,79 x 0,55 palca<br \/>\nFarba: Ako je zn\u00e1zornen\u00e9 na obr\u00e1zku<\/p>\n<p>\u0160pecifik\u00e1cia v\u00fdrobku:<br \/>\nModel: LM2596S<br \/>\nVstup: DC 3 ~ 40 V DC (vstupn\u00e9 nap\u00e4tie mus\u00ed by\u0165 vy\u0161\u0161ie ako v\u00fdstupn\u00e9 nap\u00e4tie vy\u0161\u0161ie ako 1,5 V)<br \/>\nV\u00fdstup: DC 1,5 ~ 35V DC<br \/>\nPr\u00fad: 3A (max)<\/p>\n","protected":false},"excerpt":{"rendered":"<p>LM2596S LED voltmetr ADJ DC &#8211; DC zostupn\u00fd nastavite\u013en\u00fd modul zdroja nap\u00e1jania digit\u00e1lny displej pre Arduino LM2596 LM2596S LED voltmetr&hellip;<\/p>\n","protected":false},"featured_media":200,"template":"","meta":{"_monsterinsights_skip_tracking":false,"_monsterinsights_sitenote_active":false,"_monsterinsights_sitenote_note":"","_monsterinsights_sitenote_category":0},"product_cat":[16,21],"product_tag":[],"class_list":{"0":"post-199","1":"product","2":"type-product","3":"status-publish","4":"has-post-thumbnail","6":"product_cat-ard","7":"product_cat-pw","9":"first","10":"instock","11":"shipping-taxable","12":"purchasable","13":"product-type-simple"},"yoast_head":"<!-- This site is optimized with the Yoast SEO plugin v23.6 - https:\/\/yoast.com\/wordpress\/plugins\/seo\/ -->\n<title>LM2596S LED Voltmeter ADJ DC - DC Step-down Step Down Adjustable Power Supply Module Digital Display for Arduino - Arduino e-shop<\/title>\n<meta name=\"robots\" content=\"index, follow, max-snippet:-1, max-image-preview:large, max-video-preview:-1\" \/>\n<link rel=\"canonical\" href=\"https:\/\/www.onetimenexttime.sk\/arduino\/index.php\/produkt\/lm2596s-led-voltmeter-adj-dc-dc-step-down-step-down-adjustable-power-supply-module-digital-display-for-arduino\/\" \/>\n<meta property=\"og:locale\" content=\"sk_SK\" \/>\n<meta property=\"og:type\" content=\"article\" \/>\n<meta property=\"og:title\" content=\"LM2596S LED Voltmeter ADJ DC - DC Step-down Step Down Adjustable Power Supply Module Digital Display for Arduino - Arduino e-shop\" \/>\n<meta property=\"og:description\" content=\"LM2596S LED voltmetr ADJ DC &#8211; DC zostupn\u00fd nastavite\u013en\u00fd modul zdroja nap\u00e1jania digit\u00e1lny displej pre Arduino LM2596 LM2596S LED voltmetr&hellip;\" \/>\n<meta property=\"og:url\" content=\"https:\/\/www.onetimenexttime.sk\/arduino\/index.php\/produkt\/lm2596s-led-voltmeter-adj-dc-dc-step-down-step-down-adjustable-power-supply-module-digital-display-for-arduino\/\" \/>\n<meta property=\"og:site_name\" content=\"Arduino e-shop\" \/>\n<meta property=\"article:modified_time\" content=\"2021-10-18T10:34:09+00:00\" \/>\n<meta property=\"og:image\" content=\"https:\/\/www.onetimenexttime.sk\/arduino\/wp-content\/uploads\/2021\/10\/303.jpg\" \/>\n\t<meta property=\"og:image:width\" content=\"425\" \/>\n\t<meta property=\"og:image:height\" content=\"438\" \/>\n\t<meta property=\"og:image:type\" content=\"image\/jpeg\" \/>\n<meta name=\"twitter:card\" content=\"summary_large_image\" \/>\n<meta name=\"twitter:label1\" content=\"Predpokladan\u00fd \u010das \u010d\u00edtania\" \/>\n\t<meta name=\"twitter:data1\" content=\"1 min\u00fata\" \/>\n<script type=\"application\/ld+json\" class=\"yoast-schema-graph\">{\"@context\":\"https:\/\/schema.org\",\"@graph\":[{\"@type\":\"WebPage\",\"@id\":\"https:\/\/www.onetimenexttime.sk\/arduino\/index.php\/produkt\/lm2596s-led-voltmeter-adj-dc-dc-step-down-step-down-adjustable-power-supply-module-digital-display-for-arduino\/\",\"url\":\"https:\/\/www.onetimenexttime.sk\/arduino\/index.php\/produkt\/lm2596s-led-voltmeter-adj-dc-dc-step-down-step-down-adjustable-power-supply-module-digital-display-for-arduino\/\",\"name\":\"LM2596S LED Voltmeter ADJ DC - DC Step-down Step Down Adjustable Power Supply Module Digital Display for Arduino - Arduino e-shop\",\"isPartOf\":{\"@id\":\"https:\/\/www.onetimenexttime.sk\/arduino\/#website\"},\"primaryImageOfPage\":{\"@id\":\"https:\/\/www.onetimenexttime.sk\/arduino\/index.php\/produkt\/lm2596s-led-voltmeter-adj-dc-dc-step-down-step-down-adjustable-power-supply-module-digital-display-for-arduino\/#primaryimage\"},\"image\":{\"@id\":\"https:\/\/www.onetimenexttime.sk\/arduino\/index.php\/produkt\/lm2596s-led-voltmeter-adj-dc-dc-step-down-step-down-adjustable-power-supply-module-digital-display-for-arduino\/#primaryimage\"},\"thumbnailUrl\":\"https:\/\/www.onetimenexttime.sk\/arduino\/wp-content\/uploads\/2021\/10\/303.jpg\",\"datePublished\":\"2021-10-18T10:30:32+00:00\",\"dateModified\":\"2021-10-18T10:34:09+00:00\",\"breadcrumb\":{\"@id\":\"https:\/\/www.onetimenexttime.sk\/arduino\/index.php\/produkt\/lm2596s-led-voltmeter-adj-dc-dc-step-down-step-down-adjustable-power-supply-module-digital-display-for-arduino\/#breadcrumb\"},\"inLanguage\":\"sk-SK\",\"potentialAction\":[{\"@type\":\"ReadAction\",\"target\":[\"https:\/\/www.onetimenexttime.sk\/arduino\/index.php\/produkt\/lm2596s-led-voltmeter-adj-dc-dc-step-down-step-down-adjustable-power-supply-module-digital-display-for-arduino\/\"]}]},{\"@type\":\"ImageObject\",\"inLanguage\":\"sk-SK\",\"@id\":\"https:\/\/www.onetimenexttime.sk\/arduino\/index.php\/produkt\/lm2596s-led-voltmeter-adj-dc-dc-step-down-step-down-adjustable-power-supply-module-digital-display-for-arduino\/#primaryimage\",\"url\":\"https:\/\/www.onetimenexttime.sk\/arduino\/wp-content\/uploads\/2021\/10\/303.jpg\",\"contentUrl\":\"https:\/\/www.onetimenexttime.sk\/arduino\/wp-content\/uploads\/2021\/10\/303.jpg\",\"width\":425,\"height\":438},{\"@type\":\"BreadcrumbList\",\"@id\":\"https:\/\/www.onetimenexttime.sk\/arduino\/index.php\/produkt\/lm2596s-led-voltmeter-adj-dc-dc-step-down-step-down-adjustable-power-supply-module-digital-display-for-arduino\/#breadcrumb\",\"itemListElement\":[{\"@type\":\"ListItem\",\"position\":1,\"name\":\"Domov\",\"item\":\"https:\/\/www.onetimenexttime.sk\/arduino\/\"},{\"@type\":\"ListItem\",\"position\":2,\"name\":\"Obchod\",\"item\":\"https:\/\/www.onetimenexttime.sk\/arduino\/\"},{\"@type\":\"ListItem\",\"position\":3,\"name\":\"LM2596S LED Voltmeter ADJ DC &#8211; DC Step-down Step Down Adjustable Power Supply Module Digital Display for Arduino\"}]},{\"@type\":\"WebSite\",\"@id\":\"https:\/\/www.onetimenexttime.sk\/arduino\/#website\",\"url\":\"https:\/\/www.onetimenexttime.sk\/arduino\/\",\"name\":\"Arduino e-shop\",\"description\":\"Home Assistant\",\"potentialAction\":[{\"@type\":\"SearchAction\",\"target\":{\"@type\":\"EntryPoint\",\"urlTemplate\":\"https:\/\/www.onetimenexttime.sk\/arduino\/?s={search_term_string}\"},\"query-input\":{\"@type\":\"PropertyValueSpecification\",\"valueRequired\":true,\"valueName\":\"search_term_string\"}}],\"inLanguage\":\"sk-SK\"}]}<\/script>\n<!-- \/ Yoast SEO plugin. -->","yoast_head_json":{"title":"LM2596S LED Voltmeter ADJ DC - DC Step-down Step Down Adjustable Power Supply Module Digital Display for Arduino - Arduino e-shop","robots":{"index":"index","follow":"follow","max-snippet":"max-snippet:-1","max-image-preview":"max-image-preview:large","max-video-preview":"max-video-preview:-1"},"canonical":"https:\/\/www.onetimenexttime.sk\/arduino\/index.php\/produkt\/lm2596s-led-voltmeter-adj-dc-dc-step-down-step-down-adjustable-power-supply-module-digital-display-for-arduino\/","og_locale":"sk_SK","og_type":"article","og_title":"LM2596S LED Voltmeter ADJ DC - DC Step-down Step Down Adjustable Power Supply Module Digital Display for Arduino - Arduino e-shop","og_description":"LM2596S LED voltmetr ADJ DC &#8211; DC zostupn\u00fd nastavite\u013en\u00fd modul zdroja nap\u00e1jania digit\u00e1lny displej pre Arduino LM2596 LM2596S LED voltmetr&hellip;","og_url":"https:\/\/www.onetimenexttime.sk\/arduino\/index.php\/produkt\/lm2596s-led-voltmeter-adj-dc-dc-step-down-step-down-adjustable-power-supply-module-digital-display-for-arduino\/","og_site_name":"Arduino e-shop","article_modified_time":"2021-10-18T10:34:09+00:00","og_image":[{"width":425,"height":438,"url":"https:\/\/www.onetimenexttime.sk\/arduino\/wp-content\/uploads\/2021\/10\/303.jpg","type":"image\/jpeg"}],"twitter_card":"summary_large_image","twitter_misc":{"Predpokladan\u00fd \u010das \u010d\u00edtania":"1 min\u00fata"},"schema":{"@context":"https:\/\/schema.org","@graph":[{"@type":"WebPage","@id":"https:\/\/www.onetimenexttime.sk\/arduino\/index.php\/produkt\/lm2596s-led-voltmeter-adj-dc-dc-step-down-step-down-adjustable-power-supply-module-digital-display-for-arduino\/","url":"https:\/\/www.onetimenexttime.sk\/arduino\/index.php\/produkt\/lm2596s-led-voltmeter-adj-dc-dc-step-down-step-down-adjustable-power-supply-module-digital-display-for-arduino\/","name":"LM2596S LED Voltmeter ADJ DC - DC Step-down Step Down Adjustable Power Supply Module Digital Display for Arduino - Arduino e-shop","isPartOf":{"@id":"https:\/\/www.onetimenexttime.sk\/arduino\/#website"},"primaryImageOfPage":{"@id":"https:\/\/www.onetimenexttime.sk\/arduino\/index.php\/produkt\/lm2596s-led-voltmeter-adj-dc-dc-step-down-step-down-adjustable-power-supply-module-digital-display-for-arduino\/#primaryimage"},"image":{"@id":"https:\/\/www.onetimenexttime.sk\/arduino\/index.php\/produkt\/lm2596s-led-voltmeter-adj-dc-dc-step-down-step-down-adjustable-power-supply-module-digital-display-for-arduino\/#primaryimage"},"thumbnailUrl":"https:\/\/www.onetimenexttime.sk\/arduino\/wp-content\/uploads\/2021\/10\/303.jpg","datePublished":"2021-10-18T10:30:32+00:00","dateModified":"2021-10-18T10:34:09+00:00","breadcrumb":{"@id":"https:\/\/www.onetimenexttime.sk\/arduino\/index.php\/produkt\/lm2596s-led-voltmeter-adj-dc-dc-step-down-step-down-adjustable-power-supply-module-digital-display-for-arduino\/#breadcrumb"},"inLanguage":"sk-SK","potentialAction":[{"@type":"ReadAction","target":["https:\/\/www.onetimenexttime.sk\/arduino\/index.php\/produkt\/lm2596s-led-voltmeter-adj-dc-dc-step-down-step-down-adjustable-power-supply-module-digital-display-for-arduino\/"]}]},{"@type":"ImageObject","inLanguage":"sk-SK","@id":"https:\/\/www.onetimenexttime.sk\/arduino\/index.php\/produkt\/lm2596s-led-voltmeter-adj-dc-dc-step-down-step-down-adjustable-power-supply-module-digital-display-for-arduino\/#primaryimage","url":"https:\/\/www.onetimenexttime.sk\/arduino\/wp-content\/uploads\/2021\/10\/303.jpg","contentUrl":"https:\/\/www.onetimenexttime.sk\/arduino\/wp-content\/uploads\/2021\/10\/303.jpg","width":425,"height":438},{"@type":"BreadcrumbList","@id":"https:\/\/www.onetimenexttime.sk\/arduino\/index.php\/produkt\/lm2596s-led-voltmeter-adj-dc-dc-step-down-step-down-adjustable-power-supply-module-digital-display-for-arduino\/#breadcrumb","itemListElement":[{"@type":"ListItem","position":1,"name":"Domov","item":"https:\/\/www.onetimenexttime.sk\/arduino\/"},{"@type":"ListItem","position":2,"name":"Obchod","item":"https:\/\/www.onetimenexttime.sk\/arduino\/"},{"@type":"ListItem","position":3,"name":"LM2596S LED Voltmeter ADJ DC &#8211; DC Step-down Step Down Adjustable Power Supply Module Digital Display for Arduino"}]},{"@type":"WebSite","@id":"https:\/\/www.onetimenexttime.sk\/arduino\/#website","url":"https:\/\/www.onetimenexttime.sk\/arduino\/","name":"Arduino e-shop","description":"Home Assistant","potentialAction":[{"@type":"SearchAction","target":{"@type":"EntryPoint","urlTemplate":"https:\/\/www.onetimenexttime.sk\/arduino\/?s={search_term_string}"},"query-input":{"@type":"PropertyValueSpecification","valueRequired":true,"valueName":"search_term_string"}}],"inLanguage":"sk-SK"}]}},"_links":{"self":[{"href":"https:\/\/www.onetimenexttime.sk\/arduino\/index.php\/wp-json\/wp\/v2\/product\/199"}],"collection":[{"href":"https:\/\/www.onetimenexttime.sk\/arduino\/index.php\/wp-json\/wp\/v2\/product"}],"about":[{"href":"https:\/\/www.onetimenexttime.sk\/arduino\/index.php\/wp-json\/wp\/v2\/types\/product"}],"wp:featuredmedia":[{"embeddable":true,"href":"https:\/\/www.onetimenexttime.sk\/arduino\/index.php\/wp-json\/wp\/v2\/media\/200"}],"wp:attachment":[{"href":"https:\/\/www.onetimenexttime.sk\/arduino\/index.php\/wp-json\/wp\/v2\/media?parent=199"}],"wp:term":[{"taxonomy":"product_cat","embeddable":true,"href":"https:\/\/www.onetimenexttime.sk\/arduino\/index.php\/wp-json\/wp\/v2\/product_cat?post=199"},{"taxonomy":"product_tag","embeddable":true,"href":"https:\/\/www.onetimenexttime.sk\/arduino\/index.php\/wp-json\/wp\/v2\/product_tag?post=199"}],"curies":[{"name":"wp","href":"https:\/\/api.w.org\/{rel}","templated":true}]}}