{"id":193,"date":"2021-10-18T12:16:59","date_gmt":"2021-10-18T10:16:59","guid":{"rendered":"https:\/\/www.onetimenexttime.sk\/arduino\/?post_type=product&#038;p=193"},"modified":"2021-10-18T12:21:01","modified_gmt":"2021-10-18T10:21:01","slug":"mt3608-dc-dc-step-up-apply-booster-power-module-2a-for-arduino","status":"publish","type":"product","link":"https:\/\/www.onetimenexttime.sk\/arduino\/index.php\/produkt\/mt3608-dc-dc-step-up-apply-booster-power-module-2a-for-arduino\/","title":{"rendered":"MT3608 DC-DC Step Up Apply Booster Power Module 2A For Arduino"},"content":{"rendered":"<p>MT3608 DC-DC zintenz\u00edvnite pou\u017eitie posil\u0148ovacieho modulu 2A pre Arduino<\/p>\n<p>&nbsp;<\/p>\n<p>MT3608 2A Max DC-DC zosil\u0148ova\u010d impulzov, modul zosil\u0148ova\u010da, modul zosil\u0148ova\u010da pre Arduino<\/p>\n<p>&nbsp;<\/p>\n<p>Vlastnosti produktu:<br \/>\n1. Maxim\u00e1lny v\u00fdstupn\u00fd pr\u00fad: 2A<\/p>\n<p>2. Vstupn\u00e9 nap\u00e4tie: 2V a 24V<br \/>\n3. Maxim\u00e1lne v\u00fdstupn\u00e9 nap\u00e4tie:&gt; 5V &#8211; 28V<br \/>\n4. \u00da\u010dinnos\u0165:&gt; 93%<\/p>\n<p>Pozn\u00e1mka:<br \/>\n1. Vstupn\u00e9 nap\u00e4tie by nemalo prekro\u010di\u0165 maxim\u00e1lne vstupn\u00e9 nap\u00e4tie<br \/>\n2. \u0160pi\u010dkov\u00fd a v\u00fdstupn\u00fd pr\u00fad nie je v\u00e4\u010d\u0161\u00ed ako 2A<br \/>\n3. Ak modul na \u00fapravu v\u00fdstupn\u00e9ho nap\u00e4tia nem\u00f4\u017ee by\u0165 v\u017edy rovnak\u00fd ako vstupn\u00e9 nap\u00e4tie, potenciometer proti smeru hodinov\u00fdch ru\u010di\u010diek pou\u017e\u00edvajte viac ako 20 k\u00f4l a potom m\u00f4\u017eete modul pou\u017ei\u0165 na \u00fapravu nap\u00e4tia. Regula\u010dn\u00e1 met\u00f3da: potenciometer v prednej \u010dasti hrudn\u00edka , zosil\u0148ova\u010d obr\u00e1ten\u00fdch hod\u00edn!<\/p>\n","protected":false},"excerpt":{"rendered":"<p>MT3608 DC-DC zintenz\u00edvnite pou\u017eitie posil\u0148ovacieho modulu 2A pre Arduino &nbsp; MT3608 2A Max DC-DC zosil\u0148ova\u010d impulzov, modul zosil\u0148ova\u010da, modul zosil\u0148ova\u010da&hellip;<\/p>\n","protected":false},"featured_media":194,"template":"","meta":{"_monsterinsights_skip_tracking":false,"_monsterinsights_sitenote_active":false,"_monsterinsights_sitenote_note":"","_monsterinsights_sitenote_category":0},"product_cat":[16,21],"product_tag":[],"class_list":{"0":"post-193","1":"product","2":"type-product","3":"status-publish","4":"has-post-thumbnail","6":"product_cat-ard","7":"product_cat-pw","9":"first","10":"instock","11":"shipping-taxable","12":"purchasable","13":"product-type-simple"},"yoast_head":"<!-- This site is optimized with the Yoast SEO plugin v23.6 - https:\/\/yoast.com\/wordpress\/plugins\/seo\/ -->\n<title>MT3608 DC-DC Step Up Apply Booster Power Module 2A For Arduino - Arduino e-shop<\/title>\n<meta name=\"robots\" content=\"index, follow, max-snippet:-1, max-image-preview:large, max-video-preview:-1\" \/>\n<link rel=\"canonical\" href=\"https:\/\/www.onetimenexttime.sk\/arduino\/index.php\/produkt\/mt3608-dc-dc-step-up-apply-booster-power-module-2a-for-arduino\/\" \/>\n<meta property=\"og:locale\" content=\"sk_SK\" \/>\n<meta property=\"og:type\" content=\"article\" \/>\n<meta property=\"og:title\" content=\"MT3608 DC-DC Step Up Apply Booster Power Module 2A For Arduino - Arduino e-shop\" \/>\n<meta property=\"og:description\" content=\"MT3608 DC-DC zintenz\u00edvnite pou\u017eitie posil\u0148ovacieho modulu 2A pre Arduino &nbsp; MT3608 2A Max DC-DC zosil\u0148ova\u010d impulzov, modul zosil\u0148ova\u010da, modul zosil\u0148ova\u010da&hellip;\" \/>\n<meta property=\"og:url\" content=\"https:\/\/www.onetimenexttime.sk\/arduino\/index.php\/produkt\/mt3608-dc-dc-step-up-apply-booster-power-module-2a-for-arduino\/\" \/>\n<meta property=\"og:site_name\" content=\"Arduino e-shop\" \/>\n<meta property=\"article:modified_time\" content=\"2021-10-18T10:21:01+00:00\" \/>\n<meta property=\"og:image\" content=\"https:\/\/www.onetimenexttime.sk\/arduino\/wp-content\/uploads\/2021\/10\/304.jpg\" \/>\n\t<meta property=\"og:image:width\" content=\"504\" \/>\n\t<meta property=\"og:image:height\" content=\"503\" \/>\n\t<meta property=\"og:image:type\" content=\"image\/jpeg\" \/>\n<meta name=\"twitter:card\" content=\"summary_large_image\" \/>\n<meta name=\"twitter:label1\" content=\"Predpokladan\u00fd \u010das \u010d\u00edtania\" \/>\n\t<meta name=\"twitter:data1\" content=\"1 min\u00fata\" \/>\n<script type=\"application\/ld+json\" class=\"yoast-schema-graph\">{\"@context\":\"https:\/\/schema.org\",\"@graph\":[{\"@type\":\"WebPage\",\"@id\":\"https:\/\/www.onetimenexttime.sk\/arduino\/index.php\/produkt\/mt3608-dc-dc-step-up-apply-booster-power-module-2a-for-arduino\/\",\"url\":\"https:\/\/www.onetimenexttime.sk\/arduino\/index.php\/produkt\/mt3608-dc-dc-step-up-apply-booster-power-module-2a-for-arduino\/\",\"name\":\"MT3608 DC-DC Step Up Apply Booster Power Module 2A For Arduino - Arduino e-shop\",\"isPartOf\":{\"@id\":\"https:\/\/www.onetimenexttime.sk\/arduino\/#website\"},\"primaryImageOfPage\":{\"@id\":\"https:\/\/www.onetimenexttime.sk\/arduino\/index.php\/produkt\/mt3608-dc-dc-step-up-apply-booster-power-module-2a-for-arduino\/#primaryimage\"},\"image\":{\"@id\":\"https:\/\/www.onetimenexttime.sk\/arduino\/index.php\/produkt\/mt3608-dc-dc-step-up-apply-booster-power-module-2a-for-arduino\/#primaryimage\"},\"thumbnailUrl\":\"https:\/\/www.onetimenexttime.sk\/arduino\/wp-content\/uploads\/2021\/10\/304.jpg\",\"datePublished\":\"2021-10-18T10:16:59+00:00\",\"dateModified\":\"2021-10-18T10:21:01+00:00\",\"breadcrumb\":{\"@id\":\"https:\/\/www.onetimenexttime.sk\/arduino\/index.php\/produkt\/mt3608-dc-dc-step-up-apply-booster-power-module-2a-for-arduino\/#breadcrumb\"},\"inLanguage\":\"sk-SK\",\"potentialAction\":[{\"@type\":\"ReadAction\",\"target\":[\"https:\/\/www.onetimenexttime.sk\/arduino\/index.php\/produkt\/mt3608-dc-dc-step-up-apply-booster-power-module-2a-for-arduino\/\"]}]},{\"@type\":\"ImageObject\",\"inLanguage\":\"sk-SK\",\"@id\":\"https:\/\/www.onetimenexttime.sk\/arduino\/index.php\/produkt\/mt3608-dc-dc-step-up-apply-booster-power-module-2a-for-arduino\/#primaryimage\",\"url\":\"https:\/\/www.onetimenexttime.sk\/arduino\/wp-content\/uploads\/2021\/10\/304.jpg\",\"contentUrl\":\"https:\/\/www.onetimenexttime.sk\/arduino\/wp-content\/uploads\/2021\/10\/304.jpg\",\"width\":504,\"height\":503},{\"@type\":\"BreadcrumbList\",\"@id\":\"https:\/\/www.onetimenexttime.sk\/arduino\/index.php\/produkt\/mt3608-dc-dc-step-up-apply-booster-power-module-2a-for-arduino\/#breadcrumb\",\"itemListElement\":[{\"@type\":\"ListItem\",\"position\":1,\"name\":\"Domov\",\"item\":\"https:\/\/www.onetimenexttime.sk\/arduino\/\"},{\"@type\":\"ListItem\",\"position\":2,\"name\":\"Obchod\",\"item\":\"https:\/\/www.onetimenexttime.sk\/arduino\/\"},{\"@type\":\"ListItem\",\"position\":3,\"name\":\"MT3608 DC-DC Step Up Apply Booster Power Module 2A For Arduino\"}]},{\"@type\":\"WebSite\",\"@id\":\"https:\/\/www.onetimenexttime.sk\/arduino\/#website\",\"url\":\"https:\/\/www.onetimenexttime.sk\/arduino\/\",\"name\":\"Arduino e-shop\",\"description\":\"Home Assistant\",\"potentialAction\":[{\"@type\":\"SearchAction\",\"target\":{\"@type\":\"EntryPoint\",\"urlTemplate\":\"https:\/\/www.onetimenexttime.sk\/arduino\/?s={search_term_string}\"},\"query-input\":{\"@type\":\"PropertyValueSpecification\",\"valueRequired\":true,\"valueName\":\"search_term_string\"}}],\"inLanguage\":\"sk-SK\"}]}<\/script>\n<!-- \/ Yoast SEO plugin. -->","yoast_head_json":{"title":"MT3608 DC-DC Step Up Apply Booster Power Module 2A For Arduino - Arduino e-shop","robots":{"index":"index","follow":"follow","max-snippet":"max-snippet:-1","max-image-preview":"max-image-preview:large","max-video-preview":"max-video-preview:-1"},"canonical":"https:\/\/www.onetimenexttime.sk\/arduino\/index.php\/produkt\/mt3608-dc-dc-step-up-apply-booster-power-module-2a-for-arduino\/","og_locale":"sk_SK","og_type":"article","og_title":"MT3608 DC-DC Step Up Apply Booster Power Module 2A For Arduino - Arduino e-shop","og_description":"MT3608 DC-DC zintenz\u00edvnite pou\u017eitie posil\u0148ovacieho modulu 2A pre Arduino &nbsp; MT3608 2A Max DC-DC zosil\u0148ova\u010d impulzov, modul zosil\u0148ova\u010da, modul zosil\u0148ova\u010da&hellip;","og_url":"https:\/\/www.onetimenexttime.sk\/arduino\/index.php\/produkt\/mt3608-dc-dc-step-up-apply-booster-power-module-2a-for-arduino\/","og_site_name":"Arduino e-shop","article_modified_time":"2021-10-18T10:21:01+00:00","og_image":[{"width":504,"height":503,"url":"https:\/\/www.onetimenexttime.sk\/arduino\/wp-content\/uploads\/2021\/10\/304.jpg","type":"image\/jpeg"}],"twitter_card":"summary_large_image","twitter_misc":{"Predpokladan\u00fd \u010das \u010d\u00edtania":"1 min\u00fata"},"schema":{"@context":"https:\/\/schema.org","@graph":[{"@type":"WebPage","@id":"https:\/\/www.onetimenexttime.sk\/arduino\/index.php\/produkt\/mt3608-dc-dc-step-up-apply-booster-power-module-2a-for-arduino\/","url":"https:\/\/www.onetimenexttime.sk\/arduino\/index.php\/produkt\/mt3608-dc-dc-step-up-apply-booster-power-module-2a-for-arduino\/","name":"MT3608 DC-DC Step Up Apply Booster Power Module 2A For Arduino - Arduino e-shop","isPartOf":{"@id":"https:\/\/www.onetimenexttime.sk\/arduino\/#website"},"primaryImageOfPage":{"@id":"https:\/\/www.onetimenexttime.sk\/arduino\/index.php\/produkt\/mt3608-dc-dc-step-up-apply-booster-power-module-2a-for-arduino\/#primaryimage"},"image":{"@id":"https:\/\/www.onetimenexttime.sk\/arduino\/index.php\/produkt\/mt3608-dc-dc-step-up-apply-booster-power-module-2a-for-arduino\/#primaryimage"},"thumbnailUrl":"https:\/\/www.onetimenexttime.sk\/arduino\/wp-content\/uploads\/2021\/10\/304.jpg","datePublished":"2021-10-18T10:16:59+00:00","dateModified":"2021-10-18T10:21:01+00:00","breadcrumb":{"@id":"https:\/\/www.onetimenexttime.sk\/arduino\/index.php\/produkt\/mt3608-dc-dc-step-up-apply-booster-power-module-2a-for-arduino\/#breadcrumb"},"inLanguage":"sk-SK","potentialAction":[{"@type":"ReadAction","target":["https:\/\/www.onetimenexttime.sk\/arduino\/index.php\/produkt\/mt3608-dc-dc-step-up-apply-booster-power-module-2a-for-arduino\/"]}]},{"@type":"ImageObject","inLanguage":"sk-SK","@id":"https:\/\/www.onetimenexttime.sk\/arduino\/index.php\/produkt\/mt3608-dc-dc-step-up-apply-booster-power-module-2a-for-arduino\/#primaryimage","url":"https:\/\/www.onetimenexttime.sk\/arduino\/wp-content\/uploads\/2021\/10\/304.jpg","contentUrl":"https:\/\/www.onetimenexttime.sk\/arduino\/wp-content\/uploads\/2021\/10\/304.jpg","width":504,"height":503},{"@type":"BreadcrumbList","@id":"https:\/\/www.onetimenexttime.sk\/arduino\/index.php\/produkt\/mt3608-dc-dc-step-up-apply-booster-power-module-2a-for-arduino\/#breadcrumb","itemListElement":[{"@type":"ListItem","position":1,"name":"Domov","item":"https:\/\/www.onetimenexttime.sk\/arduino\/"},{"@type":"ListItem","position":2,"name":"Obchod","item":"https:\/\/www.onetimenexttime.sk\/arduino\/"},{"@type":"ListItem","position":3,"name":"MT3608 DC-DC Step Up Apply Booster Power Module 2A For Arduino"}]},{"@type":"WebSite","@id":"https:\/\/www.onetimenexttime.sk\/arduino\/#website","url":"https:\/\/www.onetimenexttime.sk\/arduino\/","name":"Arduino e-shop","description":"Home Assistant","potentialAction":[{"@type":"SearchAction","target":{"@type":"EntryPoint","urlTemplate":"https:\/\/www.onetimenexttime.sk\/arduino\/?s={search_term_string}"},"query-input":{"@type":"PropertyValueSpecification","valueRequired":true,"valueName":"search_term_string"}}],"inLanguage":"sk-SK"}]}},"_links":{"self":[{"href":"https:\/\/www.onetimenexttime.sk\/arduino\/index.php\/wp-json\/wp\/v2\/product\/193"}],"collection":[{"href":"https:\/\/www.onetimenexttime.sk\/arduino\/index.php\/wp-json\/wp\/v2\/product"}],"about":[{"href":"https:\/\/www.onetimenexttime.sk\/arduino\/index.php\/wp-json\/wp\/v2\/types\/product"}],"wp:featuredmedia":[{"embeddable":true,"href":"https:\/\/www.onetimenexttime.sk\/arduino\/index.php\/wp-json\/wp\/v2\/media\/194"}],"wp:attachment":[{"href":"https:\/\/www.onetimenexttime.sk\/arduino\/index.php\/wp-json\/wp\/v2\/media?parent=193"}],"wp:term":[{"taxonomy":"product_cat","embeddable":true,"href":"https:\/\/www.onetimenexttime.sk\/arduino\/index.php\/wp-json\/wp\/v2\/product_cat?post=193"},{"taxonomy":"product_tag","embeddable":true,"href":"https:\/\/www.onetimenexttime.sk\/arduino\/index.php\/wp-json\/wp\/v2\/product_tag?post=193"}],"curies":[{"name":"wp","href":"https:\/\/api.w.org\/{rel}","templated":true}]}}