{"id":185,"date":"2021-10-18T12:04:18","date_gmt":"2021-10-18T10:04:18","guid":{"rendered":"https:\/\/www.onetimenexttime.sk\/arduino\/?post_type=product&#038;p=185"},"modified":"2021-10-18T12:44:28","modified_gmt":"2021-10-18T10:44:28","slug":"ac-dc-power-supply-buck-converter-step-down-module-33v-sg233-sz","status":"publish","type":"product","link":"https:\/\/www.onetimenexttime.sk\/arduino\/index.php\/produkt\/ac-dc-power-supply-buck-converter-step-down-module-33v-sg233-sz\/","title":{"rendered":"AC-DC Power Supply Buck ConVerter Step Down Module  3,3V  SG233-SZ"},"content":{"rendered":"<p>Modul zosil\u0148ova\u010da nap\u00e1jania AC-DC Buck Converter 3,3V SG233-SZ<\/p>\n<p>&nbsp;<\/p>\n<p>Zostupn\u00fd modul<br \/>\nStav: Nov\u00e9<br \/>\nS teplotnou ochranou, nadpr\u00fadovou ochranou a ochranou proti skratu, izol\u00e1cia vysok\u00e9ho a n\u00edzkeho nap\u00e4tia, \u0161irok\u00fd nap\u00e4\u0165ov\u00fd vstup AC85 ~ 265 V, striedav\u00fd\/jednosmern\u00fd pr\u00fad, presn\u00e1 stabilita nap\u00e4tia 431, v\u00fdstup DC5V<br \/>\nVstupn\u00e9 nap\u00e4tie: AC 85 ~ 265 v 50\/60 Hz alebo DC 100 ~ 370 v DC<br \/>\nVstupn\u00fd pr\u00fad: 0,0273A (AC110V) 0,014A (AC220V)<br \/>\nVstupn\u00fd n\u00e1razov\u00fd pr\u00fad: 20A<br \/>\nV\u00fdstupn\u00e9 nap\u00e4tie: DC 5V (+ \/ &#8211; 0,2 V)<br \/>\nV\u00fdstupn\u00fd pr\u00fad 700 mA<br \/>\nV\u00fdkon 3,5 W<br \/>\nPrev\u00e1dzkov\u00e1 teplota -20 ~ 60 \u00b0<br \/>\nRelat\u00edvna vlhkos\u0165 40-90%RV<br \/>\nV\u00fdstup 5V, minim\u00e1lny pr\u00fad 0a, maxim\u00e1lny pr\u00fad 700mA, \u0161pi\u010dkov\u00fd pr\u00fad: 800mA, v\u00fdstupn\u00fd rozsah: 4,8 ~ 5,2v, vlnka: 60mV<br \/>\nV\u00fdstupn\u00fd v\u00fdkon: 0-4W (jednosmern\u00fd pr\u00fad)<br \/>\nV\u00fdstupn\u00e1 \u00fa\u010dinnos\u0165: 80%<br \/>\nPrepnutie strojov\u00e9ho prekro\u010denia: MAX 10%<br \/>\nDoba n\u00e1rastu v\u00fdstupn\u00e9ho nap\u00e4tia: MAX 100MS<br \/>\nV\u00fdstupn\u00e9 nap\u00e4tie: 4,8-5,2 V, obnova: Uzamkn\u00fa\u0165, re\u0161tartova\u0165 po obnoven\u00ed<br \/>\nOchrana proti pre\u0165a\u017eeniu v\u00fdstupu: \u00c1NO, obnova: Uzamknutie, re\u0161tart po obnoven\u00ed<br \/>\nOchrana proti skratu: \u00c1NO, automatick\u00e9 obnovenie po vyrie\u0161en\u00ed probl\u00e9mu<br \/>\nTeplotn\u00e1 ochrana: \u00c1NO, obnova: Uzamkn\u00fa\u0165, re\u0161tartova\u0165 po obnoven\u00ed<br \/>\nNadpr\u00fadov\u00e1 ochrana: \u00c1NO, obnova: Uzamkn\u00fa\u0165, re\u0161tartova\u0165 po obnoven\u00ed<\/p>\n","protected":false},"excerpt":{"rendered":"<p>Modul zosil\u0148ova\u010da nap\u00e1jania AC-DC Buck Converter 3,3V SG233-SZ &nbsp; Zostupn\u00fd modul Stav: Nov\u00e9 S teplotnou ochranou, nadpr\u00fadovou ochranou a ochranou&hellip;<\/p>\n","protected":false},"featured_media":186,"template":"","meta":{"_monsterinsights_skip_tracking":false,"_monsterinsights_sitenote_active":false,"_monsterinsights_sitenote_note":"","_monsterinsights_sitenote_category":0},"product_cat":[16,21],"product_tag":[],"class_list":{"0":"post-185","1":"product","2":"type-product","3":"status-publish","4":"has-post-thumbnail","6":"product_cat-ard","7":"product_cat-pw","9":"first","10":"instock","11":"shipping-taxable","12":"purchasable","13":"product-type-simple"},"yoast_head":"<!-- This site is optimized with the Yoast SEO plugin v23.6 - https:\/\/yoast.com\/wordpress\/plugins\/seo\/ -->\n<title>AC-DC Power Supply Buck ConVerter Step Down Module 3,3V SG233-SZ - Arduino e-shop<\/title>\n<meta name=\"robots\" content=\"index, follow, max-snippet:-1, max-image-preview:large, max-video-preview:-1\" \/>\n<link rel=\"canonical\" href=\"https:\/\/www.onetimenexttime.sk\/arduino\/index.php\/produkt\/ac-dc-power-supply-buck-converter-step-down-module-33v-sg233-sz\/\" \/>\n<meta property=\"og:locale\" content=\"sk_SK\" \/>\n<meta property=\"og:type\" content=\"article\" \/>\n<meta property=\"og:title\" content=\"AC-DC Power Supply Buck ConVerter Step Down Module 3,3V SG233-SZ - Arduino e-shop\" \/>\n<meta property=\"og:description\" content=\"Modul zosil\u0148ova\u010da nap\u00e1jania AC-DC Buck Converter 3,3V SG233-SZ &nbsp; Zostupn\u00fd modul Stav: Nov\u00e9 S teplotnou ochranou, nadpr\u00fadovou ochranou a ochranou&hellip;\" \/>\n<meta property=\"og:url\" content=\"https:\/\/www.onetimenexttime.sk\/arduino\/index.php\/produkt\/ac-dc-power-supply-buck-converter-step-down-module-33v-sg233-sz\/\" \/>\n<meta property=\"og:site_name\" content=\"Arduino e-shop\" \/>\n<meta property=\"article:modified_time\" content=\"2021-10-18T10:44:28+00:00\" \/>\n<meta property=\"og:image\" content=\"https:\/\/www.onetimenexttime.sk\/arduino\/wp-content\/uploads\/2021\/10\/313.jpg\" \/>\n\t<meta property=\"og:image:width\" content=\"504\" \/>\n\t<meta property=\"og:image:height\" content=\"503\" \/>\n\t<meta property=\"og:image:type\" content=\"image\/jpeg\" \/>\n<meta name=\"twitter:card\" content=\"summary_large_image\" \/>\n<meta name=\"twitter:label1\" content=\"Predpokladan\u00fd \u010das \u010d\u00edtania\" \/>\n\t<meta name=\"twitter:data1\" content=\"1 min\u00fata\" \/>\n<script type=\"application\/ld+json\" class=\"yoast-schema-graph\">{\"@context\":\"https:\/\/schema.org\",\"@graph\":[{\"@type\":\"WebPage\",\"@id\":\"https:\/\/www.onetimenexttime.sk\/arduino\/index.php\/produkt\/ac-dc-power-supply-buck-converter-step-down-module-33v-sg233-sz\/\",\"url\":\"https:\/\/www.onetimenexttime.sk\/arduino\/index.php\/produkt\/ac-dc-power-supply-buck-converter-step-down-module-33v-sg233-sz\/\",\"name\":\"AC-DC Power Supply Buck ConVerter Step Down Module 3,3V SG233-SZ - Arduino e-shop\",\"isPartOf\":{\"@id\":\"https:\/\/www.onetimenexttime.sk\/arduino\/#website\"},\"primaryImageOfPage\":{\"@id\":\"https:\/\/www.onetimenexttime.sk\/arduino\/index.php\/produkt\/ac-dc-power-supply-buck-converter-step-down-module-33v-sg233-sz\/#primaryimage\"},\"image\":{\"@id\":\"https:\/\/www.onetimenexttime.sk\/arduino\/index.php\/produkt\/ac-dc-power-supply-buck-converter-step-down-module-33v-sg233-sz\/#primaryimage\"},\"thumbnailUrl\":\"https:\/\/www.onetimenexttime.sk\/arduino\/wp-content\/uploads\/2021\/10\/313.jpg\",\"datePublished\":\"2021-10-18T10:04:18+00:00\",\"dateModified\":\"2021-10-18T10:44:28+00:00\",\"breadcrumb\":{\"@id\":\"https:\/\/www.onetimenexttime.sk\/arduino\/index.php\/produkt\/ac-dc-power-supply-buck-converter-step-down-module-33v-sg233-sz\/#breadcrumb\"},\"inLanguage\":\"sk-SK\",\"potentialAction\":[{\"@type\":\"ReadAction\",\"target\":[\"https:\/\/www.onetimenexttime.sk\/arduino\/index.php\/produkt\/ac-dc-power-supply-buck-converter-step-down-module-33v-sg233-sz\/\"]}]},{\"@type\":\"ImageObject\",\"inLanguage\":\"sk-SK\",\"@id\":\"https:\/\/www.onetimenexttime.sk\/arduino\/index.php\/produkt\/ac-dc-power-supply-buck-converter-step-down-module-33v-sg233-sz\/#primaryimage\",\"url\":\"https:\/\/www.onetimenexttime.sk\/arduino\/wp-content\/uploads\/2021\/10\/313.jpg\",\"contentUrl\":\"https:\/\/www.onetimenexttime.sk\/arduino\/wp-content\/uploads\/2021\/10\/313.jpg\",\"width\":504,\"height\":503},{\"@type\":\"BreadcrumbList\",\"@id\":\"https:\/\/www.onetimenexttime.sk\/arduino\/index.php\/produkt\/ac-dc-power-supply-buck-converter-step-down-module-33v-sg233-sz\/#breadcrumb\",\"itemListElement\":[{\"@type\":\"ListItem\",\"position\":1,\"name\":\"Domov\",\"item\":\"https:\/\/www.onetimenexttime.sk\/arduino\/\"},{\"@type\":\"ListItem\",\"position\":2,\"name\":\"Obchod\",\"item\":\"https:\/\/www.onetimenexttime.sk\/arduino\/\"},{\"@type\":\"ListItem\",\"position\":3,\"name\":\"AC-DC Power Supply Buck ConVerter Step Down Module 3,3V SG233-SZ\"}]},{\"@type\":\"WebSite\",\"@id\":\"https:\/\/www.onetimenexttime.sk\/arduino\/#website\",\"url\":\"https:\/\/www.onetimenexttime.sk\/arduino\/\",\"name\":\"Arduino e-shop\",\"description\":\"Home Assistant\",\"potentialAction\":[{\"@type\":\"SearchAction\",\"target\":{\"@type\":\"EntryPoint\",\"urlTemplate\":\"https:\/\/www.onetimenexttime.sk\/arduino\/?s={search_term_string}\"},\"query-input\":{\"@type\":\"PropertyValueSpecification\",\"valueRequired\":true,\"valueName\":\"search_term_string\"}}],\"inLanguage\":\"sk-SK\"}]}<\/script>\n<!-- \/ Yoast SEO plugin. -->","yoast_head_json":{"title":"AC-DC Power Supply Buck ConVerter Step Down Module 3,3V SG233-SZ - Arduino e-shop","robots":{"index":"index","follow":"follow","max-snippet":"max-snippet:-1","max-image-preview":"max-image-preview:large","max-video-preview":"max-video-preview:-1"},"canonical":"https:\/\/www.onetimenexttime.sk\/arduino\/index.php\/produkt\/ac-dc-power-supply-buck-converter-step-down-module-33v-sg233-sz\/","og_locale":"sk_SK","og_type":"article","og_title":"AC-DC Power Supply Buck ConVerter Step Down Module 3,3V SG233-SZ - Arduino e-shop","og_description":"Modul zosil\u0148ova\u010da nap\u00e1jania AC-DC Buck Converter 3,3V SG233-SZ &nbsp; Zostupn\u00fd modul Stav: Nov\u00e9 S teplotnou ochranou, nadpr\u00fadovou ochranou a ochranou&hellip;","og_url":"https:\/\/www.onetimenexttime.sk\/arduino\/index.php\/produkt\/ac-dc-power-supply-buck-converter-step-down-module-33v-sg233-sz\/","og_site_name":"Arduino e-shop","article_modified_time":"2021-10-18T10:44:28+00:00","og_image":[{"width":504,"height":503,"url":"https:\/\/www.onetimenexttime.sk\/arduino\/wp-content\/uploads\/2021\/10\/313.jpg","type":"image\/jpeg"}],"twitter_card":"summary_large_image","twitter_misc":{"Predpokladan\u00fd \u010das \u010d\u00edtania":"1 min\u00fata"},"schema":{"@context":"https:\/\/schema.org","@graph":[{"@type":"WebPage","@id":"https:\/\/www.onetimenexttime.sk\/arduino\/index.php\/produkt\/ac-dc-power-supply-buck-converter-step-down-module-33v-sg233-sz\/","url":"https:\/\/www.onetimenexttime.sk\/arduino\/index.php\/produkt\/ac-dc-power-supply-buck-converter-step-down-module-33v-sg233-sz\/","name":"AC-DC Power Supply Buck ConVerter Step Down Module 3,3V SG233-SZ - Arduino e-shop","isPartOf":{"@id":"https:\/\/www.onetimenexttime.sk\/arduino\/#website"},"primaryImageOfPage":{"@id":"https:\/\/www.onetimenexttime.sk\/arduino\/index.php\/produkt\/ac-dc-power-supply-buck-converter-step-down-module-33v-sg233-sz\/#primaryimage"},"image":{"@id":"https:\/\/www.onetimenexttime.sk\/arduino\/index.php\/produkt\/ac-dc-power-supply-buck-converter-step-down-module-33v-sg233-sz\/#primaryimage"},"thumbnailUrl":"https:\/\/www.onetimenexttime.sk\/arduino\/wp-content\/uploads\/2021\/10\/313.jpg","datePublished":"2021-10-18T10:04:18+00:00","dateModified":"2021-10-18T10:44:28+00:00","breadcrumb":{"@id":"https:\/\/www.onetimenexttime.sk\/arduino\/index.php\/produkt\/ac-dc-power-supply-buck-converter-step-down-module-33v-sg233-sz\/#breadcrumb"},"inLanguage":"sk-SK","potentialAction":[{"@type":"ReadAction","target":["https:\/\/www.onetimenexttime.sk\/arduino\/index.php\/produkt\/ac-dc-power-supply-buck-converter-step-down-module-33v-sg233-sz\/"]}]},{"@type":"ImageObject","inLanguage":"sk-SK","@id":"https:\/\/www.onetimenexttime.sk\/arduino\/index.php\/produkt\/ac-dc-power-supply-buck-converter-step-down-module-33v-sg233-sz\/#primaryimage","url":"https:\/\/www.onetimenexttime.sk\/arduino\/wp-content\/uploads\/2021\/10\/313.jpg","contentUrl":"https:\/\/www.onetimenexttime.sk\/arduino\/wp-content\/uploads\/2021\/10\/313.jpg","width":504,"height":503},{"@type":"BreadcrumbList","@id":"https:\/\/www.onetimenexttime.sk\/arduino\/index.php\/produkt\/ac-dc-power-supply-buck-converter-step-down-module-33v-sg233-sz\/#breadcrumb","itemListElement":[{"@type":"ListItem","position":1,"name":"Domov","item":"https:\/\/www.onetimenexttime.sk\/arduino\/"},{"@type":"ListItem","position":2,"name":"Obchod","item":"https:\/\/www.onetimenexttime.sk\/arduino\/"},{"@type":"ListItem","position":3,"name":"AC-DC Power Supply Buck ConVerter Step Down Module 3,3V SG233-SZ"}]},{"@type":"WebSite","@id":"https:\/\/www.onetimenexttime.sk\/arduino\/#website","url":"https:\/\/www.onetimenexttime.sk\/arduino\/","name":"Arduino e-shop","description":"Home Assistant","potentialAction":[{"@type":"SearchAction","target":{"@type":"EntryPoint","urlTemplate":"https:\/\/www.onetimenexttime.sk\/arduino\/?s={search_term_string}"},"query-input":{"@type":"PropertyValueSpecification","valueRequired":true,"valueName":"search_term_string"}}],"inLanguage":"sk-SK"}]}},"_links":{"self":[{"href":"https:\/\/www.onetimenexttime.sk\/arduino\/index.php\/wp-json\/wp\/v2\/product\/185"}],"collection":[{"href":"https:\/\/www.onetimenexttime.sk\/arduino\/index.php\/wp-json\/wp\/v2\/product"}],"about":[{"href":"https:\/\/www.onetimenexttime.sk\/arduino\/index.php\/wp-json\/wp\/v2\/types\/product"}],"wp:featuredmedia":[{"embeddable":true,"href":"https:\/\/www.onetimenexttime.sk\/arduino\/index.php\/wp-json\/wp\/v2\/media\/186"}],"wp:attachment":[{"href":"https:\/\/www.onetimenexttime.sk\/arduino\/index.php\/wp-json\/wp\/v2\/media?parent=185"}],"wp:term":[{"taxonomy":"product_cat","embeddable":true,"href":"https:\/\/www.onetimenexttime.sk\/arduino\/index.php\/wp-json\/wp\/v2\/product_cat?post=185"},{"taxonomy":"product_tag","embeddable":true,"href":"https:\/\/www.onetimenexttime.sk\/arduino\/index.php\/wp-json\/wp\/v2\/product_tag?post=185"}],"curies":[{"name":"wp","href":"https:\/\/api.w.org\/{rel}","templated":true}]}}