{"id":171,"date":"2021-10-18T11:29:30","date_gmt":"2021-10-18T09:29:30","guid":{"rendered":"https:\/\/www.onetimenexttime.sk\/arduino\/?post_type=product&#038;p=171"},"modified":"2024-02-21T19:18:04","modified_gmt":"2024-02-21T18:18:04","slug":"ultra-small-power-supply-module-dc-dc-buck-3a-mp1584-adjustable-buck-module-regulator-ultra-lm2596s","status":"publish","type":"product","link":"https:\/\/www.onetimenexttime.sk\/arduino\/index.php\/produkt\/ultra-small-power-supply-module-dc-dc-buck-3a-mp1584-adjustable-buck-module-regulator-ultra-lm2596s\/","title":{"rendered":"Ultra-small power supply module DC \/ DC BUCK 3A MP1584 adjustable buck module regulator ultra LM2596S step down"},"content":{"rendered":"<h3>Ultra-mal\u00fd modul nap\u00e1jania DC\/DC Buck 3A MP1584<\/h3>\n<p><strong>Popis:<\/strong><\/p>\n<p>Ultra-mal\u00fd modul nap\u00e1jania MP1584 je DC\/DC bukov\u00fd meni\u010d, schopn\u00fd dod\u00e1va\u0165 a\u017e 3 A v\u00fdstupn\u00e9ho pr\u00fadu. Poskytuje efekt\u00edvnu regul\u00e1ciu nap\u00e4tia a je nastavite\u013en\u00fd, \u010do poskytuje flexibilitu v r\u00f4znych aplik\u00e1ci\u00e1ch. V\u010faka svojej kompaktnej ve\u013ekosti a vysok\u00e9mu v\u00fdkonu je vhodn\u00fd pre pou\u017eitie v projektoch, kde je priestor obmedzen\u00fd a efektivita nap\u00e1jania je k\u013e\u00fa\u010dov\u00e1.<\/p>\n<p><strong>Vlastnosti:<\/strong><\/p>\n<ul>\n<li><strong>V\u00fdstupn\u00fd pr\u00fad:<\/strong> A\u017e 3 A<\/li>\n<li><strong>Typ regul\u00e1cie:<\/strong> Buk (Step-Down)<\/li>\n<li><strong>Nastavite\u013en\u00fd v\u00fdstup:<\/strong> V\u00fdstupn\u00e9 nap\u00e4tie je nastavite\u013en\u00e9, \u010do poskytuje flexibilitu pre r\u00f4zne po\u017eiadavky na nap\u00e4tie.<\/li>\n<li><strong>Efektivita:<\/strong> Vysok\u00e1 \u00fa\u010dinnos\u0165, zabezpe\u010duj\u00faca minim\u00e1lnu stratu energie a optim\u00e1lny v\u00fdkon.<\/li>\n<li><strong>Kompaktn\u00e1 ve\u013ekos\u0165:<\/strong> Ultra-mal\u00fd form\u00e1t, \u010do ho rob\u00ed ide\u00e1lnym pre aplik\u00e1cie s obmedzen\u00fdm priestorom.<\/li>\n<li><strong>V\u0161estrannos\u0165:<\/strong> Vhodn\u00fd pre r\u00f4zne projekty a aplik\u00e1cie, ktor\u00e9 vy\u017eaduj\u00fa stabiln\u00fa regul\u00e1ciu nap\u00e4tia.<\/li>\n<li><strong>Rozsah vstupn\u00e9ho nap\u00e4tia:<\/strong> \u0160irok\u00fd rozsah vstupn\u00e9ho nap\u00e4tia, umo\u017e\u0148uj\u00faci flexibilitu vo v\u00fdbere zdroja nap\u00e1jania.<\/li>\n<\/ul>\n<p>&nbsp;<\/p>\n<p>&nbsp;<\/p>\n<p>&nbsp;<\/p>\n<p>&nbsp;<\/p>\n<p><strong>Parametre:<\/strong><\/p>\n<table>\n<thead>\n<tr>\n<th>Parameter<\/th>\n<th>Value<\/th>\n<\/tr>\n<\/thead>\n<tbody>\n<tr>\n<td>Vstupn\u00e9 nap\u00e4tie<\/td>\n<td>R\u00f4zne (z\u00e1vis\u00ed na konkr\u00e9tnom module)<\/td>\n<\/tr>\n<tr>\n<td>V\u00fdstupn\u00e9 nap\u00e4tie<\/td>\n<td>Nastavite\u013en\u00e9 (z\u00e1vis\u00ed na konkr\u00e9tnom module)<\/td>\n<\/tr>\n<tr>\n<td>V\u00fdstupn\u00fd pr\u00fad<\/td>\n<td>A\u017e 3 A<\/td>\n<\/tr>\n<tr>\n<td>Typ regul\u00e1cie<\/td>\n<td>Buk (Step-Down)<\/td>\n<\/tr>\n<tr>\n<td>Efektivita<\/td>\n<td>Vysok\u00e1<\/td>\n<\/tr>\n<tr>\n<td>Rozmery<\/td>\n<td>Ultra-mal\u00e9, kompaktn\u00e9 ve\u013ekosti<\/td>\n<\/tr>\n<tr>\n<td>Sp\u00f4sob nastavenia<\/td>\n<td>Typicky cez potenciometer alebo trimrovate\u013en\u00fd odpor<\/td>\n<\/tr>\n<tr>\n<td>Ochrana<\/td>\n<td>Ochrana pred pre\u0165a\u017een\u00edm, ochrana pred tepeln\u00fdm prep\u00e4t\u00edm<\/td>\n<\/tr>\n<\/tbody>\n<\/table>\n<p><strong>Aplik\u00e1cie:<\/strong><\/p>\n<ul>\n<li>Elektronick\u00e9 projekty vy\u017eaduj\u00face stabiln\u00e9 nap\u00e1janie<\/li>\n<li>Bat\u00e9riou nap\u00e1jan\u00e9 aplik\u00e1cie<\/li>\n<li>Prenosn\u00e9 elektronick\u00e9 zariadenia<\/li>\n<li>Robotick\u00e9 projekty<\/li>\n<li>Dom\u00e1ce elektronick\u00e9 projekty<\/li>\n<li>IoT zariadenia<\/li>\n<li>Nap\u00e1jacie moduly pre mikrokontrol\u00e9ry, senzory a \u010fal\u0161ie elektronick\u00e9 komponenty<\/li>\n<\/ul>\n<p><strong>Pozn\u00e1mka:<\/strong> Uistite sa, \u017ee m\u00e1te spr\u00e1vne odvodenie tepla a riadenie tepla, najm\u00e4 pri prev\u00e1dzke pri vy\u0161\u0161\u00edch v\u00fdstupn\u00fdch pr\u00fadoch alebo v prostrediach s vy\u0161\u0161ou teplotou.<\/p>\n<p><strong>Balenie obsahuje:<\/strong><\/p>\n<ul>\n<li>1 x Ultra-mal\u00fd modul nap\u00e1jania DC\/DC Buck 3A MP1584 (Nastavite\u013en\u00fd)<\/li>\n<\/ul>\n<p><strong>\u010eal\u0161ie inform\u00e1cie:<\/strong><\/p>\n<ul>\n<li>Modul MP1584 je v\u0161estrann\u00e9 a efekt\u00edvne rie\u0161enie nap\u00e1jania vhodn\u00e9 pre \u0161irok\u00fa \u0161k\u00e1lu elektronick\u00fdch projektov. Jeho nastavite\u013en\u00e9 v\u00fdstupn\u00e9 nap\u00e4tie a vysok\u00e1 schopnos\u0165 v\u00fdstupn\u00e9ho pr\u00fadu ho robia vynikaj\u00facou vo\u013ebou pre nap\u00e1janie r\u00f4znych elektronick\u00fdch komponentov a zariaden\u00ed.<\/li>\n<li>Pri pou\u017eit\u00ed modulu MP1584 uistite sa, \u017ee m\u00e1te spr\u00e1vne pripojenie vstupu a v\u00fdstupu a dodr\u017eujte pokyny v\u00fdrobcu pre nastavenie nap\u00e4tia a pr\u00fadu. Pre udr\u017eanie optim\u00e1lneho v\u00fdkonu m\u00f4\u017ee by\u0165 potrebn\u00e9 spr\u00e1vne odv\u00e1dzanie tepla, najm\u00e4 pri vysokej za\u0165a\u017eenosti.<\/li>\n<li>Tento modul poskytuje pohodln\u00e9 a spo\u013eahliv\u00e9 rie\u0161enie nap\u00e1jania pre nad\u0161encov, hobbyistov a profesion\u00e1lov, pon\u00fakaj\u00fac stabiln\u00e9 v\u00fdstupn\u00e9 nap\u00e4tie a efekt\u00edvnu prev\u00e1dzku v kompaktnom form\u00e1te.<\/li>\n<\/ul>\n<p>&nbsp;<\/p>\n<p>&nbsp;<\/p>\n<p>&nbsp;<\/p>\n<p>&nbsp;<\/p>\n<p>&nbsp;<\/p>\n<h2>Ultra mal\u00fd nap\u00e1jac\u00ed modul DC \/ DC BUCK 3A MP1584 nastavite\u013en\u00fd regul\u00e1tor modulu\u00a0 \u00a0LM2596S<\/h2>\n<p>Prev\u00e1dzkov\u00e1 teplota: -20 \u00b0 C a\u017e +80 \u00b0 C<br \/>\nPrep\u00ednacia frekvencia: 1,5 MHz (max.), 1 MHz (typ)<br \/>\n\u00da\u010dinnos\u0165: 92%<br \/>\nV\u00fdstupn\u00fd pr\u00fad (max.): 3A<br \/>\nV\u00fdstupn\u00e9 nap\u00e4tie: 0,8 &#8211; 20V<br \/>\nVstupn\u00e9 nap\u00e4tie: 3 &#8211; 28V<\/p>\n<h2>Popis<\/h2>\n<p>Meni\u010d nap\u00e4tia smerom nadol zo vstupn\u00e9ho nap\u00e4tia 4.5V \u2013 28V na v\u00fdstupn\u00e9 nap\u00e4tie 0.8V \u2013 20V. Odpor\u00fa\u010dan\u00fd st\u00e1ly v\u00fdstupn\u00fd pr\u00fad modulu je do 1.8A av\u0161ak zvl\u00e1dne aj kr\u00e1tkodob\u00fa z\u00e1\u0165a\u017e 3A.<\/p>\n<p>Pre viac inform\u00e1ci\u00ed odpor\u00fa\u010dame pre\u0161tudova\u0165\u00a0<a href=\"https:\/\/www.monolithicpower.com\/pub\/media\/document\/MP1584_r1.0.pdf\">datasheet<\/a>. V ponuke m\u00e1me zaraden\u00fd aj obdobn\u00fd\u00a0<a href=\"https:\/\/techfun.sk\/produkt\/buck-konverter-5v-s-usb-s-cipom-mp1584\/\">modul s USB konektorom<\/a>.<\/p>\n<p><strong>\u0160pecifik\u00e1cie:<\/strong><br \/>\nTyp: MP1584 step down (non isolated input to output)<br \/>\nVstupn\u00e9 nap\u00e4tie: 4.5 \u2013 20 V<br \/>\nV\u00fdstupn\u00e9 nap\u00e4tie: 0.8 \u2013 20 V<br \/>\nPr\u00fad: 1.8A (max 3A)<br \/>\nOchrana proti vysok\u00fdm pr\u00fadom a teplot\u00e1m.<br \/>\n\u00da\u010dinnos\u0165: max 96%<\/p>\n<p>\/step down step-down buck voltage converter lm2596 mini360 Mini-360 DC-DC HM Buck Converter<\/p>\n<p>&nbsp;<\/p>\n","protected":false},"excerpt":{"rendered":"<p>Ultra-mal\u00fd modul nap\u00e1jania DC\/DC Buck 3A MP1584 Popis: Ultra-mal\u00fd modul nap\u00e1jania MP1584 je DC\/DC bukov\u00fd meni\u010d, schopn\u00fd dod\u00e1va\u0165 a\u017e 3&hellip;<\/p>\n","protected":false},"featured_media":172,"template":"","meta":{"_monsterinsights_skip_tracking":false,"_monsterinsights_sitenote_active":false,"_monsterinsights_sitenote_note":"","_monsterinsights_sitenote_category":0},"product_cat":[16,17,21],"product_tag":[],"class_list":{"0":"post-171","1":"product","2":"type-product","3":"status-publish","4":"has-post-thumbnail","6":"product_cat-ard","7":"product_cat-modul","8":"product_cat-pw","10":"first","11":"instock","12":"shipping-taxable","13":"purchasable","14":"product-type-simple"},"yoast_head":"<!-- This site is optimized with the Yoast SEO plugin v23.6 - https:\/\/yoast.com\/wordpress\/plugins\/seo\/ -->\n<title>Ultra-small power supply module DC \/ DC BUCK 3A MP1584 adjustable buck module regulator ultra LM2596S step down - Arduino e-shop<\/title>\n<meta name=\"robots\" content=\"index, follow, max-snippet:-1, max-image-preview:large, max-video-preview:-1\" \/>\n<link rel=\"canonical\" href=\"https:\/\/www.onetimenexttime.sk\/arduino\/index.php\/produkt\/ultra-small-power-supply-module-dc-dc-buck-3a-mp1584-adjustable-buck-module-regulator-ultra-lm2596s\/\" \/>\n<meta property=\"og:locale\" content=\"sk_SK\" \/>\n<meta property=\"og:type\" content=\"article\" \/>\n<meta property=\"og:title\" content=\"Ultra-small power supply module DC \/ DC BUCK 3A MP1584 adjustable buck module regulator ultra LM2596S step down - Arduino e-shop\" \/>\n<meta property=\"og:description\" content=\"Ultra-mal\u00fd modul nap\u00e1jania DC\/DC Buck 3A MP1584 Popis: Ultra-mal\u00fd modul nap\u00e1jania MP1584 je DC\/DC bukov\u00fd meni\u010d, schopn\u00fd dod\u00e1va\u0165 a\u017e 3&hellip;\" \/>\n<meta property=\"og:url\" content=\"https:\/\/www.onetimenexttime.sk\/arduino\/index.php\/produkt\/ultra-small-power-supply-module-dc-dc-buck-3a-mp1584-adjustable-buck-module-regulator-ultra-lm2596s\/\" \/>\n<meta property=\"og:site_name\" content=\"Arduino e-shop\" \/>\n<meta property=\"article:modified_time\" content=\"2024-02-21T18:18:04+00:00\" \/>\n<meta property=\"og:image\" content=\"https:\/\/www.onetimenexttime.sk\/arduino\/wp-content\/uploads\/2021\/10\/326.jpg\" \/>\n\t<meta property=\"og:image:width\" content=\"504\" \/>\n\t<meta property=\"og:image:height\" content=\"503\" \/>\n\t<meta property=\"og:image:type\" content=\"image\/jpeg\" \/>\n<meta name=\"twitter:card\" content=\"summary_large_image\" \/>\n<meta name=\"twitter:label1\" content=\"Predpokladan\u00fd \u010das \u010d\u00edtania\" \/>\n\t<meta name=\"twitter:data1\" content=\"2 min\u00faty\" \/>\n<script type=\"application\/ld+json\" class=\"yoast-schema-graph\">{\"@context\":\"https:\/\/schema.org\",\"@graph\":[{\"@type\":\"WebPage\",\"@id\":\"https:\/\/www.onetimenexttime.sk\/arduino\/index.php\/produkt\/ultra-small-power-supply-module-dc-dc-buck-3a-mp1584-adjustable-buck-module-regulator-ultra-lm2596s\/\",\"url\":\"https:\/\/www.onetimenexttime.sk\/arduino\/index.php\/produkt\/ultra-small-power-supply-module-dc-dc-buck-3a-mp1584-adjustable-buck-module-regulator-ultra-lm2596s\/\",\"name\":\"Ultra-small power supply module DC \/ DC BUCK 3A MP1584 adjustable buck module regulator ultra LM2596S step down - Arduino e-shop\",\"isPartOf\":{\"@id\":\"https:\/\/www.onetimenexttime.sk\/arduino\/#website\"},\"primaryImageOfPage\":{\"@id\":\"https:\/\/www.onetimenexttime.sk\/arduino\/index.php\/produkt\/ultra-small-power-supply-module-dc-dc-buck-3a-mp1584-adjustable-buck-module-regulator-ultra-lm2596s\/#primaryimage\"},\"image\":{\"@id\":\"https:\/\/www.onetimenexttime.sk\/arduino\/index.php\/produkt\/ultra-small-power-supply-module-dc-dc-buck-3a-mp1584-adjustable-buck-module-regulator-ultra-lm2596s\/#primaryimage\"},\"thumbnailUrl\":\"https:\/\/www.onetimenexttime.sk\/arduino\/wp-content\/uploads\/2021\/10\/326.jpg\",\"datePublished\":\"2021-10-18T09:29:30+00:00\",\"dateModified\":\"2024-02-21T18:18:04+00:00\",\"breadcrumb\":{\"@id\":\"https:\/\/www.onetimenexttime.sk\/arduino\/index.php\/produkt\/ultra-small-power-supply-module-dc-dc-buck-3a-mp1584-adjustable-buck-module-regulator-ultra-lm2596s\/#breadcrumb\"},\"inLanguage\":\"sk-SK\",\"potentialAction\":[{\"@type\":\"ReadAction\",\"target\":[\"https:\/\/www.onetimenexttime.sk\/arduino\/index.php\/produkt\/ultra-small-power-supply-module-dc-dc-buck-3a-mp1584-adjustable-buck-module-regulator-ultra-lm2596s\/\"]}]},{\"@type\":\"ImageObject\",\"inLanguage\":\"sk-SK\",\"@id\":\"https:\/\/www.onetimenexttime.sk\/arduino\/index.php\/produkt\/ultra-small-power-supply-module-dc-dc-buck-3a-mp1584-adjustable-buck-module-regulator-ultra-lm2596s\/#primaryimage\",\"url\":\"https:\/\/www.onetimenexttime.sk\/arduino\/wp-content\/uploads\/2021\/10\/326.jpg\",\"contentUrl\":\"https:\/\/www.onetimenexttime.sk\/arduino\/wp-content\/uploads\/2021\/10\/326.jpg\",\"width\":504,\"height\":503},{\"@type\":\"BreadcrumbList\",\"@id\":\"https:\/\/www.onetimenexttime.sk\/arduino\/index.php\/produkt\/ultra-small-power-supply-module-dc-dc-buck-3a-mp1584-adjustable-buck-module-regulator-ultra-lm2596s\/#breadcrumb\",\"itemListElement\":[{\"@type\":\"ListItem\",\"position\":1,\"name\":\"Domov\",\"item\":\"https:\/\/www.onetimenexttime.sk\/arduino\/\"},{\"@type\":\"ListItem\",\"position\":2,\"name\":\"Obchod\",\"item\":\"https:\/\/www.onetimenexttime.sk\/arduino\/\"},{\"@type\":\"ListItem\",\"position\":3,\"name\":\"Ultra-small power supply module DC \/ DC BUCK 3A MP1584 adjustable buck module regulator ultra LM2596S step down\"}]},{\"@type\":\"WebSite\",\"@id\":\"https:\/\/www.onetimenexttime.sk\/arduino\/#website\",\"url\":\"https:\/\/www.onetimenexttime.sk\/arduino\/\",\"name\":\"Arduino e-shop\",\"description\":\"Home Assistant\",\"potentialAction\":[{\"@type\":\"SearchAction\",\"target\":{\"@type\":\"EntryPoint\",\"urlTemplate\":\"https:\/\/www.onetimenexttime.sk\/arduino\/?s={search_term_string}\"},\"query-input\":{\"@type\":\"PropertyValueSpecification\",\"valueRequired\":true,\"valueName\":\"search_term_string\"}}],\"inLanguage\":\"sk-SK\"}]}<\/script>\n<!-- \/ Yoast SEO plugin. -->","yoast_head_json":{"title":"Ultra-small power supply module DC \/ DC BUCK 3A MP1584 adjustable buck module regulator ultra LM2596S step down - Arduino e-shop","robots":{"index":"index","follow":"follow","max-snippet":"max-snippet:-1","max-image-preview":"max-image-preview:large","max-video-preview":"max-video-preview:-1"},"canonical":"https:\/\/www.onetimenexttime.sk\/arduino\/index.php\/produkt\/ultra-small-power-supply-module-dc-dc-buck-3a-mp1584-adjustable-buck-module-regulator-ultra-lm2596s\/","og_locale":"sk_SK","og_type":"article","og_title":"Ultra-small power supply module DC \/ DC BUCK 3A MP1584 adjustable buck module regulator ultra LM2596S step down - Arduino e-shop","og_description":"Ultra-mal\u00fd modul nap\u00e1jania DC\/DC Buck 3A MP1584 Popis: Ultra-mal\u00fd modul nap\u00e1jania MP1584 je DC\/DC bukov\u00fd meni\u010d, schopn\u00fd dod\u00e1va\u0165 a\u017e 3&hellip;","og_url":"https:\/\/www.onetimenexttime.sk\/arduino\/index.php\/produkt\/ultra-small-power-supply-module-dc-dc-buck-3a-mp1584-adjustable-buck-module-regulator-ultra-lm2596s\/","og_site_name":"Arduino e-shop","article_modified_time":"2024-02-21T18:18:04+00:00","og_image":[{"width":504,"height":503,"url":"https:\/\/www.onetimenexttime.sk\/arduino\/wp-content\/uploads\/2021\/10\/326.jpg","type":"image\/jpeg"}],"twitter_card":"summary_large_image","twitter_misc":{"Predpokladan\u00fd \u010das \u010d\u00edtania":"2 min\u00faty"},"schema":{"@context":"https:\/\/schema.org","@graph":[{"@type":"WebPage","@id":"https:\/\/www.onetimenexttime.sk\/arduino\/index.php\/produkt\/ultra-small-power-supply-module-dc-dc-buck-3a-mp1584-adjustable-buck-module-regulator-ultra-lm2596s\/","url":"https:\/\/www.onetimenexttime.sk\/arduino\/index.php\/produkt\/ultra-small-power-supply-module-dc-dc-buck-3a-mp1584-adjustable-buck-module-regulator-ultra-lm2596s\/","name":"Ultra-small power supply module DC \/ DC BUCK 3A MP1584 adjustable buck module regulator ultra LM2596S step down - Arduino e-shop","isPartOf":{"@id":"https:\/\/www.onetimenexttime.sk\/arduino\/#website"},"primaryImageOfPage":{"@id":"https:\/\/www.onetimenexttime.sk\/arduino\/index.php\/produkt\/ultra-small-power-supply-module-dc-dc-buck-3a-mp1584-adjustable-buck-module-regulator-ultra-lm2596s\/#primaryimage"},"image":{"@id":"https:\/\/www.onetimenexttime.sk\/arduino\/index.php\/produkt\/ultra-small-power-supply-module-dc-dc-buck-3a-mp1584-adjustable-buck-module-regulator-ultra-lm2596s\/#primaryimage"},"thumbnailUrl":"https:\/\/www.onetimenexttime.sk\/arduino\/wp-content\/uploads\/2021\/10\/326.jpg","datePublished":"2021-10-18T09:29:30+00:00","dateModified":"2024-02-21T18:18:04+00:00","breadcrumb":{"@id":"https:\/\/www.onetimenexttime.sk\/arduino\/index.php\/produkt\/ultra-small-power-supply-module-dc-dc-buck-3a-mp1584-adjustable-buck-module-regulator-ultra-lm2596s\/#breadcrumb"},"inLanguage":"sk-SK","potentialAction":[{"@type":"ReadAction","target":["https:\/\/www.onetimenexttime.sk\/arduino\/index.php\/produkt\/ultra-small-power-supply-module-dc-dc-buck-3a-mp1584-adjustable-buck-module-regulator-ultra-lm2596s\/"]}]},{"@type":"ImageObject","inLanguage":"sk-SK","@id":"https:\/\/www.onetimenexttime.sk\/arduino\/index.php\/produkt\/ultra-small-power-supply-module-dc-dc-buck-3a-mp1584-adjustable-buck-module-regulator-ultra-lm2596s\/#primaryimage","url":"https:\/\/www.onetimenexttime.sk\/arduino\/wp-content\/uploads\/2021\/10\/326.jpg","contentUrl":"https:\/\/www.onetimenexttime.sk\/arduino\/wp-content\/uploads\/2021\/10\/326.jpg","width":504,"height":503},{"@type":"BreadcrumbList","@id":"https:\/\/www.onetimenexttime.sk\/arduino\/index.php\/produkt\/ultra-small-power-supply-module-dc-dc-buck-3a-mp1584-adjustable-buck-module-regulator-ultra-lm2596s\/#breadcrumb","itemListElement":[{"@type":"ListItem","position":1,"name":"Domov","item":"https:\/\/www.onetimenexttime.sk\/arduino\/"},{"@type":"ListItem","position":2,"name":"Obchod","item":"https:\/\/www.onetimenexttime.sk\/arduino\/"},{"@type":"ListItem","position":3,"name":"Ultra-small power supply module DC \/ DC BUCK 3A MP1584 adjustable buck module regulator ultra LM2596S step down"}]},{"@type":"WebSite","@id":"https:\/\/www.onetimenexttime.sk\/arduino\/#website","url":"https:\/\/www.onetimenexttime.sk\/arduino\/","name":"Arduino e-shop","description":"Home Assistant","potentialAction":[{"@type":"SearchAction","target":{"@type":"EntryPoint","urlTemplate":"https:\/\/www.onetimenexttime.sk\/arduino\/?s={search_term_string}"},"query-input":{"@type":"PropertyValueSpecification","valueRequired":true,"valueName":"search_term_string"}}],"inLanguage":"sk-SK"}]}},"_links":{"self":[{"href":"https:\/\/www.onetimenexttime.sk\/arduino\/index.php\/wp-json\/wp\/v2\/product\/171"}],"collection":[{"href":"https:\/\/www.onetimenexttime.sk\/arduino\/index.php\/wp-json\/wp\/v2\/product"}],"about":[{"href":"https:\/\/www.onetimenexttime.sk\/arduino\/index.php\/wp-json\/wp\/v2\/types\/product"}],"wp:featuredmedia":[{"embeddable":true,"href":"https:\/\/www.onetimenexttime.sk\/arduino\/index.php\/wp-json\/wp\/v2\/media\/172"}],"wp:attachment":[{"href":"https:\/\/www.onetimenexttime.sk\/arduino\/index.php\/wp-json\/wp\/v2\/media?parent=171"}],"wp:term":[{"taxonomy":"product_cat","embeddable":true,"href":"https:\/\/www.onetimenexttime.sk\/arduino\/index.php\/wp-json\/wp\/v2\/product_cat?post=171"},{"taxonomy":"product_tag","embeddable":true,"href":"https:\/\/www.onetimenexttime.sk\/arduino\/index.php\/wp-json\/wp\/v2\/product_tag?post=171"}],"curies":[{"name":"wp","href":"https:\/\/api.w.org\/{rel}","templated":true}]}}