{"id":1684,"date":"2021-11-18T19:42:09","date_gmt":"2021-11-18T18:42:09","guid":{"rendered":"https:\/\/www.onetimenexttime.sk\/arduino\/?post_type=product&#038;p=1684"},"modified":"2021-11-18T19:45:38","modified_gmt":"2021-11-18T18:45:38","slug":"usb-to-rs232-ttl-uart-auto-converter-cable-adapter-module","status":"publish","type":"product","link":"https:\/\/www.onetimenexttime.sk\/arduino\/index.php\/produkt\/usb-to-rs232-ttl-uart-auto-converter-cable-adapter-module\/","title":{"rendered":"USB To RS232 TTL UART Auto Converter Cable Adapter Module"},"content":{"rendered":"<h2>Adapt\u00e9rov\u00fd modul k\u00e1bla s automatick\u00fdm prevodn\u00edkom USB na RS232 TTL UART<\/h2>\n<p>&nbsp;<\/p>\n<p>Riadkov\u00e1 sekvencia definovan\u00e1 \u010derven\u00e1 +5 V, \u010dierna GND, zelen\u00e1 RXD, biela TXD<br \/>\nPozn\u00e1mka: V\u00fdstup 3,3 V a 5,0 V je nastaven\u00fd (toto je nap\u00e1janie mikrokontrol\u00e9ra, upgradovacie stroje nepotrebuj\u00fa mal\u00fa dosku) odpojen\u00fd od po\u010d\u00edta\u010da, nastavte prepojky tak, aby sa nezap\u00ednali, aby nedo\u0161lo k po\u0161kodeniu zariadenia.<br \/>\nNespr\u00e1vne pripojenie ur\u010dite n\u00e1jdete defin\u00edcie pinov, najm\u00e4 GND nesmie by\u0165 pripojen\u00e1 k nap\u00e4tiu na kol\u00edku a termin\u00e1l RX a TX nie je pripojen\u00fd k kol\u00edku VCC (skuto\u010dn\u00e9 meranie nap\u00e4tia niektor\u00e9ho kol\u00edka VCC do 14V.) mus\u00ed by\u0165 sp\u00e1len\u00fd adapt\u00e9r k\u00e1bla \u010dip, ist\u00e1 pozn\u00e1mka, neberte si svoj vlastn\u00fd mal\u00fd tanier experimentova\u0165, alebo horie\u0165 Nie sme zodpovedn\u00ed. Defin\u00edcie pinov mus\u00edte n\u00e1js\u0165 v \u010fal\u0161om.<br \/>\nMet\u00f3da pripojenia: Opakovanie Kefa potrebuje iba tri linky, vo v\u0161eobecnosti pou\u017e\u00edvan\u00e9 v RX TX GND tri sign\u00e1lne linky, VCC bez pr\u00edstupu. Vy\u0161\u0161ie uveden\u00fd 4,5-ihlov\u00fd priate\u013e, nie je pripojen\u00fd k ihle VCC a BT. Pou\u017eite RXD pripojen\u00fd k cie\u013eovej doske TX f\u00e1za, TXD a cie\u013eov\u00e1 doska RX, GND pripojen\u00fd k GND ak nie, zame\u0148te RX a TX.<\/p>\n<p>N\u00e1zov: S\u0165ahovac\u00ed k\u00e1bel USB na TTL<br \/>\nFarba: \u010cierna<br \/>\nmateri\u00e1l: plast<br \/>\nD\u013a\u017eka: 1 meter<br \/>\n<strong>\u010cip: PL2303HX, PL2303TA<\/strong><br \/>\nDefin\u00edcia sekvencie liniek \u010derven\u00e1 +5v, \u010dierna GND, zelen\u00e1 TXD, biela RXD.<br \/>\nRe\u017eim prepojenia: RX na TX, TX na RX, zem-zem, funkcia USB na s\u00e9riov\u00fd port: jednoduch\u00fd s\u00e9riov\u00fd port, upgrade star\u00e9ho me\u010da na router alebo ADSL, s\u00e9riov\u00e1 komunik\u00e1cia GPS, upgrade star\u00e9ho me\u010da na pevn\u00fd disk. Jednoduch\u00e9 pou\u017eitie, RX je pripojen\u00fd k TX MCU a TX je pripojen\u00fd k RX MCU a je pripojen\u00fd k zemi, bez potreby konverzie MAX232.<br \/>\nV HyperTerminale sa be\u017ene pou\u017e\u00edvaj\u00fa s\u00e9riov\u00e9 ladiace n\u00e1stroje a na aktualiz\u00e1ciu sa pou\u017e\u00edvaj\u00fa r\u00f4zne satelity.<\/p>\n<p>Obsah balenia: 1ks x linka na stiahnutie<\/p>\n<p>Iba vy\u0161\u0161ie uveden\u00fd obsah balenia, ostatn\u00e9 produkty nie s\u00fa zahrnut\u00e9.<br \/>\nPozn\u00e1mka: Sn\u00edmanie svetla a r\u00f4zne zobrazenia m\u00f4\u017eu sp\u00f4sobi\u0165, \u017ee farba polo\u017eky na obr\u00e1zku sa bude trochu l\u00ed\u0161i\u0165 od skuto\u010dnej veci. Povolen\u00e1 chyba merania je +\/- 1-3 cm.<\/p>\n","protected":false},"excerpt":{"rendered":"<p>Adapt\u00e9rov\u00fd modul k\u00e1bla s automatick\u00fdm prevodn\u00edkom USB na RS232 TTL UART &nbsp; Riadkov\u00e1 sekvencia definovan\u00e1 \u010derven\u00e1 +5 V, \u010dierna GND,&hellip;<\/p>\n","protected":false},"featured_media":1685,"template":"","meta":{"_monsterinsights_skip_tracking":false,"_monsterinsights_sitenote_active":false,"_monsterinsights_sitenote_note":"","_monsterinsights_sitenote_category":0},"product_cat":[16,80,30],"product_tag":[],"class_list":{"0":"post-1684","1":"product","2":"type-product","3":"status-publish","4":"has-post-thumbnail","6":"product_cat-ard","7":"product_cat-i2c","8":"product_cat-programovanie","10":"first","11":"instock","12":"sale","13":"shipping-taxable","14":"purchasable","15":"product-type-simple"},"yoast_head":"<!-- This site is optimized with the Yoast SEO plugin v23.6 - https:\/\/yoast.com\/wordpress\/plugins\/seo\/ -->\n<title>USB To RS232 TTL UART Auto Converter Cable Adapter Module - Arduino e-shop<\/title>\n<meta name=\"robots\" content=\"index, follow, max-snippet:-1, max-image-preview:large, max-video-preview:-1\" \/>\n<link rel=\"canonical\" href=\"https:\/\/www.onetimenexttime.sk\/arduino\/index.php\/produkt\/usb-to-rs232-ttl-uart-auto-converter-cable-adapter-module\/\" \/>\n<meta property=\"og:locale\" content=\"sk_SK\" \/>\n<meta property=\"og:type\" content=\"article\" \/>\n<meta property=\"og:title\" content=\"USB To RS232 TTL UART Auto Converter Cable Adapter Module - Arduino e-shop\" \/>\n<meta property=\"og:description\" content=\"Adapt\u00e9rov\u00fd modul k\u00e1bla s automatick\u00fdm prevodn\u00edkom USB na RS232 TTL UART &nbsp; Riadkov\u00e1 sekvencia definovan\u00e1 \u010derven\u00e1 +5 V, \u010dierna GND,&hellip;\" \/>\n<meta property=\"og:url\" content=\"https:\/\/www.onetimenexttime.sk\/arduino\/index.php\/produkt\/usb-to-rs232-ttl-uart-auto-converter-cable-adapter-module\/\" \/>\n<meta property=\"og:site_name\" content=\"Arduino e-shop\" \/>\n<meta property=\"article:modified_time\" content=\"2021-11-18T18:45:38+00:00\" \/>\n<meta property=\"og:image\" content=\"https:\/\/www.onetimenexttime.sk\/arduino\/wp-content\/uploads\/2021\/11\/731.jpg\" \/>\n\t<meta property=\"og:image:width\" content=\"476\" \/>\n\t<meta property=\"og:image:height\" content=\"475\" \/>\n\t<meta property=\"og:image:type\" content=\"image\/jpeg\" \/>\n<meta name=\"twitter:card\" content=\"summary_large_image\" \/>\n<meta name=\"twitter:label1\" content=\"Predpokladan\u00fd \u010das \u010d\u00edtania\" \/>\n\t<meta name=\"twitter:data1\" content=\"2 min\u00faty\" \/>\n<script type=\"application\/ld+json\" class=\"yoast-schema-graph\">{\"@context\":\"https:\/\/schema.org\",\"@graph\":[{\"@type\":\"WebPage\",\"@id\":\"https:\/\/www.onetimenexttime.sk\/arduino\/index.php\/produkt\/usb-to-rs232-ttl-uart-auto-converter-cable-adapter-module\/\",\"url\":\"https:\/\/www.onetimenexttime.sk\/arduino\/index.php\/produkt\/usb-to-rs232-ttl-uart-auto-converter-cable-adapter-module\/\",\"name\":\"USB To RS232 TTL UART Auto Converter Cable Adapter Module - Arduino e-shop\",\"isPartOf\":{\"@id\":\"https:\/\/www.onetimenexttime.sk\/arduino\/#website\"},\"primaryImageOfPage\":{\"@id\":\"https:\/\/www.onetimenexttime.sk\/arduino\/index.php\/produkt\/usb-to-rs232-ttl-uart-auto-converter-cable-adapter-module\/#primaryimage\"},\"image\":{\"@id\":\"https:\/\/www.onetimenexttime.sk\/arduino\/index.php\/produkt\/usb-to-rs232-ttl-uart-auto-converter-cable-adapter-module\/#primaryimage\"},\"thumbnailUrl\":\"https:\/\/www.onetimenexttime.sk\/arduino\/wp-content\/uploads\/2021\/11\/731.jpg\",\"datePublished\":\"2021-11-18T18:42:09+00:00\",\"dateModified\":\"2021-11-18T18:45:38+00:00\",\"breadcrumb\":{\"@id\":\"https:\/\/www.onetimenexttime.sk\/arduino\/index.php\/produkt\/usb-to-rs232-ttl-uart-auto-converter-cable-adapter-module\/#breadcrumb\"},\"inLanguage\":\"sk-SK\",\"potentialAction\":[{\"@type\":\"ReadAction\",\"target\":[\"https:\/\/www.onetimenexttime.sk\/arduino\/index.php\/produkt\/usb-to-rs232-ttl-uart-auto-converter-cable-adapter-module\/\"]}]},{\"@type\":\"ImageObject\",\"inLanguage\":\"sk-SK\",\"@id\":\"https:\/\/www.onetimenexttime.sk\/arduino\/index.php\/produkt\/usb-to-rs232-ttl-uart-auto-converter-cable-adapter-module\/#primaryimage\",\"url\":\"https:\/\/www.onetimenexttime.sk\/arduino\/wp-content\/uploads\/2021\/11\/731.jpg\",\"contentUrl\":\"https:\/\/www.onetimenexttime.sk\/arduino\/wp-content\/uploads\/2021\/11\/731.jpg\",\"width\":476,\"height\":475},{\"@type\":\"BreadcrumbList\",\"@id\":\"https:\/\/www.onetimenexttime.sk\/arduino\/index.php\/produkt\/usb-to-rs232-ttl-uart-auto-converter-cable-adapter-module\/#breadcrumb\",\"itemListElement\":[{\"@type\":\"ListItem\",\"position\":1,\"name\":\"Domov\",\"item\":\"https:\/\/www.onetimenexttime.sk\/arduino\/\"},{\"@type\":\"ListItem\",\"position\":2,\"name\":\"Obchod\",\"item\":\"https:\/\/www.onetimenexttime.sk\/arduino\/\"},{\"@type\":\"ListItem\",\"position\":3,\"name\":\"USB To RS232 TTL UART Auto Converter Cable Adapter Module\"}]},{\"@type\":\"WebSite\",\"@id\":\"https:\/\/www.onetimenexttime.sk\/arduino\/#website\",\"url\":\"https:\/\/www.onetimenexttime.sk\/arduino\/\",\"name\":\"Arduino e-shop\",\"description\":\"Home Assistant\",\"potentialAction\":[{\"@type\":\"SearchAction\",\"target\":{\"@type\":\"EntryPoint\",\"urlTemplate\":\"https:\/\/www.onetimenexttime.sk\/arduino\/?s={search_term_string}\"},\"query-input\":{\"@type\":\"PropertyValueSpecification\",\"valueRequired\":true,\"valueName\":\"search_term_string\"}}],\"inLanguage\":\"sk-SK\"}]}<\/script>\n<!-- \/ Yoast SEO plugin. -->","yoast_head_json":{"title":"USB To RS232 TTL UART Auto Converter Cable Adapter Module - Arduino e-shop","robots":{"index":"index","follow":"follow","max-snippet":"max-snippet:-1","max-image-preview":"max-image-preview:large","max-video-preview":"max-video-preview:-1"},"canonical":"https:\/\/www.onetimenexttime.sk\/arduino\/index.php\/produkt\/usb-to-rs232-ttl-uart-auto-converter-cable-adapter-module\/","og_locale":"sk_SK","og_type":"article","og_title":"USB To RS232 TTL UART Auto Converter Cable Adapter Module - Arduino e-shop","og_description":"Adapt\u00e9rov\u00fd modul k\u00e1bla s automatick\u00fdm prevodn\u00edkom USB na RS232 TTL UART &nbsp; Riadkov\u00e1 sekvencia definovan\u00e1 \u010derven\u00e1 +5 V, \u010dierna GND,&hellip;","og_url":"https:\/\/www.onetimenexttime.sk\/arduino\/index.php\/produkt\/usb-to-rs232-ttl-uart-auto-converter-cable-adapter-module\/","og_site_name":"Arduino e-shop","article_modified_time":"2021-11-18T18:45:38+00:00","og_image":[{"width":476,"height":475,"url":"https:\/\/www.onetimenexttime.sk\/arduino\/wp-content\/uploads\/2021\/11\/731.jpg","type":"image\/jpeg"}],"twitter_card":"summary_large_image","twitter_misc":{"Predpokladan\u00fd \u010das \u010d\u00edtania":"2 min\u00faty"},"schema":{"@context":"https:\/\/schema.org","@graph":[{"@type":"WebPage","@id":"https:\/\/www.onetimenexttime.sk\/arduino\/index.php\/produkt\/usb-to-rs232-ttl-uart-auto-converter-cable-adapter-module\/","url":"https:\/\/www.onetimenexttime.sk\/arduino\/index.php\/produkt\/usb-to-rs232-ttl-uart-auto-converter-cable-adapter-module\/","name":"USB To RS232 TTL UART Auto Converter Cable Adapter Module - Arduino e-shop","isPartOf":{"@id":"https:\/\/www.onetimenexttime.sk\/arduino\/#website"},"primaryImageOfPage":{"@id":"https:\/\/www.onetimenexttime.sk\/arduino\/index.php\/produkt\/usb-to-rs232-ttl-uart-auto-converter-cable-adapter-module\/#primaryimage"},"image":{"@id":"https:\/\/www.onetimenexttime.sk\/arduino\/index.php\/produkt\/usb-to-rs232-ttl-uart-auto-converter-cable-adapter-module\/#primaryimage"},"thumbnailUrl":"https:\/\/www.onetimenexttime.sk\/arduino\/wp-content\/uploads\/2021\/11\/731.jpg","datePublished":"2021-11-18T18:42:09+00:00","dateModified":"2021-11-18T18:45:38+00:00","breadcrumb":{"@id":"https:\/\/www.onetimenexttime.sk\/arduino\/index.php\/produkt\/usb-to-rs232-ttl-uart-auto-converter-cable-adapter-module\/#breadcrumb"},"inLanguage":"sk-SK","potentialAction":[{"@type":"ReadAction","target":["https:\/\/www.onetimenexttime.sk\/arduino\/index.php\/produkt\/usb-to-rs232-ttl-uart-auto-converter-cable-adapter-module\/"]}]},{"@type":"ImageObject","inLanguage":"sk-SK","@id":"https:\/\/www.onetimenexttime.sk\/arduino\/index.php\/produkt\/usb-to-rs232-ttl-uart-auto-converter-cable-adapter-module\/#primaryimage","url":"https:\/\/www.onetimenexttime.sk\/arduino\/wp-content\/uploads\/2021\/11\/731.jpg","contentUrl":"https:\/\/www.onetimenexttime.sk\/arduino\/wp-content\/uploads\/2021\/11\/731.jpg","width":476,"height":475},{"@type":"BreadcrumbList","@id":"https:\/\/www.onetimenexttime.sk\/arduino\/index.php\/produkt\/usb-to-rs232-ttl-uart-auto-converter-cable-adapter-module\/#breadcrumb","itemListElement":[{"@type":"ListItem","position":1,"name":"Domov","item":"https:\/\/www.onetimenexttime.sk\/arduino\/"},{"@type":"ListItem","position":2,"name":"Obchod","item":"https:\/\/www.onetimenexttime.sk\/arduino\/"},{"@type":"ListItem","position":3,"name":"USB To RS232 TTL UART Auto Converter Cable Adapter Module"}]},{"@type":"WebSite","@id":"https:\/\/www.onetimenexttime.sk\/arduino\/#website","url":"https:\/\/www.onetimenexttime.sk\/arduino\/","name":"Arduino e-shop","description":"Home Assistant","potentialAction":[{"@type":"SearchAction","target":{"@type":"EntryPoint","urlTemplate":"https:\/\/www.onetimenexttime.sk\/arduino\/?s={search_term_string}"},"query-input":{"@type":"PropertyValueSpecification","valueRequired":true,"valueName":"search_term_string"}}],"inLanguage":"sk-SK"}]}},"_links":{"self":[{"href":"https:\/\/www.onetimenexttime.sk\/arduino\/index.php\/wp-json\/wp\/v2\/product\/1684"}],"collection":[{"href":"https:\/\/www.onetimenexttime.sk\/arduino\/index.php\/wp-json\/wp\/v2\/product"}],"about":[{"href":"https:\/\/www.onetimenexttime.sk\/arduino\/index.php\/wp-json\/wp\/v2\/types\/product"}],"wp:featuredmedia":[{"embeddable":true,"href":"https:\/\/www.onetimenexttime.sk\/arduino\/index.php\/wp-json\/wp\/v2\/media\/1685"}],"wp:attachment":[{"href":"https:\/\/www.onetimenexttime.sk\/arduino\/index.php\/wp-json\/wp\/v2\/media?parent=1684"}],"wp:term":[{"taxonomy":"product_cat","embeddable":true,"href":"https:\/\/www.onetimenexttime.sk\/arduino\/index.php\/wp-json\/wp\/v2\/product_cat?post=1684"},{"taxonomy":"product_tag","embeddable":true,"href":"https:\/\/www.onetimenexttime.sk\/arduino\/index.php\/wp-json\/wp\/v2\/product_tag?post=1684"}],"curies":[{"name":"wp","href":"https:\/\/api.w.org\/{rel}","templated":true}]}}