{"id":1673,"date":"2021-11-18T19:04:18","date_gmt":"2021-11-18T18:04:18","guid":{"rendered":"https:\/\/www.onetimenexttime.sk\/arduino\/?post_type=product&#038;p=1673"},"modified":"2021-11-18T19:07:56","modified_gmt":"2021-11-18T18:07:56","slug":"cp2102-usb-2-0-to-ttl-uart-module-6pin-serial-converter-stc-replace-ft232-for-debug-programmer-download-firmware","status":"publish","type":"product","link":"https:\/\/www.onetimenexttime.sk\/arduino\/index.php\/produkt\/cp2102-usb-2-0-to-ttl-uart-module-6pin-serial-converter-stc-replace-ft232-for-debug-programmer-download-firmware\/","title":{"rendered":"CP2102 USB 2.0 To TTL UART Module 6Pin Serial Converter STC Replace FT232 For Debug Programmer Download Firmware"},"content":{"rendered":"<h2>CP2102 USB 2.0 na modul TTL UART 6kol\u00edkov\u00fd s\u00e9riov\u00fd konvertor STC Nahradi\u0165 FT232 pre ladiaci program\u00e1tor Stiahnu\u0165 firmv\u00e9r<\/h2>\n<p><strong>Vlastnosti<\/strong><br \/>\nRozmery dosky plo\u0161n\u00fdch spojov: 26,5 mm * 15,6 mm<br \/>\nFarba PCB: \u010cierna<br \/>\nHmotnos\u0165: 4g<br \/>\npomocou novej tov\u00e1rne na \u010dipy v roku 2013 CP2102<br \/>\nso samoobnovovacou poistkou. V pr\u00edpade n\u00e1hodn\u00e9ho skratu dok\u00e1\u017ee \u00fa\u010dinne chr\u00e1ni\u0165 USB port v\u00e1\u0161ho po\u010d\u00edta\u010da a Downloader<br \/>\ns tromi LED di\u00f3dami: indik\u00e1tor nap\u00e1jania, indik\u00e1tor pr\u00edjmu d\u00e1t, indik\u00e1tor prenosu d\u00e1t, pracovn\u00fd stav<br \/>\ns 3,3V a 5V du\u00e1lnym v\u00fdstupn\u00fdm v\u00fdkonom<br \/>\npin vedie k najr\u00f4znej\u0161\u00edm u\u017eito\u010dn\u00fdm<br \/>\ns v\u00fdstupom reset sign\u00e1lu a pod. priamo na dosku FOR ARDUINO Promini download!<br \/>\nPodporovan\u00e9 opera\u010dn\u00e9 syst\u00e9my:<br \/>\nWindows 98\/Me\/2000\/XP\/7<br \/>\nOS-9<br \/>\nOS<br \/>\nX-Windows CE<br \/>\nLinux 2.40 alebo nov\u0161\u00ed<br \/>\nCP2102 s vysokou integr\u00e1ciou, vstavan\u00fdm ovl\u00e1da\u010dom plnej r\u00fdchlosti USB2.0, USB transceiverom, kry\u0161t\u00e1lov\u00fdm oscil\u00e1torom, EEPROM a asynchr\u00f3nnou s\u00e9riovou d\u00e1tovou zbernicou (UART), podporuje plnohodnotn\u00e9 modemov\u00e9 sign\u00e1ly bez ak\u00e9hoko\u013evek extern\u00e9ho USB zariadenia. CP2102 s in\u00fdm obvodom adapt\u00e9ra USB-UART funguje podobne ako PC cez USB port ovl\u00e1da\u010da do virtu\u00e1lneho COM portu, aby sa dosiahol \u00fa\u010del roz\u0161\u00edrenia.<\/p>\n<p><strong>Parametre<\/strong><\/p>\n<p>Zahrnut\u00fd USB transceiver, bez extern\u00e9ho obvodov\u00e9ho zariadenia<br \/>\nobsahuje hodinov\u00fd obvod, \u017eiadne vonkaj\u0161ie obvody nie s\u00fa<br \/>\nobsahuje obvod resetovania pri zapnut\u00ed<br \/>\nchip 3,3V v\u00fdstupn\u00e9 nap\u00e4tie regul\u00e1tora nap\u00e4tia m\u00f4\u017ee by\u0165<br \/>\nSp\u013a\u0148ajte po\u017eiadavky \u0161pecifik\u00e1cie USB2.0<br \/>\nKol\u00edk SUSPEND podporuje stav pozastavenia USB<br \/>\nasynchr\u00f3nna s\u00e9riov\u00e1 d\u00e1tov\u00e1 zbernica kompatibiln\u00e1 so v\u0161etk\u00fdmi sign\u00e1lmi rozhrania handshake a modul\u00e1cie<br \/>\nPodporovan\u00fd d\u00e1tov\u00fd form\u00e1t je 8 d\u00e1tov\u00fdch bitov, 1 stop bit a paritn\u00e9 bity<br \/>\nkonot\u00e1cia 512 bajtov\u00e1 vyrovn\u00e1vacia pam\u00e4\u0165 na prij\u00edmanie a 512 bajtov\u00e1 vyrovn\u00e1vacia pam\u00e4\u0165 na vysielanie<br \/>\nPodporuje hardv\u00e9rov\u00e9 \u200b\u200bhandshaking alebo X-ON\/X-OFF<\/p>\n","protected":false},"excerpt":{"rendered":"<p>CP2102 USB 2.0 na modul TTL UART 6kol\u00edkov\u00fd s\u00e9riov\u00fd konvertor STC Nahradi\u0165 FT232 pre ladiaci program\u00e1tor Stiahnu\u0165 firmv\u00e9r Vlastnosti Rozmery&hellip;<\/p>\n","protected":false},"featured_media":1674,"template":"","meta":{"_monsterinsights_skip_tracking":false,"_monsterinsights_sitenote_active":false,"_monsterinsights_sitenote_note":"","_monsterinsights_sitenote_category":0},"product_cat":[16,80,30],"product_tag":[],"class_list":{"0":"post-1673","1":"product","2":"type-product","3":"status-publish","4":"has-post-thumbnail","6":"product_cat-ard","7":"product_cat-i2c","8":"product_cat-programovanie","10":"first","11":"instock","12":"shipping-taxable","13":"purchasable","14":"product-type-simple"},"yoast_head":"<!-- This site is optimized with the Yoast SEO plugin v23.6 - https:\/\/yoast.com\/wordpress\/plugins\/seo\/ -->\n<title>CP2102 USB 2.0 To TTL UART Module 6Pin Serial Converter STC Replace FT232 For Debug Programmer Download Firmware - Arduino e-shop<\/title>\n<meta name=\"robots\" content=\"index, follow, max-snippet:-1, max-image-preview:large, max-video-preview:-1\" \/>\n<link rel=\"canonical\" href=\"https:\/\/www.onetimenexttime.sk\/arduino\/index.php\/produkt\/cp2102-usb-2-0-to-ttl-uart-module-6pin-serial-converter-stc-replace-ft232-for-debug-programmer-download-firmware\/\" \/>\n<meta property=\"og:locale\" content=\"sk_SK\" \/>\n<meta property=\"og:type\" content=\"article\" \/>\n<meta property=\"og:title\" content=\"CP2102 USB 2.0 To TTL UART Module 6Pin Serial Converter STC Replace FT232 For Debug Programmer Download Firmware - Arduino e-shop\" \/>\n<meta property=\"og:description\" content=\"CP2102 USB 2.0 na modul TTL UART 6kol\u00edkov\u00fd s\u00e9riov\u00fd konvertor STC Nahradi\u0165 FT232 pre ladiaci program\u00e1tor Stiahnu\u0165 firmv\u00e9r Vlastnosti Rozmery&hellip;\" \/>\n<meta property=\"og:url\" content=\"https:\/\/www.onetimenexttime.sk\/arduino\/index.php\/produkt\/cp2102-usb-2-0-to-ttl-uart-module-6pin-serial-converter-stc-replace-ft232-for-debug-programmer-download-firmware\/\" \/>\n<meta property=\"og:site_name\" content=\"Arduino e-shop\" \/>\n<meta property=\"article:modified_time\" content=\"2021-11-18T18:07:56+00:00\" \/>\n<meta property=\"og:image\" content=\"https:\/\/www.onetimenexttime.sk\/arduino\/wp-content\/uploads\/2021\/11\/721.jpg\" \/>\n\t<meta property=\"og:image:width\" content=\"506\" \/>\n\t<meta property=\"og:image:height\" content=\"508\" \/>\n\t<meta property=\"og:image:type\" content=\"image\/jpeg\" \/>\n<meta name=\"twitter:card\" content=\"summary_large_image\" \/>\n<meta name=\"twitter:label1\" content=\"Predpokladan\u00fd \u010das \u010d\u00edtania\" \/>\n\t<meta name=\"twitter:data1\" content=\"2 min\u00faty\" \/>\n<script type=\"application\/ld+json\" class=\"yoast-schema-graph\">{\"@context\":\"https:\/\/schema.org\",\"@graph\":[{\"@type\":\"WebPage\",\"@id\":\"https:\/\/www.onetimenexttime.sk\/arduino\/index.php\/produkt\/cp2102-usb-2-0-to-ttl-uart-module-6pin-serial-converter-stc-replace-ft232-for-debug-programmer-download-firmware\/\",\"url\":\"https:\/\/www.onetimenexttime.sk\/arduino\/index.php\/produkt\/cp2102-usb-2-0-to-ttl-uart-module-6pin-serial-converter-stc-replace-ft232-for-debug-programmer-download-firmware\/\",\"name\":\"CP2102 USB 2.0 To TTL UART Module 6Pin Serial Converter STC Replace FT232 For Debug Programmer Download Firmware - Arduino e-shop\",\"isPartOf\":{\"@id\":\"https:\/\/www.onetimenexttime.sk\/arduino\/#website\"},\"primaryImageOfPage\":{\"@id\":\"https:\/\/www.onetimenexttime.sk\/arduino\/index.php\/produkt\/cp2102-usb-2-0-to-ttl-uart-module-6pin-serial-converter-stc-replace-ft232-for-debug-programmer-download-firmware\/#primaryimage\"},\"image\":{\"@id\":\"https:\/\/www.onetimenexttime.sk\/arduino\/index.php\/produkt\/cp2102-usb-2-0-to-ttl-uart-module-6pin-serial-converter-stc-replace-ft232-for-debug-programmer-download-firmware\/#primaryimage\"},\"thumbnailUrl\":\"https:\/\/www.onetimenexttime.sk\/arduino\/wp-content\/uploads\/2021\/11\/721.jpg\",\"datePublished\":\"2021-11-18T18:04:18+00:00\",\"dateModified\":\"2021-11-18T18:07:56+00:00\",\"breadcrumb\":{\"@id\":\"https:\/\/www.onetimenexttime.sk\/arduino\/index.php\/produkt\/cp2102-usb-2-0-to-ttl-uart-module-6pin-serial-converter-stc-replace-ft232-for-debug-programmer-download-firmware\/#breadcrumb\"},\"inLanguage\":\"sk-SK\",\"potentialAction\":[{\"@type\":\"ReadAction\",\"target\":[\"https:\/\/www.onetimenexttime.sk\/arduino\/index.php\/produkt\/cp2102-usb-2-0-to-ttl-uart-module-6pin-serial-converter-stc-replace-ft232-for-debug-programmer-download-firmware\/\"]}]},{\"@type\":\"ImageObject\",\"inLanguage\":\"sk-SK\",\"@id\":\"https:\/\/www.onetimenexttime.sk\/arduino\/index.php\/produkt\/cp2102-usb-2-0-to-ttl-uart-module-6pin-serial-converter-stc-replace-ft232-for-debug-programmer-download-firmware\/#primaryimage\",\"url\":\"https:\/\/www.onetimenexttime.sk\/arduino\/wp-content\/uploads\/2021\/11\/721.jpg\",\"contentUrl\":\"https:\/\/www.onetimenexttime.sk\/arduino\/wp-content\/uploads\/2021\/11\/721.jpg\",\"width\":506,\"height\":508},{\"@type\":\"BreadcrumbList\",\"@id\":\"https:\/\/www.onetimenexttime.sk\/arduino\/index.php\/produkt\/cp2102-usb-2-0-to-ttl-uart-module-6pin-serial-converter-stc-replace-ft232-for-debug-programmer-download-firmware\/#breadcrumb\",\"itemListElement\":[{\"@type\":\"ListItem\",\"position\":1,\"name\":\"Domov\",\"item\":\"https:\/\/www.onetimenexttime.sk\/arduino\/\"},{\"@type\":\"ListItem\",\"position\":2,\"name\":\"Obchod\",\"item\":\"https:\/\/www.onetimenexttime.sk\/arduino\/\"},{\"@type\":\"ListItem\",\"position\":3,\"name\":\"CP2102 USB 2.0 To TTL UART Module 6Pin Serial Converter STC Replace FT232 For Debug Programmer Download Firmware\"}]},{\"@type\":\"WebSite\",\"@id\":\"https:\/\/www.onetimenexttime.sk\/arduino\/#website\",\"url\":\"https:\/\/www.onetimenexttime.sk\/arduino\/\",\"name\":\"Arduino e-shop\",\"description\":\"Home Assistant\",\"potentialAction\":[{\"@type\":\"SearchAction\",\"target\":{\"@type\":\"EntryPoint\",\"urlTemplate\":\"https:\/\/www.onetimenexttime.sk\/arduino\/?s={search_term_string}\"},\"query-input\":{\"@type\":\"PropertyValueSpecification\",\"valueRequired\":true,\"valueName\":\"search_term_string\"}}],\"inLanguage\":\"sk-SK\"}]}<\/script>\n<!-- \/ Yoast SEO plugin. -->","yoast_head_json":{"title":"CP2102 USB 2.0 To TTL UART Module 6Pin Serial Converter STC Replace FT232 For Debug Programmer Download Firmware - Arduino e-shop","robots":{"index":"index","follow":"follow","max-snippet":"max-snippet:-1","max-image-preview":"max-image-preview:large","max-video-preview":"max-video-preview:-1"},"canonical":"https:\/\/www.onetimenexttime.sk\/arduino\/index.php\/produkt\/cp2102-usb-2-0-to-ttl-uart-module-6pin-serial-converter-stc-replace-ft232-for-debug-programmer-download-firmware\/","og_locale":"sk_SK","og_type":"article","og_title":"CP2102 USB 2.0 To TTL UART Module 6Pin Serial Converter STC Replace FT232 For Debug Programmer Download Firmware - Arduino e-shop","og_description":"CP2102 USB 2.0 na modul TTL UART 6kol\u00edkov\u00fd s\u00e9riov\u00fd konvertor STC Nahradi\u0165 FT232 pre ladiaci program\u00e1tor Stiahnu\u0165 firmv\u00e9r Vlastnosti Rozmery&hellip;","og_url":"https:\/\/www.onetimenexttime.sk\/arduino\/index.php\/produkt\/cp2102-usb-2-0-to-ttl-uart-module-6pin-serial-converter-stc-replace-ft232-for-debug-programmer-download-firmware\/","og_site_name":"Arduino e-shop","article_modified_time":"2021-11-18T18:07:56+00:00","og_image":[{"width":506,"height":508,"url":"https:\/\/www.onetimenexttime.sk\/arduino\/wp-content\/uploads\/2021\/11\/721.jpg","type":"image\/jpeg"}],"twitter_card":"summary_large_image","twitter_misc":{"Predpokladan\u00fd \u010das \u010d\u00edtania":"2 min\u00faty"},"schema":{"@context":"https:\/\/schema.org","@graph":[{"@type":"WebPage","@id":"https:\/\/www.onetimenexttime.sk\/arduino\/index.php\/produkt\/cp2102-usb-2-0-to-ttl-uart-module-6pin-serial-converter-stc-replace-ft232-for-debug-programmer-download-firmware\/","url":"https:\/\/www.onetimenexttime.sk\/arduino\/index.php\/produkt\/cp2102-usb-2-0-to-ttl-uart-module-6pin-serial-converter-stc-replace-ft232-for-debug-programmer-download-firmware\/","name":"CP2102 USB 2.0 To TTL UART Module 6Pin Serial Converter STC Replace FT232 For Debug Programmer Download Firmware - Arduino e-shop","isPartOf":{"@id":"https:\/\/www.onetimenexttime.sk\/arduino\/#website"},"primaryImageOfPage":{"@id":"https:\/\/www.onetimenexttime.sk\/arduino\/index.php\/produkt\/cp2102-usb-2-0-to-ttl-uart-module-6pin-serial-converter-stc-replace-ft232-for-debug-programmer-download-firmware\/#primaryimage"},"image":{"@id":"https:\/\/www.onetimenexttime.sk\/arduino\/index.php\/produkt\/cp2102-usb-2-0-to-ttl-uart-module-6pin-serial-converter-stc-replace-ft232-for-debug-programmer-download-firmware\/#primaryimage"},"thumbnailUrl":"https:\/\/www.onetimenexttime.sk\/arduino\/wp-content\/uploads\/2021\/11\/721.jpg","datePublished":"2021-11-18T18:04:18+00:00","dateModified":"2021-11-18T18:07:56+00:00","breadcrumb":{"@id":"https:\/\/www.onetimenexttime.sk\/arduino\/index.php\/produkt\/cp2102-usb-2-0-to-ttl-uart-module-6pin-serial-converter-stc-replace-ft232-for-debug-programmer-download-firmware\/#breadcrumb"},"inLanguage":"sk-SK","potentialAction":[{"@type":"ReadAction","target":["https:\/\/www.onetimenexttime.sk\/arduino\/index.php\/produkt\/cp2102-usb-2-0-to-ttl-uart-module-6pin-serial-converter-stc-replace-ft232-for-debug-programmer-download-firmware\/"]}]},{"@type":"ImageObject","inLanguage":"sk-SK","@id":"https:\/\/www.onetimenexttime.sk\/arduino\/index.php\/produkt\/cp2102-usb-2-0-to-ttl-uart-module-6pin-serial-converter-stc-replace-ft232-for-debug-programmer-download-firmware\/#primaryimage","url":"https:\/\/www.onetimenexttime.sk\/arduino\/wp-content\/uploads\/2021\/11\/721.jpg","contentUrl":"https:\/\/www.onetimenexttime.sk\/arduino\/wp-content\/uploads\/2021\/11\/721.jpg","width":506,"height":508},{"@type":"BreadcrumbList","@id":"https:\/\/www.onetimenexttime.sk\/arduino\/index.php\/produkt\/cp2102-usb-2-0-to-ttl-uart-module-6pin-serial-converter-stc-replace-ft232-for-debug-programmer-download-firmware\/#breadcrumb","itemListElement":[{"@type":"ListItem","position":1,"name":"Domov","item":"https:\/\/www.onetimenexttime.sk\/arduino\/"},{"@type":"ListItem","position":2,"name":"Obchod","item":"https:\/\/www.onetimenexttime.sk\/arduino\/"},{"@type":"ListItem","position":3,"name":"CP2102 USB 2.0 To TTL UART Module 6Pin Serial Converter STC Replace FT232 For Debug Programmer Download Firmware"}]},{"@type":"WebSite","@id":"https:\/\/www.onetimenexttime.sk\/arduino\/#website","url":"https:\/\/www.onetimenexttime.sk\/arduino\/","name":"Arduino e-shop","description":"Home Assistant","potentialAction":[{"@type":"SearchAction","target":{"@type":"EntryPoint","urlTemplate":"https:\/\/www.onetimenexttime.sk\/arduino\/?s={search_term_string}"},"query-input":{"@type":"PropertyValueSpecification","valueRequired":true,"valueName":"search_term_string"}}],"inLanguage":"sk-SK"}]}},"_links":{"self":[{"href":"https:\/\/www.onetimenexttime.sk\/arduino\/index.php\/wp-json\/wp\/v2\/product\/1673"}],"collection":[{"href":"https:\/\/www.onetimenexttime.sk\/arduino\/index.php\/wp-json\/wp\/v2\/product"}],"about":[{"href":"https:\/\/www.onetimenexttime.sk\/arduino\/index.php\/wp-json\/wp\/v2\/types\/product"}],"wp:featuredmedia":[{"embeddable":true,"href":"https:\/\/www.onetimenexttime.sk\/arduino\/index.php\/wp-json\/wp\/v2\/media\/1674"}],"wp:attachment":[{"href":"https:\/\/www.onetimenexttime.sk\/arduino\/index.php\/wp-json\/wp\/v2\/media?parent=1673"}],"wp:term":[{"taxonomy":"product_cat","embeddable":true,"href":"https:\/\/www.onetimenexttime.sk\/arduino\/index.php\/wp-json\/wp\/v2\/product_cat?post=1673"},{"taxonomy":"product_tag","embeddable":true,"href":"https:\/\/www.onetimenexttime.sk\/arduino\/index.php\/wp-json\/wp\/v2\/product_tag?post=1673"}],"curies":[{"name":"wp","href":"https:\/\/api.w.org\/{rel}","templated":true}]}}