{"id":1671,"date":"2021-11-18T18:58:58","date_gmt":"2021-11-18T17:58:58","guid":{"rendered":"https:\/\/www.onetimenexttime.sk\/arduino\/?post_type=product&#038;p=1671"},"modified":"2021-11-18T19:02:14","modified_gmt":"2021-11-18T18:02:14","slug":"ds3231-at24c32-iic-precision-rtc-real-time-clock-memory-module","status":"publish","type":"product","link":"https:\/\/www.onetimenexttime.sk\/arduino\/index.php\/produkt\/ds3231-at24c32-iic-precision-rtc-real-time-clock-memory-module\/","title":{"rendered":"DS3231 AT24C32 IIC Precision RTC Real Time Clock Memory Module"},"content":{"rendered":"<h2>DS3231 AT24C32 IIC Precision RTC Pam\u00e4\u0165ov\u00fd modul hod\u00edn re\u00e1lneho \u010dasu<\/h2>\n<p>&nbsp;<\/p>\n<p>DS3231 s\u00fa lacn\u00e9, extr\u00e9mne presn\u00e9 I2C hodiny re\u00e1lneho \u010dasu (RTC) s integrovan\u00fdm teplotne kompenzovan\u00fdm kry\u0161t\u00e1lov\u00fdm oscil\u00e1torom (TCXO) a kry\u0161t\u00e1lom. Zariadenie obsahuje bat\u00e9riov\u00fd vstup, odp\u00e1ja hlavn\u00e9 nap\u00e1janie a udr\u017eiava presn\u00e9 meranie \u010dasu. Integrovan\u00fd oscil\u00e1tor zlep\u0161uje dlhodob\u00fa presnos\u0165 zariadenia a zni\u017euje po\u010det komponentov v\u00fdrobnej linky. DS3231 je k dispoz\u00edcii v komer\u010dn\u00fdch a priemyseln\u00fdch teplotn\u00fdch rozsahoch s pou\u017eit\u00edm 16-pinov\u00e9ho 300mil SO puzdra.<br \/>\nRTC uchov\u00e1va inform\u00e1cie o sekund\u00e1ch, min\u00fatach, hodin\u00e1ch, dni, d\u00e1tume, mesiaci a roku. Menej ako 31 dn\u00ed v mesiaci sa d\u00e1tum ukon\u010denia automaticky uprav\u00ed vr\u00e1tane opr\u00e1v pre priestupn\u00fd rok. Hodiny funguj\u00fa bu\u010f v 24-hodinovom form\u00e1te alebo v p\u00e1sme \/ AM \/ PM v 12-hodinovom form\u00e1te. Poskytuje dva konfigurovate\u013en\u00e9 bud\u00edky a kalend\u00e1r je mo\u017en\u00e9 nastavi\u0165 na \u0161tvorcov\u00fd v\u00fdstup. Adresa a \u00fadaje sa pren\u00e1\u0161aj\u00fa s\u00e9riovo cez obojsmern\u00fa zbernicu I2C.<br \/>\nPresn\u00fd teplotne kompenzovan\u00fd referen\u010dn\u00fd a kompara\u010dn\u00fd obvod monitoruje stav VCC, aby zistil v\u00fdpadky nap\u00e1jania, poskytol resetovac\u00ed v\u00fdstup a v pr\u00edpade potreby automaticky prepol na z\u00e1lo\u017en\u00fd zdroj. Okrem toho je \/ RST pin monitorovan\u00fd ako manu\u00e1lne generovanie \u03bcP resetu.<br \/>\n\u00daspora \u010dasu a vysok\u00e1 presnos\u0165, DS3231 m\u00e1 tie\u017e niektor\u00e9 \u010fal\u0161ie funkcie, ktor\u00e9 roz\u0161iruj\u00fa syst\u00e9mov\u00fd rad \u010fal\u0161\u00edch funkci\u00ed a mo\u017enost\u00ed. Zariadenie integruje ve\u013emi presn\u00fd digit\u00e1lny sn\u00edma\u010d teploty cez rozhranie I2C * na pr\u00edstup k nemu (ako s\u00fa\u010dasne). Presnos\u0165 tohto teplotn\u00e9ho sn\u00edma\u010da je \u00b1 3 \u00b0C. Riadiaci obvod nap\u00e1jacieho zdroja na \u010dipe dok\u00e1\u017ee automaticky rozpozna\u0165 a spravova\u0165 hlavn\u00e9 a pohotovostn\u00e9 nap\u00e1janie (t.j. n\u00edzkonap\u00e4\u0165ov\u00fa bat\u00e9riu) na prep\u00ednanie medzi nap\u00e1jan\u00edm. Ak d\u00f4jde k v\u00fdpadku hlavn\u00e9ho nap\u00e1jania, zariadenie m\u00f4\u017ee na\u010falej poskytova\u0165 presn\u00e9 na\u010dasovanie a teplotu, v\u00fdkon to neovplyvn\u00ed. Ke\u010f sa hodnota obnovenia hlavn\u00e9ho nap\u00e1jania alebo nap\u00e4tia vr\u00e1ti do povolen\u00e9ho rozsahu, na re\u0161tartovanie syst\u00e9mov\u00e9ho mikroprocesora mo\u017eno pou\u017ei\u0165 funkciu resetovania na \u010dipe.<\/p>\n<p><strong>Parametre modulu:<\/strong><br \/>\n1 Ve\u013ekos\u0165: 38 mm (d\u013a\u017eka) * 22 mm (\u0160) * 14 mm (v\u00fd\u0161ka)<br \/>\n2 Hmotnos\u0165: 8 g<br \/>\n3 Prev\u00e1dzkov\u00e9 nap\u00e4tie :3,3 &#8211; 5,5 V<br \/>\n4-hodinov\u00fd \u010dip: vysoko presn\u00fd hodinov\u00fd \u010dip DS3231<br \/>\n5 Presnos\u0165 hod\u00edn: rozsah 0-40 \u00b0, presnos\u0165 2ppm, chyba bola asi 1 min\u00fata<br \/>\n6 kalend\u00e1rov\u00fd bud\u00edk s dvoma<br \/>\n7 programovate\u013en\u00fdch \u0161tvorcov\u00fdch v\u00fdstupov<br \/>\n8 Gener\u00e1tor hod\u00edn v re\u00e1lnom \u010dase, sekundy, min\u00faty, hodiny, de\u0148, d\u00e1tum, mesiac a rok na\u010dasovanie a poskytuje kompenz\u00e1ciu platn\u00fa do roku 2100 za priestupn\u00fd rok<br \/>\n9 \u010dipov\u00fd sn\u00edma\u010d teploty je dod\u00e1van\u00fd s presnos\u0165ou \u00b1 3\u00b0<br \/>\n10 pam\u00e4\u0165ov\u00fdch \u010dipov: AT24C32 (kapacita \u00falo\u017eiska 32K)<br \/>\n11.IIC zbernicov\u00e9 rozhranie, maxim\u00e1lna prenosov\u00e1 r\u00fdchlos\u0165 400 kHz (pracovn\u00e9 nap\u00e4tie 5V)<br \/>\n12 mo\u017eno kask\u00e1dova\u0165 s in\u00fdm zariaden\u00edm IIC, adresy 24C32 mo\u017eno skratova\u0165 A0\/A1\/A2 upravi\u0165 predvolen\u00fa adresu je 0x57<br \/>\n13 s nab\u00edjate\u013enou bat\u00e9riou LIR2032, aby sa zabezpe\u010dilo, \u017ee syst\u00e9m po v\u00fdpadku nap\u00e1jania sa hodiny posun\u00fa prirodzen\u00fdm sp\u00f4sobom<br \/>\n14 Balenie: jedno antistatick\u00e9 balenie<br \/>\nPokyny na zapojenie (napr\u00edklad pre Arduino uno r3):<br \/>\nSCL \u2192 A5<br \/>\nSDA \u2192 A4<br \/>\nVCC \u2192 5V<br \/>\nGND \u2192 GND<\/p>\n","protected":false},"excerpt":{"rendered":"<p>DS3231 AT24C32 IIC Precision RTC Pam\u00e4\u0165ov\u00fd modul hod\u00edn re\u00e1lneho \u010dasu &nbsp; DS3231 s\u00fa lacn\u00e9, extr\u00e9mne presn\u00e9 I2C hodiny re\u00e1lneho \u010dasu&hellip;<\/p>\n","protected":false},"featured_media":1672,"template":"","meta":{"_monsterinsights_skip_tracking":false,"_monsterinsights_sitenote_active":false,"_monsterinsights_sitenote_note":"","_monsterinsights_sitenote_category":0},"product_cat":[16,80,30],"product_tag":[],"class_list":{"0":"post-1671","1":"product","2":"type-product","3":"status-publish","4":"has-post-thumbnail","6":"product_cat-ard","7":"product_cat-i2c","8":"product_cat-programovanie","10":"first","11":"instock","12":"sale","13":"shipping-taxable","14":"purchasable","15":"product-type-simple"},"yoast_head":"<!-- This site is optimized with the Yoast SEO plugin v23.6 - https:\/\/yoast.com\/wordpress\/plugins\/seo\/ -->\n<title>DS3231 AT24C32 IIC Precision RTC Real Time Clock Memory Module - Arduino e-shop<\/title>\n<meta name=\"robots\" content=\"index, follow, max-snippet:-1, max-image-preview:large, max-video-preview:-1\" \/>\n<link rel=\"canonical\" href=\"https:\/\/www.onetimenexttime.sk\/arduino\/index.php\/produkt\/ds3231-at24c32-iic-precision-rtc-real-time-clock-memory-module\/\" \/>\n<meta property=\"og:locale\" content=\"sk_SK\" \/>\n<meta property=\"og:type\" content=\"article\" \/>\n<meta property=\"og:title\" content=\"DS3231 AT24C32 IIC Precision RTC Real Time Clock Memory Module - Arduino e-shop\" \/>\n<meta property=\"og:description\" content=\"DS3231 AT24C32 IIC Precision RTC Pam\u00e4\u0165ov\u00fd modul hod\u00edn re\u00e1lneho \u010dasu &nbsp; DS3231 s\u00fa lacn\u00e9, extr\u00e9mne presn\u00e9 I2C hodiny re\u00e1lneho \u010dasu&hellip;\" \/>\n<meta property=\"og:url\" content=\"https:\/\/www.onetimenexttime.sk\/arduino\/index.php\/produkt\/ds3231-at24c32-iic-precision-rtc-real-time-clock-memory-module\/\" \/>\n<meta property=\"og:site_name\" content=\"Arduino e-shop\" \/>\n<meta property=\"article:modified_time\" content=\"2021-11-18T18:02:14+00:00\" \/>\n<meta property=\"og:image\" content=\"https:\/\/www.onetimenexttime.sk\/arduino\/wp-content\/uploads\/2021\/11\/707.jpg\" \/>\n\t<meta property=\"og:image:width\" content=\"500\" \/>\n\t<meta property=\"og:image:height\" content=\"500\" \/>\n\t<meta property=\"og:image:type\" content=\"image\/jpeg\" \/>\n<meta name=\"twitter:card\" content=\"summary_large_image\" \/>\n<meta name=\"twitter:label1\" content=\"Predpokladan\u00fd \u010das \u010d\u00edtania\" \/>\n\t<meta name=\"twitter:data1\" content=\"2 min\u00faty\" \/>\n<script type=\"application\/ld+json\" class=\"yoast-schema-graph\">{\"@context\":\"https:\/\/schema.org\",\"@graph\":[{\"@type\":\"WebPage\",\"@id\":\"https:\/\/www.onetimenexttime.sk\/arduino\/index.php\/produkt\/ds3231-at24c32-iic-precision-rtc-real-time-clock-memory-module\/\",\"url\":\"https:\/\/www.onetimenexttime.sk\/arduino\/index.php\/produkt\/ds3231-at24c32-iic-precision-rtc-real-time-clock-memory-module\/\",\"name\":\"DS3231 AT24C32 IIC Precision RTC Real Time Clock Memory Module - Arduino e-shop\",\"isPartOf\":{\"@id\":\"https:\/\/www.onetimenexttime.sk\/arduino\/#website\"},\"primaryImageOfPage\":{\"@id\":\"https:\/\/www.onetimenexttime.sk\/arduino\/index.php\/produkt\/ds3231-at24c32-iic-precision-rtc-real-time-clock-memory-module\/#primaryimage\"},\"image\":{\"@id\":\"https:\/\/www.onetimenexttime.sk\/arduino\/index.php\/produkt\/ds3231-at24c32-iic-precision-rtc-real-time-clock-memory-module\/#primaryimage\"},\"thumbnailUrl\":\"https:\/\/www.onetimenexttime.sk\/arduino\/wp-content\/uploads\/2021\/11\/707.jpg\",\"datePublished\":\"2021-11-18T17:58:58+00:00\",\"dateModified\":\"2021-11-18T18:02:14+00:00\",\"breadcrumb\":{\"@id\":\"https:\/\/www.onetimenexttime.sk\/arduino\/index.php\/produkt\/ds3231-at24c32-iic-precision-rtc-real-time-clock-memory-module\/#breadcrumb\"},\"inLanguage\":\"sk-SK\",\"potentialAction\":[{\"@type\":\"ReadAction\",\"target\":[\"https:\/\/www.onetimenexttime.sk\/arduino\/index.php\/produkt\/ds3231-at24c32-iic-precision-rtc-real-time-clock-memory-module\/\"]}]},{\"@type\":\"ImageObject\",\"inLanguage\":\"sk-SK\",\"@id\":\"https:\/\/www.onetimenexttime.sk\/arduino\/index.php\/produkt\/ds3231-at24c32-iic-precision-rtc-real-time-clock-memory-module\/#primaryimage\",\"url\":\"https:\/\/www.onetimenexttime.sk\/arduino\/wp-content\/uploads\/2021\/11\/707.jpg\",\"contentUrl\":\"https:\/\/www.onetimenexttime.sk\/arduino\/wp-content\/uploads\/2021\/11\/707.jpg\",\"width\":500,\"height\":500},{\"@type\":\"BreadcrumbList\",\"@id\":\"https:\/\/www.onetimenexttime.sk\/arduino\/index.php\/produkt\/ds3231-at24c32-iic-precision-rtc-real-time-clock-memory-module\/#breadcrumb\",\"itemListElement\":[{\"@type\":\"ListItem\",\"position\":1,\"name\":\"Domov\",\"item\":\"https:\/\/www.onetimenexttime.sk\/arduino\/\"},{\"@type\":\"ListItem\",\"position\":2,\"name\":\"Obchod\",\"item\":\"https:\/\/www.onetimenexttime.sk\/arduino\/\"},{\"@type\":\"ListItem\",\"position\":3,\"name\":\"DS3231 AT24C32 IIC Precision RTC Real Time Clock Memory Module\"}]},{\"@type\":\"WebSite\",\"@id\":\"https:\/\/www.onetimenexttime.sk\/arduino\/#website\",\"url\":\"https:\/\/www.onetimenexttime.sk\/arduino\/\",\"name\":\"Arduino e-shop\",\"description\":\"Home Assistant\",\"potentialAction\":[{\"@type\":\"SearchAction\",\"target\":{\"@type\":\"EntryPoint\",\"urlTemplate\":\"https:\/\/www.onetimenexttime.sk\/arduino\/?s={search_term_string}\"},\"query-input\":{\"@type\":\"PropertyValueSpecification\",\"valueRequired\":true,\"valueName\":\"search_term_string\"}}],\"inLanguage\":\"sk-SK\"}]}<\/script>\n<!-- \/ Yoast SEO plugin. -->","yoast_head_json":{"title":"DS3231 AT24C32 IIC Precision RTC Real Time Clock Memory Module - Arduino e-shop","robots":{"index":"index","follow":"follow","max-snippet":"max-snippet:-1","max-image-preview":"max-image-preview:large","max-video-preview":"max-video-preview:-1"},"canonical":"https:\/\/www.onetimenexttime.sk\/arduino\/index.php\/produkt\/ds3231-at24c32-iic-precision-rtc-real-time-clock-memory-module\/","og_locale":"sk_SK","og_type":"article","og_title":"DS3231 AT24C32 IIC Precision RTC Real Time Clock Memory Module - Arduino e-shop","og_description":"DS3231 AT24C32 IIC Precision RTC Pam\u00e4\u0165ov\u00fd modul hod\u00edn re\u00e1lneho \u010dasu &nbsp; DS3231 s\u00fa lacn\u00e9, extr\u00e9mne presn\u00e9 I2C hodiny re\u00e1lneho \u010dasu&hellip;","og_url":"https:\/\/www.onetimenexttime.sk\/arduino\/index.php\/produkt\/ds3231-at24c32-iic-precision-rtc-real-time-clock-memory-module\/","og_site_name":"Arduino e-shop","article_modified_time":"2021-11-18T18:02:14+00:00","og_image":[{"width":500,"height":500,"url":"https:\/\/www.onetimenexttime.sk\/arduino\/wp-content\/uploads\/2021\/11\/707.jpg","type":"image\/jpeg"}],"twitter_card":"summary_large_image","twitter_misc":{"Predpokladan\u00fd \u010das \u010d\u00edtania":"2 min\u00faty"},"schema":{"@context":"https:\/\/schema.org","@graph":[{"@type":"WebPage","@id":"https:\/\/www.onetimenexttime.sk\/arduino\/index.php\/produkt\/ds3231-at24c32-iic-precision-rtc-real-time-clock-memory-module\/","url":"https:\/\/www.onetimenexttime.sk\/arduino\/index.php\/produkt\/ds3231-at24c32-iic-precision-rtc-real-time-clock-memory-module\/","name":"DS3231 AT24C32 IIC Precision RTC Real Time Clock Memory Module - Arduino e-shop","isPartOf":{"@id":"https:\/\/www.onetimenexttime.sk\/arduino\/#website"},"primaryImageOfPage":{"@id":"https:\/\/www.onetimenexttime.sk\/arduino\/index.php\/produkt\/ds3231-at24c32-iic-precision-rtc-real-time-clock-memory-module\/#primaryimage"},"image":{"@id":"https:\/\/www.onetimenexttime.sk\/arduino\/index.php\/produkt\/ds3231-at24c32-iic-precision-rtc-real-time-clock-memory-module\/#primaryimage"},"thumbnailUrl":"https:\/\/www.onetimenexttime.sk\/arduino\/wp-content\/uploads\/2021\/11\/707.jpg","datePublished":"2021-11-18T17:58:58+00:00","dateModified":"2021-11-18T18:02:14+00:00","breadcrumb":{"@id":"https:\/\/www.onetimenexttime.sk\/arduino\/index.php\/produkt\/ds3231-at24c32-iic-precision-rtc-real-time-clock-memory-module\/#breadcrumb"},"inLanguage":"sk-SK","potentialAction":[{"@type":"ReadAction","target":["https:\/\/www.onetimenexttime.sk\/arduino\/index.php\/produkt\/ds3231-at24c32-iic-precision-rtc-real-time-clock-memory-module\/"]}]},{"@type":"ImageObject","inLanguage":"sk-SK","@id":"https:\/\/www.onetimenexttime.sk\/arduino\/index.php\/produkt\/ds3231-at24c32-iic-precision-rtc-real-time-clock-memory-module\/#primaryimage","url":"https:\/\/www.onetimenexttime.sk\/arduino\/wp-content\/uploads\/2021\/11\/707.jpg","contentUrl":"https:\/\/www.onetimenexttime.sk\/arduino\/wp-content\/uploads\/2021\/11\/707.jpg","width":500,"height":500},{"@type":"BreadcrumbList","@id":"https:\/\/www.onetimenexttime.sk\/arduino\/index.php\/produkt\/ds3231-at24c32-iic-precision-rtc-real-time-clock-memory-module\/#breadcrumb","itemListElement":[{"@type":"ListItem","position":1,"name":"Domov","item":"https:\/\/www.onetimenexttime.sk\/arduino\/"},{"@type":"ListItem","position":2,"name":"Obchod","item":"https:\/\/www.onetimenexttime.sk\/arduino\/"},{"@type":"ListItem","position":3,"name":"DS3231 AT24C32 IIC Precision RTC Real Time Clock Memory Module"}]},{"@type":"WebSite","@id":"https:\/\/www.onetimenexttime.sk\/arduino\/#website","url":"https:\/\/www.onetimenexttime.sk\/arduino\/","name":"Arduino e-shop","description":"Home Assistant","potentialAction":[{"@type":"SearchAction","target":{"@type":"EntryPoint","urlTemplate":"https:\/\/www.onetimenexttime.sk\/arduino\/?s={search_term_string}"},"query-input":{"@type":"PropertyValueSpecification","valueRequired":true,"valueName":"search_term_string"}}],"inLanguage":"sk-SK"}]}},"_links":{"self":[{"href":"https:\/\/www.onetimenexttime.sk\/arduino\/index.php\/wp-json\/wp\/v2\/product\/1671"}],"collection":[{"href":"https:\/\/www.onetimenexttime.sk\/arduino\/index.php\/wp-json\/wp\/v2\/product"}],"about":[{"href":"https:\/\/www.onetimenexttime.sk\/arduino\/index.php\/wp-json\/wp\/v2\/types\/product"}],"wp:featuredmedia":[{"embeddable":true,"href":"https:\/\/www.onetimenexttime.sk\/arduino\/index.php\/wp-json\/wp\/v2\/media\/1672"}],"wp:attachment":[{"href":"https:\/\/www.onetimenexttime.sk\/arduino\/index.php\/wp-json\/wp\/v2\/media?parent=1671"}],"wp:term":[{"taxonomy":"product_cat","embeddable":true,"href":"https:\/\/www.onetimenexttime.sk\/arduino\/index.php\/wp-json\/wp\/v2\/product_cat?post=1671"},{"taxonomy":"product_tag","embeddable":true,"href":"https:\/\/www.onetimenexttime.sk\/arduino\/index.php\/wp-json\/wp\/v2\/product_tag?post=1671"}],"curies":[{"name":"wp","href":"https:\/\/api.w.org\/{rel}","templated":true}]}}