{"id":1658,"date":"2021-11-18T18:22:42","date_gmt":"2021-11-18T17:22:42","guid":{"rendered":"https:\/\/www.onetimenexttime.sk\/arduino\/?post_type=product&#038;p=1658"},"modified":"2024-02-22T18:18:13","modified_gmt":"2024-02-22T17:18:13","slug":"real-time-clock-module-at24c32-ds1307","status":"publish","type":"product","link":"https:\/\/www.onetimenexttime.sk\/arduino\/index.php\/produkt\/real-time-clock-module-at24c32-ds1307\/","title":{"rendered":"Real Time Clock Module AT24C32 DS1307 RTC"},"content":{"rendered":"<p>&nbsp;<\/p>\n<p>&nbsp;<\/p>\n<h1>Inform\u00e1cie o module RTC DS1307 s pam\u00e4\u0165ou AT24C32<\/h1>\n<table>\n<tbody>\n<tr>\n<th>Popis<\/th>\n<td>Real Time Clock (RTC) modul DS1307 s integrovanou pam\u00e4\u0165ou AT24C32<\/td>\n<\/tr>\n<tr>\n<th>Vlastnosti<\/th>\n<td>\n<ul>\n<li>Presn\u00fd \u010dasov\u00fd modul s vlastnou bat\u00e9riou<\/li>\n<li>Integrovan\u00e1 pam\u00e4\u0165 EEPROM s kapacitou 32 kilobajtov<\/li>\n<li>Mo\u017enos\u0165 sledovania \u010dasu a d\u00e1tov\u00e9ho z\u00e1znamu<\/li>\n<li>Jednoduch\u00e9 pou\u017eitie pomocou I2C rozhrania<\/li>\n<li>Podpora pre n\u00edzkonap\u00e4\u0165ov\u00e9 oper\u00e1cie<\/li>\n<\/ul>\n<\/td>\n<\/tr>\n<tr>\n<th>\u0160pecifik\u00e1cie<\/th>\n<td>\n<ul>\n<li>Rozmery: 28mm x 28mm<\/li>\n<li>Nap\u00e1janie: 5V<\/li>\n<li>Integrovan\u00e1 bat\u00e9ria: CR2032<\/li>\n<\/ul>\n<\/td>\n<\/tr>\n<tr>\n<th>Pr\u00edklady pou\u017eitia<\/th>\n<td>\n<ul>\n<li>Sledovanie re\u00e1lneho \u010dasu v projektoch s Arduino<\/li>\n<li>Uchov\u00e1vanie d\u00f4le\u017eit\u00fdch d\u00e1t s \u010dasovou pe\u010diatkou<\/li>\n<li>Automatizovan\u00e9 \u010dasov\u00e9 \u00falohy v IoT projektoch<\/li>\n<\/ul>\n<\/td>\n<\/tr>\n<tr>\n<th>Pr\u00edkladov\u00fd k\u00f3d pre Arduino<\/th>\n<td><code><br \/>\n\/\/ Potrebn\u00e9 kni\u017enice<br \/>\n#include &lt;Wire.h&gt;<br \/>\n#include &lt;RTClib.h&gt;<\/p>\n<p>RTC_DS1307 rtc;<\/p>\n<p>void setup() {<br \/>\nSerial.begin(9600);<br \/>\nWire.begin();<br \/>\nrtc.begin();<\/p>\n<p>if (! rtc.isrunning()) {<br \/>\nSerial.println(\"RTC nie je spusten\u00e9!\");<br \/>\nrtc.adjust(DateTime(__DATE__, __TIME__));<br \/>\n}<br \/>\n}<\/p>\n<p>void loop() {<br \/>\nDateTime now = rtc.now();<br \/>\nSerial.print(now.year(), DEC);<br \/>\nSerial.print('\/');<br \/>\nSerial.print(now.month(), DEC);<br \/>\nSerial.print('\/');<br \/>\nSerial.print(now.day(), DEC);<br \/>\nSerial.print(\" \");<br \/>\nSerial.print(now.hour(), DEC);<br \/>\nSerial.print(':');<br \/>\nSerial.print(now.minute(), DEC);<br \/>\nSerial.print(':');<br \/>\nSerial.print(now.second(), DEC);<br \/>\nSerial.println();<br \/>\ndelay(1000);<br \/>\n}<br \/>\n<\/code><\/td>\n<\/tr>\n<\/tbody>\n<\/table>\n<p><button class=\"button\">Skop\u00edrova\u0165 k\u00f3d pre Arduino<\/button><\/p>\n<h2>ATZT I2C RTC DS1307 AT24C32 Modul hod\u00edn re\u00e1lneho \u010dasu pre AVR ARM PIC Pam\u00e4\u0165 mal\u00fdch modulov RTC I2C DS1307 hodinov\u00e1 doska<\/h2>\n<p>&nbsp;<\/p>\n<p>AT24C32 Hodiny re\u00e1lneho \u010dasu RTC Modul I2C DS1307 pre AVR ARM PIC 51 ARM Promotion<br \/>\nRiadiace rozhranie je I2C rozhranie, \u00farove\u0148 riadiaceho rozhrania m\u00f4\u017ee by\u0165 5V alebo 3,3V.<br \/>\nNap\u00e1janie odpor\u00fa\u010da 5 V DC.<br \/>\nDS1307 I2C \u010dip hod\u00edn re\u00e1lneho \u010dasu (RTC).<br \/>\n24C32 32K I2C EEPROM pam\u00e4\u0165.<br \/>\nPou\u017e\u00edvatelia m\u00f4\u017eu LIR2032 nab\u00edjate\u013en\u00fa l\u00edtiov\u00fa bat\u00e9riu a probl\u00e9m s nab\u00edjac\u00edm obvodom DS1307 so z\u00e1lohou bat\u00e9rie nem\u00f4\u017ee \u010d\u00edta\u0165 a zapisova\u0165. Pri plnom nabit\u00ed m\u00f4\u017ee poskytn\u00fa\u0165 \u010dasovanie DS1307 1 rok.<br \/>\nHodinov\u00fd kol\u00edk vodi\u010da DS1307 poskytuje hodinov\u00fd sign\u00e1l mikrokontrol\u00e9ru. Ostatn\u00e9\u00a0 I2C zariadenia m\u00f4\u017eu by\u0165 kask\u00e1dovan\u00e9.<\/p>\n<p>&nbsp;<\/p>\n<p><img decoding=\"async\" src=\"https:\/\/ae01.alicdn.com\/kf\/H2d41a78a9052482e8b224467d5be0900S.jpg\" data-spm-anchor-id=\"a2g0o.detail.1000023.i1.10262720AnWmVT\" \/><\/p>\n<p>&nbsp;<\/p>\n<p><img decoding=\"async\" src=\"https:\/\/ae01.alicdn.com\/kf\/Hf03fc2b622e940a2877aa1876ff14980V.jpg\" data-spm-anchor-id=\"a2g0o.detail.1000023.i2.10262720AnWmVT\" \/><\/p>\n<p>&nbsp;<\/p>\n<p><img decoding=\"async\" src=\"https:\/\/ae01.alicdn.com\/kf\/Hc51db0dfd966416b8b01bff1c3957f07Q.jpg\" data-spm-anchor-id=\"a2g0o.detail.1000023.i3.10262720AnWmVT\" \/><\/p>\n<p>&nbsp;<\/p>\n<p><img decoding=\"async\" src=\"https:\/\/ae01.alicdn.com\/kf\/Hb330d591b9414c828066ac5a677b32925.jpg\" data-spm-anchor-id=\"a2g0o.detail.1000023.i4.10262720AnWmVT\" \/><\/p>\n<p><img decoding=\"async\" src=\"https:\/\/ae01.alicdn.com\/kf\/Hc447390a941049c2ae7677bc750a8424G.jpg\" data-spm-anchor-id=\"a2g0o.detail.1000023.i5.10262720AnWmVT\" \/><\/p>\n","protected":false},"excerpt":{"rendered":"<p>&nbsp; &nbsp; Inform\u00e1cie o module RTC DS1307 s pam\u00e4\u0165ou AT24C32 Popis Real Time Clock (RTC) modul DS1307 s integrovanou pam\u00e4\u0165ou&hellip;<\/p>\n","protected":false},"featured_media":1659,"template":"","meta":{"_monsterinsights_skip_tracking":false,"_monsterinsights_sitenote_active":false,"_monsterinsights_sitenote_note":"","_monsterinsights_sitenote_category":0},"product_cat":[16,80,17,30],"product_tag":[],"class_list":{"0":"post-1658","1":"product","2":"type-product","3":"status-publish","4":"has-post-thumbnail","6":"product_cat-ard","7":"product_cat-i2c","8":"product_cat-modul","9":"product_cat-programovanie","11":"first","12":"instock","13":"shipping-taxable","14":"purchasable","15":"product-type-simple"},"yoast_head":"<!-- This site is optimized with the Yoast SEO plugin v23.6 - https:\/\/yoast.com\/wordpress\/plugins\/seo\/ -->\n<title>Real Time Clock Module AT24C32 DS1307 RTC - Arduino e-shop<\/title>\n<meta name=\"robots\" content=\"index, follow, max-snippet:-1, max-image-preview:large, max-video-preview:-1\" \/>\n<link rel=\"canonical\" href=\"https:\/\/www.onetimenexttime.sk\/arduino\/index.php\/produkt\/real-time-clock-module-at24c32-ds1307\/\" \/>\n<meta property=\"og:locale\" content=\"sk_SK\" \/>\n<meta property=\"og:type\" content=\"article\" \/>\n<meta property=\"og:title\" content=\"Real Time Clock Module AT24C32 DS1307 RTC - Arduino e-shop\" \/>\n<meta property=\"og:description\" content=\"&nbsp; &nbsp; Inform\u00e1cie o module RTC DS1307 s pam\u00e4\u0165ou AT24C32 Popis Real Time Clock (RTC) modul DS1307 s integrovanou pam\u00e4\u0165ou&hellip;\" \/>\n<meta property=\"og:url\" content=\"https:\/\/www.onetimenexttime.sk\/arduino\/index.php\/produkt\/real-time-clock-module-at24c32-ds1307\/\" \/>\n<meta property=\"og:site_name\" content=\"Arduino e-shop\" \/>\n<meta property=\"article:modified_time\" content=\"2024-02-22T17:18:13+00:00\" \/>\n<meta property=\"og:image\" content=\"https:\/\/www.onetimenexttime.sk\/arduino\/wp-content\/uploads\/2021\/11\/706.jpg\" \/>\n\t<meta property=\"og:image:width\" content=\"514\" \/>\n\t<meta property=\"og:image:height\" content=\"516\" \/>\n\t<meta property=\"og:image:type\" content=\"image\/jpeg\" \/>\n<meta name=\"twitter:card\" content=\"summary_large_image\" \/>\n<meta name=\"twitter:label1\" content=\"Predpokladan\u00fd \u010das \u010d\u00edtania\" \/>\n\t<meta name=\"twitter:data1\" content=\"2 min\u00faty\" \/>\n<script type=\"application\/ld+json\" class=\"yoast-schema-graph\">{\"@context\":\"https:\/\/schema.org\",\"@graph\":[{\"@type\":\"WebPage\",\"@id\":\"https:\/\/www.onetimenexttime.sk\/arduino\/index.php\/produkt\/real-time-clock-module-at24c32-ds1307\/\",\"url\":\"https:\/\/www.onetimenexttime.sk\/arduino\/index.php\/produkt\/real-time-clock-module-at24c32-ds1307\/\",\"name\":\"Real Time Clock Module AT24C32 DS1307 RTC - Arduino e-shop\",\"isPartOf\":{\"@id\":\"https:\/\/www.onetimenexttime.sk\/arduino\/#website\"},\"primaryImageOfPage\":{\"@id\":\"https:\/\/www.onetimenexttime.sk\/arduino\/index.php\/produkt\/real-time-clock-module-at24c32-ds1307\/#primaryimage\"},\"image\":{\"@id\":\"https:\/\/www.onetimenexttime.sk\/arduino\/index.php\/produkt\/real-time-clock-module-at24c32-ds1307\/#primaryimage\"},\"thumbnailUrl\":\"https:\/\/www.onetimenexttime.sk\/arduino\/wp-content\/uploads\/2021\/11\/706.jpg\",\"datePublished\":\"2021-11-18T17:22:42+00:00\",\"dateModified\":\"2024-02-22T17:18:13+00:00\",\"breadcrumb\":{\"@id\":\"https:\/\/www.onetimenexttime.sk\/arduino\/index.php\/produkt\/real-time-clock-module-at24c32-ds1307\/#breadcrumb\"},\"inLanguage\":\"sk-SK\",\"potentialAction\":[{\"@type\":\"ReadAction\",\"target\":[\"https:\/\/www.onetimenexttime.sk\/arduino\/index.php\/produkt\/real-time-clock-module-at24c32-ds1307\/\"]}]},{\"@type\":\"ImageObject\",\"inLanguage\":\"sk-SK\",\"@id\":\"https:\/\/www.onetimenexttime.sk\/arduino\/index.php\/produkt\/real-time-clock-module-at24c32-ds1307\/#primaryimage\",\"url\":\"https:\/\/www.onetimenexttime.sk\/arduino\/wp-content\/uploads\/2021\/11\/706.jpg\",\"contentUrl\":\"https:\/\/www.onetimenexttime.sk\/arduino\/wp-content\/uploads\/2021\/11\/706.jpg\",\"width\":514,\"height\":516},{\"@type\":\"BreadcrumbList\",\"@id\":\"https:\/\/www.onetimenexttime.sk\/arduino\/index.php\/produkt\/real-time-clock-module-at24c32-ds1307\/#breadcrumb\",\"itemListElement\":[{\"@type\":\"ListItem\",\"position\":1,\"name\":\"Domov\",\"item\":\"https:\/\/www.onetimenexttime.sk\/arduino\/\"},{\"@type\":\"ListItem\",\"position\":2,\"name\":\"Obchod\",\"item\":\"https:\/\/www.onetimenexttime.sk\/arduino\/\"},{\"@type\":\"ListItem\",\"position\":3,\"name\":\"Real Time Clock Module AT24C32 DS1307 RTC\"}]},{\"@type\":\"WebSite\",\"@id\":\"https:\/\/www.onetimenexttime.sk\/arduino\/#website\",\"url\":\"https:\/\/www.onetimenexttime.sk\/arduino\/\",\"name\":\"Arduino e-shop\",\"description\":\"Home Assistant\",\"potentialAction\":[{\"@type\":\"SearchAction\",\"target\":{\"@type\":\"EntryPoint\",\"urlTemplate\":\"https:\/\/www.onetimenexttime.sk\/arduino\/?s={search_term_string}\"},\"query-input\":{\"@type\":\"PropertyValueSpecification\",\"valueRequired\":true,\"valueName\":\"search_term_string\"}}],\"inLanguage\":\"sk-SK\"}]}<\/script>\n<!-- \/ Yoast SEO plugin. -->","yoast_head_json":{"title":"Real Time Clock Module AT24C32 DS1307 RTC - Arduino e-shop","robots":{"index":"index","follow":"follow","max-snippet":"max-snippet:-1","max-image-preview":"max-image-preview:large","max-video-preview":"max-video-preview:-1"},"canonical":"https:\/\/www.onetimenexttime.sk\/arduino\/index.php\/produkt\/real-time-clock-module-at24c32-ds1307\/","og_locale":"sk_SK","og_type":"article","og_title":"Real Time Clock Module AT24C32 DS1307 RTC - Arduino e-shop","og_description":"&nbsp; &nbsp; Inform\u00e1cie o module RTC DS1307 s pam\u00e4\u0165ou AT24C32 Popis Real Time Clock (RTC) modul DS1307 s integrovanou pam\u00e4\u0165ou&hellip;","og_url":"https:\/\/www.onetimenexttime.sk\/arduino\/index.php\/produkt\/real-time-clock-module-at24c32-ds1307\/","og_site_name":"Arduino e-shop","article_modified_time":"2024-02-22T17:18:13+00:00","og_image":[{"width":514,"height":516,"url":"https:\/\/www.onetimenexttime.sk\/arduino\/wp-content\/uploads\/2021\/11\/706.jpg","type":"image\/jpeg"}],"twitter_card":"summary_large_image","twitter_misc":{"Predpokladan\u00fd \u010das \u010d\u00edtania":"2 min\u00faty"},"schema":{"@context":"https:\/\/schema.org","@graph":[{"@type":"WebPage","@id":"https:\/\/www.onetimenexttime.sk\/arduino\/index.php\/produkt\/real-time-clock-module-at24c32-ds1307\/","url":"https:\/\/www.onetimenexttime.sk\/arduino\/index.php\/produkt\/real-time-clock-module-at24c32-ds1307\/","name":"Real Time Clock Module AT24C32 DS1307 RTC - Arduino e-shop","isPartOf":{"@id":"https:\/\/www.onetimenexttime.sk\/arduino\/#website"},"primaryImageOfPage":{"@id":"https:\/\/www.onetimenexttime.sk\/arduino\/index.php\/produkt\/real-time-clock-module-at24c32-ds1307\/#primaryimage"},"image":{"@id":"https:\/\/www.onetimenexttime.sk\/arduino\/index.php\/produkt\/real-time-clock-module-at24c32-ds1307\/#primaryimage"},"thumbnailUrl":"https:\/\/www.onetimenexttime.sk\/arduino\/wp-content\/uploads\/2021\/11\/706.jpg","datePublished":"2021-11-18T17:22:42+00:00","dateModified":"2024-02-22T17:18:13+00:00","breadcrumb":{"@id":"https:\/\/www.onetimenexttime.sk\/arduino\/index.php\/produkt\/real-time-clock-module-at24c32-ds1307\/#breadcrumb"},"inLanguage":"sk-SK","potentialAction":[{"@type":"ReadAction","target":["https:\/\/www.onetimenexttime.sk\/arduino\/index.php\/produkt\/real-time-clock-module-at24c32-ds1307\/"]}]},{"@type":"ImageObject","inLanguage":"sk-SK","@id":"https:\/\/www.onetimenexttime.sk\/arduino\/index.php\/produkt\/real-time-clock-module-at24c32-ds1307\/#primaryimage","url":"https:\/\/www.onetimenexttime.sk\/arduino\/wp-content\/uploads\/2021\/11\/706.jpg","contentUrl":"https:\/\/www.onetimenexttime.sk\/arduino\/wp-content\/uploads\/2021\/11\/706.jpg","width":514,"height":516},{"@type":"BreadcrumbList","@id":"https:\/\/www.onetimenexttime.sk\/arduino\/index.php\/produkt\/real-time-clock-module-at24c32-ds1307\/#breadcrumb","itemListElement":[{"@type":"ListItem","position":1,"name":"Domov","item":"https:\/\/www.onetimenexttime.sk\/arduino\/"},{"@type":"ListItem","position":2,"name":"Obchod","item":"https:\/\/www.onetimenexttime.sk\/arduino\/"},{"@type":"ListItem","position":3,"name":"Real Time Clock Module AT24C32 DS1307 RTC"}]},{"@type":"WebSite","@id":"https:\/\/www.onetimenexttime.sk\/arduino\/#website","url":"https:\/\/www.onetimenexttime.sk\/arduino\/","name":"Arduino e-shop","description":"Home Assistant","potentialAction":[{"@type":"SearchAction","target":{"@type":"EntryPoint","urlTemplate":"https:\/\/www.onetimenexttime.sk\/arduino\/?s={search_term_string}"},"query-input":{"@type":"PropertyValueSpecification","valueRequired":true,"valueName":"search_term_string"}}],"inLanguage":"sk-SK"}]}},"_links":{"self":[{"href":"https:\/\/www.onetimenexttime.sk\/arduino\/index.php\/wp-json\/wp\/v2\/product\/1658"}],"collection":[{"href":"https:\/\/www.onetimenexttime.sk\/arduino\/index.php\/wp-json\/wp\/v2\/product"}],"about":[{"href":"https:\/\/www.onetimenexttime.sk\/arduino\/index.php\/wp-json\/wp\/v2\/types\/product"}],"wp:featuredmedia":[{"embeddable":true,"href":"https:\/\/www.onetimenexttime.sk\/arduino\/index.php\/wp-json\/wp\/v2\/media\/1659"}],"wp:attachment":[{"href":"https:\/\/www.onetimenexttime.sk\/arduino\/index.php\/wp-json\/wp\/v2\/media?parent=1658"}],"wp:term":[{"taxonomy":"product_cat","embeddable":true,"href":"https:\/\/www.onetimenexttime.sk\/arduino\/index.php\/wp-json\/wp\/v2\/product_cat?post=1658"},{"taxonomy":"product_tag","embeddable":true,"href":"https:\/\/www.onetimenexttime.sk\/arduino\/index.php\/wp-json\/wp\/v2\/product_tag?post=1658"}],"curies":[{"name":"wp","href":"https:\/\/api.w.org\/{rel}","templated":true}]}}