{"id":1650,"date":"2021-11-18T17:46:44","date_gmt":"2021-11-18T16:46:44","guid":{"rendered":"https:\/\/www.onetimenexttime.sk\/arduino\/?post_type=product&#038;p=1650"},"modified":"2021-11-18T17:53:04","modified_gmt":"2021-11-18T16:53:04","slug":"max3232-rs232-to-ttl-serial-port-converter-module-db9-connector","status":"publish","type":"product","link":"https:\/\/www.onetimenexttime.sk\/arduino\/index.php\/produkt\/max3232-rs232-to-ttl-serial-port-converter-module-db9-connector\/","title":{"rendered":"MAX3232 RS232 To TTL Serial Port Converter Module DB9 Connector"},"content":{"rendered":"<h2>MAX3232 Modul prevodn\u00edka RS232 na TTL s\u00e9riov\u00e9ho portu DB9 konektor<\/h2>\n<p><strong>Popis:<\/strong><br \/>\nTento produkt je \u0161iroko pou\u017e\u00edvan\u00fd v r\u00e1diov\u00fdch modifik\u00e1ci\u00e1ch, Flash pre mobiln\u00e9 telef\u00f3ny, XBO X360 Flash detekcia, GPS, auto, DVD Flash, oprava HDD, upgrade set-top boxu.<\/p>\n<p>Mo\u017eno pou\u017ei\u0165 na stiahnutie typov MCU:<br \/>\nJedno\u010dipov\u00fd mikropo\u010d\u00edta\u010d STC<br \/>\nMikrokontrol\u00e9r STM32<br \/>\nMikrokontrol\u00e9r NX P<br \/>\nRenesas MCU<br \/>\nNE C MCU<br \/>\nKomunika\u010dn\u00fd IC: MAX3232<br \/>\nPracovn\u00e9 nap\u00e4tie: 3,3V-5,5V<br \/>\nRozhranie: T X RX VCC GND<\/p>\n<p>&nbsp;<\/p>\n<p>&nbsp;<\/p>\n<p><!--more--><\/p>\n<p>#include &lt;SoftwareSerial.h&gt;<\/p>\n<p>SoftwareSerial RS232Out(10, 11); \/\/ RX, TX<br \/>\nint i = 0;<\/p>\n<p>void setup() {<br \/>\nSerial.begin(9600);<br \/>\nRS232Out.begin(9600);<br \/>\n}<\/p>\n<p>void loop()<br \/>\n{<br \/>\nchar buffer[4];<br \/>\nif(i&gt;30000) {<br \/>\nSerial.println(&#8220;Sending 02&#8221;);<br \/>\nsprintf(buffer, &#8220;%02X &#8220;, 0x02);<br \/>\nRS232Out.write(buffer);<br \/>\ni=0;<br \/>\n}<br \/>\nif (RS232Out.available()) {<br \/>\nint inByte = RS232Out.read();<br \/>\nSerial.write(inByte);<br \/>\n}<br \/>\nif (Serial.available()) {<br \/>\nint inByte = Serial.read();<br \/>\nRS232Out.write(inByte);<br \/>\nSerial.write(inByte);<br \/>\n}<br \/>\ni++;<br \/>\n}<\/p>\n<p>&nbsp;<\/p>\n","protected":false},"excerpt":{"rendered":"<p>MAX3232 Modul prevodn\u00edka RS232 na TTL s\u00e9riov\u00e9ho portu DB9 konektor Popis: Tento produkt je \u0161iroko pou\u017e\u00edvan\u00fd v r\u00e1diov\u00fdch modifik\u00e1ci\u00e1ch, Flash&hellip;<\/p>\n","protected":false},"featured_media":1651,"template":"","meta":{"_monsterinsights_skip_tracking":false,"_monsterinsights_sitenote_active":false,"_monsterinsights_sitenote_note":"","_monsterinsights_sitenote_category":0},"product_cat":[16,80,30],"product_tag":[],"class_list":{"0":"post-1650","1":"product","2":"type-product","3":"status-publish","4":"has-post-thumbnail","6":"product_cat-ard","7":"product_cat-i2c","8":"product_cat-programovanie","10":"first","11":"instock","12":"shipping-taxable","13":"purchasable","14":"product-type-simple"},"yoast_head":"<!-- This site is optimized with the Yoast SEO plugin v23.6 - https:\/\/yoast.com\/wordpress\/plugins\/seo\/ -->\n<title>MAX3232 RS232 To TTL Serial Port Converter Module DB9 Connector - Arduino e-shop<\/title>\n<meta name=\"robots\" content=\"index, follow, max-snippet:-1, max-image-preview:large, max-video-preview:-1\" \/>\n<link rel=\"canonical\" href=\"https:\/\/www.onetimenexttime.sk\/arduino\/index.php\/produkt\/max3232-rs232-to-ttl-serial-port-converter-module-db9-connector\/\" \/>\n<meta property=\"og:locale\" content=\"sk_SK\" \/>\n<meta property=\"og:type\" content=\"article\" \/>\n<meta property=\"og:title\" content=\"MAX3232 RS232 To TTL Serial Port Converter Module DB9 Connector - Arduino e-shop\" \/>\n<meta property=\"og:description\" content=\"MAX3232 Modul prevodn\u00edka RS232 na TTL s\u00e9riov\u00e9ho portu DB9 konektor Popis: Tento produkt je \u0161iroko pou\u017e\u00edvan\u00fd v r\u00e1diov\u00fdch modifik\u00e1ci\u00e1ch, Flash&hellip;\" \/>\n<meta property=\"og:url\" content=\"https:\/\/www.onetimenexttime.sk\/arduino\/index.php\/produkt\/max3232-rs232-to-ttl-serial-port-converter-module-db9-connector\/\" \/>\n<meta property=\"og:site_name\" content=\"Arduino e-shop\" \/>\n<meta property=\"article:modified_time\" content=\"2021-11-18T16:53:04+00:00\" \/>\n<meta property=\"og:image\" content=\"https:\/\/www.onetimenexttime.sk\/arduino\/wp-content\/uploads\/2021\/11\/711.jpg\" \/>\n\t<meta property=\"og:image:width\" content=\"500\" \/>\n\t<meta property=\"og:image:height\" content=\"500\" \/>\n\t<meta property=\"og:image:type\" content=\"image\/jpeg\" \/>\n<meta name=\"twitter:card\" content=\"summary_large_image\" \/>\n<meta name=\"twitter:label1\" content=\"Predpokladan\u00fd \u010das \u010d\u00edtania\" \/>\n\t<meta name=\"twitter:data1\" content=\"1 min\u00fata\" \/>\n<script type=\"application\/ld+json\" class=\"yoast-schema-graph\">{\"@context\":\"https:\/\/schema.org\",\"@graph\":[{\"@type\":\"WebPage\",\"@id\":\"https:\/\/www.onetimenexttime.sk\/arduino\/index.php\/produkt\/max3232-rs232-to-ttl-serial-port-converter-module-db9-connector\/\",\"url\":\"https:\/\/www.onetimenexttime.sk\/arduino\/index.php\/produkt\/max3232-rs232-to-ttl-serial-port-converter-module-db9-connector\/\",\"name\":\"MAX3232 RS232 To TTL Serial Port Converter Module DB9 Connector - Arduino e-shop\",\"isPartOf\":{\"@id\":\"https:\/\/www.onetimenexttime.sk\/arduino\/#website\"},\"primaryImageOfPage\":{\"@id\":\"https:\/\/www.onetimenexttime.sk\/arduino\/index.php\/produkt\/max3232-rs232-to-ttl-serial-port-converter-module-db9-connector\/#primaryimage\"},\"image\":{\"@id\":\"https:\/\/www.onetimenexttime.sk\/arduino\/index.php\/produkt\/max3232-rs232-to-ttl-serial-port-converter-module-db9-connector\/#primaryimage\"},\"thumbnailUrl\":\"https:\/\/www.onetimenexttime.sk\/arduino\/wp-content\/uploads\/2021\/11\/711.jpg\",\"datePublished\":\"2021-11-18T16:46:44+00:00\",\"dateModified\":\"2021-11-18T16:53:04+00:00\",\"breadcrumb\":{\"@id\":\"https:\/\/www.onetimenexttime.sk\/arduino\/index.php\/produkt\/max3232-rs232-to-ttl-serial-port-converter-module-db9-connector\/#breadcrumb\"},\"inLanguage\":\"sk-SK\",\"potentialAction\":[{\"@type\":\"ReadAction\",\"target\":[\"https:\/\/www.onetimenexttime.sk\/arduino\/index.php\/produkt\/max3232-rs232-to-ttl-serial-port-converter-module-db9-connector\/\"]}]},{\"@type\":\"ImageObject\",\"inLanguage\":\"sk-SK\",\"@id\":\"https:\/\/www.onetimenexttime.sk\/arduino\/index.php\/produkt\/max3232-rs232-to-ttl-serial-port-converter-module-db9-connector\/#primaryimage\",\"url\":\"https:\/\/www.onetimenexttime.sk\/arduino\/wp-content\/uploads\/2021\/11\/711.jpg\",\"contentUrl\":\"https:\/\/www.onetimenexttime.sk\/arduino\/wp-content\/uploads\/2021\/11\/711.jpg\",\"width\":500,\"height\":500},{\"@type\":\"BreadcrumbList\",\"@id\":\"https:\/\/www.onetimenexttime.sk\/arduino\/index.php\/produkt\/max3232-rs232-to-ttl-serial-port-converter-module-db9-connector\/#breadcrumb\",\"itemListElement\":[{\"@type\":\"ListItem\",\"position\":1,\"name\":\"Domov\",\"item\":\"https:\/\/www.onetimenexttime.sk\/arduino\/\"},{\"@type\":\"ListItem\",\"position\":2,\"name\":\"Obchod\",\"item\":\"https:\/\/www.onetimenexttime.sk\/arduino\/\"},{\"@type\":\"ListItem\",\"position\":3,\"name\":\"MAX3232 RS232 To TTL Serial Port Converter Module DB9 Connector\"}]},{\"@type\":\"WebSite\",\"@id\":\"https:\/\/www.onetimenexttime.sk\/arduino\/#website\",\"url\":\"https:\/\/www.onetimenexttime.sk\/arduino\/\",\"name\":\"Arduino e-shop\",\"description\":\"Home Assistant\",\"potentialAction\":[{\"@type\":\"SearchAction\",\"target\":{\"@type\":\"EntryPoint\",\"urlTemplate\":\"https:\/\/www.onetimenexttime.sk\/arduino\/?s={search_term_string}\"},\"query-input\":{\"@type\":\"PropertyValueSpecification\",\"valueRequired\":true,\"valueName\":\"search_term_string\"}}],\"inLanguage\":\"sk-SK\"}]}<\/script>\n<!-- \/ Yoast SEO plugin. -->","yoast_head_json":{"title":"MAX3232 RS232 To TTL Serial Port Converter Module DB9 Connector - Arduino e-shop","robots":{"index":"index","follow":"follow","max-snippet":"max-snippet:-1","max-image-preview":"max-image-preview:large","max-video-preview":"max-video-preview:-1"},"canonical":"https:\/\/www.onetimenexttime.sk\/arduino\/index.php\/produkt\/max3232-rs232-to-ttl-serial-port-converter-module-db9-connector\/","og_locale":"sk_SK","og_type":"article","og_title":"MAX3232 RS232 To TTL Serial Port Converter Module DB9 Connector - Arduino e-shop","og_description":"MAX3232 Modul prevodn\u00edka RS232 na TTL s\u00e9riov\u00e9ho portu DB9 konektor Popis: Tento produkt je \u0161iroko pou\u017e\u00edvan\u00fd v r\u00e1diov\u00fdch modifik\u00e1ci\u00e1ch, Flash&hellip;","og_url":"https:\/\/www.onetimenexttime.sk\/arduino\/index.php\/produkt\/max3232-rs232-to-ttl-serial-port-converter-module-db9-connector\/","og_site_name":"Arduino e-shop","article_modified_time":"2021-11-18T16:53:04+00:00","og_image":[{"width":500,"height":500,"url":"https:\/\/www.onetimenexttime.sk\/arduino\/wp-content\/uploads\/2021\/11\/711.jpg","type":"image\/jpeg"}],"twitter_card":"summary_large_image","twitter_misc":{"Predpokladan\u00fd \u010das \u010d\u00edtania":"1 min\u00fata"},"schema":{"@context":"https:\/\/schema.org","@graph":[{"@type":"WebPage","@id":"https:\/\/www.onetimenexttime.sk\/arduino\/index.php\/produkt\/max3232-rs232-to-ttl-serial-port-converter-module-db9-connector\/","url":"https:\/\/www.onetimenexttime.sk\/arduino\/index.php\/produkt\/max3232-rs232-to-ttl-serial-port-converter-module-db9-connector\/","name":"MAX3232 RS232 To TTL Serial Port Converter Module DB9 Connector - Arduino e-shop","isPartOf":{"@id":"https:\/\/www.onetimenexttime.sk\/arduino\/#website"},"primaryImageOfPage":{"@id":"https:\/\/www.onetimenexttime.sk\/arduino\/index.php\/produkt\/max3232-rs232-to-ttl-serial-port-converter-module-db9-connector\/#primaryimage"},"image":{"@id":"https:\/\/www.onetimenexttime.sk\/arduino\/index.php\/produkt\/max3232-rs232-to-ttl-serial-port-converter-module-db9-connector\/#primaryimage"},"thumbnailUrl":"https:\/\/www.onetimenexttime.sk\/arduino\/wp-content\/uploads\/2021\/11\/711.jpg","datePublished":"2021-11-18T16:46:44+00:00","dateModified":"2021-11-18T16:53:04+00:00","breadcrumb":{"@id":"https:\/\/www.onetimenexttime.sk\/arduino\/index.php\/produkt\/max3232-rs232-to-ttl-serial-port-converter-module-db9-connector\/#breadcrumb"},"inLanguage":"sk-SK","potentialAction":[{"@type":"ReadAction","target":["https:\/\/www.onetimenexttime.sk\/arduino\/index.php\/produkt\/max3232-rs232-to-ttl-serial-port-converter-module-db9-connector\/"]}]},{"@type":"ImageObject","inLanguage":"sk-SK","@id":"https:\/\/www.onetimenexttime.sk\/arduino\/index.php\/produkt\/max3232-rs232-to-ttl-serial-port-converter-module-db9-connector\/#primaryimage","url":"https:\/\/www.onetimenexttime.sk\/arduino\/wp-content\/uploads\/2021\/11\/711.jpg","contentUrl":"https:\/\/www.onetimenexttime.sk\/arduino\/wp-content\/uploads\/2021\/11\/711.jpg","width":500,"height":500},{"@type":"BreadcrumbList","@id":"https:\/\/www.onetimenexttime.sk\/arduino\/index.php\/produkt\/max3232-rs232-to-ttl-serial-port-converter-module-db9-connector\/#breadcrumb","itemListElement":[{"@type":"ListItem","position":1,"name":"Domov","item":"https:\/\/www.onetimenexttime.sk\/arduino\/"},{"@type":"ListItem","position":2,"name":"Obchod","item":"https:\/\/www.onetimenexttime.sk\/arduino\/"},{"@type":"ListItem","position":3,"name":"MAX3232 RS232 To TTL Serial Port Converter Module DB9 Connector"}]},{"@type":"WebSite","@id":"https:\/\/www.onetimenexttime.sk\/arduino\/#website","url":"https:\/\/www.onetimenexttime.sk\/arduino\/","name":"Arduino e-shop","description":"Home Assistant","potentialAction":[{"@type":"SearchAction","target":{"@type":"EntryPoint","urlTemplate":"https:\/\/www.onetimenexttime.sk\/arduino\/?s={search_term_string}"},"query-input":{"@type":"PropertyValueSpecification","valueRequired":true,"valueName":"search_term_string"}}],"inLanguage":"sk-SK"}]}},"_links":{"self":[{"href":"https:\/\/www.onetimenexttime.sk\/arduino\/index.php\/wp-json\/wp\/v2\/product\/1650"}],"collection":[{"href":"https:\/\/www.onetimenexttime.sk\/arduino\/index.php\/wp-json\/wp\/v2\/product"}],"about":[{"href":"https:\/\/www.onetimenexttime.sk\/arduino\/index.php\/wp-json\/wp\/v2\/types\/product"}],"wp:featuredmedia":[{"embeddable":true,"href":"https:\/\/www.onetimenexttime.sk\/arduino\/index.php\/wp-json\/wp\/v2\/media\/1651"}],"wp:attachment":[{"href":"https:\/\/www.onetimenexttime.sk\/arduino\/index.php\/wp-json\/wp\/v2\/media?parent=1650"}],"wp:term":[{"taxonomy":"product_cat","embeddable":true,"href":"https:\/\/www.onetimenexttime.sk\/arduino\/index.php\/wp-json\/wp\/v2\/product_cat?post=1650"},{"taxonomy":"product_tag","embeddable":true,"href":"https:\/\/www.onetimenexttime.sk\/arduino\/index.php\/wp-json\/wp\/v2\/product_tag?post=1650"}],"curies":[{"name":"wp","href":"https:\/\/api.w.org\/{rel}","templated":true}]}}