{"id":165,"date":"2021-10-18T11:17:38","date_gmt":"2021-10-18T09:17:38","guid":{"rendered":"https:\/\/www.onetimenexttime.sk\/arduino\/?post_type=product&#038;p=165"},"modified":"2022-11-18T08:02:44","modified_gmt":"2022-11-18T07:02:44","slug":"power-supply-module-booster-module-5v-to-12v-pressure-plate-mc34063-module","status":"publish","type":"product","link":"https:\/\/www.onetimenexttime.sk\/arduino\/index.php\/produkt\/power-supply-module-booster-module-5v-to-12v-pressure-plate-mc34063-module\/","title":{"rendered":"Power Supply Module Booster Module 5V To 12V Pressure Plate MC34063 Module"},"content":{"rendered":"<p>Parametre produktu:<br \/>\nVstupn\u00e9 nap\u00e4tie: 4,5-5,5V;<br \/>\nN\u00e1zov zostavy: 5V liter 12V Boost board;<br \/>\nV\u00fdstupn\u00e9 nap\u00e4tie: 11,5-12,5V;<br \/>\nMaxim\u00e1lny v\u00fdstupn\u00fd pr\u00fad: 60mA<br \/>\nHlavn\u00fd riadiaci \u010dip: MC34063<\/p>\n<p>modul je u\u017e zostaven\u00fd\u00a0 !<\/p>\n<p>&nbsp;<\/p>\n<p><strong>Package Included:<\/strong><\/p>\n<p>1 *\u00a0PCB plate<\/p>\n<p>1 *\u00a08PIC block<\/p>\n<p>1 *\u00a0MC34063<\/p>\n<p>1 *\u00a04.7K resistance<\/p>\n<p>1 *\u00a01.2K resistance<\/p>\n<p>1 *\u00a0200 ohm resistance<\/p>\n<p>1 *\u00a010K resistance<\/p>\n<p>1 *\u00a01 ohm resistance<\/p>\n<p>1 *\u00a01N5819<\/p>\n<p>1 *\u00a0101 ceramic capacitors<\/p>\n<p>2 *\u00a0104 ceramic capacitors<\/p>\n<p>1 * 25V47UF capacitor<\/p>\n<p>1 *\u00a03MM LED<\/p>\n<p>1\u00a0*\u00a0150UH inductance<\/p>\n<p data-spm-anchor-id=\"a2g0o.detail.1000023.i0.3f721ecboAvrlL\">2 *\u00a0KF301-2P<\/p>\n<p data-spm-anchor-id=\"a2g0o.detail.1000023.i0.3f721ecboAvrlL\">\n<p align=\"center\"><strong><span>DC 5V a\u017e DC 12V boostovac\u00ed modul<\/span><\/strong><\/p>\n<p align=\"left\"><span>5V a\u017e 12V posil\u0148ovac\u00ed modul je zalo\u017een\u00fd na \u010dipovom posil\u0148ovacom module MC34063, dok\u00e1\u017ee realizova\u0165 vstupn\u00e9 5V nap\u00e4tie, stabiln\u00fd v\u00fdstup 12V nap\u00e4tia.<\/span><\/p>\n<p><strong><span>A. Princ\u00edp<\/span><\/strong><br \/>\n<span>Tento obvod obsahuje hlavne filtra\u010dn\u00fa kapacitu, boostovac\u00ed \u010dip MC34063 a odpor, stratu nap\u00e4tia cez filtra\u010dn\u00fd kondenz\u00e1tor, prepojenie s booster \u010dipom MC34063, MC34063 zosil\u0148ova\u010d vstupn\u00e9ho nap\u00e4tia na v\u00fdstup 12V, po filtri elektrolytick\u00e9ho kondenz\u00e1tora stabiln\u00fd v\u00fdstup 12V Nap\u00e4tie.<\/span><\/p>\n<p><strong><span>B. Elektrick\u00e9 vlastnosti<\/span><\/strong><br \/>\n<span>Vstupn\u00e9 nap\u00e4tie: 4,5 ~ 5,5 V<\/span><br \/>\n<span>V\u00fdstupn\u00e9 nap\u00e4tie: 11,5 ~ 12,5<\/span><br \/>\n<span>V Maxim\u00e1lny v\u00fdstupn\u00fd pr\u00fad: 60 mA<\/span><br \/>\n<span>Ve\u013ekos\u0165 dosky plo\u0161n\u00fdch spojov: 6,5 * 2,5 cm<\/span><\/p>\n<p><strong><span>C. Schematick\u00fd diagram<\/span><\/strong><\/p>\n<p data-spm-anchor-id=\"a2g0o.detail.1000023.i0.3f721ecboAvrlL\"><img decoding=\"async\" src=\"http:\/\/www.icstation.com\/images\/ICS\/describe\/4151\/4151.0.jpg\" \/><\/p>\n<p data-spm-anchor-id=\"a2g0o.detail.1000023.i0.3f721ecboAvrlL\">\n<p><iframe loading=\"lazy\" title=\"DC\/DC \u043f\u0440\u0435\u043e\u0431\u0440\u0430\u0437\u043e\u0432\u0430\u0442\u0435\u043b\u044c \u043d\u0430 \u041c\u042134063, \u043d\u0430\u0431\u043e\u0440 \u0434\u043b\u044f \u0441\u0431\u043e\u0440\u043a\u0438\" width=\"1140\" height=\"641\" src=\"https:\/\/www.youtube.com\/embed\/wsPFT_yPGLg?feature=oembed\" frameborder=\"0\" allow=\"accelerometer; autoplay; clipboard-write; encrypted-media; gyroscope; picture-in-picture\" allowfullscreen><\/iframe><\/p>\n","protected":false},"excerpt":{"rendered":"<p>Parametre produktu: Vstupn\u00e9 nap\u00e4tie: 4,5-5,5V; N\u00e1zov zostavy: 5V liter 12V Boost board; V\u00fdstupn\u00e9 nap\u00e4tie: 11,5-12,5V; Maxim\u00e1lny v\u00fdstupn\u00fd pr\u00fad: 60mA Hlavn\u00fd&hellip;<\/p>\n","protected":false},"featured_media":166,"template":"","meta":{"_monsterinsights_skip_tracking":false,"_monsterinsights_sitenote_active":false,"_monsterinsights_sitenote_note":"","_monsterinsights_sitenote_category":0},"product_cat":[16,17,21],"product_tag":[],"class_list":{"0":"post-165","1":"product","2":"type-product","3":"status-publish","4":"has-post-thumbnail","6":"product_cat-ard","7":"product_cat-modul","8":"product_cat-pw","10":"first","11":"instock","12":"shipping-taxable","13":"purchasable","14":"product-type-simple"},"yoast_head":"<!-- This site is optimized with the Yoast SEO plugin v23.6 - https:\/\/yoast.com\/wordpress\/plugins\/seo\/ -->\n<title>Power Supply Module Booster Module 5V To 12V Pressure Plate MC34063 Module - Arduino e-shop<\/title>\n<meta name=\"robots\" content=\"index, follow, max-snippet:-1, max-image-preview:large, max-video-preview:-1\" \/>\n<link rel=\"canonical\" href=\"https:\/\/www.onetimenexttime.sk\/arduino\/index.php\/produkt\/power-supply-module-booster-module-5v-to-12v-pressure-plate-mc34063-module\/\" \/>\n<meta property=\"og:locale\" content=\"sk_SK\" \/>\n<meta property=\"og:type\" content=\"article\" \/>\n<meta property=\"og:title\" content=\"Power Supply Module Booster Module 5V To 12V Pressure Plate MC34063 Module - Arduino e-shop\" \/>\n<meta property=\"og:description\" content=\"Parametre produktu: Vstupn\u00e9 nap\u00e4tie: 4,5-5,5V; N\u00e1zov zostavy: 5V liter 12V Boost board; V\u00fdstupn\u00e9 nap\u00e4tie: 11,5-12,5V; Maxim\u00e1lny v\u00fdstupn\u00fd pr\u00fad: 60mA Hlavn\u00fd&hellip;\" \/>\n<meta property=\"og:url\" content=\"https:\/\/www.onetimenexttime.sk\/arduino\/index.php\/produkt\/power-supply-module-booster-module-5v-to-12v-pressure-plate-mc34063-module\/\" \/>\n<meta property=\"og:site_name\" content=\"Arduino e-shop\" \/>\n<meta property=\"article:modified_time\" content=\"2022-11-18T07:02:44+00:00\" \/>\n<meta property=\"og:image\" content=\"https:\/\/www.onetimenexttime.sk\/arduino\/wp-content\/uploads\/2021\/10\/336.jpg\" \/>\n\t<meta property=\"og:image:width\" content=\"1000\" \/>\n\t<meta property=\"og:image:height\" content=\"667\" \/>\n\t<meta property=\"og:image:type\" content=\"image\/jpeg\" \/>\n<meta name=\"twitter:card\" content=\"summary_large_image\" \/>\n<meta name=\"twitter:label1\" content=\"Predpokladan\u00fd \u010das \u010d\u00edtania\" \/>\n\t<meta name=\"twitter:data1\" content=\"1 min\u00fata\" \/>\n<script type=\"application\/ld+json\" class=\"yoast-schema-graph\">{\"@context\":\"https:\/\/schema.org\",\"@graph\":[{\"@type\":\"WebPage\",\"@id\":\"https:\/\/www.onetimenexttime.sk\/arduino\/index.php\/produkt\/power-supply-module-booster-module-5v-to-12v-pressure-plate-mc34063-module\/\",\"url\":\"https:\/\/www.onetimenexttime.sk\/arduino\/index.php\/produkt\/power-supply-module-booster-module-5v-to-12v-pressure-plate-mc34063-module\/\",\"name\":\"Power Supply Module Booster Module 5V To 12V Pressure Plate MC34063 Module - Arduino e-shop\",\"isPartOf\":{\"@id\":\"https:\/\/www.onetimenexttime.sk\/arduino\/#website\"},\"primaryImageOfPage\":{\"@id\":\"https:\/\/www.onetimenexttime.sk\/arduino\/index.php\/produkt\/power-supply-module-booster-module-5v-to-12v-pressure-plate-mc34063-module\/#primaryimage\"},\"image\":{\"@id\":\"https:\/\/www.onetimenexttime.sk\/arduino\/index.php\/produkt\/power-supply-module-booster-module-5v-to-12v-pressure-plate-mc34063-module\/#primaryimage\"},\"thumbnailUrl\":\"https:\/\/www.onetimenexttime.sk\/arduino\/wp-content\/uploads\/2021\/10\/336.jpg\",\"datePublished\":\"2021-10-18T09:17:38+00:00\",\"dateModified\":\"2022-11-18T07:02:44+00:00\",\"breadcrumb\":{\"@id\":\"https:\/\/www.onetimenexttime.sk\/arduino\/index.php\/produkt\/power-supply-module-booster-module-5v-to-12v-pressure-plate-mc34063-module\/#breadcrumb\"},\"inLanguage\":\"sk-SK\",\"potentialAction\":[{\"@type\":\"ReadAction\",\"target\":[\"https:\/\/www.onetimenexttime.sk\/arduino\/index.php\/produkt\/power-supply-module-booster-module-5v-to-12v-pressure-plate-mc34063-module\/\"]}]},{\"@type\":\"ImageObject\",\"inLanguage\":\"sk-SK\",\"@id\":\"https:\/\/www.onetimenexttime.sk\/arduino\/index.php\/produkt\/power-supply-module-booster-module-5v-to-12v-pressure-plate-mc34063-module\/#primaryimage\",\"url\":\"https:\/\/www.onetimenexttime.sk\/arduino\/wp-content\/uploads\/2021\/10\/336.jpg\",\"contentUrl\":\"https:\/\/www.onetimenexttime.sk\/arduino\/wp-content\/uploads\/2021\/10\/336.jpg\",\"width\":1000,\"height\":667},{\"@type\":\"BreadcrumbList\",\"@id\":\"https:\/\/www.onetimenexttime.sk\/arduino\/index.php\/produkt\/power-supply-module-booster-module-5v-to-12v-pressure-plate-mc34063-module\/#breadcrumb\",\"itemListElement\":[{\"@type\":\"ListItem\",\"position\":1,\"name\":\"Domov\",\"item\":\"https:\/\/www.onetimenexttime.sk\/arduino\/\"},{\"@type\":\"ListItem\",\"position\":2,\"name\":\"Obchod\",\"item\":\"https:\/\/www.onetimenexttime.sk\/arduino\/\"},{\"@type\":\"ListItem\",\"position\":3,\"name\":\"Power Supply Module Booster Module 5V To 12V Pressure Plate MC34063 Module\"}]},{\"@type\":\"WebSite\",\"@id\":\"https:\/\/www.onetimenexttime.sk\/arduino\/#website\",\"url\":\"https:\/\/www.onetimenexttime.sk\/arduino\/\",\"name\":\"Arduino e-shop\",\"description\":\"Home Assistant\",\"potentialAction\":[{\"@type\":\"SearchAction\",\"target\":{\"@type\":\"EntryPoint\",\"urlTemplate\":\"https:\/\/www.onetimenexttime.sk\/arduino\/?s={search_term_string}\"},\"query-input\":{\"@type\":\"PropertyValueSpecification\",\"valueRequired\":true,\"valueName\":\"search_term_string\"}}],\"inLanguage\":\"sk-SK\"}]}<\/script>\n<!-- \/ Yoast SEO plugin. -->","yoast_head_json":{"title":"Power Supply Module Booster Module 5V To 12V Pressure Plate MC34063 Module - Arduino e-shop","robots":{"index":"index","follow":"follow","max-snippet":"max-snippet:-1","max-image-preview":"max-image-preview:large","max-video-preview":"max-video-preview:-1"},"canonical":"https:\/\/www.onetimenexttime.sk\/arduino\/index.php\/produkt\/power-supply-module-booster-module-5v-to-12v-pressure-plate-mc34063-module\/","og_locale":"sk_SK","og_type":"article","og_title":"Power Supply Module Booster Module 5V To 12V Pressure Plate MC34063 Module - Arduino e-shop","og_description":"Parametre produktu: Vstupn\u00e9 nap\u00e4tie: 4,5-5,5V; N\u00e1zov zostavy: 5V liter 12V Boost board; V\u00fdstupn\u00e9 nap\u00e4tie: 11,5-12,5V; Maxim\u00e1lny v\u00fdstupn\u00fd pr\u00fad: 60mA Hlavn\u00fd&hellip;","og_url":"https:\/\/www.onetimenexttime.sk\/arduino\/index.php\/produkt\/power-supply-module-booster-module-5v-to-12v-pressure-plate-mc34063-module\/","og_site_name":"Arduino e-shop","article_modified_time":"2022-11-18T07:02:44+00:00","og_image":[{"width":1000,"height":667,"url":"https:\/\/www.onetimenexttime.sk\/arduino\/wp-content\/uploads\/2021\/10\/336.jpg","type":"image\/jpeg"}],"twitter_card":"summary_large_image","twitter_misc":{"Predpokladan\u00fd \u010das \u010d\u00edtania":"1 min\u00fata"},"schema":{"@context":"https:\/\/schema.org","@graph":[{"@type":"WebPage","@id":"https:\/\/www.onetimenexttime.sk\/arduino\/index.php\/produkt\/power-supply-module-booster-module-5v-to-12v-pressure-plate-mc34063-module\/","url":"https:\/\/www.onetimenexttime.sk\/arduino\/index.php\/produkt\/power-supply-module-booster-module-5v-to-12v-pressure-plate-mc34063-module\/","name":"Power Supply Module Booster Module 5V To 12V Pressure Plate MC34063 Module - Arduino e-shop","isPartOf":{"@id":"https:\/\/www.onetimenexttime.sk\/arduino\/#website"},"primaryImageOfPage":{"@id":"https:\/\/www.onetimenexttime.sk\/arduino\/index.php\/produkt\/power-supply-module-booster-module-5v-to-12v-pressure-plate-mc34063-module\/#primaryimage"},"image":{"@id":"https:\/\/www.onetimenexttime.sk\/arduino\/index.php\/produkt\/power-supply-module-booster-module-5v-to-12v-pressure-plate-mc34063-module\/#primaryimage"},"thumbnailUrl":"https:\/\/www.onetimenexttime.sk\/arduino\/wp-content\/uploads\/2021\/10\/336.jpg","datePublished":"2021-10-18T09:17:38+00:00","dateModified":"2022-11-18T07:02:44+00:00","breadcrumb":{"@id":"https:\/\/www.onetimenexttime.sk\/arduino\/index.php\/produkt\/power-supply-module-booster-module-5v-to-12v-pressure-plate-mc34063-module\/#breadcrumb"},"inLanguage":"sk-SK","potentialAction":[{"@type":"ReadAction","target":["https:\/\/www.onetimenexttime.sk\/arduino\/index.php\/produkt\/power-supply-module-booster-module-5v-to-12v-pressure-plate-mc34063-module\/"]}]},{"@type":"ImageObject","inLanguage":"sk-SK","@id":"https:\/\/www.onetimenexttime.sk\/arduino\/index.php\/produkt\/power-supply-module-booster-module-5v-to-12v-pressure-plate-mc34063-module\/#primaryimage","url":"https:\/\/www.onetimenexttime.sk\/arduino\/wp-content\/uploads\/2021\/10\/336.jpg","contentUrl":"https:\/\/www.onetimenexttime.sk\/arduino\/wp-content\/uploads\/2021\/10\/336.jpg","width":1000,"height":667},{"@type":"BreadcrumbList","@id":"https:\/\/www.onetimenexttime.sk\/arduino\/index.php\/produkt\/power-supply-module-booster-module-5v-to-12v-pressure-plate-mc34063-module\/#breadcrumb","itemListElement":[{"@type":"ListItem","position":1,"name":"Domov","item":"https:\/\/www.onetimenexttime.sk\/arduino\/"},{"@type":"ListItem","position":2,"name":"Obchod","item":"https:\/\/www.onetimenexttime.sk\/arduino\/"},{"@type":"ListItem","position":3,"name":"Power Supply Module Booster Module 5V To 12V Pressure Plate MC34063 Module"}]},{"@type":"WebSite","@id":"https:\/\/www.onetimenexttime.sk\/arduino\/#website","url":"https:\/\/www.onetimenexttime.sk\/arduino\/","name":"Arduino e-shop","description":"Home Assistant","potentialAction":[{"@type":"SearchAction","target":{"@type":"EntryPoint","urlTemplate":"https:\/\/www.onetimenexttime.sk\/arduino\/?s={search_term_string}"},"query-input":{"@type":"PropertyValueSpecification","valueRequired":true,"valueName":"search_term_string"}}],"inLanguage":"sk-SK"}]}},"_links":{"self":[{"href":"https:\/\/www.onetimenexttime.sk\/arduino\/index.php\/wp-json\/wp\/v2\/product\/165"}],"collection":[{"href":"https:\/\/www.onetimenexttime.sk\/arduino\/index.php\/wp-json\/wp\/v2\/product"}],"about":[{"href":"https:\/\/www.onetimenexttime.sk\/arduino\/index.php\/wp-json\/wp\/v2\/types\/product"}],"wp:featuredmedia":[{"embeddable":true,"href":"https:\/\/www.onetimenexttime.sk\/arduino\/index.php\/wp-json\/wp\/v2\/media\/166"}],"wp:attachment":[{"href":"https:\/\/www.onetimenexttime.sk\/arduino\/index.php\/wp-json\/wp\/v2\/media?parent=165"}],"wp:term":[{"taxonomy":"product_cat","embeddable":true,"href":"https:\/\/www.onetimenexttime.sk\/arduino\/index.php\/wp-json\/wp\/v2\/product_cat?post=165"},{"taxonomy":"product_tag","embeddable":true,"href":"https:\/\/www.onetimenexttime.sk\/arduino\/index.php\/wp-json\/wp\/v2\/product_tag?post=165"}],"curies":[{"name":"wp","href":"https:\/\/api.w.org\/{rel}","templated":true}]}}