{"id":1648,"date":"2021-11-18T17:42:12","date_gmt":"2021-11-18T16:42:12","guid":{"rendered":"https:\/\/www.onetimenexttime.sk\/arduino\/?post_type=product&#038;p=1648"},"modified":"2021-11-18T17:46:22","modified_gmt":"2021-11-18T16:46:22","slug":"usbasp-usbisp-avr-programmer-3-3v-5v-atmega8-atmega128-usb-asp-isp-attiny-can-pwm-10pin-wire-support-win7-64bit","status":"publish","type":"product","link":"https:\/\/www.onetimenexttime.sk\/arduino\/index.php\/produkt\/usbasp-usbisp-avr-programmer-3-3v-5v-atmega8-atmega128-usb-asp-isp-attiny-can-pwm-10pin-wire-support-win7-64bit\/","title":{"rendered":"USBASP USBISP AVR Programmer 3.3V\/5V ATMEGA8 ATMEGA128 USB ASP ISP ATtiny\/CAN\/PWM +10Pin Wire Support Win7 64Bit"},"content":{"rendered":"<h2>USBASP USBISP AVR program\u00e1tor 3.3V\/5V ATMEGA8 ATMEGA128 USB ASP ISP ATtiny\/CAN\/PWM +10pin Wire podpora Win7 64Bit<\/h2>\n<p>&nbsp;<\/p>\n<p>Tento program\u00e1tor je zalo\u017een\u00fd na dizajne Thomasa Fischla USBasp a prip\u00e1ja sa k USB portu v\u00e1\u0161ho po\u010d\u00edta\u010da. Nielen, \u017ee je pomerne kompaktn\u00fd, ale aj dizajn je skuto\u010dne elegantn\u00fd. Rozhranie USB je dosiahnut\u00e9 pomocou procesora atmega a zvy\u0161ok sa vykon\u00e1va vo firmv\u00e9ri. Pre z\u00e1ujemcov si zdrojov\u00fd k\u00f3d firmv\u00e9ru mo\u017eno stiahnu\u0165 z webovej str\u00e1nky USBasp.<\/p>\n<p>&nbsp;<\/p>\n<p><strong>Niektor\u00e9 z funkci\u00ed zah\u0155\u0148aj\u00fa:<\/strong><\/p>\n<p>Podpora pre AVRDude od verzie 5.2 vy\u0161\u0161ie<br \/>\nUmo\u017e\u0148uje \u010d\u00edta\u0165 alebo zapisova\u0165 EEPROM mikrokontrol\u00e9ra, firmv\u00e9r, poistkov\u00e9 bity a uzamykacie bity<br \/>\nPodpora pre Linux, Mac OS X a Windows (bude fungova\u0165 na Windows Vista)<br \/>\nMaxim\u00e1lna r\u00fdchlos\u0165 z\u00e1pisu 5 KB\/s<br \/>\nSoftv\u00e9rov\u00e1 mo\u017enos\u0165 SCK na podporu cie\u013eov s n\u00edzkou r\u00fdchlos\u0165ou hod\u00edn (&lt; 1,5 MHz)<br \/>\n10 pin ISP rozhranie<br \/>\nTieto program\u00e1tory s\u00fa dokonal\u00fdm spolo\u010dn\u00edkom k v\u00fdvojovej doske Protostack 28 pin AVR Development Board alebo k v\u00fdvojovej s\u00faprave Protostack ATMEGA8.<\/p>\n<p><strong>Medzi podporovan\u00e9 mikrokontrol\u00e9ry patria:<\/strong><\/p>\n<p><strong>Mega s\u00e9ria<\/strong><br \/>\nATmega8 ATmega48 ATmega88 ATmega168 ATmega328<br \/>\nATmega103 ATmega128 ATmega1280 ATmega1281 ATmega16<br \/>\nATmega161 ATmega162 ATmega163 ATmega164 ATmega169<br \/>\nATmega2560 ATmega2561 ATmega32 ATmega324 ATmega329<br \/>\nATmega3290 ATmega64 ATmega640 ATmega644 ATmega649<br \/>\nATmega6490 ATmega8515 ATmega8535<br \/>\nDrobn\u00e1 s\u00e9ria<br \/>\nATtiny12 ATtiny13 ATtiny15 ATtiny25 ATtiny26<br \/>\nATtiny45 ATtiny85 ATtiny2313<br \/>\n<strong>Klasick\u00e1 s\u00e9ria<\/strong><br \/>\nAT90S1200 AT90S2313 AT90S2333 AT90S2343 AT90S4414<br \/>\nAT90S4433 AT90S4434 AT90S8515<br \/>\nAT90S8535<br \/>\n<strong>S\u00e9ria CAN<\/strong><br \/>\nAT90CAN128<br \/>\nS\u00e9ria PWM<br \/>\nAT90PWM2 AT90PWM3<\/p>\n<p>&nbsp;<\/p>\n<p>https:\/\/www.instructables.com\/Programming-Microcontrollers-With-a-USBasp-Program\/<\/p>\n","protected":false},"excerpt":{"rendered":"<p>USBASP USBISP AVR program\u00e1tor 3.3V\/5V ATMEGA8 ATMEGA128 USB ASP ISP ATtiny\/CAN\/PWM +10pin Wire podpora Win7 64Bit &nbsp; Tento program\u00e1tor je&hellip;<\/p>\n","protected":false},"featured_media":1649,"template":"","meta":{"_monsterinsights_skip_tracking":false,"_monsterinsights_sitenote_active":false,"_monsterinsights_sitenote_note":"","_monsterinsights_sitenote_category":0},"product_cat":[16,80,30],"product_tag":[],"class_list":{"0":"post-1648","1":"product","2":"type-product","3":"status-publish","4":"has-post-thumbnail","6":"product_cat-ard","7":"product_cat-i2c","8":"product_cat-programovanie","10":"first","11":"instock","12":"shipping-taxable","13":"purchasable","14":"product-type-simple"},"yoast_head":"<!-- This site is optimized with the Yoast SEO plugin v23.6 - https:\/\/yoast.com\/wordpress\/plugins\/seo\/ -->\n<title>USBASP USBISP AVR Programmer 3.3V\/5V ATMEGA8 ATMEGA128 USB ASP ISP ATtiny\/CAN\/PWM +10Pin Wire Support Win7 64Bit - Arduino e-shop<\/title>\n<meta name=\"robots\" content=\"index, follow, max-snippet:-1, max-image-preview:large, max-video-preview:-1\" \/>\n<link rel=\"canonical\" href=\"https:\/\/www.onetimenexttime.sk\/arduino\/index.php\/produkt\/usbasp-usbisp-avr-programmer-3-3v-5v-atmega8-atmega128-usb-asp-isp-attiny-can-pwm-10pin-wire-support-win7-64bit\/\" \/>\n<meta property=\"og:locale\" content=\"sk_SK\" \/>\n<meta property=\"og:type\" content=\"article\" \/>\n<meta property=\"og:title\" content=\"USBASP USBISP AVR Programmer 3.3V\/5V ATMEGA8 ATMEGA128 USB ASP ISP ATtiny\/CAN\/PWM +10Pin Wire Support Win7 64Bit - Arduino e-shop\" \/>\n<meta property=\"og:description\" content=\"USBASP USBISP AVR program\u00e1tor 3.3V\/5V ATMEGA8 ATMEGA128 USB ASP ISP ATtiny\/CAN\/PWM +10pin Wire podpora Win7 64Bit &nbsp; Tento program\u00e1tor je&hellip;\" \/>\n<meta property=\"og:url\" content=\"https:\/\/www.onetimenexttime.sk\/arduino\/index.php\/produkt\/usbasp-usbisp-avr-programmer-3-3v-5v-atmega8-atmega128-usb-asp-isp-attiny-can-pwm-10pin-wire-support-win7-64bit\/\" \/>\n<meta property=\"og:site_name\" content=\"Arduino e-shop\" \/>\n<meta property=\"article:modified_time\" content=\"2021-11-18T16:46:22+00:00\" \/>\n<meta property=\"og:image\" content=\"https:\/\/www.onetimenexttime.sk\/arduino\/wp-content\/uploads\/2021\/11\/708.jpg\" \/>\n\t<meta property=\"og:image:width\" content=\"477\" \/>\n\t<meta property=\"og:image:height\" content=\"479\" \/>\n\t<meta property=\"og:image:type\" content=\"image\/jpeg\" \/>\n<meta name=\"twitter:card\" content=\"summary_large_image\" \/>\n<meta name=\"twitter:label1\" content=\"Predpokladan\u00fd \u010das \u010d\u00edtania\" \/>\n\t<meta name=\"twitter:data1\" content=\"1 min\u00fata\" \/>\n<script type=\"application\/ld+json\" class=\"yoast-schema-graph\">{\"@context\":\"https:\/\/schema.org\",\"@graph\":[{\"@type\":\"WebPage\",\"@id\":\"https:\/\/www.onetimenexttime.sk\/arduino\/index.php\/produkt\/usbasp-usbisp-avr-programmer-3-3v-5v-atmega8-atmega128-usb-asp-isp-attiny-can-pwm-10pin-wire-support-win7-64bit\/\",\"url\":\"https:\/\/www.onetimenexttime.sk\/arduino\/index.php\/produkt\/usbasp-usbisp-avr-programmer-3-3v-5v-atmega8-atmega128-usb-asp-isp-attiny-can-pwm-10pin-wire-support-win7-64bit\/\",\"name\":\"USBASP USBISP AVR Programmer 3.3V\/5V ATMEGA8 ATMEGA128 USB ASP ISP ATtiny\/CAN\/PWM +10Pin Wire Support Win7 64Bit - Arduino e-shop\",\"isPartOf\":{\"@id\":\"https:\/\/www.onetimenexttime.sk\/arduino\/#website\"},\"primaryImageOfPage\":{\"@id\":\"https:\/\/www.onetimenexttime.sk\/arduino\/index.php\/produkt\/usbasp-usbisp-avr-programmer-3-3v-5v-atmega8-atmega128-usb-asp-isp-attiny-can-pwm-10pin-wire-support-win7-64bit\/#primaryimage\"},\"image\":{\"@id\":\"https:\/\/www.onetimenexttime.sk\/arduino\/index.php\/produkt\/usbasp-usbisp-avr-programmer-3-3v-5v-atmega8-atmega128-usb-asp-isp-attiny-can-pwm-10pin-wire-support-win7-64bit\/#primaryimage\"},\"thumbnailUrl\":\"https:\/\/www.onetimenexttime.sk\/arduino\/wp-content\/uploads\/2021\/11\/708.jpg\",\"datePublished\":\"2021-11-18T16:42:12+00:00\",\"dateModified\":\"2021-11-18T16:46:22+00:00\",\"breadcrumb\":{\"@id\":\"https:\/\/www.onetimenexttime.sk\/arduino\/index.php\/produkt\/usbasp-usbisp-avr-programmer-3-3v-5v-atmega8-atmega128-usb-asp-isp-attiny-can-pwm-10pin-wire-support-win7-64bit\/#breadcrumb\"},\"inLanguage\":\"sk-SK\",\"potentialAction\":[{\"@type\":\"ReadAction\",\"target\":[\"https:\/\/www.onetimenexttime.sk\/arduino\/index.php\/produkt\/usbasp-usbisp-avr-programmer-3-3v-5v-atmega8-atmega128-usb-asp-isp-attiny-can-pwm-10pin-wire-support-win7-64bit\/\"]}]},{\"@type\":\"ImageObject\",\"inLanguage\":\"sk-SK\",\"@id\":\"https:\/\/www.onetimenexttime.sk\/arduino\/index.php\/produkt\/usbasp-usbisp-avr-programmer-3-3v-5v-atmega8-atmega128-usb-asp-isp-attiny-can-pwm-10pin-wire-support-win7-64bit\/#primaryimage\",\"url\":\"https:\/\/www.onetimenexttime.sk\/arduino\/wp-content\/uploads\/2021\/11\/708.jpg\",\"contentUrl\":\"https:\/\/www.onetimenexttime.sk\/arduino\/wp-content\/uploads\/2021\/11\/708.jpg\",\"width\":477,\"height\":479},{\"@type\":\"BreadcrumbList\",\"@id\":\"https:\/\/www.onetimenexttime.sk\/arduino\/index.php\/produkt\/usbasp-usbisp-avr-programmer-3-3v-5v-atmega8-atmega128-usb-asp-isp-attiny-can-pwm-10pin-wire-support-win7-64bit\/#breadcrumb\",\"itemListElement\":[{\"@type\":\"ListItem\",\"position\":1,\"name\":\"Domov\",\"item\":\"https:\/\/www.onetimenexttime.sk\/arduino\/\"},{\"@type\":\"ListItem\",\"position\":2,\"name\":\"Obchod\",\"item\":\"https:\/\/www.onetimenexttime.sk\/arduino\/\"},{\"@type\":\"ListItem\",\"position\":3,\"name\":\"USBASP USBISP AVR Programmer 3.3V\/5V ATMEGA8 ATMEGA128 USB ASP ISP ATtiny\/CAN\/PWM +10Pin Wire Support Win7 64Bit\"}]},{\"@type\":\"WebSite\",\"@id\":\"https:\/\/www.onetimenexttime.sk\/arduino\/#website\",\"url\":\"https:\/\/www.onetimenexttime.sk\/arduino\/\",\"name\":\"Arduino e-shop\",\"description\":\"Home Assistant\",\"potentialAction\":[{\"@type\":\"SearchAction\",\"target\":{\"@type\":\"EntryPoint\",\"urlTemplate\":\"https:\/\/www.onetimenexttime.sk\/arduino\/?s={search_term_string}\"},\"query-input\":{\"@type\":\"PropertyValueSpecification\",\"valueRequired\":true,\"valueName\":\"search_term_string\"}}],\"inLanguage\":\"sk-SK\"}]}<\/script>\n<!-- \/ Yoast SEO plugin. -->","yoast_head_json":{"title":"USBASP USBISP AVR Programmer 3.3V\/5V ATMEGA8 ATMEGA128 USB ASP ISP ATtiny\/CAN\/PWM +10Pin Wire Support Win7 64Bit - Arduino e-shop","robots":{"index":"index","follow":"follow","max-snippet":"max-snippet:-1","max-image-preview":"max-image-preview:large","max-video-preview":"max-video-preview:-1"},"canonical":"https:\/\/www.onetimenexttime.sk\/arduino\/index.php\/produkt\/usbasp-usbisp-avr-programmer-3-3v-5v-atmega8-atmega128-usb-asp-isp-attiny-can-pwm-10pin-wire-support-win7-64bit\/","og_locale":"sk_SK","og_type":"article","og_title":"USBASP USBISP AVR Programmer 3.3V\/5V ATMEGA8 ATMEGA128 USB ASP ISP ATtiny\/CAN\/PWM +10Pin Wire Support Win7 64Bit - Arduino e-shop","og_description":"USBASP USBISP AVR program\u00e1tor 3.3V\/5V ATMEGA8 ATMEGA128 USB ASP ISP ATtiny\/CAN\/PWM +10pin Wire podpora Win7 64Bit &nbsp; Tento program\u00e1tor je&hellip;","og_url":"https:\/\/www.onetimenexttime.sk\/arduino\/index.php\/produkt\/usbasp-usbisp-avr-programmer-3-3v-5v-atmega8-atmega128-usb-asp-isp-attiny-can-pwm-10pin-wire-support-win7-64bit\/","og_site_name":"Arduino e-shop","article_modified_time":"2021-11-18T16:46:22+00:00","og_image":[{"width":477,"height":479,"url":"https:\/\/www.onetimenexttime.sk\/arduino\/wp-content\/uploads\/2021\/11\/708.jpg","type":"image\/jpeg"}],"twitter_card":"summary_large_image","twitter_misc":{"Predpokladan\u00fd \u010das \u010d\u00edtania":"1 min\u00fata"},"schema":{"@context":"https:\/\/schema.org","@graph":[{"@type":"WebPage","@id":"https:\/\/www.onetimenexttime.sk\/arduino\/index.php\/produkt\/usbasp-usbisp-avr-programmer-3-3v-5v-atmega8-atmega128-usb-asp-isp-attiny-can-pwm-10pin-wire-support-win7-64bit\/","url":"https:\/\/www.onetimenexttime.sk\/arduino\/index.php\/produkt\/usbasp-usbisp-avr-programmer-3-3v-5v-atmega8-atmega128-usb-asp-isp-attiny-can-pwm-10pin-wire-support-win7-64bit\/","name":"USBASP USBISP AVR Programmer 3.3V\/5V ATMEGA8 ATMEGA128 USB ASP ISP ATtiny\/CAN\/PWM +10Pin Wire Support Win7 64Bit - Arduino e-shop","isPartOf":{"@id":"https:\/\/www.onetimenexttime.sk\/arduino\/#website"},"primaryImageOfPage":{"@id":"https:\/\/www.onetimenexttime.sk\/arduino\/index.php\/produkt\/usbasp-usbisp-avr-programmer-3-3v-5v-atmega8-atmega128-usb-asp-isp-attiny-can-pwm-10pin-wire-support-win7-64bit\/#primaryimage"},"image":{"@id":"https:\/\/www.onetimenexttime.sk\/arduino\/index.php\/produkt\/usbasp-usbisp-avr-programmer-3-3v-5v-atmega8-atmega128-usb-asp-isp-attiny-can-pwm-10pin-wire-support-win7-64bit\/#primaryimage"},"thumbnailUrl":"https:\/\/www.onetimenexttime.sk\/arduino\/wp-content\/uploads\/2021\/11\/708.jpg","datePublished":"2021-11-18T16:42:12+00:00","dateModified":"2021-11-18T16:46:22+00:00","breadcrumb":{"@id":"https:\/\/www.onetimenexttime.sk\/arduino\/index.php\/produkt\/usbasp-usbisp-avr-programmer-3-3v-5v-atmega8-atmega128-usb-asp-isp-attiny-can-pwm-10pin-wire-support-win7-64bit\/#breadcrumb"},"inLanguage":"sk-SK","potentialAction":[{"@type":"ReadAction","target":["https:\/\/www.onetimenexttime.sk\/arduino\/index.php\/produkt\/usbasp-usbisp-avr-programmer-3-3v-5v-atmega8-atmega128-usb-asp-isp-attiny-can-pwm-10pin-wire-support-win7-64bit\/"]}]},{"@type":"ImageObject","inLanguage":"sk-SK","@id":"https:\/\/www.onetimenexttime.sk\/arduino\/index.php\/produkt\/usbasp-usbisp-avr-programmer-3-3v-5v-atmega8-atmega128-usb-asp-isp-attiny-can-pwm-10pin-wire-support-win7-64bit\/#primaryimage","url":"https:\/\/www.onetimenexttime.sk\/arduino\/wp-content\/uploads\/2021\/11\/708.jpg","contentUrl":"https:\/\/www.onetimenexttime.sk\/arduino\/wp-content\/uploads\/2021\/11\/708.jpg","width":477,"height":479},{"@type":"BreadcrumbList","@id":"https:\/\/www.onetimenexttime.sk\/arduino\/index.php\/produkt\/usbasp-usbisp-avr-programmer-3-3v-5v-atmega8-atmega128-usb-asp-isp-attiny-can-pwm-10pin-wire-support-win7-64bit\/#breadcrumb","itemListElement":[{"@type":"ListItem","position":1,"name":"Domov","item":"https:\/\/www.onetimenexttime.sk\/arduino\/"},{"@type":"ListItem","position":2,"name":"Obchod","item":"https:\/\/www.onetimenexttime.sk\/arduino\/"},{"@type":"ListItem","position":3,"name":"USBASP USBISP AVR Programmer 3.3V\/5V ATMEGA8 ATMEGA128 USB ASP ISP ATtiny\/CAN\/PWM +10Pin Wire Support Win7 64Bit"}]},{"@type":"WebSite","@id":"https:\/\/www.onetimenexttime.sk\/arduino\/#website","url":"https:\/\/www.onetimenexttime.sk\/arduino\/","name":"Arduino e-shop","description":"Home Assistant","potentialAction":[{"@type":"SearchAction","target":{"@type":"EntryPoint","urlTemplate":"https:\/\/www.onetimenexttime.sk\/arduino\/?s={search_term_string}"},"query-input":{"@type":"PropertyValueSpecification","valueRequired":true,"valueName":"search_term_string"}}],"inLanguage":"sk-SK"}]}},"_links":{"self":[{"href":"https:\/\/www.onetimenexttime.sk\/arduino\/index.php\/wp-json\/wp\/v2\/product\/1648"}],"collection":[{"href":"https:\/\/www.onetimenexttime.sk\/arduino\/index.php\/wp-json\/wp\/v2\/product"}],"about":[{"href":"https:\/\/www.onetimenexttime.sk\/arduino\/index.php\/wp-json\/wp\/v2\/types\/product"}],"wp:featuredmedia":[{"embeddable":true,"href":"https:\/\/www.onetimenexttime.sk\/arduino\/index.php\/wp-json\/wp\/v2\/media\/1649"}],"wp:attachment":[{"href":"https:\/\/www.onetimenexttime.sk\/arduino\/index.php\/wp-json\/wp\/v2\/media?parent=1648"}],"wp:term":[{"taxonomy":"product_cat","embeddable":true,"href":"https:\/\/www.onetimenexttime.sk\/arduino\/index.php\/wp-json\/wp\/v2\/product_cat?post=1648"},{"taxonomy":"product_tag","embeddable":true,"href":"https:\/\/www.onetimenexttime.sk\/arduino\/index.php\/wp-json\/wp\/v2\/product_tag?post=1648"}],"curies":[{"name":"wp","href":"https:\/\/api.w.org\/{rel}","templated":true}]}}