{"id":1646,"date":"2021-11-18T17:38:30","date_gmt":"2021-11-18T16:38:30","guid":{"rendered":"https:\/\/www.onetimenexttime.sk\/arduino\/?post_type=product&#038;p=1646"},"modified":"2021-11-18T17:41:28","modified_gmt":"2021-11-18T16:41:28","slug":"iic-i2c-level-conversion-module-5-3v-system-compatible-2-road-sensor-module-for-arduino","status":"publish","type":"product","link":"https:\/\/www.onetimenexttime.sk\/arduino\/index.php\/produkt\/iic-i2c-level-conversion-module-5-3v-system-compatible-2-road-sensor-module-for-arduino\/","title":{"rendered":"IIC I2C level conversion module 5-3v system compatible 2 road sensor module For arduino"},"content":{"rendered":"<h2>IIC I2C modul na konverziu \u00farovne 5-3V kompatibiln\u00fd so syst\u00e9mom 2 modul cestn\u00fdch senzorov pre arduino<\/h2>\n<p>&nbsp;<\/p>\n<p><strong>popis\u00a0\u00a0<\/strong><\/p>\n<p>Ak ste niekedy sk\u00fa\u0161ali pripoji\u0165 3,3V zariadenie k 5V syst\u00e9mu, viete, ak\u00e1 to m\u00f4\u017ee by\u0165 v\u00fdzva. obojsmern\u00fd konvertor logickej \u00farovne je mal\u00e9 zariadenie, ktor\u00e9 bezpe\u010dne zn\u00ed\u017ei 5V sign\u00e1ly na 3,3V A s\u00fa\u010dasne zv\u00fd\u0161i 3,3V na 5V. Tento prevodn\u00edk \u00farovn\u00ed funguje aj s 2,8V a 1,8V zariadeniami. To, \u010do skuto\u010dne odli\u0161uje tento konvertor logickej \u00farovne od na\u0161ich predch\u00e1dzaj\u00facich verzi\u00ed, je to, \u017ee m\u00f4\u017eete \u00faspe\u0161ne nastavi\u0165 vysok\u00e9 a n\u00edzke nap\u00e4tie a bezpe\u010dne medzi nimi st\u00fapa\u0165 a klesa\u0165 na rovnakom kan\u00e1li. Ka\u017ed\u00fd prevodn\u00edk \u00farovn\u00ed m\u00e1 schopnos\u0165 konvertova\u0165 4 kol\u00edky na vysokej strane na 4 kol\u00edky na n\u00edzkej strane s dvoma vstupmi a dvoma v\u00fdstupmi pre ka\u017ed\u00fa stranu.<\/p>\n<p>Prevodn\u00edk \u00farovn\u00ed sa pou\u017e\u00edva ve\u013emi jednoducho. Doska mus\u00ed by\u0165 nap\u00e1jan\u00e1 z dvoch zdrojov nap\u00e4tia (vysok\u00e9 nap\u00e4tie a n\u00edzke nap\u00e4tie), ktor\u00e9 v\u00e1\u0161 syst\u00e9m pou\u017e\u00edva. Vysok\u00e9 nap\u00e4tie (napr\u00edklad 5 V) na kol\u00edk \u201eHV\u201c, n\u00edzke nap\u00e4tie (napr\u00edklad 3,3 V) na kol\u00edk \u201eLV\u201c a uzemnenie zo syst\u00e9mu na kol\u00edk \u201eGND\u201c.<\/p>\n<p>Rozmery:\u00a0 16,05 x 13,33 mm<\/p>\n","protected":false},"excerpt":{"rendered":"<p>IIC I2C modul na konverziu \u00farovne 5-3V kompatibiln\u00fd so syst\u00e9mom 2 modul cestn\u00fdch senzorov pre arduino &nbsp; popis\u00a0\u00a0 Ak ste&hellip;<\/p>\n","protected":false},"featured_media":1647,"template":"","meta":{"_monsterinsights_skip_tracking":false,"_monsterinsights_sitenote_active":false,"_monsterinsights_sitenote_note":"","_monsterinsights_sitenote_category":0},"product_cat":[16,80],"product_tag":[],"class_list":{"0":"post-1646","1":"product","2":"type-product","3":"status-publish","4":"has-post-thumbnail","6":"product_cat-ard","7":"product_cat-i2c","9":"first","10":"instock","11":"shipping-taxable","12":"purchasable","13":"product-type-simple"},"yoast_head":"<!-- This site is optimized with the Yoast SEO plugin v23.6 - https:\/\/yoast.com\/wordpress\/plugins\/seo\/ -->\n<title>IIC I2C level conversion module 5-3v system compatible 2 road sensor module For arduino - Arduino e-shop<\/title>\n<meta name=\"robots\" content=\"index, follow, max-snippet:-1, max-image-preview:large, max-video-preview:-1\" \/>\n<link rel=\"canonical\" href=\"https:\/\/www.onetimenexttime.sk\/arduino\/index.php\/produkt\/iic-i2c-level-conversion-module-5-3v-system-compatible-2-road-sensor-module-for-arduino\/\" \/>\n<meta property=\"og:locale\" content=\"sk_SK\" \/>\n<meta property=\"og:type\" content=\"article\" \/>\n<meta property=\"og:title\" content=\"IIC I2C level conversion module 5-3v system compatible 2 road sensor module For arduino - Arduino e-shop\" \/>\n<meta property=\"og:description\" content=\"IIC I2C modul na konverziu \u00farovne 5-3V kompatibiln\u00fd so syst\u00e9mom 2 modul cestn\u00fdch senzorov pre arduino &nbsp; popis\u00a0\u00a0 Ak ste&hellip;\" \/>\n<meta property=\"og:url\" content=\"https:\/\/www.onetimenexttime.sk\/arduino\/index.php\/produkt\/iic-i2c-level-conversion-module-5-3v-system-compatible-2-road-sensor-module-for-arduino\/\" \/>\n<meta property=\"og:site_name\" content=\"Arduino e-shop\" \/>\n<meta property=\"article:modified_time\" content=\"2021-11-18T16:41:28+00:00\" \/>\n<meta property=\"og:image\" content=\"https:\/\/www.onetimenexttime.sk\/arduino\/wp-content\/uploads\/2021\/11\/704.jpg\" \/>\n\t<meta property=\"og:image:width\" content=\"477\" \/>\n\t<meta property=\"og:image:height\" content=\"479\" \/>\n\t<meta property=\"og:image:type\" content=\"image\/jpeg\" \/>\n<meta name=\"twitter:card\" content=\"summary_large_image\" \/>\n<meta name=\"twitter:label1\" content=\"Predpokladan\u00fd \u010das \u010d\u00edtania\" \/>\n\t<meta name=\"twitter:data1\" content=\"1 min\u00fata\" \/>\n<script type=\"application\/ld+json\" class=\"yoast-schema-graph\">{\"@context\":\"https:\/\/schema.org\",\"@graph\":[{\"@type\":\"WebPage\",\"@id\":\"https:\/\/www.onetimenexttime.sk\/arduino\/index.php\/produkt\/iic-i2c-level-conversion-module-5-3v-system-compatible-2-road-sensor-module-for-arduino\/\",\"url\":\"https:\/\/www.onetimenexttime.sk\/arduino\/index.php\/produkt\/iic-i2c-level-conversion-module-5-3v-system-compatible-2-road-sensor-module-for-arduino\/\",\"name\":\"IIC I2C level conversion module 5-3v system compatible 2 road sensor module For arduino - Arduino e-shop\",\"isPartOf\":{\"@id\":\"https:\/\/www.onetimenexttime.sk\/arduino\/#website\"},\"primaryImageOfPage\":{\"@id\":\"https:\/\/www.onetimenexttime.sk\/arduino\/index.php\/produkt\/iic-i2c-level-conversion-module-5-3v-system-compatible-2-road-sensor-module-for-arduino\/#primaryimage\"},\"image\":{\"@id\":\"https:\/\/www.onetimenexttime.sk\/arduino\/index.php\/produkt\/iic-i2c-level-conversion-module-5-3v-system-compatible-2-road-sensor-module-for-arduino\/#primaryimage\"},\"thumbnailUrl\":\"https:\/\/www.onetimenexttime.sk\/arduino\/wp-content\/uploads\/2021\/11\/704.jpg\",\"datePublished\":\"2021-11-18T16:38:30+00:00\",\"dateModified\":\"2021-11-18T16:41:28+00:00\",\"breadcrumb\":{\"@id\":\"https:\/\/www.onetimenexttime.sk\/arduino\/index.php\/produkt\/iic-i2c-level-conversion-module-5-3v-system-compatible-2-road-sensor-module-for-arduino\/#breadcrumb\"},\"inLanguage\":\"sk-SK\",\"potentialAction\":[{\"@type\":\"ReadAction\",\"target\":[\"https:\/\/www.onetimenexttime.sk\/arduino\/index.php\/produkt\/iic-i2c-level-conversion-module-5-3v-system-compatible-2-road-sensor-module-for-arduino\/\"]}]},{\"@type\":\"ImageObject\",\"inLanguage\":\"sk-SK\",\"@id\":\"https:\/\/www.onetimenexttime.sk\/arduino\/index.php\/produkt\/iic-i2c-level-conversion-module-5-3v-system-compatible-2-road-sensor-module-for-arduino\/#primaryimage\",\"url\":\"https:\/\/www.onetimenexttime.sk\/arduino\/wp-content\/uploads\/2021\/11\/704.jpg\",\"contentUrl\":\"https:\/\/www.onetimenexttime.sk\/arduino\/wp-content\/uploads\/2021\/11\/704.jpg\",\"width\":477,\"height\":479},{\"@type\":\"BreadcrumbList\",\"@id\":\"https:\/\/www.onetimenexttime.sk\/arduino\/index.php\/produkt\/iic-i2c-level-conversion-module-5-3v-system-compatible-2-road-sensor-module-for-arduino\/#breadcrumb\",\"itemListElement\":[{\"@type\":\"ListItem\",\"position\":1,\"name\":\"Domov\",\"item\":\"https:\/\/www.onetimenexttime.sk\/arduino\/\"},{\"@type\":\"ListItem\",\"position\":2,\"name\":\"Obchod\",\"item\":\"https:\/\/www.onetimenexttime.sk\/arduino\/\"},{\"@type\":\"ListItem\",\"position\":3,\"name\":\"IIC I2C level conversion module 5-3v system compatible 2 road sensor module For arduino\"}]},{\"@type\":\"WebSite\",\"@id\":\"https:\/\/www.onetimenexttime.sk\/arduino\/#website\",\"url\":\"https:\/\/www.onetimenexttime.sk\/arduino\/\",\"name\":\"Arduino e-shop\",\"description\":\"Home Assistant\",\"potentialAction\":[{\"@type\":\"SearchAction\",\"target\":{\"@type\":\"EntryPoint\",\"urlTemplate\":\"https:\/\/www.onetimenexttime.sk\/arduino\/?s={search_term_string}\"},\"query-input\":{\"@type\":\"PropertyValueSpecification\",\"valueRequired\":true,\"valueName\":\"search_term_string\"}}],\"inLanguage\":\"sk-SK\"}]}<\/script>\n<!-- \/ Yoast SEO plugin. -->","yoast_head_json":{"title":"IIC I2C level conversion module 5-3v system compatible 2 road sensor module For arduino - Arduino e-shop","robots":{"index":"index","follow":"follow","max-snippet":"max-snippet:-1","max-image-preview":"max-image-preview:large","max-video-preview":"max-video-preview:-1"},"canonical":"https:\/\/www.onetimenexttime.sk\/arduino\/index.php\/produkt\/iic-i2c-level-conversion-module-5-3v-system-compatible-2-road-sensor-module-for-arduino\/","og_locale":"sk_SK","og_type":"article","og_title":"IIC I2C level conversion module 5-3v system compatible 2 road sensor module For arduino - Arduino e-shop","og_description":"IIC I2C modul na konverziu \u00farovne 5-3V kompatibiln\u00fd so syst\u00e9mom 2 modul cestn\u00fdch senzorov pre arduino &nbsp; popis\u00a0\u00a0 Ak ste&hellip;","og_url":"https:\/\/www.onetimenexttime.sk\/arduino\/index.php\/produkt\/iic-i2c-level-conversion-module-5-3v-system-compatible-2-road-sensor-module-for-arduino\/","og_site_name":"Arduino e-shop","article_modified_time":"2021-11-18T16:41:28+00:00","og_image":[{"width":477,"height":479,"url":"https:\/\/www.onetimenexttime.sk\/arduino\/wp-content\/uploads\/2021\/11\/704.jpg","type":"image\/jpeg"}],"twitter_card":"summary_large_image","twitter_misc":{"Predpokladan\u00fd \u010das \u010d\u00edtania":"1 min\u00fata"},"schema":{"@context":"https:\/\/schema.org","@graph":[{"@type":"WebPage","@id":"https:\/\/www.onetimenexttime.sk\/arduino\/index.php\/produkt\/iic-i2c-level-conversion-module-5-3v-system-compatible-2-road-sensor-module-for-arduino\/","url":"https:\/\/www.onetimenexttime.sk\/arduino\/index.php\/produkt\/iic-i2c-level-conversion-module-5-3v-system-compatible-2-road-sensor-module-for-arduino\/","name":"IIC I2C level conversion module 5-3v system compatible 2 road sensor module For arduino - Arduino e-shop","isPartOf":{"@id":"https:\/\/www.onetimenexttime.sk\/arduino\/#website"},"primaryImageOfPage":{"@id":"https:\/\/www.onetimenexttime.sk\/arduino\/index.php\/produkt\/iic-i2c-level-conversion-module-5-3v-system-compatible-2-road-sensor-module-for-arduino\/#primaryimage"},"image":{"@id":"https:\/\/www.onetimenexttime.sk\/arduino\/index.php\/produkt\/iic-i2c-level-conversion-module-5-3v-system-compatible-2-road-sensor-module-for-arduino\/#primaryimage"},"thumbnailUrl":"https:\/\/www.onetimenexttime.sk\/arduino\/wp-content\/uploads\/2021\/11\/704.jpg","datePublished":"2021-11-18T16:38:30+00:00","dateModified":"2021-11-18T16:41:28+00:00","breadcrumb":{"@id":"https:\/\/www.onetimenexttime.sk\/arduino\/index.php\/produkt\/iic-i2c-level-conversion-module-5-3v-system-compatible-2-road-sensor-module-for-arduino\/#breadcrumb"},"inLanguage":"sk-SK","potentialAction":[{"@type":"ReadAction","target":["https:\/\/www.onetimenexttime.sk\/arduino\/index.php\/produkt\/iic-i2c-level-conversion-module-5-3v-system-compatible-2-road-sensor-module-for-arduino\/"]}]},{"@type":"ImageObject","inLanguage":"sk-SK","@id":"https:\/\/www.onetimenexttime.sk\/arduino\/index.php\/produkt\/iic-i2c-level-conversion-module-5-3v-system-compatible-2-road-sensor-module-for-arduino\/#primaryimage","url":"https:\/\/www.onetimenexttime.sk\/arduino\/wp-content\/uploads\/2021\/11\/704.jpg","contentUrl":"https:\/\/www.onetimenexttime.sk\/arduino\/wp-content\/uploads\/2021\/11\/704.jpg","width":477,"height":479},{"@type":"BreadcrumbList","@id":"https:\/\/www.onetimenexttime.sk\/arduino\/index.php\/produkt\/iic-i2c-level-conversion-module-5-3v-system-compatible-2-road-sensor-module-for-arduino\/#breadcrumb","itemListElement":[{"@type":"ListItem","position":1,"name":"Domov","item":"https:\/\/www.onetimenexttime.sk\/arduino\/"},{"@type":"ListItem","position":2,"name":"Obchod","item":"https:\/\/www.onetimenexttime.sk\/arduino\/"},{"@type":"ListItem","position":3,"name":"IIC I2C level conversion module 5-3v system compatible 2 road sensor module For arduino"}]},{"@type":"WebSite","@id":"https:\/\/www.onetimenexttime.sk\/arduino\/#website","url":"https:\/\/www.onetimenexttime.sk\/arduino\/","name":"Arduino e-shop","description":"Home Assistant","potentialAction":[{"@type":"SearchAction","target":{"@type":"EntryPoint","urlTemplate":"https:\/\/www.onetimenexttime.sk\/arduino\/?s={search_term_string}"},"query-input":{"@type":"PropertyValueSpecification","valueRequired":true,"valueName":"search_term_string"}}],"inLanguage":"sk-SK"}]}},"_links":{"self":[{"href":"https:\/\/www.onetimenexttime.sk\/arduino\/index.php\/wp-json\/wp\/v2\/product\/1646"}],"collection":[{"href":"https:\/\/www.onetimenexttime.sk\/arduino\/index.php\/wp-json\/wp\/v2\/product"}],"about":[{"href":"https:\/\/www.onetimenexttime.sk\/arduino\/index.php\/wp-json\/wp\/v2\/types\/product"}],"wp:featuredmedia":[{"embeddable":true,"href":"https:\/\/www.onetimenexttime.sk\/arduino\/index.php\/wp-json\/wp\/v2\/media\/1647"}],"wp:attachment":[{"href":"https:\/\/www.onetimenexttime.sk\/arduino\/index.php\/wp-json\/wp\/v2\/media?parent=1646"}],"wp:term":[{"taxonomy":"product_cat","embeddable":true,"href":"https:\/\/www.onetimenexttime.sk\/arduino\/index.php\/wp-json\/wp\/v2\/product_cat?post=1646"},{"taxonomy":"product_tag","embeddable":true,"href":"https:\/\/www.onetimenexttime.sk\/arduino\/index.php\/wp-json\/wp\/v2\/product_tag?post=1646"}],"curies":[{"name":"wp","href":"https:\/\/api.w.org\/{rel}","templated":true}]}}