{"id":1644,"date":"2021-11-18T17:32:57","date_gmt":"2021-11-18T16:32:57","guid":{"rendered":"https:\/\/www.onetimenexttime.sk\/arduino\/?post_type=product&#038;p=1644"},"modified":"2021-11-18T17:37:27","modified_gmt":"2021-11-18T16:37:27","slug":"at24c256-memory-module-i2c-interface-eeprom","status":"publish","type":"product","link":"https:\/\/www.onetimenexttime.sk\/arduino\/index.php\/produkt\/at24c256-memory-module-i2c-interface-eeprom\/","title":{"rendered":"AT24C256 Memory Module I2C Interface EEPROM"},"content":{"rendered":"<h2>AT24C256 pam\u00e4\u0165ov\u00fd modul I2C rozhranie EEPROM<\/h2>\n<p>Integrovan\u00fd nosi\u010d \u010dipov 8P m\u00f4\u017ee podporova\u0165 \u010dipy s\u00e9rie AT24C256;<br \/>\nPin nap\u00e1janie, indik\u00e1tor nap\u00e1jania na doske;<br \/>\nvy\u017eaduje sa zabudovan\u00fd pull-up odpor pre komunik\u00e1ciu I2C;<br \/>\nV\u0161etky kol\u00edky vystupuj\u00fa a musia by\u0165 ozna\u010den\u00e9, nastavenie vstupu adresy a priameho prepojky kol\u00edkov na ochranu proti z\u00e1pisu;<br \/>\nVe\u013ekos\u0165 dosky plo\u0161n\u00fdch spojov: 36,5 (mm) x12 (mm)<\/p>\n<p>&nbsp;<\/p>\n<p><a href=\"https:\/\/www.electronicshub.org\/arduino-at24c256-eeprom\/\">https:\/\/www.electronicshub.org\/arduino-at24c256-eeprom\/<\/a><\/p>\n","protected":false},"excerpt":{"rendered":"<p>AT24C256 pam\u00e4\u0165ov\u00fd modul I2C rozhranie EEPROM Integrovan\u00fd nosi\u010d \u010dipov 8P m\u00f4\u017ee podporova\u0165 \u010dipy s\u00e9rie AT24C256; Pin nap\u00e1janie, indik\u00e1tor nap\u00e1jania na&hellip;<\/p>\n","protected":false},"featured_media":1645,"template":"","meta":{"_monsterinsights_skip_tracking":false,"_monsterinsights_sitenote_active":false,"_monsterinsights_sitenote_note":"","_monsterinsights_sitenote_category":0},"product_cat":[16,80],"product_tag":[],"class_list":{"0":"post-1644","1":"product","2":"type-product","3":"status-publish","4":"has-post-thumbnail","6":"product_cat-ard","7":"product_cat-i2c","9":"first","10":"instock","11":"shipping-taxable","12":"purchasable","13":"product-type-simple"},"yoast_head":"<!-- This site is optimized with the Yoast SEO plugin v23.6 - https:\/\/yoast.com\/wordpress\/plugins\/seo\/ -->\n<title>AT24C256 Memory Module I2C Interface EEPROM - Arduino e-shop<\/title>\n<meta name=\"robots\" content=\"index, follow, max-snippet:-1, max-image-preview:large, max-video-preview:-1\" \/>\n<link rel=\"canonical\" href=\"https:\/\/www.onetimenexttime.sk\/arduino\/index.php\/produkt\/at24c256-memory-module-i2c-interface-eeprom\/\" \/>\n<meta property=\"og:locale\" content=\"sk_SK\" \/>\n<meta property=\"og:type\" content=\"article\" \/>\n<meta property=\"og:title\" content=\"AT24C256 Memory Module I2C Interface EEPROM - Arduino e-shop\" \/>\n<meta property=\"og:description\" content=\"AT24C256 pam\u00e4\u0165ov\u00fd modul I2C rozhranie EEPROM Integrovan\u00fd nosi\u010d \u010dipov 8P m\u00f4\u017ee podporova\u0165 \u010dipy s\u00e9rie AT24C256; Pin nap\u00e1janie, indik\u00e1tor nap\u00e1jania na&hellip;\" \/>\n<meta property=\"og:url\" content=\"https:\/\/www.onetimenexttime.sk\/arduino\/index.php\/produkt\/at24c256-memory-module-i2c-interface-eeprom\/\" \/>\n<meta property=\"og:site_name\" content=\"Arduino e-shop\" \/>\n<meta property=\"article:modified_time\" content=\"2021-11-18T16:37:27+00:00\" \/>\n<meta property=\"og:image\" content=\"https:\/\/www.onetimenexttime.sk\/arduino\/wp-content\/uploads\/2021\/11\/725.jpg\" \/>\n\t<meta property=\"og:image:width\" content=\"466\" \/>\n\t<meta property=\"og:image:height\" content=\"450\" \/>\n\t<meta property=\"og:image:type\" content=\"image\/jpeg\" \/>\n<meta name=\"twitter:card\" content=\"summary_large_image\" \/>\n<meta name=\"twitter:label1\" content=\"Predpokladan\u00fd \u010das \u010d\u00edtania\" \/>\n\t<meta name=\"twitter:data1\" content=\"1 min\u00fata\" \/>\n<script type=\"application\/ld+json\" class=\"yoast-schema-graph\">{\"@context\":\"https:\/\/schema.org\",\"@graph\":[{\"@type\":\"WebPage\",\"@id\":\"https:\/\/www.onetimenexttime.sk\/arduino\/index.php\/produkt\/at24c256-memory-module-i2c-interface-eeprom\/\",\"url\":\"https:\/\/www.onetimenexttime.sk\/arduino\/index.php\/produkt\/at24c256-memory-module-i2c-interface-eeprom\/\",\"name\":\"AT24C256 Memory Module I2C Interface EEPROM - Arduino e-shop\",\"isPartOf\":{\"@id\":\"https:\/\/www.onetimenexttime.sk\/arduino\/#website\"},\"primaryImageOfPage\":{\"@id\":\"https:\/\/www.onetimenexttime.sk\/arduino\/index.php\/produkt\/at24c256-memory-module-i2c-interface-eeprom\/#primaryimage\"},\"image\":{\"@id\":\"https:\/\/www.onetimenexttime.sk\/arduino\/index.php\/produkt\/at24c256-memory-module-i2c-interface-eeprom\/#primaryimage\"},\"thumbnailUrl\":\"https:\/\/www.onetimenexttime.sk\/arduino\/wp-content\/uploads\/2021\/11\/725.jpg\",\"datePublished\":\"2021-11-18T16:32:57+00:00\",\"dateModified\":\"2021-11-18T16:37:27+00:00\",\"breadcrumb\":{\"@id\":\"https:\/\/www.onetimenexttime.sk\/arduino\/index.php\/produkt\/at24c256-memory-module-i2c-interface-eeprom\/#breadcrumb\"},\"inLanguage\":\"sk-SK\",\"potentialAction\":[{\"@type\":\"ReadAction\",\"target\":[\"https:\/\/www.onetimenexttime.sk\/arduino\/index.php\/produkt\/at24c256-memory-module-i2c-interface-eeprom\/\"]}]},{\"@type\":\"ImageObject\",\"inLanguage\":\"sk-SK\",\"@id\":\"https:\/\/www.onetimenexttime.sk\/arduino\/index.php\/produkt\/at24c256-memory-module-i2c-interface-eeprom\/#primaryimage\",\"url\":\"https:\/\/www.onetimenexttime.sk\/arduino\/wp-content\/uploads\/2021\/11\/725.jpg\",\"contentUrl\":\"https:\/\/www.onetimenexttime.sk\/arduino\/wp-content\/uploads\/2021\/11\/725.jpg\",\"width\":466,\"height\":450},{\"@type\":\"BreadcrumbList\",\"@id\":\"https:\/\/www.onetimenexttime.sk\/arduino\/index.php\/produkt\/at24c256-memory-module-i2c-interface-eeprom\/#breadcrumb\",\"itemListElement\":[{\"@type\":\"ListItem\",\"position\":1,\"name\":\"Domov\",\"item\":\"https:\/\/www.onetimenexttime.sk\/arduino\/\"},{\"@type\":\"ListItem\",\"position\":2,\"name\":\"Obchod\",\"item\":\"https:\/\/www.onetimenexttime.sk\/arduino\/\"},{\"@type\":\"ListItem\",\"position\":3,\"name\":\"AT24C256 Memory Module I2C Interface EEPROM\"}]},{\"@type\":\"WebSite\",\"@id\":\"https:\/\/www.onetimenexttime.sk\/arduino\/#website\",\"url\":\"https:\/\/www.onetimenexttime.sk\/arduino\/\",\"name\":\"Arduino e-shop\",\"description\":\"Home Assistant\",\"potentialAction\":[{\"@type\":\"SearchAction\",\"target\":{\"@type\":\"EntryPoint\",\"urlTemplate\":\"https:\/\/www.onetimenexttime.sk\/arduino\/?s={search_term_string}\"},\"query-input\":{\"@type\":\"PropertyValueSpecification\",\"valueRequired\":true,\"valueName\":\"search_term_string\"}}],\"inLanguage\":\"sk-SK\"}]}<\/script>\n<!-- \/ Yoast SEO plugin. -->","yoast_head_json":{"title":"AT24C256 Memory Module I2C Interface EEPROM - Arduino e-shop","robots":{"index":"index","follow":"follow","max-snippet":"max-snippet:-1","max-image-preview":"max-image-preview:large","max-video-preview":"max-video-preview:-1"},"canonical":"https:\/\/www.onetimenexttime.sk\/arduino\/index.php\/produkt\/at24c256-memory-module-i2c-interface-eeprom\/","og_locale":"sk_SK","og_type":"article","og_title":"AT24C256 Memory Module I2C Interface EEPROM - Arduino e-shop","og_description":"AT24C256 pam\u00e4\u0165ov\u00fd modul I2C rozhranie EEPROM Integrovan\u00fd nosi\u010d \u010dipov 8P m\u00f4\u017ee podporova\u0165 \u010dipy s\u00e9rie AT24C256; Pin nap\u00e1janie, indik\u00e1tor nap\u00e1jania na&hellip;","og_url":"https:\/\/www.onetimenexttime.sk\/arduino\/index.php\/produkt\/at24c256-memory-module-i2c-interface-eeprom\/","og_site_name":"Arduino e-shop","article_modified_time":"2021-11-18T16:37:27+00:00","og_image":[{"width":466,"height":450,"url":"https:\/\/www.onetimenexttime.sk\/arduino\/wp-content\/uploads\/2021\/11\/725.jpg","type":"image\/jpeg"}],"twitter_card":"summary_large_image","twitter_misc":{"Predpokladan\u00fd \u010das \u010d\u00edtania":"1 min\u00fata"},"schema":{"@context":"https:\/\/schema.org","@graph":[{"@type":"WebPage","@id":"https:\/\/www.onetimenexttime.sk\/arduino\/index.php\/produkt\/at24c256-memory-module-i2c-interface-eeprom\/","url":"https:\/\/www.onetimenexttime.sk\/arduino\/index.php\/produkt\/at24c256-memory-module-i2c-interface-eeprom\/","name":"AT24C256 Memory Module I2C Interface EEPROM - Arduino e-shop","isPartOf":{"@id":"https:\/\/www.onetimenexttime.sk\/arduino\/#website"},"primaryImageOfPage":{"@id":"https:\/\/www.onetimenexttime.sk\/arduino\/index.php\/produkt\/at24c256-memory-module-i2c-interface-eeprom\/#primaryimage"},"image":{"@id":"https:\/\/www.onetimenexttime.sk\/arduino\/index.php\/produkt\/at24c256-memory-module-i2c-interface-eeprom\/#primaryimage"},"thumbnailUrl":"https:\/\/www.onetimenexttime.sk\/arduino\/wp-content\/uploads\/2021\/11\/725.jpg","datePublished":"2021-11-18T16:32:57+00:00","dateModified":"2021-11-18T16:37:27+00:00","breadcrumb":{"@id":"https:\/\/www.onetimenexttime.sk\/arduino\/index.php\/produkt\/at24c256-memory-module-i2c-interface-eeprom\/#breadcrumb"},"inLanguage":"sk-SK","potentialAction":[{"@type":"ReadAction","target":["https:\/\/www.onetimenexttime.sk\/arduino\/index.php\/produkt\/at24c256-memory-module-i2c-interface-eeprom\/"]}]},{"@type":"ImageObject","inLanguage":"sk-SK","@id":"https:\/\/www.onetimenexttime.sk\/arduino\/index.php\/produkt\/at24c256-memory-module-i2c-interface-eeprom\/#primaryimage","url":"https:\/\/www.onetimenexttime.sk\/arduino\/wp-content\/uploads\/2021\/11\/725.jpg","contentUrl":"https:\/\/www.onetimenexttime.sk\/arduino\/wp-content\/uploads\/2021\/11\/725.jpg","width":466,"height":450},{"@type":"BreadcrumbList","@id":"https:\/\/www.onetimenexttime.sk\/arduino\/index.php\/produkt\/at24c256-memory-module-i2c-interface-eeprom\/#breadcrumb","itemListElement":[{"@type":"ListItem","position":1,"name":"Domov","item":"https:\/\/www.onetimenexttime.sk\/arduino\/"},{"@type":"ListItem","position":2,"name":"Obchod","item":"https:\/\/www.onetimenexttime.sk\/arduino\/"},{"@type":"ListItem","position":3,"name":"AT24C256 Memory Module I2C Interface EEPROM"}]},{"@type":"WebSite","@id":"https:\/\/www.onetimenexttime.sk\/arduino\/#website","url":"https:\/\/www.onetimenexttime.sk\/arduino\/","name":"Arduino e-shop","description":"Home Assistant","potentialAction":[{"@type":"SearchAction","target":{"@type":"EntryPoint","urlTemplate":"https:\/\/www.onetimenexttime.sk\/arduino\/?s={search_term_string}"},"query-input":{"@type":"PropertyValueSpecification","valueRequired":true,"valueName":"search_term_string"}}],"inLanguage":"sk-SK"}]}},"_links":{"self":[{"href":"https:\/\/www.onetimenexttime.sk\/arduino\/index.php\/wp-json\/wp\/v2\/product\/1644"}],"collection":[{"href":"https:\/\/www.onetimenexttime.sk\/arduino\/index.php\/wp-json\/wp\/v2\/product"}],"about":[{"href":"https:\/\/www.onetimenexttime.sk\/arduino\/index.php\/wp-json\/wp\/v2\/types\/product"}],"wp:featuredmedia":[{"embeddable":true,"href":"https:\/\/www.onetimenexttime.sk\/arduino\/index.php\/wp-json\/wp\/v2\/media\/1645"}],"wp:attachment":[{"href":"https:\/\/www.onetimenexttime.sk\/arduino\/index.php\/wp-json\/wp\/v2\/media?parent=1644"}],"wp:term":[{"taxonomy":"product_cat","embeddable":true,"href":"https:\/\/www.onetimenexttime.sk\/arduino\/index.php\/wp-json\/wp\/v2\/product_cat?post=1644"},{"taxonomy":"product_tag","embeddable":true,"href":"https:\/\/www.onetimenexttime.sk\/arduino\/index.php\/wp-json\/wp\/v2\/product_tag?post=1644"}],"curies":[{"name":"wp","href":"https:\/\/api.w.org\/{rel}","templated":true}]}}