{"id":1637,"date":"2021-11-18T16:37:12","date_gmt":"2021-11-18T15:37:12","guid":{"rendered":"https:\/\/www.onetimenexttime.sk\/arduino\/?post_type=product&#038;p=1637"},"modified":"2021-11-18T16:43:30","modified_gmt":"2021-11-18T15:43:30","slug":"ac-220v-automatic-auto-on-off-photocell-street-light-lamp-switch-50-60hz-10a-photo-control-photoswitch-sensor-switch","status":"publish","type":"product","link":"https:\/\/www.onetimenexttime.sk\/arduino\/index.php\/produkt\/ac-220v-automatic-auto-on-off-photocell-street-light-lamp-switch-50-60hz-10a-photo-control-photoswitch-sensor-switch\/","title":{"rendered":"AC 220V Automatic Auto On Off Photocell street Light Lamp Switch 50-60Hz 10A Photo Control Photoswitch Sensor Switch"},"content":{"rendered":"<h2>AC 220V Automatick\u00e9 automatick\u00e9 zapnutie Vypnutie Fotobunka Sp\u00edna\u010d pouli\u010dn\u00e9ho osvetlenia 50-60Hz 10A Ovl\u00e1danie fotografie Fotosp\u00edna\u010d Sp\u00edna\u010d sn\u00edma\u010da<\/h2>\n<p>&nbsp;<\/p>\n<p><strong>Parametre produktu:<\/strong><\/p>\n<p>1. Pracovn\u00e9 nap\u00e4tie: 220VAC\u00a0 10A 50Hz\/60Hz<br \/>\n2. V\u00fdkon z\u00e1\u0165a\u017ee: \u017eiarovka \u22641000W, energeticky \u00fasporn\u00e1 \u017eiarovka, \u017eiarivka, v\u00fdfukov\u00fd ventil\u00e1tor \u2264400W<br \/>\nVlastnosti produktu: automatick\u00e1 \u010dierna pri dennom svetle<\/p>\n<p><strong>Vlastnosti:<\/strong><\/p>\n<p>1. Vo vn\u00fatri je automatick\u00fd detek\u010dn\u00fd obvod pre osvetlenie okolia, ktor\u00fd sa po\u010das d\u0148a automaticky vyp\u00edna a v noci automaticky zap\u00edna.<br \/>\n2. Prij\u00edma trojvodi\u010dov\u00fd syst\u00e9m a je kompatibiln\u00fd s r\u00f4znymi z\u00e1\u0165a\u017eami odporov\u00fdch, induk\u010dn\u00fdch a kapacitn\u00fdch l\u00e1mp.<br \/>\n3. Riadiacim objektom m\u00f4\u017ee by\u0165 LED svetlo, energeticky \u00fasporn\u00e9 svetlo, fluorescen\u010dn\u00e9 svetlo, \u017eiarovka, svetlo ods\u00e1vacieho ventil\u00e1tora a podobne.<br \/>\n4. M\u00e1 funkciu oneskorenia, ke\u010f sa zmenia podmienky prostredia, a \u010das oneskorenia je 3-5S, \u010do rie\u0161i probl\u00e9m z\u00e1blesku obrazovky pri zmene kr\u00e1tkodob\u00fdch podmienok prostredia.<br \/>\n<strong>Rozsah pou\u017eitia:<\/strong><br \/>\n\u0160iroko pou\u017e\u00edvan\u00fd v pouli\u010dn\u00fdch svetl\u00e1ch, dia\u013eniciach, tov\u00e1r\u0148ach, z\u00e1hrad\u00e1ch, pr\u00edstavoch, letisk\u00e1ch, farm\u00e1ch, parkoch, \u0161kol\u00e1ch a na in\u00fdch miestach.<br \/>\n<strong>test:<\/strong><br \/>\n1, sp\u00f4sob zapojenia nem\u00f4\u017ee by\u0165 nespr\u00e1vny, pod\u013ea na\u0161ich pokynov.<br \/>\n2, v dennom teste otvorte alebo zatvorte, pou\u017eite pros\u00edm neprieh\u013eadn\u00e9, zabalen\u00e9 do sp\u00edna\u010da, sp\u00edna\u010d sa rozsvieti a funguje norm\u00e1lne.<br \/>\n<strong>Popis<\/strong><br \/>\nV\u0161eobecn\u00e1 tov\u00e1re\u0148, \u0161kola, pouli\u010dn\u00e9 osvetlenie, naviga\u010dn\u00e9 svetl\u00e1 na ostrove. Po\u010das d\u0148a str\u00e1\u017enik zhasne svetl\u00e1 a rozsvieti svetl\u00e1 v tme. \u010casto sp\u00f4sobuje v\u010dasn\u00e9 vypnutie alebo vypnutie sp\u00edna\u010da. To bude nielen plytva\u0165 energiou, ale ovplyvn\u00ed to aj pr\u00e1cu.<br \/>\nNa z\u00e1klade relevantn\u00fdch inform\u00e1ci\u00ed v r\u00f4znych aspektoch a na z\u00e1klade predch\u00e1dzaj\u00facich sk\u00fasenost\u00ed na\u0161ej tov\u00e1rne na\u0161a tov\u00e1re\u0148 re\u0161trukturalizovala automatick\u00fd sp\u00edna\u010d pouli\u010dnej lampy s praktickej\u0161ou hodnotou. Sp\u00edna\u010d nie je ovplyvnen\u00fd ro\u010dn\u00fdm obdob\u00edm, jeho funkcia je spo\u013eahliv\u00e1, jeho citlivos\u0165 je vysok\u00e1, dobre sa pred\u00e1va po celom svete a medzi pou\u017e\u00edvate\u013emi je ve\u013emi ob\u013e\u00faben\u00fd.<br \/>\nPo druh\u00e9, princ\u00edp pr\u00e1ce a \u0161trukt\u00fara<br \/>\nObvod je vybaven\u00fd oneskorovac\u00edm obvodom, ktor\u00fd m\u00e1 schopnos\u0165 proti ru\u0161eniu zabr\u00e1ni\u0165 n\u00e1hodn\u00e9mu blesku alebo manu\u00e1lnej baterke, automobilu a in\u00e9mu svetlu osvet\u013euj\u00facemu fotoelektrick\u00fa hlavu a padaj\u00face listy s\u00fa n\u00edzko, aby do\u010dasne blokovali nap\u00e1janie optiky.<br \/>\nAutomatick\u00fd sp\u00edna\u010d pouli\u010dnej lampy sa sklad\u00e1 z konverzn\u00e9ho zariadenia na vypnutie, tj integrovan\u00e9ho bloku elektrickej nap\u00e1jacej hlavy, elektronick\u00e9ho komponentu a vykon\u00e1vacieho rel\u00e9. Po\u010das d\u0148a sa zv\u00fd\u0161i svetlo, zv\u00fd\u0161i sa pr\u00fad fotosenzit\u00edvneho prvku, uvo\u013en\u00ed sa rel\u00e9 integrovan\u00e9ho obvodu a pouli\u010dn\u00e9 osvetlenie nesvieti. Ke\u010f tma dosiahne ve\u010der ur\u010dit\u00fa \u00farove\u0148, svetlo generovan\u00e9 fotocitliv\u00fdm prvkom je n\u00edzke v d\u00f4sledku zoslabnutia svetla a rel\u00e9 svetlo svieti a\u017e do nasleduj\u00faceho d\u0148a. R\u00e1no svetlo posiln\u00ed integrovan\u00fa sp\u00fa\u0161\u0165, aby sa op\u00e4\u0165 automaticky aktivovala a pouli\u010dn\u00e9 osvetlenie je vypnut\u00e9.<\/p>\n<p>&nbsp;<\/p>\n<p><img loading=\"lazy\" decoding=\"async\" class=\"n3VNCb\" src=\"https:\/\/i.pinimg.com\/originals\/0f\/3c\/22\/0f3c227ac596043f753102eca93c3295.jpg\" alt=\"Automatic Auto On Off Street Light Switch DC 12V 10A Control Light Sensor Switch in 2021 | Light sensor switch, Light sensor, Street light\" width=\"363\" height=\"363\" data-noaft=\"1\" \/><\/p>\n<p><img decoding=\"async\" class=\"n3VNCb\" src=\"https:\/\/www.elprocus.com\/wp-content\/uploads\/2016\/02\/Street-Light-that-Glows-on-Detecting-Vehicle-Movement-14.jpg\" alt=\"Street Light that Glows on Detecting Vehicle Movement\" data-noaft=\"1\" \/><\/p>\n","protected":false},"excerpt":{"rendered":"<p>AC 220V Automatick\u00e9 automatick\u00e9 zapnutie Vypnutie Fotobunka Sp\u00edna\u010d pouli\u010dn\u00e9ho osvetlenia 50-60Hz 10A Ovl\u00e1danie fotografie Fotosp\u00edna\u010d Sp\u00edna\u010d sn\u00edma\u010da &nbsp; Parametre produktu:&hellip;<\/p>\n","protected":false},"featured_media":1639,"template":"","meta":{"_monsterinsights_skip_tracking":false,"_monsterinsights_sitenote_active":false,"_monsterinsights_sitenote_note":"","_monsterinsights_sitenote_category":0},"product_cat":[15,16,79,69,42,45,44],"product_tag":[],"class_list":{"0":"post-1637","1":"product","2":"type-product","3":"status-publish","4":"has-post-thumbnail","6":"product_cat-nd","7":"product_cat-ard","8":"product_cat-light-sensors","9":"product_cat-sensors","10":"product_cat-smart","11":"product_cat-solar","12":"product_cat-svetlo","14":"first","15":"instock","16":"shipping-taxable","17":"purchasable","18":"product-type-simple"},"yoast_head":"<!-- This site is optimized with the Yoast SEO plugin v23.6 - https:\/\/yoast.com\/wordpress\/plugins\/seo\/ -->\n<title>AC 220V Automatic Auto On Off Photocell street Light Lamp Switch 50-60Hz 10A Photo Control Photoswitch Sensor Switch - Arduino e-shop<\/title>\n<meta name=\"robots\" content=\"index, follow, max-snippet:-1, max-image-preview:large, max-video-preview:-1\" \/>\n<link rel=\"canonical\" href=\"https:\/\/www.onetimenexttime.sk\/arduino\/index.php\/produkt\/ac-220v-automatic-auto-on-off-photocell-street-light-lamp-switch-50-60hz-10a-photo-control-photoswitch-sensor-switch\/\" \/>\n<meta property=\"og:locale\" content=\"sk_SK\" \/>\n<meta property=\"og:type\" content=\"article\" \/>\n<meta property=\"og:title\" content=\"AC 220V Automatic Auto On Off Photocell street Light Lamp Switch 50-60Hz 10A Photo Control Photoswitch Sensor Switch - Arduino e-shop\" \/>\n<meta property=\"og:description\" content=\"AC 220V Automatick\u00e9 automatick\u00e9 zapnutie Vypnutie Fotobunka Sp\u00edna\u010d pouli\u010dn\u00e9ho osvetlenia 50-60Hz 10A Ovl\u00e1danie fotografie Fotosp\u00edna\u010d Sp\u00edna\u010d sn\u00edma\u010da &nbsp; Parametre produktu:&hellip;\" \/>\n<meta property=\"og:url\" content=\"https:\/\/www.onetimenexttime.sk\/arduino\/index.php\/produkt\/ac-220v-automatic-auto-on-off-photocell-street-light-lamp-switch-50-60hz-10a-photo-control-photoswitch-sensor-switch\/\" \/>\n<meta property=\"og:site_name\" content=\"Arduino e-shop\" \/>\n<meta property=\"article:modified_time\" content=\"2021-11-18T15:43:30+00:00\" \/>\n<meta property=\"og:image\" content=\"https:\/\/www.onetimenexttime.sk\/arduino\/wp-content\/uploads\/2021\/11\/420.jpg\" \/>\n\t<meta property=\"og:image:width\" content=\"538\" \/>\n\t<meta property=\"og:image:height\" content=\"537\" \/>\n\t<meta property=\"og:image:type\" content=\"image\/jpeg\" \/>\n<meta name=\"twitter:card\" content=\"summary_large_image\" \/>\n<meta name=\"twitter:label1\" content=\"Predpokladan\u00fd \u010das \u010d\u00edtania\" \/>\n\t<meta name=\"twitter:data1\" content=\"3 min\u00faty\" \/>\n<script type=\"application\/ld+json\" class=\"yoast-schema-graph\">{\"@context\":\"https:\/\/schema.org\",\"@graph\":[{\"@type\":\"WebPage\",\"@id\":\"https:\/\/www.onetimenexttime.sk\/arduino\/index.php\/produkt\/ac-220v-automatic-auto-on-off-photocell-street-light-lamp-switch-50-60hz-10a-photo-control-photoswitch-sensor-switch\/\",\"url\":\"https:\/\/www.onetimenexttime.sk\/arduino\/index.php\/produkt\/ac-220v-automatic-auto-on-off-photocell-street-light-lamp-switch-50-60hz-10a-photo-control-photoswitch-sensor-switch\/\",\"name\":\"AC 220V Automatic Auto On Off Photocell street Light Lamp Switch 50-60Hz 10A Photo Control Photoswitch Sensor Switch - Arduino e-shop\",\"isPartOf\":{\"@id\":\"https:\/\/www.onetimenexttime.sk\/arduino\/#website\"},\"primaryImageOfPage\":{\"@id\":\"https:\/\/www.onetimenexttime.sk\/arduino\/index.php\/produkt\/ac-220v-automatic-auto-on-off-photocell-street-light-lamp-switch-50-60hz-10a-photo-control-photoswitch-sensor-switch\/#primaryimage\"},\"image\":{\"@id\":\"https:\/\/www.onetimenexttime.sk\/arduino\/index.php\/produkt\/ac-220v-automatic-auto-on-off-photocell-street-light-lamp-switch-50-60hz-10a-photo-control-photoswitch-sensor-switch\/#primaryimage\"},\"thumbnailUrl\":\"https:\/\/www.onetimenexttime.sk\/arduino\/wp-content\/uploads\/2021\/11\/420.jpg\",\"datePublished\":\"2021-11-18T15:37:12+00:00\",\"dateModified\":\"2021-11-18T15:43:30+00:00\",\"breadcrumb\":{\"@id\":\"https:\/\/www.onetimenexttime.sk\/arduino\/index.php\/produkt\/ac-220v-automatic-auto-on-off-photocell-street-light-lamp-switch-50-60hz-10a-photo-control-photoswitch-sensor-switch\/#breadcrumb\"},\"inLanguage\":\"sk-SK\",\"potentialAction\":[{\"@type\":\"ReadAction\",\"target\":[\"https:\/\/www.onetimenexttime.sk\/arduino\/index.php\/produkt\/ac-220v-automatic-auto-on-off-photocell-street-light-lamp-switch-50-60hz-10a-photo-control-photoswitch-sensor-switch\/\"]}]},{\"@type\":\"ImageObject\",\"inLanguage\":\"sk-SK\",\"@id\":\"https:\/\/www.onetimenexttime.sk\/arduino\/index.php\/produkt\/ac-220v-automatic-auto-on-off-photocell-street-light-lamp-switch-50-60hz-10a-photo-control-photoswitch-sensor-switch\/#primaryimage\",\"url\":\"https:\/\/www.onetimenexttime.sk\/arduino\/wp-content\/uploads\/2021\/11\/420.jpg\",\"contentUrl\":\"https:\/\/www.onetimenexttime.sk\/arduino\/wp-content\/uploads\/2021\/11\/420.jpg\",\"width\":538,\"height\":537},{\"@type\":\"BreadcrumbList\",\"@id\":\"https:\/\/www.onetimenexttime.sk\/arduino\/index.php\/produkt\/ac-220v-automatic-auto-on-off-photocell-street-light-lamp-switch-50-60hz-10a-photo-control-photoswitch-sensor-switch\/#breadcrumb\",\"itemListElement\":[{\"@type\":\"ListItem\",\"position\":1,\"name\":\"Domov\",\"item\":\"https:\/\/www.onetimenexttime.sk\/arduino\/\"},{\"@type\":\"ListItem\",\"position\":2,\"name\":\"Obchod\",\"item\":\"https:\/\/www.onetimenexttime.sk\/arduino\/\"},{\"@type\":\"ListItem\",\"position\":3,\"name\":\"AC 220V Automatic Auto On Off Photocell street Light Lamp Switch 50-60Hz 10A Photo Control Photoswitch Sensor Switch\"}]},{\"@type\":\"WebSite\",\"@id\":\"https:\/\/www.onetimenexttime.sk\/arduino\/#website\",\"url\":\"https:\/\/www.onetimenexttime.sk\/arduino\/\",\"name\":\"Arduino e-shop\",\"description\":\"Home Assistant\",\"potentialAction\":[{\"@type\":\"SearchAction\",\"target\":{\"@type\":\"EntryPoint\",\"urlTemplate\":\"https:\/\/www.onetimenexttime.sk\/arduino\/?s={search_term_string}\"},\"query-input\":{\"@type\":\"PropertyValueSpecification\",\"valueRequired\":true,\"valueName\":\"search_term_string\"}}],\"inLanguage\":\"sk-SK\"}]}<\/script>\n<!-- \/ Yoast SEO plugin. -->","yoast_head_json":{"title":"AC 220V Automatic Auto On Off Photocell street Light Lamp Switch 50-60Hz 10A Photo Control Photoswitch Sensor Switch - Arduino e-shop","robots":{"index":"index","follow":"follow","max-snippet":"max-snippet:-1","max-image-preview":"max-image-preview:large","max-video-preview":"max-video-preview:-1"},"canonical":"https:\/\/www.onetimenexttime.sk\/arduino\/index.php\/produkt\/ac-220v-automatic-auto-on-off-photocell-street-light-lamp-switch-50-60hz-10a-photo-control-photoswitch-sensor-switch\/","og_locale":"sk_SK","og_type":"article","og_title":"AC 220V Automatic Auto On Off Photocell street Light Lamp Switch 50-60Hz 10A Photo Control Photoswitch Sensor Switch - Arduino e-shop","og_description":"AC 220V Automatick\u00e9 automatick\u00e9 zapnutie Vypnutie Fotobunka Sp\u00edna\u010d pouli\u010dn\u00e9ho osvetlenia 50-60Hz 10A Ovl\u00e1danie fotografie Fotosp\u00edna\u010d Sp\u00edna\u010d sn\u00edma\u010da &nbsp; Parametre produktu:&hellip;","og_url":"https:\/\/www.onetimenexttime.sk\/arduino\/index.php\/produkt\/ac-220v-automatic-auto-on-off-photocell-street-light-lamp-switch-50-60hz-10a-photo-control-photoswitch-sensor-switch\/","og_site_name":"Arduino e-shop","article_modified_time":"2021-11-18T15:43:30+00:00","og_image":[{"width":538,"height":537,"url":"https:\/\/www.onetimenexttime.sk\/arduino\/wp-content\/uploads\/2021\/11\/420.jpg","type":"image\/jpeg"}],"twitter_card":"summary_large_image","twitter_misc":{"Predpokladan\u00fd \u010das \u010d\u00edtania":"3 min\u00faty"},"schema":{"@context":"https:\/\/schema.org","@graph":[{"@type":"WebPage","@id":"https:\/\/www.onetimenexttime.sk\/arduino\/index.php\/produkt\/ac-220v-automatic-auto-on-off-photocell-street-light-lamp-switch-50-60hz-10a-photo-control-photoswitch-sensor-switch\/","url":"https:\/\/www.onetimenexttime.sk\/arduino\/index.php\/produkt\/ac-220v-automatic-auto-on-off-photocell-street-light-lamp-switch-50-60hz-10a-photo-control-photoswitch-sensor-switch\/","name":"AC 220V Automatic Auto On Off Photocell street Light Lamp Switch 50-60Hz 10A Photo Control Photoswitch Sensor Switch - Arduino e-shop","isPartOf":{"@id":"https:\/\/www.onetimenexttime.sk\/arduino\/#website"},"primaryImageOfPage":{"@id":"https:\/\/www.onetimenexttime.sk\/arduino\/index.php\/produkt\/ac-220v-automatic-auto-on-off-photocell-street-light-lamp-switch-50-60hz-10a-photo-control-photoswitch-sensor-switch\/#primaryimage"},"image":{"@id":"https:\/\/www.onetimenexttime.sk\/arduino\/index.php\/produkt\/ac-220v-automatic-auto-on-off-photocell-street-light-lamp-switch-50-60hz-10a-photo-control-photoswitch-sensor-switch\/#primaryimage"},"thumbnailUrl":"https:\/\/www.onetimenexttime.sk\/arduino\/wp-content\/uploads\/2021\/11\/420.jpg","datePublished":"2021-11-18T15:37:12+00:00","dateModified":"2021-11-18T15:43:30+00:00","breadcrumb":{"@id":"https:\/\/www.onetimenexttime.sk\/arduino\/index.php\/produkt\/ac-220v-automatic-auto-on-off-photocell-street-light-lamp-switch-50-60hz-10a-photo-control-photoswitch-sensor-switch\/#breadcrumb"},"inLanguage":"sk-SK","potentialAction":[{"@type":"ReadAction","target":["https:\/\/www.onetimenexttime.sk\/arduino\/index.php\/produkt\/ac-220v-automatic-auto-on-off-photocell-street-light-lamp-switch-50-60hz-10a-photo-control-photoswitch-sensor-switch\/"]}]},{"@type":"ImageObject","inLanguage":"sk-SK","@id":"https:\/\/www.onetimenexttime.sk\/arduino\/index.php\/produkt\/ac-220v-automatic-auto-on-off-photocell-street-light-lamp-switch-50-60hz-10a-photo-control-photoswitch-sensor-switch\/#primaryimage","url":"https:\/\/www.onetimenexttime.sk\/arduino\/wp-content\/uploads\/2021\/11\/420.jpg","contentUrl":"https:\/\/www.onetimenexttime.sk\/arduino\/wp-content\/uploads\/2021\/11\/420.jpg","width":538,"height":537},{"@type":"BreadcrumbList","@id":"https:\/\/www.onetimenexttime.sk\/arduino\/index.php\/produkt\/ac-220v-automatic-auto-on-off-photocell-street-light-lamp-switch-50-60hz-10a-photo-control-photoswitch-sensor-switch\/#breadcrumb","itemListElement":[{"@type":"ListItem","position":1,"name":"Domov","item":"https:\/\/www.onetimenexttime.sk\/arduino\/"},{"@type":"ListItem","position":2,"name":"Obchod","item":"https:\/\/www.onetimenexttime.sk\/arduino\/"},{"@type":"ListItem","position":3,"name":"AC 220V Automatic Auto On Off Photocell street Light Lamp Switch 50-60Hz 10A Photo Control Photoswitch Sensor Switch"}]},{"@type":"WebSite","@id":"https:\/\/www.onetimenexttime.sk\/arduino\/#website","url":"https:\/\/www.onetimenexttime.sk\/arduino\/","name":"Arduino e-shop","description":"Home Assistant","potentialAction":[{"@type":"SearchAction","target":{"@type":"EntryPoint","urlTemplate":"https:\/\/www.onetimenexttime.sk\/arduino\/?s={search_term_string}"},"query-input":{"@type":"PropertyValueSpecification","valueRequired":true,"valueName":"search_term_string"}}],"inLanguage":"sk-SK"}]}},"_links":{"self":[{"href":"https:\/\/www.onetimenexttime.sk\/arduino\/index.php\/wp-json\/wp\/v2\/product\/1637"}],"collection":[{"href":"https:\/\/www.onetimenexttime.sk\/arduino\/index.php\/wp-json\/wp\/v2\/product"}],"about":[{"href":"https:\/\/www.onetimenexttime.sk\/arduino\/index.php\/wp-json\/wp\/v2\/types\/product"}],"wp:featuredmedia":[{"embeddable":true,"href":"https:\/\/www.onetimenexttime.sk\/arduino\/index.php\/wp-json\/wp\/v2\/media\/1639"}],"wp:attachment":[{"href":"https:\/\/www.onetimenexttime.sk\/arduino\/index.php\/wp-json\/wp\/v2\/media?parent=1637"}],"wp:term":[{"taxonomy":"product_cat","embeddable":true,"href":"https:\/\/www.onetimenexttime.sk\/arduino\/index.php\/wp-json\/wp\/v2\/product_cat?post=1637"},{"taxonomy":"product_tag","embeddable":true,"href":"https:\/\/www.onetimenexttime.sk\/arduino\/index.php\/wp-json\/wp\/v2\/product_tag?post=1637"}],"curies":[{"name":"wp","href":"https:\/\/api.w.org\/{rel}","templated":true}]}}