{"id":1632,"date":"2021-11-18T16:18:35","date_gmt":"2021-11-18T15:18:35","guid":{"rendered":"https:\/\/www.onetimenexttime.sk\/arduino\/?post_type=product&#038;p=1632"},"modified":"2024-02-22T15:49:04","modified_gmt":"2024-02-22T14:49:04","slug":"3-3-5v-input-light-light-sensor-sensor-photodiode-module","status":"publish","type":"product","link":"https:\/\/www.onetimenexttime.sk\/arduino\/index.php\/produkt\/3-3-5v-input-light-light-sensor-sensor-photodiode-module\/","title":{"rendered":"3.3-5V Input Light Light Sensor Sensor Photodiode Module"},"content":{"rendered":"<table>\n<tbody>\n<tr>\n<th style=\"text-align: center;\" colspan=\"2\">3.3-5V Vstupn\u00fd modul senzora svetla s fotodi\u00f3dou<\/th>\n<\/tr>\n<tr>\n<td style=\"text-align: center;\" colspan=\"2\"><img decoding=\"async\" src=\"light_sensor_photodiode_module.jpg\" alt=\"Light Sensor Photodiode Module\" \/><\/td>\n<\/tr>\n<tr>\n<td><strong>Popis:<\/strong><\/td>\n<td>Tento modul senzora svetla s fotodi\u00f3dou sl\u00fa\u017ei na meranie intenzity svetla v okol\u00ed senzora. Pou\u017e\u00edva fotodi\u00f3du na konverziu sveteln\u00e9ho sign\u00e1lu na elektrick\u00fd sign\u00e1l, ktor\u00fd je \u010falej spracovan\u00fd mikrokontrol\u00e9rom, ako je Arduino alebo in\u00fdmi platformami. Modul je vhodn\u00fd pre r\u00f4zne aplik\u00e1cie, ako s\u00fa automatizovan\u00e9 osvetlenie, regul\u00e1cia osvetlenia, alebo sledovanie okolia na z\u00e1klade intenzity svetla.<\/td>\n<\/tr>\n<tr>\n<td><strong>Funkcie:<\/strong><\/td>\n<td>\n<ul>\n<li>Meria intenzitu svetla v okol\u00ed senzora<\/li>\n<li>Pou\u017e\u00edva fotodi\u00f3du na konverziu sveteln\u00e9ho sign\u00e1lu na elektrick\u00fd sign\u00e1l<\/li>\n<li>\u0160irok\u00fd rozsah nap\u00e1jacieho nap\u00e4tia od 3.3V do 5V<\/li>\n<li>Jednoduch\u00e9 pripojenie a ovl\u00e1danie pomocou Arduino alebo in\u00fdch mikrokontrol\u00e9rov<\/li>\n<\/ul>\n<\/td>\n<\/tr>\n<tr>\n<td><strong>Parametre:<\/strong><\/td>\n<td>\n<table>\n<tbody>\n<tr>\n<td><strong>Nap\u00e1jacie nap\u00e4tie:<\/strong><\/td>\n<td>3.3V &#8211; 5V DC<\/td>\n<\/tr>\n<tr>\n<td><strong>Typ senzora:<\/strong><\/td>\n<td>Fotodi\u00f3da<\/td>\n<\/tr>\n<tr>\n<td><strong>Pinov\u00e1 konfigur\u00e1cia:<\/strong><\/td>\n<td>GND, OUT, VCC<\/td>\n<\/tr>\n<tr>\n<td><strong>Rozsah merania:<\/strong><\/td>\n<td>0 &#8211; 1023 (digit\u00e1lny v\u00fdstup)<\/td>\n<\/tr>\n<tr>\n<td><strong>Rozhranie:<\/strong><\/td>\n<td>Analogov\u00fd v\u00fdstup<\/td>\n<\/tr>\n<\/tbody>\n<\/table>\n<\/td>\n<\/tr>\n<tr>\n<td><strong>Pr\u00edkladov\u00fd k\u00f3d:<\/strong><\/td>\n<td>\n<pre lang=\"arduino\">\/\/ K\u00f3d pre \u010d\u00edtanie intenzity svetla zo senzora\r\nconst int LIGHT_SENSOR_PIN = A0; \/\/ Pin pre pripojenie v\u00fdstupu senzora\r\nvoid setup() {\r\nSerial.begin(9600); \/\/ Inicializ\u00e1cia s\u00e9riovej komunik\u00e1cie\r\n}\r\n\r\nvoid loop() {\r\nint light_intensity = analogRead(LIGHT_SENSOR_PIN); \/\/ \u010c\u00edtanie anal\u00f3gov\u00e9ho sign\u00e1lu zo senzora\r\nSerial.println(light_intensity); \/\/ V\u00fdpis hodnoty na s\u00e9riov\u00fd port\r\ndelay(500); \/\/ Po\u010dk\u00e1 pol sekundy pred \u010fal\u0161\u00edm \u010d\u00edtan\u00edm\r\n}\r\n<\/pre>\n<\/td>\n<\/tr>\n<\/tbody>\n<\/table>\n<h2>3,3-5V vstupn\u00fd sveteln\u00fd sveteln\u00fd senzor, fotodi\u00f3dov\u00fd modul<\/h2>\n<p><strong>Pou\u017eitie:<\/strong><br \/>\nDetekcia \u00farovne svetla, jas sveteln\u00e9ho senzora je smerov\u00fd, na lep\u0161ie n\u00e1jdenie svetla sa pou\u017e\u00edva iba induk\u010dn\u00fd senzor pred zdrojom svetla<br \/>\nVlastnosti modulu:<br \/>\n1. Jas okolit\u00e9ho prostredia a intenzitu svetla je mo\u017en\u00e9 detekova\u0165 (v porovnan\u00ed s fotorezistorom je smerovos\u0165 relat\u00edvne dobr\u00e1, dok\u00e1\u017ee vn\u00edma\u0165 pevn\u00fd smer sveteln\u00e9ho zdroja)<br \/>\n2. Nastavite\u013en\u00e1 citlivos\u0165 modr\u00fdm digit\u00e1lnym potenciometrom (obr\u00e1zok)<br \/>\n3. Prev\u00e1dzkov\u00e9 nap\u00e4tie 3,3V-5V<br \/>\n4. Digit\u00e1lne sp\u00ednacie v\u00fdstupy (0 a 1)<br \/>\n5. S pevn\u00fdm otvorom pre skrutku pre jednoduch\u00fa in\u0161tal\u00e1ciu<br \/>\n6. Ve\u013ekos\u0165 PCB malej dosky: 3,2 cm * 1,4 cm \/ 1,25 &#8220;* 0,55&#8221;<br \/>\n<strong>In\u0161trukcie na pou\u017e\u00edvanie:<\/strong><br \/>\n1. Modul fotodi\u00f3dy je najcitlivej\u0161\u00ed na okolit\u00e9 svetlo, vo v\u0161eobecnosti sa pou\u017e\u00edva na detekciu jasu intenzity okolit\u00e9ho svetla, modul fotorezistorov\u00e9ho senzora Univerz\u00e1lny Vo v\u00e4\u010d\u0161ine pr\u00edpadov je rozdiel medzi nimi ten, \u017ee modul fotodi\u00f3dy je smerov\u00fd, dok\u00e1\u017ee sn\u00edma\u0165 pevn\u00fd smer zdroj svetla<br \/>\n2. Modul pri sveteln\u00fdch podmienkach alebo intenzite svetla ni\u017e\u0161ej ako nastaven\u00e1 prahov\u00e1 hodnota, v\u00fdstup DO portu na vysokej \u00farovni, ke\u010f vonkaj\u0161ie prostredie, ke\u010f intenzita svetla prekro\u010d\u00ed nastaven\u00fa prahov\u00fa hodnotu, v\u00fdstup modulu D0 je n\u00edzky<br \/>\n3. Digit\u00e1lny v\u00fdstup malej dosky D0 m\u00f4\u017ee by\u0165 pripojen\u00fd priamo k mikrokontrol\u00e9ru mikrokontrol\u00e9ra, aby sa zistila vysok\u00e1 a n\u00edzka \u00farove\u0148 intenzity svetla v prostred\u00ed<br \/>\n4. Digit\u00e1lny v\u00fdstup malej dosky DO OUR rel\u00e9ov\u00fd modul m\u00f4\u017ee priamo riadi\u0165, ktor\u00fd m\u00f4\u017ee by\u0165 zlo\u017een\u00fd z fotoelektrick\u00e9ho sp\u00edna\u010da<\/p>\n","protected":false},"excerpt":{"rendered":"<p>3.3-5V Vstupn\u00fd modul senzora svetla s fotodi\u00f3dou Popis: Tento modul senzora svetla s fotodi\u00f3dou sl\u00fa\u017ei na meranie intenzity svetla v&hellip;<\/p>\n","protected":false},"featured_media":1633,"template":"","meta":{"_monsterinsights_skip_tracking":false,"_monsterinsights_sitenote_active":false,"_monsterinsights_sitenote_note":"","_monsterinsights_sitenote_category":0},"product_cat":[15,16,68,17,44],"product_tag":[],"class_list":{"0":"post-1632","1":"product","2":"type-product","3":"status-publish","4":"has-post-thumbnail","6":"product_cat-nd","7":"product_cat-ard","8":"product_cat-light","9":"product_cat-modul","10":"product_cat-svetlo","12":"first","13":"instock","14":"shipping-taxable","15":"purchasable","16":"product-type-simple"},"yoast_head":"<!-- This site is optimized with the Yoast SEO plugin v23.6 - https:\/\/yoast.com\/wordpress\/plugins\/seo\/ -->\n<title>3.3-5V Input Light Light Sensor Sensor Photodiode Module - Arduino e-shop<\/title>\n<meta name=\"robots\" content=\"index, follow, max-snippet:-1, max-image-preview:large, max-video-preview:-1\" \/>\n<link rel=\"canonical\" href=\"https:\/\/www.onetimenexttime.sk\/arduino\/index.php\/produkt\/3-3-5v-input-light-light-sensor-sensor-photodiode-module\/\" \/>\n<meta property=\"og:locale\" content=\"sk_SK\" \/>\n<meta property=\"og:type\" content=\"article\" \/>\n<meta property=\"og:title\" content=\"3.3-5V Input Light Light Sensor Sensor Photodiode Module - Arduino e-shop\" \/>\n<meta property=\"og:description\" content=\"3.3-5V Vstupn\u00fd modul senzora svetla s fotodi\u00f3dou Popis: Tento modul senzora svetla s fotodi\u00f3dou sl\u00fa\u017ei na meranie intenzity svetla v&hellip;\" \/>\n<meta property=\"og:url\" content=\"https:\/\/www.onetimenexttime.sk\/arduino\/index.php\/produkt\/3-3-5v-input-light-light-sensor-sensor-photodiode-module\/\" \/>\n<meta property=\"og:site_name\" content=\"Arduino e-shop\" \/>\n<meta property=\"article:modified_time\" content=\"2024-02-22T14:49:04+00:00\" \/>\n<meta property=\"og:image\" content=\"https:\/\/www.onetimenexttime.sk\/arduino\/wp-content\/uploads\/2021\/11\/424.jpg\" \/>\n\t<meta property=\"og:image:width\" content=\"225\" \/>\n\t<meta property=\"og:image:height\" content=\"225\" \/>\n\t<meta property=\"og:image:type\" content=\"image\/jpeg\" \/>\n<meta name=\"twitter:card\" content=\"summary_large_image\" \/>\n<meta name=\"twitter:label1\" content=\"Predpokladan\u00fd \u010das \u010d\u00edtania\" \/>\n\t<meta name=\"twitter:data1\" content=\"2 min\u00faty\" \/>\n<script type=\"application\/ld+json\" class=\"yoast-schema-graph\">{\"@context\":\"https:\/\/schema.org\",\"@graph\":[{\"@type\":\"WebPage\",\"@id\":\"https:\/\/www.onetimenexttime.sk\/arduino\/index.php\/produkt\/3-3-5v-input-light-light-sensor-sensor-photodiode-module\/\",\"url\":\"https:\/\/www.onetimenexttime.sk\/arduino\/index.php\/produkt\/3-3-5v-input-light-light-sensor-sensor-photodiode-module\/\",\"name\":\"3.3-5V Input Light Light Sensor Sensor Photodiode Module - Arduino e-shop\",\"isPartOf\":{\"@id\":\"https:\/\/www.onetimenexttime.sk\/arduino\/#website\"},\"primaryImageOfPage\":{\"@id\":\"https:\/\/www.onetimenexttime.sk\/arduino\/index.php\/produkt\/3-3-5v-input-light-light-sensor-sensor-photodiode-module\/#primaryimage\"},\"image\":{\"@id\":\"https:\/\/www.onetimenexttime.sk\/arduino\/index.php\/produkt\/3-3-5v-input-light-light-sensor-sensor-photodiode-module\/#primaryimage\"},\"thumbnailUrl\":\"https:\/\/www.onetimenexttime.sk\/arduino\/wp-content\/uploads\/2021\/11\/424.jpg\",\"datePublished\":\"2021-11-18T15:18:35+00:00\",\"dateModified\":\"2024-02-22T14:49:04+00:00\",\"breadcrumb\":{\"@id\":\"https:\/\/www.onetimenexttime.sk\/arduino\/index.php\/produkt\/3-3-5v-input-light-light-sensor-sensor-photodiode-module\/#breadcrumb\"},\"inLanguage\":\"sk-SK\",\"potentialAction\":[{\"@type\":\"ReadAction\",\"target\":[\"https:\/\/www.onetimenexttime.sk\/arduino\/index.php\/produkt\/3-3-5v-input-light-light-sensor-sensor-photodiode-module\/\"]}]},{\"@type\":\"ImageObject\",\"inLanguage\":\"sk-SK\",\"@id\":\"https:\/\/www.onetimenexttime.sk\/arduino\/index.php\/produkt\/3-3-5v-input-light-light-sensor-sensor-photodiode-module\/#primaryimage\",\"url\":\"https:\/\/www.onetimenexttime.sk\/arduino\/wp-content\/uploads\/2021\/11\/424.jpg\",\"contentUrl\":\"https:\/\/www.onetimenexttime.sk\/arduino\/wp-content\/uploads\/2021\/11\/424.jpg\",\"width\":225,\"height\":225},{\"@type\":\"BreadcrumbList\",\"@id\":\"https:\/\/www.onetimenexttime.sk\/arduino\/index.php\/produkt\/3-3-5v-input-light-light-sensor-sensor-photodiode-module\/#breadcrumb\",\"itemListElement\":[{\"@type\":\"ListItem\",\"position\":1,\"name\":\"Domov\",\"item\":\"https:\/\/www.onetimenexttime.sk\/arduino\/\"},{\"@type\":\"ListItem\",\"position\":2,\"name\":\"Obchod\",\"item\":\"https:\/\/www.onetimenexttime.sk\/arduino\/\"},{\"@type\":\"ListItem\",\"position\":3,\"name\":\"3.3-5V Input Light Light Sensor Sensor Photodiode Module\"}]},{\"@type\":\"WebSite\",\"@id\":\"https:\/\/www.onetimenexttime.sk\/arduino\/#website\",\"url\":\"https:\/\/www.onetimenexttime.sk\/arduino\/\",\"name\":\"Arduino e-shop\",\"description\":\"Home Assistant\",\"potentialAction\":[{\"@type\":\"SearchAction\",\"target\":{\"@type\":\"EntryPoint\",\"urlTemplate\":\"https:\/\/www.onetimenexttime.sk\/arduino\/?s={search_term_string}\"},\"query-input\":{\"@type\":\"PropertyValueSpecification\",\"valueRequired\":true,\"valueName\":\"search_term_string\"}}],\"inLanguage\":\"sk-SK\"}]}<\/script>\n<!-- \/ Yoast SEO plugin. -->","yoast_head_json":{"title":"3.3-5V Input Light Light Sensor Sensor Photodiode Module - Arduino e-shop","robots":{"index":"index","follow":"follow","max-snippet":"max-snippet:-1","max-image-preview":"max-image-preview:large","max-video-preview":"max-video-preview:-1"},"canonical":"https:\/\/www.onetimenexttime.sk\/arduino\/index.php\/produkt\/3-3-5v-input-light-light-sensor-sensor-photodiode-module\/","og_locale":"sk_SK","og_type":"article","og_title":"3.3-5V Input Light Light Sensor Sensor Photodiode Module - Arduino e-shop","og_description":"3.3-5V Vstupn\u00fd modul senzora svetla s fotodi\u00f3dou Popis: Tento modul senzora svetla s fotodi\u00f3dou sl\u00fa\u017ei na meranie intenzity svetla v&hellip;","og_url":"https:\/\/www.onetimenexttime.sk\/arduino\/index.php\/produkt\/3-3-5v-input-light-light-sensor-sensor-photodiode-module\/","og_site_name":"Arduino e-shop","article_modified_time":"2024-02-22T14:49:04+00:00","og_image":[{"width":225,"height":225,"url":"https:\/\/www.onetimenexttime.sk\/arduino\/wp-content\/uploads\/2021\/11\/424.jpg","type":"image\/jpeg"}],"twitter_card":"summary_large_image","twitter_misc":{"Predpokladan\u00fd \u010das \u010d\u00edtania":"2 min\u00faty"},"schema":{"@context":"https:\/\/schema.org","@graph":[{"@type":"WebPage","@id":"https:\/\/www.onetimenexttime.sk\/arduino\/index.php\/produkt\/3-3-5v-input-light-light-sensor-sensor-photodiode-module\/","url":"https:\/\/www.onetimenexttime.sk\/arduino\/index.php\/produkt\/3-3-5v-input-light-light-sensor-sensor-photodiode-module\/","name":"3.3-5V Input Light Light Sensor Sensor Photodiode Module - Arduino e-shop","isPartOf":{"@id":"https:\/\/www.onetimenexttime.sk\/arduino\/#website"},"primaryImageOfPage":{"@id":"https:\/\/www.onetimenexttime.sk\/arduino\/index.php\/produkt\/3-3-5v-input-light-light-sensor-sensor-photodiode-module\/#primaryimage"},"image":{"@id":"https:\/\/www.onetimenexttime.sk\/arduino\/index.php\/produkt\/3-3-5v-input-light-light-sensor-sensor-photodiode-module\/#primaryimage"},"thumbnailUrl":"https:\/\/www.onetimenexttime.sk\/arduino\/wp-content\/uploads\/2021\/11\/424.jpg","datePublished":"2021-11-18T15:18:35+00:00","dateModified":"2024-02-22T14:49:04+00:00","breadcrumb":{"@id":"https:\/\/www.onetimenexttime.sk\/arduino\/index.php\/produkt\/3-3-5v-input-light-light-sensor-sensor-photodiode-module\/#breadcrumb"},"inLanguage":"sk-SK","potentialAction":[{"@type":"ReadAction","target":["https:\/\/www.onetimenexttime.sk\/arduino\/index.php\/produkt\/3-3-5v-input-light-light-sensor-sensor-photodiode-module\/"]}]},{"@type":"ImageObject","inLanguage":"sk-SK","@id":"https:\/\/www.onetimenexttime.sk\/arduino\/index.php\/produkt\/3-3-5v-input-light-light-sensor-sensor-photodiode-module\/#primaryimage","url":"https:\/\/www.onetimenexttime.sk\/arduino\/wp-content\/uploads\/2021\/11\/424.jpg","contentUrl":"https:\/\/www.onetimenexttime.sk\/arduino\/wp-content\/uploads\/2021\/11\/424.jpg","width":225,"height":225},{"@type":"BreadcrumbList","@id":"https:\/\/www.onetimenexttime.sk\/arduino\/index.php\/produkt\/3-3-5v-input-light-light-sensor-sensor-photodiode-module\/#breadcrumb","itemListElement":[{"@type":"ListItem","position":1,"name":"Domov","item":"https:\/\/www.onetimenexttime.sk\/arduino\/"},{"@type":"ListItem","position":2,"name":"Obchod","item":"https:\/\/www.onetimenexttime.sk\/arduino\/"},{"@type":"ListItem","position":3,"name":"3.3-5V Input Light Light Sensor Sensor Photodiode Module"}]},{"@type":"WebSite","@id":"https:\/\/www.onetimenexttime.sk\/arduino\/#website","url":"https:\/\/www.onetimenexttime.sk\/arduino\/","name":"Arduino e-shop","description":"Home Assistant","potentialAction":[{"@type":"SearchAction","target":{"@type":"EntryPoint","urlTemplate":"https:\/\/www.onetimenexttime.sk\/arduino\/?s={search_term_string}"},"query-input":{"@type":"PropertyValueSpecification","valueRequired":true,"valueName":"search_term_string"}}],"inLanguage":"sk-SK"}]}},"_links":{"self":[{"href":"https:\/\/www.onetimenexttime.sk\/arduino\/index.php\/wp-json\/wp\/v2\/product\/1632"}],"collection":[{"href":"https:\/\/www.onetimenexttime.sk\/arduino\/index.php\/wp-json\/wp\/v2\/product"}],"about":[{"href":"https:\/\/www.onetimenexttime.sk\/arduino\/index.php\/wp-json\/wp\/v2\/types\/product"}],"wp:featuredmedia":[{"embeddable":true,"href":"https:\/\/www.onetimenexttime.sk\/arduino\/index.php\/wp-json\/wp\/v2\/media\/1633"}],"wp:attachment":[{"href":"https:\/\/www.onetimenexttime.sk\/arduino\/index.php\/wp-json\/wp\/v2\/media?parent=1632"}],"wp:term":[{"taxonomy":"product_cat","embeddable":true,"href":"https:\/\/www.onetimenexttime.sk\/arduino\/index.php\/wp-json\/wp\/v2\/product_cat?post=1632"},{"taxonomy":"product_tag","embeddable":true,"href":"https:\/\/www.onetimenexttime.sk\/arduino\/index.php\/wp-json\/wp\/v2\/product_tag?post=1632"}],"curies":[{"name":"wp","href":"https:\/\/api.w.org\/{rel}","templated":true}]}}