{"id":161,"date":"2021-10-18T09:17:46","date_gmt":"2021-10-18T07:17:46","guid":{"rendered":"https:\/\/www.onetimenexttime.sk\/arduino\/?post_type=product&#038;p=161"},"modified":"2022-01-15T07:13:25","modified_gmt":"2022-01-15T06:13:25","slug":"power-relays-sru-12vdc-sl-c-10a-250vac-30vdc-5pin","status":"publish","type":"product","link":"https:\/\/www.onetimenexttime.sk\/arduino\/index.php\/produkt\/power-relays-sru-12vdc-sl-c-10a-250vac-30vdc-5pin\/","title":{"rendered":"Power Relays SRU-12VDC-SL-C 10A 250VAC 30VDC 5PIN"},"content":{"rendered":"<p>Te\u00f3ria: Polovodi\u010dov\u00e9 rel\u00e9<\/p>\n<p>\u010c\u00edslo modelu: SRD-12VDC-SL-A<\/p>\n<p>Pou\u017eitie: V\u0161eobecn\u00e9 pou\u017eitie<\/p>\n<p>je prisp\u00f4soben\u00e9: \u00e1no<\/p>\n<p>Nap\u00e4tie: 12V<\/p>\n<p>Funkcia ochrany: **<\/p>\n","protected":false},"excerpt":{"rendered":"<p>Te\u00f3ria: Polovodi\u010dov\u00e9 rel\u00e9 \u010c\u00edslo modelu: SRD-12VDC-SL-A Pou\u017eitie: V\u0161eobecn\u00e9 pou\u017eitie je prisp\u00f4soben\u00e9: \u00e1no Nap\u00e4tie: 12V Funkcia ochrany: **<\/p>\n","protected":false},"featured_media":163,"template":"","meta":{"_monsterinsights_skip_tracking":false,"_monsterinsights_sitenote_active":false,"_monsterinsights_sitenote_note":"","_monsterinsights_sitenote_category":0},"product_cat":[16,17,19],"product_tag":[],"class_list":{"0":"post-161","1":"product","2":"type-product","3":"status-publish","4":"has-post-thumbnail","6":"product_cat-ard","7":"product_cat-modul","8":"product_cat-rele","10":"first","11":"instock","12":"shipping-taxable","13":"purchasable","14":"product-type-simple"},"yoast_head":"<!-- This site is optimized with the Yoast SEO plugin v23.6 - https:\/\/yoast.com\/wordpress\/plugins\/seo\/ -->\n<title>Power Relays SRU-12VDC-SL-C 10A 250VAC 30VDC 5PIN - Arduino e-shop<\/title>\n<meta name=\"robots\" content=\"index, follow, max-snippet:-1, max-image-preview:large, max-video-preview:-1\" \/>\n<link rel=\"canonical\" href=\"https:\/\/www.onetimenexttime.sk\/arduino\/index.php\/produkt\/power-relays-sru-12vdc-sl-c-10a-250vac-30vdc-5pin\/\" \/>\n<meta property=\"og:locale\" content=\"sk_SK\" \/>\n<meta property=\"og:type\" content=\"article\" \/>\n<meta property=\"og:title\" content=\"Power Relays SRU-12VDC-SL-C 10A 250VAC 30VDC 5PIN - Arduino e-shop\" \/>\n<meta property=\"og:description\" content=\"Te\u00f3ria: Polovodi\u010dov\u00e9 rel\u00e9 \u010c\u00edslo modelu: SRD-12VDC-SL-A Pou\u017eitie: V\u0161eobecn\u00e9 pou\u017eitie je prisp\u00f4soben\u00e9: \u00e1no Nap\u00e4tie: 12V Funkcia ochrany: **\" \/>\n<meta property=\"og:url\" content=\"https:\/\/www.onetimenexttime.sk\/arduino\/index.php\/produkt\/power-relays-sru-12vdc-sl-c-10a-250vac-30vdc-5pin\/\" \/>\n<meta property=\"og:site_name\" content=\"Arduino e-shop\" \/>\n<meta property=\"article:modified_time\" content=\"2022-01-15T06:13:25+00:00\" \/>\n<meta property=\"og:image\" content=\"https:\/\/www.onetimenexttime.sk\/arduino\/wp-content\/uploads\/2021\/10\/288.jpg\" \/>\n\t<meta property=\"og:image:width\" content=\"504\" \/>\n\t<meta property=\"og:image:height\" content=\"503\" \/>\n\t<meta property=\"og:image:type\" content=\"image\/jpeg\" \/>\n<meta name=\"twitter:card\" content=\"summary_large_image\" \/>\n<meta name=\"twitter:label1\" content=\"Predpokladan\u00fd \u010das \u010d\u00edtania\" \/>\n\t<meta name=\"twitter:data1\" content=\"1 min\u00fata\" \/>\n<script type=\"application\/ld+json\" class=\"yoast-schema-graph\">{\"@context\":\"https:\/\/schema.org\",\"@graph\":[{\"@type\":\"WebPage\",\"@id\":\"https:\/\/www.onetimenexttime.sk\/arduino\/index.php\/produkt\/power-relays-sru-12vdc-sl-c-10a-250vac-30vdc-5pin\/\",\"url\":\"https:\/\/www.onetimenexttime.sk\/arduino\/index.php\/produkt\/power-relays-sru-12vdc-sl-c-10a-250vac-30vdc-5pin\/\",\"name\":\"Power Relays SRU-12VDC-SL-C 10A 250VAC 30VDC 5PIN - Arduino e-shop\",\"isPartOf\":{\"@id\":\"https:\/\/www.onetimenexttime.sk\/arduino\/#website\"},\"primaryImageOfPage\":{\"@id\":\"https:\/\/www.onetimenexttime.sk\/arduino\/index.php\/produkt\/power-relays-sru-12vdc-sl-c-10a-250vac-30vdc-5pin\/#primaryimage\"},\"image\":{\"@id\":\"https:\/\/www.onetimenexttime.sk\/arduino\/index.php\/produkt\/power-relays-sru-12vdc-sl-c-10a-250vac-30vdc-5pin\/#primaryimage\"},\"thumbnailUrl\":\"https:\/\/www.onetimenexttime.sk\/arduino\/wp-content\/uploads\/2021\/10\/288.jpg\",\"datePublished\":\"2021-10-18T07:17:46+00:00\",\"dateModified\":\"2022-01-15T06:13:25+00:00\",\"breadcrumb\":{\"@id\":\"https:\/\/www.onetimenexttime.sk\/arduino\/index.php\/produkt\/power-relays-sru-12vdc-sl-c-10a-250vac-30vdc-5pin\/#breadcrumb\"},\"inLanguage\":\"sk-SK\",\"potentialAction\":[{\"@type\":\"ReadAction\",\"target\":[\"https:\/\/www.onetimenexttime.sk\/arduino\/index.php\/produkt\/power-relays-sru-12vdc-sl-c-10a-250vac-30vdc-5pin\/\"]}]},{\"@type\":\"ImageObject\",\"inLanguage\":\"sk-SK\",\"@id\":\"https:\/\/www.onetimenexttime.sk\/arduino\/index.php\/produkt\/power-relays-sru-12vdc-sl-c-10a-250vac-30vdc-5pin\/#primaryimage\",\"url\":\"https:\/\/www.onetimenexttime.sk\/arduino\/wp-content\/uploads\/2021\/10\/288.jpg\",\"contentUrl\":\"https:\/\/www.onetimenexttime.sk\/arduino\/wp-content\/uploads\/2021\/10\/288.jpg\",\"width\":504,\"height\":503},{\"@type\":\"BreadcrumbList\",\"@id\":\"https:\/\/www.onetimenexttime.sk\/arduino\/index.php\/produkt\/power-relays-sru-12vdc-sl-c-10a-250vac-30vdc-5pin\/#breadcrumb\",\"itemListElement\":[{\"@type\":\"ListItem\",\"position\":1,\"name\":\"Domov\",\"item\":\"https:\/\/www.onetimenexttime.sk\/arduino\/\"},{\"@type\":\"ListItem\",\"position\":2,\"name\":\"Obchod\",\"item\":\"https:\/\/www.onetimenexttime.sk\/arduino\/\"},{\"@type\":\"ListItem\",\"position\":3,\"name\":\"Power Relays SRU-12VDC-SL-C 10A 250VAC 30VDC 5PIN\"}]},{\"@type\":\"WebSite\",\"@id\":\"https:\/\/www.onetimenexttime.sk\/arduino\/#website\",\"url\":\"https:\/\/www.onetimenexttime.sk\/arduino\/\",\"name\":\"Arduino e-shop\",\"description\":\"Home Assistant\",\"potentialAction\":[{\"@type\":\"SearchAction\",\"target\":{\"@type\":\"EntryPoint\",\"urlTemplate\":\"https:\/\/www.onetimenexttime.sk\/arduino\/?s={search_term_string}\"},\"query-input\":{\"@type\":\"PropertyValueSpecification\",\"valueRequired\":true,\"valueName\":\"search_term_string\"}}],\"inLanguage\":\"sk-SK\"}]}<\/script>\n<!-- \/ Yoast SEO plugin. -->","yoast_head_json":{"title":"Power Relays SRU-12VDC-SL-C 10A 250VAC 30VDC 5PIN - Arduino e-shop","robots":{"index":"index","follow":"follow","max-snippet":"max-snippet:-1","max-image-preview":"max-image-preview:large","max-video-preview":"max-video-preview:-1"},"canonical":"https:\/\/www.onetimenexttime.sk\/arduino\/index.php\/produkt\/power-relays-sru-12vdc-sl-c-10a-250vac-30vdc-5pin\/","og_locale":"sk_SK","og_type":"article","og_title":"Power Relays SRU-12VDC-SL-C 10A 250VAC 30VDC 5PIN - Arduino e-shop","og_description":"Te\u00f3ria: Polovodi\u010dov\u00e9 rel\u00e9 \u010c\u00edslo modelu: SRD-12VDC-SL-A Pou\u017eitie: V\u0161eobecn\u00e9 pou\u017eitie je prisp\u00f4soben\u00e9: \u00e1no Nap\u00e4tie: 12V Funkcia ochrany: **","og_url":"https:\/\/www.onetimenexttime.sk\/arduino\/index.php\/produkt\/power-relays-sru-12vdc-sl-c-10a-250vac-30vdc-5pin\/","og_site_name":"Arduino e-shop","article_modified_time":"2022-01-15T06:13:25+00:00","og_image":[{"width":504,"height":503,"url":"https:\/\/www.onetimenexttime.sk\/arduino\/wp-content\/uploads\/2021\/10\/288.jpg","type":"image\/jpeg"}],"twitter_card":"summary_large_image","twitter_misc":{"Predpokladan\u00fd \u010das \u010d\u00edtania":"1 min\u00fata"},"schema":{"@context":"https:\/\/schema.org","@graph":[{"@type":"WebPage","@id":"https:\/\/www.onetimenexttime.sk\/arduino\/index.php\/produkt\/power-relays-sru-12vdc-sl-c-10a-250vac-30vdc-5pin\/","url":"https:\/\/www.onetimenexttime.sk\/arduino\/index.php\/produkt\/power-relays-sru-12vdc-sl-c-10a-250vac-30vdc-5pin\/","name":"Power Relays SRU-12VDC-SL-C 10A 250VAC 30VDC 5PIN - Arduino e-shop","isPartOf":{"@id":"https:\/\/www.onetimenexttime.sk\/arduino\/#website"},"primaryImageOfPage":{"@id":"https:\/\/www.onetimenexttime.sk\/arduino\/index.php\/produkt\/power-relays-sru-12vdc-sl-c-10a-250vac-30vdc-5pin\/#primaryimage"},"image":{"@id":"https:\/\/www.onetimenexttime.sk\/arduino\/index.php\/produkt\/power-relays-sru-12vdc-sl-c-10a-250vac-30vdc-5pin\/#primaryimage"},"thumbnailUrl":"https:\/\/www.onetimenexttime.sk\/arduino\/wp-content\/uploads\/2021\/10\/288.jpg","datePublished":"2021-10-18T07:17:46+00:00","dateModified":"2022-01-15T06:13:25+00:00","breadcrumb":{"@id":"https:\/\/www.onetimenexttime.sk\/arduino\/index.php\/produkt\/power-relays-sru-12vdc-sl-c-10a-250vac-30vdc-5pin\/#breadcrumb"},"inLanguage":"sk-SK","potentialAction":[{"@type":"ReadAction","target":["https:\/\/www.onetimenexttime.sk\/arduino\/index.php\/produkt\/power-relays-sru-12vdc-sl-c-10a-250vac-30vdc-5pin\/"]}]},{"@type":"ImageObject","inLanguage":"sk-SK","@id":"https:\/\/www.onetimenexttime.sk\/arduino\/index.php\/produkt\/power-relays-sru-12vdc-sl-c-10a-250vac-30vdc-5pin\/#primaryimage","url":"https:\/\/www.onetimenexttime.sk\/arduino\/wp-content\/uploads\/2021\/10\/288.jpg","contentUrl":"https:\/\/www.onetimenexttime.sk\/arduino\/wp-content\/uploads\/2021\/10\/288.jpg","width":504,"height":503},{"@type":"BreadcrumbList","@id":"https:\/\/www.onetimenexttime.sk\/arduino\/index.php\/produkt\/power-relays-sru-12vdc-sl-c-10a-250vac-30vdc-5pin\/#breadcrumb","itemListElement":[{"@type":"ListItem","position":1,"name":"Domov","item":"https:\/\/www.onetimenexttime.sk\/arduino\/"},{"@type":"ListItem","position":2,"name":"Obchod","item":"https:\/\/www.onetimenexttime.sk\/arduino\/"},{"@type":"ListItem","position":3,"name":"Power Relays SRU-12VDC-SL-C 10A 250VAC 30VDC 5PIN"}]},{"@type":"WebSite","@id":"https:\/\/www.onetimenexttime.sk\/arduino\/#website","url":"https:\/\/www.onetimenexttime.sk\/arduino\/","name":"Arduino e-shop","description":"Home Assistant","potentialAction":[{"@type":"SearchAction","target":{"@type":"EntryPoint","urlTemplate":"https:\/\/www.onetimenexttime.sk\/arduino\/?s={search_term_string}"},"query-input":{"@type":"PropertyValueSpecification","valueRequired":true,"valueName":"search_term_string"}}],"inLanguage":"sk-SK"}]}},"_links":{"self":[{"href":"https:\/\/www.onetimenexttime.sk\/arduino\/index.php\/wp-json\/wp\/v2\/product\/161"}],"collection":[{"href":"https:\/\/www.onetimenexttime.sk\/arduino\/index.php\/wp-json\/wp\/v2\/product"}],"about":[{"href":"https:\/\/www.onetimenexttime.sk\/arduino\/index.php\/wp-json\/wp\/v2\/types\/product"}],"wp:featuredmedia":[{"embeddable":true,"href":"https:\/\/www.onetimenexttime.sk\/arduino\/index.php\/wp-json\/wp\/v2\/media\/163"}],"wp:attachment":[{"href":"https:\/\/www.onetimenexttime.sk\/arduino\/index.php\/wp-json\/wp\/v2\/media?parent=161"}],"wp:term":[{"taxonomy":"product_cat","embeddable":true,"href":"https:\/\/www.onetimenexttime.sk\/arduino\/index.php\/wp-json\/wp\/v2\/product_cat?post=161"},{"taxonomy":"product_tag","embeddable":true,"href":"https:\/\/www.onetimenexttime.sk\/arduino\/index.php\/wp-json\/wp\/v2\/product_tag?post=161"}],"curies":[{"name":"wp","href":"https:\/\/api.w.org\/{rel}","templated":true}]}}