{"id":160,"date":"2021-10-18T09:17:39","date_gmt":"2021-10-18T07:17:39","guid":{"rendered":"https:\/\/www.onetimenexttime.sk\/arduino\/?post_type=product&#038;p=160"},"modified":"2021-10-18T09:22:13","modified_gmt":"2021-10-18T07:22:13","slug":"srd-s-105d-5-leads-5v-5vdc-dc5v-12a-sanyou-original-power-relays","status":"publish","type":"product","link":"https:\/\/www.onetimenexttime.sk\/arduino\/index.php\/produkt\/srd-s-105d-5-leads-5v-5vdc-dc5v-12a-sanyou-original-power-relays\/","title":{"rendered":"SRD-S-105D 5-leads 5V 5VDC DC5V 12A SANYOU Original Power Relays"},"content":{"rendered":"<p>Kontaktn\u00e1 kapacita 12A 125VAC alebo 7A 250VAC<br \/>\nV\u00fdkon cievky (\u0161) 0,36<br \/>\nStredne odoln\u00e9 nap\u00e4tie 1 500 V AC<br \/>\nNap\u00e4tie cievky 3-60VDC<br \/>\nKontaktn\u00fd odpor \u226450 m\u03a9<br \/>\nTeplota okolia -40 \u2103 ~+105 \u2103<br \/>\nIn\u0161tala\u010dn\u00fd formul\u00e1r DPS<\/p>\n<p>Vlastnosti produktu<br \/>\nVysok\u00e1 kontaktn\u00e1 kapacita: 12A, mo\u017enos\u0165 prep\u00ednania kontaktov.<br \/>\nSpotreba energie spodnej cievky, najni\u017e\u0161ia cena.<br \/>\nExtr\u00e9mne mal\u00e9, \u0161tandardn\u00e9 vodi\u010de pre tla\u010den\u00e9 dosky.<\/p>\n","protected":false},"excerpt":{"rendered":"<p>Kontaktn\u00e1 kapacita 12A 125VAC alebo 7A 250VAC V\u00fdkon cievky (\u0161) 0,36 Stredne odoln\u00e9 nap\u00e4tie 1 500 V AC Nap\u00e4tie cievky&hellip;<\/p>\n","protected":false},"featured_media":162,"template":"","meta":{"_monsterinsights_skip_tracking":false,"_monsterinsights_sitenote_active":false,"_monsterinsights_sitenote_note":"","_monsterinsights_sitenote_category":0},"product_cat":[16,17,19],"product_tag":[],"class_list":{"0":"post-160","1":"product","2":"type-product","3":"status-publish","4":"has-post-thumbnail","6":"product_cat-ard","7":"product_cat-modul","8":"product_cat-rele","10":"first","11":"instock","12":"shipping-taxable","13":"purchasable","14":"product-type-simple"},"yoast_head":"<!-- This site is optimized with the Yoast SEO plugin v23.6 - https:\/\/yoast.com\/wordpress\/plugins\/seo\/ -->\n<title>SRD-S-105D 5-leads 5V 5VDC DC5V 12A SANYOU Original Power Relays - Arduino e-shop<\/title>\n<meta name=\"robots\" content=\"index, follow, max-snippet:-1, max-image-preview:large, max-video-preview:-1\" \/>\n<link rel=\"canonical\" href=\"https:\/\/www.onetimenexttime.sk\/arduino\/index.php\/produkt\/srd-s-105d-5-leads-5v-5vdc-dc5v-12a-sanyou-original-power-relays\/\" \/>\n<meta property=\"og:locale\" content=\"sk_SK\" \/>\n<meta property=\"og:type\" content=\"article\" \/>\n<meta property=\"og:title\" content=\"SRD-S-105D 5-leads 5V 5VDC DC5V 12A SANYOU Original Power Relays - Arduino e-shop\" \/>\n<meta property=\"og:description\" content=\"Kontaktn\u00e1 kapacita 12A 125VAC alebo 7A 250VAC V\u00fdkon cievky (\u0161) 0,36 Stredne odoln\u00e9 nap\u00e4tie 1 500 V AC Nap\u00e4tie cievky&hellip;\" \/>\n<meta property=\"og:url\" content=\"https:\/\/www.onetimenexttime.sk\/arduino\/index.php\/produkt\/srd-s-105d-5-leads-5v-5vdc-dc5v-12a-sanyou-original-power-relays\/\" \/>\n<meta property=\"og:site_name\" content=\"Arduino e-shop\" \/>\n<meta property=\"article:modified_time\" content=\"2021-10-18T07:22:13+00:00\" \/>\n<meta property=\"og:image\" content=\"https:\/\/www.onetimenexttime.sk\/arduino\/wp-content\/uploads\/2021\/10\/289.jpg\" \/>\n\t<meta property=\"og:image:width\" content=\"504\" \/>\n\t<meta property=\"og:image:height\" content=\"503\" \/>\n\t<meta property=\"og:image:type\" content=\"image\/jpeg\" \/>\n<meta name=\"twitter:card\" content=\"summary_large_image\" \/>\n<meta name=\"twitter:label1\" content=\"Predpokladan\u00fd \u010das \u010d\u00edtania\" \/>\n\t<meta name=\"twitter:data1\" content=\"1 min\u00fata\" \/>\n<script type=\"application\/ld+json\" class=\"yoast-schema-graph\">{\"@context\":\"https:\/\/schema.org\",\"@graph\":[{\"@type\":\"WebPage\",\"@id\":\"https:\/\/www.onetimenexttime.sk\/arduino\/index.php\/produkt\/srd-s-105d-5-leads-5v-5vdc-dc5v-12a-sanyou-original-power-relays\/\",\"url\":\"https:\/\/www.onetimenexttime.sk\/arduino\/index.php\/produkt\/srd-s-105d-5-leads-5v-5vdc-dc5v-12a-sanyou-original-power-relays\/\",\"name\":\"SRD-S-105D 5-leads 5V 5VDC DC5V 12A SANYOU Original Power Relays - Arduino e-shop\",\"isPartOf\":{\"@id\":\"https:\/\/www.onetimenexttime.sk\/arduino\/#website\"},\"primaryImageOfPage\":{\"@id\":\"https:\/\/www.onetimenexttime.sk\/arduino\/index.php\/produkt\/srd-s-105d-5-leads-5v-5vdc-dc5v-12a-sanyou-original-power-relays\/#primaryimage\"},\"image\":{\"@id\":\"https:\/\/www.onetimenexttime.sk\/arduino\/index.php\/produkt\/srd-s-105d-5-leads-5v-5vdc-dc5v-12a-sanyou-original-power-relays\/#primaryimage\"},\"thumbnailUrl\":\"https:\/\/www.onetimenexttime.sk\/arduino\/wp-content\/uploads\/2021\/10\/289.jpg\",\"datePublished\":\"2021-10-18T07:17:39+00:00\",\"dateModified\":\"2021-10-18T07:22:13+00:00\",\"breadcrumb\":{\"@id\":\"https:\/\/www.onetimenexttime.sk\/arduino\/index.php\/produkt\/srd-s-105d-5-leads-5v-5vdc-dc5v-12a-sanyou-original-power-relays\/#breadcrumb\"},\"inLanguage\":\"sk-SK\",\"potentialAction\":[{\"@type\":\"ReadAction\",\"target\":[\"https:\/\/www.onetimenexttime.sk\/arduino\/index.php\/produkt\/srd-s-105d-5-leads-5v-5vdc-dc5v-12a-sanyou-original-power-relays\/\"]}]},{\"@type\":\"ImageObject\",\"inLanguage\":\"sk-SK\",\"@id\":\"https:\/\/www.onetimenexttime.sk\/arduino\/index.php\/produkt\/srd-s-105d-5-leads-5v-5vdc-dc5v-12a-sanyou-original-power-relays\/#primaryimage\",\"url\":\"https:\/\/www.onetimenexttime.sk\/arduino\/wp-content\/uploads\/2021\/10\/289.jpg\",\"contentUrl\":\"https:\/\/www.onetimenexttime.sk\/arduino\/wp-content\/uploads\/2021\/10\/289.jpg\",\"width\":504,\"height\":503},{\"@type\":\"BreadcrumbList\",\"@id\":\"https:\/\/www.onetimenexttime.sk\/arduino\/index.php\/produkt\/srd-s-105d-5-leads-5v-5vdc-dc5v-12a-sanyou-original-power-relays\/#breadcrumb\",\"itemListElement\":[{\"@type\":\"ListItem\",\"position\":1,\"name\":\"Domov\",\"item\":\"https:\/\/www.onetimenexttime.sk\/arduino\/\"},{\"@type\":\"ListItem\",\"position\":2,\"name\":\"Obchod\",\"item\":\"https:\/\/www.onetimenexttime.sk\/arduino\/\"},{\"@type\":\"ListItem\",\"position\":3,\"name\":\"SRD-S-105D 5-leads 5V 5VDC DC5V 12A SANYOU Original Power Relays\"}]},{\"@type\":\"WebSite\",\"@id\":\"https:\/\/www.onetimenexttime.sk\/arduino\/#website\",\"url\":\"https:\/\/www.onetimenexttime.sk\/arduino\/\",\"name\":\"Arduino e-shop\",\"description\":\"Home Assistant\",\"potentialAction\":[{\"@type\":\"SearchAction\",\"target\":{\"@type\":\"EntryPoint\",\"urlTemplate\":\"https:\/\/www.onetimenexttime.sk\/arduino\/?s={search_term_string}\"},\"query-input\":{\"@type\":\"PropertyValueSpecification\",\"valueRequired\":true,\"valueName\":\"search_term_string\"}}],\"inLanguage\":\"sk-SK\"}]}<\/script>\n<!-- \/ Yoast SEO plugin. -->","yoast_head_json":{"title":"SRD-S-105D 5-leads 5V 5VDC DC5V 12A SANYOU Original Power Relays - Arduino e-shop","robots":{"index":"index","follow":"follow","max-snippet":"max-snippet:-1","max-image-preview":"max-image-preview:large","max-video-preview":"max-video-preview:-1"},"canonical":"https:\/\/www.onetimenexttime.sk\/arduino\/index.php\/produkt\/srd-s-105d-5-leads-5v-5vdc-dc5v-12a-sanyou-original-power-relays\/","og_locale":"sk_SK","og_type":"article","og_title":"SRD-S-105D 5-leads 5V 5VDC DC5V 12A SANYOU Original Power Relays - Arduino e-shop","og_description":"Kontaktn\u00e1 kapacita 12A 125VAC alebo 7A 250VAC V\u00fdkon cievky (\u0161) 0,36 Stredne odoln\u00e9 nap\u00e4tie 1 500 V AC Nap\u00e4tie cievky&hellip;","og_url":"https:\/\/www.onetimenexttime.sk\/arduino\/index.php\/produkt\/srd-s-105d-5-leads-5v-5vdc-dc5v-12a-sanyou-original-power-relays\/","og_site_name":"Arduino e-shop","article_modified_time":"2021-10-18T07:22:13+00:00","og_image":[{"width":504,"height":503,"url":"https:\/\/www.onetimenexttime.sk\/arduino\/wp-content\/uploads\/2021\/10\/289.jpg","type":"image\/jpeg"}],"twitter_card":"summary_large_image","twitter_misc":{"Predpokladan\u00fd \u010das \u010d\u00edtania":"1 min\u00fata"},"schema":{"@context":"https:\/\/schema.org","@graph":[{"@type":"WebPage","@id":"https:\/\/www.onetimenexttime.sk\/arduino\/index.php\/produkt\/srd-s-105d-5-leads-5v-5vdc-dc5v-12a-sanyou-original-power-relays\/","url":"https:\/\/www.onetimenexttime.sk\/arduino\/index.php\/produkt\/srd-s-105d-5-leads-5v-5vdc-dc5v-12a-sanyou-original-power-relays\/","name":"SRD-S-105D 5-leads 5V 5VDC DC5V 12A SANYOU Original Power Relays - Arduino e-shop","isPartOf":{"@id":"https:\/\/www.onetimenexttime.sk\/arduino\/#website"},"primaryImageOfPage":{"@id":"https:\/\/www.onetimenexttime.sk\/arduino\/index.php\/produkt\/srd-s-105d-5-leads-5v-5vdc-dc5v-12a-sanyou-original-power-relays\/#primaryimage"},"image":{"@id":"https:\/\/www.onetimenexttime.sk\/arduino\/index.php\/produkt\/srd-s-105d-5-leads-5v-5vdc-dc5v-12a-sanyou-original-power-relays\/#primaryimage"},"thumbnailUrl":"https:\/\/www.onetimenexttime.sk\/arduino\/wp-content\/uploads\/2021\/10\/289.jpg","datePublished":"2021-10-18T07:17:39+00:00","dateModified":"2021-10-18T07:22:13+00:00","breadcrumb":{"@id":"https:\/\/www.onetimenexttime.sk\/arduino\/index.php\/produkt\/srd-s-105d-5-leads-5v-5vdc-dc5v-12a-sanyou-original-power-relays\/#breadcrumb"},"inLanguage":"sk-SK","potentialAction":[{"@type":"ReadAction","target":["https:\/\/www.onetimenexttime.sk\/arduino\/index.php\/produkt\/srd-s-105d-5-leads-5v-5vdc-dc5v-12a-sanyou-original-power-relays\/"]}]},{"@type":"ImageObject","inLanguage":"sk-SK","@id":"https:\/\/www.onetimenexttime.sk\/arduino\/index.php\/produkt\/srd-s-105d-5-leads-5v-5vdc-dc5v-12a-sanyou-original-power-relays\/#primaryimage","url":"https:\/\/www.onetimenexttime.sk\/arduino\/wp-content\/uploads\/2021\/10\/289.jpg","contentUrl":"https:\/\/www.onetimenexttime.sk\/arduino\/wp-content\/uploads\/2021\/10\/289.jpg","width":504,"height":503},{"@type":"BreadcrumbList","@id":"https:\/\/www.onetimenexttime.sk\/arduino\/index.php\/produkt\/srd-s-105d-5-leads-5v-5vdc-dc5v-12a-sanyou-original-power-relays\/#breadcrumb","itemListElement":[{"@type":"ListItem","position":1,"name":"Domov","item":"https:\/\/www.onetimenexttime.sk\/arduino\/"},{"@type":"ListItem","position":2,"name":"Obchod","item":"https:\/\/www.onetimenexttime.sk\/arduino\/"},{"@type":"ListItem","position":3,"name":"SRD-S-105D 5-leads 5V 5VDC DC5V 12A SANYOU Original Power Relays"}]},{"@type":"WebSite","@id":"https:\/\/www.onetimenexttime.sk\/arduino\/#website","url":"https:\/\/www.onetimenexttime.sk\/arduino\/","name":"Arduino e-shop","description":"Home Assistant","potentialAction":[{"@type":"SearchAction","target":{"@type":"EntryPoint","urlTemplate":"https:\/\/www.onetimenexttime.sk\/arduino\/?s={search_term_string}"},"query-input":{"@type":"PropertyValueSpecification","valueRequired":true,"valueName":"search_term_string"}}],"inLanguage":"sk-SK"}]}},"_links":{"self":[{"href":"https:\/\/www.onetimenexttime.sk\/arduino\/index.php\/wp-json\/wp\/v2\/product\/160"}],"collection":[{"href":"https:\/\/www.onetimenexttime.sk\/arduino\/index.php\/wp-json\/wp\/v2\/product"}],"about":[{"href":"https:\/\/www.onetimenexttime.sk\/arduino\/index.php\/wp-json\/wp\/v2\/types\/product"}],"wp:featuredmedia":[{"embeddable":true,"href":"https:\/\/www.onetimenexttime.sk\/arduino\/index.php\/wp-json\/wp\/v2\/media\/162"}],"wp:attachment":[{"href":"https:\/\/www.onetimenexttime.sk\/arduino\/index.php\/wp-json\/wp\/v2\/media?parent=160"}],"wp:term":[{"taxonomy":"product_cat","embeddable":true,"href":"https:\/\/www.onetimenexttime.sk\/arduino\/index.php\/wp-json\/wp\/v2\/product_cat?post=160"},{"taxonomy":"product_tag","embeddable":true,"href":"https:\/\/www.onetimenexttime.sk\/arduino\/index.php\/wp-json\/wp\/v2\/product_tag?post=160"}],"curies":[{"name":"wp","href":"https:\/\/api.w.org\/{rel}","templated":true}]}}