{"id":16,"date":"2021-10-17T10:33:20","date_gmt":"2021-10-17T08:33:20","guid":{"rendered":"https:\/\/www.onetimenexttime.sk\/arduino\/?post_type=product&#038;p=16"},"modified":"2021-10-18T11:37:27","modified_gmt":"2021-10-18T09:37:27","slug":"boost-buck-dc-dc-nastavitelny-prevodnik-zosilnovaca-step-up-down-modul-xl6009-modulu-solarneho-napatia-dc-dc","status":"publish","type":"product","link":"https:\/\/www.onetimenexttime.sk\/arduino\/index.php\/produkt\/boost-buck-dc-dc-nastavitelny-prevodnik-zosilnovaca-step-up-down-modul-xl6009-modulu-solarneho-napatia-dc-dc\/","title":{"rendered":"Boost Buck DC-DC nastavite\u013en\u00fd prevodn\u00edk zosil\u0148ova\u010da step up down Modul XL6009 modulu sol\u00e1rneho nap\u00e4tia DC-DC"},"content":{"rendered":"<p>&nbsp;<\/p>\n<p>Boost Buck DC-DC nastavite\u013en\u00fd zosil\u0148ova\u010d sol\u00e1rneho nap\u00e4tia modulu XL6009<\/p>\n<p>Ke\u010f je nap\u00e4tie a\u017e 15 V alebo vy\u0161\u0161ie, nap\u00e4tie pri automatickom \u0161tarte bude pri vysok\u00fdch ot\u00e1\u010dkach stiahnut\u00e9 na 7 V men\u0161ieho alebo men\u0161ieho motora. Pokia\u013e ide o elektrick\u00fa pr\u00e1cu 12 V nam\u00e1hav\u00fa pr\u00e1cu, tento automatick\u00fd modul buck tento probl\u00e9m rie\u0161i, bez oh\u013eadu na vstupn\u00e9 nap\u00e4tie 5 V alebo 12 V alebo 32 V, v\u00fdstup je mo\u017en\u00e9 stabilizova\u0165 na 12 V<\/p>\n<p>\u0160irok\u00e9 vstupn\u00e9 nap\u00e4tie 5V ~ 32V;<\/p>\n<p>\u0160irok\u00e9 v\u00fdstupn\u00e9 nap\u00e4tie 1,25 V ~ 35 V (s automatick\u00fdm zosil\u0148ova\u010dom, rozsah pr\u00e1ce, ak\u00e9ko\u013evek nap\u00e4\u0165ov\u00e9 vstupy je mo\u017en\u00e9 \u013eubovo\u013ene regulova\u0165 nap\u00e4\u0165ov\u00fd v\u00fdstup);<\/p>\n<p>Vstavan\u00e9- 4A efekt\u00edvne prep\u00edna\u010de MOSFET umo\u017e\u0148uj\u00fa \u00fa\u010dinnos\u0165 a\u017e 94%; (LM2577 pr\u00fad je 3A)<\/p>\n<p>vysok\u00e1 sp\u00ednacia frekvencia 400KHz, zvlnenie je st\u00e1le men\u0161ie. (Frekvencia LM2577 iba 50KHz)<\/p>\n<p>Aplik\u00e1cia:<\/p>\n<p>Regul\u00e1tor automobilu, sol\u00e1rna fotovoltaika, vetern\u00e1 energia a \u010fal\u0161ie aplik\u00e1cie nestability nap\u00e4tia.<\/p>\n<p>Technick\u00e9 parametre:<\/p>\n<p>\u0160pecifik\u00e1cia modelu: modul DSN6000AUD Automatic Buck<br \/>\nVlastnosti modulu: Neizolovan\u00e9 zosilnenie (BOOST)<br \/>\nOprava: Nesynchr\u00f3nna n\u00e1prava<br \/>\nVstupn\u00fd rozsah: 3,8 V ~ 32 V.<br \/>\nV\u00fdstupn\u00fd rozsah: 1,25V ~ 35V<br \/>\nVstupn\u00fd pr\u00fad: 3A (max.), 18mA bez z\u00e1\u0165a\u017ee (5V vstup, 8V v\u00fdstup, vo\u013enobeh je men\u0161\u00ed ako 18mA. \u010c\u00edm vy\u0161\u0161ie nap\u00e4tie, t\u00fdm vy\u0161\u0161\u00ed je z\u00e1\u0165a\u017eov\u00fd pr\u00fad.)<br \/>\n\u00da\u010dinnos\u0165 konverzie: &lt;94% (\u010d\u00edm vy\u0161\u0161\u00ed je tlak, t\u00fdm je ni\u017e\u0161ia \u00fa\u010dinnos\u0165)<br \/>\nSp\u00ednacia frekvencia: 400KHz<br \/>\nZvlnenie v\u00fdstupu: 50 mV (\u010d\u00edm vy\u0161\u0161ie nap\u00e4tie, t\u00fdm v\u00e4\u010d\u0161\u00ed pr\u00fad, t\u00fdm v\u00e4\u010d\u0161ie zvlnenie)<br \/>\nRegul\u00e1cia za\u0165a\u017eenia: \u00b1 0,5%<br \/>\nRegul\u00e1cia nap\u00e4tia: \u00b1 0,5%<br \/>\nPrev\u00e1dzkov\u00e1 teplota: -40 ~ +85<\/p>\n","protected":false},"excerpt":{"rendered":"<p>&nbsp; Boost Buck DC-DC nastavite\u013en\u00fd zosil\u0148ova\u010d sol\u00e1rneho nap\u00e4tia modulu XL6009 Ke\u010f je nap\u00e4tie a\u017e 15 V alebo vy\u0161\u0161ie, nap\u00e4tie pri&hellip;<\/p>\n","protected":false},"featured_media":17,"template":"","meta":{"_monsterinsights_skip_tracking":false,"_monsterinsights_sitenote_active":false,"_monsterinsights_sitenote_note":"","_monsterinsights_sitenote_category":0},"product_cat":[16,21],"product_tag":[],"class_list":{"0":"post-16","1":"product","2":"type-product","3":"status-publish","4":"has-post-thumbnail","6":"product_cat-ard","7":"product_cat-pw","9":"first","10":"instock","11":"sale","12":"shipping-taxable","13":"purchasable","14":"product-type-simple"},"yoast_head":"<!-- This site is optimized with the Yoast SEO plugin v23.6 - https:\/\/yoast.com\/wordpress\/plugins\/seo\/ -->\n<title>Boost Buck DC-DC nastavite\u013en\u00fd prevodn\u00edk zosil\u0148ova\u010da step up down Modul XL6009 modulu sol\u00e1rneho nap\u00e4tia DC-DC - Arduino e-shop<\/title>\n<meta name=\"robots\" content=\"index, follow, max-snippet:-1, max-image-preview:large, max-video-preview:-1\" \/>\n<link rel=\"canonical\" href=\"https:\/\/www.onetimenexttime.sk\/arduino\/index.php\/produkt\/boost-buck-dc-dc-nastavitelny-prevodnik-zosilnovaca-step-up-down-modul-xl6009-modulu-solarneho-napatia-dc-dc\/\" \/>\n<meta property=\"og:locale\" content=\"sk_SK\" \/>\n<meta property=\"og:type\" content=\"article\" \/>\n<meta property=\"og:title\" content=\"Boost Buck DC-DC nastavite\u013en\u00fd prevodn\u00edk zosil\u0148ova\u010da step up down Modul XL6009 modulu sol\u00e1rneho nap\u00e4tia DC-DC - Arduino e-shop\" \/>\n<meta property=\"og:description\" content=\"&nbsp; Boost Buck DC-DC nastavite\u013en\u00fd zosil\u0148ova\u010d sol\u00e1rneho nap\u00e4tia modulu XL6009 Ke\u010f je nap\u00e4tie a\u017e 15 V alebo vy\u0161\u0161ie, nap\u00e4tie pri&hellip;\" \/>\n<meta property=\"og:url\" content=\"https:\/\/www.onetimenexttime.sk\/arduino\/index.php\/produkt\/boost-buck-dc-dc-nastavitelny-prevodnik-zosilnovaca-step-up-down-modul-xl6009-modulu-solarneho-napatia-dc-dc\/\" \/>\n<meta property=\"og:site_name\" content=\"Arduino e-shop\" \/>\n<meta property=\"article:modified_time\" content=\"2021-10-18T09:37:27+00:00\" \/>\n<meta property=\"og:image\" content=\"https:\/\/www.onetimenexttime.sk\/arduino\/wp-content\/uploads\/2021\/10\/328.webp\" \/>\n\t<meta property=\"og:image:width\" content=\"2000\" \/>\n\t<meta property=\"og:image:height\" content=\"1892\" \/>\n\t<meta property=\"og:image:type\" content=\"image\/webp\" \/>\n<meta name=\"twitter:card\" content=\"summary_large_image\" \/>\n<meta name=\"twitter:label1\" content=\"Predpokladan\u00fd \u010das \u010d\u00edtania\" \/>\n\t<meta name=\"twitter:data1\" content=\"1 min\u00fata\" \/>\n<script type=\"application\/ld+json\" class=\"yoast-schema-graph\">{\"@context\":\"https:\/\/schema.org\",\"@graph\":[{\"@type\":\"WebPage\",\"@id\":\"https:\/\/www.onetimenexttime.sk\/arduino\/index.php\/produkt\/boost-buck-dc-dc-nastavitelny-prevodnik-zosilnovaca-step-up-down-modul-xl6009-modulu-solarneho-napatia-dc-dc\/\",\"url\":\"https:\/\/www.onetimenexttime.sk\/arduino\/index.php\/produkt\/boost-buck-dc-dc-nastavitelny-prevodnik-zosilnovaca-step-up-down-modul-xl6009-modulu-solarneho-napatia-dc-dc\/\",\"name\":\"Boost Buck DC-DC nastavite\u013en\u00fd prevodn\u00edk zosil\u0148ova\u010da step up down Modul XL6009 modulu sol\u00e1rneho nap\u00e4tia DC-DC - Arduino e-shop\",\"isPartOf\":{\"@id\":\"https:\/\/www.onetimenexttime.sk\/arduino\/#website\"},\"primaryImageOfPage\":{\"@id\":\"https:\/\/www.onetimenexttime.sk\/arduino\/index.php\/produkt\/boost-buck-dc-dc-nastavitelny-prevodnik-zosilnovaca-step-up-down-modul-xl6009-modulu-solarneho-napatia-dc-dc\/#primaryimage\"},\"image\":{\"@id\":\"https:\/\/www.onetimenexttime.sk\/arduino\/index.php\/produkt\/boost-buck-dc-dc-nastavitelny-prevodnik-zosilnovaca-step-up-down-modul-xl6009-modulu-solarneho-napatia-dc-dc\/#primaryimage\"},\"thumbnailUrl\":\"https:\/\/www.onetimenexttime.sk\/arduino\/wp-content\/uploads\/2021\/10\/328.webp\",\"datePublished\":\"2021-10-17T08:33:20+00:00\",\"dateModified\":\"2021-10-18T09:37:27+00:00\",\"breadcrumb\":{\"@id\":\"https:\/\/www.onetimenexttime.sk\/arduino\/index.php\/produkt\/boost-buck-dc-dc-nastavitelny-prevodnik-zosilnovaca-step-up-down-modul-xl6009-modulu-solarneho-napatia-dc-dc\/#breadcrumb\"},\"inLanguage\":\"sk-SK\",\"potentialAction\":[{\"@type\":\"ReadAction\",\"target\":[\"https:\/\/www.onetimenexttime.sk\/arduino\/index.php\/produkt\/boost-buck-dc-dc-nastavitelny-prevodnik-zosilnovaca-step-up-down-modul-xl6009-modulu-solarneho-napatia-dc-dc\/\"]}]},{\"@type\":\"ImageObject\",\"inLanguage\":\"sk-SK\",\"@id\":\"https:\/\/www.onetimenexttime.sk\/arduino\/index.php\/produkt\/boost-buck-dc-dc-nastavitelny-prevodnik-zosilnovaca-step-up-down-modul-xl6009-modulu-solarneho-napatia-dc-dc\/#primaryimage\",\"url\":\"https:\/\/www.onetimenexttime.sk\/arduino\/wp-content\/uploads\/2021\/10\/328.webp\",\"contentUrl\":\"https:\/\/www.onetimenexttime.sk\/arduino\/wp-content\/uploads\/2021\/10\/328.webp\",\"width\":2000,\"height\":1892},{\"@type\":\"BreadcrumbList\",\"@id\":\"https:\/\/www.onetimenexttime.sk\/arduino\/index.php\/produkt\/boost-buck-dc-dc-nastavitelny-prevodnik-zosilnovaca-step-up-down-modul-xl6009-modulu-solarneho-napatia-dc-dc\/#breadcrumb\",\"itemListElement\":[{\"@type\":\"ListItem\",\"position\":1,\"name\":\"Domov\",\"item\":\"https:\/\/www.onetimenexttime.sk\/arduino\/\"},{\"@type\":\"ListItem\",\"position\":2,\"name\":\"Obchod\",\"item\":\"https:\/\/www.onetimenexttime.sk\/arduino\/\"},{\"@type\":\"ListItem\",\"position\":3,\"name\":\"Boost Buck DC-DC nastavite\u013en\u00fd prevodn\u00edk zosil\u0148ova\u010da step up down Modul XL6009 modulu sol\u00e1rneho nap\u00e4tia DC-DC\"}]},{\"@type\":\"WebSite\",\"@id\":\"https:\/\/www.onetimenexttime.sk\/arduino\/#website\",\"url\":\"https:\/\/www.onetimenexttime.sk\/arduino\/\",\"name\":\"Arduino e-shop\",\"description\":\"Home Assistant\",\"potentialAction\":[{\"@type\":\"SearchAction\",\"target\":{\"@type\":\"EntryPoint\",\"urlTemplate\":\"https:\/\/www.onetimenexttime.sk\/arduino\/?s={search_term_string}\"},\"query-input\":{\"@type\":\"PropertyValueSpecification\",\"valueRequired\":true,\"valueName\":\"search_term_string\"}}],\"inLanguage\":\"sk-SK\"}]}<\/script>\n<!-- \/ Yoast SEO plugin. -->","yoast_head_json":{"title":"Boost Buck DC-DC nastavite\u013en\u00fd prevodn\u00edk zosil\u0148ova\u010da step up down Modul XL6009 modulu sol\u00e1rneho nap\u00e4tia DC-DC - Arduino e-shop","robots":{"index":"index","follow":"follow","max-snippet":"max-snippet:-1","max-image-preview":"max-image-preview:large","max-video-preview":"max-video-preview:-1"},"canonical":"https:\/\/www.onetimenexttime.sk\/arduino\/index.php\/produkt\/boost-buck-dc-dc-nastavitelny-prevodnik-zosilnovaca-step-up-down-modul-xl6009-modulu-solarneho-napatia-dc-dc\/","og_locale":"sk_SK","og_type":"article","og_title":"Boost Buck DC-DC nastavite\u013en\u00fd prevodn\u00edk zosil\u0148ova\u010da step up down Modul XL6009 modulu sol\u00e1rneho nap\u00e4tia DC-DC - Arduino e-shop","og_description":"&nbsp; Boost Buck DC-DC nastavite\u013en\u00fd zosil\u0148ova\u010d sol\u00e1rneho nap\u00e4tia modulu XL6009 Ke\u010f je nap\u00e4tie a\u017e 15 V alebo vy\u0161\u0161ie, nap\u00e4tie pri&hellip;","og_url":"https:\/\/www.onetimenexttime.sk\/arduino\/index.php\/produkt\/boost-buck-dc-dc-nastavitelny-prevodnik-zosilnovaca-step-up-down-modul-xl6009-modulu-solarneho-napatia-dc-dc\/","og_site_name":"Arduino e-shop","article_modified_time":"2021-10-18T09:37:27+00:00","og_image":[{"width":2000,"height":1892,"url":"https:\/\/www.onetimenexttime.sk\/arduino\/wp-content\/uploads\/2021\/10\/328.webp","type":"image\/webp"}],"twitter_card":"summary_large_image","twitter_misc":{"Predpokladan\u00fd \u010das \u010d\u00edtania":"1 min\u00fata"},"schema":{"@context":"https:\/\/schema.org","@graph":[{"@type":"WebPage","@id":"https:\/\/www.onetimenexttime.sk\/arduino\/index.php\/produkt\/boost-buck-dc-dc-nastavitelny-prevodnik-zosilnovaca-step-up-down-modul-xl6009-modulu-solarneho-napatia-dc-dc\/","url":"https:\/\/www.onetimenexttime.sk\/arduino\/index.php\/produkt\/boost-buck-dc-dc-nastavitelny-prevodnik-zosilnovaca-step-up-down-modul-xl6009-modulu-solarneho-napatia-dc-dc\/","name":"Boost Buck DC-DC nastavite\u013en\u00fd prevodn\u00edk zosil\u0148ova\u010da step up down Modul XL6009 modulu sol\u00e1rneho nap\u00e4tia DC-DC - Arduino e-shop","isPartOf":{"@id":"https:\/\/www.onetimenexttime.sk\/arduino\/#website"},"primaryImageOfPage":{"@id":"https:\/\/www.onetimenexttime.sk\/arduino\/index.php\/produkt\/boost-buck-dc-dc-nastavitelny-prevodnik-zosilnovaca-step-up-down-modul-xl6009-modulu-solarneho-napatia-dc-dc\/#primaryimage"},"image":{"@id":"https:\/\/www.onetimenexttime.sk\/arduino\/index.php\/produkt\/boost-buck-dc-dc-nastavitelny-prevodnik-zosilnovaca-step-up-down-modul-xl6009-modulu-solarneho-napatia-dc-dc\/#primaryimage"},"thumbnailUrl":"https:\/\/www.onetimenexttime.sk\/arduino\/wp-content\/uploads\/2021\/10\/328.webp","datePublished":"2021-10-17T08:33:20+00:00","dateModified":"2021-10-18T09:37:27+00:00","breadcrumb":{"@id":"https:\/\/www.onetimenexttime.sk\/arduino\/index.php\/produkt\/boost-buck-dc-dc-nastavitelny-prevodnik-zosilnovaca-step-up-down-modul-xl6009-modulu-solarneho-napatia-dc-dc\/#breadcrumb"},"inLanguage":"sk-SK","potentialAction":[{"@type":"ReadAction","target":["https:\/\/www.onetimenexttime.sk\/arduino\/index.php\/produkt\/boost-buck-dc-dc-nastavitelny-prevodnik-zosilnovaca-step-up-down-modul-xl6009-modulu-solarneho-napatia-dc-dc\/"]}]},{"@type":"ImageObject","inLanguage":"sk-SK","@id":"https:\/\/www.onetimenexttime.sk\/arduino\/index.php\/produkt\/boost-buck-dc-dc-nastavitelny-prevodnik-zosilnovaca-step-up-down-modul-xl6009-modulu-solarneho-napatia-dc-dc\/#primaryimage","url":"https:\/\/www.onetimenexttime.sk\/arduino\/wp-content\/uploads\/2021\/10\/328.webp","contentUrl":"https:\/\/www.onetimenexttime.sk\/arduino\/wp-content\/uploads\/2021\/10\/328.webp","width":2000,"height":1892},{"@type":"BreadcrumbList","@id":"https:\/\/www.onetimenexttime.sk\/arduino\/index.php\/produkt\/boost-buck-dc-dc-nastavitelny-prevodnik-zosilnovaca-step-up-down-modul-xl6009-modulu-solarneho-napatia-dc-dc\/#breadcrumb","itemListElement":[{"@type":"ListItem","position":1,"name":"Domov","item":"https:\/\/www.onetimenexttime.sk\/arduino\/"},{"@type":"ListItem","position":2,"name":"Obchod","item":"https:\/\/www.onetimenexttime.sk\/arduino\/"},{"@type":"ListItem","position":3,"name":"Boost Buck DC-DC nastavite\u013en\u00fd prevodn\u00edk zosil\u0148ova\u010da step up down Modul XL6009 modulu sol\u00e1rneho nap\u00e4tia DC-DC"}]},{"@type":"WebSite","@id":"https:\/\/www.onetimenexttime.sk\/arduino\/#website","url":"https:\/\/www.onetimenexttime.sk\/arduino\/","name":"Arduino e-shop","description":"Home Assistant","potentialAction":[{"@type":"SearchAction","target":{"@type":"EntryPoint","urlTemplate":"https:\/\/www.onetimenexttime.sk\/arduino\/?s={search_term_string}"},"query-input":{"@type":"PropertyValueSpecification","valueRequired":true,"valueName":"search_term_string"}}],"inLanguage":"sk-SK"}]}},"_links":{"self":[{"href":"https:\/\/www.onetimenexttime.sk\/arduino\/index.php\/wp-json\/wp\/v2\/product\/16"}],"collection":[{"href":"https:\/\/www.onetimenexttime.sk\/arduino\/index.php\/wp-json\/wp\/v2\/product"}],"about":[{"href":"https:\/\/www.onetimenexttime.sk\/arduino\/index.php\/wp-json\/wp\/v2\/types\/product"}],"wp:featuredmedia":[{"embeddable":true,"href":"https:\/\/www.onetimenexttime.sk\/arduino\/index.php\/wp-json\/wp\/v2\/media\/17"}],"wp:attachment":[{"href":"https:\/\/www.onetimenexttime.sk\/arduino\/index.php\/wp-json\/wp\/v2\/media?parent=16"}],"wp:term":[{"taxonomy":"product_cat","embeddable":true,"href":"https:\/\/www.onetimenexttime.sk\/arduino\/index.php\/wp-json\/wp\/v2\/product_cat?post=16"},{"taxonomy":"product_tag","embeddable":true,"href":"https:\/\/www.onetimenexttime.sk\/arduino\/index.php\/wp-json\/wp\/v2\/product_tag?post=16"}],"curies":[{"name":"wp","href":"https:\/\/api.w.org\/{rel}","templated":true}]}}