{"id":1597,"date":"2021-11-18T11:36:07","date_gmt":"2021-11-18T10:36:07","guid":{"rendered":"https:\/\/www.onetimenexttime.sk\/arduino\/?post_type=product&#038;p=1597"},"modified":"2024-02-22T18:08:43","modified_gmt":"2024-02-22T17:08:43","slug":"bh1750fvi-digital-light-intensity-sensor-module-for-avr-arduino-3v-5v-power","status":"publish","type":"product","link":"https:\/\/www.onetimenexttime.sk\/arduino\/index.php\/produkt\/bh1750fvi-digital-light-intensity-sensor-module-for-avr-arduino-3v-5v-power\/","title":{"rendered":"BH1750FVI Digital Light intensity Sensor Module For AVR Arduino 3V-5V power"},"content":{"rendered":"<p>&nbsp;<\/p>\n<p>&nbsp;<\/p>\n<h2>Senzor BH1750FVI Digital Light Intensity<\/h2>\n<table>\n<tbody>\n<tr>\n<th>Popis<\/th>\n<td>Digit\u00e1lny senzor intenzity svetla<\/td>\n<\/tr>\n<tr>\n<th>Vlastnosti<\/th>\n<td>\n<ul>\n<li>Pre AVR Arduino<\/li>\n<li>Podporuje nap\u00e1janie 3V-5V<\/li>\n<\/ul>\n<\/td>\n<\/tr>\n<tr>\n<th>\u0160pecifik\u00e1cie<\/th>\n<td>\n<ul>\n<li>Nap\u00e4tie: 3V-5V<\/li>\n<li>Rozsah merania: 0 lux &#8211; 65535 lux<\/li>\n<li>Rozhranie: I2C<\/li>\n<\/ul>\n<\/td>\n<\/tr>\n<tr>\n<th>Pr\u00edklady pou\u017eitia<\/th>\n<td>\n<ul>\n<li>Meranie intenzity svetla v miestnostiach<\/li>\n<li>Automatiz\u00e1cia osvetlenia pod\u013ea okolit\u00e9ho svetla<\/li>\n<\/ul>\n<\/td>\n<\/tr>\n<tr>\n<th>Pr\u00edkladov\u00fd k\u00f3d pre Arduino<\/th>\n<td>\n<pre><code>\r\n                    \/\/ Importovanie kni\u017en\u00edc\r\n                    #include &lt;Wire.h&gt;\r\n                    #include &lt;BH1750FVI.h&gt;\r\n                    \r\n                    \/\/ Inicializ\u00e1cia senzora\r\n                    BH1750FVI lightMeter;\r\n                    \r\n                    void setup() {\r\n                      Serial.begin(9600);\r\n                      lightMeter.begin();\r\n                    }\r\n                    \r\n                    void loop() {\r\n                      uint16_t lux = lightMeter.readLightLevel();\r\n                      Serial.print(\"Light: \");\r\n                      Serial.print(lux);\r\n                      Serial.println(\" lx\");\r\n                      delay(1000);\r\n                    }\r\n                <\/code><\/pre>\n<\/td>\n<\/tr>\n<tr>\n<th>Pr\u00edkladov\u00fd k\u00f3d pre ESPHome<\/th>\n<td>\n<pre><code>\r\n                    sensor:\r\n                      - platform: bh1750\r\n                        name: \"BH1750 Light Sensor\"\r\n                        address: 0x23\r\n                        update_interval: 60s\r\n                        filters:\r\n                          - lambda: return x \/ 1.2;\r\n                            name: \"custom_filter\"\r\n                <\/code><\/pre>\n<\/td>\n<\/tr>\n<\/tbody>\n<\/table>\n<p><button>Skop\u00edrova\u0165 k\u00f3d<\/button><\/p>\n<p>&nbsp;<\/p>\n<h2>BH1750FVI Modul digit\u00e1lneho sn\u00edma\u010da intenzity svetla pre nap\u00e1janie AVR Arduino 3V-5V<\/h2>\n<p>&nbsp;<\/p>\n<p>Digit\u00e1lna detekcia intenzity svetla<\/p>\n<p>Origin\u00e1lny \u010dip ROHM BH1750FVI<\/p>\n<p>Nap\u00e1janie: 3-5V<\/p>\n<p>Rozsah \u00fadajov: 0-65535<\/p>\n<p>V senzore je zabudovan\u00fd 16bit AD prevodn\u00edk<\/p>\n<p>Priamy digit\u00e1lny v\u00fdstup, odpad\u00e1 zlo\u017eit\u00fd v\u00fdpo\u010det, vynechanie kalibr\u00e1cie<\/p>\n<p>Nerozli\u0161uje medzi okolit\u00fdm svetlom<\/p>\n<p>Bl\u00edzko vizu\u00e1lnej citlivosti spektr\u00e1lnych charakterist\u00edk<\/p>\n<p>1 lux vysoko presn\u00e9 meranie \u0161irok\u00e9ho rozsahu jasu<\/p>\n<p><!--more--><\/p>\n<p>\/*<br \/>\nExample of BH1750 library usage.<br \/>\nThis example initialises the BH1750 object using the high resolution<br \/>\none-time mode and then makes a light level reading every second.<br \/>\nThe BH1750 component starts up in default mode when it next powers up.<br \/>\nThe BH1750 library automatically reconfigures the one-time mode in<br \/>\npreparation for the next measurement.<br \/>\n*\/<\/p>\n<p>#include &lt;BH1750.h&gt;<br \/>\n#include &lt;Wire.h&gt;<\/p>\n<p>BH1750 lightMeter;<\/p>\n<p>void setup() {<\/p>\n<p>Serial.begin(9600);<\/p>\n<p>\/\/ Initialize the I2C bus (BH1750 library doesn&#8217;t do this automatically)<br \/>\nWire.begin();<br \/>\n\/\/ On esp8266 you can select SCL and SDA pins using Wire.begin(D4, D3);<\/p>\n<p>lightMeter.begin(BH1750::ONE_TIME_HIGH_RES_MODE);<\/p>\n<p>Serial.println(F(&#8220;BH1750 One-Time Test&#8221;));<br \/>\n}<\/p>\n<p>void loop() {<\/p>\n<p>while (!lightMeter.measurementReady(true)) {<br \/>\nyield();<br \/>\n}<br \/>\nfloat lux = lightMeter.readLightLevel();<br \/>\nSerial.print(&#8220;Light: &#8220;);<br \/>\nSerial.print(lux);<br \/>\nSerial.println(&#8221; lx&#8221;);<br \/>\nlightMeter.configure(BH1750::ONE_TIME_HIGH_RES_MODE);<br \/>\n}<\/p>\n","protected":false},"excerpt":{"rendered":"<p>&nbsp; &nbsp; Senzor BH1750FVI Digital Light Intensity Popis Digit\u00e1lny senzor intenzity svetla Vlastnosti Pre AVR Arduino Podporuje nap\u00e1janie 3V-5V \u0160pecifik\u00e1cie&hellip;<\/p>\n","protected":false},"featured_media":1598,"template":"","meta":{"_monsterinsights_skip_tracking":false,"_monsterinsights_sitenote_active":false,"_monsterinsights_sitenote_note":"","_monsterinsights_sitenote_category":0},"product_cat":[15,16,68,17,44],"product_tag":[],"class_list":{"0":"post-1597","1":"product","2":"type-product","3":"status-publish","4":"has-post-thumbnail","6":"product_cat-nd","7":"product_cat-ard","8":"product_cat-light","9":"product_cat-modul","10":"product_cat-svetlo","12":"first","13":"instock","14":"shipping-taxable","15":"purchasable","16":"product-type-simple"},"yoast_head":"<!-- This site is optimized with the Yoast SEO plugin v23.6 - https:\/\/yoast.com\/wordpress\/plugins\/seo\/ -->\n<title>BH1750FVI Digital Light intensity Sensor Module For AVR Arduino 3V-5V power - Arduino e-shop<\/title>\n<meta name=\"robots\" content=\"index, follow, max-snippet:-1, max-image-preview:large, max-video-preview:-1\" \/>\n<link rel=\"canonical\" href=\"https:\/\/www.onetimenexttime.sk\/arduino\/index.php\/produkt\/bh1750fvi-digital-light-intensity-sensor-module-for-avr-arduino-3v-5v-power\/\" \/>\n<meta property=\"og:locale\" content=\"sk_SK\" \/>\n<meta property=\"og:type\" content=\"article\" \/>\n<meta property=\"og:title\" content=\"BH1750FVI Digital Light intensity Sensor Module For AVR Arduino 3V-5V power - Arduino e-shop\" \/>\n<meta property=\"og:description\" content=\"&nbsp; &nbsp; Senzor BH1750FVI Digital Light Intensity Popis Digit\u00e1lny senzor intenzity svetla Vlastnosti Pre AVR Arduino Podporuje nap\u00e1janie 3V-5V \u0160pecifik\u00e1cie&hellip;\" \/>\n<meta property=\"og:url\" content=\"https:\/\/www.onetimenexttime.sk\/arduino\/index.php\/produkt\/bh1750fvi-digital-light-intensity-sensor-module-for-avr-arduino-3v-5v-power\/\" \/>\n<meta property=\"og:site_name\" content=\"Arduino e-shop\" \/>\n<meta property=\"article:modified_time\" content=\"2024-02-22T17:08:43+00:00\" \/>\n<meta property=\"og:image\" content=\"https:\/\/www.onetimenexttime.sk\/arduino\/wp-content\/uploads\/2021\/11\/406.jpg\" \/>\n\t<meta property=\"og:image:width\" content=\"504\" \/>\n\t<meta property=\"og:image:height\" content=\"500\" \/>\n\t<meta property=\"og:image:type\" content=\"image\/jpeg\" \/>\n<meta name=\"twitter:card\" content=\"summary_large_image\" \/>\n<meta name=\"twitter:label1\" content=\"Predpokladan\u00fd \u010das \u010d\u00edtania\" \/>\n\t<meta name=\"twitter:data1\" content=\"1 min\u00fata\" \/>\n<script type=\"application\/ld+json\" class=\"yoast-schema-graph\">{\"@context\":\"https:\/\/schema.org\",\"@graph\":[{\"@type\":\"WebPage\",\"@id\":\"https:\/\/www.onetimenexttime.sk\/arduino\/index.php\/produkt\/bh1750fvi-digital-light-intensity-sensor-module-for-avr-arduino-3v-5v-power\/\",\"url\":\"https:\/\/www.onetimenexttime.sk\/arduino\/index.php\/produkt\/bh1750fvi-digital-light-intensity-sensor-module-for-avr-arduino-3v-5v-power\/\",\"name\":\"BH1750FVI Digital Light intensity Sensor Module For AVR Arduino 3V-5V power - Arduino e-shop\",\"isPartOf\":{\"@id\":\"https:\/\/www.onetimenexttime.sk\/arduino\/#website\"},\"primaryImageOfPage\":{\"@id\":\"https:\/\/www.onetimenexttime.sk\/arduino\/index.php\/produkt\/bh1750fvi-digital-light-intensity-sensor-module-for-avr-arduino-3v-5v-power\/#primaryimage\"},\"image\":{\"@id\":\"https:\/\/www.onetimenexttime.sk\/arduino\/index.php\/produkt\/bh1750fvi-digital-light-intensity-sensor-module-for-avr-arduino-3v-5v-power\/#primaryimage\"},\"thumbnailUrl\":\"https:\/\/www.onetimenexttime.sk\/arduino\/wp-content\/uploads\/2021\/11\/406.jpg\",\"datePublished\":\"2021-11-18T10:36:07+00:00\",\"dateModified\":\"2024-02-22T17:08:43+00:00\",\"breadcrumb\":{\"@id\":\"https:\/\/www.onetimenexttime.sk\/arduino\/index.php\/produkt\/bh1750fvi-digital-light-intensity-sensor-module-for-avr-arduino-3v-5v-power\/#breadcrumb\"},\"inLanguage\":\"sk-SK\",\"potentialAction\":[{\"@type\":\"ReadAction\",\"target\":[\"https:\/\/www.onetimenexttime.sk\/arduino\/index.php\/produkt\/bh1750fvi-digital-light-intensity-sensor-module-for-avr-arduino-3v-5v-power\/\"]}]},{\"@type\":\"ImageObject\",\"inLanguage\":\"sk-SK\",\"@id\":\"https:\/\/www.onetimenexttime.sk\/arduino\/index.php\/produkt\/bh1750fvi-digital-light-intensity-sensor-module-for-avr-arduino-3v-5v-power\/#primaryimage\",\"url\":\"https:\/\/www.onetimenexttime.sk\/arduino\/wp-content\/uploads\/2021\/11\/406.jpg\",\"contentUrl\":\"https:\/\/www.onetimenexttime.sk\/arduino\/wp-content\/uploads\/2021\/11\/406.jpg\",\"width\":504,\"height\":500},{\"@type\":\"BreadcrumbList\",\"@id\":\"https:\/\/www.onetimenexttime.sk\/arduino\/index.php\/produkt\/bh1750fvi-digital-light-intensity-sensor-module-for-avr-arduino-3v-5v-power\/#breadcrumb\",\"itemListElement\":[{\"@type\":\"ListItem\",\"position\":1,\"name\":\"Domov\",\"item\":\"https:\/\/www.onetimenexttime.sk\/arduino\/\"},{\"@type\":\"ListItem\",\"position\":2,\"name\":\"Obchod\",\"item\":\"https:\/\/www.onetimenexttime.sk\/arduino\/\"},{\"@type\":\"ListItem\",\"position\":3,\"name\":\"BH1750FVI Digital Light intensity Sensor Module For AVR Arduino 3V-5V power\"}]},{\"@type\":\"WebSite\",\"@id\":\"https:\/\/www.onetimenexttime.sk\/arduino\/#website\",\"url\":\"https:\/\/www.onetimenexttime.sk\/arduino\/\",\"name\":\"Arduino e-shop\",\"description\":\"Home Assistant\",\"potentialAction\":[{\"@type\":\"SearchAction\",\"target\":{\"@type\":\"EntryPoint\",\"urlTemplate\":\"https:\/\/www.onetimenexttime.sk\/arduino\/?s={search_term_string}\"},\"query-input\":{\"@type\":\"PropertyValueSpecification\",\"valueRequired\":true,\"valueName\":\"search_term_string\"}}],\"inLanguage\":\"sk-SK\"}]}<\/script>\n<!-- \/ Yoast SEO plugin. -->","yoast_head_json":{"title":"BH1750FVI Digital Light intensity Sensor Module For AVR Arduino 3V-5V power - Arduino e-shop","robots":{"index":"index","follow":"follow","max-snippet":"max-snippet:-1","max-image-preview":"max-image-preview:large","max-video-preview":"max-video-preview:-1"},"canonical":"https:\/\/www.onetimenexttime.sk\/arduino\/index.php\/produkt\/bh1750fvi-digital-light-intensity-sensor-module-for-avr-arduino-3v-5v-power\/","og_locale":"sk_SK","og_type":"article","og_title":"BH1750FVI Digital Light intensity Sensor Module For AVR Arduino 3V-5V power - Arduino e-shop","og_description":"&nbsp; &nbsp; Senzor BH1750FVI Digital Light Intensity Popis Digit\u00e1lny senzor intenzity svetla Vlastnosti Pre AVR Arduino Podporuje nap\u00e1janie 3V-5V \u0160pecifik\u00e1cie&hellip;","og_url":"https:\/\/www.onetimenexttime.sk\/arduino\/index.php\/produkt\/bh1750fvi-digital-light-intensity-sensor-module-for-avr-arduino-3v-5v-power\/","og_site_name":"Arduino e-shop","article_modified_time":"2024-02-22T17:08:43+00:00","og_image":[{"width":504,"height":500,"url":"https:\/\/www.onetimenexttime.sk\/arduino\/wp-content\/uploads\/2021\/11\/406.jpg","type":"image\/jpeg"}],"twitter_card":"summary_large_image","twitter_misc":{"Predpokladan\u00fd \u010das \u010d\u00edtania":"1 min\u00fata"},"schema":{"@context":"https:\/\/schema.org","@graph":[{"@type":"WebPage","@id":"https:\/\/www.onetimenexttime.sk\/arduino\/index.php\/produkt\/bh1750fvi-digital-light-intensity-sensor-module-for-avr-arduino-3v-5v-power\/","url":"https:\/\/www.onetimenexttime.sk\/arduino\/index.php\/produkt\/bh1750fvi-digital-light-intensity-sensor-module-for-avr-arduino-3v-5v-power\/","name":"BH1750FVI Digital Light intensity Sensor Module For AVR Arduino 3V-5V power - Arduino e-shop","isPartOf":{"@id":"https:\/\/www.onetimenexttime.sk\/arduino\/#website"},"primaryImageOfPage":{"@id":"https:\/\/www.onetimenexttime.sk\/arduino\/index.php\/produkt\/bh1750fvi-digital-light-intensity-sensor-module-for-avr-arduino-3v-5v-power\/#primaryimage"},"image":{"@id":"https:\/\/www.onetimenexttime.sk\/arduino\/index.php\/produkt\/bh1750fvi-digital-light-intensity-sensor-module-for-avr-arduino-3v-5v-power\/#primaryimage"},"thumbnailUrl":"https:\/\/www.onetimenexttime.sk\/arduino\/wp-content\/uploads\/2021\/11\/406.jpg","datePublished":"2021-11-18T10:36:07+00:00","dateModified":"2024-02-22T17:08:43+00:00","breadcrumb":{"@id":"https:\/\/www.onetimenexttime.sk\/arduino\/index.php\/produkt\/bh1750fvi-digital-light-intensity-sensor-module-for-avr-arduino-3v-5v-power\/#breadcrumb"},"inLanguage":"sk-SK","potentialAction":[{"@type":"ReadAction","target":["https:\/\/www.onetimenexttime.sk\/arduino\/index.php\/produkt\/bh1750fvi-digital-light-intensity-sensor-module-for-avr-arduino-3v-5v-power\/"]}]},{"@type":"ImageObject","inLanguage":"sk-SK","@id":"https:\/\/www.onetimenexttime.sk\/arduino\/index.php\/produkt\/bh1750fvi-digital-light-intensity-sensor-module-for-avr-arduino-3v-5v-power\/#primaryimage","url":"https:\/\/www.onetimenexttime.sk\/arduino\/wp-content\/uploads\/2021\/11\/406.jpg","contentUrl":"https:\/\/www.onetimenexttime.sk\/arduino\/wp-content\/uploads\/2021\/11\/406.jpg","width":504,"height":500},{"@type":"BreadcrumbList","@id":"https:\/\/www.onetimenexttime.sk\/arduino\/index.php\/produkt\/bh1750fvi-digital-light-intensity-sensor-module-for-avr-arduino-3v-5v-power\/#breadcrumb","itemListElement":[{"@type":"ListItem","position":1,"name":"Domov","item":"https:\/\/www.onetimenexttime.sk\/arduino\/"},{"@type":"ListItem","position":2,"name":"Obchod","item":"https:\/\/www.onetimenexttime.sk\/arduino\/"},{"@type":"ListItem","position":3,"name":"BH1750FVI Digital Light intensity Sensor Module For AVR Arduino 3V-5V power"}]},{"@type":"WebSite","@id":"https:\/\/www.onetimenexttime.sk\/arduino\/#website","url":"https:\/\/www.onetimenexttime.sk\/arduino\/","name":"Arduino e-shop","description":"Home Assistant","potentialAction":[{"@type":"SearchAction","target":{"@type":"EntryPoint","urlTemplate":"https:\/\/www.onetimenexttime.sk\/arduino\/?s={search_term_string}"},"query-input":{"@type":"PropertyValueSpecification","valueRequired":true,"valueName":"search_term_string"}}],"inLanguage":"sk-SK"}]}},"_links":{"self":[{"href":"https:\/\/www.onetimenexttime.sk\/arduino\/index.php\/wp-json\/wp\/v2\/product\/1597"}],"collection":[{"href":"https:\/\/www.onetimenexttime.sk\/arduino\/index.php\/wp-json\/wp\/v2\/product"}],"about":[{"href":"https:\/\/www.onetimenexttime.sk\/arduino\/index.php\/wp-json\/wp\/v2\/types\/product"}],"wp:featuredmedia":[{"embeddable":true,"href":"https:\/\/www.onetimenexttime.sk\/arduino\/index.php\/wp-json\/wp\/v2\/media\/1598"}],"wp:attachment":[{"href":"https:\/\/www.onetimenexttime.sk\/arduino\/index.php\/wp-json\/wp\/v2\/media?parent=1597"}],"wp:term":[{"taxonomy":"product_cat","embeddable":true,"href":"https:\/\/www.onetimenexttime.sk\/arduino\/index.php\/wp-json\/wp\/v2\/product_cat?post=1597"},{"taxonomy":"product_tag","embeddable":true,"href":"https:\/\/www.onetimenexttime.sk\/arduino\/index.php\/wp-json\/wp\/v2\/product_tag?post=1597"}],"curies":[{"name":"wp","href":"https:\/\/api.w.org\/{rel}","templated":true}]}}