{"id":1595,"date":"2021-11-18T11:30:24","date_gmt":"2021-11-18T10:30:24","guid":{"rendered":"https:\/\/www.onetimenexttime.sk\/arduino\/?post_type=product&#038;p=1595"},"modified":"2021-11-18T11:35:13","modified_gmt":"2021-11-18T10:35:13","slug":"ky-010-broken-light-blocking-photo-interrupter-sensor-module","status":"publish","type":"product","link":"https:\/\/www.onetimenexttime.sk\/arduino\/index.php\/produkt\/ky-010-broken-light-blocking-photo-interrupter-sensor-module\/","title":{"rendered":"KY-010 Broken Light Blocking Photo Interrupter Sensor Module"},"content":{"rendered":"<h2>KY-010 Modul sn\u00edma\u010da foto preru\u0161ova\u010da blokovania rozbit\u00e9ho svetla<\/h2>\n<p>&nbsp;<\/p>\n<p>Modul foto preru\u0161ova\u010da a digit\u00e1lne rozhranie, vstavan\u00fdch 13 LED vytv\u00e1ra jednoduch\u00fd obvod na v\u00fdrobu.v\u00fdstra\u017en\u00e9 svetlo foto-preru\u0161ova\u010da<\/p>\n<p>Dod\u00e1va sa s digit\u00e1lnymi rozhraniami LED, rozhran\u00edm sn\u00edma\u010da \u010d\u00edslo 3 blokuj\u00faceho pr\u00edstup, sn\u00edmanie preru\u0161ova\u010da svetla<\/p>\n<p>Zariadenie zaznamen\u00e1 sign\u00e1l k\u013e\u00fa\u010da, rozsvieti sa LED di\u00f3da, inak zhasne.<\/p>\n<p><strong>Zdrojov\u00fd k\u00f3d :<\/strong><\/p>\n<div class=\"code-toolbar\">\n<pre class=\"language-cpp line-numbers\" tabindex=\"0\"><code class=\"language-cpp\"><span class=\"token keyword\">int<\/span> Led <span class=\"token operator\">=<\/span> <span class=\"token number\">13<\/span> <span class=\"token punctuation\">;<\/span><span class=\"token comment\">\/\/ declaration of the LED output pin<\/span>\r\n<span class=\"token keyword\">int<\/span> Sensor <span class=\"token operator\">=<\/span> <span class=\"token number\">10<\/span> <span class=\"token punctuation\">;<\/span><span class=\"token comment\">\/\/ Declaration of the sensor input pin<\/span>\r\n<span class=\"token keyword\">int<\/span> val<span class=\"token punctuation\">;<\/span> <span class=\"token comment\">\/\/ Temporary variable<\/span>\r\n  \r\n<span class=\"token keyword\">void<\/span> <span class=\"token function\">setup<\/span> <span class=\"token punctuation\">(<\/span><span class=\"token punctuation\">)<\/span>\r\n<span class=\"token punctuation\">{<\/span>\r\n  <span class=\"token function\">pinMode<\/span> <span class=\"token punctuation\">(<\/span>Led<span class=\"token punctuation\">,<\/span> OUTPUT<span class=\"token punctuation\">)<\/span> <span class=\"token punctuation\">;<\/span> <span class=\"token comment\">\/\/ Initialize output pin<\/span>\r\n  <span class=\"token function\">pinMode<\/span> <span class=\"token punctuation\">(<\/span>Sensor<span class=\"token punctuation\">,<\/span> INPUT<span class=\"token punctuation\">)<\/span> <span class=\"token punctuation\">;<\/span> <span class=\"token comment\">\/\/ Initialize sensor pin<\/span>\r\n  <span class=\"token function\">digitalWrite<\/span><span class=\"token punctuation\">(<\/span>Sensor<span class=\"token punctuation\">,<\/span> HIGH<span class=\"token punctuation\">)<\/span> <span class=\"token punctuation\">;<\/span> <span class=\"token comment\">\/\/ Activate internal pull-up resistor<\/span>\r\n<span class=\"token punctuation\">}<\/span>\r\n  \r\n<span class=\"token keyword\">void<\/span> <span class=\"token function\">loop<\/span> <span class=\"token punctuation\">(<\/span><span class=\"token punctuation\">)<\/span>\r\n<span class=\"token punctuation\">{<\/span>\r\n  val <span class=\"token operator\">=<\/span> <span class=\"token function\">digitalRead<\/span> <span class=\"token punctuation\">(<\/span>Sensor<span class=\"token punctuation\">)<\/span> <span class=\"token punctuation\">;<\/span> <span class=\"token comment\">\/\/ The current signal at the sensor is read out<\/span>\r\n  \r\n  <span class=\"token keyword\">if<\/span> <span class=\"token punctuation\">(<\/span>val <span class=\"token operator\">==<\/span> HIGH<span class=\"token punctuation\">)<\/span> <span class=\"token comment\">\/\/ If a signal could be detected, the LED is switched on.<\/span>\r\n  <span class=\"token punctuation\">{<\/span>\r\n    <span class=\"token function\">digitalWrite<\/span> <span class=\"token punctuation\">(<\/span>Led<span class=\"token punctuation\">,<\/span> LOW<span class=\"token punctuation\">)<\/span><span class=\"token punctuation\">;<\/span>\r\n  <span class=\"token punctuation\">}<\/span>\r\n  <span class=\"token keyword\">else<\/span>\r\n  <span class=\"token punctuation\">{<\/span>\r\n    <span class=\"token function\">digitalWrite<\/span> <span class=\"token punctuation\">(<\/span>Led<span class=\"token punctuation\">,<\/span> HIGH<span class=\"token punctuation\">)<\/span><span class=\"token punctuation\">;<\/span>\r\n  <span class=\"token punctuation\">}<\/span>\r\n<span class=\"token punctuation\">}<\/span>\r\n<\/code><\/pre>\n<div class=\"toolbar\">\n<div class=\"toolbar-item\"><img decoding=\"async\" src=\"https:\/\/sensorkit.joy-it.net\/files\/files\/sensors\/KY-010\/010-ARD.svg\" width=\"600\" \/><\/div>\n<\/div>\n<div><\/div>\n<\/div>\n","protected":false},"excerpt":{"rendered":"<p>KY-010 Modul sn\u00edma\u010da foto preru\u0161ova\u010da blokovania rozbit\u00e9ho svetla &nbsp; Modul foto preru\u0161ova\u010da a digit\u00e1lne rozhranie, vstavan\u00fdch 13 LED vytv\u00e1ra jednoduch\u00fd&hellip;<\/p>\n","protected":false},"featured_media":1596,"template":"","meta":{"_monsterinsights_skip_tracking":false,"_monsterinsights_sitenote_active":false,"_monsterinsights_sitenote_note":"","_monsterinsights_sitenote_category":0},"product_cat":[15,16,68,17,44],"product_tag":[],"class_list":{"0":"post-1595","1":"product","2":"type-product","3":"status-publish","4":"has-post-thumbnail","6":"product_cat-nd","7":"product_cat-ard","8":"product_cat-light","9":"product_cat-modul","10":"product_cat-svetlo","12":"first","13":"instock","14":"shipping-taxable","15":"purchasable","16":"product-type-simple"},"yoast_head":"<!-- This site is optimized with the Yoast SEO plugin v23.6 - https:\/\/yoast.com\/wordpress\/plugins\/seo\/ -->\n<title>KY-010 Broken Light Blocking Photo Interrupter Sensor Module - Arduino e-shop<\/title>\n<meta name=\"robots\" content=\"index, follow, max-snippet:-1, max-image-preview:large, max-video-preview:-1\" \/>\n<link rel=\"canonical\" href=\"https:\/\/www.onetimenexttime.sk\/arduino\/index.php\/produkt\/ky-010-broken-light-blocking-photo-interrupter-sensor-module\/\" \/>\n<meta property=\"og:locale\" content=\"sk_SK\" \/>\n<meta property=\"og:type\" content=\"article\" \/>\n<meta property=\"og:title\" content=\"KY-010 Broken Light Blocking Photo Interrupter Sensor Module - Arduino e-shop\" \/>\n<meta property=\"og:description\" content=\"KY-010 Modul sn\u00edma\u010da foto preru\u0161ova\u010da blokovania rozbit\u00e9ho svetla &nbsp; Modul foto preru\u0161ova\u010da a digit\u00e1lne rozhranie, vstavan\u00fdch 13 LED vytv\u00e1ra jednoduch\u00fd&hellip;\" \/>\n<meta property=\"og:url\" content=\"https:\/\/www.onetimenexttime.sk\/arduino\/index.php\/produkt\/ky-010-broken-light-blocking-photo-interrupter-sensor-module\/\" \/>\n<meta property=\"og:site_name\" content=\"Arduino e-shop\" \/>\n<meta property=\"article:modified_time\" content=\"2021-11-18T10:35:13+00:00\" \/>\n<meta property=\"og:image\" content=\"https:\/\/www.onetimenexttime.sk\/arduino\/wp-content\/uploads\/2021\/11\/402.jpg\" \/>\n\t<meta property=\"og:image:width\" content=\"504\" \/>\n\t<meta property=\"og:image:height\" content=\"500\" \/>\n\t<meta property=\"og:image:type\" content=\"image\/jpeg\" \/>\n<meta name=\"twitter:card\" content=\"summary_large_image\" \/>\n<meta name=\"twitter:label1\" content=\"Predpokladan\u00fd \u010das \u010d\u00edtania\" \/>\n\t<meta name=\"twitter:data1\" content=\"1 min\u00fata\" \/>\n<script type=\"application\/ld+json\" class=\"yoast-schema-graph\">{\"@context\":\"https:\/\/schema.org\",\"@graph\":[{\"@type\":\"WebPage\",\"@id\":\"https:\/\/www.onetimenexttime.sk\/arduino\/index.php\/produkt\/ky-010-broken-light-blocking-photo-interrupter-sensor-module\/\",\"url\":\"https:\/\/www.onetimenexttime.sk\/arduino\/index.php\/produkt\/ky-010-broken-light-blocking-photo-interrupter-sensor-module\/\",\"name\":\"KY-010 Broken Light Blocking Photo Interrupter Sensor Module - Arduino e-shop\",\"isPartOf\":{\"@id\":\"https:\/\/www.onetimenexttime.sk\/arduino\/#website\"},\"primaryImageOfPage\":{\"@id\":\"https:\/\/www.onetimenexttime.sk\/arduino\/index.php\/produkt\/ky-010-broken-light-blocking-photo-interrupter-sensor-module\/#primaryimage\"},\"image\":{\"@id\":\"https:\/\/www.onetimenexttime.sk\/arduino\/index.php\/produkt\/ky-010-broken-light-blocking-photo-interrupter-sensor-module\/#primaryimage\"},\"thumbnailUrl\":\"https:\/\/www.onetimenexttime.sk\/arduino\/wp-content\/uploads\/2021\/11\/402.jpg\",\"datePublished\":\"2021-11-18T10:30:24+00:00\",\"dateModified\":\"2021-11-18T10:35:13+00:00\",\"breadcrumb\":{\"@id\":\"https:\/\/www.onetimenexttime.sk\/arduino\/index.php\/produkt\/ky-010-broken-light-blocking-photo-interrupter-sensor-module\/#breadcrumb\"},\"inLanguage\":\"sk-SK\",\"potentialAction\":[{\"@type\":\"ReadAction\",\"target\":[\"https:\/\/www.onetimenexttime.sk\/arduino\/index.php\/produkt\/ky-010-broken-light-blocking-photo-interrupter-sensor-module\/\"]}]},{\"@type\":\"ImageObject\",\"inLanguage\":\"sk-SK\",\"@id\":\"https:\/\/www.onetimenexttime.sk\/arduino\/index.php\/produkt\/ky-010-broken-light-blocking-photo-interrupter-sensor-module\/#primaryimage\",\"url\":\"https:\/\/www.onetimenexttime.sk\/arduino\/wp-content\/uploads\/2021\/11\/402.jpg\",\"contentUrl\":\"https:\/\/www.onetimenexttime.sk\/arduino\/wp-content\/uploads\/2021\/11\/402.jpg\",\"width\":504,\"height\":500},{\"@type\":\"BreadcrumbList\",\"@id\":\"https:\/\/www.onetimenexttime.sk\/arduino\/index.php\/produkt\/ky-010-broken-light-blocking-photo-interrupter-sensor-module\/#breadcrumb\",\"itemListElement\":[{\"@type\":\"ListItem\",\"position\":1,\"name\":\"Domov\",\"item\":\"https:\/\/www.onetimenexttime.sk\/arduino\/\"},{\"@type\":\"ListItem\",\"position\":2,\"name\":\"Obchod\",\"item\":\"https:\/\/www.onetimenexttime.sk\/arduino\/\"},{\"@type\":\"ListItem\",\"position\":3,\"name\":\"KY-010 Broken Light Blocking Photo Interrupter Sensor Module\"}]},{\"@type\":\"WebSite\",\"@id\":\"https:\/\/www.onetimenexttime.sk\/arduino\/#website\",\"url\":\"https:\/\/www.onetimenexttime.sk\/arduino\/\",\"name\":\"Arduino e-shop\",\"description\":\"Home Assistant\",\"potentialAction\":[{\"@type\":\"SearchAction\",\"target\":{\"@type\":\"EntryPoint\",\"urlTemplate\":\"https:\/\/www.onetimenexttime.sk\/arduino\/?s={search_term_string}\"},\"query-input\":{\"@type\":\"PropertyValueSpecification\",\"valueRequired\":true,\"valueName\":\"search_term_string\"}}],\"inLanguage\":\"sk-SK\"}]}<\/script>\n<!-- \/ Yoast SEO plugin. -->","yoast_head_json":{"title":"KY-010 Broken Light Blocking Photo Interrupter Sensor Module - Arduino e-shop","robots":{"index":"index","follow":"follow","max-snippet":"max-snippet:-1","max-image-preview":"max-image-preview:large","max-video-preview":"max-video-preview:-1"},"canonical":"https:\/\/www.onetimenexttime.sk\/arduino\/index.php\/produkt\/ky-010-broken-light-blocking-photo-interrupter-sensor-module\/","og_locale":"sk_SK","og_type":"article","og_title":"KY-010 Broken Light Blocking Photo Interrupter Sensor Module - Arduino e-shop","og_description":"KY-010 Modul sn\u00edma\u010da foto preru\u0161ova\u010da blokovania rozbit\u00e9ho svetla &nbsp; Modul foto preru\u0161ova\u010da a digit\u00e1lne rozhranie, vstavan\u00fdch 13 LED vytv\u00e1ra jednoduch\u00fd&hellip;","og_url":"https:\/\/www.onetimenexttime.sk\/arduino\/index.php\/produkt\/ky-010-broken-light-blocking-photo-interrupter-sensor-module\/","og_site_name":"Arduino e-shop","article_modified_time":"2021-11-18T10:35:13+00:00","og_image":[{"width":504,"height":500,"url":"https:\/\/www.onetimenexttime.sk\/arduino\/wp-content\/uploads\/2021\/11\/402.jpg","type":"image\/jpeg"}],"twitter_card":"summary_large_image","twitter_misc":{"Predpokladan\u00fd \u010das \u010d\u00edtania":"1 min\u00fata"},"schema":{"@context":"https:\/\/schema.org","@graph":[{"@type":"WebPage","@id":"https:\/\/www.onetimenexttime.sk\/arduino\/index.php\/produkt\/ky-010-broken-light-blocking-photo-interrupter-sensor-module\/","url":"https:\/\/www.onetimenexttime.sk\/arduino\/index.php\/produkt\/ky-010-broken-light-blocking-photo-interrupter-sensor-module\/","name":"KY-010 Broken Light Blocking Photo Interrupter Sensor Module - Arduino e-shop","isPartOf":{"@id":"https:\/\/www.onetimenexttime.sk\/arduino\/#website"},"primaryImageOfPage":{"@id":"https:\/\/www.onetimenexttime.sk\/arduino\/index.php\/produkt\/ky-010-broken-light-blocking-photo-interrupter-sensor-module\/#primaryimage"},"image":{"@id":"https:\/\/www.onetimenexttime.sk\/arduino\/index.php\/produkt\/ky-010-broken-light-blocking-photo-interrupter-sensor-module\/#primaryimage"},"thumbnailUrl":"https:\/\/www.onetimenexttime.sk\/arduino\/wp-content\/uploads\/2021\/11\/402.jpg","datePublished":"2021-11-18T10:30:24+00:00","dateModified":"2021-11-18T10:35:13+00:00","breadcrumb":{"@id":"https:\/\/www.onetimenexttime.sk\/arduino\/index.php\/produkt\/ky-010-broken-light-blocking-photo-interrupter-sensor-module\/#breadcrumb"},"inLanguage":"sk-SK","potentialAction":[{"@type":"ReadAction","target":["https:\/\/www.onetimenexttime.sk\/arduino\/index.php\/produkt\/ky-010-broken-light-blocking-photo-interrupter-sensor-module\/"]}]},{"@type":"ImageObject","inLanguage":"sk-SK","@id":"https:\/\/www.onetimenexttime.sk\/arduino\/index.php\/produkt\/ky-010-broken-light-blocking-photo-interrupter-sensor-module\/#primaryimage","url":"https:\/\/www.onetimenexttime.sk\/arduino\/wp-content\/uploads\/2021\/11\/402.jpg","contentUrl":"https:\/\/www.onetimenexttime.sk\/arduino\/wp-content\/uploads\/2021\/11\/402.jpg","width":504,"height":500},{"@type":"BreadcrumbList","@id":"https:\/\/www.onetimenexttime.sk\/arduino\/index.php\/produkt\/ky-010-broken-light-blocking-photo-interrupter-sensor-module\/#breadcrumb","itemListElement":[{"@type":"ListItem","position":1,"name":"Domov","item":"https:\/\/www.onetimenexttime.sk\/arduino\/"},{"@type":"ListItem","position":2,"name":"Obchod","item":"https:\/\/www.onetimenexttime.sk\/arduino\/"},{"@type":"ListItem","position":3,"name":"KY-010 Broken Light Blocking Photo Interrupter Sensor Module"}]},{"@type":"WebSite","@id":"https:\/\/www.onetimenexttime.sk\/arduino\/#website","url":"https:\/\/www.onetimenexttime.sk\/arduino\/","name":"Arduino e-shop","description":"Home Assistant","potentialAction":[{"@type":"SearchAction","target":{"@type":"EntryPoint","urlTemplate":"https:\/\/www.onetimenexttime.sk\/arduino\/?s={search_term_string}"},"query-input":{"@type":"PropertyValueSpecification","valueRequired":true,"valueName":"search_term_string"}}],"inLanguage":"sk-SK"}]}},"_links":{"self":[{"href":"https:\/\/www.onetimenexttime.sk\/arduino\/index.php\/wp-json\/wp\/v2\/product\/1595"}],"collection":[{"href":"https:\/\/www.onetimenexttime.sk\/arduino\/index.php\/wp-json\/wp\/v2\/product"}],"about":[{"href":"https:\/\/www.onetimenexttime.sk\/arduino\/index.php\/wp-json\/wp\/v2\/types\/product"}],"wp:featuredmedia":[{"embeddable":true,"href":"https:\/\/www.onetimenexttime.sk\/arduino\/index.php\/wp-json\/wp\/v2\/media\/1596"}],"wp:attachment":[{"href":"https:\/\/www.onetimenexttime.sk\/arduino\/index.php\/wp-json\/wp\/v2\/media?parent=1595"}],"wp:term":[{"taxonomy":"product_cat","embeddable":true,"href":"https:\/\/www.onetimenexttime.sk\/arduino\/index.php\/wp-json\/wp\/v2\/product_cat?post=1595"},{"taxonomy":"product_tag","embeddable":true,"href":"https:\/\/www.onetimenexttime.sk\/arduino\/index.php\/wp-json\/wp\/v2\/product_tag?post=1595"}],"curies":[{"name":"wp","href":"https:\/\/api.w.org\/{rel}","templated":true}]}}