{"id":1588,"date":"2021-11-18T10:49:38","date_gmt":"2021-11-18T09:49:38","guid":{"rendered":"https:\/\/www.onetimenexttime.sk\/arduino\/?post_type=product&#038;p=1588"},"modified":"2024-02-22T19:58:59","modified_gmt":"2024-02-22T18:58:59","slug":"line-red-laser-module-focus-adjustable-laser-head-5v-industrial-grade-5mw-650nm","status":"publish","type":"product","link":"https:\/\/www.onetimenexttime.sk\/arduino\/index.php\/produkt\/line-red-laser-module-focus-adjustable-laser-head-5v-industrial-grade-5mw-650nm\/","title":{"rendered":"Line Red Laser Module Focus Adjustable Laser Head 5V Industrial Grade 5mW 650nm"},"content":{"rendered":"<p>&nbsp;<\/p>\n<p>&nbsp;<\/p>\n<h1>Informa\u010dn\u00e1 str\u00e1nka o \u010dervenom laserovom module<\/h1>\n<table>\n<tbody>\n<tr>\n<th>Popis<\/th>\n<td>\u010cerven\u00fd laserov\u00fd modul je kompaktn\u00e9 zariadenie ur\u010den\u00e9 na vytv\u00e1ranie \u010dervenej laserovej l\u00ednie.<\/td>\n<\/tr>\n<tr>\n<th>Vlastnosti<\/th>\n<td>\n<ul>\n<li>Industri\u00e1lna kvalita<\/li>\n<li>Nap\u00e1jacie nap\u00e4tie: 5V<\/li>\n<li>V\u00fdstupn\u00fd v\u00fdkon: 5mW<\/li>\n<li>Vlnov\u00e1 d\u013a\u017eka: 650nm<\/li>\n<li>Fokusovate\u013en\u00fd<\/li>\n<\/ul>\n<\/td>\n<\/tr>\n<tr>\n<th>Pou\u017eitie<\/th>\n<td>\u010cerven\u00fd laserov\u00fd modul sa \u010dasto pou\u017e\u00edva v r\u00f4znych aplik\u00e1ci\u00e1ch, ako s\u00fa napr\u00edklad vyrovnanie obr\u00e1zkov, zarovnanie skrutiek, alebo ako ukazovate\u013e pri prezent\u00e1ci\u00e1ch.<\/td>\n<\/tr>\n<tr>\n<th>ESPHome konfigur\u00e1cia<\/th>\n<td class=\"code\">\n<pre>esphome:\r\n  name: red_laser_module\r\n  platform: ESP8266\r\n  board: nodemcuv2\r\n\r\nwifi:\r\n  ssid: \"YOUR_WIFI_SSID\"\r\n  password: \"YOUR_WIFI_PASSWORD\"\r\n\r\nlogger:\r\n  \r\napi:\r\n\r\nota:\r\n\r\noutput:\r\n  - platform: gpio\r\n    pin: GPIOx  # Replace GPIOx with the appropriate GPIO pin\r\n    id: laser_output\r\n\r\nlight:\r\n  - platform: binary\r\n    name: \"Red Laser\"\r\n    output: laser_output\r\n<\/pre>\n<\/td>\n<\/tr>\n<tr>\n<th>Pr\u00edkladov\u00fd k\u00f3d pre Arduino<\/th>\n<td class=\"code\">\n<pre>#include \r\n\r\nconst int laserPin = 10;  \/\/ Replace 10 with the appropriate pin number\r\n\r\nvoid setup() {\r\n  pinMode(laserPin, OUTPUT);\r\n}\r\n\r\nvoid loop() {\r\n  digitalWrite(laserPin, HIGH);  \/\/ Turn on the laser\r\n  delay(1000);                    \/\/ Wait for 1 second\r\n  digitalWrite(laserPin, LOW);   \/\/ Turn off the laser\r\n  delay(1000);                    \/\/ Wait for 1 second\r\n}\r\n<\/pre>\n<\/td>\n<\/tr>\n<\/tbody>\n<\/table>\n<p>&nbsp;<\/p>\n<p>&nbsp;<\/p>\n<h1>Informa\u010dn\u00e1 str\u00e1nka o \u010dervenom laserovom module<\/h1>\n<table>\n<tbody>\n<tr>\n<th>Popis<\/th>\n<td>\u010cerven\u00fd laserov\u00fd modul je kompaktn\u00e9 zariadenie ur\u010den\u00e9 na vytv\u00e1ranie \u010dervenej laserovej l\u00ednie.<\/td>\n<\/tr>\n<tr>\n<th>Vlastnosti<\/th>\n<td>\n<ul>\n<li>Industri\u00e1lna kvalita<\/li>\n<li>Nap\u00e1jacie nap\u00e4tie: 5V<\/li>\n<li>V\u00fdstupn\u00fd v\u00fdkon: 5mW<\/li>\n<li>Vlnov\u00e1 d\u013a\u017eka: 650nm<\/li>\n<li>Fokusovate\u013en\u00fd<\/li>\n<\/ul>\n<\/td>\n<\/tr>\n<tr>\n<th>Pou\u017eitie<\/th>\n<td>\u010cerven\u00fd laserov\u00fd modul sa \u010dasto pou\u017e\u00edva v r\u00f4znych aplik\u00e1ci\u00e1ch, ako s\u00fa napr\u00edklad vyrovnanie obr\u00e1zkov, zarovnanie skrutiek, alebo ako ukazovate\u013e pri prezent\u00e1ci\u00e1ch.<\/td>\n<\/tr>\n<\/tbody>\n<\/table>\n<p>&nbsp;<\/p>\n<h2>Riadkov\u00fd\u00a0\u010derven\u00fd laserov\u00fd modul Nastavite\u013en\u00e1 laserov\u00e1 hlava 5V priemyselnej triedy 5mW 650nm<\/h2>\n<p>&nbsp;<\/p>\n<p>Princ\u00edp spustenia lasera a \u0161pecifickos\u0165 v\u00fdrobn\u00e9ho procesu ur\u010duje, \u017ee laser s oby\u010dajn\u00fdm svetlom nem\u00e1 vlastnosti troch dobr\u00fdch (monochromatick\u00fd dobr\u00fd, dobr\u00e1 koherencia, dobr\u00fd smer) a vysok\u00fd (vysok\u00fd jas).<br \/>\nPou\u017eitie laserovej orient\u00e1cie s dobr\u00fdm jasom, vysok\u00fdmi gramami \u0161iroko pou\u017e\u00edvan\u00fdmi pri r\u00f4znych pr\u00edle\u017eitostiach, zmena s\u00e9rie laserov\u00fdch trub\u00edc je pohodln\u00e1 a intuit\u00edvna, \u013eahko sa in\u0161taluje, je stabiln\u00e1 a spo\u013eahliv\u00e1.<\/p>\n<p><strong>Inform\u00e1cie o produkte: <\/strong><br \/>\n\u010cerven\u00e1 (nastavite\u013en\u00e1 Line) laserov\u00e1 trubica, laserov\u00fd modul<br \/>\nVlnov\u00e1 d\u013a\u017eka: 650nm<br \/>\nPriemer: 12MM<br \/>\nHmotnos\u0165: 13,5g<br \/>\nD\u013a\u017eka: 36 mm<br \/>\nV\u00fdkon: 5MW<br \/>\nNap\u00e4tie: 3V-6V<br \/>\nPr\u00fad: 30-50MA<\/p>\n<p><strong>Pou\u017eitie produktu:<\/strong><br \/>\n1. Dalo by sa pou\u017ei\u0165 na polohovanie zraku<br \/>\n2. Mohol by by\u0165 pou\u017eit\u00fd pre laserov\u00e9 testovacie n\u00e1stroje<br \/>\n3. Dalo by sa pou\u017ei\u0165 na polohovanie s\u00fastrednosti<br \/>\n4. Dalo by sa pou\u017ei\u0165 na v\u00fdrobu sign\u00e1lnych zariaden\u00ed<\/p>\n<p>&nbsp;<\/p>\n<p>&nbsp;<\/p>\n<p><img loading=\"lazy\" decoding=\"async\" class=\"rg_i Q4LuWd\" src=\"https:\/\/encrypted-tbn0.gstatic.com\/images?q=tbn:ANd9GcTjntRfmX2HF2fYWzKmpbR5k6TNk-u-WgBKXA&amp;usqp=CAU\" alt=\"Red Laser Module 5mW 650nm Focus Adjustable Laser Head 5V Industrial Grade | Alexnld.com\" width=\"232\" height=\"186\" data-ils=\"4\" \/><\/p>\n<p>&nbsp;<\/p>\n","protected":false},"excerpt":{"rendered":"<p>&nbsp; &nbsp; Informa\u010dn\u00e1 str\u00e1nka o \u010dervenom laserovom module Popis \u010cerven\u00fd laserov\u00fd modul je kompaktn\u00e9 zariadenie ur\u010den\u00e9 na vytv\u00e1ranie \u010dervenej laserovej&hellip;<\/p>\n","protected":false},"featured_media":1589,"template":"","meta":{"_monsterinsights_skip_tracking":false,"_monsterinsights_sitenote_active":false,"_monsterinsights_sitenote_note":"","_monsterinsights_sitenote_category":0},"product_cat":[15,16,68,17,44],"product_tag":[],"class_list":{"0":"post-1588","1":"product","2":"type-product","3":"status-publish","4":"has-post-thumbnail","6":"product_cat-nd","7":"product_cat-ard","8":"product_cat-light","9":"product_cat-modul","10":"product_cat-svetlo","12":"first","13":"instock","14":"shipping-taxable","15":"purchasable","16":"product-type-simple"},"yoast_head":"<!-- This site is optimized with the Yoast SEO plugin v23.6 - https:\/\/yoast.com\/wordpress\/plugins\/seo\/ -->\n<title>Line Red Laser Module Focus Adjustable Laser Head 5V Industrial Grade 5mW 650nm - Arduino e-shop<\/title>\n<meta name=\"robots\" content=\"index, follow, max-snippet:-1, max-image-preview:large, max-video-preview:-1\" \/>\n<link rel=\"canonical\" href=\"https:\/\/www.onetimenexttime.sk\/arduino\/index.php\/produkt\/line-red-laser-module-focus-adjustable-laser-head-5v-industrial-grade-5mw-650nm\/\" \/>\n<meta property=\"og:locale\" content=\"sk_SK\" \/>\n<meta property=\"og:type\" content=\"article\" \/>\n<meta property=\"og:title\" content=\"Line Red Laser Module Focus Adjustable Laser Head 5V Industrial Grade 5mW 650nm - Arduino e-shop\" \/>\n<meta property=\"og:description\" content=\"&nbsp; &nbsp; Informa\u010dn\u00e1 str\u00e1nka o \u010dervenom laserovom module Popis \u010cerven\u00fd laserov\u00fd modul je kompaktn\u00e9 zariadenie ur\u010den\u00e9 na vytv\u00e1ranie \u010dervenej laserovej&hellip;\" \/>\n<meta property=\"og:url\" content=\"https:\/\/www.onetimenexttime.sk\/arduino\/index.php\/produkt\/line-red-laser-module-focus-adjustable-laser-head-5v-industrial-grade-5mw-650nm\/\" \/>\n<meta property=\"og:site_name\" content=\"Arduino e-shop\" \/>\n<meta property=\"article:modified_time\" content=\"2024-02-22T18:58:59+00:00\" \/>\n<meta property=\"og:image\" content=\"https:\/\/www.onetimenexttime.sk\/arduino\/wp-content\/uploads\/2021\/11\/404.jpg\" \/>\n\t<meta property=\"og:image:width\" content=\"467\" \/>\n\t<meta property=\"og:image:height\" content=\"463\" \/>\n\t<meta property=\"og:image:type\" content=\"image\/jpeg\" \/>\n<meta name=\"twitter:card\" content=\"summary_large_image\" \/>\n<meta name=\"twitter:label1\" content=\"Predpokladan\u00fd \u010das \u010d\u00edtania\" \/>\n\t<meta name=\"twitter:data1\" content=\"2 min\u00faty\" \/>\n<script type=\"application\/ld+json\" class=\"yoast-schema-graph\">{\"@context\":\"https:\/\/schema.org\",\"@graph\":[{\"@type\":\"WebPage\",\"@id\":\"https:\/\/www.onetimenexttime.sk\/arduino\/index.php\/produkt\/line-red-laser-module-focus-adjustable-laser-head-5v-industrial-grade-5mw-650nm\/\",\"url\":\"https:\/\/www.onetimenexttime.sk\/arduino\/index.php\/produkt\/line-red-laser-module-focus-adjustable-laser-head-5v-industrial-grade-5mw-650nm\/\",\"name\":\"Line Red Laser Module Focus Adjustable Laser Head 5V Industrial Grade 5mW 650nm - Arduino e-shop\",\"isPartOf\":{\"@id\":\"https:\/\/www.onetimenexttime.sk\/arduino\/#website\"},\"primaryImageOfPage\":{\"@id\":\"https:\/\/www.onetimenexttime.sk\/arduino\/index.php\/produkt\/line-red-laser-module-focus-adjustable-laser-head-5v-industrial-grade-5mw-650nm\/#primaryimage\"},\"image\":{\"@id\":\"https:\/\/www.onetimenexttime.sk\/arduino\/index.php\/produkt\/line-red-laser-module-focus-adjustable-laser-head-5v-industrial-grade-5mw-650nm\/#primaryimage\"},\"thumbnailUrl\":\"https:\/\/www.onetimenexttime.sk\/arduino\/wp-content\/uploads\/2021\/11\/404.jpg\",\"datePublished\":\"2021-11-18T09:49:38+00:00\",\"dateModified\":\"2024-02-22T18:58:59+00:00\",\"breadcrumb\":{\"@id\":\"https:\/\/www.onetimenexttime.sk\/arduino\/index.php\/produkt\/line-red-laser-module-focus-adjustable-laser-head-5v-industrial-grade-5mw-650nm\/#breadcrumb\"},\"inLanguage\":\"sk-SK\",\"potentialAction\":[{\"@type\":\"ReadAction\",\"target\":[\"https:\/\/www.onetimenexttime.sk\/arduino\/index.php\/produkt\/line-red-laser-module-focus-adjustable-laser-head-5v-industrial-grade-5mw-650nm\/\"]}]},{\"@type\":\"ImageObject\",\"inLanguage\":\"sk-SK\",\"@id\":\"https:\/\/www.onetimenexttime.sk\/arduino\/index.php\/produkt\/line-red-laser-module-focus-adjustable-laser-head-5v-industrial-grade-5mw-650nm\/#primaryimage\",\"url\":\"https:\/\/www.onetimenexttime.sk\/arduino\/wp-content\/uploads\/2021\/11\/404.jpg\",\"contentUrl\":\"https:\/\/www.onetimenexttime.sk\/arduino\/wp-content\/uploads\/2021\/11\/404.jpg\",\"width\":467,\"height\":463},{\"@type\":\"BreadcrumbList\",\"@id\":\"https:\/\/www.onetimenexttime.sk\/arduino\/index.php\/produkt\/line-red-laser-module-focus-adjustable-laser-head-5v-industrial-grade-5mw-650nm\/#breadcrumb\",\"itemListElement\":[{\"@type\":\"ListItem\",\"position\":1,\"name\":\"Domov\",\"item\":\"https:\/\/www.onetimenexttime.sk\/arduino\/\"},{\"@type\":\"ListItem\",\"position\":2,\"name\":\"Obchod\",\"item\":\"https:\/\/www.onetimenexttime.sk\/arduino\/\"},{\"@type\":\"ListItem\",\"position\":3,\"name\":\"Line Red Laser Module Focus Adjustable Laser Head 5V Industrial Grade 5mW 650nm\"}]},{\"@type\":\"WebSite\",\"@id\":\"https:\/\/www.onetimenexttime.sk\/arduino\/#website\",\"url\":\"https:\/\/www.onetimenexttime.sk\/arduino\/\",\"name\":\"Arduino e-shop\",\"description\":\"Home Assistant\",\"potentialAction\":[{\"@type\":\"SearchAction\",\"target\":{\"@type\":\"EntryPoint\",\"urlTemplate\":\"https:\/\/www.onetimenexttime.sk\/arduino\/?s={search_term_string}\"},\"query-input\":{\"@type\":\"PropertyValueSpecification\",\"valueRequired\":true,\"valueName\":\"search_term_string\"}}],\"inLanguage\":\"sk-SK\"}]}<\/script>\n<!-- \/ Yoast SEO plugin. -->","yoast_head_json":{"title":"Line Red Laser Module Focus Adjustable Laser Head 5V Industrial Grade 5mW 650nm - Arduino e-shop","robots":{"index":"index","follow":"follow","max-snippet":"max-snippet:-1","max-image-preview":"max-image-preview:large","max-video-preview":"max-video-preview:-1"},"canonical":"https:\/\/www.onetimenexttime.sk\/arduino\/index.php\/produkt\/line-red-laser-module-focus-adjustable-laser-head-5v-industrial-grade-5mw-650nm\/","og_locale":"sk_SK","og_type":"article","og_title":"Line Red Laser Module Focus Adjustable Laser Head 5V Industrial Grade 5mW 650nm - Arduino e-shop","og_description":"&nbsp; &nbsp; Informa\u010dn\u00e1 str\u00e1nka o \u010dervenom laserovom module Popis \u010cerven\u00fd laserov\u00fd modul je kompaktn\u00e9 zariadenie ur\u010den\u00e9 na vytv\u00e1ranie \u010dervenej laserovej&hellip;","og_url":"https:\/\/www.onetimenexttime.sk\/arduino\/index.php\/produkt\/line-red-laser-module-focus-adjustable-laser-head-5v-industrial-grade-5mw-650nm\/","og_site_name":"Arduino e-shop","article_modified_time":"2024-02-22T18:58:59+00:00","og_image":[{"width":467,"height":463,"url":"https:\/\/www.onetimenexttime.sk\/arduino\/wp-content\/uploads\/2021\/11\/404.jpg","type":"image\/jpeg"}],"twitter_card":"summary_large_image","twitter_misc":{"Predpokladan\u00fd \u010das \u010d\u00edtania":"2 min\u00faty"},"schema":{"@context":"https:\/\/schema.org","@graph":[{"@type":"WebPage","@id":"https:\/\/www.onetimenexttime.sk\/arduino\/index.php\/produkt\/line-red-laser-module-focus-adjustable-laser-head-5v-industrial-grade-5mw-650nm\/","url":"https:\/\/www.onetimenexttime.sk\/arduino\/index.php\/produkt\/line-red-laser-module-focus-adjustable-laser-head-5v-industrial-grade-5mw-650nm\/","name":"Line Red Laser Module Focus Adjustable Laser Head 5V Industrial Grade 5mW 650nm - Arduino e-shop","isPartOf":{"@id":"https:\/\/www.onetimenexttime.sk\/arduino\/#website"},"primaryImageOfPage":{"@id":"https:\/\/www.onetimenexttime.sk\/arduino\/index.php\/produkt\/line-red-laser-module-focus-adjustable-laser-head-5v-industrial-grade-5mw-650nm\/#primaryimage"},"image":{"@id":"https:\/\/www.onetimenexttime.sk\/arduino\/index.php\/produkt\/line-red-laser-module-focus-adjustable-laser-head-5v-industrial-grade-5mw-650nm\/#primaryimage"},"thumbnailUrl":"https:\/\/www.onetimenexttime.sk\/arduino\/wp-content\/uploads\/2021\/11\/404.jpg","datePublished":"2021-11-18T09:49:38+00:00","dateModified":"2024-02-22T18:58:59+00:00","breadcrumb":{"@id":"https:\/\/www.onetimenexttime.sk\/arduino\/index.php\/produkt\/line-red-laser-module-focus-adjustable-laser-head-5v-industrial-grade-5mw-650nm\/#breadcrumb"},"inLanguage":"sk-SK","potentialAction":[{"@type":"ReadAction","target":["https:\/\/www.onetimenexttime.sk\/arduino\/index.php\/produkt\/line-red-laser-module-focus-adjustable-laser-head-5v-industrial-grade-5mw-650nm\/"]}]},{"@type":"ImageObject","inLanguage":"sk-SK","@id":"https:\/\/www.onetimenexttime.sk\/arduino\/index.php\/produkt\/line-red-laser-module-focus-adjustable-laser-head-5v-industrial-grade-5mw-650nm\/#primaryimage","url":"https:\/\/www.onetimenexttime.sk\/arduino\/wp-content\/uploads\/2021\/11\/404.jpg","contentUrl":"https:\/\/www.onetimenexttime.sk\/arduino\/wp-content\/uploads\/2021\/11\/404.jpg","width":467,"height":463},{"@type":"BreadcrumbList","@id":"https:\/\/www.onetimenexttime.sk\/arduino\/index.php\/produkt\/line-red-laser-module-focus-adjustable-laser-head-5v-industrial-grade-5mw-650nm\/#breadcrumb","itemListElement":[{"@type":"ListItem","position":1,"name":"Domov","item":"https:\/\/www.onetimenexttime.sk\/arduino\/"},{"@type":"ListItem","position":2,"name":"Obchod","item":"https:\/\/www.onetimenexttime.sk\/arduino\/"},{"@type":"ListItem","position":3,"name":"Line Red Laser Module Focus Adjustable Laser Head 5V Industrial Grade 5mW 650nm"}]},{"@type":"WebSite","@id":"https:\/\/www.onetimenexttime.sk\/arduino\/#website","url":"https:\/\/www.onetimenexttime.sk\/arduino\/","name":"Arduino e-shop","description":"Home Assistant","potentialAction":[{"@type":"SearchAction","target":{"@type":"EntryPoint","urlTemplate":"https:\/\/www.onetimenexttime.sk\/arduino\/?s={search_term_string}"},"query-input":{"@type":"PropertyValueSpecification","valueRequired":true,"valueName":"search_term_string"}}],"inLanguage":"sk-SK"}]}},"_links":{"self":[{"href":"https:\/\/www.onetimenexttime.sk\/arduino\/index.php\/wp-json\/wp\/v2\/product\/1588"}],"collection":[{"href":"https:\/\/www.onetimenexttime.sk\/arduino\/index.php\/wp-json\/wp\/v2\/product"}],"about":[{"href":"https:\/\/www.onetimenexttime.sk\/arduino\/index.php\/wp-json\/wp\/v2\/types\/product"}],"wp:featuredmedia":[{"embeddable":true,"href":"https:\/\/www.onetimenexttime.sk\/arduino\/index.php\/wp-json\/wp\/v2\/media\/1589"}],"wp:attachment":[{"href":"https:\/\/www.onetimenexttime.sk\/arduino\/index.php\/wp-json\/wp\/v2\/media?parent=1588"}],"wp:term":[{"taxonomy":"product_cat","embeddable":true,"href":"https:\/\/www.onetimenexttime.sk\/arduino\/index.php\/wp-json\/wp\/v2\/product_cat?post=1588"},{"taxonomy":"product_tag","embeddable":true,"href":"https:\/\/www.onetimenexttime.sk\/arduino\/index.php\/wp-json\/wp\/v2\/product_tag?post=1588"}],"curies":[{"name":"wp","href":"https:\/\/api.w.org\/{rel}","templated":true}]}}