{"id":1581,"date":"2021-11-18T10:02:15","date_gmt":"2021-11-18T09:02:15","guid":{"rendered":"https:\/\/www.onetimenexttime.sk\/arduino\/?post_type=product&#038;p=1581"},"modified":"2024-02-22T18:01:21","modified_gmt":"2024-02-22T17:01:21","slug":"mc-38-wired-door-window-sensor-magnetic-switch-home-alarm-system-normally-closed-nc","status":"publish","type":"product","link":"https:\/\/www.onetimenexttime.sk\/arduino\/index.php\/produkt\/mc-38-wired-door-window-sensor-magnetic-switch-home-alarm-system-normally-closed-nc\/","title":{"rendered":"MC-38 Wired Door Window Sensor Magnetic Switch Home Alarm System normally closed NC"},"content":{"rendered":"<p>&nbsp;<\/p>\n<div id=\"translation\">\n<h2 class=\"gtx-body\">MC-38 dr\u00f4tov\u00fd okenn\u00fd senzor s magnetick\u00fdm sp\u00edna\u010dom Dom\u00e1ci alarm<\/h2>\n<\/div>\n<table>\n<tbody>\n<tr>\n<th>Popis<\/th>\n<td>MC-38 je k\u00e1blov\u00fd magnetick\u00fd sp\u00edna\u010d pre detekciu otvorenia dver\u00ed alebo okien. Pou\u017e\u00edva sa v dom\u00e1cich alarmov\u00fdch syst\u00e9moch na ochranu proti neopr\u00e1vnen\u00e9mu vstupu. Sp\u00edna\u010d je typicky uzavret\u00fd (normally closed), \u010do znamen\u00e1, \u017ee je uzavret\u00fd, ke\u010f s\u00fa dvere alebo okn\u00e1 zatvoren\u00e9.<\/td>\n<\/tr>\n<tr>\n<th>Vlastnosti<\/th>\n<td>\n<ul>\n<li>K\u00e1blov\u00fd magnetick\u00fd sp\u00edna\u010d pre detekciu otvorenia dver\u00ed alebo okien<\/li>\n<li>Pou\u017e\u00edva sa v dom\u00e1cich alarmov\u00fdch syst\u00e9moch<\/li>\n<li>Typicky uzavret\u00fd (NC) sp\u00edna\u010d<\/li>\n<li>Jednoduch\u00e1 in\u0161tal\u00e1cia a pou\u017eitie<\/li>\n<\/ul>\n<\/td>\n<\/tr>\n<tr>\n<th>\u0160pecifik\u00e1cie<\/th>\n<td>\n<ul>\n<li>Typ: Normally Closed (NC)<\/li>\n<li>Maxim\u00e1lna pracovn\u00e1 vzdialenos\u0165: 20mm<\/li>\n<li>K\u00e1bel d\u013a\u017eka: 350mm<\/li>\n<li>Maxim\u00e1lny pr\u00fad: 0.5A<\/li>\n<\/ul>\n<\/td>\n<\/tr>\n<tr>\n<th>Pr\u00edklady pou\u017eitia<\/th>\n<td>MC-38 sa \u010dasto pou\u017e\u00edva v dom\u00e1cich alarmov\u00fdch syst\u00e9moch na detekciu otvorenia dver\u00ed a okien a aktiv\u00e1ciu poplachov\u00fdch syst\u00e9mov v pr\u00edpade neopr\u00e1vnen\u00e9ho vstupu.<\/td>\n<\/tr>\n<tr>\n<th>Pr\u00edkladov\u00fd k\u00f3d pre Arduino<\/th>\n<td><code><code><br \/>\nconst int switchPin = 2; \/\/ Pin, na ktorom je pripojen\u00fd sp\u00edna\u010d<br \/>\nint switchState = 0;     \/\/ Premenn\u00e1 pre ulo\u017eenie stavu sp\u00edna\u010da<\/code><\/code>void setup() {<br \/>\npinMode(switchPin, INPUT); \/\/ Nastavenie pinu ako vstup<br \/>\nSerial.begin(9600); \/\/ Inicializ\u00e1cia s\u00e9riovej komunik\u00e1cie<br \/>\n}<code><code><\/code><\/code>void loop() {<br \/>\nswitchState = digitalRead(switchPin); \/\/ \u010c\u00edtanie stavu zo sp\u00edna\u010da<br \/>\nSerial.println(switchState); \/\/ V\u00fdpis stavu na s\u00e9riov\u00fa linku<br \/>\ndelay(1000); \/\/ Pauza 1 sekunda<br \/>\n}<\/td>\n<\/tr>\n<tr>\n<th>Pr\u00edkladov\u00fd k\u00f3d pre ESPHome<\/th>\n<td><code><code><br \/>\n# Pr\u00edkladov\u00fd k\u00f3d pre ESPHome<br \/>\nesphome:<br \/>\nname: door_window_sensor<br \/>\nplatform: ESP8266<br \/>\nboard: nodemcuv2<\/code><\/code>wifi:<br \/>\nssid: &#8220;YOUR_WIFI_SSID&#8221;<br \/>\npassword: &#8220;YOUR_WIFI_PASSWORD&#8221;<code><code><\/code><\/code>logger:<\/p>\n<p><code><code><\/code><\/code>ota:<\/p>\n<p><code><code><\/code><\/code>binary_sensor:<br \/>\n&#8211; platform: gpio<br \/>\npin:<br \/>\nnumber: GPIO2<br \/>\nmode: INPUT_PULLUP<br \/>\nname: &#8220;Door Window Sensor&#8221;<\/td>\n<\/tr>\n<\/tbody>\n<\/table>\n<p><button>Kop\u00edrova\u0165 k\u00f3d<\/button><\/p>\n<p><script>\n    function copyCode() {\n        var code = document.querySelector('code').innerText;\n        navigator.clipboard.writeText(code).then(function() {\n            alert('K\u00f3d bol skop\u00edrovan\u00fd!');\n        }, function(err) {\n            console.error('Chyba pri kop\u00edrovan\u00ed k\u00f3du: ', err);\n        });\n    }\n<\/script><\/p>\n<p>&nbsp;<\/p>\n<h2>MC-38 Dr\u00f4tov\u00fd dvern\u00fd okenn\u00fd senzor s magnetick\u00fdm sp\u00edna\u010dom Dom\u00e1ci alarm norm\u00e1lne zatvoren\u00fd NC<\/h2>\n<p><strong>Popisy:\u00a0<\/strong><\/p>\n<p>kovov\u00fd \u0161t\u00edt protipo\u017eiarny ABS eMastiff<\/p>\n<p>re\u017eim pripojenia: N.c. norm\u00e1lne zatvoren\u00e9<\/p>\n<p>menovit\u00fd pr\u00fad: 100 mA<\/p>\n<p>menovit\u00e9 nap\u00e4tie: 200 VDC<\/p>\n<p>prev\u00e1dzkov\u00e1 vzdialenos\u0165: viac ako 15 mm, menej ako 25 mm<\/p>\n<p>menovit\u00fd v\u00fdkon: 3W<\/p>\n<p>Pracovn\u00fd sp\u00f4sob: Prepojen\u00fd s popla\u0161n\u00fdm syst\u00e9mom<\/p>\n<p>&nbsp;<\/p>\n<p><strong>N\u00e1vod na in\u0161tal\u00e1ciu<\/strong><br \/>\nAk potrebujete, m\u00f4\u017eete tie\u017e kontaktova\u0165 pol\u00edciu, hasi\u010dsk\u00fd zbor, nemocnicu alebo in\u00fd pohotovostn\u00fd person\u00e1l, aby okam\u017eite pri\u0161iel k v\u00e1m domov. M\u00f4\u017eete kontaktova\u0165 die\u0165a\/star\u0161ieho, aby ste si overili, \u010di s\u00fa v poriadku alebo \u010di potrebuj\u00fa pomoc.<\/p>\n<p>&nbsp;<\/p>\n<p>&nbsp;<\/p>\n<p><img loading=\"lazy\" decoding=\"async\" class=\"\" src=\"https:\/\/ae01.alicdn.com\/kf\/HTB1JC7gSpXXXXXrapXXq6xXFXXXN.jpg?size=166151&amp;height=800&amp;width=800&amp;hash=71dae5073ad0d9511303ad79b4ef313a\" width=\"561\" height=\"561\" data-spm-anchor-id=\"a2g0o.detail.1000023.i0.bd294d7eAfvzoc\" \/><\/p>\n<p>&nbsp;<\/p>\n<p><strong>Funkcia:<\/strong><br \/>\nJednoduch\u00e1 in\u0161tal\u00e1cia a spo\u013eahliv\u00fd v\u00fdkon<br \/>\nDobr\u00e1 odolnos\u0165 proti opotrebovaniu<br \/>\nNajlep\u0161ia vo\u013eba na ochranu va\u0161ej rodiny<br \/>\nExistuj\u00fa dva typy jaz\u00fd\u010dkov\u00fdch sp\u00edna\u010dov: &#8220;norm\u00e1lne otvoren\u00e9&#8221; jaz\u00fd\u010dkov\u00e9 sp\u00edna\u010de a &#8220;norm\u00e1lne zatvoren\u00e9&#8221; jaz\u00fd\u010dkov\u00e9 sp\u00edna\u010de. Ak v bl\u00edzkosti sp\u00edna\u010da nie je \u017eiadny magnet, kovov\u00fd jaz\u00fd\u010dek na norm\u00e1lne otvorenom sp\u00edna\u010di zostane otvoren\u00fd. V pr\u00edtomnosti magnetick\u00e9ho po\u013ea sa kontakty norm\u00e1lne otvoren\u00e9ho jaz\u00fd\u010dkov\u00e9ho sp\u00edna\u010da zatvoria. Norm\u00e1lne uzavret\u00fd jaz\u00fd\u010dkov\u00fd sp\u00edna\u010d sa zatv\u00e1ra, ke\u010f nie je bl\u00edzko magnetu; ke\u010f sa k nemu magnet pribl\u00ed\u017ei, norm\u00e1lne zatvoren\u00fd sp\u00edna\u010d sa otvor\u00ed<\/p>\n<p><strong>Popis<\/strong>:<br \/>\nFarba: Biela<br \/>\nMateri\u00e1l: ABS<br \/>\nVe\u013ekos\u0165: cca. 27*14*8 (mm)<br \/>\nRe\u017eim sp\u00edna\u010da: norm\u00e1lne zatvoren\u00e9, spustenie alarmu<br \/>\nNap\u00e4tie: 100V DC<br \/>\nMenovit\u00fd v\u00fdkon: 10W<br \/>\nJazdn\u00e1 vzdialenos\u0165: 15-25 mm<br \/>\nDr\u00f4t: 24 Awg, asi 350 mm dlh\u00fd<br \/>\nSp\u00f4sob in\u0161tal\u00e1cie: SMD (cez skrutku alebo obojstrann\u00fa p\u00e1sku)<br \/>\nOdpor\u00fa\u010dania na pou\u017eitie: dreven\u00e9 dvere, okn\u00e1<\/p>\n<p>&nbsp;<\/p>\n<p>&nbsp;<\/p>\n<p><img loading=\"lazy\" decoding=\"async\" class=\"\" src=\"https:\/\/ae01.alicdn.com\/kf\/H22de90159edd447396089b83f8523e339.jpg\" width=\"235\" height=\"235\" data-spm-anchor-id=\"a2g0o.detail.1000023.i1.4a7b6f32zkrJ5W\" \/><img loading=\"lazy\" decoding=\"async\" class=\"\" src=\"https:\/\/ae01.alicdn.com\/kf\/H5f094e0284574e9d880ddd231c42e2a1r.jpg\" width=\"241\" height=\"241\" data-spm-anchor-id=\"a2g0o.detail.1000023.i2.4a7b6f32zkrJ5W\" \/><\/p>\n<p>&nbsp;<\/p>\n","protected":false},"excerpt":{"rendered":"<p>&nbsp; MC-38 dr\u00f4tov\u00fd okenn\u00fd senzor s magnetick\u00fdm sp\u00edna\u010dom Dom\u00e1ci alarm Popis MC-38 je k\u00e1blov\u00fd magnetick\u00fd sp\u00edna\u010d pre detekciu otvorenia dver\u00ed&hellip;<\/p>\n","protected":false},"featured_media":1582,"template":"","meta":{"_monsterinsights_skip_tracking":false,"_monsterinsights_sitenote_active":false,"_monsterinsights_sitenote_note":"","_monsterinsights_sitenote_category":0},"product_cat":[15,16,78,62,69],"product_tag":[],"class_list":{"0":"post-1581","1":"product","2":"type-product","3":"status-publish","4":"has-post-thumbnail","6":"product_cat-nd","7":"product_cat-ard","8":"product_cat-magnet","9":"product_cat-security","10":"product_cat-sensors","12":"first","13":"instock","14":"shipping-taxable","15":"purchasable","16":"product-type-simple"},"yoast_head":"<!-- This site is optimized with the Yoast SEO plugin v23.6 - https:\/\/yoast.com\/wordpress\/plugins\/seo\/ -->\n<title>MC-38 Wired Door Window Sensor Magnetic Switch Home Alarm System normally closed NC - Arduino e-shop<\/title>\n<meta name=\"robots\" content=\"index, follow, max-snippet:-1, max-image-preview:large, max-video-preview:-1\" \/>\n<link rel=\"canonical\" href=\"https:\/\/www.onetimenexttime.sk\/arduino\/index.php\/produkt\/mc-38-wired-door-window-sensor-magnetic-switch-home-alarm-system-normally-closed-nc\/\" \/>\n<meta property=\"og:locale\" content=\"sk_SK\" \/>\n<meta property=\"og:type\" content=\"article\" \/>\n<meta property=\"og:title\" content=\"MC-38 Wired Door Window Sensor Magnetic Switch Home Alarm System normally closed NC - Arduino e-shop\" \/>\n<meta property=\"og:description\" content=\"&nbsp; MC-38 dr\u00f4tov\u00fd okenn\u00fd senzor s magnetick\u00fdm sp\u00edna\u010dom Dom\u00e1ci alarm Popis MC-38 je k\u00e1blov\u00fd magnetick\u00fd sp\u00edna\u010d pre detekciu otvorenia dver\u00ed&hellip;\" \/>\n<meta property=\"og:url\" content=\"https:\/\/www.onetimenexttime.sk\/arduino\/index.php\/produkt\/mc-38-wired-door-window-sensor-magnetic-switch-home-alarm-system-normally-closed-nc\/\" \/>\n<meta property=\"og:site_name\" content=\"Arduino e-shop\" \/>\n<meta property=\"article:modified_time\" content=\"2024-02-22T17:01:21+00:00\" \/>\n<meta property=\"og:image\" content=\"https:\/\/www.onetimenexttime.sk\/arduino\/wp-content\/uploads\/2021\/11\/17922.jpg\" \/>\n\t<meta property=\"og:image:width\" content=\"540\" \/>\n\t<meta property=\"og:image:height\" content=\"543\" \/>\n\t<meta property=\"og:image:type\" content=\"image\/jpeg\" \/>\n<meta name=\"twitter:card\" content=\"summary_large_image\" \/>\n<meta name=\"twitter:label1\" content=\"Predpokladan\u00fd \u010das \u010d\u00edtania\" \/>\n\t<meta name=\"twitter:data1\" content=\"3 min\u00faty\" \/>\n<script type=\"application\/ld+json\" class=\"yoast-schema-graph\">{\"@context\":\"https:\/\/schema.org\",\"@graph\":[{\"@type\":\"WebPage\",\"@id\":\"https:\/\/www.onetimenexttime.sk\/arduino\/index.php\/produkt\/mc-38-wired-door-window-sensor-magnetic-switch-home-alarm-system-normally-closed-nc\/\",\"url\":\"https:\/\/www.onetimenexttime.sk\/arduino\/index.php\/produkt\/mc-38-wired-door-window-sensor-magnetic-switch-home-alarm-system-normally-closed-nc\/\",\"name\":\"MC-38 Wired Door Window Sensor Magnetic Switch Home Alarm System normally closed NC - Arduino e-shop\",\"isPartOf\":{\"@id\":\"https:\/\/www.onetimenexttime.sk\/arduino\/#website\"},\"primaryImageOfPage\":{\"@id\":\"https:\/\/www.onetimenexttime.sk\/arduino\/index.php\/produkt\/mc-38-wired-door-window-sensor-magnetic-switch-home-alarm-system-normally-closed-nc\/#primaryimage\"},\"image\":{\"@id\":\"https:\/\/www.onetimenexttime.sk\/arduino\/index.php\/produkt\/mc-38-wired-door-window-sensor-magnetic-switch-home-alarm-system-normally-closed-nc\/#primaryimage\"},\"thumbnailUrl\":\"https:\/\/www.onetimenexttime.sk\/arduino\/wp-content\/uploads\/2021\/11\/17922.jpg\",\"datePublished\":\"2021-11-18T09:02:15+00:00\",\"dateModified\":\"2024-02-22T17:01:21+00:00\",\"breadcrumb\":{\"@id\":\"https:\/\/www.onetimenexttime.sk\/arduino\/index.php\/produkt\/mc-38-wired-door-window-sensor-magnetic-switch-home-alarm-system-normally-closed-nc\/#breadcrumb\"},\"inLanguage\":\"sk-SK\",\"potentialAction\":[{\"@type\":\"ReadAction\",\"target\":[\"https:\/\/www.onetimenexttime.sk\/arduino\/index.php\/produkt\/mc-38-wired-door-window-sensor-magnetic-switch-home-alarm-system-normally-closed-nc\/\"]}]},{\"@type\":\"ImageObject\",\"inLanguage\":\"sk-SK\",\"@id\":\"https:\/\/www.onetimenexttime.sk\/arduino\/index.php\/produkt\/mc-38-wired-door-window-sensor-magnetic-switch-home-alarm-system-normally-closed-nc\/#primaryimage\",\"url\":\"https:\/\/www.onetimenexttime.sk\/arduino\/wp-content\/uploads\/2021\/11\/17922.jpg\",\"contentUrl\":\"https:\/\/www.onetimenexttime.sk\/arduino\/wp-content\/uploads\/2021\/11\/17922.jpg\",\"width\":540,\"height\":543},{\"@type\":\"BreadcrumbList\",\"@id\":\"https:\/\/www.onetimenexttime.sk\/arduino\/index.php\/produkt\/mc-38-wired-door-window-sensor-magnetic-switch-home-alarm-system-normally-closed-nc\/#breadcrumb\",\"itemListElement\":[{\"@type\":\"ListItem\",\"position\":1,\"name\":\"Domov\",\"item\":\"https:\/\/www.onetimenexttime.sk\/arduino\/\"},{\"@type\":\"ListItem\",\"position\":2,\"name\":\"Obchod\",\"item\":\"https:\/\/www.onetimenexttime.sk\/arduino\/\"},{\"@type\":\"ListItem\",\"position\":3,\"name\":\"MC-38 Wired Door Window Sensor Magnetic Switch Home Alarm System normally closed NC\"}]},{\"@type\":\"WebSite\",\"@id\":\"https:\/\/www.onetimenexttime.sk\/arduino\/#website\",\"url\":\"https:\/\/www.onetimenexttime.sk\/arduino\/\",\"name\":\"Arduino e-shop\",\"description\":\"Home Assistant\",\"potentialAction\":[{\"@type\":\"SearchAction\",\"target\":{\"@type\":\"EntryPoint\",\"urlTemplate\":\"https:\/\/www.onetimenexttime.sk\/arduino\/?s={search_term_string}\"},\"query-input\":{\"@type\":\"PropertyValueSpecification\",\"valueRequired\":true,\"valueName\":\"search_term_string\"}}],\"inLanguage\":\"sk-SK\"}]}<\/script>\n<!-- \/ Yoast SEO plugin. -->","yoast_head_json":{"title":"MC-38 Wired Door Window Sensor Magnetic Switch Home Alarm System normally closed NC - Arduino e-shop","robots":{"index":"index","follow":"follow","max-snippet":"max-snippet:-1","max-image-preview":"max-image-preview:large","max-video-preview":"max-video-preview:-1"},"canonical":"https:\/\/www.onetimenexttime.sk\/arduino\/index.php\/produkt\/mc-38-wired-door-window-sensor-magnetic-switch-home-alarm-system-normally-closed-nc\/","og_locale":"sk_SK","og_type":"article","og_title":"MC-38 Wired Door Window Sensor Magnetic Switch Home Alarm System normally closed NC - Arduino e-shop","og_description":"&nbsp; MC-38 dr\u00f4tov\u00fd okenn\u00fd senzor s magnetick\u00fdm sp\u00edna\u010dom Dom\u00e1ci alarm Popis MC-38 je k\u00e1blov\u00fd magnetick\u00fd sp\u00edna\u010d pre detekciu otvorenia dver\u00ed&hellip;","og_url":"https:\/\/www.onetimenexttime.sk\/arduino\/index.php\/produkt\/mc-38-wired-door-window-sensor-magnetic-switch-home-alarm-system-normally-closed-nc\/","og_site_name":"Arduino e-shop","article_modified_time":"2024-02-22T17:01:21+00:00","og_image":[{"width":540,"height":543,"url":"https:\/\/www.onetimenexttime.sk\/arduino\/wp-content\/uploads\/2021\/11\/17922.jpg","type":"image\/jpeg"}],"twitter_card":"summary_large_image","twitter_misc":{"Predpokladan\u00fd \u010das \u010d\u00edtania":"3 min\u00faty"},"schema":{"@context":"https:\/\/schema.org","@graph":[{"@type":"WebPage","@id":"https:\/\/www.onetimenexttime.sk\/arduino\/index.php\/produkt\/mc-38-wired-door-window-sensor-magnetic-switch-home-alarm-system-normally-closed-nc\/","url":"https:\/\/www.onetimenexttime.sk\/arduino\/index.php\/produkt\/mc-38-wired-door-window-sensor-magnetic-switch-home-alarm-system-normally-closed-nc\/","name":"MC-38 Wired Door Window Sensor Magnetic Switch Home Alarm System normally closed NC - Arduino e-shop","isPartOf":{"@id":"https:\/\/www.onetimenexttime.sk\/arduino\/#website"},"primaryImageOfPage":{"@id":"https:\/\/www.onetimenexttime.sk\/arduino\/index.php\/produkt\/mc-38-wired-door-window-sensor-magnetic-switch-home-alarm-system-normally-closed-nc\/#primaryimage"},"image":{"@id":"https:\/\/www.onetimenexttime.sk\/arduino\/index.php\/produkt\/mc-38-wired-door-window-sensor-magnetic-switch-home-alarm-system-normally-closed-nc\/#primaryimage"},"thumbnailUrl":"https:\/\/www.onetimenexttime.sk\/arduino\/wp-content\/uploads\/2021\/11\/17922.jpg","datePublished":"2021-11-18T09:02:15+00:00","dateModified":"2024-02-22T17:01:21+00:00","breadcrumb":{"@id":"https:\/\/www.onetimenexttime.sk\/arduino\/index.php\/produkt\/mc-38-wired-door-window-sensor-magnetic-switch-home-alarm-system-normally-closed-nc\/#breadcrumb"},"inLanguage":"sk-SK","potentialAction":[{"@type":"ReadAction","target":["https:\/\/www.onetimenexttime.sk\/arduino\/index.php\/produkt\/mc-38-wired-door-window-sensor-magnetic-switch-home-alarm-system-normally-closed-nc\/"]}]},{"@type":"ImageObject","inLanguage":"sk-SK","@id":"https:\/\/www.onetimenexttime.sk\/arduino\/index.php\/produkt\/mc-38-wired-door-window-sensor-magnetic-switch-home-alarm-system-normally-closed-nc\/#primaryimage","url":"https:\/\/www.onetimenexttime.sk\/arduino\/wp-content\/uploads\/2021\/11\/17922.jpg","contentUrl":"https:\/\/www.onetimenexttime.sk\/arduino\/wp-content\/uploads\/2021\/11\/17922.jpg","width":540,"height":543},{"@type":"BreadcrumbList","@id":"https:\/\/www.onetimenexttime.sk\/arduino\/index.php\/produkt\/mc-38-wired-door-window-sensor-magnetic-switch-home-alarm-system-normally-closed-nc\/#breadcrumb","itemListElement":[{"@type":"ListItem","position":1,"name":"Domov","item":"https:\/\/www.onetimenexttime.sk\/arduino\/"},{"@type":"ListItem","position":2,"name":"Obchod","item":"https:\/\/www.onetimenexttime.sk\/arduino\/"},{"@type":"ListItem","position":3,"name":"MC-38 Wired Door Window Sensor Magnetic Switch Home Alarm System normally closed NC"}]},{"@type":"WebSite","@id":"https:\/\/www.onetimenexttime.sk\/arduino\/#website","url":"https:\/\/www.onetimenexttime.sk\/arduino\/","name":"Arduino e-shop","description":"Home Assistant","potentialAction":[{"@type":"SearchAction","target":{"@type":"EntryPoint","urlTemplate":"https:\/\/www.onetimenexttime.sk\/arduino\/?s={search_term_string}"},"query-input":{"@type":"PropertyValueSpecification","valueRequired":true,"valueName":"search_term_string"}}],"inLanguage":"sk-SK"}]}},"_links":{"self":[{"href":"https:\/\/www.onetimenexttime.sk\/arduino\/index.php\/wp-json\/wp\/v2\/product\/1581"}],"collection":[{"href":"https:\/\/www.onetimenexttime.sk\/arduino\/index.php\/wp-json\/wp\/v2\/product"}],"about":[{"href":"https:\/\/www.onetimenexttime.sk\/arduino\/index.php\/wp-json\/wp\/v2\/types\/product"}],"wp:featuredmedia":[{"embeddable":true,"href":"https:\/\/www.onetimenexttime.sk\/arduino\/index.php\/wp-json\/wp\/v2\/media\/1582"}],"wp:attachment":[{"href":"https:\/\/www.onetimenexttime.sk\/arduino\/index.php\/wp-json\/wp\/v2\/media?parent=1581"}],"wp:term":[{"taxonomy":"product_cat","embeddable":true,"href":"https:\/\/www.onetimenexttime.sk\/arduino\/index.php\/wp-json\/wp\/v2\/product_cat?post=1581"},{"taxonomy":"product_tag","embeddable":true,"href":"https:\/\/www.onetimenexttime.sk\/arduino\/index.php\/wp-json\/wp\/v2\/product_tag?post=1581"}],"curies":[{"name":"wp","href":"https:\/\/api.w.org\/{rel}","templated":true}]}}