{"id":1579,"date":"2021-11-18T09:57:34","date_gmt":"2021-11-18T08:57:34","guid":{"rendered":"https:\/\/www.onetimenexttime.sk\/arduino\/?post_type=product&#038;p=1579"},"modified":"2021-11-18T10:01:23","modified_gmt":"2021-11-18T09:01:23","slug":"optical-endstop-switch-reprap-mendel-prusa-ramps-v1-4-3d-printer-for-arduino","status":"publish","type":"product","link":"https:\/\/www.onetimenexttime.sk\/arduino\/index.php\/produkt\/optical-endstop-switch-reprap-mendel-prusa-ramps-v1-4-3d-printer-for-arduino\/","title":{"rendered":"Optical Endstop Switch RepRap Mendel Prusa RAMPS v1.4 3D Printer For Arduino"},"content":{"rendered":"<h2>Optick\u00fd koncov\u00fd sp\u00edna\u010d RepRap Mendel Prusa RAMPS v1.4 3D tla\u010diare\u0148 pre Arduino<\/h2>\n<p>&nbsp;<\/p>\n<p>Optick\u00fd koncov\u00fd doraz<\/p>\n<p>Optick\u00fd limitn\u00fd optick\u00fd sp\u00edna\u010d Prenos sp\u00edna\u010da 3D tla\u010diarne<\/p>\n<p>A podpora pou\u017eitia dosky RAMPS 1.4<br \/>\nOptick\u00fd koncov\u00fd doraz je spo\u013eahliv\u00e9 rie\u0161enie koncov\u00e9ho dorazu \/ sp\u00edna\u010da pre ak\u00fdko\u013evek typ 3D tla\u010diarn\u00ed a in\u00fdch CNC a\/alebo 3D n\u00e1strojov.<\/p>\n<p>N\u00e1\u0161 produkt je zalo\u017een\u00fd na p\u00f4vodnom dizajne, ktor\u00fd n\u00e1jdete tu www.instructables.com\/id\/Improved-Optical-End-Stop\/ a je vylep\u0161en\u00edm Gen7 Endstop (OptoEndstop 2.1)<\/p>\n<p>Balenie obsahuje:<\/p>\n<p>1 x optick\u00e1 koncov\u00e1 zar\u00e1\u017eka s pou\u017eit\u00edm fotopreru\u0161ova\u010da TCST2103<br \/>\n1 x prepojovac\u00ed k\u00e1bel s 3 kol\u00edkmi s d\u013a\u017ekou 50 cm<\/p>\n<p>&nbsp;<\/p>\n<p><img loading=\"lazy\" decoding=\"async\" class=\"n3VNCb\" src=\"https:\/\/m.media-amazon.com\/images\/I\/51EyHsEtBuL._AC_SY450_.jpg\" alt=\"Solu 3 Pcs Optical Endstop Switch for 3d Printer Reprap Makerbot Prusa  Mendel Ramps 1.4\/\/optical Endstop Switch Reprap Mendel Prusa Ramps 1.4 for  3d Printer\/\/ Optical Endstop Switch for CNC 3d Printer\" width=\"508\" height=\"300\" data-noaft=\"1\" \/><\/p>\n","protected":false},"excerpt":{"rendered":"<p>Optick\u00fd koncov\u00fd sp\u00edna\u010d RepRap Mendel Prusa RAMPS v1.4 3D tla\u010diare\u0148 pre Arduino &nbsp; Optick\u00fd koncov\u00fd doraz Optick\u00fd limitn\u00fd optick\u00fd sp\u00edna\u010d&hellip;<\/p>\n","protected":false},"featured_media":1580,"template":"","meta":{"_monsterinsights_skip_tracking":false,"_monsterinsights_sitenote_active":false,"_monsterinsights_sitenote_note":"","_monsterinsights_sitenote_category":0},"product_cat":[16,79,17,19,69],"product_tag":[],"class_list":{"0":"post-1579","1":"product","2":"type-product","3":"status-publish","4":"has-post-thumbnail","6":"product_cat-ard","7":"product_cat-light-sensors","8":"product_cat-modul","9":"product_cat-rele","10":"product_cat-sensors","12":"first","13":"instock","14":"shipping-taxable","15":"purchasable","16":"product-type-simple"},"yoast_head":"<!-- This site is optimized with the Yoast SEO plugin v23.6 - https:\/\/yoast.com\/wordpress\/plugins\/seo\/ -->\n<title>Optical Endstop Switch RepRap Mendel Prusa RAMPS v1.4 3D Printer For Arduino - Arduino e-shop<\/title>\n<meta name=\"robots\" content=\"index, follow, max-snippet:-1, max-image-preview:large, max-video-preview:-1\" \/>\n<link rel=\"canonical\" href=\"https:\/\/www.onetimenexttime.sk\/arduino\/index.php\/produkt\/optical-endstop-switch-reprap-mendel-prusa-ramps-v1-4-3d-printer-for-arduino\/\" \/>\n<meta property=\"og:locale\" content=\"sk_SK\" \/>\n<meta property=\"og:type\" content=\"article\" \/>\n<meta property=\"og:title\" content=\"Optical Endstop Switch RepRap Mendel Prusa RAMPS v1.4 3D Printer For Arduino - Arduino e-shop\" \/>\n<meta property=\"og:description\" content=\"Optick\u00fd koncov\u00fd sp\u00edna\u010d RepRap Mendel Prusa RAMPS v1.4 3D tla\u010diare\u0148 pre Arduino &nbsp; Optick\u00fd koncov\u00fd doraz Optick\u00fd limitn\u00fd optick\u00fd sp\u00edna\u010d&hellip;\" \/>\n<meta property=\"og:url\" content=\"https:\/\/www.onetimenexttime.sk\/arduino\/index.php\/produkt\/optical-endstop-switch-reprap-mendel-prusa-ramps-v1-4-3d-printer-for-arduino\/\" \/>\n<meta property=\"og:site_name\" content=\"Arduino e-shop\" \/>\n<meta property=\"article:modified_time\" content=\"2021-11-18T09:01:23+00:00\" \/>\n<meta property=\"og:image\" content=\"https:\/\/www.onetimenexttime.sk\/arduino\/wp-content\/uploads\/2021\/11\/17933.jpg\" \/>\n\t<meta property=\"og:image:width\" content=\"540\" \/>\n\t<meta property=\"og:image:height\" content=\"543\" \/>\n\t<meta property=\"og:image:type\" content=\"image\/jpeg\" \/>\n<meta name=\"twitter:card\" content=\"summary_large_image\" \/>\n<meta name=\"twitter:label1\" content=\"Predpokladan\u00fd \u010das \u010d\u00edtania\" \/>\n\t<meta name=\"twitter:data1\" content=\"1 min\u00fata\" \/>\n<script type=\"application\/ld+json\" class=\"yoast-schema-graph\">{\"@context\":\"https:\/\/schema.org\",\"@graph\":[{\"@type\":\"WebPage\",\"@id\":\"https:\/\/www.onetimenexttime.sk\/arduino\/index.php\/produkt\/optical-endstop-switch-reprap-mendel-prusa-ramps-v1-4-3d-printer-for-arduino\/\",\"url\":\"https:\/\/www.onetimenexttime.sk\/arduino\/index.php\/produkt\/optical-endstop-switch-reprap-mendel-prusa-ramps-v1-4-3d-printer-for-arduino\/\",\"name\":\"Optical Endstop Switch RepRap Mendel Prusa RAMPS v1.4 3D Printer For Arduino - Arduino e-shop\",\"isPartOf\":{\"@id\":\"https:\/\/www.onetimenexttime.sk\/arduino\/#website\"},\"primaryImageOfPage\":{\"@id\":\"https:\/\/www.onetimenexttime.sk\/arduino\/index.php\/produkt\/optical-endstop-switch-reprap-mendel-prusa-ramps-v1-4-3d-printer-for-arduino\/#primaryimage\"},\"image\":{\"@id\":\"https:\/\/www.onetimenexttime.sk\/arduino\/index.php\/produkt\/optical-endstop-switch-reprap-mendel-prusa-ramps-v1-4-3d-printer-for-arduino\/#primaryimage\"},\"thumbnailUrl\":\"https:\/\/www.onetimenexttime.sk\/arduino\/wp-content\/uploads\/2021\/11\/17933.jpg\",\"datePublished\":\"2021-11-18T08:57:34+00:00\",\"dateModified\":\"2021-11-18T09:01:23+00:00\",\"breadcrumb\":{\"@id\":\"https:\/\/www.onetimenexttime.sk\/arduino\/index.php\/produkt\/optical-endstop-switch-reprap-mendel-prusa-ramps-v1-4-3d-printer-for-arduino\/#breadcrumb\"},\"inLanguage\":\"sk-SK\",\"potentialAction\":[{\"@type\":\"ReadAction\",\"target\":[\"https:\/\/www.onetimenexttime.sk\/arduino\/index.php\/produkt\/optical-endstop-switch-reprap-mendel-prusa-ramps-v1-4-3d-printer-for-arduino\/\"]}]},{\"@type\":\"ImageObject\",\"inLanguage\":\"sk-SK\",\"@id\":\"https:\/\/www.onetimenexttime.sk\/arduino\/index.php\/produkt\/optical-endstop-switch-reprap-mendel-prusa-ramps-v1-4-3d-printer-for-arduino\/#primaryimage\",\"url\":\"https:\/\/www.onetimenexttime.sk\/arduino\/wp-content\/uploads\/2021\/11\/17933.jpg\",\"contentUrl\":\"https:\/\/www.onetimenexttime.sk\/arduino\/wp-content\/uploads\/2021\/11\/17933.jpg\",\"width\":540,\"height\":543},{\"@type\":\"BreadcrumbList\",\"@id\":\"https:\/\/www.onetimenexttime.sk\/arduino\/index.php\/produkt\/optical-endstop-switch-reprap-mendel-prusa-ramps-v1-4-3d-printer-for-arduino\/#breadcrumb\",\"itemListElement\":[{\"@type\":\"ListItem\",\"position\":1,\"name\":\"Domov\",\"item\":\"https:\/\/www.onetimenexttime.sk\/arduino\/\"},{\"@type\":\"ListItem\",\"position\":2,\"name\":\"Obchod\",\"item\":\"https:\/\/www.onetimenexttime.sk\/arduino\/\"},{\"@type\":\"ListItem\",\"position\":3,\"name\":\"Optical Endstop Switch RepRap Mendel Prusa RAMPS v1.4 3D Printer For Arduino\"}]},{\"@type\":\"WebSite\",\"@id\":\"https:\/\/www.onetimenexttime.sk\/arduino\/#website\",\"url\":\"https:\/\/www.onetimenexttime.sk\/arduino\/\",\"name\":\"Arduino e-shop\",\"description\":\"Home Assistant\",\"potentialAction\":[{\"@type\":\"SearchAction\",\"target\":{\"@type\":\"EntryPoint\",\"urlTemplate\":\"https:\/\/www.onetimenexttime.sk\/arduino\/?s={search_term_string}\"},\"query-input\":{\"@type\":\"PropertyValueSpecification\",\"valueRequired\":true,\"valueName\":\"search_term_string\"}}],\"inLanguage\":\"sk-SK\"}]}<\/script>\n<!-- \/ Yoast SEO plugin. -->","yoast_head_json":{"title":"Optical Endstop Switch RepRap Mendel Prusa RAMPS v1.4 3D Printer For Arduino - Arduino e-shop","robots":{"index":"index","follow":"follow","max-snippet":"max-snippet:-1","max-image-preview":"max-image-preview:large","max-video-preview":"max-video-preview:-1"},"canonical":"https:\/\/www.onetimenexttime.sk\/arduino\/index.php\/produkt\/optical-endstop-switch-reprap-mendel-prusa-ramps-v1-4-3d-printer-for-arduino\/","og_locale":"sk_SK","og_type":"article","og_title":"Optical Endstop Switch RepRap Mendel Prusa RAMPS v1.4 3D Printer For Arduino - Arduino e-shop","og_description":"Optick\u00fd koncov\u00fd sp\u00edna\u010d RepRap Mendel Prusa RAMPS v1.4 3D tla\u010diare\u0148 pre Arduino &nbsp; Optick\u00fd koncov\u00fd doraz Optick\u00fd limitn\u00fd optick\u00fd sp\u00edna\u010d&hellip;","og_url":"https:\/\/www.onetimenexttime.sk\/arduino\/index.php\/produkt\/optical-endstop-switch-reprap-mendel-prusa-ramps-v1-4-3d-printer-for-arduino\/","og_site_name":"Arduino e-shop","article_modified_time":"2021-11-18T09:01:23+00:00","og_image":[{"width":540,"height":543,"url":"https:\/\/www.onetimenexttime.sk\/arduino\/wp-content\/uploads\/2021\/11\/17933.jpg","type":"image\/jpeg"}],"twitter_card":"summary_large_image","twitter_misc":{"Predpokladan\u00fd \u010das \u010d\u00edtania":"1 min\u00fata"},"schema":{"@context":"https:\/\/schema.org","@graph":[{"@type":"WebPage","@id":"https:\/\/www.onetimenexttime.sk\/arduino\/index.php\/produkt\/optical-endstop-switch-reprap-mendel-prusa-ramps-v1-4-3d-printer-for-arduino\/","url":"https:\/\/www.onetimenexttime.sk\/arduino\/index.php\/produkt\/optical-endstop-switch-reprap-mendel-prusa-ramps-v1-4-3d-printer-for-arduino\/","name":"Optical Endstop Switch RepRap Mendel Prusa RAMPS v1.4 3D Printer For Arduino - Arduino e-shop","isPartOf":{"@id":"https:\/\/www.onetimenexttime.sk\/arduino\/#website"},"primaryImageOfPage":{"@id":"https:\/\/www.onetimenexttime.sk\/arduino\/index.php\/produkt\/optical-endstop-switch-reprap-mendel-prusa-ramps-v1-4-3d-printer-for-arduino\/#primaryimage"},"image":{"@id":"https:\/\/www.onetimenexttime.sk\/arduino\/index.php\/produkt\/optical-endstop-switch-reprap-mendel-prusa-ramps-v1-4-3d-printer-for-arduino\/#primaryimage"},"thumbnailUrl":"https:\/\/www.onetimenexttime.sk\/arduino\/wp-content\/uploads\/2021\/11\/17933.jpg","datePublished":"2021-11-18T08:57:34+00:00","dateModified":"2021-11-18T09:01:23+00:00","breadcrumb":{"@id":"https:\/\/www.onetimenexttime.sk\/arduino\/index.php\/produkt\/optical-endstop-switch-reprap-mendel-prusa-ramps-v1-4-3d-printer-for-arduino\/#breadcrumb"},"inLanguage":"sk-SK","potentialAction":[{"@type":"ReadAction","target":["https:\/\/www.onetimenexttime.sk\/arduino\/index.php\/produkt\/optical-endstop-switch-reprap-mendel-prusa-ramps-v1-4-3d-printer-for-arduino\/"]}]},{"@type":"ImageObject","inLanguage":"sk-SK","@id":"https:\/\/www.onetimenexttime.sk\/arduino\/index.php\/produkt\/optical-endstop-switch-reprap-mendel-prusa-ramps-v1-4-3d-printer-for-arduino\/#primaryimage","url":"https:\/\/www.onetimenexttime.sk\/arduino\/wp-content\/uploads\/2021\/11\/17933.jpg","contentUrl":"https:\/\/www.onetimenexttime.sk\/arduino\/wp-content\/uploads\/2021\/11\/17933.jpg","width":540,"height":543},{"@type":"BreadcrumbList","@id":"https:\/\/www.onetimenexttime.sk\/arduino\/index.php\/produkt\/optical-endstop-switch-reprap-mendel-prusa-ramps-v1-4-3d-printer-for-arduino\/#breadcrumb","itemListElement":[{"@type":"ListItem","position":1,"name":"Domov","item":"https:\/\/www.onetimenexttime.sk\/arduino\/"},{"@type":"ListItem","position":2,"name":"Obchod","item":"https:\/\/www.onetimenexttime.sk\/arduino\/"},{"@type":"ListItem","position":3,"name":"Optical Endstop Switch RepRap Mendel Prusa RAMPS v1.4 3D Printer For Arduino"}]},{"@type":"WebSite","@id":"https:\/\/www.onetimenexttime.sk\/arduino\/#website","url":"https:\/\/www.onetimenexttime.sk\/arduino\/","name":"Arduino e-shop","description":"Home Assistant","potentialAction":[{"@type":"SearchAction","target":{"@type":"EntryPoint","urlTemplate":"https:\/\/www.onetimenexttime.sk\/arduino\/?s={search_term_string}"},"query-input":{"@type":"PropertyValueSpecification","valueRequired":true,"valueName":"search_term_string"}}],"inLanguage":"sk-SK"}]}},"_links":{"self":[{"href":"https:\/\/www.onetimenexttime.sk\/arduino\/index.php\/wp-json\/wp\/v2\/product\/1579"}],"collection":[{"href":"https:\/\/www.onetimenexttime.sk\/arduino\/index.php\/wp-json\/wp\/v2\/product"}],"about":[{"href":"https:\/\/www.onetimenexttime.sk\/arduino\/index.php\/wp-json\/wp\/v2\/types\/product"}],"wp:featuredmedia":[{"embeddable":true,"href":"https:\/\/www.onetimenexttime.sk\/arduino\/index.php\/wp-json\/wp\/v2\/media\/1580"}],"wp:attachment":[{"href":"https:\/\/www.onetimenexttime.sk\/arduino\/index.php\/wp-json\/wp\/v2\/media?parent=1579"}],"wp:term":[{"taxonomy":"product_cat","embeddable":true,"href":"https:\/\/www.onetimenexttime.sk\/arduino\/index.php\/wp-json\/wp\/v2\/product_cat?post=1579"},{"taxonomy":"product_tag","embeddable":true,"href":"https:\/\/www.onetimenexttime.sk\/arduino\/index.php\/wp-json\/wp\/v2\/product_tag?post=1579"}],"curies":[{"name":"wp","href":"https:\/\/api.w.org\/{rel}","templated":true}]}}