{"id":1576,"date":"2021-11-18T09:49:21","date_gmt":"2021-11-18T08:49:21","guid":{"rendered":"https:\/\/www.onetimenexttime.sk\/arduino\/?post_type=product&#038;p=1576"},"modified":"2024-02-22T15:58:16","modified_gmt":"2024-02-22T14:58:16","slug":"xd-53a-ne555-adjustable-frequency-pulse-generator-module-for-arduino-smart-car","status":"publish","type":"product","link":"https:\/\/www.onetimenexttime.sk\/arduino\/index.php\/produkt\/xd-53a-ne555-adjustable-frequency-pulse-generator-module-for-arduino-smart-car\/","title":{"rendered":"XD-53A NE555 Adjustable Frequency Pulse Generator Module For Arduino Smart Car"},"content":{"rendered":"<table>\n<tbody>\n<tr>\n<th style=\"text-align: center;\" colspan=\"2\">XD-53A NE555 Modul s nastavite\u013en\u00fdm frekven\u010dn\u00fdm pulzom<\/th>\n<\/tr>\n<tr>\n<td style=\"text-align: center;\" colspan=\"2\"><img decoding=\"async\" src=\"xd_53a_ne555_module.jpg\" alt=\"XD-53A NE555 Modul\" \/><\/td>\n<\/tr>\n<tr>\n<td><strong>Popis:<\/strong><\/td>\n<td>XD-53A NE555 Modul s nastavite\u013en\u00fdm frekven\u010dn\u00fdm pulzom je v\u0161estrann\u00fd modul zalo\u017een\u00fd na integrovanom obvode NE555. Umo\u017e\u0148uje generova\u0165 \u0161tvorcov\u00e9 pulzy s nastavite\u013enou frekvenciou a pracovn\u00fdm cyklom, \u010do ho vhodn\u00fdm pre r\u00f4zne aplik\u00e1cie v projektoch Arduino, riaden\u00ed inteligentn\u00fdch \u00e1ut a \u010fal\u0161\u00edch elektronick\u00fdch obvodoch.<\/td>\n<\/tr>\n<tr>\n<td><strong>Vlastnosti:<\/strong><\/td>\n<td>\n<ul>\n<li>Zalo\u017een\u00fd na integrovanom obvode NE555<\/li>\n<li>Nastavite\u013en\u00e1 frekvencia a pracovn\u00fd cyklus<\/li>\n<li>\u0160irok\u00e9 spektrum aplik\u00e1ci\u00ed<\/li>\n<li>Kompaktn\u00fd a jednoduch\u00fd na pou\u017eitie<\/li>\n<\/ul>\n<\/td>\n<\/tr>\n<tr>\n<td><strong>\u0160pecifik\u00e1cie:<\/strong><\/td>\n<td>\n<table>\n<tbody>\n<tr>\n<td><strong>Prev\u00e1dzkov\u00e9 nap\u00e4tie:<\/strong><\/td>\n<td>5V &#8211; 15V DC<\/td>\n<\/tr>\n<tr>\n<td><strong>V\u00fdstup:<\/strong><\/td>\n<td>\u0160tvorcov\u00e9 pulzy<\/td>\n<\/tr>\n<tr>\n<td><strong>Nastavite\u013en\u00e9 parametre:<\/strong><\/td>\n<td>Frekvencia, Pracovn\u00fd cyklus<\/td>\n<\/tr>\n<tr>\n<td><strong>Rozmery:<\/strong><\/td>\n<td>Z\u00e1vis\u00ed na ve\u013ekosti modulu<\/td>\n<\/tr>\n<\/tbody>\n<\/table>\n<\/td>\n<\/tr>\n<tr>\n<td><strong>Aplik\u00e1cie:<\/strong><\/td>\n<td>\n<ol>\n<li>Projekty s Arduino<\/li>\n<li>Riadenie inteligentn\u00fdch \u00e1ut<\/li>\n<li>Generovanie sign\u00e1lov<\/li>\n<li>Modul\u00e1cia \u0161\u00edrky pulzu (PWM)<\/li>\n<\/ol>\n<\/td>\n<\/tr>\n<tr>\n<td><strong>Pr\u00edkladov\u00fd k\u00f3d:<\/strong><\/td>\n<td>\n<pre lang=\"arduino\">\/\/ Pr\u00edklad k\u00f3du pre pou\u017eitie modulu XD-53A NE555\r\nconst int outputPin = 3; \/\/ V\u00fdstupn\u00fd pin pre modul gener\u00e1tora pulzov\r\n\r\nvoid setup() {\r\npinMode(outputPin, OUTPUT); \/\/ Nastavenie v\u00fdstupn\u00e9ho pinu ako V\u00ddSTUP\r\n}\r\n\r\nvoid loop() {\r\n\/\/ Generovanie \u0161tvorcov\u00e9ho pulzu s frekvenciou 1 kHz a pracovn\u00fdm cyklom 50%\r\ndigitalWrite(outputPin, HIGH);\r\ndelayMicroseconds(500); \/\/ Polovica peri\u00f3dy\r\ndigitalWrite(outputPin, LOW);\r\ndelayMicroseconds(500); \/\/ Polovica peri\u00f3dy\r\n}\r\n<\/pre>\n<\/td>\n<\/tr>\n<\/tbody>\n<\/table>\n<table>\n<tbody>\n<tr>\n<th style=\"text-align: center;\" colspan=\"2\">XD-53A NE555 Adjustable Frequency Pulse Generator Module<\/th>\n<\/tr>\n<tr>\n<td style=\"text-align: center;\" colspan=\"2\"><img decoding=\"async\" src=\"xd_53a_ne555_module.jpg\" alt=\"XD-53A NE555 Module\" \/><\/td>\n<\/tr>\n<tr>\n<td><strong>Description:<\/strong><\/td>\n<td>The XD-53A NE555 Adjustable Frequency Pulse Generator Module is a versatile module based on the NE555 timer IC. It allows you to generate square wave pulses with adjustable frequency and duty cycle, making it suitable for various applications in Arduino projects, smart car control, and other electronic circuits.<\/td>\n<\/tr>\n<tr>\n<td><strong>Features:<\/strong><\/td>\n<td>\n<ul>\n<li>Based on the NE555 timer IC<\/li>\n<li>Adjustable frequency and duty cycle<\/li>\n<li>Wide range of applications<\/li>\n<li>Compact and easy to use<\/li>\n<\/ul>\n<\/td>\n<\/tr>\n<tr>\n<td><strong>Specifications:<\/strong><\/td>\n<td>\n<table>\n<tbody>\n<tr>\n<td><strong>Operating Voltage:<\/strong><\/td>\n<td>5V &#8211; 15V DC<\/td>\n<\/tr>\n<tr>\n<td><strong>Output:<\/strong><\/td>\n<td>Square wave pulses<\/td>\n<\/tr>\n<tr>\n<td><strong>Adjustable Parameters:<\/strong><\/td>\n<td>Frequency, Duty Cycle<\/td>\n<\/tr>\n<tr>\n<td><strong>Dimensions:<\/strong><\/td>\n<td>Depends on module size<\/td>\n<\/tr>\n<\/tbody>\n<\/table>\n<\/td>\n<\/tr>\n<tr>\n<td><strong>Applications:<\/strong><\/td>\n<td>\n<ol>\n<li>Arduino projects<\/li>\n<li>Smart car control<\/li>\n<li>Signal generation<\/li>\n<li>Pulse-width modulation (PWM)<\/li>\n<\/ol>\n<\/td>\n<\/tr>\n<tr>\n<td><strong>Sample Code:<\/strong><\/td>\n<td>\n<pre lang=\"arduino\">\/\/ Sample Arduino code for using the XD-53A NE555 module\r\nconst int outputPin = 3; \/\/ Output pin for the pulse generator module\r\n\r\nvoid setup() {\r\npinMode(outputPin, OUTPUT); \/\/ Set the output pin as OUTPUT\r\n}\r\n\r\nvoid loop() {\r\n\/\/ Generate a square wave pulse with a frequency of 1 kHz and 50% duty cycle\r\ndigitalWrite(outputPin, HIGH);\r\ndelayMicroseconds(500); \/\/ Half period\r\ndigitalWrite(outputPin, LOW);\r\ndelayMicroseconds(500); \/\/ Half period\r\n}\r\n<\/pre>\n<\/td>\n<\/tr>\n<\/tbody>\n<\/table>\n<h2>Modul gener\u00e1tora impulzov s nastavite\u013enou frekvenciou XD-53A NE555 pre inteligentn\u00e9 auto Arduino<\/h2>\n<p>Modul gener\u00e1tora impulzov<\/p>\n<p>\u010dip na doske NE555<\/p>\n<p>Jednokan\u00e1lov\u00fd sign\u00e1lov\u00fd v\u00fdstup, v\u00fdstupn\u00fd pracovn\u00fd cyklus asi 50% \u0161tvorcov\u00fdch v\u013an.<br \/>\nDoskov\u00fd za\u0165a\u017eovac\u00ed odpor, upravte odpor na ovl\u00e1danie v\u00fdstupnej frekvencie.<br \/>\npracovn\u00e9 nap\u00e4tie: 5 ~ 12V<br \/>\nIndik\u00e1tor nap\u00e1jania na palube.<br \/>\nrozmer dosky: 29 (mm) x 12 (mm)<\/p>\n","protected":false},"excerpt":{"rendered":"<p>XD-53A NE555 Modul s nastavite\u013en\u00fdm frekven\u010dn\u00fdm pulzom Popis: XD-53A NE555 Modul s nastavite\u013en\u00fdm frekven\u010dn\u00fdm pulzom je v\u0161estrann\u00fd modul zalo\u017een\u00fd na&hellip;<\/p>\n","protected":false},"featured_media":1578,"template":"","meta":{"_monsterinsights_skip_tracking":false,"_monsterinsights_sitenote_active":false,"_monsterinsights_sitenote_note":"","_monsterinsights_sitenote_category":0},"product_cat":[16,17,52,21],"product_tag":[],"class_list":{"0":"post-1576","1":"product","2":"type-product","3":"status-publish","4":"has-post-thumbnail","6":"product_cat-ard","7":"product_cat-modul","8":"product_cat-motor-modul","9":"product_cat-pw","11":"first","12":"instock","13":"shipping-taxable","14":"purchasable","15":"product-type-simple"},"yoast_head":"<!-- This site is optimized with the Yoast SEO plugin v23.6 - https:\/\/yoast.com\/wordpress\/plugins\/seo\/ -->\n<title>XD-53A NE555 Adjustable Frequency Pulse Generator Module For Arduino Smart Car - Arduino e-shop<\/title>\n<meta name=\"robots\" content=\"index, follow, max-snippet:-1, max-image-preview:large, max-video-preview:-1\" \/>\n<link rel=\"canonical\" href=\"https:\/\/www.onetimenexttime.sk\/arduino\/index.php\/produkt\/xd-53a-ne555-adjustable-frequency-pulse-generator-module-for-arduino-smart-car\/\" \/>\n<meta property=\"og:locale\" content=\"sk_SK\" \/>\n<meta property=\"og:type\" content=\"article\" \/>\n<meta property=\"og:title\" content=\"XD-53A NE555 Adjustable Frequency Pulse Generator Module For Arduino Smart Car - Arduino e-shop\" \/>\n<meta property=\"og:description\" content=\"XD-53A NE555 Modul s nastavite\u013en\u00fdm frekven\u010dn\u00fdm pulzom Popis: XD-53A NE555 Modul s nastavite\u013en\u00fdm frekven\u010dn\u00fdm pulzom je v\u0161estrann\u00fd modul zalo\u017een\u00fd na&hellip;\" \/>\n<meta property=\"og:url\" content=\"https:\/\/www.onetimenexttime.sk\/arduino\/index.php\/produkt\/xd-53a-ne555-adjustable-frequency-pulse-generator-module-for-arduino-smart-car\/\" \/>\n<meta property=\"og:site_name\" content=\"Arduino e-shop\" \/>\n<meta property=\"article:modified_time\" content=\"2024-02-22T14:58:16+00:00\" \/>\n<meta property=\"og:image\" content=\"https:\/\/www.onetimenexttime.sk\/arduino\/wp-content\/uploads\/2021\/11\/17957.jpg\" \/>\n\t<meta property=\"og:image:width\" content=\"540\" \/>\n\t<meta property=\"og:image:height\" content=\"543\" \/>\n\t<meta property=\"og:image:type\" content=\"image\/jpeg\" \/>\n<meta name=\"twitter:card\" content=\"summary_large_image\" \/>\n<meta name=\"twitter:label1\" content=\"Predpokladan\u00fd \u010das \u010d\u00edtania\" \/>\n\t<meta name=\"twitter:data1\" content=\"1 min\u00fata\" \/>\n<script type=\"application\/ld+json\" class=\"yoast-schema-graph\">{\"@context\":\"https:\/\/schema.org\",\"@graph\":[{\"@type\":\"WebPage\",\"@id\":\"https:\/\/www.onetimenexttime.sk\/arduino\/index.php\/produkt\/xd-53a-ne555-adjustable-frequency-pulse-generator-module-for-arduino-smart-car\/\",\"url\":\"https:\/\/www.onetimenexttime.sk\/arduino\/index.php\/produkt\/xd-53a-ne555-adjustable-frequency-pulse-generator-module-for-arduino-smart-car\/\",\"name\":\"XD-53A NE555 Adjustable Frequency Pulse Generator Module For Arduino Smart Car - Arduino e-shop\",\"isPartOf\":{\"@id\":\"https:\/\/www.onetimenexttime.sk\/arduino\/#website\"},\"primaryImageOfPage\":{\"@id\":\"https:\/\/www.onetimenexttime.sk\/arduino\/index.php\/produkt\/xd-53a-ne555-adjustable-frequency-pulse-generator-module-for-arduino-smart-car\/#primaryimage\"},\"image\":{\"@id\":\"https:\/\/www.onetimenexttime.sk\/arduino\/index.php\/produkt\/xd-53a-ne555-adjustable-frequency-pulse-generator-module-for-arduino-smart-car\/#primaryimage\"},\"thumbnailUrl\":\"https:\/\/www.onetimenexttime.sk\/arduino\/wp-content\/uploads\/2021\/11\/17957.jpg\",\"datePublished\":\"2021-11-18T08:49:21+00:00\",\"dateModified\":\"2024-02-22T14:58:16+00:00\",\"breadcrumb\":{\"@id\":\"https:\/\/www.onetimenexttime.sk\/arduino\/index.php\/produkt\/xd-53a-ne555-adjustable-frequency-pulse-generator-module-for-arduino-smart-car\/#breadcrumb\"},\"inLanguage\":\"sk-SK\",\"potentialAction\":[{\"@type\":\"ReadAction\",\"target\":[\"https:\/\/www.onetimenexttime.sk\/arduino\/index.php\/produkt\/xd-53a-ne555-adjustable-frequency-pulse-generator-module-for-arduino-smart-car\/\"]}]},{\"@type\":\"ImageObject\",\"inLanguage\":\"sk-SK\",\"@id\":\"https:\/\/www.onetimenexttime.sk\/arduino\/index.php\/produkt\/xd-53a-ne555-adjustable-frequency-pulse-generator-module-for-arduino-smart-car\/#primaryimage\",\"url\":\"https:\/\/www.onetimenexttime.sk\/arduino\/wp-content\/uploads\/2021\/11\/17957.jpg\",\"contentUrl\":\"https:\/\/www.onetimenexttime.sk\/arduino\/wp-content\/uploads\/2021\/11\/17957.jpg\",\"width\":540,\"height\":543},{\"@type\":\"BreadcrumbList\",\"@id\":\"https:\/\/www.onetimenexttime.sk\/arduino\/index.php\/produkt\/xd-53a-ne555-adjustable-frequency-pulse-generator-module-for-arduino-smart-car\/#breadcrumb\",\"itemListElement\":[{\"@type\":\"ListItem\",\"position\":1,\"name\":\"Domov\",\"item\":\"https:\/\/www.onetimenexttime.sk\/arduino\/\"},{\"@type\":\"ListItem\",\"position\":2,\"name\":\"Obchod\",\"item\":\"https:\/\/www.onetimenexttime.sk\/arduino\/\"},{\"@type\":\"ListItem\",\"position\":3,\"name\":\"XD-53A NE555 Adjustable Frequency Pulse Generator Module For Arduino Smart Car\"}]},{\"@type\":\"WebSite\",\"@id\":\"https:\/\/www.onetimenexttime.sk\/arduino\/#website\",\"url\":\"https:\/\/www.onetimenexttime.sk\/arduino\/\",\"name\":\"Arduino e-shop\",\"description\":\"Home Assistant\",\"potentialAction\":[{\"@type\":\"SearchAction\",\"target\":{\"@type\":\"EntryPoint\",\"urlTemplate\":\"https:\/\/www.onetimenexttime.sk\/arduino\/?s={search_term_string}\"},\"query-input\":{\"@type\":\"PropertyValueSpecification\",\"valueRequired\":true,\"valueName\":\"search_term_string\"}}],\"inLanguage\":\"sk-SK\"}]}<\/script>\n<!-- \/ Yoast SEO plugin. -->","yoast_head_json":{"title":"XD-53A NE555 Adjustable Frequency Pulse Generator Module For Arduino Smart Car - Arduino e-shop","robots":{"index":"index","follow":"follow","max-snippet":"max-snippet:-1","max-image-preview":"max-image-preview:large","max-video-preview":"max-video-preview:-1"},"canonical":"https:\/\/www.onetimenexttime.sk\/arduino\/index.php\/produkt\/xd-53a-ne555-adjustable-frequency-pulse-generator-module-for-arduino-smart-car\/","og_locale":"sk_SK","og_type":"article","og_title":"XD-53A NE555 Adjustable Frequency Pulse Generator Module For Arduino Smart Car - Arduino e-shop","og_description":"XD-53A NE555 Modul s nastavite\u013en\u00fdm frekven\u010dn\u00fdm pulzom Popis: XD-53A NE555 Modul s nastavite\u013en\u00fdm frekven\u010dn\u00fdm pulzom je v\u0161estrann\u00fd modul zalo\u017een\u00fd na&hellip;","og_url":"https:\/\/www.onetimenexttime.sk\/arduino\/index.php\/produkt\/xd-53a-ne555-adjustable-frequency-pulse-generator-module-for-arduino-smart-car\/","og_site_name":"Arduino e-shop","article_modified_time":"2024-02-22T14:58:16+00:00","og_image":[{"width":540,"height":543,"url":"https:\/\/www.onetimenexttime.sk\/arduino\/wp-content\/uploads\/2021\/11\/17957.jpg","type":"image\/jpeg"}],"twitter_card":"summary_large_image","twitter_misc":{"Predpokladan\u00fd \u010das \u010d\u00edtania":"1 min\u00fata"},"schema":{"@context":"https:\/\/schema.org","@graph":[{"@type":"WebPage","@id":"https:\/\/www.onetimenexttime.sk\/arduino\/index.php\/produkt\/xd-53a-ne555-adjustable-frequency-pulse-generator-module-for-arduino-smart-car\/","url":"https:\/\/www.onetimenexttime.sk\/arduino\/index.php\/produkt\/xd-53a-ne555-adjustable-frequency-pulse-generator-module-for-arduino-smart-car\/","name":"XD-53A NE555 Adjustable Frequency Pulse Generator Module For Arduino Smart Car - Arduino e-shop","isPartOf":{"@id":"https:\/\/www.onetimenexttime.sk\/arduino\/#website"},"primaryImageOfPage":{"@id":"https:\/\/www.onetimenexttime.sk\/arduino\/index.php\/produkt\/xd-53a-ne555-adjustable-frequency-pulse-generator-module-for-arduino-smart-car\/#primaryimage"},"image":{"@id":"https:\/\/www.onetimenexttime.sk\/arduino\/index.php\/produkt\/xd-53a-ne555-adjustable-frequency-pulse-generator-module-for-arduino-smart-car\/#primaryimage"},"thumbnailUrl":"https:\/\/www.onetimenexttime.sk\/arduino\/wp-content\/uploads\/2021\/11\/17957.jpg","datePublished":"2021-11-18T08:49:21+00:00","dateModified":"2024-02-22T14:58:16+00:00","breadcrumb":{"@id":"https:\/\/www.onetimenexttime.sk\/arduino\/index.php\/produkt\/xd-53a-ne555-adjustable-frequency-pulse-generator-module-for-arduino-smart-car\/#breadcrumb"},"inLanguage":"sk-SK","potentialAction":[{"@type":"ReadAction","target":["https:\/\/www.onetimenexttime.sk\/arduino\/index.php\/produkt\/xd-53a-ne555-adjustable-frequency-pulse-generator-module-for-arduino-smart-car\/"]}]},{"@type":"ImageObject","inLanguage":"sk-SK","@id":"https:\/\/www.onetimenexttime.sk\/arduino\/index.php\/produkt\/xd-53a-ne555-adjustable-frequency-pulse-generator-module-for-arduino-smart-car\/#primaryimage","url":"https:\/\/www.onetimenexttime.sk\/arduino\/wp-content\/uploads\/2021\/11\/17957.jpg","contentUrl":"https:\/\/www.onetimenexttime.sk\/arduino\/wp-content\/uploads\/2021\/11\/17957.jpg","width":540,"height":543},{"@type":"BreadcrumbList","@id":"https:\/\/www.onetimenexttime.sk\/arduino\/index.php\/produkt\/xd-53a-ne555-adjustable-frequency-pulse-generator-module-for-arduino-smart-car\/#breadcrumb","itemListElement":[{"@type":"ListItem","position":1,"name":"Domov","item":"https:\/\/www.onetimenexttime.sk\/arduino\/"},{"@type":"ListItem","position":2,"name":"Obchod","item":"https:\/\/www.onetimenexttime.sk\/arduino\/"},{"@type":"ListItem","position":3,"name":"XD-53A NE555 Adjustable Frequency Pulse Generator Module For Arduino Smart Car"}]},{"@type":"WebSite","@id":"https:\/\/www.onetimenexttime.sk\/arduino\/#website","url":"https:\/\/www.onetimenexttime.sk\/arduino\/","name":"Arduino e-shop","description":"Home Assistant","potentialAction":[{"@type":"SearchAction","target":{"@type":"EntryPoint","urlTemplate":"https:\/\/www.onetimenexttime.sk\/arduino\/?s={search_term_string}"},"query-input":{"@type":"PropertyValueSpecification","valueRequired":true,"valueName":"search_term_string"}}],"inLanguage":"sk-SK"}]}},"_links":{"self":[{"href":"https:\/\/www.onetimenexttime.sk\/arduino\/index.php\/wp-json\/wp\/v2\/product\/1576"}],"collection":[{"href":"https:\/\/www.onetimenexttime.sk\/arduino\/index.php\/wp-json\/wp\/v2\/product"}],"about":[{"href":"https:\/\/www.onetimenexttime.sk\/arduino\/index.php\/wp-json\/wp\/v2\/types\/product"}],"wp:featuredmedia":[{"embeddable":true,"href":"https:\/\/www.onetimenexttime.sk\/arduino\/index.php\/wp-json\/wp\/v2\/media\/1578"}],"wp:attachment":[{"href":"https:\/\/www.onetimenexttime.sk\/arduino\/index.php\/wp-json\/wp\/v2\/media?parent=1576"}],"wp:term":[{"taxonomy":"product_cat","embeddable":true,"href":"https:\/\/www.onetimenexttime.sk\/arduino\/index.php\/wp-json\/wp\/v2\/product_cat?post=1576"},{"taxonomy":"product_tag","embeddable":true,"href":"https:\/\/www.onetimenexttime.sk\/arduino\/index.php\/wp-json\/wp\/v2\/product_tag?post=1576"}],"curies":[{"name":"wp","href":"https:\/\/api.w.org\/{rel}","templated":true}]}}