{"id":1569,"date":"2021-11-18T08:44:51","date_gmt":"2021-11-18T07:44:51","guid":{"rendered":"https:\/\/www.onetimenexttime.sk\/arduino\/?post_type=product&#038;p=1569"},"modified":"2021-11-18T08:52:35","modified_gmt":"2021-11-18T07:52:35","slug":"switch-detector-module-dc-12v-5a-ir-pyroelectric-infrared-pir-motion-sensor-switch-detector-module-human-body-induction-sensor","status":"publish","type":"product","link":"https:\/\/www.onetimenexttime.sk\/arduino\/index.php\/produkt\/switch-detector-module-dc-12v-5a-ir-pyroelectric-infrared-pir-motion-sensor-switch-detector-module-human-body-induction-sensor\/","title":{"rendered":"Switch Detector Module DC 12V 5A IR Pyroelectric Infrared PIR Motion Sensor Switch Detector Module Human Body Induction Sensor"},"content":{"rendered":"<h2>Sp\u00ednac\u00ed modul detektora DC 12V 5A IR pyroelektrick\u00fd infra\u010derven\u00fd PIR sn\u00edma\u010d pohybu Sp\u00edna\u010d modul detektora \u013eudsk\u00e9ho tela induk\u010dn\u00fd sn\u00edma\u010d<\/h2>\n<p>&nbsp;<\/p>\n<p><strong>Vlastnosti:<\/strong><\/p>\n<p>1. Ve\u013ekos\u0165: 7,5 x 1,5 cm\/<br \/>\n2. Nap\u00e4tie: 12V DC<br \/>\n3. Pohotovostn\u00fd pr\u00fad: &lt; 3uA<br \/>\n4. V\u00fdstupn\u00fd pr\u00fad: 5A<br \/>\n5. Sn\u00edmacia vzdialenos\u0165: 4~5M<br \/>\n6. Teplota prostredia: -20 \u00b0C \uff5e +50 \u00b0C<br \/>\n7. Sp\u00f4sob zapojenia: \u010derven\u00fd \u201e+\u201c, \u010dierny \u201e-\u201c, \u017elt\u00fd v\u00fdstup<\/p>\n<p><strong>Aplik\u00e1cia:<\/strong><\/p>\n<p>Pou\u017eite\u013en\u00e9 na chodbu, toaletu, pivnicu, sklad, gar\u00e1\u017e a in\u00e9 miesta s automatick\u00fdm osvetlen\u00edm, ventil\u00e1ciou ods\u00e1vacieho ventil\u00e1tora a in\u00fdm elektrick\u00fdm automatick\u00fdm ovl\u00e1dan\u00edm at\u010f.<\/p>\n","protected":false},"excerpt":{"rendered":"<p>Sp\u00ednac\u00ed modul detektora DC 12V 5A IR pyroelektrick\u00fd infra\u010derven\u00fd PIR sn\u00edma\u010d pohybu Sp\u00edna\u010d modul detektora \u013eudsk\u00e9ho tela induk\u010dn\u00fd sn\u00edma\u010d &nbsp;&hellip;<\/p>\n","protected":false},"featured_media":1570,"template":"","meta":{"_monsterinsights_skip_tracking":false,"_monsterinsights_sitenote_active":false,"_monsterinsights_sitenote_note":"","_monsterinsights_sitenote_category":0},"product_cat":[16,61,74,62,69,42],"product_tag":[],"class_list":{"0":"post-1569","1":"product","2":"type-product","3":"status-publish","4":"has-post-thumbnail","6":"product_cat-ard","7":"product_cat-gift","8":"product_cat-ir","9":"product_cat-security","10":"product_cat-sensors","11":"product_cat-smart","13":"first","14":"instock","15":"shipping-taxable","16":"purchasable","17":"product-type-simple"},"yoast_head":"<!-- This site is optimized with the Yoast SEO plugin v23.6 - https:\/\/yoast.com\/wordpress\/plugins\/seo\/ -->\n<title>Switch Detector Module DC 12V 5A IR Pyroelectric Infrared PIR Motion Sensor Switch Detector Module Human Body Induction Sensor - Arduino e-shop<\/title>\n<meta name=\"robots\" content=\"index, follow, max-snippet:-1, max-image-preview:large, max-video-preview:-1\" \/>\n<link rel=\"canonical\" href=\"https:\/\/www.onetimenexttime.sk\/arduino\/index.php\/produkt\/switch-detector-module-dc-12v-5a-ir-pyroelectric-infrared-pir-motion-sensor-switch-detector-module-human-body-induction-sensor\/\" \/>\n<meta property=\"og:locale\" content=\"sk_SK\" \/>\n<meta property=\"og:type\" content=\"article\" \/>\n<meta property=\"og:title\" content=\"Switch Detector Module DC 12V 5A IR Pyroelectric Infrared PIR Motion Sensor Switch Detector Module Human Body Induction Sensor - Arduino e-shop\" \/>\n<meta property=\"og:description\" content=\"Sp\u00ednac\u00ed modul detektora DC 12V 5A IR pyroelektrick\u00fd infra\u010derven\u00fd PIR sn\u00edma\u010d pohybu Sp\u00edna\u010d modul detektora \u013eudsk\u00e9ho tela induk\u010dn\u00fd sn\u00edma\u010d &nbsp;&hellip;\" \/>\n<meta property=\"og:url\" content=\"https:\/\/www.onetimenexttime.sk\/arduino\/index.php\/produkt\/switch-detector-module-dc-12v-5a-ir-pyroelectric-infrared-pir-motion-sensor-switch-detector-module-human-body-induction-sensor\/\" \/>\n<meta property=\"og:site_name\" content=\"Arduino e-shop\" \/>\n<meta property=\"article:modified_time\" content=\"2021-11-18T07:52:35+00:00\" \/>\n<meta property=\"og:image\" content=\"https:\/\/www.onetimenexttime.sk\/arduino\/wp-content\/uploads\/2021\/11\/17937.jpg\" \/>\n\t<meta property=\"og:image:width\" content=\"490\" \/>\n\t<meta property=\"og:image:height\" content=\"493\" \/>\n\t<meta property=\"og:image:type\" content=\"image\/jpeg\" \/>\n<meta name=\"twitter:card\" content=\"summary_large_image\" \/>\n<meta name=\"twitter:label1\" content=\"Predpokladan\u00fd \u010das \u010d\u00edtania\" \/>\n\t<meta name=\"twitter:data1\" content=\"1 min\u00fata\" \/>\n<script type=\"application\/ld+json\" class=\"yoast-schema-graph\">{\"@context\":\"https:\/\/schema.org\",\"@graph\":[{\"@type\":\"WebPage\",\"@id\":\"https:\/\/www.onetimenexttime.sk\/arduino\/index.php\/produkt\/switch-detector-module-dc-12v-5a-ir-pyroelectric-infrared-pir-motion-sensor-switch-detector-module-human-body-induction-sensor\/\",\"url\":\"https:\/\/www.onetimenexttime.sk\/arduino\/index.php\/produkt\/switch-detector-module-dc-12v-5a-ir-pyroelectric-infrared-pir-motion-sensor-switch-detector-module-human-body-induction-sensor\/\",\"name\":\"Switch Detector Module DC 12V 5A IR Pyroelectric Infrared PIR Motion Sensor Switch Detector Module Human Body Induction Sensor - Arduino e-shop\",\"isPartOf\":{\"@id\":\"https:\/\/www.onetimenexttime.sk\/arduino\/#website\"},\"primaryImageOfPage\":{\"@id\":\"https:\/\/www.onetimenexttime.sk\/arduino\/index.php\/produkt\/switch-detector-module-dc-12v-5a-ir-pyroelectric-infrared-pir-motion-sensor-switch-detector-module-human-body-induction-sensor\/#primaryimage\"},\"image\":{\"@id\":\"https:\/\/www.onetimenexttime.sk\/arduino\/index.php\/produkt\/switch-detector-module-dc-12v-5a-ir-pyroelectric-infrared-pir-motion-sensor-switch-detector-module-human-body-induction-sensor\/#primaryimage\"},\"thumbnailUrl\":\"https:\/\/www.onetimenexttime.sk\/arduino\/wp-content\/uploads\/2021\/11\/17937.jpg\",\"datePublished\":\"2021-11-18T07:44:51+00:00\",\"dateModified\":\"2021-11-18T07:52:35+00:00\",\"breadcrumb\":{\"@id\":\"https:\/\/www.onetimenexttime.sk\/arduino\/index.php\/produkt\/switch-detector-module-dc-12v-5a-ir-pyroelectric-infrared-pir-motion-sensor-switch-detector-module-human-body-induction-sensor\/#breadcrumb\"},\"inLanguage\":\"sk-SK\",\"potentialAction\":[{\"@type\":\"ReadAction\",\"target\":[\"https:\/\/www.onetimenexttime.sk\/arduino\/index.php\/produkt\/switch-detector-module-dc-12v-5a-ir-pyroelectric-infrared-pir-motion-sensor-switch-detector-module-human-body-induction-sensor\/\"]}]},{\"@type\":\"ImageObject\",\"inLanguage\":\"sk-SK\",\"@id\":\"https:\/\/www.onetimenexttime.sk\/arduino\/index.php\/produkt\/switch-detector-module-dc-12v-5a-ir-pyroelectric-infrared-pir-motion-sensor-switch-detector-module-human-body-induction-sensor\/#primaryimage\",\"url\":\"https:\/\/www.onetimenexttime.sk\/arduino\/wp-content\/uploads\/2021\/11\/17937.jpg\",\"contentUrl\":\"https:\/\/www.onetimenexttime.sk\/arduino\/wp-content\/uploads\/2021\/11\/17937.jpg\",\"width\":490,\"height\":493},{\"@type\":\"BreadcrumbList\",\"@id\":\"https:\/\/www.onetimenexttime.sk\/arduino\/index.php\/produkt\/switch-detector-module-dc-12v-5a-ir-pyroelectric-infrared-pir-motion-sensor-switch-detector-module-human-body-induction-sensor\/#breadcrumb\",\"itemListElement\":[{\"@type\":\"ListItem\",\"position\":1,\"name\":\"Domov\",\"item\":\"https:\/\/www.onetimenexttime.sk\/arduino\/\"},{\"@type\":\"ListItem\",\"position\":2,\"name\":\"Obchod\",\"item\":\"https:\/\/www.onetimenexttime.sk\/arduino\/\"},{\"@type\":\"ListItem\",\"position\":3,\"name\":\"Switch Detector Module DC 12V 5A IR Pyroelectric Infrared PIR Motion Sensor Switch Detector Module Human Body Induction Sensor\"}]},{\"@type\":\"WebSite\",\"@id\":\"https:\/\/www.onetimenexttime.sk\/arduino\/#website\",\"url\":\"https:\/\/www.onetimenexttime.sk\/arduino\/\",\"name\":\"Arduino e-shop\",\"description\":\"Home Assistant\",\"potentialAction\":[{\"@type\":\"SearchAction\",\"target\":{\"@type\":\"EntryPoint\",\"urlTemplate\":\"https:\/\/www.onetimenexttime.sk\/arduino\/?s={search_term_string}\"},\"query-input\":{\"@type\":\"PropertyValueSpecification\",\"valueRequired\":true,\"valueName\":\"search_term_string\"}}],\"inLanguage\":\"sk-SK\"}]}<\/script>\n<!-- \/ Yoast SEO plugin. -->","yoast_head_json":{"title":"Switch Detector Module DC 12V 5A IR Pyroelectric Infrared PIR Motion Sensor Switch Detector Module Human Body Induction Sensor - Arduino e-shop","robots":{"index":"index","follow":"follow","max-snippet":"max-snippet:-1","max-image-preview":"max-image-preview:large","max-video-preview":"max-video-preview:-1"},"canonical":"https:\/\/www.onetimenexttime.sk\/arduino\/index.php\/produkt\/switch-detector-module-dc-12v-5a-ir-pyroelectric-infrared-pir-motion-sensor-switch-detector-module-human-body-induction-sensor\/","og_locale":"sk_SK","og_type":"article","og_title":"Switch Detector Module DC 12V 5A IR Pyroelectric Infrared PIR Motion Sensor Switch Detector Module Human Body Induction Sensor - Arduino e-shop","og_description":"Sp\u00ednac\u00ed modul detektora DC 12V 5A IR pyroelektrick\u00fd infra\u010derven\u00fd PIR sn\u00edma\u010d pohybu Sp\u00edna\u010d modul detektora \u013eudsk\u00e9ho tela induk\u010dn\u00fd sn\u00edma\u010d &nbsp;&hellip;","og_url":"https:\/\/www.onetimenexttime.sk\/arduino\/index.php\/produkt\/switch-detector-module-dc-12v-5a-ir-pyroelectric-infrared-pir-motion-sensor-switch-detector-module-human-body-induction-sensor\/","og_site_name":"Arduino e-shop","article_modified_time":"2021-11-18T07:52:35+00:00","og_image":[{"width":490,"height":493,"url":"https:\/\/www.onetimenexttime.sk\/arduino\/wp-content\/uploads\/2021\/11\/17937.jpg","type":"image\/jpeg"}],"twitter_card":"summary_large_image","twitter_misc":{"Predpokladan\u00fd \u010das \u010d\u00edtania":"1 min\u00fata"},"schema":{"@context":"https:\/\/schema.org","@graph":[{"@type":"WebPage","@id":"https:\/\/www.onetimenexttime.sk\/arduino\/index.php\/produkt\/switch-detector-module-dc-12v-5a-ir-pyroelectric-infrared-pir-motion-sensor-switch-detector-module-human-body-induction-sensor\/","url":"https:\/\/www.onetimenexttime.sk\/arduino\/index.php\/produkt\/switch-detector-module-dc-12v-5a-ir-pyroelectric-infrared-pir-motion-sensor-switch-detector-module-human-body-induction-sensor\/","name":"Switch Detector Module DC 12V 5A IR Pyroelectric Infrared PIR Motion Sensor Switch Detector Module Human Body Induction Sensor - Arduino e-shop","isPartOf":{"@id":"https:\/\/www.onetimenexttime.sk\/arduino\/#website"},"primaryImageOfPage":{"@id":"https:\/\/www.onetimenexttime.sk\/arduino\/index.php\/produkt\/switch-detector-module-dc-12v-5a-ir-pyroelectric-infrared-pir-motion-sensor-switch-detector-module-human-body-induction-sensor\/#primaryimage"},"image":{"@id":"https:\/\/www.onetimenexttime.sk\/arduino\/index.php\/produkt\/switch-detector-module-dc-12v-5a-ir-pyroelectric-infrared-pir-motion-sensor-switch-detector-module-human-body-induction-sensor\/#primaryimage"},"thumbnailUrl":"https:\/\/www.onetimenexttime.sk\/arduino\/wp-content\/uploads\/2021\/11\/17937.jpg","datePublished":"2021-11-18T07:44:51+00:00","dateModified":"2021-11-18T07:52:35+00:00","breadcrumb":{"@id":"https:\/\/www.onetimenexttime.sk\/arduino\/index.php\/produkt\/switch-detector-module-dc-12v-5a-ir-pyroelectric-infrared-pir-motion-sensor-switch-detector-module-human-body-induction-sensor\/#breadcrumb"},"inLanguage":"sk-SK","potentialAction":[{"@type":"ReadAction","target":["https:\/\/www.onetimenexttime.sk\/arduino\/index.php\/produkt\/switch-detector-module-dc-12v-5a-ir-pyroelectric-infrared-pir-motion-sensor-switch-detector-module-human-body-induction-sensor\/"]}]},{"@type":"ImageObject","inLanguage":"sk-SK","@id":"https:\/\/www.onetimenexttime.sk\/arduino\/index.php\/produkt\/switch-detector-module-dc-12v-5a-ir-pyroelectric-infrared-pir-motion-sensor-switch-detector-module-human-body-induction-sensor\/#primaryimage","url":"https:\/\/www.onetimenexttime.sk\/arduino\/wp-content\/uploads\/2021\/11\/17937.jpg","contentUrl":"https:\/\/www.onetimenexttime.sk\/arduino\/wp-content\/uploads\/2021\/11\/17937.jpg","width":490,"height":493},{"@type":"BreadcrumbList","@id":"https:\/\/www.onetimenexttime.sk\/arduino\/index.php\/produkt\/switch-detector-module-dc-12v-5a-ir-pyroelectric-infrared-pir-motion-sensor-switch-detector-module-human-body-induction-sensor\/#breadcrumb","itemListElement":[{"@type":"ListItem","position":1,"name":"Domov","item":"https:\/\/www.onetimenexttime.sk\/arduino\/"},{"@type":"ListItem","position":2,"name":"Obchod","item":"https:\/\/www.onetimenexttime.sk\/arduino\/"},{"@type":"ListItem","position":3,"name":"Switch Detector Module DC 12V 5A IR Pyroelectric Infrared PIR Motion Sensor Switch Detector Module Human Body Induction Sensor"}]},{"@type":"WebSite","@id":"https:\/\/www.onetimenexttime.sk\/arduino\/#website","url":"https:\/\/www.onetimenexttime.sk\/arduino\/","name":"Arduino e-shop","description":"Home Assistant","potentialAction":[{"@type":"SearchAction","target":{"@type":"EntryPoint","urlTemplate":"https:\/\/www.onetimenexttime.sk\/arduino\/?s={search_term_string}"},"query-input":{"@type":"PropertyValueSpecification","valueRequired":true,"valueName":"search_term_string"}}],"inLanguage":"sk-SK"}]}},"_links":{"self":[{"href":"https:\/\/www.onetimenexttime.sk\/arduino\/index.php\/wp-json\/wp\/v2\/product\/1569"}],"collection":[{"href":"https:\/\/www.onetimenexttime.sk\/arduino\/index.php\/wp-json\/wp\/v2\/product"}],"about":[{"href":"https:\/\/www.onetimenexttime.sk\/arduino\/index.php\/wp-json\/wp\/v2\/types\/product"}],"wp:featuredmedia":[{"embeddable":true,"href":"https:\/\/www.onetimenexttime.sk\/arduino\/index.php\/wp-json\/wp\/v2\/media\/1570"}],"wp:attachment":[{"href":"https:\/\/www.onetimenexttime.sk\/arduino\/index.php\/wp-json\/wp\/v2\/media?parent=1569"}],"wp:term":[{"taxonomy":"product_cat","embeddable":true,"href":"https:\/\/www.onetimenexttime.sk\/arduino\/index.php\/wp-json\/wp\/v2\/product_cat?post=1569"},{"taxonomy":"product_tag","embeddable":true,"href":"https:\/\/www.onetimenexttime.sk\/arduino\/index.php\/wp-json\/wp\/v2\/product_tag?post=1569"}],"curies":[{"name":"wp","href":"https:\/\/api.w.org\/{rel}","templated":true}]}}