{"id":1567,"date":"2021-11-18T08:36:49","date_gmt":"2021-11-18T07:36:49","guid":{"rendered":"https:\/\/www.onetimenexttime.sk\/arduino\/?post_type=product&#038;p=1567"},"modified":"2024-02-21T19:18:48","modified_gmt":"2024-02-21T18:18:48","slug":"ky-021-magnetic-reed-module-for-rduino-starters-compatible","status":"publish","type":"product","link":"https:\/\/www.onetimenexttime.sk\/arduino\/index.php\/produkt\/ky-021-magnetic-reed-module-for-rduino-starters-compatible\/","title":{"rendered":"KY-021 Magnetic Reed Module For rduino Starters Compatible"},"content":{"rendered":"<h2><\/h2>\n<h3>Magnetick\u00fd Reed modul KY-021 pre za\u010diato\u010dn\u00edkov kompatibiln\u00fd s Arduinom<\/h3>\n<p><strong>Popis:<\/strong><\/p>\n<p>Modul KY-021 je magnetick\u00fd Reed modul, ktor\u00fd detekuje pr\u00edtomnos\u0165 magnetick\u00e9ho po\u013ea. Reed sp\u00edna\u010d je elektrick\u00fd sp\u00edna\u010d riaden\u00fd magnetick\u00fdm po\u013eom. Pri prilo\u017een\u00ed magnetu k sp\u00edna\u010du sa jeho kontakty uzatvoria a umo\u017enia tok elektrickej pr\u00fadu. Tento modul je kompatibiln\u00fd s Arduinom a m\u00f4\u017ee by\u0165 pou\u017eit\u00fd v r\u00f4znych projektov, ktor\u00e9 vy\u017eaduj\u00fa detekciu magnetick\u00e9ho po\u013ea.<\/p>\n<p><strong>Vlastnosti:<\/strong><\/p>\n<ul>\n<li><strong>Detekcia magnetick\u00e9ho po\u013ea:<\/strong> Modul je schopn\u00fd detekova\u0165 pr\u00edtomnos\u0165 magnetick\u00e9ho po\u013ea a zmeny v jeho intenzite.<\/li>\n<li><strong>Reed sp\u00edna\u010d:<\/strong> Pou\u017e\u00edva magneticky riaden\u00fd Reed sp\u00edna\u010d na detekciu magnetick\u00e9ho po\u013ea.<\/li>\n<li><strong>Kompatibilita s Arduinom:<\/strong> Kompatibiln\u00fd s Arduinom, \u010do umo\u017e\u0148uje jednoduch\u00fa integr\u00e1ciu do existuj\u00facich alebo nov\u00fdch projektov.<\/li>\n<li><strong>Jednoduch\u00e9 pripojenie:<\/strong> Modul je \u013eahko pripojite\u013en\u00fd k Arduinu pomocou vstupn\u00fdch a v\u00fdstupn\u00fdch pinov.<\/li>\n<li><strong>Indik\u00e1tor LED:<\/strong> Obsahuje LED indik\u00e1tor, ktor\u00fd signalizuje detekciu magnetick\u00e9ho po\u013ea.<\/li>\n<li><strong>Prisp\u00f4sobite\u013en\u00fd:<\/strong> M\u00f4\u017ee by\u0165 pou\u017eit\u00fd v r\u00f4znych aplik\u00e1ci\u00e1ch, ako s\u00fa bezpe\u010dnostn\u00e9 syst\u00e9my, senzory dver\u00ed alebo okien a \u010fal\u0161ie.<\/li>\n<\/ul>\n<p><strong>Parametre:<\/strong><\/p>\n<table>\n<thead>\n<tr>\n<th>Parameter<\/th>\n<th>Hodnota<\/th>\n<\/tr>\n<\/thead>\n<tbody>\n<tr>\n<td>Nap\u00e1jacie nap\u00e4tie<\/td>\n<td>3.3 &#8211; 5V DC<\/td>\n<\/tr>\n<tr>\n<td>Typ senzora<\/td>\n<td>Magnetick\u00fd Reed sp\u00edna\u010d<\/td>\n<\/tr>\n<tr>\n<td>V\u00fdstupn\u00fd sign\u00e1l<\/td>\n<td>Digital (HIGH\/LOW)<\/td>\n<\/tr>\n<tr>\n<td>Indik\u00e1tor LED<\/td>\n<td>\u00c1no<\/td>\n<\/tr>\n<tr>\n<td>Rozmery<\/td>\n<td>19 mm x 15 mm<\/td>\n<\/tr>\n<tr>\n<td>Kompatibilita<\/td>\n<td>Arduino, MCU, Raspberry Pi<\/td>\n<\/tr>\n<tr>\n<td>Pracovn\u00e1 teplota<\/td>\n<td>-40\u00b0C a\u017e +85\u00b0C<\/td>\n<\/tr>\n<\/tbody>\n<\/table>\n<p><strong>Aplik\u00e1cie:<\/strong><\/p>\n<ul>\n<li>Bezpe\u010dnostn\u00e9 syst\u00e9my a alarmy<\/li>\n<li>Detekcia otvorenia dver\u00ed alebo okien<\/li>\n<li>Meranie r\u00fdchlosti alebo polohy<\/li>\n<li>Meranie pr\u00edtomnosti alebo pohybu magn\u00e9tov<\/li>\n<li>Magnetick\u00e9 sp\u00edna\u010de pre r\u00f4zne projekty a experimenty<\/li>\n<\/ul>\n<p><strong>Pozn\u00e1mka:<\/strong> Uistite sa, \u017ee m\u00e1te spr\u00e1vne umiestnen\u00fd magnet vo vz\u0165ahu k modulu pre optim\u00e1lnu detekciu magnetick\u00e9ho po\u013ea.<\/p>\n<p><strong>Balenie obsahuje:<\/strong><\/p>\n<ul>\n<li>1 x Magnetick\u00fd Reed modul KY-021<\/li>\n<\/ul>\n<p><strong>Dodato\u010dn\u00e9 inform\u00e1cie:<\/strong><\/p>\n<ul>\n<li>Modul KY-021 je u\u017eito\u010dn\u00fdm n\u00e1strojom pre za\u010diato\u010dn\u00edkov a pokro\u010dil\u00fdch pou\u017e\u00edvate\u013eov Arduina, ktor\u00ed chc\u00fa experimentova\u0165 s detekciou magnetick\u00e9ho po\u013ea. Jeho jednoduch\u00e1 integr\u00e1cia a vysok\u00e1 spo\u013eahlivos\u0165 ho robia ide\u00e1lnym pre r\u00f4zne projekty a aplik\u00e1cie, ktor\u00e9 vy\u017eaduj\u00fa sledovanie alebo detekciu magnetick\u00e9ho po\u013ea.<\/li>\n<\/ul>\n<h2><\/h2>\n<h2><\/h2>\n<h2><\/h2>\n<h2><\/h2>\n<h2>KY-021 magnetick\u00fd jaz\u00fd\u010dkov\u00fd modul pre \u0161tart\u00e9ry rduino kompatibiln\u00fd<\/h2>\n<p>&nbsp;<\/p>\n<p>1, importovan\u00fd norm\u00e1lne otvoren\u00fd jaz\u00fd\u010dkov\u00fd sp\u00edna\u010d<br \/>\n2, v\u00fdstup kompar\u00e1tora, sign\u00e1l je \u010dist\u00fd, priebeh, jazdn\u00e1 schopnos\u0165, viac ako 15 mA.<br \/>\n3, prev\u00e1dzkov\u00e9 nap\u00e4tie 3,3V-5V<br \/>\n4, v\u00fdstup v tvare: Digit\u00e1lne sp\u00ednacie v\u00fdstupy (0 a 1)<br \/>\n5, pevn\u00fd otvor pre skrutku pre jednoduch\u00fa in\u0161tal\u00e1ciu<br \/>\n6 mal\u00fdch dosiek rozmer PCB: 3,2 cm x 1,4 cm<br \/>\n7, \u0161irok\u00fd kompar\u00e1tor LM393<br \/>\nJaz\u00fd\u010dkov\u00fd sp\u00edna\u010d je skratka such\u00fdch jaz\u00fd\u010dkov\u00fdch kontaktov a pas\u00edvnych elektronick\u00fdch sp\u00ednac\u00edch prvkov a m\u00e1 v\u00fdhody jednoduchej kon\u0161trukcie, mal\u00fdch rozmerov a \u013eahk\u00e9ho ovl\u00e1dania, jeho pl\u00e1\u0161\u0165 je uzavret\u00e1 sklenen\u00e1 trubica, v trubiciach s\u00fa in\u0161talovan\u00e9 dve \u017eelezn\u00e9 elastick\u00e9 jaz\u00fd\u010dkov\u00e9 dosky, ale tie\u017e n\u00e1pl\u0148 naz\u00fdvan\u00e1 inertn\u00fd plyn kovov\u00e9ho r\u00f3dia. V \u010dase mieru je sklenen\u00e1 trubica v dvoch jaz\u00fd\u010dkoch vyroben\u00e1 zo \u0161peci\u00e1lnych materi\u00e1lov, ktor\u00e9 s\u00fa oddelen\u00e9. Ke\u010f sa magnetick\u00e1 l\u00e1tka v bl\u00edzkosti sklenenej trubice, v \u00falohe magnetick\u00fdch silo\u010diar, zmagnetizuje potrubie v r\u00e1mci dvoch jaz\u00fd\u010dkov, aby sa navz\u00e1jom pri\u0165ahovali v kontakte, jaz\u00fd\u010dek sa nasaje dohromady, tak\u017ee bod spojenia pripojen\u00e9ho okruhu komunik\u00e1cie . Po zmiznut\u00ed vonkaj\u0161ieho magnetick\u00e9ho jaz\u00fd\u010dka kv\u00f4li ich pru\u017enosti a oddeleniu sa vedenie odpoj\u00ed. Preto, ako vyu\u017eitie sign\u00e1lov magnetick\u00e9ho po\u013ea na ovl\u00e1danie sp\u00ednacieho zariadenia liniek, jaz\u00fd\u010dkov\u00e1 trubica m\u00f4\u017ee by\u0165 pou\u017eit\u00e1 ako senzor na po\u010d\u00edtanie po\u010dtu, rozostupov at\u010f. (v zabezpe\u010dovacom syst\u00e9me sa pou\u017e\u00edva hlavne na v\u00fdrobu Menci, magnetick\u00e9 okienko) a s\u00fa tie\u017e \u0161iroko pou\u017e\u00edvan\u00e9 v r\u00f4znych komunika\u010dn\u00fdch zariadeniach. V praktickom pou\u017eit\u00ed, zvy\u010dajne s permanentn\u00fdm magnetom ovl\u00e1dania dva plechy s\u00fa oto\u010den\u00e9 alebo nie, je tie\u017e ozna\u010dovan\u00fd ako<\/p>\n<p>&nbsp;<\/p>\n<p>&nbsp;<\/p>\n<p>Ak je detekovan\u00e9 magnetick\u00e9 pole, dva vstupn\u00e9 kol\u00edky sa skratuj\u00fa ich pritiahnut\u00edm k sebe.<\/p>\n<div class=\"code-toolbar\">Toto je pr\u00edklad programu, ktor\u00fd rozsvieti LED, ke\u010f je detekovan\u00fd sign\u00e1l na senzore.\u00a0Moduly\u00a0<strong>KY-011\u00a0<\/strong>,\u00a0<strong>KY-016\u00a0<\/strong>alebo\u00a0<strong>KY-029\u00a0<\/strong>je mo\u017en\u00e9 pou\u017ei\u0165 napr\u00edklad aj ako LED.<\/div>\n<div><\/div>\n<div>\n<pre class=\"language-cpp line-numbers\" tabindex=\"0\"><code class=\"language-cpp\"><span class=\"token keyword\">int<\/span> Led <span class=\"token operator\">=<\/span> <span class=\"token number\">13<\/span> <span class=\"token punctuation\">;<\/span><span class=\"token comment\">\/\/ declaration of the LED output pin<\/span>\r\n<span class=\"token keyword\">int<\/span> Sensor <span class=\"token operator\">=<\/span> <span class=\"token number\">10<\/span> <span class=\"token punctuation\">;<\/span><span class=\"token comment\">\/\/ Declaration of the sensor input pin<\/span>\r\n<span class=\"token keyword\">int<\/span> val<span class=\"token punctuation\">;<\/span> <span class=\"token comment\">\/\/ Temporary variable<\/span>\r\n   \r\n<span class=\"token keyword\">void<\/span> <span class=\"token function\">setup<\/span> <span class=\"token punctuation\">(<\/span><span class=\"token punctuation\">)<\/span>\r\n<span class=\"token punctuation\">{<\/span>\r\n  <span class=\"token function\">pinMode<\/span> <span class=\"token punctuation\">(<\/span>Led<span class=\"token punctuation\">,<\/span> OUTPUT<span class=\"token punctuation\">)<\/span> <span class=\"token punctuation\">;<\/span> <span class=\"token comment\">\/\/ Initialize output pin<\/span>\r\n  <span class=\"token function\">pinMode<\/span> <span class=\"token punctuation\">(<\/span>Sensor<span class=\"token punctuation\">,<\/span> INPUT<span class=\"token punctuation\">)<\/span> <span class=\"token punctuation\">;<\/span> <span class=\"token comment\">\/\/ Initialize sensor pin<\/span>\r\n<span class=\"token punctuation\">}<\/span>\r\n   \r\n<span class=\"token keyword\">void<\/span> <span class=\"token function\">loop<\/span> <span class=\"token punctuation\">(<\/span><span class=\"token punctuation\">)<\/span>\r\n<span class=\"token punctuation\">{<\/span>\r\n  val <span class=\"token operator\">=<\/span> <span class=\"token function\">digitalRead<\/span> <span class=\"token punctuation\">(<\/span>Sensor<span class=\"token punctuation\">)<\/span> <span class=\"token punctuation\">;<\/span> <span class=\"token comment\">\/\/ The current signal at the sensor is read out<\/span>\r\n   \r\n  <span class=\"token keyword\">if<\/span> <span class=\"token punctuation\">(<\/span>val <span class=\"token operator\">==<\/span> HIGH<span class=\"token punctuation\">)<\/span> <span class=\"token comment\">\/\/ If a signal could be detected, the LED is switched on.<\/span>\r\n  <span class=\"token punctuation\">{<\/span>\r\n    <span class=\"token function\">digitalWrite<\/span> <span class=\"token punctuation\">(<\/span>Led<span class=\"token punctuation\">,<\/span> LOW<span class=\"token punctuation\">)<\/span><span class=\"token punctuation\">;<\/span>\r\n  <span class=\"token punctuation\">}<\/span>\r\n  <span class=\"token keyword\">else<\/span>\r\n  <span class=\"token punctuation\">{<\/span>\r\n    <span class=\"token function\">digitalWrite<\/span> <span class=\"token punctuation\">(<\/span>Led<span class=\"token punctuation\">,<\/span> HIGH<span class=\"token punctuation\">)<\/span><span class=\"token punctuation\">;<\/span>\r\n  <span class=\"token punctuation\">}<\/span>\r\n<span class=\"token punctuation\">}\r\n\r\n<\/span><\/code><\/pre>\n<\/div>\n<div><img decoding=\"async\" src=\"https:\/\/sensorkit.joy-it.net\/files\/files\/sensors\/KY-021\/021-ARD.svg\" width=\"510\" \/><\/div>\n<div><\/div>\n<p>&nbsp;<\/p>\n","protected":false},"excerpt":{"rendered":"<p>Magnetick\u00fd Reed modul KY-021 pre za\u010diato\u010dn\u00edkov kompatibiln\u00fd s Arduinom Popis: Modul KY-021 je magnetick\u00fd Reed modul, ktor\u00fd detekuje pr\u00edtomnos\u0165 magnetick\u00e9ho&hellip;<\/p>\n","protected":false},"featured_media":1568,"template":"","meta":{"_monsterinsights_skip_tracking":false,"_monsterinsights_sitenote_active":false,"_monsterinsights_sitenote_note":"","_monsterinsights_sitenote_category":0},"product_cat":[15,16,78,69],"product_tag":[],"class_list":{"0":"post-1567","1":"product","2":"type-product","3":"status-publish","4":"has-post-thumbnail","6":"product_cat-nd","7":"product_cat-ard","8":"product_cat-magnet","9":"product_cat-sensors","11":"first","12":"instock","13":"shipping-taxable","14":"purchasable","15":"product-type-simple"},"yoast_head":"<!-- This site is optimized with the Yoast SEO plugin v23.6 - https:\/\/yoast.com\/wordpress\/plugins\/seo\/ -->\n<title>KY-021 Magnetic Reed Module For rduino Starters Compatible - Arduino e-shop<\/title>\n<meta name=\"robots\" content=\"index, follow, max-snippet:-1, max-image-preview:large, max-video-preview:-1\" \/>\n<link rel=\"canonical\" href=\"https:\/\/www.onetimenexttime.sk\/arduino\/index.php\/produkt\/ky-021-magnetic-reed-module-for-rduino-starters-compatible\/\" \/>\n<meta property=\"og:locale\" content=\"sk_SK\" \/>\n<meta property=\"og:type\" content=\"article\" \/>\n<meta property=\"og:title\" content=\"KY-021 Magnetic Reed Module For rduino Starters Compatible - Arduino e-shop\" \/>\n<meta property=\"og:description\" content=\"Magnetick\u00fd Reed modul KY-021 pre za\u010diato\u010dn\u00edkov kompatibiln\u00fd s Arduinom Popis: Modul KY-021 je magnetick\u00fd Reed modul, ktor\u00fd detekuje pr\u00edtomnos\u0165 magnetick\u00e9ho&hellip;\" \/>\n<meta property=\"og:url\" content=\"https:\/\/www.onetimenexttime.sk\/arduino\/index.php\/produkt\/ky-021-magnetic-reed-module-for-rduino-starters-compatible\/\" \/>\n<meta property=\"og:site_name\" content=\"Arduino e-shop\" \/>\n<meta property=\"article:modified_time\" content=\"2024-02-21T18:18:48+00:00\" \/>\n<meta property=\"og:image\" content=\"https:\/\/www.onetimenexttime.sk\/arduino\/wp-content\/uploads\/2021\/11\/17924.jpg\" \/>\n\t<meta property=\"og:image:width\" content=\"225\" \/>\n\t<meta property=\"og:image:height\" content=\"225\" \/>\n\t<meta property=\"og:image:type\" content=\"image\/jpeg\" \/>\n<meta name=\"twitter:card\" content=\"summary_large_image\" \/>\n<meta name=\"twitter:label1\" content=\"Predpokladan\u00fd \u010das \u010d\u00edtania\" \/>\n\t<meta name=\"twitter:data1\" content=\"2 min\u00faty\" \/>\n<script type=\"application\/ld+json\" class=\"yoast-schema-graph\">{\"@context\":\"https:\/\/schema.org\",\"@graph\":[{\"@type\":\"WebPage\",\"@id\":\"https:\/\/www.onetimenexttime.sk\/arduino\/index.php\/produkt\/ky-021-magnetic-reed-module-for-rduino-starters-compatible\/\",\"url\":\"https:\/\/www.onetimenexttime.sk\/arduino\/index.php\/produkt\/ky-021-magnetic-reed-module-for-rduino-starters-compatible\/\",\"name\":\"KY-021 Magnetic Reed Module For rduino Starters Compatible - Arduino e-shop\",\"isPartOf\":{\"@id\":\"https:\/\/www.onetimenexttime.sk\/arduino\/#website\"},\"primaryImageOfPage\":{\"@id\":\"https:\/\/www.onetimenexttime.sk\/arduino\/index.php\/produkt\/ky-021-magnetic-reed-module-for-rduino-starters-compatible\/#primaryimage\"},\"image\":{\"@id\":\"https:\/\/www.onetimenexttime.sk\/arduino\/index.php\/produkt\/ky-021-magnetic-reed-module-for-rduino-starters-compatible\/#primaryimage\"},\"thumbnailUrl\":\"https:\/\/www.onetimenexttime.sk\/arduino\/wp-content\/uploads\/2021\/11\/17924.jpg\",\"datePublished\":\"2021-11-18T07:36:49+00:00\",\"dateModified\":\"2024-02-21T18:18:48+00:00\",\"breadcrumb\":{\"@id\":\"https:\/\/www.onetimenexttime.sk\/arduino\/index.php\/produkt\/ky-021-magnetic-reed-module-for-rduino-starters-compatible\/#breadcrumb\"},\"inLanguage\":\"sk-SK\",\"potentialAction\":[{\"@type\":\"ReadAction\",\"target\":[\"https:\/\/www.onetimenexttime.sk\/arduino\/index.php\/produkt\/ky-021-magnetic-reed-module-for-rduino-starters-compatible\/\"]}]},{\"@type\":\"ImageObject\",\"inLanguage\":\"sk-SK\",\"@id\":\"https:\/\/www.onetimenexttime.sk\/arduino\/index.php\/produkt\/ky-021-magnetic-reed-module-for-rduino-starters-compatible\/#primaryimage\",\"url\":\"https:\/\/www.onetimenexttime.sk\/arduino\/wp-content\/uploads\/2021\/11\/17924.jpg\",\"contentUrl\":\"https:\/\/www.onetimenexttime.sk\/arduino\/wp-content\/uploads\/2021\/11\/17924.jpg\",\"width\":225,\"height\":225},{\"@type\":\"BreadcrumbList\",\"@id\":\"https:\/\/www.onetimenexttime.sk\/arduino\/index.php\/produkt\/ky-021-magnetic-reed-module-for-rduino-starters-compatible\/#breadcrumb\",\"itemListElement\":[{\"@type\":\"ListItem\",\"position\":1,\"name\":\"Domov\",\"item\":\"https:\/\/www.onetimenexttime.sk\/arduino\/\"},{\"@type\":\"ListItem\",\"position\":2,\"name\":\"Obchod\",\"item\":\"https:\/\/www.onetimenexttime.sk\/arduino\/\"},{\"@type\":\"ListItem\",\"position\":3,\"name\":\"KY-021 Magnetic Reed Module For rduino Starters Compatible\"}]},{\"@type\":\"WebSite\",\"@id\":\"https:\/\/www.onetimenexttime.sk\/arduino\/#website\",\"url\":\"https:\/\/www.onetimenexttime.sk\/arduino\/\",\"name\":\"Arduino e-shop\",\"description\":\"Home Assistant\",\"potentialAction\":[{\"@type\":\"SearchAction\",\"target\":{\"@type\":\"EntryPoint\",\"urlTemplate\":\"https:\/\/www.onetimenexttime.sk\/arduino\/?s={search_term_string}\"},\"query-input\":{\"@type\":\"PropertyValueSpecification\",\"valueRequired\":true,\"valueName\":\"search_term_string\"}}],\"inLanguage\":\"sk-SK\"}]}<\/script>\n<!-- \/ Yoast SEO plugin. -->","yoast_head_json":{"title":"KY-021 Magnetic Reed Module For rduino Starters Compatible - Arduino e-shop","robots":{"index":"index","follow":"follow","max-snippet":"max-snippet:-1","max-image-preview":"max-image-preview:large","max-video-preview":"max-video-preview:-1"},"canonical":"https:\/\/www.onetimenexttime.sk\/arduino\/index.php\/produkt\/ky-021-magnetic-reed-module-for-rduino-starters-compatible\/","og_locale":"sk_SK","og_type":"article","og_title":"KY-021 Magnetic Reed Module For rduino Starters Compatible - Arduino e-shop","og_description":"Magnetick\u00fd Reed modul KY-021 pre za\u010diato\u010dn\u00edkov kompatibiln\u00fd s Arduinom Popis: Modul KY-021 je magnetick\u00fd Reed modul, ktor\u00fd detekuje pr\u00edtomnos\u0165 magnetick\u00e9ho&hellip;","og_url":"https:\/\/www.onetimenexttime.sk\/arduino\/index.php\/produkt\/ky-021-magnetic-reed-module-for-rduino-starters-compatible\/","og_site_name":"Arduino e-shop","article_modified_time":"2024-02-21T18:18:48+00:00","og_image":[{"width":225,"height":225,"url":"https:\/\/www.onetimenexttime.sk\/arduino\/wp-content\/uploads\/2021\/11\/17924.jpg","type":"image\/jpeg"}],"twitter_card":"summary_large_image","twitter_misc":{"Predpokladan\u00fd \u010das \u010d\u00edtania":"2 min\u00faty"},"schema":{"@context":"https:\/\/schema.org","@graph":[{"@type":"WebPage","@id":"https:\/\/www.onetimenexttime.sk\/arduino\/index.php\/produkt\/ky-021-magnetic-reed-module-for-rduino-starters-compatible\/","url":"https:\/\/www.onetimenexttime.sk\/arduino\/index.php\/produkt\/ky-021-magnetic-reed-module-for-rduino-starters-compatible\/","name":"KY-021 Magnetic Reed Module For rduino Starters Compatible - Arduino e-shop","isPartOf":{"@id":"https:\/\/www.onetimenexttime.sk\/arduino\/#website"},"primaryImageOfPage":{"@id":"https:\/\/www.onetimenexttime.sk\/arduino\/index.php\/produkt\/ky-021-magnetic-reed-module-for-rduino-starters-compatible\/#primaryimage"},"image":{"@id":"https:\/\/www.onetimenexttime.sk\/arduino\/index.php\/produkt\/ky-021-magnetic-reed-module-for-rduino-starters-compatible\/#primaryimage"},"thumbnailUrl":"https:\/\/www.onetimenexttime.sk\/arduino\/wp-content\/uploads\/2021\/11\/17924.jpg","datePublished":"2021-11-18T07:36:49+00:00","dateModified":"2024-02-21T18:18:48+00:00","breadcrumb":{"@id":"https:\/\/www.onetimenexttime.sk\/arduino\/index.php\/produkt\/ky-021-magnetic-reed-module-for-rduino-starters-compatible\/#breadcrumb"},"inLanguage":"sk-SK","potentialAction":[{"@type":"ReadAction","target":["https:\/\/www.onetimenexttime.sk\/arduino\/index.php\/produkt\/ky-021-magnetic-reed-module-for-rduino-starters-compatible\/"]}]},{"@type":"ImageObject","inLanguage":"sk-SK","@id":"https:\/\/www.onetimenexttime.sk\/arduino\/index.php\/produkt\/ky-021-magnetic-reed-module-for-rduino-starters-compatible\/#primaryimage","url":"https:\/\/www.onetimenexttime.sk\/arduino\/wp-content\/uploads\/2021\/11\/17924.jpg","contentUrl":"https:\/\/www.onetimenexttime.sk\/arduino\/wp-content\/uploads\/2021\/11\/17924.jpg","width":225,"height":225},{"@type":"BreadcrumbList","@id":"https:\/\/www.onetimenexttime.sk\/arduino\/index.php\/produkt\/ky-021-magnetic-reed-module-for-rduino-starters-compatible\/#breadcrumb","itemListElement":[{"@type":"ListItem","position":1,"name":"Domov","item":"https:\/\/www.onetimenexttime.sk\/arduino\/"},{"@type":"ListItem","position":2,"name":"Obchod","item":"https:\/\/www.onetimenexttime.sk\/arduino\/"},{"@type":"ListItem","position":3,"name":"KY-021 Magnetic Reed Module For rduino Starters Compatible"}]},{"@type":"WebSite","@id":"https:\/\/www.onetimenexttime.sk\/arduino\/#website","url":"https:\/\/www.onetimenexttime.sk\/arduino\/","name":"Arduino e-shop","description":"Home Assistant","potentialAction":[{"@type":"SearchAction","target":{"@type":"EntryPoint","urlTemplate":"https:\/\/www.onetimenexttime.sk\/arduino\/?s={search_term_string}"},"query-input":{"@type":"PropertyValueSpecification","valueRequired":true,"valueName":"search_term_string"}}],"inLanguage":"sk-SK"}]}},"_links":{"self":[{"href":"https:\/\/www.onetimenexttime.sk\/arduino\/index.php\/wp-json\/wp\/v2\/product\/1567"}],"collection":[{"href":"https:\/\/www.onetimenexttime.sk\/arduino\/index.php\/wp-json\/wp\/v2\/product"}],"about":[{"href":"https:\/\/www.onetimenexttime.sk\/arduino\/index.php\/wp-json\/wp\/v2\/types\/product"}],"wp:featuredmedia":[{"embeddable":true,"href":"https:\/\/www.onetimenexttime.sk\/arduino\/index.php\/wp-json\/wp\/v2\/media\/1568"}],"wp:attachment":[{"href":"https:\/\/www.onetimenexttime.sk\/arduino\/index.php\/wp-json\/wp\/v2\/media?parent=1567"}],"wp:term":[{"taxonomy":"product_cat","embeddable":true,"href":"https:\/\/www.onetimenexttime.sk\/arduino\/index.php\/wp-json\/wp\/v2\/product_cat?post=1567"},{"taxonomy":"product_tag","embeddable":true,"href":"https:\/\/www.onetimenexttime.sk\/arduino\/index.php\/wp-json\/wp\/v2\/product_tag?post=1567"}],"curies":[{"name":"wp","href":"https:\/\/api.w.org\/{rel}","templated":true}]}}