{"id":1561,"date":"2021-11-18T08:18:22","date_gmt":"2021-11-18T07:18:22","guid":{"rendered":"https:\/\/www.onetimenexttime.sk\/arduino\/?post_type=product&#038;p=1561"},"modified":"2024-02-22T16:27:05","modified_gmt":"2024-02-22T15:27:05","slug":"gy68-bmp180-replace-for-bosch-digital-barometric-pressure-sensor","status":"publish","type":"product","link":"https:\/\/www.onetimenexttime.sk\/arduino\/index.php\/produkt\/gy68-bmp180-replace-for-bosch-digital-barometric-pressure-sensor\/","title":{"rendered":"GY68 BMP180 Replace For BOSCH Digital Barometric Pressure Sensor"},"content":{"rendered":"<table>\n<tbody>\n<tr>\n<th style=\"text-align: center;\" colspan=\"2\">GY68 BMP180 N\u00e1hrada za digit\u00e1lny barometrick\u00fd tlakov\u00fd senzor BOSCH<\/th>\n<\/tr>\n<tr>\n<td style=\"text-align: center;\" colspan=\"2\"><img decoding=\"async\" src=\"gy68_bmp180_sensor.jpg\" alt=\"GY68 BMP180 Digit\u00e1lny barometrick\u00fd tlakov\u00fd senzor\" \/><\/td>\n<\/tr>\n<tr>\n<td><strong>Popis:<\/strong><\/td>\n<td>GY68 BMP180 je digit\u00e1lny barometrick\u00fd tlakov\u00fd senzor, ktor\u00fd sl\u00fa\u017ei na meranie atmosf\u00e9rick\u00e9ho tlaku a teploty. Tento senzor je vhodn\u00fd pre r\u00f4zne projekty, ako s\u00fa meranie v\u00fd\u0161ky, meteorol\u00f3gia, navig\u00e1cia a mnoho \u010fal\u0161\u00edch. Je n\u00e1hradou za BOSCH BMP180 senzor a pon\u00faka presn\u00e9 merania s vysokou spo\u013eahlivos\u0165ou.<\/td>\n<\/tr>\n<tr>\n<td><strong>Vlastnosti:<\/strong><\/td>\n<td>\n<ul>\n<li>Digit\u00e1lny barometrick\u00fd tlakov\u00fd senzor s vysokou presnos\u0165ou<\/li>\n<li>Meranie atmosf\u00e9rick\u00e9ho tlaku a teploty<\/li>\n<li>Komunik\u00e1cia cez rozhranie I2C<\/li>\n<li>Mal\u00e9 rozmery a jednoduch\u00e1 integr\u00e1cia do projektov<\/li>\n<li>N\u00edzka spotreba energie a stabiln\u00e9 merania<\/li>\n<\/ul>\n<\/td>\n<\/tr>\n<tr>\n<td><strong>\u0160pecifik\u00e1cie:<\/strong><\/td>\n<td>\n<table>\n<tbody>\n<tr>\n<td><strong>Nap\u00e1jacie nap\u00e4tie:<\/strong><\/td>\n<td>3.3V alebo 5V DC<\/td>\n<\/tr>\n<tr>\n<td><strong>Rozhranie:<\/strong><\/td>\n<td>I2C<\/td>\n<\/tr>\n<tr>\n<td><strong>Rozsah merania tlaku:<\/strong><\/td>\n<td>300 hPa a\u017e 1100 hPa<\/td>\n<\/tr>\n<tr>\n<td><strong>Rozsah merania teploty:<\/strong><\/td>\n<td>-40 \u00b0C a\u017e +85 \u00b0C<\/td>\n<\/tr>\n<tr>\n<td><strong>Rozl\u00ed\u0161enie tlaku:<\/strong><\/td>\n<td>0.01 hPa<\/td>\n<\/tr>\n<tr>\n<td><strong>Rozl\u00ed\u0161enie teploty:<\/strong><\/td>\n<td>0.1 \u00b0C<\/td>\n<\/tr>\n<\/tbody>\n<\/table>\n<\/td>\n<\/tr>\n<tr>\n<td><strong>Aplik\u00e1cie:<\/strong><\/td>\n<td>\n<ol>\n<li>Meteorologick\u00e9 stanice a meranie po\u010dasia<\/li>\n<li>Navig\u00e1cia a meranie v\u00fd\u0161ky<\/li>\n<li>Meranie tlaku v pneumatick\u00fdch syst\u00e9moch<\/li>\n<li>Automatiz\u00e1cia a riadenie procesov<\/li>\n<\/ol>\n<\/td>\n<\/tr>\n<tr>\n<td><strong>Vzorov\u00fd k\u00f3d pre Arduino:<\/strong><\/td>\n<td>\n<pre lang=\"arduino\">#include &lt;Wire.h&gt;\r\n#include &lt;Adafruit_BMP085.h&gt;\r\n\r\nAdafruit_BMP085 bmp;\r\n\r\nvoid setup() {\r\n  Serial.begin(9600);\r\n  if (!bmp.begin()) {\r\n    Serial.println(\"Senzor BMP180 nebol n\u00e1jden\u00fd! Skontrolujte zapojenie.\");\r\n    while (1);\r\n  }\r\n}\r\n\r\nvoid loop() {\r\n  Serial.print(\"Tlak: \");\r\n  Serial.print(bmp.readPressure());\r\n  Serial.print(\" Pa, \");\r\n  Serial.print(\"Teplota: \");\r\n  Serial.print(bmp.readTemperature());\r\n  Serial.println(\" \u00b0C\");\r\n  delay(1000);\r\n}\r\n<\/pre>\n<\/td>\n<\/tr>\n<tr>\n<td><strong>Vzorov\u00fd k\u00f3d pre ESPHome:<\/strong><\/td>\n<td>\n<pre lang=\"yaml\">i2c:\r\n  sda: D1\r\n  scl: D2\r\n\r\nsensor:\r\n  - platform: bmp085\r\n    temperature:\r\n      name: \"BMP180 Teplota\"\r\n    pressure:\r\n      name: \"BMP180 Tlak\"\r\n      unit_of_measurement: \"hPa\"\r\n    address: 0x77\r\n<\/pre>\n<\/td>\n<\/tr>\n<\/tbody>\n<\/table>\n<table>\n<tbody>\n<tr>\n<th style=\"text-align: center;\" colspan=\"2\">GY68 BMP180 Nahradn\u00fd digit\u00e1lny barometrick\u00fd tlakov\u00fd senzor od spolo\u010dnosti BOSCH<\/th>\n<\/tr>\n<tr>\n<td style=\"text-align: center;\" colspan=\"2\"><img decoding=\"async\" src=\"gy68_bmp180_pressure_sensor.jpg\" alt=\"GY68 BMP180 Tlakov\u00fd senzor\" \/><\/td>\n<\/tr>\n<tr>\n<td><strong>Popis:<\/strong><\/td>\n<td>GY68 BMP180 je digit\u00e1lny barometrick\u00fd tlakov\u00fd senzor od renomovanej spolo\u010dnosti BOSCH. Tento senzor je n\u00e1hradou za star\u0161\u00ed model BMP085 a pon\u00faka vylep\u0161en\u00fa presnos\u0165 a spo\u013eahlivos\u0165. Ide\u00e1lny je pre meranie atmosf\u00e9rick\u00e9ho tlaku v r\u00f4znych aplik\u00e1ci\u00e1ch, vr\u00e1tane meteorol\u00f3gie, navig\u00e1cie a merania v\u00fd\u0161ky.<\/td>\n<\/tr>\n<tr>\n<td><strong>Vlastnosti:<\/strong><\/td>\n<td>\n<ul>\n<li>Digit\u00e1lny barometrick\u00fd senzor s vysokou presnos\u0165ou<\/li>\n<li>Meranie atmosf\u00e9rick\u00e9ho tlaku v rozsahu od 300 hPa do 1100 hPa<\/li>\n<li>Integrovan\u00fd teplomer pre meranie teploty<\/li>\n<li>Komunik\u00e1cia cez rozhranie I2C<\/li>\n<li>N\u00edzka spotreba energie a jednoduch\u00e9 pou\u017eitie<\/li>\n<\/ul>\n<\/td>\n<\/tr>\n<tr>\n<td><strong>\u0160pecifik\u00e1cie:<\/strong><\/td>\n<td>\n<table>\n<tbody>\n<tr>\n<td><strong>Nap\u00e1jacie nap\u00e4tie:<\/strong><\/td>\n<td>3.3V alebo 5V DC<\/td>\n<\/tr>\n<tr>\n<td><strong>Rozsah merania tlaku:<\/strong><\/td>\n<td>300 hPa a\u017e 1100 hPa<\/td>\n<\/tr>\n<tr>\n<td><strong>Rozsah merania teploty:<\/strong><\/td>\n<td>-40\u00b0C a\u017e +85\u00b0C<\/td>\n<\/tr>\n<tr>\n<td><strong>Rozhranie:<\/strong><\/td>\n<td>I2C (adresa 0x77)<\/td>\n<\/tr>\n<tr>\n<td><strong>Rozmery:<\/strong><\/td>\n<td>15mm x 11mm<\/td>\n<\/tr>\n<\/tbody>\n<\/table>\n<\/td>\n<\/tr>\n<tr>\n<td><strong>Aplik\u00e1cie:<\/strong><\/td>\n<td>\n<ol>\n<li>Meteorologick\u00e9 stanice a syst\u00e9my<\/li>\n<li>GPS navig\u00e1cia a v\u00fd\u0161komery<\/li>\n<li>Meranie v\u00fd\u0161ky pre letectvo a model\u00e1rov<\/li>\n<li>Automatiz\u00e1cia riadenia dom\u00e1cich podmienok<\/li>\n<\/ol>\n<\/td>\n<\/tr>\n<tr>\n<td><strong>Vzorov\u00fd k\u00f3d:<\/strong><\/td>\n<td>\n<pre lang=\"arduino\">\/\/ Vzorov\u00fd k\u00f3d pre pou\u017eitie senzora GY68 BMP180 s Arduinom\r\n#include \r\n#include \r\n\r\nAdafruit_BMP085 bmp;\r\n\r\nvoid setup() {\r\nSerial.begin(9600);\r\n\r\nif (!bmp.begin()) {\r\nSerial.println(\"Senzor BMP180 nebol n\u00e1jden\u00fd! Skontrolujte zapojenie.\");\r\nwhile (1) {}\r\n}\r\n}\r\n\r\nvoid loop() {\r\nSerial.print(\"Tlak: \");\r\nSerial.print(bmp.readPressure());\r\nSerial.print(\" Pa, \");\r\n\r\nSerial.print(\"Teplota: \");\r\nSerial.print(bmp.readTemperature());\r\nSerial.println(\" \u00b0C\");\r\n\r\ndelay(1000);\r\n}\r\n<\/pre>\n<\/td>\n<\/tr>\n<\/tbody>\n<\/table>\n<h2>GY68 BMP180 N\u00e1hrada za digit\u00e1lny sn\u00edma\u010d barometrick\u00e9ho tlaku BOSCH<\/h2>\n<p>GY-68 BMP180 5pinov\u00fd pre modul digit\u00e1lneho sn\u00edma\u010da barometrick\u00e9ho tlaku BOSCH V\u00fdmena BMP085<\/p>\n<p>Modul sn\u00edma\u010da barometrick\u00e9ho tlaku<br \/>\nRozsah tlaku: 300 ~ 1100 hpa<br \/>\nNap\u00e1jacie nap\u00e4tie: 1,8V~3,6VVDDA,1,62V~3,6VVDDD<br \/>\nVe\u013ekos\u0165: 3,6 x 3,8 x 0,93 CM<br \/>\nN\u00edzka spotreba energie: 5 muA<br \/>\nStav: Nov\u00e9<br \/>\nVysok\u00e1 presnos\u0165: v re\u017eime n\u00edzkej spotreby m\u00e1 rozl\u00ed\u0161enie 0,06 hPa, vo vysoko line\u00e1rnom re\u017eime rozl\u00ed\u0161enie 0,03 hPa<br \/>\nBezolovnat\u00fd<br \/>\n\u010cas odozvy MSL 1: 7,5 ms<br \/>\nPohotovostn\u00fd pr\u00fad: 0,1 muA<br \/>\nPou\u017eite: presn\u00fa navig\u00e1ciu GPS, vn\u00fatorn\u00fa a vonkaj\u0161iu navig\u00e1ciu, sledovanie \u0161portu a zdravia, predpove\u010f po\u010dasia, indik\u00e1tor vertik\u00e1lnej r\u00fdchlosti, ovl\u00e1danie v\u00fdkonu ventil\u00e1tora<br \/>\nFarba je zobrazen\u00e1 ako obr\u00e1zky<br \/>\nPLS V\u0161imnite si, \u017ee v d\u00f4sledku sveteln\u00fdch efektov, nastaven\u00ed jasu \/ kontrastu monitora at\u010f. m\u00f4\u017eu existova\u0165 mal\u00e9 rozdiely vo farebnom t\u00f3ne obr\u00e1zkov a skuto\u010dnej polo\u017eky!<br \/>\n\u010c. artiklu: 5401412, 54014122, 54014123, 54014125, 54014120<\/p>\n","protected":false},"excerpt":{"rendered":"<p>GY68 BMP180 N\u00e1hrada za digit\u00e1lny barometrick\u00fd tlakov\u00fd senzor BOSCH Popis: GY68 BMP180 je digit\u00e1lny barometrick\u00fd tlakov\u00fd senzor, ktor\u00fd sl\u00fa\u017ei na&hellip;<\/p>\n","protected":false},"featured_media":1562,"template":"","meta":{"_monsterinsights_skip_tracking":false,"_monsterinsights_sitenote_active":false,"_monsterinsights_sitenote_note":"","_monsterinsights_sitenote_category":0},"product_cat":[15,16,78,69],"product_tag":[],"class_list":{"0":"post-1561","1":"product","2":"type-product","3":"status-publish","4":"has-post-thumbnail","6":"product_cat-nd","7":"product_cat-ard","8":"product_cat-magnet","9":"product_cat-sensors","11":"first","12":"instock","13":"shipping-taxable","14":"purchasable","15":"product-type-simple"},"yoast_head":"<!-- This site is optimized with the Yoast SEO plugin v23.6 - https:\/\/yoast.com\/wordpress\/plugins\/seo\/ -->\n<title>GY68 BMP180 Replace For BOSCH Digital Barometric Pressure Sensor - Arduino e-shop<\/title>\n<meta name=\"robots\" content=\"index, follow, max-snippet:-1, max-image-preview:large, max-video-preview:-1\" \/>\n<link rel=\"canonical\" href=\"https:\/\/www.onetimenexttime.sk\/arduino\/index.php\/produkt\/gy68-bmp180-replace-for-bosch-digital-barometric-pressure-sensor\/\" \/>\n<meta property=\"og:locale\" content=\"sk_SK\" \/>\n<meta property=\"og:type\" content=\"article\" \/>\n<meta property=\"og:title\" content=\"GY68 BMP180 Replace For BOSCH Digital Barometric Pressure Sensor - Arduino e-shop\" \/>\n<meta property=\"og:description\" content=\"GY68 BMP180 N\u00e1hrada za digit\u00e1lny barometrick\u00fd tlakov\u00fd senzor BOSCH Popis: GY68 BMP180 je digit\u00e1lny barometrick\u00fd tlakov\u00fd senzor, ktor\u00fd sl\u00fa\u017ei na&hellip;\" \/>\n<meta property=\"og:url\" content=\"https:\/\/www.onetimenexttime.sk\/arduino\/index.php\/produkt\/gy68-bmp180-replace-for-bosch-digital-barometric-pressure-sensor\/\" \/>\n<meta property=\"og:site_name\" content=\"Arduino e-shop\" \/>\n<meta property=\"article:modified_time\" content=\"2024-02-22T15:27:05+00:00\" \/>\n<meta property=\"og:image\" content=\"https:\/\/www.onetimenexttime.sk\/arduino\/wp-content\/uploads\/2021\/11\/17935.jpg\" \/>\n\t<meta property=\"og:image:width\" content=\"490\" \/>\n\t<meta property=\"og:image:height\" content=\"493\" \/>\n\t<meta property=\"og:image:type\" content=\"image\/jpeg\" \/>\n<meta name=\"twitter:card\" content=\"summary_large_image\" \/>\n<meta name=\"twitter:label1\" content=\"Predpokladan\u00fd \u010das \u010d\u00edtania\" \/>\n\t<meta name=\"twitter:data1\" content=\"1 min\u00fata\" \/>\n<script type=\"application\/ld+json\" class=\"yoast-schema-graph\">{\"@context\":\"https:\/\/schema.org\",\"@graph\":[{\"@type\":\"WebPage\",\"@id\":\"https:\/\/www.onetimenexttime.sk\/arduino\/index.php\/produkt\/gy68-bmp180-replace-for-bosch-digital-barometric-pressure-sensor\/\",\"url\":\"https:\/\/www.onetimenexttime.sk\/arduino\/index.php\/produkt\/gy68-bmp180-replace-for-bosch-digital-barometric-pressure-sensor\/\",\"name\":\"GY68 BMP180 Replace For BOSCH Digital Barometric Pressure Sensor - Arduino e-shop\",\"isPartOf\":{\"@id\":\"https:\/\/www.onetimenexttime.sk\/arduino\/#website\"},\"primaryImageOfPage\":{\"@id\":\"https:\/\/www.onetimenexttime.sk\/arduino\/index.php\/produkt\/gy68-bmp180-replace-for-bosch-digital-barometric-pressure-sensor\/#primaryimage\"},\"image\":{\"@id\":\"https:\/\/www.onetimenexttime.sk\/arduino\/index.php\/produkt\/gy68-bmp180-replace-for-bosch-digital-barometric-pressure-sensor\/#primaryimage\"},\"thumbnailUrl\":\"https:\/\/www.onetimenexttime.sk\/arduino\/wp-content\/uploads\/2021\/11\/17935.jpg\",\"datePublished\":\"2021-11-18T07:18:22+00:00\",\"dateModified\":\"2024-02-22T15:27:05+00:00\",\"breadcrumb\":{\"@id\":\"https:\/\/www.onetimenexttime.sk\/arduino\/index.php\/produkt\/gy68-bmp180-replace-for-bosch-digital-barometric-pressure-sensor\/#breadcrumb\"},\"inLanguage\":\"sk-SK\",\"potentialAction\":[{\"@type\":\"ReadAction\",\"target\":[\"https:\/\/www.onetimenexttime.sk\/arduino\/index.php\/produkt\/gy68-bmp180-replace-for-bosch-digital-barometric-pressure-sensor\/\"]}]},{\"@type\":\"ImageObject\",\"inLanguage\":\"sk-SK\",\"@id\":\"https:\/\/www.onetimenexttime.sk\/arduino\/index.php\/produkt\/gy68-bmp180-replace-for-bosch-digital-barometric-pressure-sensor\/#primaryimage\",\"url\":\"https:\/\/www.onetimenexttime.sk\/arduino\/wp-content\/uploads\/2021\/11\/17935.jpg\",\"contentUrl\":\"https:\/\/www.onetimenexttime.sk\/arduino\/wp-content\/uploads\/2021\/11\/17935.jpg\",\"width\":490,\"height\":493},{\"@type\":\"BreadcrumbList\",\"@id\":\"https:\/\/www.onetimenexttime.sk\/arduino\/index.php\/produkt\/gy68-bmp180-replace-for-bosch-digital-barometric-pressure-sensor\/#breadcrumb\",\"itemListElement\":[{\"@type\":\"ListItem\",\"position\":1,\"name\":\"Domov\",\"item\":\"https:\/\/www.onetimenexttime.sk\/arduino\/\"},{\"@type\":\"ListItem\",\"position\":2,\"name\":\"Obchod\",\"item\":\"https:\/\/www.onetimenexttime.sk\/arduino\/\"},{\"@type\":\"ListItem\",\"position\":3,\"name\":\"GY68 BMP180 Replace For BOSCH Digital Barometric Pressure Sensor\"}]},{\"@type\":\"WebSite\",\"@id\":\"https:\/\/www.onetimenexttime.sk\/arduino\/#website\",\"url\":\"https:\/\/www.onetimenexttime.sk\/arduino\/\",\"name\":\"Arduino e-shop\",\"description\":\"Home Assistant\",\"potentialAction\":[{\"@type\":\"SearchAction\",\"target\":{\"@type\":\"EntryPoint\",\"urlTemplate\":\"https:\/\/www.onetimenexttime.sk\/arduino\/?s={search_term_string}\"},\"query-input\":{\"@type\":\"PropertyValueSpecification\",\"valueRequired\":true,\"valueName\":\"search_term_string\"}}],\"inLanguage\":\"sk-SK\"}]}<\/script>\n<!-- \/ Yoast SEO plugin. -->","yoast_head_json":{"title":"GY68 BMP180 Replace For BOSCH Digital Barometric Pressure Sensor - Arduino e-shop","robots":{"index":"index","follow":"follow","max-snippet":"max-snippet:-1","max-image-preview":"max-image-preview:large","max-video-preview":"max-video-preview:-1"},"canonical":"https:\/\/www.onetimenexttime.sk\/arduino\/index.php\/produkt\/gy68-bmp180-replace-for-bosch-digital-barometric-pressure-sensor\/","og_locale":"sk_SK","og_type":"article","og_title":"GY68 BMP180 Replace For BOSCH Digital Barometric Pressure Sensor - Arduino e-shop","og_description":"GY68 BMP180 N\u00e1hrada za digit\u00e1lny barometrick\u00fd tlakov\u00fd senzor BOSCH Popis: GY68 BMP180 je digit\u00e1lny barometrick\u00fd tlakov\u00fd senzor, ktor\u00fd sl\u00fa\u017ei na&hellip;","og_url":"https:\/\/www.onetimenexttime.sk\/arduino\/index.php\/produkt\/gy68-bmp180-replace-for-bosch-digital-barometric-pressure-sensor\/","og_site_name":"Arduino e-shop","article_modified_time":"2024-02-22T15:27:05+00:00","og_image":[{"width":490,"height":493,"url":"https:\/\/www.onetimenexttime.sk\/arduino\/wp-content\/uploads\/2021\/11\/17935.jpg","type":"image\/jpeg"}],"twitter_card":"summary_large_image","twitter_misc":{"Predpokladan\u00fd \u010das \u010d\u00edtania":"1 min\u00fata"},"schema":{"@context":"https:\/\/schema.org","@graph":[{"@type":"WebPage","@id":"https:\/\/www.onetimenexttime.sk\/arduino\/index.php\/produkt\/gy68-bmp180-replace-for-bosch-digital-barometric-pressure-sensor\/","url":"https:\/\/www.onetimenexttime.sk\/arduino\/index.php\/produkt\/gy68-bmp180-replace-for-bosch-digital-barometric-pressure-sensor\/","name":"GY68 BMP180 Replace For BOSCH Digital Barometric Pressure Sensor - Arduino e-shop","isPartOf":{"@id":"https:\/\/www.onetimenexttime.sk\/arduino\/#website"},"primaryImageOfPage":{"@id":"https:\/\/www.onetimenexttime.sk\/arduino\/index.php\/produkt\/gy68-bmp180-replace-for-bosch-digital-barometric-pressure-sensor\/#primaryimage"},"image":{"@id":"https:\/\/www.onetimenexttime.sk\/arduino\/index.php\/produkt\/gy68-bmp180-replace-for-bosch-digital-barometric-pressure-sensor\/#primaryimage"},"thumbnailUrl":"https:\/\/www.onetimenexttime.sk\/arduino\/wp-content\/uploads\/2021\/11\/17935.jpg","datePublished":"2021-11-18T07:18:22+00:00","dateModified":"2024-02-22T15:27:05+00:00","breadcrumb":{"@id":"https:\/\/www.onetimenexttime.sk\/arduino\/index.php\/produkt\/gy68-bmp180-replace-for-bosch-digital-barometric-pressure-sensor\/#breadcrumb"},"inLanguage":"sk-SK","potentialAction":[{"@type":"ReadAction","target":["https:\/\/www.onetimenexttime.sk\/arduino\/index.php\/produkt\/gy68-bmp180-replace-for-bosch-digital-barometric-pressure-sensor\/"]}]},{"@type":"ImageObject","inLanguage":"sk-SK","@id":"https:\/\/www.onetimenexttime.sk\/arduino\/index.php\/produkt\/gy68-bmp180-replace-for-bosch-digital-barometric-pressure-sensor\/#primaryimage","url":"https:\/\/www.onetimenexttime.sk\/arduino\/wp-content\/uploads\/2021\/11\/17935.jpg","contentUrl":"https:\/\/www.onetimenexttime.sk\/arduino\/wp-content\/uploads\/2021\/11\/17935.jpg","width":490,"height":493},{"@type":"BreadcrumbList","@id":"https:\/\/www.onetimenexttime.sk\/arduino\/index.php\/produkt\/gy68-bmp180-replace-for-bosch-digital-barometric-pressure-sensor\/#breadcrumb","itemListElement":[{"@type":"ListItem","position":1,"name":"Domov","item":"https:\/\/www.onetimenexttime.sk\/arduino\/"},{"@type":"ListItem","position":2,"name":"Obchod","item":"https:\/\/www.onetimenexttime.sk\/arduino\/"},{"@type":"ListItem","position":3,"name":"GY68 BMP180 Replace For BOSCH Digital Barometric Pressure Sensor"}]},{"@type":"WebSite","@id":"https:\/\/www.onetimenexttime.sk\/arduino\/#website","url":"https:\/\/www.onetimenexttime.sk\/arduino\/","name":"Arduino e-shop","description":"Home Assistant","potentialAction":[{"@type":"SearchAction","target":{"@type":"EntryPoint","urlTemplate":"https:\/\/www.onetimenexttime.sk\/arduino\/?s={search_term_string}"},"query-input":{"@type":"PropertyValueSpecification","valueRequired":true,"valueName":"search_term_string"}}],"inLanguage":"sk-SK"}]}},"_links":{"self":[{"href":"https:\/\/www.onetimenexttime.sk\/arduino\/index.php\/wp-json\/wp\/v2\/product\/1561"}],"collection":[{"href":"https:\/\/www.onetimenexttime.sk\/arduino\/index.php\/wp-json\/wp\/v2\/product"}],"about":[{"href":"https:\/\/www.onetimenexttime.sk\/arduino\/index.php\/wp-json\/wp\/v2\/types\/product"}],"wp:featuredmedia":[{"embeddable":true,"href":"https:\/\/www.onetimenexttime.sk\/arduino\/index.php\/wp-json\/wp\/v2\/media\/1562"}],"wp:attachment":[{"href":"https:\/\/www.onetimenexttime.sk\/arduino\/index.php\/wp-json\/wp\/v2\/media?parent=1561"}],"wp:term":[{"taxonomy":"product_cat","embeddable":true,"href":"https:\/\/www.onetimenexttime.sk\/arduino\/index.php\/wp-json\/wp\/v2\/product_cat?post=1561"},{"taxonomy":"product_tag","embeddable":true,"href":"https:\/\/www.onetimenexttime.sk\/arduino\/index.php\/wp-json\/wp\/v2\/product_tag?post=1561"}],"curies":[{"name":"wp","href":"https:\/\/api.w.org\/{rel}","templated":true}]}}