{"id":1545,"date":"2021-11-17T16:33:47","date_gmt":"2021-11-17T15:33:47","guid":{"rendered":"https:\/\/www.onetimenexttime.sk\/arduino\/?post_type=product&#038;p=1545"},"modified":"2024-02-22T16:41:56","modified_gmt":"2024-02-22T15:41:56","slug":"ir-digital-38khz-infrared-receiver-sensor-module-for-arduino","status":"publish","type":"product","link":"https:\/\/www.onetimenexttime.sk\/arduino\/index.php\/produkt\/ir-digital-38khz-infrared-receiver-sensor-module-for-arduino\/","title":{"rendered":"IR Digital 38khz Infrared Receiver Sensor Module For Arduino"},"content":{"rendered":"<p>&nbsp;<\/p>\n<style>\n        table {<br \/>\n            width: 100%;<br \/>\n            border-collapse: collapse;<br \/>\n        }<br \/>\n        th, td {<br \/>\n            padding: 8px;<br \/>\n            text-align: left;<br \/>\n            border-bottom: 1px solid #ddd;<br \/>\n        }<br \/>\n        th {<br \/>\n            background-color: #f2f2f2;<br \/>\n        }<br \/>\n        #copyButton {<br \/>\n            background-color: #4CAF50;<br \/>\n            border: none;<br \/>\n            color: white;<br \/>\n            padding: 10px 20px;<br \/>\n            text-align: center;<br \/>\n            text-decoration: none;<br \/>\n            display: inline-block;<br \/>\n            font-size: 16px;<br \/>\n            margin: 4px 2px;<br \/>\n            cursor: pointer;<br \/>\n            border-radius: 5px;<br \/>\n        }<br \/>\n    <\/style>\n<p>&nbsp;<\/p>\n<h2>IR Digital 38khz Infrared Receiver Sensor Module For Arduino<\/h2>\n<table>\n<tbody>\n<tr>\n<th>Popis<\/th>\n<td>IR digit\u00e1lny prij\u00edma\u010d infra\u010derven\u00e9ho sign\u00e1lu s frekvenciou 38 kHz pre Arduino<\/td>\n<\/tr>\n<tr>\n<th>Vlastnosti<\/th>\n<td>\n<ul>\n<li>Detekcia infr\u010derven\u00e9ho sign\u00e1lu<\/li>\n<li>Frekven\u010dn\u00fd rozsah 38 kHz<\/li>\n<li>Kompatibiln\u00fd s Arduino<\/li>\n<\/ul>\n<\/td>\n<\/tr>\n<tr>\n<th>\u0160pecifik\u00e1cie<\/th>\n<td>\n<ul>\n<li>Frekvencia: 38 kHz<\/li>\n<li>Rozsah detekcie: xxx &#8211; xxx<\/li>\n<li>Rozmery: xxx mm x xxx mm x xxx mm<\/li>\n<\/ul>\n<\/td>\n<\/tr>\n<tr>\n<th>Pr\u00edklady pou\u017eitia<\/th>\n<td>\n<ul>\n<li>Ovl\u00e1danie dom\u00e1ceho zariadenia pomocou dia\u013ekov\u00e9ho ovl\u00e1da\u010da<\/li>\n<li>Detekcia pohybu pomocou infra\u010derven\u00e9ho senzora<\/li>\n<\/ul>\n<\/td>\n<\/tr>\n<tr>\n<th>Pr\u00edkladov\u00fd k\u00f3d pre Arduino<\/th>\n<td><code><code><br \/>\n#include &lt;IRremote.h&gt;<\/code><\/code>int IRpin = 3; \/\/ Pripojenie pinu senzora k Arduino<br \/>\nIRrecv irrecv(IRpin);<br \/>\ndecode_results results;<\/p>\n<p><code><code><\/code><\/code>void setup()<br \/>\n{<br \/>\nSerial.begin(9600);<br \/>\nirrecv.enableIRIn(); \/\/ Zapnutie prij\u00edmania sign\u00e1lu<br \/>\n}<\/p>\n<p><code><code><\/code><\/code>void loop()<br \/>\n{<br \/>\nif (irrecv.decode(&amp;results))<br \/>\n{<br \/>\nSerial.println(results.value, HEX);<br \/>\nirrecv.resume(); \/\/ \u010cakanie na \u010fal\u0161\u00ed sign\u00e1l<br \/>\n}<br \/>\n}<\/td>\n<\/tr>\n<tr>\n<th>Pr\u00edkladov\u00fd k\u00f3d pre ESPHome<\/th>\n<td><code><br \/>\nremote_receiver:<br \/>\npin: GPIO3<br \/>\ndump: all<br \/>\n<\/code><\/td>\n<\/tr>\n<\/tbody>\n<\/table>\n<p><button id=\"copyButton\">Skop\u00edrova\u0165 k\u00f3d<\/button><\/p>\n<p><script>\n    function copyCode() {\n        var code = document.querySelector('code');\n        var textArea = document.createElement('textarea');\n        textArea.value = code.textContent;\n        document.body.appendChild(textArea);\n        textArea.select();\n        document.execCommand('copy');\n        document.body.removeChild(textArea);\n        alert('K\u00f3d bol skop\u00edrovan\u00fd do schr\u00e1nky.');\n    }\n<\/script><\/p>\n<p>&nbsp;<\/p>\n<table>\n<tbody>\n<tr>\n<th style=\"text-align: center;\" colspan=\"2\">IR digit\u00e1lny prij\u00edma\u010d 38 kHz Infrapre prij\u00edma\u010dov\u00fd senzor pre Arduino<\/th>\n<\/tr>\n<tr>\n<td style=\"text-align: center;\" colspan=\"2\"><img decoding=\"async\" src=\"ir_receiver_sensor.jpg\" alt=\"IR digit\u00e1lny prij\u00edma\u010d 38 kHz Infrapre prij\u00edma\u010dov\u00fd senzor\" \/><\/td>\n<\/tr>\n<tr>\n<td><strong>Popis:<\/strong><\/td>\n<td>IR digit\u00e1lny prij\u00edma\u010d 38 kHz je senzor pou\u017e\u00edvan\u00fd na detekciu infra\u010derven\u00e9ho sign\u00e1lu s frekvenciou 38 kHz. Tento senzor m\u00f4\u017ee by\u0165 pou\u017eit\u00fd v r\u00f4znych projektov, ako je dia\u013ekov\u00e9 ovl\u00e1danie, detekcia pohybu, sledovanie a \u010fal\u0161ie aplik\u00e1cie. Senzor je jednoduch\u00fd na pou\u017eitie a je kompatibiln\u00fd s Arduino a \u010fal\u0161\u00edmi mikrokontrol\u00e9rmi.<\/td>\n<\/tr>\n<tr>\n<td><strong>Vlastnosti:<\/strong><\/td>\n<td>\n<ul>\n<li>Digit\u00e1lny prij\u00edma\u010d infrapre s frekvenciou 38 kHz<\/li>\n<li>Pou\u017e\u00edva sa na detekciu infra\u010derven\u00e9ho sign\u00e1lu<\/li>\n<li>\u013dahk\u00e1 integr\u00e1cia s Arduino a \u010fal\u0161\u00edmi mikrokontrol\u00e9rmi<\/li>\n<li>Predstavuje spo\u013eahliv\u00fa a presn\u00fa detekciu sign\u00e1lu<\/li>\n<li>Vhodn\u00fd pre r\u00f4zne projekty a aplik\u00e1cie<\/li>\n<\/ul>\n<\/td>\n<\/tr>\n<tr>\n<td><strong>\u0160pecifik\u00e1cie:<\/strong><\/td>\n<td>\n<table>\n<tbody>\n<tr>\n<td><strong>Pracovn\u00e9 nap\u00e4tie:<\/strong><\/td>\n<td>5V DC<\/td>\n<\/tr>\n<tr>\n<td><strong>Frekvencia prij\u00edma\u010da:<\/strong><\/td>\n<td>38 kHz<\/td>\n<\/tr>\n<tr>\n<td><strong>Rozhranie:<\/strong><\/td>\n<td>Digit\u00e1lny (HIGH\/LOW)<\/td>\n<\/tr>\n<tr>\n<td><strong>Maxim\u00e1lna vzdialenos\u0165 detekcie:<\/strong><\/td>\n<td>10 metrov<\/td>\n<\/tr>\n<tr>\n<td><strong>Rozsah teploty:<\/strong><\/td>\n<td>-20\u00b0C a\u017e +85\u00b0C<\/td>\n<\/tr>\n<tr>\n<td><strong>Pr\u00edklady pou\u017eitia:<\/strong><\/td>\n<td>\n<ul>\n<li>Dia\u013ekov\u00e9 ovl\u00e1danie<\/li>\n<li>Detekcia pohybu<\/li>\n<li>Bezpe\u010dnostn\u00e9 syst\u00e9my<\/li>\n<li>Robotika<\/li>\n<li>Automatick\u00e9 dvere<\/li>\n<\/ul>\n<\/td>\n<\/tr>\n<\/tbody>\n<\/table>\n<\/td>\n<\/tr>\n<tr>\n<td><strong>Pr\u00edkladov\u00fd k\u00f3d pre Arduino:<\/strong><\/td>\n<td>\n<pre lang=\"arduino\">int IR_PIN = 2;\r\n\r\nvoid setup() {\r\n  Serial.begin(9600);\r\n  pinMode(IR_PIN, INPUT);\r\n}\r\n\r\nvoid loop() {\r\n  int irValue = digitalRead(IR_PIN);\r\n  Serial.print(\"Hodnota infrapre: \");\r\n  Serial.println(irValue);\r\n  delay(500);\r\n}\r\n<\/pre>\n<\/td>\n<\/tr>\n<\/tbody>\n<\/table>\n<h2>IR digit\u00e1lny 38kHz modul infra\u010derven\u00e9ho prij\u00edma\u010da sn\u00edma\u010da pre Arduino<\/h2>\n<p>popis:<br \/>\n1. Pou\u017eitie prij\u00edma\u010da dia\u013ekov\u00e9ho ovl\u00e1dania 1838, vysok\u00e1 citlivos\u0165<br \/>\n2. Pracovn\u00e9 nap\u00e4tie 5V<br \/>\n3. V\u00fdstupn\u00e1 forma: digit\u00e1lny v\u00fdstup<br \/>\n4. K dispoz\u00edcii s\u00fa 2 upev\u0148ovacie otvory pre jednoduch\u00fa in\u0161tal\u00e1ciu. Clona 3,1 mm<br \/>\n5. S indik\u00e1torom \u00fadajov<br \/>\n6. Ve\u013ekos\u0165 PCB: 23,5*21,5mm<\/p>\n<p><strong>Pokyny na zapojenie:<\/strong><br \/>\nRozhranie digit\u00e1lneho v\u00fdstupu DAT<br \/>\nKladn\u00e9 nap\u00e1janie VCC 5V DC<br \/>\nGND 5V DC nap\u00e1janie z\u00e1porn\u00e9<\/p>\n<p>&nbsp;<\/p>\n<h2><span id=\"Specification\" class=\"mw-headline\">\u0160pecifik\u00e1cia<\/span><\/h2>\n<ul>\n<li>Nap\u00e1janie: 5V<\/li>\n<li>Rozhranie: digit\u00e1lne<\/li>\n<li>Modula\u010dn\u00e1 frekvencia: 38 kHz<\/li>\n<\/ul>\n<p>&nbsp;<\/p>\n<p><img loading=\"lazy\" decoding=\"async\" src=\"https:\/\/wiki.keyestudio.com\/images\/thumb\/5\/5c\/Ks0026.png\/700px-Ks0026.png\" srcset=\"\/images\/5\/5c\/Ks0026.png 1.5x\" alt=\"thumb\" width=\"700\" height=\"433\" \/><\/p>\n<p>&nbsp;<\/p>\n<pre>#include &lt;IRremote.h&gt;\r\n\u00a0int RECV_PIN = 11;\r\n\u00a0IRrecv irrecv(RECV_PIN);\r\n\u00a0decode_results results;\r\n\u00a0void setup()\r\n{\r\n\u00a0\u00a0Serial.begin(9600);\r\n\u00a0\u00a0irrecv.enableIRIn(); \/\/ Start the receiver\r\n}\r\n\u00a0void loop() {\r\n\u00a0\u00a0if (irrecv.decode(&amp;results)) {\r\n\u00a0\u00a0\u00a0\u00a0Serial.println(results.value, HEX);\r\n\u00a0\u00a0\u00a0\u00a0irrecv.resume(); \/\/ Receive the next value\r\n\u00a0\u00a0}\r\n}\r\n\r\n\r\n<img loading=\"lazy\" decoding=\"async\" src=\"https:\/\/wiki.keyestudio.com\/images\/4\/49\/KS0349_33-4.png\" alt=\"thumb\" width=\"525\" height=\"321\" \/>\r\n\r\n<a href=\"http:\/\/video.keyestudio.com\/ks0026\/\">http:\/\/video.keyestudio.com\/ks0026\/<\/a><\/pre>\n","protected":false},"excerpt":{"rendered":"<p>&nbsp; &nbsp; IR Digital 38khz Infrared Receiver Sensor Module For Arduino Popis IR digit\u00e1lny prij\u00edma\u010d infra\u010derven\u00e9ho sign\u00e1lu s frekvenciou 38&hellip;<\/p>\n","protected":false},"featured_media":1546,"template":"","meta":{"_monsterinsights_skip_tracking":false,"_monsterinsights_sitenote_active":false,"_monsterinsights_sitenote_note":"","_monsterinsights_sitenote_category":0},"product_cat":[16,74,69],"product_tag":[],"class_list":{"0":"post-1545","1":"product","2":"type-product","3":"status-publish","4":"has-post-thumbnail","6":"product_cat-ard","7":"product_cat-ir","8":"product_cat-sensors","10":"first","11":"instock","12":"shipping-taxable","13":"purchasable","14":"product-type-simple"},"yoast_head":"<!-- This site is optimized with the Yoast SEO plugin v23.6 - https:\/\/yoast.com\/wordpress\/plugins\/seo\/ -->\n<title>IR Digital 38khz Infrared Receiver Sensor Module For Arduino - Arduino e-shop<\/title>\n<meta name=\"robots\" content=\"index, follow, max-snippet:-1, max-image-preview:large, max-video-preview:-1\" \/>\n<link rel=\"canonical\" href=\"https:\/\/www.onetimenexttime.sk\/arduino\/index.php\/produkt\/ir-digital-38khz-infrared-receiver-sensor-module-for-arduino\/\" \/>\n<meta property=\"og:locale\" content=\"sk_SK\" \/>\n<meta property=\"og:type\" content=\"article\" \/>\n<meta property=\"og:title\" content=\"IR Digital 38khz Infrared Receiver Sensor Module For Arduino - Arduino e-shop\" \/>\n<meta property=\"og:description\" content=\"&nbsp; &nbsp; IR Digital 38khz Infrared Receiver Sensor Module For Arduino Popis IR digit\u00e1lny prij\u00edma\u010d infra\u010derven\u00e9ho sign\u00e1lu s frekvenciou 38&hellip;\" \/>\n<meta property=\"og:url\" content=\"https:\/\/www.onetimenexttime.sk\/arduino\/index.php\/produkt\/ir-digital-38khz-infrared-receiver-sensor-module-for-arduino\/\" \/>\n<meta property=\"og:site_name\" content=\"Arduino e-shop\" \/>\n<meta property=\"article:modified_time\" content=\"2024-02-22T15:41:56+00:00\" \/>\n<meta property=\"og:image\" content=\"https:\/\/www.onetimenexttime.sk\/arduino\/wp-content\/uploads\/2021\/11\/17407.jpg\" \/>\n\t<meta property=\"og:image:width\" content=\"490\" \/>\n\t<meta property=\"og:image:height\" content=\"493\" \/>\n\t<meta property=\"og:image:type\" content=\"image\/jpeg\" \/>\n<meta name=\"twitter:card\" content=\"summary_large_image\" \/>\n<meta name=\"twitter:label1\" content=\"Predpokladan\u00fd \u010das \u010d\u00edtania\" \/>\n\t<meta name=\"twitter:data1\" content=\"3 min\u00faty\" \/>\n<script type=\"application\/ld+json\" class=\"yoast-schema-graph\">{\"@context\":\"https:\/\/schema.org\",\"@graph\":[{\"@type\":\"WebPage\",\"@id\":\"https:\/\/www.onetimenexttime.sk\/arduino\/index.php\/produkt\/ir-digital-38khz-infrared-receiver-sensor-module-for-arduino\/\",\"url\":\"https:\/\/www.onetimenexttime.sk\/arduino\/index.php\/produkt\/ir-digital-38khz-infrared-receiver-sensor-module-for-arduino\/\",\"name\":\"IR Digital 38khz Infrared Receiver Sensor Module For Arduino - Arduino e-shop\",\"isPartOf\":{\"@id\":\"https:\/\/www.onetimenexttime.sk\/arduino\/#website\"},\"primaryImageOfPage\":{\"@id\":\"https:\/\/www.onetimenexttime.sk\/arduino\/index.php\/produkt\/ir-digital-38khz-infrared-receiver-sensor-module-for-arduino\/#primaryimage\"},\"image\":{\"@id\":\"https:\/\/www.onetimenexttime.sk\/arduino\/index.php\/produkt\/ir-digital-38khz-infrared-receiver-sensor-module-for-arduino\/#primaryimage\"},\"thumbnailUrl\":\"https:\/\/www.onetimenexttime.sk\/arduino\/wp-content\/uploads\/2021\/11\/17407.jpg\",\"datePublished\":\"2021-11-17T15:33:47+00:00\",\"dateModified\":\"2024-02-22T15:41:56+00:00\",\"breadcrumb\":{\"@id\":\"https:\/\/www.onetimenexttime.sk\/arduino\/index.php\/produkt\/ir-digital-38khz-infrared-receiver-sensor-module-for-arduino\/#breadcrumb\"},\"inLanguage\":\"sk-SK\",\"potentialAction\":[{\"@type\":\"ReadAction\",\"target\":[\"https:\/\/www.onetimenexttime.sk\/arduino\/index.php\/produkt\/ir-digital-38khz-infrared-receiver-sensor-module-for-arduino\/\"]}]},{\"@type\":\"ImageObject\",\"inLanguage\":\"sk-SK\",\"@id\":\"https:\/\/www.onetimenexttime.sk\/arduino\/index.php\/produkt\/ir-digital-38khz-infrared-receiver-sensor-module-for-arduino\/#primaryimage\",\"url\":\"https:\/\/www.onetimenexttime.sk\/arduino\/wp-content\/uploads\/2021\/11\/17407.jpg\",\"contentUrl\":\"https:\/\/www.onetimenexttime.sk\/arduino\/wp-content\/uploads\/2021\/11\/17407.jpg\",\"width\":490,\"height\":493},{\"@type\":\"BreadcrumbList\",\"@id\":\"https:\/\/www.onetimenexttime.sk\/arduino\/index.php\/produkt\/ir-digital-38khz-infrared-receiver-sensor-module-for-arduino\/#breadcrumb\",\"itemListElement\":[{\"@type\":\"ListItem\",\"position\":1,\"name\":\"Domov\",\"item\":\"https:\/\/www.onetimenexttime.sk\/arduino\/\"},{\"@type\":\"ListItem\",\"position\":2,\"name\":\"Obchod\",\"item\":\"https:\/\/www.onetimenexttime.sk\/arduino\/\"},{\"@type\":\"ListItem\",\"position\":3,\"name\":\"IR Digital 38khz Infrared Receiver Sensor Module For Arduino\"}]},{\"@type\":\"WebSite\",\"@id\":\"https:\/\/www.onetimenexttime.sk\/arduino\/#website\",\"url\":\"https:\/\/www.onetimenexttime.sk\/arduino\/\",\"name\":\"Arduino e-shop\",\"description\":\"Home Assistant\",\"potentialAction\":[{\"@type\":\"SearchAction\",\"target\":{\"@type\":\"EntryPoint\",\"urlTemplate\":\"https:\/\/www.onetimenexttime.sk\/arduino\/?s={search_term_string}\"},\"query-input\":{\"@type\":\"PropertyValueSpecification\",\"valueRequired\":true,\"valueName\":\"search_term_string\"}}],\"inLanguage\":\"sk-SK\"}]}<\/script>\n<!-- \/ Yoast SEO plugin. -->","yoast_head_json":{"title":"IR Digital 38khz Infrared Receiver Sensor Module For Arduino - Arduino e-shop","robots":{"index":"index","follow":"follow","max-snippet":"max-snippet:-1","max-image-preview":"max-image-preview:large","max-video-preview":"max-video-preview:-1"},"canonical":"https:\/\/www.onetimenexttime.sk\/arduino\/index.php\/produkt\/ir-digital-38khz-infrared-receiver-sensor-module-for-arduino\/","og_locale":"sk_SK","og_type":"article","og_title":"IR Digital 38khz Infrared Receiver Sensor Module For Arduino - Arduino e-shop","og_description":"&nbsp; &nbsp; IR Digital 38khz Infrared Receiver Sensor Module For Arduino Popis IR digit\u00e1lny prij\u00edma\u010d infra\u010derven\u00e9ho sign\u00e1lu s frekvenciou 38&hellip;","og_url":"https:\/\/www.onetimenexttime.sk\/arduino\/index.php\/produkt\/ir-digital-38khz-infrared-receiver-sensor-module-for-arduino\/","og_site_name":"Arduino e-shop","article_modified_time":"2024-02-22T15:41:56+00:00","og_image":[{"width":490,"height":493,"url":"https:\/\/www.onetimenexttime.sk\/arduino\/wp-content\/uploads\/2021\/11\/17407.jpg","type":"image\/jpeg"}],"twitter_card":"summary_large_image","twitter_misc":{"Predpokladan\u00fd \u010das \u010d\u00edtania":"3 min\u00faty"},"schema":{"@context":"https:\/\/schema.org","@graph":[{"@type":"WebPage","@id":"https:\/\/www.onetimenexttime.sk\/arduino\/index.php\/produkt\/ir-digital-38khz-infrared-receiver-sensor-module-for-arduino\/","url":"https:\/\/www.onetimenexttime.sk\/arduino\/index.php\/produkt\/ir-digital-38khz-infrared-receiver-sensor-module-for-arduino\/","name":"IR Digital 38khz Infrared Receiver Sensor Module For Arduino - Arduino e-shop","isPartOf":{"@id":"https:\/\/www.onetimenexttime.sk\/arduino\/#website"},"primaryImageOfPage":{"@id":"https:\/\/www.onetimenexttime.sk\/arduino\/index.php\/produkt\/ir-digital-38khz-infrared-receiver-sensor-module-for-arduino\/#primaryimage"},"image":{"@id":"https:\/\/www.onetimenexttime.sk\/arduino\/index.php\/produkt\/ir-digital-38khz-infrared-receiver-sensor-module-for-arduino\/#primaryimage"},"thumbnailUrl":"https:\/\/www.onetimenexttime.sk\/arduino\/wp-content\/uploads\/2021\/11\/17407.jpg","datePublished":"2021-11-17T15:33:47+00:00","dateModified":"2024-02-22T15:41:56+00:00","breadcrumb":{"@id":"https:\/\/www.onetimenexttime.sk\/arduino\/index.php\/produkt\/ir-digital-38khz-infrared-receiver-sensor-module-for-arduino\/#breadcrumb"},"inLanguage":"sk-SK","potentialAction":[{"@type":"ReadAction","target":["https:\/\/www.onetimenexttime.sk\/arduino\/index.php\/produkt\/ir-digital-38khz-infrared-receiver-sensor-module-for-arduino\/"]}]},{"@type":"ImageObject","inLanguage":"sk-SK","@id":"https:\/\/www.onetimenexttime.sk\/arduino\/index.php\/produkt\/ir-digital-38khz-infrared-receiver-sensor-module-for-arduino\/#primaryimage","url":"https:\/\/www.onetimenexttime.sk\/arduino\/wp-content\/uploads\/2021\/11\/17407.jpg","contentUrl":"https:\/\/www.onetimenexttime.sk\/arduino\/wp-content\/uploads\/2021\/11\/17407.jpg","width":490,"height":493},{"@type":"BreadcrumbList","@id":"https:\/\/www.onetimenexttime.sk\/arduino\/index.php\/produkt\/ir-digital-38khz-infrared-receiver-sensor-module-for-arduino\/#breadcrumb","itemListElement":[{"@type":"ListItem","position":1,"name":"Domov","item":"https:\/\/www.onetimenexttime.sk\/arduino\/"},{"@type":"ListItem","position":2,"name":"Obchod","item":"https:\/\/www.onetimenexttime.sk\/arduino\/"},{"@type":"ListItem","position":3,"name":"IR Digital 38khz Infrared Receiver Sensor Module For Arduino"}]},{"@type":"WebSite","@id":"https:\/\/www.onetimenexttime.sk\/arduino\/#website","url":"https:\/\/www.onetimenexttime.sk\/arduino\/","name":"Arduino e-shop","description":"Home Assistant","potentialAction":[{"@type":"SearchAction","target":{"@type":"EntryPoint","urlTemplate":"https:\/\/www.onetimenexttime.sk\/arduino\/?s={search_term_string}"},"query-input":{"@type":"PropertyValueSpecification","valueRequired":true,"valueName":"search_term_string"}}],"inLanguage":"sk-SK"}]}},"_links":{"self":[{"href":"https:\/\/www.onetimenexttime.sk\/arduino\/index.php\/wp-json\/wp\/v2\/product\/1545"}],"collection":[{"href":"https:\/\/www.onetimenexttime.sk\/arduino\/index.php\/wp-json\/wp\/v2\/product"}],"about":[{"href":"https:\/\/www.onetimenexttime.sk\/arduino\/index.php\/wp-json\/wp\/v2\/types\/product"}],"wp:featuredmedia":[{"embeddable":true,"href":"https:\/\/www.onetimenexttime.sk\/arduino\/index.php\/wp-json\/wp\/v2\/media\/1546"}],"wp:attachment":[{"href":"https:\/\/www.onetimenexttime.sk\/arduino\/index.php\/wp-json\/wp\/v2\/media?parent=1545"}],"wp:term":[{"taxonomy":"product_cat","embeddable":true,"href":"https:\/\/www.onetimenexttime.sk\/arduino\/index.php\/wp-json\/wp\/v2\/product_cat?post=1545"},{"taxonomy":"product_tag","embeddable":true,"href":"https:\/\/www.onetimenexttime.sk\/arduino\/index.php\/wp-json\/wp\/v2\/product_tag?post=1545"}],"curies":[{"name":"wp","href":"https:\/\/api.w.org\/{rel}","templated":true}]}}