{"id":1539,"date":"2021-11-17T13:54:05","date_gmt":"2021-11-17T12:54:05","guid":{"rendered":"https:\/\/www.onetimenexttime.sk\/arduino\/?post_type=product&#038;p=1539"},"modified":"2024-02-22T15:08:50","modified_gmt":"2024-02-22T14:08:50","slug":"hall-magnetic-sensor-module-ky-003","status":"publish","type":"product","link":"https:\/\/www.onetimenexttime.sk\/arduino\/index.php\/produkt\/hall-magnetic-sensor-module-ky-003\/","title":{"rendered":"KY-024 Linear magnetic Hall sensors"},"content":{"rendered":"<h2><\/h2>\n<h3>Line\u00e1rne magnetick\u00e9 Hallovy senzory KY-024<\/h3>\n<p><strong>Popis:<\/strong><\/p>\n<p>KY-024 je modul s line\u00e1rnym magnetick\u00fdm Hallov\u00fdm senzorom, ktor\u00fd je schopn\u00fd detekova\u0165 magnetick\u00e9 pole a poskytova\u0165 anal\u00f3gov\u00fd v\u00fdstup zalo\u017een\u00fd na intenzite tohto po\u013ea. Tento senzor je \u010dasto vyu\u017e\u00edvan\u00fd vo viacer\u00fdch projektov, ako s\u00fa meranie polohy, detekcia magnetick\u00fdch pol\u00ed a \u010fal\u0161ie aplik\u00e1cie, kde je potrebn\u00e9 monitorova\u0165 zmenu magnetick\u00e9ho po\u013ea.<\/p>\n<p><strong>Vlastnosti:<\/strong><\/p>\n<ul>\n<li><strong>Line\u00e1rny magnetick\u00fd senzor:<\/strong> Detekuje magnetick\u00e9 pole a poskytuje anal\u00f3gov\u00fd v\u00fdstup zalo\u017een\u00fd na intenzite po\u013ea.<\/li>\n<li><strong>Variabiln\u00fd v\u00fdstup:<\/strong> Poskytuje anal\u00f3gov\u00fd v\u00fdstup, ktor\u00fd sa men\u00ed v z\u00e1vislosti od intenzity magnetick\u00e9ho po\u013ea.<\/li>\n<li><strong>Jednoduch\u00e1 in\u0161tal\u00e1cia:<\/strong> Modul je pripraven\u00fd na pou\u017eitie a jednoducho sa prip\u00e1ja k mikrokontrol\u00e9ru alebo in\u00e9mu elektronick\u00e9mu zariadeniu.<\/li>\n<li><strong>\u0160irok\u00e9 spektrum aplik\u00e1ci\u00ed:<\/strong> Pou\u017e\u00edva sa pre meranie polohy, detekciu magnetick\u00fdch pol\u00ed, riadenie motora na z\u00e1klade magnetick\u00e9ho po\u013ea a \u010fal\u0161ie.<\/li>\n<\/ul>\n<p><strong>Parametre:<\/strong><\/p>\n<ul>\n<li><strong>Typ senzora:<\/strong> Line\u00e1rny magnetick\u00fd Hallov\u00fd senzor<\/li>\n<li><strong>Nap\u00e1jacie nap\u00e4tie:<\/strong> 3.3V &#8211; 5V DC<\/li>\n<li><strong>V\u00fdstup:<\/strong> Anal\u00f3gov\u00fd v\u00fdstup<\/li>\n<li><strong>Rozsah v\u00fdstupu:<\/strong> Z\u00e1vis\u00ed od intenzity magnetick\u00e9ho po\u013ea<\/li>\n<li><strong>Rozmery modulu:<\/strong> \u0161 x v mm<\/li>\n<li><strong>Rozmery senzora:<\/strong> \u0161 x v x h mm<\/li>\n<\/ul>\n<p><strong>Aplik\u00e1cie:<\/strong><\/p>\n<ul>\n<li>Meranie polohy a r\u00fdchlosti<\/li>\n<li>Detekcia magnetick\u00fdch pol\u00ed<\/li>\n<li>Riadenie motorov na z\u00e1klade magnetick\u00e9ho po\u013ea<\/li>\n<li>Bezkontaktn\u00e9 sp\u00ednanie a sn\u00edmanie<\/li>\n<\/ul>\n<p><strong>Obsah balenia:<\/strong><\/p>\n<ul>\n<li>1 x Modul s line\u00e1rnym magnetick\u00fdm Hallov\u00fdm senzorom KY-024<\/li>\n<\/ul>\n<p><strong>Pozn\u00e1mka:<\/strong><\/p>\n<ul>\n<li>Pred pou\u017eit\u00edm senzora si pre\u010d\u00edtajte dokument\u00e1ciu a n\u00e1vod na pou\u017eitie a dodr\u017eiavajte bezpe\u010dnostn\u00e9 a prev\u00e1dzkov\u00e9 pokyny.<\/li>\n<li>Uistite sa, \u017ee senzor je spr\u00e1vne nap\u00e1jan\u00fd a pripojen\u00fd k mikrokontrol\u00e9ru alebo in\u00e9mu elektronick\u00e9mu zariadeniu.<\/li>\n<\/ul>\n<h2><\/h2>\n<p>&nbsp;<\/p>\n<div class=\"regular contents\">\n<div class=\"cooked\">\n<div class=\"codeblock-button-wrapper\"><\/div>\n<pre class=\"codeblock-buttons\"><code class=\"lang-cpp hljs language-cpp\" data-highlighted=\"yes\"><span class=\"hljs-meta\">#<span class=\"hljs-keyword\">include<\/span> <span class=\"hljs-string\">&lt;LiquidCrystal.h&gt;<\/span> <\/span>\r\n<span class=\"hljs-type\">int<\/span> Contrast=<span class=\"hljs-number\">100<\/span>;\r\n<span class=\"hljs-function\">LiquidCrystal <span class=\"hljs-title\">lcd<\/span><span class=\"hljs-params\">(<span class=\"hljs-number\">40<\/span>,<span class=\"hljs-number\">41<\/span>,<span class=\"hljs-number\">42<\/span>,<span class=\"hljs-number\">43<\/span>,<span class=\"hljs-number\">44<\/span>,<span class=\"hljs-number\">45<\/span>,<span class=\"hljs-number\">46<\/span>)<\/span><\/span>;  \r\n\r\n<span class=\"hljs-type\">int<\/span> Pin = <span class=\"hljs-number\">2<\/span>; <span class=\"hljs-comment\">\/\/ Hall sensor at pin 2<\/span>\r\n\r\n<span class=\"hljs-type\">unsigned<\/span> <span class=\"hljs-type\">long<\/span> rpm = <span class=\"hljs-number\">0<\/span>;\r\n<span class=\"hljs-type\">unsigned<\/span> <span class=\"hljs-type\">long<\/span> duration;\r\n\r\n<span class=\"hljs-function\"><span class=\"hljs-type\">void<\/span> <span class=\"hljs-title\">setup<\/span><span class=\"hljs-params\">()<\/span> <\/span>{\r\n  <span class=\"hljs-built_in\">pinMode<\/span>(Pin, INPUT); <span class=\"hljs-comment\">\/\/Sets sensor as input<\/span>\r\n  <span class=\"hljs-built_in\">analogWrite<\/span>(<span class=\"hljs-number\">6<\/span>,Contrast);\r\n  lcd.<span class=\"hljs-built_in\">begin<\/span>(<span class=\"hljs-number\">16<\/span>, <span class=\"hljs-number\">2<\/span>);\r\n}\r\n<span class=\"hljs-function\"><span class=\"hljs-type\">void<\/span> <span class=\"hljs-title\">loop<\/span><span class=\"hljs-params\">()<\/span>\r\n<\/span>{\r\n  duration = <span class=\"hljs-built_in\">pulseIn<\/span>(Pin, FALLING, <span class=\"hljs-number\">500000<\/span>); <span class=\"hljs-comment\">\/\/times the amount of microseconds the motor is not timing IR, Times out after 100000 uS. Raise the timeout for slower RPM readings. .5 second<\/span>\r\n  rpm = <span class=\"hljs-number\">60000.0<\/span>\/duration*<span class=\"hljs-number\">1000<\/span>; <span class=\"hljs-comment\">\/\/See above<\/span>\r\n \r\n  lcd.<span class=\"hljs-built_in\">clear<\/span>();  \r\n  lcd.<span class=\"hljs-built_in\">print<\/span>(<span class=\"hljs-string\">\"Engine RPM \"<\/span>);\r\n  lcd.<span class=\"hljs-built_in\">print<\/span>(rpm);\r\n}\r\n<\/code><\/pre>\n<\/div>\n<div><\/div>\n<section class=\"post-menu-area clearfix\">\n<nav class=\"post-controls expanded\">\n<div class=\"actions\">\n<div class=\"double-button\"><\/div>\n<p><button class=\"widget-button btn-flat post-action-menu__copy-link no-text btn-icon\" title=\"skop\u00edrova\u0165 odkaz na tento pr\u00edspevok do schr\u00e1nky\"><\/button><\/div>\n<\/nav>\n<\/section>\n<\/div>\n<section class=\"post-actions\"><\/section>\n<div class=\"post-links-container\"><\/div>\n<div class=\"topic-map\"><\/div>\n<p>&nbsp;<\/p>\n<p>&nbsp;<\/p>\n<p>&nbsp;<\/p>\n<p>int sensorPin = A0; \/\/ Pripojenie senzora k anal\u00f3gov\u00e9mu pinu A0<br \/>\nint sensorValue = 0; \/\/ Premenn\u00e1 pre uchov\u00e1vanie hodnoty z \u010d\u00edtania senzora<\/p>\n<p>void setup() {<br \/>\nSerial.begin(9600); \/\/ Inicializ\u00e1cia komunik\u00e1cie so s\u00e9riov\u00fdm monitorom<br \/>\n}<\/p>\n<p>void loop() {<br \/>\nsensorValue = analogRead(sensorPin); \/\/ \u010c\u00edtanie hodnoty z anal\u00f3gov\u00e9ho pinu<br \/>\nSerial.println(sensorValue); \/\/ Vyp\u00edsanie hodnoty na s\u00e9riov\u00fd monitor<br \/>\ndelay(500); \/\/ \u010cakanie 500 milisek\u00fand medzi \u010d\u00edtaniami<br \/>\n}<\/p>\n<p>&nbsp;<\/p>\n<h2><\/h2>\n<h2>KY-024 Line\u00e1rne magnetick\u00e9 Hallove sn\u00edma\u010de<\/h2>\n<p>,<\/p>\n<p><strong>Popis:<\/strong><\/p>\n<p>1. m\u00e1 pokyny na v\u00fdstup sign\u00e1lu.<\/p>\n<p>2. v\u00fdstup jedin\u00e9ho sign\u00e1lu.<\/p>\n<p>3. efekt\u00edvny v\u00fdstup sign\u00e1lu pre n\u00edzku \u00farove\u0148.<\/p>\n<p>4. citlivos\u0165 nastavite\u013en\u00e1 \u010dist\u00fd t\u00f3n ().<\/p>\n<p>5. maj\u00fa v\u00fdstupy sign\u00e1lu v\u00fdstup sign\u00e1lu<\/p>\n<p>6. mno\u017estvo prep\u00edna\u010dov v\u00fdstupov dosiek plo\u0161n\u00fdch spojov! (m\u00f4\u017ee by\u0165 priamo od SCM)<\/p>\n<p>&nbsp;<\/p>\n<p><img decoding=\"async\" src=\"https:\/\/sensorkit.joy-it.net\/files\/files\/sensors\/KY-024\/024-ARD.svg\" width=\"425\" \/><\/p>\n<p>&nbsp;<\/p>\n<pre class=\"language-cpp line-numbers\" tabindex=\"0\"><code class=\"language-cpp\"><span class=\"token comment\">\/\/ Declaration and initialization of the input pins<\/span>\r\n<span class=\"token keyword\">int<\/span> Analog_Input <span class=\"token operator\">=<\/span> A0<span class=\"token punctuation\">;<\/span> <span class=\"token comment\">\/\/ Analog output of the sensor<\/span>\r\n<span class=\"token keyword\">int<\/span> Digital_Input <span class=\"token operator\">=<\/span> <span class=\"token number\">3<\/span><span class=\"token punctuation\">;<\/span> <span class=\"token comment\">\/\/ Digital output of the sensor<\/span>\r\n  \r\n<span class=\"token keyword\">void<\/span> <span class=\"token function\">setup<\/span> <span class=\"token punctuation\">(<\/span><span class=\"token punctuation\">)<\/span>\r\n<span class=\"token punctuation\">{<\/span>\r\n  <span class=\"token function\">pinMode<\/span> <span class=\"token punctuation\">(<\/span>Analog_Input<span class=\"token punctuation\">,<\/span> INPUT<span class=\"token punctuation\">)<\/span><span class=\"token punctuation\">;<\/span>\r\n  <span class=\"token function\">pinMode<\/span> <span class=\"token punctuation\">(<\/span>Digital_Input<span class=\"token punctuation\">,<\/span> INPUT<span class=\"token punctuation\">)<\/span><span class=\"token punctuation\">;<\/span>\r\n       \r\n  Serial<span class=\"token punctuation\">.<\/span><span class=\"token function\">begin<\/span> <span class=\"token punctuation\">(<\/span><span class=\"token number\">9600<\/span><span class=\"token punctuation\">)<\/span><span class=\"token punctuation\">;<\/span> <span class=\"token comment\">\/\/ Serial output with 9600 bps<\/span>\r\n<span class=\"token punctuation\">}<\/span>\r\n\r\n<span class=\"token comment\">\/\/ The program reads the current values of the input pins<\/span>\r\n<span class=\"token comment\">\/\/ and outputs them to the serial output<\/span>\r\n<span class=\"token keyword\">void<\/span> <span class=\"token function\">loop<\/span> <span class=\"token punctuation\">(<\/span><span class=\"token punctuation\">)<\/span>\r\n<span class=\"token punctuation\">{<\/span>\r\n  <span class=\"token keyword\">float<\/span> Analog<span class=\"token punctuation\">;<\/span>\r\n  <span class=\"token keyword\">int<\/span> Digital<span class=\"token punctuation\">;<\/span>\r\n    \r\n  <span class=\"token comment\">\/\/Actual values are read, converted to the voltage value....<\/span>\r\n  Analog <span class=\"token operator\">=<\/span> <span class=\"token function\">analogRead<\/span> <span class=\"token punctuation\">(<\/span>Analog_Input<span class=\"token punctuation\">)<\/span> <span class=\"token operator\">*<\/span> <span class=\"token punctuation\">(<\/span><span class=\"token number\">5.0<\/span> <span class=\"token operator\">\/<\/span> <span class=\"token number\">1023.0<\/span><span class=\"token punctuation\">)<\/span><span class=\"token punctuation\">;<\/span> \r\n  Digital <span class=\"token operator\">=<\/span> <span class=\"token function\">digitalRead<\/span> <span class=\"token punctuation\">(<\/span>Digital_Input<span class=\"token punctuation\">)<\/span><span class=\"token punctuation\">;<\/span>\r\n    \r\n  <span class=\"token comment\">\/\/... and output at this position<\/span>\r\n  Serial<span class=\"token punctuation\">.<\/span><span class=\"token function\">print<\/span> <span class=\"token punctuation\">(<\/span><span class=\"token string\">\"Analog voltage value:\"<\/span><span class=\"token punctuation\">)<\/span><span class=\"token punctuation\">;<\/span> Serial<span class=\"token punctuation\">.<\/span><span class=\"token function\">print<\/span> <span class=\"token punctuation\">(<\/span>Analog<span class=\"token punctuation\">,<\/span> <span class=\"token number\">4<\/span><span class=\"token punctuation\">)<\/span><span class=\"token punctuation\">;<\/span> Serial<span class=\"token punctuation\">.<\/span><span class=\"token function\">print<\/span> <span class=\"token punctuation\">(<\/span><span class=\"token string\">\"V, \"<\/span><span class=\"token punctuation\">)<\/span><span class=\"token punctuation\">;<\/span>\r\n  Serial<span class=\"token punctuation\">.<\/span><span class=\"token function\">print<\/span> <span class=\"token punctuation\">(<\/span><span class=\"token string\">\"Limit value:\"<\/span><span class=\"token punctuation\">)<\/span><span class=\"token punctuation\">;<\/span>\r\n  \r\n  <span class=\"token keyword\">if<\/span><span class=\"token punctuation\">(<\/span>Digital<span class=\"token operator\">==<\/span><span class=\"token number\">1<\/span><span class=\"token punctuation\">)<\/span>\r\n  <span class=\"token punctuation\">{<\/span>\r\n      Serial<span class=\"token punctuation\">.<\/span><span class=\"token function\">println<\/span> <span class=\"token punctuation\">(<\/span><span class=\"token string\">\" reached\"<\/span><span class=\"token punctuation\">)<\/span><span class=\"token punctuation\">;<\/span>\r\n  <span class=\"token punctuation\">}<\/span>\r\n  <span class=\"token keyword\">else<\/span>\r\n  <span class=\"token punctuation\">{<\/span>\r\n      Serial<span class=\"token punctuation\">.<\/span><span class=\"token function\">println<\/span> <span class=\"token punctuation\">(<\/span><span class=\"token string\">\" not yet reached\"<\/span><span class=\"token punctuation\">)<\/span><span class=\"token punctuation\">;<\/span>\r\n  <span class=\"token punctuation\">}<\/span>\r\n  Serial<span class=\"token punctuation\">.<\/span><span class=\"token function\">println<\/span> <span class=\"token punctuation\">(<\/span><span class=\"token string\">\"----------------------------------------------------------------\"<\/span><span class=\"token punctuation\">)<\/span><span class=\"token punctuation\">;<\/span>\r\n  <span class=\"token function\">delay<\/span> <span class=\"token punctuation\">(<\/span><span class=\"token number\">200<\/span><span class=\"token punctuation\">)<\/span><span class=\"token punctuation\">;<\/span>\r\n<span class=\"token punctuation\">}<\/span><\/code><\/pre>\n","protected":false},"excerpt":{"rendered":"<p>Line\u00e1rne magnetick\u00e9 Hallovy senzory KY-024 Popis: KY-024 je modul s line\u00e1rnym magnetick\u00fdm Hallov\u00fdm senzorom, ktor\u00fd je schopn\u00fd detekova\u0165 magnetick\u00e9 pole&hellip;<\/p>\n","protected":false},"featured_media":1542,"template":"","meta":{"_monsterinsights_skip_tracking":false,"_monsterinsights_sitenote_active":false,"_monsterinsights_sitenote_note":"","_monsterinsights_sitenote_category":0},"product_cat":[16,78,69],"product_tag":[],"class_list":{"0":"post-1539","1":"product","2":"type-product","3":"status-publish","4":"has-post-thumbnail","6":"product_cat-ard","7":"product_cat-magnet","8":"product_cat-sensors","10":"first","11":"instock","12":"shipping-taxable","13":"purchasable","14":"product-type-simple"},"yoast_head":"<!-- This site is optimized with the Yoast SEO plugin v23.6 - https:\/\/yoast.com\/wordpress\/plugins\/seo\/ -->\n<title>KY-024 Linear magnetic Hall sensors - Arduino e-shop<\/title>\n<meta name=\"robots\" content=\"index, follow, max-snippet:-1, max-image-preview:large, max-video-preview:-1\" \/>\n<link rel=\"canonical\" href=\"https:\/\/www.onetimenexttime.sk\/arduino\/index.php\/produkt\/hall-magnetic-sensor-module-ky-003\/\" \/>\n<meta property=\"og:locale\" content=\"sk_SK\" \/>\n<meta property=\"og:type\" content=\"article\" \/>\n<meta property=\"og:title\" content=\"KY-024 Linear magnetic Hall sensors - Arduino e-shop\" \/>\n<meta property=\"og:description\" content=\"Line\u00e1rne magnetick\u00e9 Hallovy senzory KY-024 Popis: KY-024 je modul s line\u00e1rnym magnetick\u00fdm Hallov\u00fdm senzorom, ktor\u00fd je schopn\u00fd detekova\u0165 magnetick\u00e9 pole&hellip;\" \/>\n<meta property=\"og:url\" content=\"https:\/\/www.onetimenexttime.sk\/arduino\/index.php\/produkt\/hall-magnetic-sensor-module-ky-003\/\" \/>\n<meta property=\"og:site_name\" content=\"Arduino e-shop\" \/>\n<meta property=\"article:modified_time\" content=\"2024-02-22T14:08:50+00:00\" \/>\n<meta property=\"og:image\" content=\"https:\/\/www.onetimenexttime.sk\/arduino\/wp-content\/uploads\/2021\/11\/17920.jpg\" \/>\n\t<meta property=\"og:image:width\" content=\"490\" \/>\n\t<meta property=\"og:image:height\" content=\"493\" \/>\n\t<meta property=\"og:image:type\" content=\"image\/jpeg\" \/>\n<meta name=\"twitter:card\" content=\"summary_large_image\" \/>\n<meta name=\"twitter:label1\" content=\"Predpokladan\u00fd \u010das \u010d\u00edtania\" \/>\n\t<meta name=\"twitter:data1\" content=\"3 min\u00faty\" \/>\n<script type=\"application\/ld+json\" class=\"yoast-schema-graph\">{\"@context\":\"https:\/\/schema.org\",\"@graph\":[{\"@type\":\"WebPage\",\"@id\":\"https:\/\/www.onetimenexttime.sk\/arduino\/index.php\/produkt\/hall-magnetic-sensor-module-ky-003\/\",\"url\":\"https:\/\/www.onetimenexttime.sk\/arduino\/index.php\/produkt\/hall-magnetic-sensor-module-ky-003\/\",\"name\":\"KY-024 Linear magnetic Hall sensors - Arduino e-shop\",\"isPartOf\":{\"@id\":\"https:\/\/www.onetimenexttime.sk\/arduino\/#website\"},\"primaryImageOfPage\":{\"@id\":\"https:\/\/www.onetimenexttime.sk\/arduino\/index.php\/produkt\/hall-magnetic-sensor-module-ky-003\/#primaryimage\"},\"image\":{\"@id\":\"https:\/\/www.onetimenexttime.sk\/arduino\/index.php\/produkt\/hall-magnetic-sensor-module-ky-003\/#primaryimage\"},\"thumbnailUrl\":\"https:\/\/www.onetimenexttime.sk\/arduino\/wp-content\/uploads\/2021\/11\/17920.jpg\",\"datePublished\":\"2021-11-17T12:54:05+00:00\",\"dateModified\":\"2024-02-22T14:08:50+00:00\",\"breadcrumb\":{\"@id\":\"https:\/\/www.onetimenexttime.sk\/arduino\/index.php\/produkt\/hall-magnetic-sensor-module-ky-003\/#breadcrumb\"},\"inLanguage\":\"sk-SK\",\"potentialAction\":[{\"@type\":\"ReadAction\",\"target\":[\"https:\/\/www.onetimenexttime.sk\/arduino\/index.php\/produkt\/hall-magnetic-sensor-module-ky-003\/\"]}]},{\"@type\":\"ImageObject\",\"inLanguage\":\"sk-SK\",\"@id\":\"https:\/\/www.onetimenexttime.sk\/arduino\/index.php\/produkt\/hall-magnetic-sensor-module-ky-003\/#primaryimage\",\"url\":\"https:\/\/www.onetimenexttime.sk\/arduino\/wp-content\/uploads\/2021\/11\/17920.jpg\",\"contentUrl\":\"https:\/\/www.onetimenexttime.sk\/arduino\/wp-content\/uploads\/2021\/11\/17920.jpg\",\"width\":490,\"height\":493},{\"@type\":\"BreadcrumbList\",\"@id\":\"https:\/\/www.onetimenexttime.sk\/arduino\/index.php\/produkt\/hall-magnetic-sensor-module-ky-003\/#breadcrumb\",\"itemListElement\":[{\"@type\":\"ListItem\",\"position\":1,\"name\":\"Domov\",\"item\":\"https:\/\/www.onetimenexttime.sk\/arduino\/\"},{\"@type\":\"ListItem\",\"position\":2,\"name\":\"Obchod\",\"item\":\"https:\/\/www.onetimenexttime.sk\/arduino\/\"},{\"@type\":\"ListItem\",\"position\":3,\"name\":\"KY-024 Linear magnetic Hall sensors\"}]},{\"@type\":\"WebSite\",\"@id\":\"https:\/\/www.onetimenexttime.sk\/arduino\/#website\",\"url\":\"https:\/\/www.onetimenexttime.sk\/arduino\/\",\"name\":\"Arduino e-shop\",\"description\":\"Home Assistant\",\"potentialAction\":[{\"@type\":\"SearchAction\",\"target\":{\"@type\":\"EntryPoint\",\"urlTemplate\":\"https:\/\/www.onetimenexttime.sk\/arduino\/?s={search_term_string}\"},\"query-input\":{\"@type\":\"PropertyValueSpecification\",\"valueRequired\":true,\"valueName\":\"search_term_string\"}}],\"inLanguage\":\"sk-SK\"}]}<\/script>\n<!-- \/ Yoast SEO plugin. -->","yoast_head_json":{"title":"KY-024 Linear magnetic Hall sensors - Arduino e-shop","robots":{"index":"index","follow":"follow","max-snippet":"max-snippet:-1","max-image-preview":"max-image-preview:large","max-video-preview":"max-video-preview:-1"},"canonical":"https:\/\/www.onetimenexttime.sk\/arduino\/index.php\/produkt\/hall-magnetic-sensor-module-ky-003\/","og_locale":"sk_SK","og_type":"article","og_title":"KY-024 Linear magnetic Hall sensors - Arduino e-shop","og_description":"Line\u00e1rne magnetick\u00e9 Hallovy senzory KY-024 Popis: KY-024 je modul s line\u00e1rnym magnetick\u00fdm Hallov\u00fdm senzorom, ktor\u00fd je schopn\u00fd detekova\u0165 magnetick\u00e9 pole&hellip;","og_url":"https:\/\/www.onetimenexttime.sk\/arduino\/index.php\/produkt\/hall-magnetic-sensor-module-ky-003\/","og_site_name":"Arduino e-shop","article_modified_time":"2024-02-22T14:08:50+00:00","og_image":[{"width":490,"height":493,"url":"https:\/\/www.onetimenexttime.sk\/arduino\/wp-content\/uploads\/2021\/11\/17920.jpg","type":"image\/jpeg"}],"twitter_card":"summary_large_image","twitter_misc":{"Predpokladan\u00fd \u010das \u010d\u00edtania":"3 min\u00faty"},"schema":{"@context":"https:\/\/schema.org","@graph":[{"@type":"WebPage","@id":"https:\/\/www.onetimenexttime.sk\/arduino\/index.php\/produkt\/hall-magnetic-sensor-module-ky-003\/","url":"https:\/\/www.onetimenexttime.sk\/arduino\/index.php\/produkt\/hall-magnetic-sensor-module-ky-003\/","name":"KY-024 Linear magnetic Hall sensors - Arduino e-shop","isPartOf":{"@id":"https:\/\/www.onetimenexttime.sk\/arduino\/#website"},"primaryImageOfPage":{"@id":"https:\/\/www.onetimenexttime.sk\/arduino\/index.php\/produkt\/hall-magnetic-sensor-module-ky-003\/#primaryimage"},"image":{"@id":"https:\/\/www.onetimenexttime.sk\/arduino\/index.php\/produkt\/hall-magnetic-sensor-module-ky-003\/#primaryimage"},"thumbnailUrl":"https:\/\/www.onetimenexttime.sk\/arduino\/wp-content\/uploads\/2021\/11\/17920.jpg","datePublished":"2021-11-17T12:54:05+00:00","dateModified":"2024-02-22T14:08:50+00:00","breadcrumb":{"@id":"https:\/\/www.onetimenexttime.sk\/arduino\/index.php\/produkt\/hall-magnetic-sensor-module-ky-003\/#breadcrumb"},"inLanguage":"sk-SK","potentialAction":[{"@type":"ReadAction","target":["https:\/\/www.onetimenexttime.sk\/arduino\/index.php\/produkt\/hall-magnetic-sensor-module-ky-003\/"]}]},{"@type":"ImageObject","inLanguage":"sk-SK","@id":"https:\/\/www.onetimenexttime.sk\/arduino\/index.php\/produkt\/hall-magnetic-sensor-module-ky-003\/#primaryimage","url":"https:\/\/www.onetimenexttime.sk\/arduino\/wp-content\/uploads\/2021\/11\/17920.jpg","contentUrl":"https:\/\/www.onetimenexttime.sk\/arduino\/wp-content\/uploads\/2021\/11\/17920.jpg","width":490,"height":493},{"@type":"BreadcrumbList","@id":"https:\/\/www.onetimenexttime.sk\/arduino\/index.php\/produkt\/hall-magnetic-sensor-module-ky-003\/#breadcrumb","itemListElement":[{"@type":"ListItem","position":1,"name":"Domov","item":"https:\/\/www.onetimenexttime.sk\/arduino\/"},{"@type":"ListItem","position":2,"name":"Obchod","item":"https:\/\/www.onetimenexttime.sk\/arduino\/"},{"@type":"ListItem","position":3,"name":"KY-024 Linear magnetic Hall sensors"}]},{"@type":"WebSite","@id":"https:\/\/www.onetimenexttime.sk\/arduino\/#website","url":"https:\/\/www.onetimenexttime.sk\/arduino\/","name":"Arduino e-shop","description":"Home Assistant","potentialAction":[{"@type":"SearchAction","target":{"@type":"EntryPoint","urlTemplate":"https:\/\/www.onetimenexttime.sk\/arduino\/?s={search_term_string}"},"query-input":{"@type":"PropertyValueSpecification","valueRequired":true,"valueName":"search_term_string"}}],"inLanguage":"sk-SK"}]}},"_links":{"self":[{"href":"https:\/\/www.onetimenexttime.sk\/arduino\/index.php\/wp-json\/wp\/v2\/product\/1539"}],"collection":[{"href":"https:\/\/www.onetimenexttime.sk\/arduino\/index.php\/wp-json\/wp\/v2\/product"}],"about":[{"href":"https:\/\/www.onetimenexttime.sk\/arduino\/index.php\/wp-json\/wp\/v2\/types\/product"}],"wp:featuredmedia":[{"embeddable":true,"href":"https:\/\/www.onetimenexttime.sk\/arduino\/index.php\/wp-json\/wp\/v2\/media\/1542"}],"wp:attachment":[{"href":"https:\/\/www.onetimenexttime.sk\/arduino\/index.php\/wp-json\/wp\/v2\/media?parent=1539"}],"wp:term":[{"taxonomy":"product_cat","embeddable":true,"href":"https:\/\/www.onetimenexttime.sk\/arduino\/index.php\/wp-json\/wp\/v2\/product_cat?post=1539"},{"taxonomy":"product_tag","embeddable":true,"href":"https:\/\/www.onetimenexttime.sk\/arduino\/index.php\/wp-json\/wp\/v2\/product_tag?post=1539"}],"curies":[{"name":"wp","href":"https:\/\/api.w.org\/{rel}","templated":true}]}}