{"id":1528,"date":"2021-11-17T11:24:49","date_gmt":"2021-11-17T10:24:49","guid":{"rendered":"https:\/\/www.onetimenexttime.sk\/arduino\/?post_type=product&#038;p=1528"},"modified":"2024-02-22T15:55:00","modified_gmt":"2024-02-22T14:55:00","slug":"soil-humidity-sensor-for-arduino-soil-hygrometer-humidity-detection-sensors-module-soil-moisture-diy-kit-board-transducer-3-5-5v","status":"publish","type":"product","link":"https:\/\/www.onetimenexttime.sk\/arduino\/index.php\/produkt\/soil-humidity-sensor-for-arduino-soil-hygrometer-humidity-detection-sensors-module-soil-moisture-diy-kit-board-transducer-3-5-5v\/","title":{"rendered":"Soil Humidity Sensor For Arduino Soil Hygrometer Humidity Detection Sensors Module Soil Moisture DIY Kit Board Transducer 3.5-5V"},"content":{"rendered":"<table>\n<tbody>\n<tr>\n<th style=\"text-align: center;\" colspan=\"2\">Modul sn\u00edma\u010da vlhkosti p\u00f4dy pre Arduino<\/th>\n<\/tr>\n<tr>\n<td style=\"text-align: center;\" colspan=\"2\"><img decoding=\"async\" src=\"soil_humidity_sensor.jpg\" alt=\"Sn\u00edma\u010d vlhkosti p\u00f4dy\" \/><\/td>\n<\/tr>\n<tr>\n<td><strong>Popis:<\/strong><\/td>\n<td>Sn\u00edma\u010d vlhkosti p\u00f4dy pre Arduino je ur\u010den\u00fd na meranie vlhkosti p\u00f4dy v z\u00e1hradn\u00fdch projektov alebo v in\u00fdch aplik\u00e1ci\u00e1ch, kde je potrebn\u00e9 monitorova\u0165 \u00farove\u0148 vlhkosti v p\u00f4de. Tento modul vyu\u017e\u00edva jednoduch\u00fd sn\u00edma\u010d vlhkosti, ktor\u00fd sa prip\u00e1ja k Arduino alebo in\u00e9mu mikrokontrol\u00e9ru a poskytuje digit\u00e1lny sign\u00e1l o aktu\u00e1lnej \u00farovni vlhkosti p\u00f4dy. Je ide\u00e1lny pre dom\u00e1ce z\u00e1hradn\u00edctvo, automatick\u00e9 zavla\u017eovacie syst\u00e9my a v\u00fdskumn\u00e9 projekty zameran\u00e9 na p\u00f4du a rastliny.<\/td>\n<\/tr>\n<tr>\n<td><strong>Vlastnosti:<\/strong><\/td>\n<td>\n<ul>\n<li>Meranie vlhkosti p\u00f4dy s vysokou presnos\u0165ou<\/li>\n<li>Jednoduch\u00e1 integr\u00e1cia s Arduino alebo in\u00fdmi mikrokontrol\u00e9rmi<\/li>\n<li>Podporuje nap\u00e1janie v rozsahu 3.5V a\u017e 5V<\/li>\n<li>Ide\u00e1lny pre dom\u00e1ce z\u00e1hradn\u00edctvo a v\u00fdskumn\u00e9 projekty<\/li>\n<\/ul>\n<\/td>\n<\/tr>\n<tr>\n<td><strong>Parametre:<\/strong><\/td>\n<td>\n<table>\n<tbody>\n<tr>\n<td><strong>Nap\u00e1janie:<\/strong><\/td>\n<td>3.5V &#8211; 5V DC<\/td>\n<\/tr>\n<tr>\n<td><strong>Typ sign\u00e1lu:<\/strong><\/td>\n<td>Digit\u00e1lny<\/td>\n<\/tr>\n<tr>\n<td><strong>Rozsah merania vlhkosti:<\/strong><\/td>\n<td>0 &#8211; 100% RH<\/td>\n<\/tr>\n<tr>\n<td><strong>Presnos\u0165:<\/strong><\/td>\n<td>+\/- 5% RH<\/td>\n<\/tr>\n<tr>\n<td><strong>Rozsah teploty:<\/strong><\/td>\n<td>-10\u00b0C a\u017e 60\u00b0C<\/td>\n<\/tr>\n<tr>\n<td><strong>Rozmery:<\/strong><\/td>\n<td>30mm x 15mm x 8mm<\/td>\n<\/tr>\n<\/tbody>\n<\/table>\n<\/td>\n<\/tr>\n<tr>\n<td><strong>Priklady pou\u017eitia:<\/strong><\/td>\n<td>\n<ol>\n<li>Automatizovan\u00fd zavla\u017eovac\u00ed syst\u00e9m pre z\u00e1hradu<\/li>\n<li>Monitorovanie p\u00f4dnej vlhkosti v r\u00f4znych typoch p\u00f4dy<\/li>\n<li>Vytvorenie inteligentn\u00e9ho syst\u00e9mu zavla\u017eovania pre kvetin\u00e1\u010de<\/li>\n<li>Meranie \u00farovne vlhkosti v p\u00f4de pre po\u013enohospod\u00e1rske aplik\u00e1cie<\/li>\n<\/ol>\n<\/td>\n<\/tr>\n<tr>\n<td><strong>Sample k\u00f3d:<\/strong><\/td>\n<td>\n<pre lang=\"arduino\">int sensorPin = A0; \/\/ Analogov\u00fd pin, na ktorom je pripojen\u00fd sn\u00edma\u010d\r\nint sensorValue = 0; \/\/ Premenn\u00e1 na uchov\u00e1vanie hodnoty sn\u00edma\u010da\r\nvoid setup() {\r\nSerial.begin(9600); \/\/ Spust\u00ed s\u00e9riov\u00fa komunik\u00e1ciu s po\u010d\u00edta\u010dom\r\n}\r\n\r\nvoid loop() {\r\nsensorValue = analogRead(sensorPin); \/\/ Na\u010d\u00edta hodnotu zo sn\u00edma\u010da\r\nSerial.println(sensorValue); \/\/ Vyp\u00ed\u0161e hodnotu na s\u00e9riov\u00fa linku\r\ndelay(1000); \/\/ \u010cak\u00e1 1 sekundu\r\n}\r\n<\/pre>\n<\/td>\n<\/tr>\n<\/tbody>\n<\/table>\n<h2>Senzor p\u00f4dnej vlhkosti pre Arduino p\u00f4dny vlhkomer Senzory na detekciu vlhkosti Modul Soil Moisture Kit Doskov\u00fd prevodn\u00edk 3,5-5V<\/h2>\n<p>&nbsp;<\/p>\n<p><b>\u00a0<\/b>1 Toto je zhrnutie sn\u00edma\u010da vlhkosti, ktor\u00fd mo\u017eno pou\u017ei\u0165 na detekciu vlhkosti p\u00f4dy, ke\u010f je p\u00f4da such\u00e1, modul d\u00e1va vysok\u00fa \u00farove\u0148, zatia\u013e \u010do v\u00fdstup n\u00edzky. Pomocou tohto senzora vytvor\u00edte automatick\u00fd zavla\u017eovac\u00ed syst\u00e9m, aby va\u0161e z\u00e1hradn\u00e9 rastliny potrebovali \u013eud\u00ed, o ktor\u00fdch by sa mali stara\u0165.<\/p>\n<p>2 nastavite\u013en\u00e1 citlivos\u0165 (zobrazen\u00e1 modr\u00fdm nastaven\u00edm digit\u00e1lneho potenciometra)<\/p>\n<p>4 Prev\u00e1dzkov\u00e9 nap\u00e4tie 3,3V-5V<\/p>\n<p>5 modulov\u00fd re\u017eim du\u00e1lneho v\u00fdstupu, jednoduch\u00fd digit\u00e1lny v\u00fdstup, presnej\u0161\u00ed anal\u00f3gov\u00fd v\u00fdstup.<\/p>\n<p>6 s pevn\u00fdm otvorom pre skrutku pre jednoduch\u00fa in\u0161tal\u00e1ciu<\/p>\n<p>7 mal\u00fdch rozmerov dosky plo\u0161n\u00fdch spojov: 3 cm * 1,6 cm<\/p>\n<p>8 indik\u00e1tor nap\u00e1jania (\u010derven\u00fd) a indik\u00e1tor v\u00fdstupu digit\u00e1lneho sp\u00edna\u010da (zelen\u00fd)<\/p>\n<p>9 pomocou porovn\u00e1vacieho \u010dipu LM393, stabiln\u00fd<\/p>\n<p>VCC extern\u00e9 3,3V-5V<br \/>\nGND GND Vonkaj\u0161ie<br \/>\nDigit\u00e1lne v\u00fdstupn\u00e9 rozhrania DO malej dosky ( 0 a 1 )<br \/>\nAnal\u00f3gov\u00e9 v\u00fdstupn\u00e9 rozhranie AO tmalej dosky<br \/>\n<strong>In\u0161trukcie<\/strong><br \/>\nModul p\u00f4dnej vlhkosti a vlhkosti, ktor\u00fd je najcitlivej\u0161\u00ed na prostredie, zvy\u010dajne sa pou\u017e\u00edva na zis\u0165ovanie vlhkosti p\u00f4dy.<br \/>\nModuly v p\u00f4dnej vlhkosti dosiahnu nastaven\u00fa prahov\u00fa hodnotu, v\u00fdstup DO portu vysok\u00fd, ke\u010f vlhkos\u0165 p\u00f4dy prekro\u010d\u00ed nastaven\u00fa prahov\u00fa hodnotu, v\u00fdstup modulu D0 n\u00edzky;<br \/>\nDigit\u00e1lne v\u00fdstupy D0 mal\u00e9 platne m\u00f4\u017eu by\u0165 priamo spojen\u00e9 s mikrokontrol\u00e9rom cez mikrokontrol\u00e9r na detekciu vysokej a n\u00edzkej, \u010d\u00edm sa zis\u0165uje vlhkos\u0165 p\u00f4dy;<br \/>\nDigit\u00e1lny v\u00fdstup mal\u00fdch dosiek DO N\u00c1\u0160 rel\u00e9ov\u00fd modul m\u00f4\u017ee priamo riadi\u0165 modul bzu\u010diaka, ktor\u00fd m\u00f4\u017ee by\u0165 zlo\u017een\u00fd zo zariadenia na signaliz\u00e1ciu vlhkosti p\u00f4dy;<br \/>\nMal\u00e9 dosky AO anal\u00f3gov\u00e9 v\u00fdstupn\u00e9 moduly m\u00f4\u017eu by\u0165 pripojen\u00e9 a AD cez AD prevodn\u00edk, m\u00f4\u017eete z\u00edska\u0165 presnej\u0161iu hodnotu vlhkosti p\u00f4dy;<\/p>\n<p>&nbsp;<\/p>\n<p>&nbsp;<\/p>\n<pre class=\" language-c\"><code class=\" language-c\"><span class=\"token keyword\">int<\/span> rainPin <span class=\"token operator\">=<\/span> A0<span class=\"token punctuation\">;<\/span>\r\n<span class=\"token keyword\">int<\/span> greenLED <span class=\"token operator\">=<\/span> <span class=\"token number\">6<\/span><span class=\"token punctuation\">;<\/span>\r\n<span class=\"token keyword\">int<\/span> redLED <span class=\"token operator\">=<\/span> <span class=\"token number\">7<\/span><span class=\"token punctuation\">;<\/span>\r\n<span class=\"token comment\">\/\/ you can adjust the threshold value<\/span>\r\n<span class=\"token keyword\">int<\/span> thresholdValue <span class=\"token operator\">=<\/span> <span class=\"token number\">800<\/span><span class=\"token punctuation\">;<\/span>\r\n\r\n<span class=\"token keyword\">void<\/span> <span class=\"token function\">setup<\/span><span class=\"token punctuation\">(<\/span><span class=\"token punctuation\">)<\/span><span class=\"token punctuation\">{<\/span>\r\n  <span class=\"token function\">pinMode<\/span><span class=\"token punctuation\">(<\/span>rainPin<span class=\"token punctuation\">,<\/span> INPUT<span class=\"token punctuation\">)<\/span><span class=\"token punctuation\">;<\/span>\r\n  <span class=\"token function\">pinMode<\/span><span class=\"token punctuation\">(<\/span>greenLED<span class=\"token punctuation\">,<\/span> OUTPUT<span class=\"token punctuation\">)<\/span><span class=\"token punctuation\">;<\/span>\r\n  <span class=\"token function\">pinMode<\/span><span class=\"token punctuation\">(<\/span>redLED<span class=\"token punctuation\">,<\/span> OUTPUT<span class=\"token punctuation\">)<\/span><span class=\"token punctuation\">;<\/span>\r\n  <span class=\"token function\">digitalWrite<\/span><span class=\"token punctuation\">(<\/span>greenLED<span class=\"token punctuation\">,<\/span> LOW<span class=\"token punctuation\">)<\/span><span class=\"token punctuation\">;<\/span>\r\n  <span class=\"token function\">digitalWrite<\/span><span class=\"token punctuation\">(<\/span>redLED<span class=\"token punctuation\">,<\/span> LOW<span class=\"token punctuation\">)<\/span><span class=\"token punctuation\">;<\/span>\r\n  Serial<span class=\"token punctuation\">.<\/span><span class=\"token function\">begin<\/span><span class=\"token punctuation\">(<\/span><span class=\"token number\">9600<\/span><span class=\"token punctuation\">)<\/span><span class=\"token punctuation\">;<\/span>\r\n<span class=\"token punctuation\">}<\/span>\r\n\r\n<span class=\"token keyword\">void<\/span> <span class=\"token function\">loop<\/span><span class=\"token punctuation\">(<\/span><span class=\"token punctuation\">)<\/span> <span class=\"token punctuation\">{<\/span>\r\n  <span class=\"token comment\">\/\/ read the input on analog pin 0:<\/span>\r\n  <span class=\"token keyword\">int<\/span> sensorValue <span class=\"token operator\">=<\/span> <span class=\"token function\">analogRead<\/span><span class=\"token punctuation\">(<\/span>rainPin<span class=\"token punctuation\">)<\/span><span class=\"token punctuation\">;<\/span>\r\n  Serial<span class=\"token punctuation\">.<\/span><span class=\"token function\">print<\/span><span class=\"token punctuation\">(<\/span>sensorValue<span class=\"token punctuation\">)<\/span><span class=\"token punctuation\">;<\/span>\r\n  <span class=\"token keyword\">if<\/span><span class=\"token punctuation\">(<\/span>sensorValue <span class=\"token operator\">&lt;<\/span> thresholdValue<span class=\"token punctuation\">)<\/span><span class=\"token punctuation\">{<\/span>\r\n    Serial<span class=\"token punctuation\">.<\/span><span class=\"token function\">println<\/span><span class=\"token punctuation\">(<\/span><span class=\"token string\">\" - Doesn't need watering\"<\/span><span class=\"token punctuation\">)<\/span><span class=\"token punctuation\">;<\/span>\r\n    <span class=\"token function\">digitalWrite<\/span><span class=\"token punctuation\">(<\/span>redLED<span class=\"token punctuation\">,<\/span> LOW<span class=\"token punctuation\">)<\/span><span class=\"token punctuation\">;<\/span>\r\n    <span class=\"token function\">digitalWrite<\/span><span class=\"token punctuation\">(<\/span>greenLED<span class=\"token punctuation\">,<\/span> HIGH<span class=\"token punctuation\">)<\/span><span class=\"token punctuation\">;<\/span>\r\n  <span class=\"token punctuation\">}<\/span>\r\n  <span class=\"token keyword\">else<\/span> <span class=\"token punctuation\">{<\/span>\r\n    Serial<span class=\"token punctuation\">.<\/span><span class=\"token function\">println<\/span><span class=\"token punctuation\">(<\/span><span class=\"token string\">\" - Time to water your plant\"<\/span><span class=\"token punctuation\">)<\/span><span class=\"token punctuation\">;<\/span>\r\n    <span class=\"token function\">digitalWrite<\/span><span class=\"token punctuation\">(<\/span>redLED<span class=\"token punctuation\">,<\/span> HIGH<span class=\"token punctuation\">)<\/span><span class=\"token punctuation\">;<\/span>\r\n    <span class=\"token function\">digitalWrite<\/span><span class=\"token punctuation\">(<\/span>greenLED<span class=\"token punctuation\">,<\/span> LOW<span class=\"token punctuation\">)<\/span><span class=\"token punctuation\">;<\/span>\r\n  <span class=\"token punctuation\">}<\/span>\r\n  <span class=\"token function\">delay<\/span><span class=\"token punctuation\">(<\/span><span class=\"token number\">500<\/span><span class=\"token punctuation\">)<\/span><span class=\"token punctuation\">;<\/span>\r\n<span class=\"token punctuation\">}<\/span><\/code><\/pre>\n","protected":false},"excerpt":{"rendered":"<p>Modul sn\u00edma\u010da vlhkosti p\u00f4dy pre Arduino Popis: Sn\u00edma\u010d vlhkosti p\u00f4dy pre Arduino je ur\u010den\u00fd na meranie vlhkosti p\u00f4dy v z\u00e1hradn\u00fdch&hellip;<\/p>\n","protected":false},"featured_media":1531,"template":"","meta":{"_monsterinsights_skip_tracking":false,"_monsterinsights_sitenote_active":false,"_monsterinsights_sitenote_note":"","_monsterinsights_sitenote_category":0},"product_cat":[16,69,77],"product_tag":[],"class_list":{"0":"post-1528","1":"product","2":"type-product","3":"status-publish","4":"has-post-thumbnail","6":"product_cat-ard","7":"product_cat-sensors","8":"product_cat-voda-sensors","10":"first","11":"instock","12":"shipping-taxable","13":"purchasable","14":"product-type-simple"},"yoast_head":"<!-- This site is optimized with the Yoast SEO plugin v23.6 - https:\/\/yoast.com\/wordpress\/plugins\/seo\/ -->\n<title>Soil Humidity Sensor For Arduino Soil Hygrometer Humidity Detection Sensors Module Soil Moisture DIY Kit Board Transducer 3.5-5V - Arduino e-shop<\/title>\n<meta name=\"robots\" content=\"index, follow, max-snippet:-1, max-image-preview:large, max-video-preview:-1\" \/>\n<link rel=\"canonical\" href=\"https:\/\/www.onetimenexttime.sk\/arduino\/index.php\/produkt\/soil-humidity-sensor-for-arduino-soil-hygrometer-humidity-detection-sensors-module-soil-moisture-diy-kit-board-transducer-3-5-5v\/\" \/>\n<meta property=\"og:locale\" content=\"sk_SK\" \/>\n<meta property=\"og:type\" content=\"article\" \/>\n<meta property=\"og:title\" content=\"Soil Humidity Sensor For Arduino Soil Hygrometer Humidity Detection Sensors Module Soil Moisture DIY Kit Board Transducer 3.5-5V - Arduino e-shop\" \/>\n<meta property=\"og:description\" content=\"Modul sn\u00edma\u010da vlhkosti p\u00f4dy pre Arduino Popis: Sn\u00edma\u010d vlhkosti p\u00f4dy pre Arduino je ur\u010den\u00fd na meranie vlhkosti p\u00f4dy v z\u00e1hradn\u00fdch&hellip;\" \/>\n<meta property=\"og:url\" content=\"https:\/\/www.onetimenexttime.sk\/arduino\/index.php\/produkt\/soil-humidity-sensor-for-arduino-soil-hygrometer-humidity-detection-sensors-module-soil-moisture-diy-kit-board-transducer-3-5-5v\/\" \/>\n<meta property=\"og:site_name\" content=\"Arduino e-shop\" \/>\n<meta property=\"article:modified_time\" content=\"2024-02-22T14:55:00+00:00\" \/>\n<meta property=\"og:image\" content=\"https:\/\/www.onetimenexttime.sk\/arduino\/wp-content\/uploads\/2021\/11\/17908.jpg\" \/>\n\t<meta property=\"og:image:width\" content=\"490\" \/>\n\t<meta property=\"og:image:height\" content=\"493\" \/>\n\t<meta property=\"og:image:type\" content=\"image\/jpeg\" \/>\n<meta name=\"twitter:card\" content=\"summary_large_image\" \/>\n<meta name=\"twitter:label1\" content=\"Predpokladan\u00fd \u010das \u010d\u00edtania\" \/>\n\t<meta name=\"twitter:data1\" content=\"2 min\u00faty\" \/>\n<script type=\"application\/ld+json\" class=\"yoast-schema-graph\">{\"@context\":\"https:\/\/schema.org\",\"@graph\":[{\"@type\":\"WebPage\",\"@id\":\"https:\/\/www.onetimenexttime.sk\/arduino\/index.php\/produkt\/soil-humidity-sensor-for-arduino-soil-hygrometer-humidity-detection-sensors-module-soil-moisture-diy-kit-board-transducer-3-5-5v\/\",\"url\":\"https:\/\/www.onetimenexttime.sk\/arduino\/index.php\/produkt\/soil-humidity-sensor-for-arduino-soil-hygrometer-humidity-detection-sensors-module-soil-moisture-diy-kit-board-transducer-3-5-5v\/\",\"name\":\"Soil Humidity Sensor For Arduino Soil Hygrometer Humidity Detection Sensors Module Soil Moisture DIY Kit Board Transducer 3.5-5V - Arduino e-shop\",\"isPartOf\":{\"@id\":\"https:\/\/www.onetimenexttime.sk\/arduino\/#website\"},\"primaryImageOfPage\":{\"@id\":\"https:\/\/www.onetimenexttime.sk\/arduino\/index.php\/produkt\/soil-humidity-sensor-for-arduino-soil-hygrometer-humidity-detection-sensors-module-soil-moisture-diy-kit-board-transducer-3-5-5v\/#primaryimage\"},\"image\":{\"@id\":\"https:\/\/www.onetimenexttime.sk\/arduino\/index.php\/produkt\/soil-humidity-sensor-for-arduino-soil-hygrometer-humidity-detection-sensors-module-soil-moisture-diy-kit-board-transducer-3-5-5v\/#primaryimage\"},\"thumbnailUrl\":\"https:\/\/www.onetimenexttime.sk\/arduino\/wp-content\/uploads\/2021\/11\/17908.jpg\",\"datePublished\":\"2021-11-17T10:24:49+00:00\",\"dateModified\":\"2024-02-22T14:55:00+00:00\",\"breadcrumb\":{\"@id\":\"https:\/\/www.onetimenexttime.sk\/arduino\/index.php\/produkt\/soil-humidity-sensor-for-arduino-soil-hygrometer-humidity-detection-sensors-module-soil-moisture-diy-kit-board-transducer-3-5-5v\/#breadcrumb\"},\"inLanguage\":\"sk-SK\",\"potentialAction\":[{\"@type\":\"ReadAction\",\"target\":[\"https:\/\/www.onetimenexttime.sk\/arduino\/index.php\/produkt\/soil-humidity-sensor-for-arduino-soil-hygrometer-humidity-detection-sensors-module-soil-moisture-diy-kit-board-transducer-3-5-5v\/\"]}]},{\"@type\":\"ImageObject\",\"inLanguage\":\"sk-SK\",\"@id\":\"https:\/\/www.onetimenexttime.sk\/arduino\/index.php\/produkt\/soil-humidity-sensor-for-arduino-soil-hygrometer-humidity-detection-sensors-module-soil-moisture-diy-kit-board-transducer-3-5-5v\/#primaryimage\",\"url\":\"https:\/\/www.onetimenexttime.sk\/arduino\/wp-content\/uploads\/2021\/11\/17908.jpg\",\"contentUrl\":\"https:\/\/www.onetimenexttime.sk\/arduino\/wp-content\/uploads\/2021\/11\/17908.jpg\",\"width\":490,\"height\":493},{\"@type\":\"BreadcrumbList\",\"@id\":\"https:\/\/www.onetimenexttime.sk\/arduino\/index.php\/produkt\/soil-humidity-sensor-for-arduino-soil-hygrometer-humidity-detection-sensors-module-soil-moisture-diy-kit-board-transducer-3-5-5v\/#breadcrumb\",\"itemListElement\":[{\"@type\":\"ListItem\",\"position\":1,\"name\":\"Domov\",\"item\":\"https:\/\/www.onetimenexttime.sk\/arduino\/\"},{\"@type\":\"ListItem\",\"position\":2,\"name\":\"Obchod\",\"item\":\"https:\/\/www.onetimenexttime.sk\/arduino\/\"},{\"@type\":\"ListItem\",\"position\":3,\"name\":\"Soil Humidity Sensor For Arduino Soil Hygrometer Humidity Detection Sensors Module Soil Moisture DIY Kit Board Transducer 3.5-5V\"}]},{\"@type\":\"WebSite\",\"@id\":\"https:\/\/www.onetimenexttime.sk\/arduino\/#website\",\"url\":\"https:\/\/www.onetimenexttime.sk\/arduino\/\",\"name\":\"Arduino e-shop\",\"description\":\"Home Assistant\",\"potentialAction\":[{\"@type\":\"SearchAction\",\"target\":{\"@type\":\"EntryPoint\",\"urlTemplate\":\"https:\/\/www.onetimenexttime.sk\/arduino\/?s={search_term_string}\"},\"query-input\":{\"@type\":\"PropertyValueSpecification\",\"valueRequired\":true,\"valueName\":\"search_term_string\"}}],\"inLanguage\":\"sk-SK\"}]}<\/script>\n<!-- \/ Yoast SEO plugin. -->","yoast_head_json":{"title":"Soil Humidity Sensor For Arduino Soil Hygrometer Humidity Detection Sensors Module Soil Moisture DIY Kit Board Transducer 3.5-5V - Arduino e-shop","robots":{"index":"index","follow":"follow","max-snippet":"max-snippet:-1","max-image-preview":"max-image-preview:large","max-video-preview":"max-video-preview:-1"},"canonical":"https:\/\/www.onetimenexttime.sk\/arduino\/index.php\/produkt\/soil-humidity-sensor-for-arduino-soil-hygrometer-humidity-detection-sensors-module-soil-moisture-diy-kit-board-transducer-3-5-5v\/","og_locale":"sk_SK","og_type":"article","og_title":"Soil Humidity Sensor For Arduino Soil Hygrometer Humidity Detection Sensors Module Soil Moisture DIY Kit Board Transducer 3.5-5V - Arduino e-shop","og_description":"Modul sn\u00edma\u010da vlhkosti p\u00f4dy pre Arduino Popis: Sn\u00edma\u010d vlhkosti p\u00f4dy pre Arduino je ur\u010den\u00fd na meranie vlhkosti p\u00f4dy v z\u00e1hradn\u00fdch&hellip;","og_url":"https:\/\/www.onetimenexttime.sk\/arduino\/index.php\/produkt\/soil-humidity-sensor-for-arduino-soil-hygrometer-humidity-detection-sensors-module-soil-moisture-diy-kit-board-transducer-3-5-5v\/","og_site_name":"Arduino e-shop","article_modified_time":"2024-02-22T14:55:00+00:00","og_image":[{"width":490,"height":493,"url":"https:\/\/www.onetimenexttime.sk\/arduino\/wp-content\/uploads\/2021\/11\/17908.jpg","type":"image\/jpeg"}],"twitter_card":"summary_large_image","twitter_misc":{"Predpokladan\u00fd \u010das \u010d\u00edtania":"2 min\u00faty"},"schema":{"@context":"https:\/\/schema.org","@graph":[{"@type":"WebPage","@id":"https:\/\/www.onetimenexttime.sk\/arduino\/index.php\/produkt\/soil-humidity-sensor-for-arduino-soil-hygrometer-humidity-detection-sensors-module-soil-moisture-diy-kit-board-transducer-3-5-5v\/","url":"https:\/\/www.onetimenexttime.sk\/arduino\/index.php\/produkt\/soil-humidity-sensor-for-arduino-soil-hygrometer-humidity-detection-sensors-module-soil-moisture-diy-kit-board-transducer-3-5-5v\/","name":"Soil Humidity Sensor For Arduino Soil Hygrometer Humidity Detection Sensors Module Soil Moisture DIY Kit Board Transducer 3.5-5V - Arduino e-shop","isPartOf":{"@id":"https:\/\/www.onetimenexttime.sk\/arduino\/#website"},"primaryImageOfPage":{"@id":"https:\/\/www.onetimenexttime.sk\/arduino\/index.php\/produkt\/soil-humidity-sensor-for-arduino-soil-hygrometer-humidity-detection-sensors-module-soil-moisture-diy-kit-board-transducer-3-5-5v\/#primaryimage"},"image":{"@id":"https:\/\/www.onetimenexttime.sk\/arduino\/index.php\/produkt\/soil-humidity-sensor-for-arduino-soil-hygrometer-humidity-detection-sensors-module-soil-moisture-diy-kit-board-transducer-3-5-5v\/#primaryimage"},"thumbnailUrl":"https:\/\/www.onetimenexttime.sk\/arduino\/wp-content\/uploads\/2021\/11\/17908.jpg","datePublished":"2021-11-17T10:24:49+00:00","dateModified":"2024-02-22T14:55:00+00:00","breadcrumb":{"@id":"https:\/\/www.onetimenexttime.sk\/arduino\/index.php\/produkt\/soil-humidity-sensor-for-arduino-soil-hygrometer-humidity-detection-sensors-module-soil-moisture-diy-kit-board-transducer-3-5-5v\/#breadcrumb"},"inLanguage":"sk-SK","potentialAction":[{"@type":"ReadAction","target":["https:\/\/www.onetimenexttime.sk\/arduino\/index.php\/produkt\/soil-humidity-sensor-for-arduino-soil-hygrometer-humidity-detection-sensors-module-soil-moisture-diy-kit-board-transducer-3-5-5v\/"]}]},{"@type":"ImageObject","inLanguage":"sk-SK","@id":"https:\/\/www.onetimenexttime.sk\/arduino\/index.php\/produkt\/soil-humidity-sensor-for-arduino-soil-hygrometer-humidity-detection-sensors-module-soil-moisture-diy-kit-board-transducer-3-5-5v\/#primaryimage","url":"https:\/\/www.onetimenexttime.sk\/arduino\/wp-content\/uploads\/2021\/11\/17908.jpg","contentUrl":"https:\/\/www.onetimenexttime.sk\/arduino\/wp-content\/uploads\/2021\/11\/17908.jpg","width":490,"height":493},{"@type":"BreadcrumbList","@id":"https:\/\/www.onetimenexttime.sk\/arduino\/index.php\/produkt\/soil-humidity-sensor-for-arduino-soil-hygrometer-humidity-detection-sensors-module-soil-moisture-diy-kit-board-transducer-3-5-5v\/#breadcrumb","itemListElement":[{"@type":"ListItem","position":1,"name":"Domov","item":"https:\/\/www.onetimenexttime.sk\/arduino\/"},{"@type":"ListItem","position":2,"name":"Obchod","item":"https:\/\/www.onetimenexttime.sk\/arduino\/"},{"@type":"ListItem","position":3,"name":"Soil Humidity Sensor For Arduino Soil Hygrometer Humidity Detection Sensors Module Soil Moisture DIY Kit Board Transducer 3.5-5V"}]},{"@type":"WebSite","@id":"https:\/\/www.onetimenexttime.sk\/arduino\/#website","url":"https:\/\/www.onetimenexttime.sk\/arduino\/","name":"Arduino e-shop","description":"Home Assistant","potentialAction":[{"@type":"SearchAction","target":{"@type":"EntryPoint","urlTemplate":"https:\/\/www.onetimenexttime.sk\/arduino\/?s={search_term_string}"},"query-input":{"@type":"PropertyValueSpecification","valueRequired":true,"valueName":"search_term_string"}}],"inLanguage":"sk-SK"}]}},"_links":{"self":[{"href":"https:\/\/www.onetimenexttime.sk\/arduino\/index.php\/wp-json\/wp\/v2\/product\/1528"}],"collection":[{"href":"https:\/\/www.onetimenexttime.sk\/arduino\/index.php\/wp-json\/wp\/v2\/product"}],"about":[{"href":"https:\/\/www.onetimenexttime.sk\/arduino\/index.php\/wp-json\/wp\/v2\/types\/product"}],"wp:featuredmedia":[{"embeddable":true,"href":"https:\/\/www.onetimenexttime.sk\/arduino\/index.php\/wp-json\/wp\/v2\/media\/1531"}],"wp:attachment":[{"href":"https:\/\/www.onetimenexttime.sk\/arduino\/index.php\/wp-json\/wp\/v2\/media?parent=1528"}],"wp:term":[{"taxonomy":"product_cat","embeddable":true,"href":"https:\/\/www.onetimenexttime.sk\/arduino\/index.php\/wp-json\/wp\/v2\/product_cat?post=1528"},{"taxonomy":"product_tag","embeddable":true,"href":"https:\/\/www.onetimenexttime.sk\/arduino\/index.php\/wp-json\/wp\/v2\/product_tag?post=1528"}],"curies":[{"name":"wp","href":"https:\/\/api.w.org\/{rel}","templated":true}]}}